{"id":313,"date":"2021-04-06T19:40:22","date_gmt":"2021-04-06T18:40:22","guid":{"rendered":"https:\/\/zapateneo.net\/wordpress\/?post_type=product&#038;p=313"},"modified":"2023-04-12T16:24:06","modified_gmt":"2023-04-12T15:24:06","slug":"el-miedo-de-daniela","status":"publish","type":"product","link":"https:\/\/zapateneo.net\/wordpress\/index.php\/producto\/el-miedo-de-daniela\/","title":{"rendered":"El miedo de Daniela"},"content":{"rendered":"<p>Por la noche sue\u00f1a y se despierta gritando. Tiene miedo de que su madre se muera. Como tiene tanto miedo, duerme en la cama de la madre y del padre, y un d\u00eda oye que es la madre la que sue\u00f1a y dice \u00abmam\u00e1, mam\u00e1, mam\u00e1\u2026\u00bb. Cuando Daniela lo habla con su padre y con su madre, \u00e9sta descubre que quiz\u00e1 Daniela ha adoptado un miedo que no es suyo, que es de la madre.La mira fijamente y le explica: \u00abla mayor\u00eda de personas mueren cuando se hacen mayores. Mi madre muri\u00f3 joven y yo la echo de menos, pero es mi miedo no el tuyo\u00bb.<\/p>\n<p>El miedo de Daniela forma parte del proyecto Din\u00e1micas contadas: 3 cuentos ilustrados para un p\u00fablico familiar y educativo. Con un lenguaje cercano a los ni\u00f1os, las Din\u00e1micas contadas se convierten en una herramienta que nos permite comunicarnos con los y las ni\u00f1os, las familias y las personas que trabajan con la infancia desde otro espacio, desde otra mirada. Un lenguaje que nos permite entrar en el mundo simb\u00f3lico y al mismo tiempo nos permite generar un espacio y un contexto para compartir aspectos que nos ocupan y preocupan de nuestras vidas.<\/p>\n<p>Laia Panyella i Carbonell va n\u00e9ixer a Madrid el 1977. Mestra, ambient\u00f2loga i Diplomada en Cultura de Pau per la UAB. Formada en Intervenci\u00f3 Sist\u00e8mica en fam\u00edlies, infants i adolescents a l\u2019Institut Gestalt: Pedagogia Sist\u00e8mica i constel\u00b7lacions individuals. La seva passi\u00f3 i respecte per a la inf\u00e0ncia la porta a una llarga traject\u00f2ria professional com a mestra en projectes educatius i a l\u2019escola p\u00fablica, acompanyant fam\u00edlies i equips pedag\u00f2gics. Cofundadora de dos projectes d\u2019Educaci\u00f3 VIVA. Actualment responsable pedag\u00f2gica de l\u2019empresa Troncsijoc (www.troncsijoc.com) i s\u00f2cia-treballadora de Ranura, acompanyament integral a la inf\u00e0ncia, adolesc\u00e8ncia i les fam\u00edlies.<\/p>\n<p>Laura Cort\u00e9s va n\u00e9ixer a Sant Andreu de la Barca l\u2019any 1975. La seva traject\u00f2ria professional comen\u00e7a amb la formaci\u00f3 en magisteri i la seva tasca com a mestra en l\u2019escola p\u00fablica, m\u00e9s tard, de la m\u00e0 d\u2019en Carles Parellada coneix la pedagogia sist\u00e8mica. La incorporaci\u00f3 de la mirada sist\u00e8mica, no nom\u00e9s en l\u2019\u00e0mbit professional sin\u00f3 tamb\u00e9 en l\u2019\u00e0mbit m\u00e9s personal de la Laura fa que m\u00e9s endavant descobreixi el que avui \u00e9s la seva vocaci\u00f3, des de fa 8 anys: les constel\u00b7lacions familiars i sist\u00e8miques. Es defineix com una llavor en creixement i en continua nutrici\u00f3 de l\u2019entorn i, com ella mateixa diu, ha pogut fer de la seva vocaci\u00f3 la seva professi\u00f3. Vegeu www.lauracortes.com.<\/p>\n","protected":false},"excerpt":{"rendered":"<p><strong>Larrea, Aitor<\/strong><br \/>\n9788418580017 &#8211; Pol\u00b7len edicions &#8211; 2021 &#8211; 36 p\u00e1ginas \/orri.<\/p>\n","protected":false},"featured_media":343,"template":"","meta":[],"product_brand":[],"product_cat":[172,16],"product_tag":[276,64],"class_list":{"0":"post-313","1":"product","2":"type-product","3":"status-publish","4":"has-post-thumbnail","6":"product_cat-ipuinak-cuentos","7":"product_cat-libros","8":"product_tag-larrea","9":"product_tag-pol-len","11":"first","12":"instock","13":"sold-individually","14":"shipping-taxable","15":"purchasable","16":"product-type-simple"},"yoast_head":"<!-- This site is optimized with the Yoast SEO plugin v27.3 - https:\/\/yoast.com\/product\/yoast-seo-wordpress\/ -->\n<title>El miedo de Daniela &#8212; Zapateneo<\/title>\n<meta name=\"robots\" content=\"index, follow, max-snippet:-1, max-image-preview:large, max-video-preview:-1\" \/>\n<link rel=\"canonical\" href=\"https:\/\/zapateneo.net\/wordpress\/index.php\/producto\/el-miedo-de-daniela\/\" \/>\n<meta property=\"og:locale\" content=\"es_ES\" \/>\n<meta property=\"og:type\" content=\"article\" \/>\n<meta property=\"og:title\" content=\"El miedo de Daniela &#8212; Zapateneo\" \/>\n<meta property=\"og:description\" content=\"Larrea, Aitor 9788418580017 - Pol\u00b7len edicions - 2021 - 36 p\u00e1ginas \/orri.\" \/>\n<meta property=\"og:url\" content=\"https:\/\/zapateneo.net\/wordpress\/index.php\/producto\/el-miedo-de-daniela\/\" \/>\n<meta property=\"og:site_name\" content=\"Zapateneo\" \/>\n<meta property=\"article:modified_time\" content=\"2023-04-12T15:24:06+00:00\" \/>\n<meta property=\"og:image\" content=\"https:\/\/zapateneo.net\/wordpress\/wp-content\/uploads\/2021\/04\/9788418580017.jpg\" \/>\n\t<meta property=\"og:image:width\" content=\"400\" \/>\n\t<meta property=\"og:image:height\" content=\"378\" \/>\n\t<meta property=\"og:image:type\" content=\"image\/jpeg\" \/>\n<meta name=\"twitter:card\" content=\"summary_large_image\" \/>\n<meta name=\"twitter:site\" content=\"@zapateneo\" \/>\n<meta name=\"twitter:label1\" content=\"Tiempo de lectura\" \/>\n\t<meta name=\"twitter:data1\" content=\"2 minutos\" \/>\n<script type=\"application\/ld+json\" class=\"yoast-schema-graph\">{\"@context\":\"https:\\\/\\\/schema.org\",\"@graph\":[{\"@type\":\"WebPage\",\"@id\":\"https:\\\/\\\/zapateneo.net\\\/wordpress\\\/index.php\\\/producto\\\/el-miedo-de-daniela\\\/\",\"url\":\"https:\\\/\\\/zapateneo.net\\\/wordpress\\\/index.php\\\/producto\\\/el-miedo-de-daniela\\\/\",\"name\":\"El miedo de Daniela &#8212; Zapateneo\",\"isPartOf\":{\"@id\":\"https:\\\/\\\/zapateneo.net\\\/wordpress\\\/#website\"},\"primaryImageOfPage\":{\"@id\":\"https:\\\/\\\/zapateneo.net\\\/wordpress\\\/index.php\\\/producto\\\/el-miedo-de-daniela\\\/#primaryimage\"},\"image\":{\"@id\":\"https:\\\/\\\/zapateneo.net\\\/wordpress\\\/index.php\\\/producto\\\/el-miedo-de-daniela\\\/#primaryimage\"},\"thumbnailUrl\":\"https:\\\/\\\/zapateneo.net\\\/wordpress\\\/wp-content\\\/uploads\\\/2021\\\/04\\\/9788418580017.jpg\",\"datePublished\":\"2021-04-06T18:40:22+00:00\",\"dateModified\":\"2023-04-12T15:24:06+00:00\",\"breadcrumb\":{\"@id\":\"https:\\\/\\\/zapateneo.net\\\/wordpress\\\/index.php\\\/producto\\\/el-miedo-de-daniela\\\/#breadcrumb\"},\"inLanguage\":\"es\",\"potentialAction\":[{\"@type\":\"ReadAction\",\"target\":[\"https:\\\/\\\/zapateneo.net\\\/wordpress\\\/index.php\\\/producto\\\/el-miedo-de-daniela\\\/\"]}]},{\"@type\":\"ImageObject\",\"inLanguage\":\"es\",\"@id\":\"https:\\\/\\\/zapateneo.net\\\/wordpress\\\/index.php\\\/producto\\\/el-miedo-de-daniela\\\/#primaryimage\",\"url\":\"https:\\\/\\\/zapateneo.net\\\/wordpress\\\/wp-content\\\/uploads\\\/2021\\\/04\\\/9788418580017.jpg\",\"contentUrl\":\"https:\\\/\\\/zapateneo.net\\\/wordpress\\\/wp-content\\\/uploads\\\/2021\\\/04\\\/9788418580017.jpg\",\"width\":400,\"height\":378},{\"@type\":\"BreadcrumbList\",\"@id\":\"https:\\\/\\\/zapateneo.net\\\/wordpress\\\/index.php\\\/producto\\\/el-miedo-de-daniela\\\/#breadcrumb\",\"itemListElement\":[{\"@type\":\"ListItem\",\"position\":1,\"name\":\"Portada\",\"item\":\"https:\\\/\\\/zapateneo.net\\\/wordpress\\\/\"},{\"@type\":\"ListItem\",\"position\":2,\"name\":\"Tienda\",\"item\":\"https:\\\/\\\/zapateneo.net\\\/wordpress\\\/\"},{\"@type\":\"ListItem\",\"position\":3,\"name\":\"El miedo de Daniela\"}]},{\"@type\":\"WebSite\",\"@id\":\"https:\\\/\\\/zapateneo.net\\\/wordpress\\\/#website\",\"url\":\"https:\\\/\\\/zapateneo.net\\\/wordpress\\\/\",\"name\":\"Zapateneo\",\"description\":\"Zapateneoaren webgunea\",\"publisher\":{\"@id\":\"https:\\\/\\\/zapateneo.net\\\/wordpress\\\/#organization\"},\"potentialAction\":[{\"@type\":\"SearchAction\",\"target\":{\"@type\":\"EntryPoint\",\"urlTemplate\":\"https:\\\/\\\/zapateneo.net\\\/wordpress\\\/?s={search_term_string}\"},\"query-input\":{\"@type\":\"PropertyValueSpecification\",\"valueRequired\":true,\"valueName\":\"search_term_string\"}}],\"inLanguage\":\"es\"},{\"@type\":\"Organization\",\"@id\":\"https:\\\/\\\/zapateneo.net\\\/wordpress\\\/#organization\",\"name\":\"Zapateneo Kultur Elkartea\",\"url\":\"https:\\\/\\\/zapateneo.net\\\/wordpress\\\/\",\"logo\":{\"@type\":\"ImageObject\",\"inLanguage\":\"es\",\"@id\":\"https:\\\/\\\/zapateneo.net\\\/wordpress\\\/#\\\/schema\\\/logo\\\/image\\\/\",\"url\":\"https:\\\/\\\/zapateneo.net\\\/wordpress\\\/wp-content\\\/uploads\\\/2021\\\/04\\\/zap-libu-kolec.jpg\",\"contentUrl\":\"https:\\\/\\\/zapateneo.net\\\/wordpress\\\/wp-content\\\/uploads\\\/2021\\\/04\\\/zap-libu-kolec.jpg\",\"width\":2234,\"height\":398,\"caption\":\"Zapateneo Kultur Elkartea\"},\"image\":{\"@id\":\"https:\\\/\\\/zapateneo.net\\\/wordpress\\\/#\\\/schema\\\/logo\\\/image\\\/\"},\"sameAs\":[\"https:\\\/\\\/x.com\\\/zapateneo\"]}]}<\/script>\n<!-- \/ Yoast SEO plugin. -->","yoast_head_json":{"title":"El miedo de Daniela &#8212; Zapateneo","robots":{"index":"index","follow":"follow","max-snippet":"max-snippet:-1","max-image-preview":"max-image-preview:large","max-video-preview":"max-video-preview:-1"},"canonical":"https:\/\/zapateneo.net\/wordpress\/index.php\/producto\/el-miedo-de-daniela\/","og_locale":"es_ES","og_type":"article","og_title":"El miedo de Daniela &#8212; Zapateneo","og_description":"Larrea, Aitor 9788418580017 - Pol\u00b7len edicions - 2021 - 36 p\u00e1ginas \/orri.","og_url":"https:\/\/zapateneo.net\/wordpress\/index.php\/producto\/el-miedo-de-daniela\/","og_site_name":"Zapateneo","article_modified_time":"2023-04-12T15:24:06+00:00","og_image":[{"width":400,"height":378,"url":"https:\/\/zapateneo.net\/wordpress\/wp-content\/uploads\/2021\/04\/9788418580017.jpg","type":"image\/jpeg"}],"twitter_card":"summary_large_image","twitter_site":"@zapateneo","twitter_misc":{"Tiempo de lectura":"2 minutos"},"schema":{"@context":"https:\/\/schema.org","@graph":[{"@type":"WebPage","@id":"https:\/\/zapateneo.net\/wordpress\/index.php\/producto\/el-miedo-de-daniela\/","url":"https:\/\/zapateneo.net\/wordpress\/index.php\/producto\/el-miedo-de-daniela\/","name":"El miedo de Daniela &#8212; Zapateneo","isPartOf":{"@id":"https:\/\/zapateneo.net\/wordpress\/#website"},"primaryImageOfPage":{"@id":"https:\/\/zapateneo.net\/wordpress\/index.php\/producto\/el-miedo-de-daniela\/#primaryimage"},"image":{"@id":"https:\/\/zapateneo.net\/wordpress\/index.php\/producto\/el-miedo-de-daniela\/#primaryimage"},"thumbnailUrl":"https:\/\/zapateneo.net\/wordpress\/wp-content\/uploads\/2021\/04\/9788418580017.jpg","datePublished":"2021-04-06T18:40:22+00:00","dateModified":"2023-04-12T15:24:06+00:00","breadcrumb":{"@id":"https:\/\/zapateneo.net\/wordpress\/index.php\/producto\/el-miedo-de-daniela\/#breadcrumb"},"inLanguage":"es","potentialAction":[{"@type":"ReadAction","target":["https:\/\/zapateneo.net\/wordpress\/index.php\/producto\/el-miedo-de-daniela\/"]}]},{"@type":"ImageObject","inLanguage":"es","@id":"https:\/\/zapateneo.net\/wordpress\/index.php\/producto\/el-miedo-de-daniela\/#primaryimage","url":"https:\/\/zapateneo.net\/wordpress\/wp-content\/uploads\/2021\/04\/9788418580017.jpg","contentUrl":"https:\/\/zapateneo.net\/wordpress\/wp-content\/uploads\/2021\/04\/9788418580017.jpg","width":400,"height":378},{"@type":"BreadcrumbList","@id":"https:\/\/zapateneo.net\/wordpress\/index.php\/producto\/el-miedo-de-daniela\/#breadcrumb","itemListElement":[{"@type":"ListItem","position":1,"name":"Portada","item":"https:\/\/zapateneo.net\/wordpress\/"},{"@type":"ListItem","position":2,"name":"Tienda","item":"https:\/\/zapateneo.net\/wordpress\/"},{"@type":"ListItem","position":3,"name":"El miedo de Daniela"}]},{"@type":"WebSite","@id":"https:\/\/zapateneo.net\/wordpress\/#website","url":"https:\/\/zapateneo.net\/wordpress\/","name":"Zapateneo","description":"Zapateneoaren webgunea","publisher":{"@id":"https:\/\/zapateneo.net\/wordpress\/#organization"},"potentialAction":[{"@type":"SearchAction","target":{"@type":"EntryPoint","urlTemplate":"https:\/\/zapateneo.net\/wordpress\/?s={search_term_string}"},"query-input":{"@type":"PropertyValueSpecification","valueRequired":true,"valueName":"search_term_string"}}],"inLanguage":"es"},{"@type":"Organization","@id":"https:\/\/zapateneo.net\/wordpress\/#organization","name":"Zapateneo Kultur Elkartea","url":"https:\/\/zapateneo.net\/wordpress\/","logo":{"@type":"ImageObject","inLanguage":"es","@id":"https:\/\/zapateneo.net\/wordpress\/#\/schema\/logo\/image\/","url":"https:\/\/zapateneo.net\/wordpress\/wp-content\/uploads\/2021\/04\/zap-libu-kolec.jpg","contentUrl":"https:\/\/zapateneo.net\/wordpress\/wp-content\/uploads\/2021\/04\/zap-libu-kolec.jpg","width":2234,"height":398,"caption":"Zapateneo Kultur Elkartea"},"image":{"@id":"https:\/\/zapateneo.net\/wordpress\/#\/schema\/logo\/image\/"},"sameAs":["https:\/\/x.com\/zapateneo"]}]}},"_links":{"self":[{"href":"https:\/\/zapateneo.net\/wordpress\/index.php\/wp-json\/wp\/v2\/product\/313","targetHints":{"allow":["GET"]}}],"collection":[{"href":"https:\/\/zapateneo.net\/wordpress\/index.php\/wp-json\/wp\/v2\/product"}],"about":[{"href":"https:\/\/zapateneo.net\/wordpress\/index.php\/wp-json\/wp\/v2\/types\/product"}],"wp:featuredmedia":[{"embeddable":true,"href":"https:\/\/zapateneo.net\/wordpress\/index.php\/wp-json\/wp\/v2\/media\/343"}],"wp:attachment":[{"href":"https:\/\/zapateneo.net\/wordpress\/index.php\/wp-json\/wp\/v2\/media?parent=313"}],"wp:term":[{"taxonomy":"product_brand","embeddable":true,"href":"https:\/\/zapateneo.net\/wordpress\/index.php\/wp-json\/wp\/v2\/product_brand?post=313"},{"taxonomy":"product_cat","embeddable":true,"href":"https:\/\/zapateneo.net\/wordpress\/index.php\/wp-json\/wp\/v2\/product_cat?post=313"},{"taxonomy":"product_tag","embeddable":true,"href":"https:\/\/zapateneo.net\/wordpress\/index.php\/wp-json\/wp\/v2\/product_tag?post=313"}],"curies":[{"name":"wp","href":"https:\/\/api.w.org\/{rel}","templated":true}]}}