{"id":3117,"date":"2021-04-08T06:53:15","date_gmt":"2021-04-08T05:53:15","guid":{"rendered":"https:\/\/zapateneo.net\/wordpress\/?post_type=product&#038;p=3117"},"modified":"2022-01-05T18:20:51","modified_gmt":"2022-01-05T17:20:51","slug":"el-catastrofismo-administracion-del-desastre-y-sumision-sostenible","status":"publish","type":"product","link":"https:\/\/zapateneo.net\/wordpress\/index.php\/producto\/el-catastrofismo-administracion-del-desastre-y-sumision-sostenible\/","title":{"rendered":"El catastrofismo, administraci\u00f3n del desastre y sumisi\u00f3n sostenible"},"content":{"rendered":"<p>La cat\u00e1strofe no es el porvenir, es nuestro nuevo presente perpetuo. Y es mucho m\u00e1s profunda de lo que parece. Esto es una verdad evidente. No hay que darle m\u00e1s vueltas, para eso ya hay todo un ej\u00e9rcito de expertos en nader\u00edas<br \/>\n(tecnol\u00f3gicas, cient\u00edficas, pol\u00edticas, m\u00e9dicas, ecol\u00f3gicas\u2026 y un sinf\u00edn de otras t\u00e9cnicas de gobernaci\u00f3n) que forman parte \u2014o hacen m\u00e9ritos para formar parte\u2014 de las estructuras de<br \/>\ninoperantes Estados que pelean por ver qui\u00e9n administra m\u00e1s planificadamente la cat\u00e1strofe, por perpetuar el statu quo de algunos, la sant\u00edsima producci\u00f3n y los deseos de vivir sin<br \/>\ntiempo muerto y de gozar sin trabas del ciudadano medio.<br \/>\nSon los preceptos mismos de la sociedad industrial los que nos han llevado a un punto de no retorno. Las teor\u00edas cr\u00edticas \u2014presas de sus m\u00faltiples cadenas ideol\u00f3gicas\u2014 no parecen<br \/>\nacertar en un diagn\u00f3stico que nos permita avanzar. Pocas son las voces l\u00facidas que se alzan en medio del monumental ruido que trata de aturdirnos, pero la Enciclopedia de las<br \/>\nNocividades (Encyclop\u00e9die des Nuisances), en este y en otros textos, aporta muchas reflexiones fundamentales si se quiere pensar el mundo en el momento presente. En este caso, nos ofrece un an\u00e1lisis tan l\u00facido y certero que Catastrofismo, administraci\u00f3n del desastre y sumisi\u00f3n sostenible deber\u00eda ser<br \/>\nun libro de cabecera para todo agitador del pensamiento.<\/p>\n","protected":false},"excerpt":{"rendered":"<p><strong>AAVV<\/strong><br \/>\n9788417386580 &#8211; Pepitas &#8211; 2020 &#8211; 136 p\u00e1ginas \/orri.<\/p>\n","protected":false},"featured_media":3147,"template":"","meta":[],"product_brand":[],"product_cat":[178,16],"product_tag":[47],"class_list":{"0":"post-3117","1":"product","2":"type-product","3":"status-publish","4":"has-post-thumbnail","6":"product_cat-ekonomia-economia","7":"product_cat-libros","8":"product_tag-pepitas-de-calabaza","10":"first","11":"instock","12":"sold-individually","13":"shipping-taxable","14":"purchasable","15":"product-type-simple"},"yoast_head":"<!-- This site is optimized with the Yoast SEO plugin v27.3 - https:\/\/yoast.com\/product\/yoast-seo-wordpress\/ -->\n<title>El catastrofismo, administraci\u00f3n del desastre y sumisi\u00f3n sostenible &#8212; Zapateneo<\/title>\n<meta name=\"robots\" content=\"index, follow, max-snippet:-1, max-image-preview:large, max-video-preview:-1\" \/>\n<link rel=\"canonical\" href=\"https:\/\/zapateneo.net\/wordpress\/index.php\/producto\/el-catastrofismo-administracion-del-desastre-y-sumision-sostenible\/\" \/>\n<meta property=\"og:locale\" content=\"es_ES\" \/>\n<meta property=\"og:type\" content=\"article\" \/>\n<meta property=\"og:title\" content=\"El catastrofismo, administraci\u00f3n del desastre y sumisi\u00f3n sostenible &#8212; Zapateneo\" \/>\n<meta property=\"og:description\" content=\"AAVV 9788417386580 - Pepitas - 2020 - 136 p\u00e1ginas \/orri.\" \/>\n<meta property=\"og:url\" content=\"https:\/\/zapateneo.net\/wordpress\/index.php\/producto\/el-catastrofismo-administracion-del-desastre-y-sumision-sostenible\/\" \/>\n<meta property=\"og:site_name\" content=\"Zapateneo\" \/>\n<meta property=\"article:modified_time\" content=\"2022-01-05T17:20:51+00:00\" \/>\n<meta property=\"og:image\" content=\"https:\/\/zapateneo.net\/wordpress\/wp-content\/uploads\/2021\/04\/9788417386580.jpg\" \/>\n\t<meta property=\"og:image:width\" content=\"120\" \/>\n\t<meta property=\"og:image:height\" content=\"171\" \/>\n\t<meta property=\"og:image:type\" content=\"image\/jpeg\" \/>\n<meta name=\"twitter:card\" content=\"summary_large_image\" \/>\n<meta name=\"twitter:site\" content=\"@zapateneo\" \/>\n<meta name=\"twitter:label1\" content=\"Tiempo de lectura\" \/>\n\t<meta name=\"twitter:data1\" content=\"1 minuto\" \/>\n<script type=\"application\/ld+json\" class=\"yoast-schema-graph\">{\"@context\":\"https:\\\/\\\/schema.org\",\"@graph\":[{\"@type\":\"WebPage\",\"@id\":\"https:\\\/\\\/zapateneo.net\\\/wordpress\\\/index.php\\\/producto\\\/el-catastrofismo-administracion-del-desastre-y-sumision-sostenible\\\/\",\"url\":\"https:\\\/\\\/zapateneo.net\\\/wordpress\\\/index.php\\\/producto\\\/el-catastrofismo-administracion-del-desastre-y-sumision-sostenible\\\/\",\"name\":\"El catastrofismo, administraci\u00f3n del desastre y sumisi\u00f3n sostenible &#8212; Zapateneo\",\"isPartOf\":{\"@id\":\"https:\\\/\\\/zapateneo.net\\\/wordpress\\\/#website\"},\"primaryImageOfPage\":{\"@id\":\"https:\\\/\\\/zapateneo.net\\\/wordpress\\\/index.php\\\/producto\\\/el-catastrofismo-administracion-del-desastre-y-sumision-sostenible\\\/#primaryimage\"},\"image\":{\"@id\":\"https:\\\/\\\/zapateneo.net\\\/wordpress\\\/index.php\\\/producto\\\/el-catastrofismo-administracion-del-desastre-y-sumision-sostenible\\\/#primaryimage\"},\"thumbnailUrl\":\"https:\\\/\\\/zapateneo.net\\\/wordpress\\\/wp-content\\\/uploads\\\/2021\\\/04\\\/9788417386580.jpg\",\"datePublished\":\"2021-04-08T05:53:15+00:00\",\"dateModified\":\"2022-01-05T17:20:51+00:00\",\"breadcrumb\":{\"@id\":\"https:\\\/\\\/zapateneo.net\\\/wordpress\\\/index.php\\\/producto\\\/el-catastrofismo-administracion-del-desastre-y-sumision-sostenible\\\/#breadcrumb\"},\"inLanguage\":\"es\",\"potentialAction\":[{\"@type\":\"ReadAction\",\"target\":[\"https:\\\/\\\/zapateneo.net\\\/wordpress\\\/index.php\\\/producto\\\/el-catastrofismo-administracion-del-desastre-y-sumision-sostenible\\\/\"]}]},{\"@type\":\"ImageObject\",\"inLanguage\":\"es\",\"@id\":\"https:\\\/\\\/zapateneo.net\\\/wordpress\\\/index.php\\\/producto\\\/el-catastrofismo-administracion-del-desastre-y-sumision-sostenible\\\/#primaryimage\",\"url\":\"https:\\\/\\\/zapateneo.net\\\/wordpress\\\/wp-content\\\/uploads\\\/2021\\\/04\\\/9788417386580.jpg\",\"contentUrl\":\"https:\\\/\\\/zapateneo.net\\\/wordpress\\\/wp-content\\\/uploads\\\/2021\\\/04\\\/9788417386580.jpg\",\"width\":120,\"height\":171},{\"@type\":\"BreadcrumbList\",\"@id\":\"https:\\\/\\\/zapateneo.net\\\/wordpress\\\/index.php\\\/producto\\\/el-catastrofismo-administracion-del-desastre-y-sumision-sostenible\\\/#breadcrumb\",\"itemListElement\":[{\"@type\":\"ListItem\",\"position\":1,\"name\":\"Portada\",\"item\":\"https:\\\/\\\/zapateneo.net\\\/wordpress\\\/\"},{\"@type\":\"ListItem\",\"position\":2,\"name\":\"Tienda\",\"item\":\"https:\\\/\\\/zapateneo.net\\\/wordpress\\\/\"},{\"@type\":\"ListItem\",\"position\":3,\"name\":\"El catastrofismo, administraci\u00f3n del desastre y sumisi\u00f3n sostenible\"}]},{\"@type\":\"WebSite\",\"@id\":\"https:\\\/\\\/zapateneo.net\\\/wordpress\\\/#website\",\"url\":\"https:\\\/\\\/zapateneo.net\\\/wordpress\\\/\",\"name\":\"Zapateneo\",\"description\":\"Zapateneoaren webgunea\",\"publisher\":{\"@id\":\"https:\\\/\\\/zapateneo.net\\\/wordpress\\\/#organization\"},\"potentialAction\":[{\"@type\":\"SearchAction\",\"target\":{\"@type\":\"EntryPoint\",\"urlTemplate\":\"https:\\\/\\\/zapateneo.net\\\/wordpress\\\/?s={search_term_string}\"},\"query-input\":{\"@type\":\"PropertyValueSpecification\",\"valueRequired\":true,\"valueName\":\"search_term_string\"}}],\"inLanguage\":\"es\"},{\"@type\":\"Organization\",\"@id\":\"https:\\\/\\\/zapateneo.net\\\/wordpress\\\/#organization\",\"name\":\"Zapateneo Kultur Elkartea\",\"url\":\"https:\\\/\\\/zapateneo.net\\\/wordpress\\\/\",\"logo\":{\"@type\":\"ImageObject\",\"inLanguage\":\"es\",\"@id\":\"https:\\\/\\\/zapateneo.net\\\/wordpress\\\/#\\\/schema\\\/logo\\\/image\\\/\",\"url\":\"https:\\\/\\\/zapateneo.net\\\/wordpress\\\/wp-content\\\/uploads\\\/2021\\\/04\\\/zap-libu-kolec.jpg\",\"contentUrl\":\"https:\\\/\\\/zapateneo.net\\\/wordpress\\\/wp-content\\\/uploads\\\/2021\\\/04\\\/zap-libu-kolec.jpg\",\"width\":2234,\"height\":398,\"caption\":\"Zapateneo Kultur Elkartea\"},\"image\":{\"@id\":\"https:\\\/\\\/zapateneo.net\\\/wordpress\\\/#\\\/schema\\\/logo\\\/image\\\/\"},\"sameAs\":[\"https:\\\/\\\/x.com\\\/zapateneo\"]}]}<\/script>\n<!-- \/ Yoast SEO plugin. -->","yoast_head_json":{"title":"El catastrofismo, administraci\u00f3n del desastre y sumisi\u00f3n sostenible &#8212; Zapateneo","robots":{"index":"index","follow":"follow","max-snippet":"max-snippet:-1","max-image-preview":"max-image-preview:large","max-video-preview":"max-video-preview:-1"},"canonical":"https:\/\/zapateneo.net\/wordpress\/index.php\/producto\/el-catastrofismo-administracion-del-desastre-y-sumision-sostenible\/","og_locale":"es_ES","og_type":"article","og_title":"El catastrofismo, administraci\u00f3n del desastre y sumisi\u00f3n sostenible &#8212; Zapateneo","og_description":"AAVV 9788417386580 - Pepitas - 2020 - 136 p\u00e1ginas \/orri.","og_url":"https:\/\/zapateneo.net\/wordpress\/index.php\/producto\/el-catastrofismo-administracion-del-desastre-y-sumision-sostenible\/","og_site_name":"Zapateneo","article_modified_time":"2022-01-05T17:20:51+00:00","og_image":[{"width":120,"height":171,"url":"https:\/\/zapateneo.net\/wordpress\/wp-content\/uploads\/2021\/04\/9788417386580.jpg","type":"image\/jpeg"}],"twitter_card":"summary_large_image","twitter_site":"@zapateneo","twitter_misc":{"Tiempo de lectura":"1 minuto"},"schema":{"@context":"https:\/\/schema.org","@graph":[{"@type":"WebPage","@id":"https:\/\/zapateneo.net\/wordpress\/index.php\/producto\/el-catastrofismo-administracion-del-desastre-y-sumision-sostenible\/","url":"https:\/\/zapateneo.net\/wordpress\/index.php\/producto\/el-catastrofismo-administracion-del-desastre-y-sumision-sostenible\/","name":"El catastrofismo, administraci\u00f3n del desastre y sumisi\u00f3n sostenible &#8212; Zapateneo","isPartOf":{"@id":"https:\/\/zapateneo.net\/wordpress\/#website"},"primaryImageOfPage":{"@id":"https:\/\/zapateneo.net\/wordpress\/index.php\/producto\/el-catastrofismo-administracion-del-desastre-y-sumision-sostenible\/#primaryimage"},"image":{"@id":"https:\/\/zapateneo.net\/wordpress\/index.php\/producto\/el-catastrofismo-administracion-del-desastre-y-sumision-sostenible\/#primaryimage"},"thumbnailUrl":"https:\/\/zapateneo.net\/wordpress\/wp-content\/uploads\/2021\/04\/9788417386580.jpg","datePublished":"2021-04-08T05:53:15+00:00","dateModified":"2022-01-05T17:20:51+00:00","breadcrumb":{"@id":"https:\/\/zapateneo.net\/wordpress\/index.php\/producto\/el-catastrofismo-administracion-del-desastre-y-sumision-sostenible\/#breadcrumb"},"inLanguage":"es","potentialAction":[{"@type":"ReadAction","target":["https:\/\/zapateneo.net\/wordpress\/index.php\/producto\/el-catastrofismo-administracion-del-desastre-y-sumision-sostenible\/"]}]},{"@type":"ImageObject","inLanguage":"es","@id":"https:\/\/zapateneo.net\/wordpress\/index.php\/producto\/el-catastrofismo-administracion-del-desastre-y-sumision-sostenible\/#primaryimage","url":"https:\/\/zapateneo.net\/wordpress\/wp-content\/uploads\/2021\/04\/9788417386580.jpg","contentUrl":"https:\/\/zapateneo.net\/wordpress\/wp-content\/uploads\/2021\/04\/9788417386580.jpg","width":120,"height":171},{"@type":"BreadcrumbList","@id":"https:\/\/zapateneo.net\/wordpress\/index.php\/producto\/el-catastrofismo-administracion-del-desastre-y-sumision-sostenible\/#breadcrumb","itemListElement":[{"@type":"ListItem","position":1,"name":"Portada","item":"https:\/\/zapateneo.net\/wordpress\/"},{"@type":"ListItem","position":2,"name":"Tienda","item":"https:\/\/zapateneo.net\/wordpress\/"},{"@type":"ListItem","position":3,"name":"El catastrofismo, administraci\u00f3n del desastre y sumisi\u00f3n sostenible"}]},{"@type":"WebSite","@id":"https:\/\/zapateneo.net\/wordpress\/#website","url":"https:\/\/zapateneo.net\/wordpress\/","name":"Zapateneo","description":"Zapateneoaren webgunea","publisher":{"@id":"https:\/\/zapateneo.net\/wordpress\/#organization"},"potentialAction":[{"@type":"SearchAction","target":{"@type":"EntryPoint","urlTemplate":"https:\/\/zapateneo.net\/wordpress\/?s={search_term_string}"},"query-input":{"@type":"PropertyValueSpecification","valueRequired":true,"valueName":"search_term_string"}}],"inLanguage":"es"},{"@type":"Organization","@id":"https:\/\/zapateneo.net\/wordpress\/#organization","name":"Zapateneo Kultur Elkartea","url":"https:\/\/zapateneo.net\/wordpress\/","logo":{"@type":"ImageObject","inLanguage":"es","@id":"https:\/\/zapateneo.net\/wordpress\/#\/schema\/logo\/image\/","url":"https:\/\/zapateneo.net\/wordpress\/wp-content\/uploads\/2021\/04\/zap-libu-kolec.jpg","contentUrl":"https:\/\/zapateneo.net\/wordpress\/wp-content\/uploads\/2021\/04\/zap-libu-kolec.jpg","width":2234,"height":398,"caption":"Zapateneo Kultur Elkartea"},"image":{"@id":"https:\/\/zapateneo.net\/wordpress\/#\/schema\/logo\/image\/"},"sameAs":["https:\/\/x.com\/zapateneo"]}]}},"_links":{"self":[{"href":"https:\/\/zapateneo.net\/wordpress\/index.php\/wp-json\/wp\/v2\/product\/3117","targetHints":{"allow":["GET"]}}],"collection":[{"href":"https:\/\/zapateneo.net\/wordpress\/index.php\/wp-json\/wp\/v2\/product"}],"about":[{"href":"https:\/\/zapateneo.net\/wordpress\/index.php\/wp-json\/wp\/v2\/types\/product"}],"wp:featuredmedia":[{"embeddable":true,"href":"https:\/\/zapateneo.net\/wordpress\/index.php\/wp-json\/wp\/v2\/media\/3147"}],"wp:attachment":[{"href":"https:\/\/zapateneo.net\/wordpress\/index.php\/wp-json\/wp\/v2\/media?parent=3117"}],"wp:term":[{"taxonomy":"product_brand","embeddable":true,"href":"https:\/\/zapateneo.net\/wordpress\/index.php\/wp-json\/wp\/v2\/product_brand?post=3117"},{"taxonomy":"product_cat","embeddable":true,"href":"https:\/\/zapateneo.net\/wordpress\/index.php\/wp-json\/wp\/v2\/product_cat?post=3117"},{"taxonomy":"product_tag","embeddable":true,"href":"https:\/\/zapateneo.net\/wordpress\/index.php\/wp-json\/wp\/v2\/product_tag?post=3117"}],"curies":[{"name":"wp","href":"https:\/\/api.w.org\/{rel}","templated":true}]}}