{"id":3110,"date":"2021-04-08T06:53:13","date_gmt":"2021-04-08T05:53:13","guid":{"rendered":"https:\/\/zapateneo.net\/wordpress\/?post_type=product&#038;p=3110"},"modified":"2023-07-27T14:58:36","modified_gmt":"2023-07-27T13:58:36","slug":"las-amenazas-del-ttip-y-el-ceta","status":"publish","type":"product","link":"https:\/\/zapateneo.net\/wordpress\/index.php\/producto\/las-amenazas-del-ttip-y-el-ceta\/","title":{"rendered":"Las amenazas del TTIP y el CETA"},"content":{"rendered":"<p>\u00bfTe imaginas que te invitan a una partida de cartas en la que, pase lo que pase, siempre pierdes? \u00bfTe imaginas que te ofrecen un trato en el que, pase lo que pase, siempre saldr\u00e1s perjudicada o perjudicado? \u00bfAceptar\u00edas ese trato o jugar esa partida?<\/p>\n<p>La ruleta trucada, el dado tramposo y mil artima\u00f1as m\u00e1s se esconden en los acuerdos comerciales, mal llamados \u201ctratados de libre comercio\u201d, impulsados por EE. UU. y la UE durante las \u00faltimas d\u00e9cadas. Estos acuerdos de nueva generaci\u00f3n son herramientas b\u00e1sicas para la construcci\u00f3n de la nueva\u00a0<a href=\"https:\/\/es.wikipedia.org\/wiki\/Lex_mercatoria\"><em>Lex Mercatoria<\/em><\/a>, que opera como nueva fase del capitalismo salvaje. Su objetivo final es la creaci\u00f3n de un traje a medida para las multinacionales, una coraza capaz de anular los derechos de las mayor\u00edas sociales, subvertir los mecanismos democr\u00e1ticos y poner el derecho al servicio del beneficio de unos pocos, con estructuras e instituciones estatales pleg\u00e1ndose al deseo e inter\u00e9s de estas empresas que ven a las personas como la famosa escena de \u201cEl tercer hombre\u201d: puntitos negros que no pueden invalidar sus potenciales beneficios.<br \/>\nPero se han producido reacciones que generan resistencias en forma de movilizaciones, mociones, declaraciones, protestas y, juntando muchos de aquellos puntitos negros, letras que conforman textos como los que presentamos en este libro. Las autoras y autores de estos textos han analizado de forma cient\u00edfica y rigurosa la repercusi\u00f3n de los acuerdos comerciales, sobre todo el TTIP (EE. UU.-UE) y el CETA (Canad\u00e1-UE), en relaci\u00f3n con diversos aspectos: las relaciones laborales, el medio ambiente, las pymes y los servicios, entre muchos otros.<\/p>\n<p>Una de las mejores muestras de la reacci\u00f3n ciudadana es el texto que se reproduce al final del libro, la \u201c<a href=\"http:\/\/www.noalttip.org\/wp-content\/uploads\/2015\/10\/Declaracio%CC%81-final-amb-esmenes.-CAST.pdf\">Declaraci\u00f3n de Barcelona\u201d<\/a>, un texto firmado por m\u00e1s de 2.000 municipios europeos en el que expresan su oposici\u00f3n a estos acuerdos comerciales.<\/p>\n","protected":false},"excerpt":{"rendered":"<p><strong>Adoraci\u00f3n Guam\u00e1n y Pablo Jim\u00e9nez (Coord.)<\/strong><br \/>\n9788416828050 &#8211; Pol.len &#8211; 2016 &#8211; 387 p\u00e1ginas \/orri.<\/p>\n","protected":false},"featured_media":3140,"template":"","meta":[],"product_brand":[],"product_cat":[178,16],"product_tag":[2220,64],"class_list":{"0":"post-3110","1":"product","2":"type-product","3":"status-publish","4":"has-post-thumbnail","6":"product_cat-ekonomia-economia","7":"product_cat-libros","8":"product_tag-adoracion-guaman-y-pablo-jimenez-coord","9":"product_tag-pol-len","11":"first","12":"outofstock","13":"sold-individually","14":"shipping-taxable","15":"purchasable","16":"product-type-simple"},"yoast_head":"<!-- This site is optimized with the Yoast SEO plugin v27.3 - https:\/\/yoast.com\/product\/yoast-seo-wordpress\/ -->\n<title>Las amenazas del TTIP y el CETA &#8212; Zapateneo<\/title>\n<meta name=\"robots\" content=\"index, follow, max-snippet:-1, max-image-preview:large, max-video-preview:-1\" \/>\n<link rel=\"canonical\" href=\"https:\/\/zapateneo.net\/wordpress\/index.php\/producto\/las-amenazas-del-ttip-y-el-ceta\/\" \/>\n<meta property=\"og:locale\" content=\"es_ES\" \/>\n<meta property=\"og:type\" content=\"article\" \/>\n<meta property=\"og:title\" content=\"Las amenazas del TTIP y el CETA &#8212; Zapateneo\" \/>\n<meta property=\"og:description\" content=\"Adoraci\u00f3n Guam\u00e1n y Pablo Jim\u00e9nez (Coord.) 9788416828050 - Pol.len - 2016 - 387 p\u00e1ginas \/orri.\" \/>\n<meta property=\"og:url\" content=\"https:\/\/zapateneo.net\/wordpress\/index.php\/producto\/las-amenazas-del-ttip-y-el-ceta\/\" \/>\n<meta property=\"og:site_name\" content=\"Zapateneo\" \/>\n<meta property=\"article:modified_time\" content=\"2023-07-27T13:58:36+00:00\" \/>\n<meta property=\"og:image\" content=\"https:\/\/zapateneo.net\/wordpress\/wp-content\/uploads\/2021\/04\/9788416828050.jpg\" \/>\n\t<meta property=\"og:image:width\" content=\"120\" \/>\n\t<meta property=\"og:image:height\" content=\"161\" \/>\n\t<meta property=\"og:image:type\" content=\"image\/jpeg\" \/>\n<meta name=\"twitter:card\" content=\"summary_large_image\" \/>\n<meta name=\"twitter:site\" content=\"@zapateneo\" \/>\n<meta name=\"twitter:label1\" content=\"Tiempo de lectura\" \/>\n\t<meta name=\"twitter:data1\" content=\"2 minutos\" \/>\n<script type=\"application\/ld+json\" class=\"yoast-schema-graph\">{\"@context\":\"https:\\\/\\\/schema.org\",\"@graph\":[{\"@type\":\"WebPage\",\"@id\":\"https:\\\/\\\/zapateneo.net\\\/wordpress\\\/index.php\\\/producto\\\/las-amenazas-del-ttip-y-el-ceta\\\/\",\"url\":\"https:\\\/\\\/zapateneo.net\\\/wordpress\\\/index.php\\\/producto\\\/las-amenazas-del-ttip-y-el-ceta\\\/\",\"name\":\"Las amenazas del TTIP y el CETA &#8212; Zapateneo\",\"isPartOf\":{\"@id\":\"https:\\\/\\\/zapateneo.net\\\/wordpress\\\/#website\"},\"primaryImageOfPage\":{\"@id\":\"https:\\\/\\\/zapateneo.net\\\/wordpress\\\/index.php\\\/producto\\\/las-amenazas-del-ttip-y-el-ceta\\\/#primaryimage\"},\"image\":{\"@id\":\"https:\\\/\\\/zapateneo.net\\\/wordpress\\\/index.php\\\/producto\\\/las-amenazas-del-ttip-y-el-ceta\\\/#primaryimage\"},\"thumbnailUrl\":\"https:\\\/\\\/zapateneo.net\\\/wordpress\\\/wp-content\\\/uploads\\\/2021\\\/04\\\/9788416828050.jpg\",\"datePublished\":\"2021-04-08T05:53:13+00:00\",\"dateModified\":\"2023-07-27T13:58:36+00:00\",\"breadcrumb\":{\"@id\":\"https:\\\/\\\/zapateneo.net\\\/wordpress\\\/index.php\\\/producto\\\/las-amenazas-del-ttip-y-el-ceta\\\/#breadcrumb\"},\"inLanguage\":\"es\",\"potentialAction\":[{\"@type\":\"ReadAction\",\"target\":[\"https:\\\/\\\/zapateneo.net\\\/wordpress\\\/index.php\\\/producto\\\/las-amenazas-del-ttip-y-el-ceta\\\/\"]}]},{\"@type\":\"ImageObject\",\"inLanguage\":\"es\",\"@id\":\"https:\\\/\\\/zapateneo.net\\\/wordpress\\\/index.php\\\/producto\\\/las-amenazas-del-ttip-y-el-ceta\\\/#primaryimage\",\"url\":\"https:\\\/\\\/zapateneo.net\\\/wordpress\\\/wp-content\\\/uploads\\\/2021\\\/04\\\/9788416828050.jpg\",\"contentUrl\":\"https:\\\/\\\/zapateneo.net\\\/wordpress\\\/wp-content\\\/uploads\\\/2021\\\/04\\\/9788416828050.jpg\",\"width\":120,\"height\":161},{\"@type\":\"BreadcrumbList\",\"@id\":\"https:\\\/\\\/zapateneo.net\\\/wordpress\\\/index.php\\\/producto\\\/las-amenazas-del-ttip-y-el-ceta\\\/#breadcrumb\",\"itemListElement\":[{\"@type\":\"ListItem\",\"position\":1,\"name\":\"Portada\",\"item\":\"https:\\\/\\\/zapateneo.net\\\/wordpress\\\/\"},{\"@type\":\"ListItem\",\"position\":2,\"name\":\"Tienda\",\"item\":\"https:\\\/\\\/zapateneo.net\\\/wordpress\\\/\"},{\"@type\":\"ListItem\",\"position\":3,\"name\":\"Las amenazas del TTIP y el CETA\"}]},{\"@type\":\"WebSite\",\"@id\":\"https:\\\/\\\/zapateneo.net\\\/wordpress\\\/#website\",\"url\":\"https:\\\/\\\/zapateneo.net\\\/wordpress\\\/\",\"name\":\"Zapateneo\",\"description\":\"Zapateneoaren webgunea\",\"publisher\":{\"@id\":\"https:\\\/\\\/zapateneo.net\\\/wordpress\\\/#organization\"},\"potentialAction\":[{\"@type\":\"SearchAction\",\"target\":{\"@type\":\"EntryPoint\",\"urlTemplate\":\"https:\\\/\\\/zapateneo.net\\\/wordpress\\\/?s={search_term_string}\"},\"query-input\":{\"@type\":\"PropertyValueSpecification\",\"valueRequired\":true,\"valueName\":\"search_term_string\"}}],\"inLanguage\":\"es\"},{\"@type\":\"Organization\",\"@id\":\"https:\\\/\\\/zapateneo.net\\\/wordpress\\\/#organization\",\"name\":\"Zapateneo Kultur Elkartea\",\"url\":\"https:\\\/\\\/zapateneo.net\\\/wordpress\\\/\",\"logo\":{\"@type\":\"ImageObject\",\"inLanguage\":\"es\",\"@id\":\"https:\\\/\\\/zapateneo.net\\\/wordpress\\\/#\\\/schema\\\/logo\\\/image\\\/\",\"url\":\"https:\\\/\\\/zapateneo.net\\\/wordpress\\\/wp-content\\\/uploads\\\/2021\\\/04\\\/zap-libu-kolec.jpg\",\"contentUrl\":\"https:\\\/\\\/zapateneo.net\\\/wordpress\\\/wp-content\\\/uploads\\\/2021\\\/04\\\/zap-libu-kolec.jpg\",\"width\":2234,\"height\":398,\"caption\":\"Zapateneo Kultur Elkartea\"},\"image\":{\"@id\":\"https:\\\/\\\/zapateneo.net\\\/wordpress\\\/#\\\/schema\\\/logo\\\/image\\\/\"},\"sameAs\":[\"https:\\\/\\\/x.com\\\/zapateneo\"]}]}<\/script>\n<!-- \/ Yoast SEO plugin. -->","yoast_head_json":{"title":"Las amenazas del TTIP y el CETA &#8212; Zapateneo","robots":{"index":"index","follow":"follow","max-snippet":"max-snippet:-1","max-image-preview":"max-image-preview:large","max-video-preview":"max-video-preview:-1"},"canonical":"https:\/\/zapateneo.net\/wordpress\/index.php\/producto\/las-amenazas-del-ttip-y-el-ceta\/","og_locale":"es_ES","og_type":"article","og_title":"Las amenazas del TTIP y el CETA &#8212; Zapateneo","og_description":"Adoraci\u00f3n Guam\u00e1n y Pablo Jim\u00e9nez (Coord.) 9788416828050 - Pol.len - 2016 - 387 p\u00e1ginas \/orri.","og_url":"https:\/\/zapateneo.net\/wordpress\/index.php\/producto\/las-amenazas-del-ttip-y-el-ceta\/","og_site_name":"Zapateneo","article_modified_time":"2023-07-27T13:58:36+00:00","og_image":[{"width":120,"height":161,"url":"https:\/\/zapateneo.net\/wordpress\/wp-content\/uploads\/2021\/04\/9788416828050.jpg","type":"image\/jpeg"}],"twitter_card":"summary_large_image","twitter_site":"@zapateneo","twitter_misc":{"Tiempo de lectura":"2 minutos"},"schema":{"@context":"https:\/\/schema.org","@graph":[{"@type":"WebPage","@id":"https:\/\/zapateneo.net\/wordpress\/index.php\/producto\/las-amenazas-del-ttip-y-el-ceta\/","url":"https:\/\/zapateneo.net\/wordpress\/index.php\/producto\/las-amenazas-del-ttip-y-el-ceta\/","name":"Las amenazas del TTIP y el CETA &#8212; Zapateneo","isPartOf":{"@id":"https:\/\/zapateneo.net\/wordpress\/#website"},"primaryImageOfPage":{"@id":"https:\/\/zapateneo.net\/wordpress\/index.php\/producto\/las-amenazas-del-ttip-y-el-ceta\/#primaryimage"},"image":{"@id":"https:\/\/zapateneo.net\/wordpress\/index.php\/producto\/las-amenazas-del-ttip-y-el-ceta\/#primaryimage"},"thumbnailUrl":"https:\/\/zapateneo.net\/wordpress\/wp-content\/uploads\/2021\/04\/9788416828050.jpg","datePublished":"2021-04-08T05:53:13+00:00","dateModified":"2023-07-27T13:58:36+00:00","breadcrumb":{"@id":"https:\/\/zapateneo.net\/wordpress\/index.php\/producto\/las-amenazas-del-ttip-y-el-ceta\/#breadcrumb"},"inLanguage":"es","potentialAction":[{"@type":"ReadAction","target":["https:\/\/zapateneo.net\/wordpress\/index.php\/producto\/las-amenazas-del-ttip-y-el-ceta\/"]}]},{"@type":"ImageObject","inLanguage":"es","@id":"https:\/\/zapateneo.net\/wordpress\/index.php\/producto\/las-amenazas-del-ttip-y-el-ceta\/#primaryimage","url":"https:\/\/zapateneo.net\/wordpress\/wp-content\/uploads\/2021\/04\/9788416828050.jpg","contentUrl":"https:\/\/zapateneo.net\/wordpress\/wp-content\/uploads\/2021\/04\/9788416828050.jpg","width":120,"height":161},{"@type":"BreadcrumbList","@id":"https:\/\/zapateneo.net\/wordpress\/index.php\/producto\/las-amenazas-del-ttip-y-el-ceta\/#breadcrumb","itemListElement":[{"@type":"ListItem","position":1,"name":"Portada","item":"https:\/\/zapateneo.net\/wordpress\/"},{"@type":"ListItem","position":2,"name":"Tienda","item":"https:\/\/zapateneo.net\/wordpress\/"},{"@type":"ListItem","position":3,"name":"Las amenazas del TTIP y el CETA"}]},{"@type":"WebSite","@id":"https:\/\/zapateneo.net\/wordpress\/#website","url":"https:\/\/zapateneo.net\/wordpress\/","name":"Zapateneo","description":"Zapateneoaren webgunea","publisher":{"@id":"https:\/\/zapateneo.net\/wordpress\/#organization"},"potentialAction":[{"@type":"SearchAction","target":{"@type":"EntryPoint","urlTemplate":"https:\/\/zapateneo.net\/wordpress\/?s={search_term_string}"},"query-input":{"@type":"PropertyValueSpecification","valueRequired":true,"valueName":"search_term_string"}}],"inLanguage":"es"},{"@type":"Organization","@id":"https:\/\/zapateneo.net\/wordpress\/#organization","name":"Zapateneo Kultur Elkartea","url":"https:\/\/zapateneo.net\/wordpress\/","logo":{"@type":"ImageObject","inLanguage":"es","@id":"https:\/\/zapateneo.net\/wordpress\/#\/schema\/logo\/image\/","url":"https:\/\/zapateneo.net\/wordpress\/wp-content\/uploads\/2021\/04\/zap-libu-kolec.jpg","contentUrl":"https:\/\/zapateneo.net\/wordpress\/wp-content\/uploads\/2021\/04\/zap-libu-kolec.jpg","width":2234,"height":398,"caption":"Zapateneo Kultur Elkartea"},"image":{"@id":"https:\/\/zapateneo.net\/wordpress\/#\/schema\/logo\/image\/"},"sameAs":["https:\/\/x.com\/zapateneo"]}]}},"_links":{"self":[{"href":"https:\/\/zapateneo.net\/wordpress\/index.php\/wp-json\/wp\/v2\/product\/3110","targetHints":{"allow":["GET"]}}],"collection":[{"href":"https:\/\/zapateneo.net\/wordpress\/index.php\/wp-json\/wp\/v2\/product"}],"about":[{"href":"https:\/\/zapateneo.net\/wordpress\/index.php\/wp-json\/wp\/v2\/types\/product"}],"wp:featuredmedia":[{"embeddable":true,"href":"https:\/\/zapateneo.net\/wordpress\/index.php\/wp-json\/wp\/v2\/media\/3140"}],"wp:attachment":[{"href":"https:\/\/zapateneo.net\/wordpress\/index.php\/wp-json\/wp\/v2\/media?parent=3110"}],"wp:term":[{"taxonomy":"product_brand","embeddable":true,"href":"https:\/\/zapateneo.net\/wordpress\/index.php\/wp-json\/wp\/v2\/product_brand?post=3110"},{"taxonomy":"product_cat","embeddable":true,"href":"https:\/\/zapateneo.net\/wordpress\/index.php\/wp-json\/wp\/v2\/product_cat?post=3110"},{"taxonomy":"product_tag","embeddable":true,"href":"https:\/\/zapateneo.net\/wordpress\/index.php\/wp-json\/wp\/v2\/product_tag?post=3110"}],"curies":[{"name":"wp","href":"https:\/\/api.w.org\/{rel}","templated":true}]}}