{"id":2937,"date":"2021-04-07T17:21:18","date_gmt":"2021-04-07T16:21:18","guid":{"rendered":"https:\/\/zapateneo.net\/wordpress\/?post_type=product&#038;p=2937"},"modified":"2023-05-18T17:11:58","modified_gmt":"2023-05-18T16:11:58","slug":"los-situacionistas-y-la-anarquia-3","status":"publish","type":"product","link":"https:\/\/zapateneo.net\/wordpress\/index.php\/producto\/los-situacionistas-y-la-anarquia-3\/","title":{"rendered":"LOS SITUACIONISTAS Y LA ANARQUIA"},"content":{"rendered":"<p>Cuarenta a\u00f1os despu\u00e9s del Mayo, a\u00fan es necesario indagar en aquel crucial episodio hist\u00f3rico para poder conocer las claves de c\u00f3mo un malestar patente s\u00f3lo en las vanguardias art\u00edsticas pudo volverse un ruidoso estallido social que sacudiera la faz de Occidente. La juventud como nuevo estrato social destinataria de las promesas del desarrollismo y a su vez de su imposibilidad de ser cumplidas cualitativamente se constitu\u00eda as\u00ed en el recept\u00e1culo de las insatisfacciones que tarde o temprano ten\u00edan que devenir en crisis. Una crisis que desde hac\u00eda un tiempo estaba siendo caracterizada con un nuevo lenguaje y con una certeridad apabullante por parte de una reducida vanguardia autodenominada Internacional Situacionista. Los grupos juveniles \u00e1cratas que emerg\u00edan en este contexto balbuceaban su prop\u00f3sito revolucionario trabando relaciones con l.S. y con otros grupos de la ultraizquierda entre la intolerancia de los cancerberos de una fosilizada ideolog\u00eda anarquista y las torpezas de un sectarismo caracter\u00edstico de aquella \u00e9poca grupuscular que no era privativo de las capillas anarquistas. De hecho, las iniciativas situacionistas de trabar complicidades con otras expresiones radicales tropezaron en m\u00e1s de una ocasi\u00f3n con insalvables prejucios, impidiendo la extensi\u00f3n de unas intenciones revolucionarias que ya formuladas, s\u00f3lo esperaban la instancia de realizaci\u00f3n. \u00abS\u00e9 joven y c\u00e1llate\u00bb (como se recoge en el poster de portada) que podr\u00eda decir igualmente \u00abS\u00e9 negro, o hispano, o mujer y c\u00e1llate\u00bb o en definitiva \u00abS\u00e9 proletario y c\u00e1llate\u00bb ser\u00e1 la sinton\u00eda de un orden econ\u00f3mico, pol\u00edtico y cultural que empuja a un creciente descontento pero tambi\u00e9n el triste estribillo de quienes mayormente velaban por sus respectivas ortodoxias. Miguel Amor\u00f3s a trav\u00e9s del examen de una ingente correspondencia, folletos, publicaciones, ediciones cr\u00edticas, etc., (muchas de ellas in\u00e9ditas hasta la fecha) y de conversaciones con los directos protagonistas nos relata con rigor este \u00e1lgido momento hist\u00f3rico acompa\u00f1ando el recorrido de estos grupos radicales noveles hasta la inminente revuelta del 68, y en el transcurso de los encuentros y desencuentros recogidos en este volumen, realiza una radiograf\u00eda definitiva de la diversidad de enfoques en el complejo universo libertario y de su relaci\u00f3n con los situacionistas en Francia, as\u00ed como en Gran Breta\u00f1a y los listados Unidos. Asimismo a trav\u00e9s de este recorrido podremos comprender no s\u00f3lo la ocasi\u00f3n pol\u00edtica que se gestaba ante aquella ebullici\u00f3n social, sino los conocimientos hist\u00f3ricos, antecedentes ideol\u00f3gicos, debates en curso y organizaciones formales que pod\u00edan recoger el guante de la revuelta.<\/p>\n","protected":false},"excerpt":{"rendered":"<p><strong>AMOROS, MIGUEL<\/strong><br \/>\n9788488455987 &#8211; MUTURREKO BURUTAZIOAK &#8211; 2008 &#8211; 141 p\u00e1ginas \/orri.<\/p>\n","protected":false},"featured_media":2978,"template":"","meta":[],"product_brand":[],"product_cat":[1868,16],"product_tag":[2097,780],"class_list":{"0":"post-2937","1":"product","2":"type-product","3":"status-publish","4":"has-post-thumbnail","6":"product_cat-anarkismoa-anarquismo","7":"product_cat-libros","8":"product_tag-miquel-amoros","9":"product_tag-muturreko-burutazioak","11":"first","12":"outofstock","13":"sold-individually","14":"shipping-taxable","15":"purchasable","16":"product-type-simple"},"yoast_head":"<!-- This site is optimized with the Yoast SEO plugin v27.3 - https:\/\/yoast.com\/product\/yoast-seo-wordpress\/ -->\n<title>LOS SITUACIONISTAS Y LA ANARQUIA &#8212; Zapateneo<\/title>\n<meta name=\"robots\" content=\"index, follow, max-snippet:-1, max-image-preview:large, max-video-preview:-1\" \/>\n<link rel=\"canonical\" href=\"https:\/\/zapateneo.net\/wordpress\/index.php\/producto\/los-situacionistas-y-la-anarquia-3\/\" \/>\n<meta property=\"og:locale\" content=\"es_ES\" \/>\n<meta property=\"og:type\" content=\"article\" \/>\n<meta property=\"og:title\" content=\"LOS SITUACIONISTAS Y LA ANARQUIA &#8212; Zapateneo\" \/>\n<meta property=\"og:description\" content=\"AMOROS, MIGUEL 9788488455987 - MUTURREKO BURUTAZIOAK - 2008 - 141 p\u00e1ginas \/orri.\" \/>\n<meta property=\"og:url\" content=\"https:\/\/zapateneo.net\/wordpress\/index.php\/producto\/los-situacionistas-y-la-anarquia-3\/\" \/>\n<meta property=\"og:site_name\" content=\"Zapateneo\" \/>\n<meta property=\"article:modified_time\" content=\"2023-05-18T16:11:58+00:00\" \/>\n<meta property=\"og:image\" content=\"https:\/\/zapateneo.net\/wordpress\/wp-content\/uploads\/2021\/04\/7254.jpg\" \/>\n\t<meta property=\"og:image:width\" content=\"110\" \/>\n\t<meta property=\"og:image:height\" content=\"169\" \/>\n\t<meta property=\"og:image:type\" content=\"image\/jpeg\" \/>\n<meta name=\"twitter:card\" content=\"summary_large_image\" \/>\n<meta name=\"twitter:site\" content=\"@zapateneo\" \/>\n<meta name=\"twitter:label1\" content=\"Tiempo de lectura\" \/>\n\t<meta name=\"twitter:data1\" content=\"2 minutos\" \/>\n<script type=\"application\/ld+json\" class=\"yoast-schema-graph\">{\"@context\":\"https:\\\/\\\/schema.org\",\"@graph\":[{\"@type\":\"WebPage\",\"@id\":\"https:\\\/\\\/zapateneo.net\\\/wordpress\\\/index.php\\\/producto\\\/los-situacionistas-y-la-anarquia-3\\\/\",\"url\":\"https:\\\/\\\/zapateneo.net\\\/wordpress\\\/index.php\\\/producto\\\/los-situacionistas-y-la-anarquia-3\\\/\",\"name\":\"LOS SITUACIONISTAS Y LA ANARQUIA &#8212; Zapateneo\",\"isPartOf\":{\"@id\":\"https:\\\/\\\/zapateneo.net\\\/wordpress\\\/#website\"},\"primaryImageOfPage\":{\"@id\":\"https:\\\/\\\/zapateneo.net\\\/wordpress\\\/index.php\\\/producto\\\/los-situacionistas-y-la-anarquia-3\\\/#primaryimage\"},\"image\":{\"@id\":\"https:\\\/\\\/zapateneo.net\\\/wordpress\\\/index.php\\\/producto\\\/los-situacionistas-y-la-anarquia-3\\\/#primaryimage\"},\"thumbnailUrl\":\"https:\\\/\\\/zapateneo.net\\\/wordpress\\\/wp-content\\\/uploads\\\/2021\\\/04\\\/7254.jpg\",\"datePublished\":\"2021-04-07T16:21:18+00:00\",\"dateModified\":\"2023-05-18T16:11:58+00:00\",\"breadcrumb\":{\"@id\":\"https:\\\/\\\/zapateneo.net\\\/wordpress\\\/index.php\\\/producto\\\/los-situacionistas-y-la-anarquia-3\\\/#breadcrumb\"},\"inLanguage\":\"es\",\"potentialAction\":[{\"@type\":\"ReadAction\",\"target\":[\"https:\\\/\\\/zapateneo.net\\\/wordpress\\\/index.php\\\/producto\\\/los-situacionistas-y-la-anarquia-3\\\/\"]}]},{\"@type\":\"ImageObject\",\"inLanguage\":\"es\",\"@id\":\"https:\\\/\\\/zapateneo.net\\\/wordpress\\\/index.php\\\/producto\\\/los-situacionistas-y-la-anarquia-3\\\/#primaryimage\",\"url\":\"https:\\\/\\\/zapateneo.net\\\/wordpress\\\/wp-content\\\/uploads\\\/2021\\\/04\\\/7254.jpg\",\"contentUrl\":\"https:\\\/\\\/zapateneo.net\\\/wordpress\\\/wp-content\\\/uploads\\\/2021\\\/04\\\/7254.jpg\",\"width\":110,\"height\":169},{\"@type\":\"BreadcrumbList\",\"@id\":\"https:\\\/\\\/zapateneo.net\\\/wordpress\\\/index.php\\\/producto\\\/los-situacionistas-y-la-anarquia-3\\\/#breadcrumb\",\"itemListElement\":[{\"@type\":\"ListItem\",\"position\":1,\"name\":\"Portada\",\"item\":\"https:\\\/\\\/zapateneo.net\\\/wordpress\\\/\"},{\"@type\":\"ListItem\",\"position\":2,\"name\":\"Tienda\",\"item\":\"https:\\\/\\\/zapateneo.net\\\/wordpress\\\/\"},{\"@type\":\"ListItem\",\"position\":3,\"name\":\"LOS SITUACIONISTAS Y LA ANARQUIA\"}]},{\"@type\":\"WebSite\",\"@id\":\"https:\\\/\\\/zapateneo.net\\\/wordpress\\\/#website\",\"url\":\"https:\\\/\\\/zapateneo.net\\\/wordpress\\\/\",\"name\":\"Zapateneo\",\"description\":\"Zapateneoaren webgunea\",\"publisher\":{\"@id\":\"https:\\\/\\\/zapateneo.net\\\/wordpress\\\/#organization\"},\"potentialAction\":[{\"@type\":\"SearchAction\",\"target\":{\"@type\":\"EntryPoint\",\"urlTemplate\":\"https:\\\/\\\/zapateneo.net\\\/wordpress\\\/?s={search_term_string}\"},\"query-input\":{\"@type\":\"PropertyValueSpecification\",\"valueRequired\":true,\"valueName\":\"search_term_string\"}}],\"inLanguage\":\"es\"},{\"@type\":\"Organization\",\"@id\":\"https:\\\/\\\/zapateneo.net\\\/wordpress\\\/#organization\",\"name\":\"Zapateneo Kultur Elkartea\",\"url\":\"https:\\\/\\\/zapateneo.net\\\/wordpress\\\/\",\"logo\":{\"@type\":\"ImageObject\",\"inLanguage\":\"es\",\"@id\":\"https:\\\/\\\/zapateneo.net\\\/wordpress\\\/#\\\/schema\\\/logo\\\/image\\\/\",\"url\":\"https:\\\/\\\/zapateneo.net\\\/wordpress\\\/wp-content\\\/uploads\\\/2021\\\/04\\\/zap-libu-kolec.jpg\",\"contentUrl\":\"https:\\\/\\\/zapateneo.net\\\/wordpress\\\/wp-content\\\/uploads\\\/2021\\\/04\\\/zap-libu-kolec.jpg\",\"width\":2234,\"height\":398,\"caption\":\"Zapateneo Kultur Elkartea\"},\"image\":{\"@id\":\"https:\\\/\\\/zapateneo.net\\\/wordpress\\\/#\\\/schema\\\/logo\\\/image\\\/\"},\"sameAs\":[\"https:\\\/\\\/x.com\\\/zapateneo\"]}]}<\/script>\n<!-- \/ Yoast SEO plugin. -->","yoast_head_json":{"title":"LOS SITUACIONISTAS Y LA ANARQUIA &#8212; Zapateneo","robots":{"index":"index","follow":"follow","max-snippet":"max-snippet:-1","max-image-preview":"max-image-preview:large","max-video-preview":"max-video-preview:-1"},"canonical":"https:\/\/zapateneo.net\/wordpress\/index.php\/producto\/los-situacionistas-y-la-anarquia-3\/","og_locale":"es_ES","og_type":"article","og_title":"LOS SITUACIONISTAS Y LA ANARQUIA &#8212; Zapateneo","og_description":"AMOROS, MIGUEL 9788488455987 - MUTURREKO BURUTAZIOAK - 2008 - 141 p\u00e1ginas \/orri.","og_url":"https:\/\/zapateneo.net\/wordpress\/index.php\/producto\/los-situacionistas-y-la-anarquia-3\/","og_site_name":"Zapateneo","article_modified_time":"2023-05-18T16:11:58+00:00","og_image":[{"width":110,"height":169,"url":"https:\/\/zapateneo.net\/wordpress\/wp-content\/uploads\/2021\/04\/7254.jpg","type":"image\/jpeg"}],"twitter_card":"summary_large_image","twitter_site":"@zapateneo","twitter_misc":{"Tiempo de lectura":"2 minutos"},"schema":{"@context":"https:\/\/schema.org","@graph":[{"@type":"WebPage","@id":"https:\/\/zapateneo.net\/wordpress\/index.php\/producto\/los-situacionistas-y-la-anarquia-3\/","url":"https:\/\/zapateneo.net\/wordpress\/index.php\/producto\/los-situacionistas-y-la-anarquia-3\/","name":"LOS SITUACIONISTAS Y LA ANARQUIA &#8212; Zapateneo","isPartOf":{"@id":"https:\/\/zapateneo.net\/wordpress\/#website"},"primaryImageOfPage":{"@id":"https:\/\/zapateneo.net\/wordpress\/index.php\/producto\/los-situacionistas-y-la-anarquia-3\/#primaryimage"},"image":{"@id":"https:\/\/zapateneo.net\/wordpress\/index.php\/producto\/los-situacionistas-y-la-anarquia-3\/#primaryimage"},"thumbnailUrl":"https:\/\/zapateneo.net\/wordpress\/wp-content\/uploads\/2021\/04\/7254.jpg","datePublished":"2021-04-07T16:21:18+00:00","dateModified":"2023-05-18T16:11:58+00:00","breadcrumb":{"@id":"https:\/\/zapateneo.net\/wordpress\/index.php\/producto\/los-situacionistas-y-la-anarquia-3\/#breadcrumb"},"inLanguage":"es","potentialAction":[{"@type":"ReadAction","target":["https:\/\/zapateneo.net\/wordpress\/index.php\/producto\/los-situacionistas-y-la-anarquia-3\/"]}]},{"@type":"ImageObject","inLanguage":"es","@id":"https:\/\/zapateneo.net\/wordpress\/index.php\/producto\/los-situacionistas-y-la-anarquia-3\/#primaryimage","url":"https:\/\/zapateneo.net\/wordpress\/wp-content\/uploads\/2021\/04\/7254.jpg","contentUrl":"https:\/\/zapateneo.net\/wordpress\/wp-content\/uploads\/2021\/04\/7254.jpg","width":110,"height":169},{"@type":"BreadcrumbList","@id":"https:\/\/zapateneo.net\/wordpress\/index.php\/producto\/los-situacionistas-y-la-anarquia-3\/#breadcrumb","itemListElement":[{"@type":"ListItem","position":1,"name":"Portada","item":"https:\/\/zapateneo.net\/wordpress\/"},{"@type":"ListItem","position":2,"name":"Tienda","item":"https:\/\/zapateneo.net\/wordpress\/"},{"@type":"ListItem","position":3,"name":"LOS SITUACIONISTAS Y LA ANARQUIA"}]},{"@type":"WebSite","@id":"https:\/\/zapateneo.net\/wordpress\/#website","url":"https:\/\/zapateneo.net\/wordpress\/","name":"Zapateneo","description":"Zapateneoaren webgunea","publisher":{"@id":"https:\/\/zapateneo.net\/wordpress\/#organization"},"potentialAction":[{"@type":"SearchAction","target":{"@type":"EntryPoint","urlTemplate":"https:\/\/zapateneo.net\/wordpress\/?s={search_term_string}"},"query-input":{"@type":"PropertyValueSpecification","valueRequired":true,"valueName":"search_term_string"}}],"inLanguage":"es"},{"@type":"Organization","@id":"https:\/\/zapateneo.net\/wordpress\/#organization","name":"Zapateneo Kultur Elkartea","url":"https:\/\/zapateneo.net\/wordpress\/","logo":{"@type":"ImageObject","inLanguage":"es","@id":"https:\/\/zapateneo.net\/wordpress\/#\/schema\/logo\/image\/","url":"https:\/\/zapateneo.net\/wordpress\/wp-content\/uploads\/2021\/04\/zap-libu-kolec.jpg","contentUrl":"https:\/\/zapateneo.net\/wordpress\/wp-content\/uploads\/2021\/04\/zap-libu-kolec.jpg","width":2234,"height":398,"caption":"Zapateneo Kultur Elkartea"},"image":{"@id":"https:\/\/zapateneo.net\/wordpress\/#\/schema\/logo\/image\/"},"sameAs":["https:\/\/x.com\/zapateneo"]}]}},"_links":{"self":[{"href":"https:\/\/zapateneo.net\/wordpress\/index.php\/wp-json\/wp\/v2\/product\/2937","targetHints":{"allow":["GET"]}}],"collection":[{"href":"https:\/\/zapateneo.net\/wordpress\/index.php\/wp-json\/wp\/v2\/product"}],"about":[{"href":"https:\/\/zapateneo.net\/wordpress\/index.php\/wp-json\/wp\/v2\/types\/product"}],"wp:featuredmedia":[{"embeddable":true,"href":"https:\/\/zapateneo.net\/wordpress\/index.php\/wp-json\/wp\/v2\/media\/2978"}],"wp:attachment":[{"href":"https:\/\/zapateneo.net\/wordpress\/index.php\/wp-json\/wp\/v2\/media?parent=2937"}],"wp:term":[{"taxonomy":"product_brand","embeddable":true,"href":"https:\/\/zapateneo.net\/wordpress\/index.php\/wp-json\/wp\/v2\/product_brand?post=2937"},{"taxonomy":"product_cat","embeddable":true,"href":"https:\/\/zapateneo.net\/wordpress\/index.php\/wp-json\/wp\/v2\/product_cat?post=2937"},{"taxonomy":"product_tag","embeddable":true,"href":"https:\/\/zapateneo.net\/wordpress\/index.php\/wp-json\/wp\/v2\/product_tag?post=2937"}],"curies":[{"name":"wp","href":"https:\/\/api.w.org\/{rel}","templated":true}]}}