{"id":2923,"date":"2021-04-07T17:21:15","date_gmt":"2021-04-07T16:21:15","guid":{"rendered":"https:\/\/zapateneo.net\/wordpress\/?post_type=product&#038;p=2923"},"modified":"2022-12-22T18:37:59","modified_gmt":"2022-12-22T17:37:59","slug":"el-anarquismo-en-la-insurreccion-de-asturias-la-cnt-y-la-fai-en-octubre-de-1934","status":"publish","type":"product","link":"https:\/\/zapateneo.net\/wordpress\/index.php\/producto\/el-anarquismo-en-la-insurreccion-de-asturias-la-cnt-y-la-fai-en-octubre-de-1934\/","title":{"rendered":"El anarquismo en la insurrecci\u00f3n de Asturias: la CNT y la FAI en octubre de 1934"},"content":{"rendered":"<p>El autor del libro fue director de Solidaridad Obrera, peri\u00f3dico de la CNT de Catalu\u00f1a que sigui\u00f3 muy de cerca los sucesos de Asturias. En su af\u00e1n por descubrir las causas de la muerte de Jos\u00e9 Mar\u00eda Mart\u00ednez, se traslada a Gij\u00f3n y se deja detener para ser encarcelado y, de esa manera, poder acceder a Avelino Roces y a Avelino \u00abPich\u00f3n\u00bb, que hab\u00edan compartido refugio con Jos\u00e9 Mar\u00eda Mart\u00ednez en Sotiello.<br \/>\nHace sesenta a\u00f1os de aquella gesta; algunos creer\u00e1n que hace demasiado tiempo, que es mejor que el silencio c\u00f3mplice haga que la memoria se vaya desvaneciendo. Nosotros, por el contrario, pensamos que la memoria no puede ser sustra\u00edda a los pueblos, porque sin ella no son nada. Por eso ofrecemos al lector este fabuloso documento; pare que, cuando nos cuenten La Historia, tengamos elementos de memoria para poner entre par\u00e9ntesis su cuento. Si el lector atento se olvida por un momento de la fecha en que fue escrito este libro y sabe cambiar adecuadamente siglas y nombres encontrar\u00e1 que de ese ejercicio parad\u00f3jico resulta un an\u00e1lisis de tremenda actualidad.<br \/>\nNo se queda Villar en el mero relato de los hechos, sino que los trasciende, puni\u00e9ndolos en relaci\u00f3n con otros sucesos. Analiza el papel<br \/>\nque pudo haber jugado el Pa\u00eds Vasco, cu\u00e1l era la situaci\u00f3n en Catalu\u00f1a, etc. Destaca, por tanto, un af\u00e1n did\u00e1ctico en esta obra; explicar, analizar, sacar conclusiones, esa es siempre la tarea&#8230;<\/p>\n<p>&nbsp;<\/p>\n<p>Estudio preliminar y notas de <strong>Emilio J. Garc\u00eda Wiedemann y Juan Antonio Moya Corral<\/strong><\/p>\n","protected":false},"excerpt":{"rendered":"<p><strong>Villar, Manuel<\/strong><br \/>\n9788486864156 &#8211; Fundaci\u00f3n Anselmo Lorenzo &#8211; 1994 &#8211; 208 p\u00e1ginas \/orri.<\/p>\n","protected":false},"featured_media":2953,"template":"","meta":[],"product_brand":[],"product_cat":[1868,16],"product_tag":[561,2119],"class_list":{"0":"post-2923","1":"product","2":"type-product","3":"status-publish","4":"has-post-thumbnail","6":"product_cat-anarkismoa-anarquismo","7":"product_cat-libros","8":"product_tag-fundacion-anselmo-lorenzo","9":"product_tag-villar","11":"first","12":"onbackorder","13":"sold-individually","14":"shipping-taxable","15":"purchasable","16":"product-type-simple"},"yoast_head":"<!-- This site is optimized with the Yoast SEO plugin v27.3 - https:\/\/yoast.com\/product\/yoast-seo-wordpress\/ -->\n<title>El anarquismo en la insurrecci\u00f3n de Asturias: la CNT y la FAI en octubre de 1934 &#8212; Zapateneo<\/title>\n<meta name=\"robots\" content=\"index, follow, max-snippet:-1, max-image-preview:large, max-video-preview:-1\" \/>\n<link rel=\"canonical\" href=\"https:\/\/zapateneo.net\/wordpress\/index.php\/producto\/el-anarquismo-en-la-insurreccion-de-asturias-la-cnt-y-la-fai-en-octubre-de-1934\/\" \/>\n<meta property=\"og:locale\" content=\"es_ES\" \/>\n<meta property=\"og:type\" content=\"article\" \/>\n<meta property=\"og:title\" content=\"El anarquismo en la insurrecci\u00f3n de Asturias: la CNT y la FAI en octubre de 1934 &#8212; Zapateneo\" \/>\n<meta property=\"og:description\" content=\"Villar, Manuel 9788486864156 - Fundaci\u00f3n Anselmo Lorenzo - 1994 - 208 p\u00e1ginas \/orri.\" \/>\n<meta property=\"og:url\" content=\"https:\/\/zapateneo.net\/wordpress\/index.php\/producto\/el-anarquismo-en-la-insurreccion-de-asturias-la-cnt-y-la-fai-en-octubre-de-1934\/\" \/>\n<meta property=\"og:site_name\" content=\"Zapateneo\" \/>\n<meta property=\"article:modified_time\" content=\"2022-12-22T17:37:59+00:00\" \/>\n<meta property=\"og:image\" content=\"https:\/\/zapateneo.net\/wordpress\/wp-content\/uploads\/2021\/04\/7820.png\" \/>\n\t<meta property=\"og:image:width\" content=\"111\" \/>\n\t<meta property=\"og:image:height\" content=\"168\" \/>\n\t<meta property=\"og:image:type\" content=\"image\/png\" \/>\n<meta name=\"twitter:card\" content=\"summary_large_image\" \/>\n<meta name=\"twitter:site\" content=\"@zapateneo\" \/>\n<meta name=\"twitter:label1\" content=\"Tiempo de lectura\" \/>\n\t<meta name=\"twitter:data1\" content=\"1 minuto\" \/>\n<script type=\"application\/ld+json\" class=\"yoast-schema-graph\">{\"@context\":\"https:\\\/\\\/schema.org\",\"@graph\":[{\"@type\":\"WebPage\",\"@id\":\"https:\\\/\\\/zapateneo.net\\\/wordpress\\\/index.php\\\/producto\\\/el-anarquismo-en-la-insurreccion-de-asturias-la-cnt-y-la-fai-en-octubre-de-1934\\\/\",\"url\":\"https:\\\/\\\/zapateneo.net\\\/wordpress\\\/index.php\\\/producto\\\/el-anarquismo-en-la-insurreccion-de-asturias-la-cnt-y-la-fai-en-octubre-de-1934\\\/\",\"name\":\"El anarquismo en la insurrecci\u00f3n de Asturias: la CNT y la FAI en octubre de 1934 &#8212; Zapateneo\",\"isPartOf\":{\"@id\":\"https:\\\/\\\/zapateneo.net\\\/wordpress\\\/#website\"},\"primaryImageOfPage\":{\"@id\":\"https:\\\/\\\/zapateneo.net\\\/wordpress\\\/index.php\\\/producto\\\/el-anarquismo-en-la-insurreccion-de-asturias-la-cnt-y-la-fai-en-octubre-de-1934\\\/#primaryimage\"},\"image\":{\"@id\":\"https:\\\/\\\/zapateneo.net\\\/wordpress\\\/index.php\\\/producto\\\/el-anarquismo-en-la-insurreccion-de-asturias-la-cnt-y-la-fai-en-octubre-de-1934\\\/#primaryimage\"},\"thumbnailUrl\":\"https:\\\/\\\/zapateneo.net\\\/wordpress\\\/wp-content\\\/uploads\\\/2021\\\/04\\\/7820.png\",\"datePublished\":\"2021-04-07T16:21:15+00:00\",\"dateModified\":\"2022-12-22T17:37:59+00:00\",\"breadcrumb\":{\"@id\":\"https:\\\/\\\/zapateneo.net\\\/wordpress\\\/index.php\\\/producto\\\/el-anarquismo-en-la-insurreccion-de-asturias-la-cnt-y-la-fai-en-octubre-de-1934\\\/#breadcrumb\"},\"inLanguage\":\"es\",\"potentialAction\":[{\"@type\":\"ReadAction\",\"target\":[\"https:\\\/\\\/zapateneo.net\\\/wordpress\\\/index.php\\\/producto\\\/el-anarquismo-en-la-insurreccion-de-asturias-la-cnt-y-la-fai-en-octubre-de-1934\\\/\"]}]},{\"@type\":\"ImageObject\",\"inLanguage\":\"es\",\"@id\":\"https:\\\/\\\/zapateneo.net\\\/wordpress\\\/index.php\\\/producto\\\/el-anarquismo-en-la-insurreccion-de-asturias-la-cnt-y-la-fai-en-octubre-de-1934\\\/#primaryimage\",\"url\":\"https:\\\/\\\/zapateneo.net\\\/wordpress\\\/wp-content\\\/uploads\\\/2021\\\/04\\\/7820.png\",\"contentUrl\":\"https:\\\/\\\/zapateneo.net\\\/wordpress\\\/wp-content\\\/uploads\\\/2021\\\/04\\\/7820.png\",\"width\":111,\"height\":168},{\"@type\":\"BreadcrumbList\",\"@id\":\"https:\\\/\\\/zapateneo.net\\\/wordpress\\\/index.php\\\/producto\\\/el-anarquismo-en-la-insurreccion-de-asturias-la-cnt-y-la-fai-en-octubre-de-1934\\\/#breadcrumb\",\"itemListElement\":[{\"@type\":\"ListItem\",\"position\":1,\"name\":\"Portada\",\"item\":\"https:\\\/\\\/zapateneo.net\\\/wordpress\\\/\"},{\"@type\":\"ListItem\",\"position\":2,\"name\":\"Tienda\",\"item\":\"https:\\\/\\\/zapateneo.net\\\/wordpress\\\/\"},{\"@type\":\"ListItem\",\"position\":3,\"name\":\"El anarquismo en la insurrecci\u00f3n de Asturias: la CNT y la FAI en octubre de 1934\"}]},{\"@type\":\"WebSite\",\"@id\":\"https:\\\/\\\/zapateneo.net\\\/wordpress\\\/#website\",\"url\":\"https:\\\/\\\/zapateneo.net\\\/wordpress\\\/\",\"name\":\"Zapateneo\",\"description\":\"Zapateneoaren webgunea\",\"publisher\":{\"@id\":\"https:\\\/\\\/zapateneo.net\\\/wordpress\\\/#organization\"},\"potentialAction\":[{\"@type\":\"SearchAction\",\"target\":{\"@type\":\"EntryPoint\",\"urlTemplate\":\"https:\\\/\\\/zapateneo.net\\\/wordpress\\\/?s={search_term_string}\"},\"query-input\":{\"@type\":\"PropertyValueSpecification\",\"valueRequired\":true,\"valueName\":\"search_term_string\"}}],\"inLanguage\":\"es\"},{\"@type\":\"Organization\",\"@id\":\"https:\\\/\\\/zapateneo.net\\\/wordpress\\\/#organization\",\"name\":\"Zapateneo Kultur Elkartea\",\"url\":\"https:\\\/\\\/zapateneo.net\\\/wordpress\\\/\",\"logo\":{\"@type\":\"ImageObject\",\"inLanguage\":\"es\",\"@id\":\"https:\\\/\\\/zapateneo.net\\\/wordpress\\\/#\\\/schema\\\/logo\\\/image\\\/\",\"url\":\"https:\\\/\\\/zapateneo.net\\\/wordpress\\\/wp-content\\\/uploads\\\/2021\\\/04\\\/zap-libu-kolec.jpg\",\"contentUrl\":\"https:\\\/\\\/zapateneo.net\\\/wordpress\\\/wp-content\\\/uploads\\\/2021\\\/04\\\/zap-libu-kolec.jpg\",\"width\":2234,\"height\":398,\"caption\":\"Zapateneo Kultur Elkartea\"},\"image\":{\"@id\":\"https:\\\/\\\/zapateneo.net\\\/wordpress\\\/#\\\/schema\\\/logo\\\/image\\\/\"},\"sameAs\":[\"https:\\\/\\\/x.com\\\/zapateneo\"]}]}<\/script>\n<!-- \/ Yoast SEO plugin. -->","yoast_head_json":{"title":"El anarquismo en la insurrecci\u00f3n de Asturias: la CNT y la FAI en octubre de 1934 &#8212; Zapateneo","robots":{"index":"index","follow":"follow","max-snippet":"max-snippet:-1","max-image-preview":"max-image-preview:large","max-video-preview":"max-video-preview:-1"},"canonical":"https:\/\/zapateneo.net\/wordpress\/index.php\/producto\/el-anarquismo-en-la-insurreccion-de-asturias-la-cnt-y-la-fai-en-octubre-de-1934\/","og_locale":"es_ES","og_type":"article","og_title":"El anarquismo en la insurrecci\u00f3n de Asturias: la CNT y la FAI en octubre de 1934 &#8212; Zapateneo","og_description":"Villar, Manuel 9788486864156 - Fundaci\u00f3n Anselmo Lorenzo - 1994 - 208 p\u00e1ginas \/orri.","og_url":"https:\/\/zapateneo.net\/wordpress\/index.php\/producto\/el-anarquismo-en-la-insurreccion-de-asturias-la-cnt-y-la-fai-en-octubre-de-1934\/","og_site_name":"Zapateneo","article_modified_time":"2022-12-22T17:37:59+00:00","og_image":[{"width":111,"height":168,"url":"https:\/\/zapateneo.net\/wordpress\/wp-content\/uploads\/2021\/04\/7820.png","type":"image\/png"}],"twitter_card":"summary_large_image","twitter_site":"@zapateneo","twitter_misc":{"Tiempo de lectura":"1 minuto"},"schema":{"@context":"https:\/\/schema.org","@graph":[{"@type":"WebPage","@id":"https:\/\/zapateneo.net\/wordpress\/index.php\/producto\/el-anarquismo-en-la-insurreccion-de-asturias-la-cnt-y-la-fai-en-octubre-de-1934\/","url":"https:\/\/zapateneo.net\/wordpress\/index.php\/producto\/el-anarquismo-en-la-insurreccion-de-asturias-la-cnt-y-la-fai-en-octubre-de-1934\/","name":"El anarquismo en la insurrecci\u00f3n de Asturias: la CNT y la FAI en octubre de 1934 &#8212; Zapateneo","isPartOf":{"@id":"https:\/\/zapateneo.net\/wordpress\/#website"},"primaryImageOfPage":{"@id":"https:\/\/zapateneo.net\/wordpress\/index.php\/producto\/el-anarquismo-en-la-insurreccion-de-asturias-la-cnt-y-la-fai-en-octubre-de-1934\/#primaryimage"},"image":{"@id":"https:\/\/zapateneo.net\/wordpress\/index.php\/producto\/el-anarquismo-en-la-insurreccion-de-asturias-la-cnt-y-la-fai-en-octubre-de-1934\/#primaryimage"},"thumbnailUrl":"https:\/\/zapateneo.net\/wordpress\/wp-content\/uploads\/2021\/04\/7820.png","datePublished":"2021-04-07T16:21:15+00:00","dateModified":"2022-12-22T17:37:59+00:00","breadcrumb":{"@id":"https:\/\/zapateneo.net\/wordpress\/index.php\/producto\/el-anarquismo-en-la-insurreccion-de-asturias-la-cnt-y-la-fai-en-octubre-de-1934\/#breadcrumb"},"inLanguage":"es","potentialAction":[{"@type":"ReadAction","target":["https:\/\/zapateneo.net\/wordpress\/index.php\/producto\/el-anarquismo-en-la-insurreccion-de-asturias-la-cnt-y-la-fai-en-octubre-de-1934\/"]}]},{"@type":"ImageObject","inLanguage":"es","@id":"https:\/\/zapateneo.net\/wordpress\/index.php\/producto\/el-anarquismo-en-la-insurreccion-de-asturias-la-cnt-y-la-fai-en-octubre-de-1934\/#primaryimage","url":"https:\/\/zapateneo.net\/wordpress\/wp-content\/uploads\/2021\/04\/7820.png","contentUrl":"https:\/\/zapateneo.net\/wordpress\/wp-content\/uploads\/2021\/04\/7820.png","width":111,"height":168},{"@type":"BreadcrumbList","@id":"https:\/\/zapateneo.net\/wordpress\/index.php\/producto\/el-anarquismo-en-la-insurreccion-de-asturias-la-cnt-y-la-fai-en-octubre-de-1934\/#breadcrumb","itemListElement":[{"@type":"ListItem","position":1,"name":"Portada","item":"https:\/\/zapateneo.net\/wordpress\/"},{"@type":"ListItem","position":2,"name":"Tienda","item":"https:\/\/zapateneo.net\/wordpress\/"},{"@type":"ListItem","position":3,"name":"El anarquismo en la insurrecci\u00f3n de Asturias: la CNT y la FAI en octubre de 1934"}]},{"@type":"WebSite","@id":"https:\/\/zapateneo.net\/wordpress\/#website","url":"https:\/\/zapateneo.net\/wordpress\/","name":"Zapateneo","description":"Zapateneoaren webgunea","publisher":{"@id":"https:\/\/zapateneo.net\/wordpress\/#organization"},"potentialAction":[{"@type":"SearchAction","target":{"@type":"EntryPoint","urlTemplate":"https:\/\/zapateneo.net\/wordpress\/?s={search_term_string}"},"query-input":{"@type":"PropertyValueSpecification","valueRequired":true,"valueName":"search_term_string"}}],"inLanguage":"es"},{"@type":"Organization","@id":"https:\/\/zapateneo.net\/wordpress\/#organization","name":"Zapateneo Kultur Elkartea","url":"https:\/\/zapateneo.net\/wordpress\/","logo":{"@type":"ImageObject","inLanguage":"es","@id":"https:\/\/zapateneo.net\/wordpress\/#\/schema\/logo\/image\/","url":"https:\/\/zapateneo.net\/wordpress\/wp-content\/uploads\/2021\/04\/zap-libu-kolec.jpg","contentUrl":"https:\/\/zapateneo.net\/wordpress\/wp-content\/uploads\/2021\/04\/zap-libu-kolec.jpg","width":2234,"height":398,"caption":"Zapateneo Kultur Elkartea"},"image":{"@id":"https:\/\/zapateneo.net\/wordpress\/#\/schema\/logo\/image\/"},"sameAs":["https:\/\/x.com\/zapateneo"]}]}},"_links":{"self":[{"href":"https:\/\/zapateneo.net\/wordpress\/index.php\/wp-json\/wp\/v2\/product\/2923","targetHints":{"allow":["GET"]}}],"collection":[{"href":"https:\/\/zapateneo.net\/wordpress\/index.php\/wp-json\/wp\/v2\/product"}],"about":[{"href":"https:\/\/zapateneo.net\/wordpress\/index.php\/wp-json\/wp\/v2\/types\/product"}],"wp:featuredmedia":[{"embeddable":true,"href":"https:\/\/zapateneo.net\/wordpress\/index.php\/wp-json\/wp\/v2\/media\/2953"}],"wp:attachment":[{"href":"https:\/\/zapateneo.net\/wordpress\/index.php\/wp-json\/wp\/v2\/media?parent=2923"}],"wp:term":[{"taxonomy":"product_brand","embeddable":true,"href":"https:\/\/zapateneo.net\/wordpress\/index.php\/wp-json\/wp\/v2\/product_brand?post=2923"},{"taxonomy":"product_cat","embeddable":true,"href":"https:\/\/zapateneo.net\/wordpress\/index.php\/wp-json\/wp\/v2\/product_cat?post=2923"},{"taxonomy":"product_tag","embeddable":true,"href":"https:\/\/zapateneo.net\/wordpress\/index.php\/wp-json\/wp\/v2\/product_tag?post=2923"}],"curies":[{"name":"wp","href":"https:\/\/api.w.org\/{rel}","templated":true}]}}