{"id":2846,"date":"2021-04-07T16:42:53","date_gmt":"2021-04-07T15:42:53","guid":{"rendered":"https:\/\/zapateneo.net\/wordpress\/?post_type=product&#038;p=2846"},"modified":"2021-04-07T16:43:31","modified_gmt":"2021-04-07T15:43:31","slug":"obras-completas-tomo-i-estatismo-y-anarquia","status":"publish","type":"product","link":"https:\/\/zapateneo.net\/wordpress\/index.php\/producto\/obras-completas-tomo-i-estatismo-y-anarquia\/","title":{"rendered":"Obras completas. Tomo I: estatismo y anarquia"},"content":{"rendered":"<p>Reedici\u00f3n de un cl\u00e1sico imperecedero. Todos los tomos de las obras han sido coordinados por Frank Mintz. La introducci\u00f3n de Miguel Amor\u00f3s.<br \/>\n\u0093En 1938 sal\u00edan de la mano de la Editorial \u0093Tierra y Libertad\u0094 6 tomos de las \u0093Obras Completas\u0094 de Mijail Bakunin, interrumpidas por el alzamiento fascista y su tr\u00e1gico triunfo. En 1977, el a\u00f1o de las primeras elecciones de la nueva democracia y de la eclosi\u00f3n del Punk, empezaron a ser editadas tanto en la editorial \u0093J\u00facar\u0094 como en la editorial \u0093La Piqueta\u0094 los 5 primeros tomos de la edici\u00f3n de \u0093TyL\u0094. 80 a\u00f1os despu\u00e9s, nos ponemos en marcha para editar, en una primera tanda, los 8 primeros tomos de las \u0093Obras Completas\u0094, gracias sin ning\u00fan lugar a dudas, a la inestimable labor de Frank Mintz. Cuando se ve cada d\u00eda c\u00f3mo se contradicen, se equivocan, mienten, etc, los dirigentes de los gobiernos, de los partidos pol\u00edticos, ateos, capitalistas y anticapitalistas, antiparlamentarios que se pasan al parlamento, marxistas y religiosos, verdes y ecologistas variopintos. Cuando se a\u00f1ade a esa banda de sinverg\u00fcenzas la serie de \u0093accidentes\u0094 por no respetar a nuestra Madre Tierra, la seguridad de las infraestructuras, por faltar recursos b\u00e1sicos y elementales, y los problemas de cat\u00e1strofes \u0093naturales\u0094 por el desequilibrio producido por bombas nucleares, destrucciones de montes, deforestaciones, pesticidas, etc. Cuando nos preguntamos por qu\u00e9, c\u00f3mo y hasta cu\u00e1ndo vamos a aguantar estas cat\u00e1strofes, encontrar a Bakunin, empaparse de sus an\u00e1lisis, es un aliciente, una br\u00fajula para la rabia que se desborda. Y \u0093Estatismo y anarqu\u00eda\u0094 es un texto clarividente, precursor para captar las causas econ\u00f3micas y psicol\u00f3gicas de tanta sed por el poder, por tomarse por el mes\u00edas, por fingir ser un emancipador, en personajes que viven sin admitir que traicionan sus ideales, a sus compa\u00f1eros.\u0094 .<br \/>\n\u0093[\u0085] el patriarcado es un mal sobre todo hist\u00f3rico, pero, por desgracia, muy fuerte en el pueblo, en contra del cual tenemos que luchar con todas nuestras fuerzas\u0094.<br \/>\n\u0093Abolici\u00f3n de todos los Estados, destrucci\u00f3n de la civilizaci\u00f3n burguesa, libre organizaci\u00f3n de abajo arriba por medio de las asociaciones libres, organizaci\u00f3n del proletariado libre, de toda la humanidad liberada, creaci\u00f3n de un nuevo mundo\u0094.<\/p>\n","protected":false},"excerpt":{"rendered":"<p><strong>Mijail Bakunin<\/strong><br \/>\n9788469799185 &#8211; Imperdible &#8211; 2018 &#8211; 301 p\u00e1ginas \/orri.<\/p>\n","protected":false},"featured_media":2893,"template":"","meta":[],"product_brand":[],"product_cat":[1868,16],"product_tag":[2035,2081],"class_list":{"0":"post-2846","1":"product","2":"type-product","3":"status-publish","4":"has-post-thumbnail","6":"product_cat-anarkismoa-anarquismo","7":"product_cat-libros","8":"product_tag-imperdible","9":"product_tag-mijail-bakunin","11":"first","12":"instock","13":"sold-individually","14":"shipping-taxable","15":"purchasable","16":"product-type-simple"},"yoast_head":"<!-- This site is optimized with the Yoast SEO plugin v27.3 - https:\/\/yoast.com\/product\/yoast-seo-wordpress\/ -->\n<title>Obras completas. Tomo I: estatismo y anarquia &#8212; Zapateneo<\/title>\n<meta name=\"robots\" content=\"index, follow, max-snippet:-1, max-image-preview:large, max-video-preview:-1\" \/>\n<link rel=\"canonical\" href=\"https:\/\/zapateneo.net\/wordpress\/index.php\/producto\/obras-completas-tomo-i-estatismo-y-anarquia\/\" \/>\n<meta property=\"og:locale\" content=\"es_ES\" \/>\n<meta property=\"og:type\" content=\"article\" \/>\n<meta property=\"og:title\" content=\"Obras completas. Tomo I: estatismo y anarquia &#8212; Zapateneo\" \/>\n<meta property=\"og:description\" content=\"Mijail Bakunin 9788469799185 - Imperdible - 2018 - 301 p\u00e1ginas \/orri.\" \/>\n<meta property=\"og:url\" content=\"https:\/\/zapateneo.net\/wordpress\/index.php\/producto\/obras-completas-tomo-i-estatismo-y-anarquia\/\" \/>\n<meta property=\"og:site_name\" content=\"Zapateneo\" \/>\n<meta property=\"article:modified_time\" content=\"2021-04-07T15:43:31+00:00\" \/>\n<meta property=\"og:image\" content=\"https:\/\/zapateneo.net\/wordpress\/wp-content\/uploads\/2021\/04\/obras-completas-1-bakunin.jpg\" \/>\n\t<meta property=\"og:image:width\" content=\"299\" \/>\n\t<meta property=\"og:image:height\" content=\"400\" \/>\n\t<meta property=\"og:image:type\" content=\"image\/jpeg\" \/>\n<meta name=\"twitter:card\" content=\"summary_large_image\" \/>\n<meta name=\"twitter:site\" content=\"@zapateneo\" \/>\n<meta name=\"twitter:label1\" content=\"Tiempo de lectura\" \/>\n\t<meta name=\"twitter:data1\" content=\"2 minutos\" \/>\n<script type=\"application\/ld+json\" class=\"yoast-schema-graph\">{\"@context\":\"https:\\\/\\\/schema.org\",\"@graph\":[{\"@type\":\"WebPage\",\"@id\":\"https:\\\/\\\/zapateneo.net\\\/wordpress\\\/index.php\\\/producto\\\/obras-completas-tomo-i-estatismo-y-anarquia\\\/\",\"url\":\"https:\\\/\\\/zapateneo.net\\\/wordpress\\\/index.php\\\/producto\\\/obras-completas-tomo-i-estatismo-y-anarquia\\\/\",\"name\":\"Obras completas. Tomo I: estatismo y anarquia &#8212; Zapateneo\",\"isPartOf\":{\"@id\":\"https:\\\/\\\/zapateneo.net\\\/wordpress\\\/#website\"},\"primaryImageOfPage\":{\"@id\":\"https:\\\/\\\/zapateneo.net\\\/wordpress\\\/index.php\\\/producto\\\/obras-completas-tomo-i-estatismo-y-anarquia\\\/#primaryimage\"},\"image\":{\"@id\":\"https:\\\/\\\/zapateneo.net\\\/wordpress\\\/index.php\\\/producto\\\/obras-completas-tomo-i-estatismo-y-anarquia\\\/#primaryimage\"},\"thumbnailUrl\":\"https:\\\/\\\/zapateneo.net\\\/wordpress\\\/wp-content\\\/uploads\\\/2021\\\/04\\\/obras-completas-1-bakunin.jpg\",\"datePublished\":\"2021-04-07T15:42:53+00:00\",\"dateModified\":\"2021-04-07T15:43:31+00:00\",\"breadcrumb\":{\"@id\":\"https:\\\/\\\/zapateneo.net\\\/wordpress\\\/index.php\\\/producto\\\/obras-completas-tomo-i-estatismo-y-anarquia\\\/#breadcrumb\"},\"inLanguage\":\"es\",\"potentialAction\":[{\"@type\":\"ReadAction\",\"target\":[\"https:\\\/\\\/zapateneo.net\\\/wordpress\\\/index.php\\\/producto\\\/obras-completas-tomo-i-estatismo-y-anarquia\\\/\"]}]},{\"@type\":\"ImageObject\",\"inLanguage\":\"es\",\"@id\":\"https:\\\/\\\/zapateneo.net\\\/wordpress\\\/index.php\\\/producto\\\/obras-completas-tomo-i-estatismo-y-anarquia\\\/#primaryimage\",\"url\":\"https:\\\/\\\/zapateneo.net\\\/wordpress\\\/wp-content\\\/uploads\\\/2021\\\/04\\\/obras-completas-1-bakunin.jpg\",\"contentUrl\":\"https:\\\/\\\/zapateneo.net\\\/wordpress\\\/wp-content\\\/uploads\\\/2021\\\/04\\\/obras-completas-1-bakunin.jpg\",\"width\":299,\"height\":400},{\"@type\":\"BreadcrumbList\",\"@id\":\"https:\\\/\\\/zapateneo.net\\\/wordpress\\\/index.php\\\/producto\\\/obras-completas-tomo-i-estatismo-y-anarquia\\\/#breadcrumb\",\"itemListElement\":[{\"@type\":\"ListItem\",\"position\":1,\"name\":\"Portada\",\"item\":\"https:\\\/\\\/zapateneo.net\\\/wordpress\\\/\"},{\"@type\":\"ListItem\",\"position\":2,\"name\":\"Tienda\",\"item\":\"https:\\\/\\\/zapateneo.net\\\/wordpress\\\/\"},{\"@type\":\"ListItem\",\"position\":3,\"name\":\"Obras completas. Tomo I: estatismo y anarquia\"}]},{\"@type\":\"WebSite\",\"@id\":\"https:\\\/\\\/zapateneo.net\\\/wordpress\\\/#website\",\"url\":\"https:\\\/\\\/zapateneo.net\\\/wordpress\\\/\",\"name\":\"Zapateneo\",\"description\":\"Zapateneoaren webgunea\",\"publisher\":{\"@id\":\"https:\\\/\\\/zapateneo.net\\\/wordpress\\\/#organization\"},\"potentialAction\":[{\"@type\":\"SearchAction\",\"target\":{\"@type\":\"EntryPoint\",\"urlTemplate\":\"https:\\\/\\\/zapateneo.net\\\/wordpress\\\/?s={search_term_string}\"},\"query-input\":{\"@type\":\"PropertyValueSpecification\",\"valueRequired\":true,\"valueName\":\"search_term_string\"}}],\"inLanguage\":\"es\"},{\"@type\":\"Organization\",\"@id\":\"https:\\\/\\\/zapateneo.net\\\/wordpress\\\/#organization\",\"name\":\"Zapateneo Kultur Elkartea\",\"url\":\"https:\\\/\\\/zapateneo.net\\\/wordpress\\\/\",\"logo\":{\"@type\":\"ImageObject\",\"inLanguage\":\"es\",\"@id\":\"https:\\\/\\\/zapateneo.net\\\/wordpress\\\/#\\\/schema\\\/logo\\\/image\\\/\",\"url\":\"https:\\\/\\\/zapateneo.net\\\/wordpress\\\/wp-content\\\/uploads\\\/2021\\\/04\\\/zap-libu-kolec.jpg\",\"contentUrl\":\"https:\\\/\\\/zapateneo.net\\\/wordpress\\\/wp-content\\\/uploads\\\/2021\\\/04\\\/zap-libu-kolec.jpg\",\"width\":2234,\"height\":398,\"caption\":\"Zapateneo Kultur Elkartea\"},\"image\":{\"@id\":\"https:\\\/\\\/zapateneo.net\\\/wordpress\\\/#\\\/schema\\\/logo\\\/image\\\/\"},\"sameAs\":[\"https:\\\/\\\/x.com\\\/zapateneo\"]}]}<\/script>\n<!-- \/ Yoast SEO plugin. -->","yoast_head_json":{"title":"Obras completas. Tomo I: estatismo y anarquia &#8212; Zapateneo","robots":{"index":"index","follow":"follow","max-snippet":"max-snippet:-1","max-image-preview":"max-image-preview:large","max-video-preview":"max-video-preview:-1"},"canonical":"https:\/\/zapateneo.net\/wordpress\/index.php\/producto\/obras-completas-tomo-i-estatismo-y-anarquia\/","og_locale":"es_ES","og_type":"article","og_title":"Obras completas. Tomo I: estatismo y anarquia &#8212; Zapateneo","og_description":"Mijail Bakunin 9788469799185 - Imperdible - 2018 - 301 p\u00e1ginas \/orri.","og_url":"https:\/\/zapateneo.net\/wordpress\/index.php\/producto\/obras-completas-tomo-i-estatismo-y-anarquia\/","og_site_name":"Zapateneo","article_modified_time":"2021-04-07T15:43:31+00:00","og_image":[{"width":299,"height":400,"url":"https:\/\/zapateneo.net\/wordpress\/wp-content\/uploads\/2021\/04\/obras-completas-1-bakunin.jpg","type":"image\/jpeg"}],"twitter_card":"summary_large_image","twitter_site":"@zapateneo","twitter_misc":{"Tiempo de lectura":"2 minutos"},"schema":{"@context":"https:\/\/schema.org","@graph":[{"@type":"WebPage","@id":"https:\/\/zapateneo.net\/wordpress\/index.php\/producto\/obras-completas-tomo-i-estatismo-y-anarquia\/","url":"https:\/\/zapateneo.net\/wordpress\/index.php\/producto\/obras-completas-tomo-i-estatismo-y-anarquia\/","name":"Obras completas. Tomo I: estatismo y anarquia &#8212; Zapateneo","isPartOf":{"@id":"https:\/\/zapateneo.net\/wordpress\/#website"},"primaryImageOfPage":{"@id":"https:\/\/zapateneo.net\/wordpress\/index.php\/producto\/obras-completas-tomo-i-estatismo-y-anarquia\/#primaryimage"},"image":{"@id":"https:\/\/zapateneo.net\/wordpress\/index.php\/producto\/obras-completas-tomo-i-estatismo-y-anarquia\/#primaryimage"},"thumbnailUrl":"https:\/\/zapateneo.net\/wordpress\/wp-content\/uploads\/2021\/04\/obras-completas-1-bakunin.jpg","datePublished":"2021-04-07T15:42:53+00:00","dateModified":"2021-04-07T15:43:31+00:00","breadcrumb":{"@id":"https:\/\/zapateneo.net\/wordpress\/index.php\/producto\/obras-completas-tomo-i-estatismo-y-anarquia\/#breadcrumb"},"inLanguage":"es","potentialAction":[{"@type":"ReadAction","target":["https:\/\/zapateneo.net\/wordpress\/index.php\/producto\/obras-completas-tomo-i-estatismo-y-anarquia\/"]}]},{"@type":"ImageObject","inLanguage":"es","@id":"https:\/\/zapateneo.net\/wordpress\/index.php\/producto\/obras-completas-tomo-i-estatismo-y-anarquia\/#primaryimage","url":"https:\/\/zapateneo.net\/wordpress\/wp-content\/uploads\/2021\/04\/obras-completas-1-bakunin.jpg","contentUrl":"https:\/\/zapateneo.net\/wordpress\/wp-content\/uploads\/2021\/04\/obras-completas-1-bakunin.jpg","width":299,"height":400},{"@type":"BreadcrumbList","@id":"https:\/\/zapateneo.net\/wordpress\/index.php\/producto\/obras-completas-tomo-i-estatismo-y-anarquia\/#breadcrumb","itemListElement":[{"@type":"ListItem","position":1,"name":"Portada","item":"https:\/\/zapateneo.net\/wordpress\/"},{"@type":"ListItem","position":2,"name":"Tienda","item":"https:\/\/zapateneo.net\/wordpress\/"},{"@type":"ListItem","position":3,"name":"Obras completas. Tomo I: estatismo y anarquia"}]},{"@type":"WebSite","@id":"https:\/\/zapateneo.net\/wordpress\/#website","url":"https:\/\/zapateneo.net\/wordpress\/","name":"Zapateneo","description":"Zapateneoaren webgunea","publisher":{"@id":"https:\/\/zapateneo.net\/wordpress\/#organization"},"potentialAction":[{"@type":"SearchAction","target":{"@type":"EntryPoint","urlTemplate":"https:\/\/zapateneo.net\/wordpress\/?s={search_term_string}"},"query-input":{"@type":"PropertyValueSpecification","valueRequired":true,"valueName":"search_term_string"}}],"inLanguage":"es"},{"@type":"Organization","@id":"https:\/\/zapateneo.net\/wordpress\/#organization","name":"Zapateneo Kultur Elkartea","url":"https:\/\/zapateneo.net\/wordpress\/","logo":{"@type":"ImageObject","inLanguage":"es","@id":"https:\/\/zapateneo.net\/wordpress\/#\/schema\/logo\/image\/","url":"https:\/\/zapateneo.net\/wordpress\/wp-content\/uploads\/2021\/04\/zap-libu-kolec.jpg","contentUrl":"https:\/\/zapateneo.net\/wordpress\/wp-content\/uploads\/2021\/04\/zap-libu-kolec.jpg","width":2234,"height":398,"caption":"Zapateneo Kultur Elkartea"},"image":{"@id":"https:\/\/zapateneo.net\/wordpress\/#\/schema\/logo\/image\/"},"sameAs":["https:\/\/x.com\/zapateneo"]}]}},"_links":{"self":[{"href":"https:\/\/zapateneo.net\/wordpress\/index.php\/wp-json\/wp\/v2\/product\/2846","targetHints":{"allow":["GET"]}}],"collection":[{"href":"https:\/\/zapateneo.net\/wordpress\/index.php\/wp-json\/wp\/v2\/product"}],"about":[{"href":"https:\/\/zapateneo.net\/wordpress\/index.php\/wp-json\/wp\/v2\/types\/product"}],"wp:featuredmedia":[{"embeddable":true,"href":"https:\/\/zapateneo.net\/wordpress\/index.php\/wp-json\/wp\/v2\/media\/2893"}],"wp:attachment":[{"href":"https:\/\/zapateneo.net\/wordpress\/index.php\/wp-json\/wp\/v2\/media?parent=2846"}],"wp:term":[{"taxonomy":"product_brand","embeddable":true,"href":"https:\/\/zapateneo.net\/wordpress\/index.php\/wp-json\/wp\/v2\/product_brand?post=2846"},{"taxonomy":"product_cat","embeddable":true,"href":"https:\/\/zapateneo.net\/wordpress\/index.php\/wp-json\/wp\/v2\/product_cat?post=2846"},{"taxonomy":"product_tag","embeddable":true,"href":"https:\/\/zapateneo.net\/wordpress\/index.php\/wp-json\/wp\/v2\/product_tag?post=2846"}],"curies":[{"name":"wp","href":"https:\/\/api.w.org\/{rel}","templated":true}]}}