{"id":2796,"date":"2021-04-07T16:42:24","date_gmt":"2021-04-07T15:42:24","guid":{"rendered":"https:\/\/zapateneo.net\/wordpress\/?post_type=product&#038;p=2796"},"modified":"2023-04-11T19:28:28","modified_gmt":"2023-04-11T18:28:28","slug":"los-vicios-no-son-crimenes-una-vindicacion-de-la-libertad-moral","status":"publish","type":"product","link":"https:\/\/zapateneo.net\/wordpress\/index.php\/producto\/los-vicios-no-son-crimenes-una-vindicacion-de-la-libertad-moral\/","title":{"rendered":"Los vicios no son cri\u0301menes. Una vindicacio\u0301n de la libertad moral"},"content":{"rendered":"<p>El texto del que hablamos probablemente sea uno de los ensayos pol\u00edticos m\u00e1s importantes de cara a comprender la vastedad del movimiento libertario de los Estados Unidos. Ya pol\u00e9mico en su tiempo, Los vicios no son cr\u00edmenes es una de las obras capitales de Lysander Spooner (1808-1887), jurista y pensador, ac\u00e9rrimo enemigo del sistema esclavista y f\u00e9rreamente opuesto a toda clase de injerencia gubernamental.<\/p>\n<p>Imbuido de un esp\u00edritu humanista innegable, el ensayo Los vicios no son cr\u00edmenes supone una defensa ciertamente razonada de la soberan\u00eda individual. En ese sentido, el texto plantea la necesidad de articular un modelo de sociedad donde, por un lado, se respete la libertad inalienable de cada persona y, por otro, se persiga sin denuedo cualquier conducta criminal que, por tanto, atente contra la vida, el bienestar o la seguridad de un tercero.<\/p>\n","protected":false},"excerpt":{"rendered":"<p><strong>Lysander Spooner<\/strong><br \/>\n2020070400061 &#8211; Piedra Papel Libros &#8211; 2014 &#8211; 68 p\u00e1ginas \/orri.<\/p>\n","protected":false},"featured_media":2825,"template":"","meta":[],"product_brand":[],"product_cat":[1868,16],"product_tag":[2052,6042],"class_list":{"0":"post-2796","1":"product","2":"type-product","3":"status-publish","4":"has-post-thumbnail","6":"product_cat-anarkismoa-anarquismo","7":"product_cat-libros","8":"product_tag-lysander-spooner","9":"product_tag-piedra-papel-libros","11":"first","12":"instock","13":"sold-individually","14":"shipping-taxable","15":"purchasable","16":"product-type-simple"},"yoast_head":"<!-- This site is optimized with the Yoast SEO plugin v27.3 - https:\/\/yoast.com\/product\/yoast-seo-wordpress\/ -->\n<title>Los vicios no son cri\u0301menes. Una vindicacio\u0301n de la libertad moral &#8212; Zapateneo<\/title>\n<meta name=\"robots\" content=\"index, follow, max-snippet:-1, max-image-preview:large, max-video-preview:-1\" \/>\n<link rel=\"canonical\" href=\"https:\/\/zapateneo.net\/wordpress\/index.php\/producto\/los-vicios-no-son-crimenes-una-vindicacion-de-la-libertad-moral\/\" \/>\n<meta property=\"og:locale\" content=\"es_ES\" \/>\n<meta property=\"og:type\" content=\"article\" \/>\n<meta property=\"og:title\" content=\"Los vicios no son cri\u0301menes. Una vindicacio\u0301n de la libertad moral &#8212; Zapateneo\" \/>\n<meta property=\"og:description\" content=\"Lysander Spooner 2020070400061 - Piedra Papel Libros - 2014 - 68 p\u00e1ginas \/orri.\" \/>\n<meta property=\"og:url\" content=\"https:\/\/zapateneo.net\/wordpress\/index.php\/producto\/los-vicios-no-son-crimenes-una-vindicacion-de-la-libertad-moral\/\" \/>\n<meta property=\"og:site_name\" content=\"Zapateneo\" \/>\n<meta property=\"article:modified_time\" content=\"2023-04-11T18:28:28+00:00\" \/>\n<meta property=\"og:image\" content=\"https:\/\/zapateneo.net\/wordpress\/wp-content\/uploads\/2021\/04\/captura_de_pantalla_2020-07-04_a_las_102718.png\" \/>\n\t<meta property=\"og:image:width\" content=\"261\" \/>\n\t<meta property=\"og:image:height\" content=\"400\" \/>\n\t<meta property=\"og:image:type\" content=\"image\/png\" \/>\n<meta name=\"twitter:card\" content=\"summary_large_image\" \/>\n<meta name=\"twitter:site\" content=\"@zapateneo\" \/>\n<meta name=\"twitter:label1\" content=\"Tiempo de lectura\" \/>\n\t<meta name=\"twitter:data1\" content=\"1 minuto\" \/>\n<script type=\"application\/ld+json\" class=\"yoast-schema-graph\">{\"@context\":\"https:\\\/\\\/schema.org\",\"@graph\":[{\"@type\":\"WebPage\",\"@id\":\"https:\\\/\\\/zapateneo.net\\\/wordpress\\\/index.php\\\/producto\\\/los-vicios-no-son-crimenes-una-vindicacion-de-la-libertad-moral\\\/\",\"url\":\"https:\\\/\\\/zapateneo.net\\\/wordpress\\\/index.php\\\/producto\\\/los-vicios-no-son-crimenes-una-vindicacion-de-la-libertad-moral\\\/\",\"name\":\"Los vicios no son cri\u0301menes. Una vindicacio\u0301n de la libertad moral &#8212; Zapateneo\",\"isPartOf\":{\"@id\":\"https:\\\/\\\/zapateneo.net\\\/wordpress\\\/#website\"},\"primaryImageOfPage\":{\"@id\":\"https:\\\/\\\/zapateneo.net\\\/wordpress\\\/index.php\\\/producto\\\/los-vicios-no-son-crimenes-una-vindicacion-de-la-libertad-moral\\\/#primaryimage\"},\"image\":{\"@id\":\"https:\\\/\\\/zapateneo.net\\\/wordpress\\\/index.php\\\/producto\\\/los-vicios-no-son-crimenes-una-vindicacion-de-la-libertad-moral\\\/#primaryimage\"},\"thumbnailUrl\":\"https:\\\/\\\/zapateneo.net\\\/wordpress\\\/wp-content\\\/uploads\\\/2021\\\/04\\\/captura_de_pantalla_2020-07-04_a_las_102718.png\",\"datePublished\":\"2021-04-07T15:42:24+00:00\",\"dateModified\":\"2023-04-11T18:28:28+00:00\",\"breadcrumb\":{\"@id\":\"https:\\\/\\\/zapateneo.net\\\/wordpress\\\/index.php\\\/producto\\\/los-vicios-no-son-crimenes-una-vindicacion-de-la-libertad-moral\\\/#breadcrumb\"},\"inLanguage\":\"es\",\"potentialAction\":[{\"@type\":\"ReadAction\",\"target\":[\"https:\\\/\\\/zapateneo.net\\\/wordpress\\\/index.php\\\/producto\\\/los-vicios-no-son-crimenes-una-vindicacion-de-la-libertad-moral\\\/\"]}]},{\"@type\":\"ImageObject\",\"inLanguage\":\"es\",\"@id\":\"https:\\\/\\\/zapateneo.net\\\/wordpress\\\/index.php\\\/producto\\\/los-vicios-no-son-crimenes-una-vindicacion-de-la-libertad-moral\\\/#primaryimage\",\"url\":\"https:\\\/\\\/zapateneo.net\\\/wordpress\\\/wp-content\\\/uploads\\\/2021\\\/04\\\/captura_de_pantalla_2020-07-04_a_las_102718.png\",\"contentUrl\":\"https:\\\/\\\/zapateneo.net\\\/wordpress\\\/wp-content\\\/uploads\\\/2021\\\/04\\\/captura_de_pantalla_2020-07-04_a_las_102718.png\",\"width\":261,\"height\":400},{\"@type\":\"BreadcrumbList\",\"@id\":\"https:\\\/\\\/zapateneo.net\\\/wordpress\\\/index.php\\\/producto\\\/los-vicios-no-son-crimenes-una-vindicacion-de-la-libertad-moral\\\/#breadcrumb\",\"itemListElement\":[{\"@type\":\"ListItem\",\"position\":1,\"name\":\"Portada\",\"item\":\"https:\\\/\\\/zapateneo.net\\\/wordpress\\\/\"},{\"@type\":\"ListItem\",\"position\":2,\"name\":\"Tienda\",\"item\":\"https:\\\/\\\/zapateneo.net\\\/wordpress\\\/\"},{\"@type\":\"ListItem\",\"position\":3,\"name\":\"Los vicios no son cri\u0301menes. Una vindicacio\u0301n de la libertad moral\"}]},{\"@type\":\"WebSite\",\"@id\":\"https:\\\/\\\/zapateneo.net\\\/wordpress\\\/#website\",\"url\":\"https:\\\/\\\/zapateneo.net\\\/wordpress\\\/\",\"name\":\"Zapateneo\",\"description\":\"Zapateneoaren webgunea\",\"publisher\":{\"@id\":\"https:\\\/\\\/zapateneo.net\\\/wordpress\\\/#organization\"},\"potentialAction\":[{\"@type\":\"SearchAction\",\"target\":{\"@type\":\"EntryPoint\",\"urlTemplate\":\"https:\\\/\\\/zapateneo.net\\\/wordpress\\\/?s={search_term_string}\"},\"query-input\":{\"@type\":\"PropertyValueSpecification\",\"valueRequired\":true,\"valueName\":\"search_term_string\"}}],\"inLanguage\":\"es\"},{\"@type\":\"Organization\",\"@id\":\"https:\\\/\\\/zapateneo.net\\\/wordpress\\\/#organization\",\"name\":\"Zapateneo Kultur Elkartea\",\"url\":\"https:\\\/\\\/zapateneo.net\\\/wordpress\\\/\",\"logo\":{\"@type\":\"ImageObject\",\"inLanguage\":\"es\",\"@id\":\"https:\\\/\\\/zapateneo.net\\\/wordpress\\\/#\\\/schema\\\/logo\\\/image\\\/\",\"url\":\"https:\\\/\\\/zapateneo.net\\\/wordpress\\\/wp-content\\\/uploads\\\/2021\\\/04\\\/zap-libu-kolec.jpg\",\"contentUrl\":\"https:\\\/\\\/zapateneo.net\\\/wordpress\\\/wp-content\\\/uploads\\\/2021\\\/04\\\/zap-libu-kolec.jpg\",\"width\":2234,\"height\":398,\"caption\":\"Zapateneo Kultur Elkartea\"},\"image\":{\"@id\":\"https:\\\/\\\/zapateneo.net\\\/wordpress\\\/#\\\/schema\\\/logo\\\/image\\\/\"},\"sameAs\":[\"https:\\\/\\\/x.com\\\/zapateneo\"]}]}<\/script>\n<!-- \/ Yoast SEO plugin. -->","yoast_head_json":{"title":"Los vicios no son cri\u0301menes. Una vindicacio\u0301n de la libertad moral &#8212; Zapateneo","robots":{"index":"index","follow":"follow","max-snippet":"max-snippet:-1","max-image-preview":"max-image-preview:large","max-video-preview":"max-video-preview:-1"},"canonical":"https:\/\/zapateneo.net\/wordpress\/index.php\/producto\/los-vicios-no-son-crimenes-una-vindicacion-de-la-libertad-moral\/","og_locale":"es_ES","og_type":"article","og_title":"Los vicios no son cri\u0301menes. Una vindicacio\u0301n de la libertad moral &#8212; Zapateneo","og_description":"Lysander Spooner 2020070400061 - Piedra Papel Libros - 2014 - 68 p\u00e1ginas \/orri.","og_url":"https:\/\/zapateneo.net\/wordpress\/index.php\/producto\/los-vicios-no-son-crimenes-una-vindicacion-de-la-libertad-moral\/","og_site_name":"Zapateneo","article_modified_time":"2023-04-11T18:28:28+00:00","og_image":[{"width":261,"height":400,"url":"https:\/\/zapateneo.net\/wordpress\/wp-content\/uploads\/2021\/04\/captura_de_pantalla_2020-07-04_a_las_102718.png","type":"image\/png"}],"twitter_card":"summary_large_image","twitter_site":"@zapateneo","twitter_misc":{"Tiempo de lectura":"1 minuto"},"schema":{"@context":"https:\/\/schema.org","@graph":[{"@type":"WebPage","@id":"https:\/\/zapateneo.net\/wordpress\/index.php\/producto\/los-vicios-no-son-crimenes-una-vindicacion-de-la-libertad-moral\/","url":"https:\/\/zapateneo.net\/wordpress\/index.php\/producto\/los-vicios-no-son-crimenes-una-vindicacion-de-la-libertad-moral\/","name":"Los vicios no son cri\u0301menes. Una vindicacio\u0301n de la libertad moral &#8212; Zapateneo","isPartOf":{"@id":"https:\/\/zapateneo.net\/wordpress\/#website"},"primaryImageOfPage":{"@id":"https:\/\/zapateneo.net\/wordpress\/index.php\/producto\/los-vicios-no-son-crimenes-una-vindicacion-de-la-libertad-moral\/#primaryimage"},"image":{"@id":"https:\/\/zapateneo.net\/wordpress\/index.php\/producto\/los-vicios-no-son-crimenes-una-vindicacion-de-la-libertad-moral\/#primaryimage"},"thumbnailUrl":"https:\/\/zapateneo.net\/wordpress\/wp-content\/uploads\/2021\/04\/captura_de_pantalla_2020-07-04_a_las_102718.png","datePublished":"2021-04-07T15:42:24+00:00","dateModified":"2023-04-11T18:28:28+00:00","breadcrumb":{"@id":"https:\/\/zapateneo.net\/wordpress\/index.php\/producto\/los-vicios-no-son-crimenes-una-vindicacion-de-la-libertad-moral\/#breadcrumb"},"inLanguage":"es","potentialAction":[{"@type":"ReadAction","target":["https:\/\/zapateneo.net\/wordpress\/index.php\/producto\/los-vicios-no-son-crimenes-una-vindicacion-de-la-libertad-moral\/"]}]},{"@type":"ImageObject","inLanguage":"es","@id":"https:\/\/zapateneo.net\/wordpress\/index.php\/producto\/los-vicios-no-son-crimenes-una-vindicacion-de-la-libertad-moral\/#primaryimage","url":"https:\/\/zapateneo.net\/wordpress\/wp-content\/uploads\/2021\/04\/captura_de_pantalla_2020-07-04_a_las_102718.png","contentUrl":"https:\/\/zapateneo.net\/wordpress\/wp-content\/uploads\/2021\/04\/captura_de_pantalla_2020-07-04_a_las_102718.png","width":261,"height":400},{"@type":"BreadcrumbList","@id":"https:\/\/zapateneo.net\/wordpress\/index.php\/producto\/los-vicios-no-son-crimenes-una-vindicacion-de-la-libertad-moral\/#breadcrumb","itemListElement":[{"@type":"ListItem","position":1,"name":"Portada","item":"https:\/\/zapateneo.net\/wordpress\/"},{"@type":"ListItem","position":2,"name":"Tienda","item":"https:\/\/zapateneo.net\/wordpress\/"},{"@type":"ListItem","position":3,"name":"Los vicios no son cri\u0301menes. Una vindicacio\u0301n de la libertad moral"}]},{"@type":"WebSite","@id":"https:\/\/zapateneo.net\/wordpress\/#website","url":"https:\/\/zapateneo.net\/wordpress\/","name":"Zapateneo","description":"Zapateneoaren webgunea","publisher":{"@id":"https:\/\/zapateneo.net\/wordpress\/#organization"},"potentialAction":[{"@type":"SearchAction","target":{"@type":"EntryPoint","urlTemplate":"https:\/\/zapateneo.net\/wordpress\/?s={search_term_string}"},"query-input":{"@type":"PropertyValueSpecification","valueRequired":true,"valueName":"search_term_string"}}],"inLanguage":"es"},{"@type":"Organization","@id":"https:\/\/zapateneo.net\/wordpress\/#organization","name":"Zapateneo Kultur Elkartea","url":"https:\/\/zapateneo.net\/wordpress\/","logo":{"@type":"ImageObject","inLanguage":"es","@id":"https:\/\/zapateneo.net\/wordpress\/#\/schema\/logo\/image\/","url":"https:\/\/zapateneo.net\/wordpress\/wp-content\/uploads\/2021\/04\/zap-libu-kolec.jpg","contentUrl":"https:\/\/zapateneo.net\/wordpress\/wp-content\/uploads\/2021\/04\/zap-libu-kolec.jpg","width":2234,"height":398,"caption":"Zapateneo Kultur Elkartea"},"image":{"@id":"https:\/\/zapateneo.net\/wordpress\/#\/schema\/logo\/image\/"},"sameAs":["https:\/\/x.com\/zapateneo"]}]}},"_links":{"self":[{"href":"https:\/\/zapateneo.net\/wordpress\/index.php\/wp-json\/wp\/v2\/product\/2796","targetHints":{"allow":["GET"]}}],"collection":[{"href":"https:\/\/zapateneo.net\/wordpress\/index.php\/wp-json\/wp\/v2\/product"}],"about":[{"href":"https:\/\/zapateneo.net\/wordpress\/index.php\/wp-json\/wp\/v2\/types\/product"}],"wp:featuredmedia":[{"embeddable":true,"href":"https:\/\/zapateneo.net\/wordpress\/index.php\/wp-json\/wp\/v2\/media\/2825"}],"wp:attachment":[{"href":"https:\/\/zapateneo.net\/wordpress\/index.php\/wp-json\/wp\/v2\/media?parent=2796"}],"wp:term":[{"taxonomy":"product_brand","embeddable":true,"href":"https:\/\/zapateneo.net\/wordpress\/index.php\/wp-json\/wp\/v2\/product_brand?post=2796"},{"taxonomy":"product_cat","embeddable":true,"href":"https:\/\/zapateneo.net\/wordpress\/index.php\/wp-json\/wp\/v2\/product_cat?post=2796"},{"taxonomy":"product_tag","embeddable":true,"href":"https:\/\/zapateneo.net\/wordpress\/index.php\/wp-json\/wp\/v2\/product_tag?post=2796"}],"curies":[{"name":"wp","href":"https:\/\/api.w.org\/{rel}","templated":true}]}}