{"id":2761,"date":"2021-04-07T16:41:49","date_gmt":"2021-04-07T15:41:49","guid":{"rendered":"https:\/\/zapateneo.net\/wordpress\/?post_type=product&#038;p=2761"},"modified":"2021-04-07T16:42:07","modified_gmt":"2021-04-07T15:42:07","slug":"tres-cosas-debe-olvidar-el-anarquista","status":"publish","type":"product","link":"https:\/\/zapateneo.net\/wordpress\/index.php\/producto\/tres-cosas-debe-olvidar-el-anarquista\/","title":{"rendered":"Tres cosas debe olvidar el anarquista"},"content":{"rendered":"<p>\u00abTres cosas debe olvidar el anarquista. La cr\u00edtica del ocio degradante: discursos y pr\u00e1cticas en el mundo libertario (Espa\u00f1a, 1930-1939)\u00bb de Javier Navarro Navarro es el d\u00e9cimo t\u00edtulo de la colecci\u00f3n Lmentales de La Neurosis o Las Barricadas Ed. Este trabajo se acerca a un aspecto no suficientemente valorado de la realidad hist\u00f3rica del movimiento libertario: las diferentes visiones y pr\u00e1cticas relacionadas con los h\u00e1bitos de ocio de los y las anarquistas de los a\u00f1os 30 del pasado siglo. Este estudio se aproxima en concreto a la visi\u00f3n que, sobre todo, era volcada en la prensa anarquista del momento sobre los problemas que se derivaban del consumo del tabaco, del alcohol y las pr\u00e1cticas del juego de apuestas. Otro punto central tendr\u00e1 que ver con la visi\u00f3n que ten\u00edan las diferentes corrientes libertarias sobre el mundo de la prostituci\u00f3n y el constante ataque a la figura del ?putero?. Todo esto y, como dir\u00eda aquel, ?alguna cosa m\u00e1s? forman parte de este an\u00e1lisis profundo y francamente interesarante del historiador Javier Navarro Navarro:<\/p>\n<p>\u00abTres cosas debe olvidar el anarquista: el alcohol, la prostituci\u00f3n y el juego\u00bb, es una cita extra\u00edda de un peri\u00f3dico libertario balear (1934) que nos sirve de punto de partida para acercarnos a la visi\u00f3n que el movimiento anarquista de esa \u00e9poca ten\u00eda del ocio y del tiempo libre.<\/p>\n<p>Los intentos por construir un mundo m\u00e1s justo part\u00edan habitualmente de las luchas contra la explotaci\u00f3n laboral en particular y las injusticias socioecon\u00f3micas en general. Pero las\/os anarquistas nunca quisieron dejar en un segundo plano una cultura, entendida en un sentido amplio, basada en valores que potenciaran cualidades como la solidaridad, el compromiso, la integridad, etc., por lo que las cr\u00edticas al modelo de ocio que predominaba en la Espa\u00f1a del momento fueron frecuentes en sus publicaciones. As\u00ed es como se construy\u00f3 el concepto de \u00abpropaganda por el hecho\u00bb con el significado de modelo de conducta ejemplar. Todo con la finalidad de dar forma a una \u00abrevoluci\u00f3n interior\u00bb que mostraba la ambiciosa pretensi\u00f3n de provocar una transformaci\u00f3n radical en todos los \u00e1mbitos de la realidad humana.<\/p>\n","protected":false},"excerpt":{"rendered":"<p><strong>Juan Navarro<\/strong><br \/>\n9789200565991 &#8211; La neurosis o las barricadas &#8211; 2018 &#8211; 88 p\u00e1ginas \/orri.<\/p>\n","protected":false},"featured_media":2790,"template":"","meta":[],"product_brand":[],"product_cat":[1868,16],"product_tag":[2027,714],"class_list":{"0":"post-2761","1":"product","2":"type-product","3":"status-publish","4":"has-post-thumbnail","6":"product_cat-anarkismoa-anarquismo","7":"product_cat-libros","8":"product_tag-juan-navarro","9":"product_tag-la-neurosis-o-las-barricadas","11":"first","12":"instock","13":"sold-individually","14":"shipping-taxable","15":"purchasable","16":"product-type-simple"},"yoast_head":"<!-- This site is optimized with the Yoast SEO plugin v27.3 - https:\/\/yoast.com\/product\/yoast-seo-wordpress\/ -->\n<title>Tres cosas debe olvidar el anarquista &#8212; Zapateneo<\/title>\n<meta name=\"robots\" content=\"index, follow, max-snippet:-1, max-image-preview:large, max-video-preview:-1\" \/>\n<link rel=\"canonical\" href=\"https:\/\/zapateneo.net\/wordpress\/index.php\/producto\/tres-cosas-debe-olvidar-el-anarquista\/\" \/>\n<meta property=\"og:locale\" content=\"es_ES\" \/>\n<meta property=\"og:type\" content=\"article\" \/>\n<meta property=\"og:title\" content=\"Tres cosas debe olvidar el anarquista &#8212; Zapateneo\" \/>\n<meta property=\"og:description\" content=\"Juan Navarro 9789200565991 - La neurosis o las barricadas - 2018 - 88 p\u00e1ginas \/orri.\" \/>\n<meta property=\"og:url\" content=\"https:\/\/zapateneo.net\/wordpress\/index.php\/producto\/tres-cosas-debe-olvidar-el-anarquista\/\" \/>\n<meta property=\"og:site_name\" content=\"Zapateneo\" \/>\n<meta property=\"article:modified_time\" content=\"2021-04-07T15:42:07+00:00\" \/>\n<meta property=\"og:image\" content=\"https:\/\/zapateneo.net\/wordpress\/wp-content\/uploads\/2021\/04\/9789200565991.gif\" \/>\n\t<meta property=\"og:image:width\" content=\"240\" \/>\n\t<meta property=\"og:image:height\" content=\"288\" \/>\n\t<meta property=\"og:image:type\" content=\"image\/gif\" \/>\n<meta name=\"twitter:card\" content=\"summary_large_image\" \/>\n<meta name=\"twitter:site\" content=\"@zapateneo\" \/>\n<meta name=\"twitter:label1\" content=\"Tiempo de lectura\" \/>\n\t<meta name=\"twitter:data1\" content=\"2 minutos\" \/>\n<script type=\"application\/ld+json\" class=\"yoast-schema-graph\">{\"@context\":\"https:\\\/\\\/schema.org\",\"@graph\":[{\"@type\":\"WebPage\",\"@id\":\"https:\\\/\\\/zapateneo.net\\\/wordpress\\\/index.php\\\/producto\\\/tres-cosas-debe-olvidar-el-anarquista\\\/\",\"url\":\"https:\\\/\\\/zapateneo.net\\\/wordpress\\\/index.php\\\/producto\\\/tres-cosas-debe-olvidar-el-anarquista\\\/\",\"name\":\"Tres cosas debe olvidar el anarquista &#8212; Zapateneo\",\"isPartOf\":{\"@id\":\"https:\\\/\\\/zapateneo.net\\\/wordpress\\\/#website\"},\"primaryImageOfPage\":{\"@id\":\"https:\\\/\\\/zapateneo.net\\\/wordpress\\\/index.php\\\/producto\\\/tres-cosas-debe-olvidar-el-anarquista\\\/#primaryimage\"},\"image\":{\"@id\":\"https:\\\/\\\/zapateneo.net\\\/wordpress\\\/index.php\\\/producto\\\/tres-cosas-debe-olvidar-el-anarquista\\\/#primaryimage\"},\"thumbnailUrl\":\"https:\\\/\\\/zapateneo.net\\\/wordpress\\\/wp-content\\\/uploads\\\/2021\\\/04\\\/9789200565991.gif\",\"datePublished\":\"2021-04-07T15:41:49+00:00\",\"dateModified\":\"2021-04-07T15:42:07+00:00\",\"breadcrumb\":{\"@id\":\"https:\\\/\\\/zapateneo.net\\\/wordpress\\\/index.php\\\/producto\\\/tres-cosas-debe-olvidar-el-anarquista\\\/#breadcrumb\"},\"inLanguage\":\"es\",\"potentialAction\":[{\"@type\":\"ReadAction\",\"target\":[\"https:\\\/\\\/zapateneo.net\\\/wordpress\\\/index.php\\\/producto\\\/tres-cosas-debe-olvidar-el-anarquista\\\/\"]}]},{\"@type\":\"ImageObject\",\"inLanguage\":\"es\",\"@id\":\"https:\\\/\\\/zapateneo.net\\\/wordpress\\\/index.php\\\/producto\\\/tres-cosas-debe-olvidar-el-anarquista\\\/#primaryimage\",\"url\":\"https:\\\/\\\/zapateneo.net\\\/wordpress\\\/wp-content\\\/uploads\\\/2021\\\/04\\\/9789200565991.gif\",\"contentUrl\":\"https:\\\/\\\/zapateneo.net\\\/wordpress\\\/wp-content\\\/uploads\\\/2021\\\/04\\\/9789200565991.gif\",\"width\":240,\"height\":288},{\"@type\":\"BreadcrumbList\",\"@id\":\"https:\\\/\\\/zapateneo.net\\\/wordpress\\\/index.php\\\/producto\\\/tres-cosas-debe-olvidar-el-anarquista\\\/#breadcrumb\",\"itemListElement\":[{\"@type\":\"ListItem\",\"position\":1,\"name\":\"Portada\",\"item\":\"https:\\\/\\\/zapateneo.net\\\/wordpress\\\/\"},{\"@type\":\"ListItem\",\"position\":2,\"name\":\"Tienda\",\"item\":\"https:\\\/\\\/zapateneo.net\\\/wordpress\\\/\"},{\"@type\":\"ListItem\",\"position\":3,\"name\":\"Tres cosas debe olvidar el anarquista\"}]},{\"@type\":\"WebSite\",\"@id\":\"https:\\\/\\\/zapateneo.net\\\/wordpress\\\/#website\",\"url\":\"https:\\\/\\\/zapateneo.net\\\/wordpress\\\/\",\"name\":\"Zapateneo\",\"description\":\"Zapateneoaren webgunea\",\"publisher\":{\"@id\":\"https:\\\/\\\/zapateneo.net\\\/wordpress\\\/#organization\"},\"potentialAction\":[{\"@type\":\"SearchAction\",\"target\":{\"@type\":\"EntryPoint\",\"urlTemplate\":\"https:\\\/\\\/zapateneo.net\\\/wordpress\\\/?s={search_term_string}\"},\"query-input\":{\"@type\":\"PropertyValueSpecification\",\"valueRequired\":true,\"valueName\":\"search_term_string\"}}],\"inLanguage\":\"es\"},{\"@type\":\"Organization\",\"@id\":\"https:\\\/\\\/zapateneo.net\\\/wordpress\\\/#organization\",\"name\":\"Zapateneo Kultur Elkartea\",\"url\":\"https:\\\/\\\/zapateneo.net\\\/wordpress\\\/\",\"logo\":{\"@type\":\"ImageObject\",\"inLanguage\":\"es\",\"@id\":\"https:\\\/\\\/zapateneo.net\\\/wordpress\\\/#\\\/schema\\\/logo\\\/image\\\/\",\"url\":\"https:\\\/\\\/zapateneo.net\\\/wordpress\\\/wp-content\\\/uploads\\\/2021\\\/04\\\/zap-libu-kolec.jpg\",\"contentUrl\":\"https:\\\/\\\/zapateneo.net\\\/wordpress\\\/wp-content\\\/uploads\\\/2021\\\/04\\\/zap-libu-kolec.jpg\",\"width\":2234,\"height\":398,\"caption\":\"Zapateneo Kultur Elkartea\"},\"image\":{\"@id\":\"https:\\\/\\\/zapateneo.net\\\/wordpress\\\/#\\\/schema\\\/logo\\\/image\\\/\"},\"sameAs\":[\"https:\\\/\\\/x.com\\\/zapateneo\"]}]}<\/script>\n<!-- \/ Yoast SEO plugin. -->","yoast_head_json":{"title":"Tres cosas debe olvidar el anarquista &#8212; Zapateneo","robots":{"index":"index","follow":"follow","max-snippet":"max-snippet:-1","max-image-preview":"max-image-preview:large","max-video-preview":"max-video-preview:-1"},"canonical":"https:\/\/zapateneo.net\/wordpress\/index.php\/producto\/tres-cosas-debe-olvidar-el-anarquista\/","og_locale":"es_ES","og_type":"article","og_title":"Tres cosas debe olvidar el anarquista &#8212; Zapateneo","og_description":"Juan Navarro 9789200565991 - La neurosis o las barricadas - 2018 - 88 p\u00e1ginas \/orri.","og_url":"https:\/\/zapateneo.net\/wordpress\/index.php\/producto\/tres-cosas-debe-olvidar-el-anarquista\/","og_site_name":"Zapateneo","article_modified_time":"2021-04-07T15:42:07+00:00","og_image":[{"width":240,"height":288,"url":"https:\/\/zapateneo.net\/wordpress\/wp-content\/uploads\/2021\/04\/9789200565991.gif","type":"image\/gif"}],"twitter_card":"summary_large_image","twitter_site":"@zapateneo","twitter_misc":{"Tiempo de lectura":"2 minutos"},"schema":{"@context":"https:\/\/schema.org","@graph":[{"@type":"WebPage","@id":"https:\/\/zapateneo.net\/wordpress\/index.php\/producto\/tres-cosas-debe-olvidar-el-anarquista\/","url":"https:\/\/zapateneo.net\/wordpress\/index.php\/producto\/tres-cosas-debe-olvidar-el-anarquista\/","name":"Tres cosas debe olvidar el anarquista &#8212; Zapateneo","isPartOf":{"@id":"https:\/\/zapateneo.net\/wordpress\/#website"},"primaryImageOfPage":{"@id":"https:\/\/zapateneo.net\/wordpress\/index.php\/producto\/tres-cosas-debe-olvidar-el-anarquista\/#primaryimage"},"image":{"@id":"https:\/\/zapateneo.net\/wordpress\/index.php\/producto\/tres-cosas-debe-olvidar-el-anarquista\/#primaryimage"},"thumbnailUrl":"https:\/\/zapateneo.net\/wordpress\/wp-content\/uploads\/2021\/04\/9789200565991.gif","datePublished":"2021-04-07T15:41:49+00:00","dateModified":"2021-04-07T15:42:07+00:00","breadcrumb":{"@id":"https:\/\/zapateneo.net\/wordpress\/index.php\/producto\/tres-cosas-debe-olvidar-el-anarquista\/#breadcrumb"},"inLanguage":"es","potentialAction":[{"@type":"ReadAction","target":["https:\/\/zapateneo.net\/wordpress\/index.php\/producto\/tres-cosas-debe-olvidar-el-anarquista\/"]}]},{"@type":"ImageObject","inLanguage":"es","@id":"https:\/\/zapateneo.net\/wordpress\/index.php\/producto\/tres-cosas-debe-olvidar-el-anarquista\/#primaryimage","url":"https:\/\/zapateneo.net\/wordpress\/wp-content\/uploads\/2021\/04\/9789200565991.gif","contentUrl":"https:\/\/zapateneo.net\/wordpress\/wp-content\/uploads\/2021\/04\/9789200565991.gif","width":240,"height":288},{"@type":"BreadcrumbList","@id":"https:\/\/zapateneo.net\/wordpress\/index.php\/producto\/tres-cosas-debe-olvidar-el-anarquista\/#breadcrumb","itemListElement":[{"@type":"ListItem","position":1,"name":"Portada","item":"https:\/\/zapateneo.net\/wordpress\/"},{"@type":"ListItem","position":2,"name":"Tienda","item":"https:\/\/zapateneo.net\/wordpress\/"},{"@type":"ListItem","position":3,"name":"Tres cosas debe olvidar el anarquista"}]},{"@type":"WebSite","@id":"https:\/\/zapateneo.net\/wordpress\/#website","url":"https:\/\/zapateneo.net\/wordpress\/","name":"Zapateneo","description":"Zapateneoaren webgunea","publisher":{"@id":"https:\/\/zapateneo.net\/wordpress\/#organization"},"potentialAction":[{"@type":"SearchAction","target":{"@type":"EntryPoint","urlTemplate":"https:\/\/zapateneo.net\/wordpress\/?s={search_term_string}"},"query-input":{"@type":"PropertyValueSpecification","valueRequired":true,"valueName":"search_term_string"}}],"inLanguage":"es"},{"@type":"Organization","@id":"https:\/\/zapateneo.net\/wordpress\/#organization","name":"Zapateneo Kultur Elkartea","url":"https:\/\/zapateneo.net\/wordpress\/","logo":{"@type":"ImageObject","inLanguage":"es","@id":"https:\/\/zapateneo.net\/wordpress\/#\/schema\/logo\/image\/","url":"https:\/\/zapateneo.net\/wordpress\/wp-content\/uploads\/2021\/04\/zap-libu-kolec.jpg","contentUrl":"https:\/\/zapateneo.net\/wordpress\/wp-content\/uploads\/2021\/04\/zap-libu-kolec.jpg","width":2234,"height":398,"caption":"Zapateneo Kultur Elkartea"},"image":{"@id":"https:\/\/zapateneo.net\/wordpress\/#\/schema\/logo\/image\/"},"sameAs":["https:\/\/x.com\/zapateneo"]}]}},"_links":{"self":[{"href":"https:\/\/zapateneo.net\/wordpress\/index.php\/wp-json\/wp\/v2\/product\/2761","targetHints":{"allow":["GET"]}}],"collection":[{"href":"https:\/\/zapateneo.net\/wordpress\/index.php\/wp-json\/wp\/v2\/product"}],"about":[{"href":"https:\/\/zapateneo.net\/wordpress\/index.php\/wp-json\/wp\/v2\/types\/product"}],"wp:featuredmedia":[{"embeddable":true,"href":"https:\/\/zapateneo.net\/wordpress\/index.php\/wp-json\/wp\/v2\/media\/2790"}],"wp:attachment":[{"href":"https:\/\/zapateneo.net\/wordpress\/index.php\/wp-json\/wp\/v2\/media?parent=2761"}],"wp:term":[{"taxonomy":"product_brand","embeddable":true,"href":"https:\/\/zapateneo.net\/wordpress\/index.php\/wp-json\/wp\/v2\/product_brand?post=2761"},{"taxonomy":"product_cat","embeddable":true,"href":"https:\/\/zapateneo.net\/wordpress\/index.php\/wp-json\/wp\/v2\/product_cat?post=2761"},{"taxonomy":"product_tag","embeddable":true,"href":"https:\/\/zapateneo.net\/wordpress\/index.php\/wp-json\/wp\/v2\/product_tag?post=2761"}],"curies":[{"name":"wp","href":"https:\/\/api.w.org\/{rel}","templated":true}]}}