{"id":2715,"date":"2021-04-07T16:40:49","date_gmt":"2021-04-07T15:40:49","guid":{"rendered":"https:\/\/zapateneo.net\/wordpress\/?post_type=product&#038;p=2715"},"modified":"2021-04-07T16:41:41","modified_gmt":"2021-04-07T15:41:41","slug":"ser-territorio-la-geografia-y-el-anarquismo","status":"publish","type":"product","link":"https:\/\/zapateneo.net\/wordpress\/index.php\/producto\/ser-territorio-la-geografia-y-el-anarquismo\/","title":{"rendered":"Ser territorio. La geograf\u00eda y el anarquismo"},"content":{"rendered":"<p>Ser territorio. La geograf\u00eda y el anarquismo es el und\u00e9cimo t\u00edtulo de la colecci\u00f3n principal de nuestra editorial, la Neurosis o Las Barricadas Ed. Se trata de un trabajo coordinado por Patricia Lobo que recopila una serie de textos de diferentes autores y autoras desde los inicios del siglo XX hasta la actualidad. En ellos se habla de los v\u00ednculos de la ciencia geogr\u00e1fica con el anarquismo, se analiza c\u00f3mo nuestro entorno espacial\/territorial est\u00e1 atravesado por relaciones de poder y, tambi\u00e9n, se acercan, en algunos casos, a luchas populares donde el territorio es el eje fundamental.<\/p>\n<p>\u00abSalimos de nuestro peque\u00f1o hogar, un cub\u00edculo rectangular; montamos en el ascensor, un cub\u00edculo rectangular; bajamos a nuestra plaza de garaje, un cub\u00edculo rectangular; subimos a nuestro coche, un cub\u00edculo rectangular que los dise\u00f1adores llevan d\u00e9cadas tratando de disimular con propuestas de lo m\u00e1s atractivas; y partimos a nuestro trabajo, una oficina o un establecimiento con forma de cub\u00edculo rectangular. De esta manera, podemos evitarnos respirar el aire putrefacto de nuestras ciudades y, adem\u00e1s, nos podemos ahorrar el tener que ver la cara de leve amargura, pero sin exagerar, que suele formar parte de las personas usuarias del transporte p\u00fablico, un cub\u00edculo cuadrado mucho m\u00e1s grande por su car\u00e1cter colectivo\u00bb.<\/p>\n<p>Este fragmento de Ser territorio. La geograf\u00eda y el anarquismo nos acerca a las relaciones del ser humano con su entorno, punto de partida de los diversos textos que recoge esta obra. En ellos podemos encontrar la insaciable b\u00fasqueda del anarquismo de ideas y pr\u00e1cticas que planteen resistencias para eludir la crisis de civilizaci\u00f3n que conlleva el capitalismo. La vida moderna (no vivida, sino administrada) con su reducci\u00f3n de todo espacio a la categor\u00eda de mercanc\u00eda tiene los ingredientes perfectos para la crisis de una civilizaci\u00f3n parad\u00f3jica: un progreso maltratador, que dice amar la naturaleza y, sin embargo, la destruye cotidianamente hasta unos extremos como jam\u00e1s hab\u00eda conocido la historia de la humanidad, etc.<\/p>\n<p>Ser territorio. La geograf\u00eda y el anarquismo es un conjunto de propuestas que indaga en la f\u00e9rtil historia de luchas e ideas que el anarquismo ha planteado desde finales del siglo XIX hasta nuestros d\u00edas.<\/p>\n","protected":false},"excerpt":{"rendered":"<p><strong>Patricia Lobo (Coord.)<\/strong><br \/>\n9788494161490 &#8211; La neurosis o las barricadas &#8211; 2019 &#8211; 244 p\u00e1ginas \/orri.<\/p>\n","protected":false},"featured_media":2754,"template":"","meta":[],"product_brand":[],"product_cat":[1868,16],"product_tag":[714,2010],"class_list":{"0":"post-2715","1":"product","2":"type-product","3":"status-publish","4":"has-post-thumbnail","6":"product_cat-anarkismoa-anarquismo","7":"product_cat-libros","8":"product_tag-la-neurosis-o-las-barricadas","9":"product_tag-patricia-lobo-coord","11":"first","12":"instock","13":"sold-individually","14":"shipping-taxable","15":"purchasable","16":"product-type-simple"},"yoast_head":"<!-- This site is optimized with the Yoast SEO plugin v27.3 - https:\/\/yoast.com\/product\/yoast-seo-wordpress\/ -->\n<title>Ser territorio. La geograf\u00eda y el anarquismo &#8212; Zapateneo<\/title>\n<meta name=\"robots\" content=\"index, follow, max-snippet:-1, max-image-preview:large, max-video-preview:-1\" \/>\n<link rel=\"canonical\" href=\"https:\/\/zapateneo.net\/wordpress\/index.php\/producto\/ser-territorio-la-geografia-y-el-anarquismo\/\" \/>\n<meta property=\"og:locale\" content=\"es_ES\" \/>\n<meta property=\"og:type\" content=\"article\" \/>\n<meta property=\"og:title\" content=\"Ser territorio. La geograf\u00eda y el anarquismo &#8212; Zapateneo\" \/>\n<meta property=\"og:description\" content=\"Patricia Lobo (Coord.) 9788494161490 - La neurosis o las barricadas - 2019 - 244 p\u00e1ginas \/orri.\" \/>\n<meta property=\"og:url\" content=\"https:\/\/zapateneo.net\/wordpress\/index.php\/producto\/ser-territorio-la-geografia-y-el-anarquismo\/\" \/>\n<meta property=\"og:site_name\" content=\"Zapateneo\" \/>\n<meta property=\"article:modified_time\" content=\"2021-04-07T15:41:41+00:00\" \/>\n<meta property=\"og:image\" content=\"https:\/\/zapateneo.net\/wordpress\/wp-content\/uploads\/2021\/04\/9788494161490.gif\" \/>\n\t<meta property=\"og:image:width\" content=\"240\" \/>\n\t<meta property=\"og:image:height\" content=\"306\" \/>\n\t<meta property=\"og:image:type\" content=\"image\/gif\" \/>\n<meta name=\"twitter:card\" content=\"summary_large_image\" \/>\n<meta name=\"twitter:site\" content=\"@zapateneo\" \/>\n<meta name=\"twitter:label1\" content=\"Tiempo de lectura\" \/>\n\t<meta name=\"twitter:data1\" content=\"2 minutos\" \/>\n<script type=\"application\/ld+json\" class=\"yoast-schema-graph\">{\"@context\":\"https:\\\/\\\/schema.org\",\"@graph\":[{\"@type\":\"WebPage\",\"@id\":\"https:\\\/\\\/zapateneo.net\\\/wordpress\\\/index.php\\\/producto\\\/ser-territorio-la-geografia-y-el-anarquismo\\\/\",\"url\":\"https:\\\/\\\/zapateneo.net\\\/wordpress\\\/index.php\\\/producto\\\/ser-territorio-la-geografia-y-el-anarquismo\\\/\",\"name\":\"Ser territorio. La geograf\u00eda y el anarquismo &#8212; Zapateneo\",\"isPartOf\":{\"@id\":\"https:\\\/\\\/zapateneo.net\\\/wordpress\\\/#website\"},\"primaryImageOfPage\":{\"@id\":\"https:\\\/\\\/zapateneo.net\\\/wordpress\\\/index.php\\\/producto\\\/ser-territorio-la-geografia-y-el-anarquismo\\\/#primaryimage\"},\"image\":{\"@id\":\"https:\\\/\\\/zapateneo.net\\\/wordpress\\\/index.php\\\/producto\\\/ser-territorio-la-geografia-y-el-anarquismo\\\/#primaryimage\"},\"thumbnailUrl\":\"https:\\\/\\\/zapateneo.net\\\/wordpress\\\/wp-content\\\/uploads\\\/2021\\\/04\\\/9788494161490.gif\",\"datePublished\":\"2021-04-07T15:40:49+00:00\",\"dateModified\":\"2021-04-07T15:41:41+00:00\",\"breadcrumb\":{\"@id\":\"https:\\\/\\\/zapateneo.net\\\/wordpress\\\/index.php\\\/producto\\\/ser-territorio-la-geografia-y-el-anarquismo\\\/#breadcrumb\"},\"inLanguage\":\"es\",\"potentialAction\":[{\"@type\":\"ReadAction\",\"target\":[\"https:\\\/\\\/zapateneo.net\\\/wordpress\\\/index.php\\\/producto\\\/ser-territorio-la-geografia-y-el-anarquismo\\\/\"]}]},{\"@type\":\"ImageObject\",\"inLanguage\":\"es\",\"@id\":\"https:\\\/\\\/zapateneo.net\\\/wordpress\\\/index.php\\\/producto\\\/ser-territorio-la-geografia-y-el-anarquismo\\\/#primaryimage\",\"url\":\"https:\\\/\\\/zapateneo.net\\\/wordpress\\\/wp-content\\\/uploads\\\/2021\\\/04\\\/9788494161490.gif\",\"contentUrl\":\"https:\\\/\\\/zapateneo.net\\\/wordpress\\\/wp-content\\\/uploads\\\/2021\\\/04\\\/9788494161490.gif\",\"width\":240,\"height\":306},{\"@type\":\"BreadcrumbList\",\"@id\":\"https:\\\/\\\/zapateneo.net\\\/wordpress\\\/index.php\\\/producto\\\/ser-territorio-la-geografia-y-el-anarquismo\\\/#breadcrumb\",\"itemListElement\":[{\"@type\":\"ListItem\",\"position\":1,\"name\":\"Portada\",\"item\":\"https:\\\/\\\/zapateneo.net\\\/wordpress\\\/\"},{\"@type\":\"ListItem\",\"position\":2,\"name\":\"Tienda\",\"item\":\"https:\\\/\\\/zapateneo.net\\\/wordpress\\\/\"},{\"@type\":\"ListItem\",\"position\":3,\"name\":\"Ser territorio. La geograf\u00eda y el anarquismo\"}]},{\"@type\":\"WebSite\",\"@id\":\"https:\\\/\\\/zapateneo.net\\\/wordpress\\\/#website\",\"url\":\"https:\\\/\\\/zapateneo.net\\\/wordpress\\\/\",\"name\":\"Zapateneo\",\"description\":\"Zapateneoaren webgunea\",\"publisher\":{\"@id\":\"https:\\\/\\\/zapateneo.net\\\/wordpress\\\/#organization\"},\"potentialAction\":[{\"@type\":\"SearchAction\",\"target\":{\"@type\":\"EntryPoint\",\"urlTemplate\":\"https:\\\/\\\/zapateneo.net\\\/wordpress\\\/?s={search_term_string}\"},\"query-input\":{\"@type\":\"PropertyValueSpecification\",\"valueRequired\":true,\"valueName\":\"search_term_string\"}}],\"inLanguage\":\"es\"},{\"@type\":\"Organization\",\"@id\":\"https:\\\/\\\/zapateneo.net\\\/wordpress\\\/#organization\",\"name\":\"Zapateneo Kultur Elkartea\",\"url\":\"https:\\\/\\\/zapateneo.net\\\/wordpress\\\/\",\"logo\":{\"@type\":\"ImageObject\",\"inLanguage\":\"es\",\"@id\":\"https:\\\/\\\/zapateneo.net\\\/wordpress\\\/#\\\/schema\\\/logo\\\/image\\\/\",\"url\":\"https:\\\/\\\/zapateneo.net\\\/wordpress\\\/wp-content\\\/uploads\\\/2021\\\/04\\\/zap-libu-kolec.jpg\",\"contentUrl\":\"https:\\\/\\\/zapateneo.net\\\/wordpress\\\/wp-content\\\/uploads\\\/2021\\\/04\\\/zap-libu-kolec.jpg\",\"width\":2234,\"height\":398,\"caption\":\"Zapateneo Kultur Elkartea\"},\"image\":{\"@id\":\"https:\\\/\\\/zapateneo.net\\\/wordpress\\\/#\\\/schema\\\/logo\\\/image\\\/\"},\"sameAs\":[\"https:\\\/\\\/x.com\\\/zapateneo\"]}]}<\/script>\n<!-- \/ Yoast SEO plugin. -->","yoast_head_json":{"title":"Ser territorio. La geograf\u00eda y el anarquismo &#8212; Zapateneo","robots":{"index":"index","follow":"follow","max-snippet":"max-snippet:-1","max-image-preview":"max-image-preview:large","max-video-preview":"max-video-preview:-1"},"canonical":"https:\/\/zapateneo.net\/wordpress\/index.php\/producto\/ser-territorio-la-geografia-y-el-anarquismo\/","og_locale":"es_ES","og_type":"article","og_title":"Ser territorio. La geograf\u00eda y el anarquismo &#8212; Zapateneo","og_description":"Patricia Lobo (Coord.) 9788494161490 - La neurosis o las barricadas - 2019 - 244 p\u00e1ginas \/orri.","og_url":"https:\/\/zapateneo.net\/wordpress\/index.php\/producto\/ser-territorio-la-geografia-y-el-anarquismo\/","og_site_name":"Zapateneo","article_modified_time":"2021-04-07T15:41:41+00:00","og_image":[{"width":240,"height":306,"url":"https:\/\/zapateneo.net\/wordpress\/wp-content\/uploads\/2021\/04\/9788494161490.gif","type":"image\/gif"}],"twitter_card":"summary_large_image","twitter_site":"@zapateneo","twitter_misc":{"Tiempo de lectura":"2 minutos"},"schema":{"@context":"https:\/\/schema.org","@graph":[{"@type":"WebPage","@id":"https:\/\/zapateneo.net\/wordpress\/index.php\/producto\/ser-territorio-la-geografia-y-el-anarquismo\/","url":"https:\/\/zapateneo.net\/wordpress\/index.php\/producto\/ser-territorio-la-geografia-y-el-anarquismo\/","name":"Ser territorio. La geograf\u00eda y el anarquismo &#8212; Zapateneo","isPartOf":{"@id":"https:\/\/zapateneo.net\/wordpress\/#website"},"primaryImageOfPage":{"@id":"https:\/\/zapateneo.net\/wordpress\/index.php\/producto\/ser-territorio-la-geografia-y-el-anarquismo\/#primaryimage"},"image":{"@id":"https:\/\/zapateneo.net\/wordpress\/index.php\/producto\/ser-territorio-la-geografia-y-el-anarquismo\/#primaryimage"},"thumbnailUrl":"https:\/\/zapateneo.net\/wordpress\/wp-content\/uploads\/2021\/04\/9788494161490.gif","datePublished":"2021-04-07T15:40:49+00:00","dateModified":"2021-04-07T15:41:41+00:00","breadcrumb":{"@id":"https:\/\/zapateneo.net\/wordpress\/index.php\/producto\/ser-territorio-la-geografia-y-el-anarquismo\/#breadcrumb"},"inLanguage":"es","potentialAction":[{"@type":"ReadAction","target":["https:\/\/zapateneo.net\/wordpress\/index.php\/producto\/ser-territorio-la-geografia-y-el-anarquismo\/"]}]},{"@type":"ImageObject","inLanguage":"es","@id":"https:\/\/zapateneo.net\/wordpress\/index.php\/producto\/ser-territorio-la-geografia-y-el-anarquismo\/#primaryimage","url":"https:\/\/zapateneo.net\/wordpress\/wp-content\/uploads\/2021\/04\/9788494161490.gif","contentUrl":"https:\/\/zapateneo.net\/wordpress\/wp-content\/uploads\/2021\/04\/9788494161490.gif","width":240,"height":306},{"@type":"BreadcrumbList","@id":"https:\/\/zapateneo.net\/wordpress\/index.php\/producto\/ser-territorio-la-geografia-y-el-anarquismo\/#breadcrumb","itemListElement":[{"@type":"ListItem","position":1,"name":"Portada","item":"https:\/\/zapateneo.net\/wordpress\/"},{"@type":"ListItem","position":2,"name":"Tienda","item":"https:\/\/zapateneo.net\/wordpress\/"},{"@type":"ListItem","position":3,"name":"Ser territorio. La geograf\u00eda y el anarquismo"}]},{"@type":"WebSite","@id":"https:\/\/zapateneo.net\/wordpress\/#website","url":"https:\/\/zapateneo.net\/wordpress\/","name":"Zapateneo","description":"Zapateneoaren webgunea","publisher":{"@id":"https:\/\/zapateneo.net\/wordpress\/#organization"},"potentialAction":[{"@type":"SearchAction","target":{"@type":"EntryPoint","urlTemplate":"https:\/\/zapateneo.net\/wordpress\/?s={search_term_string}"},"query-input":{"@type":"PropertyValueSpecification","valueRequired":true,"valueName":"search_term_string"}}],"inLanguage":"es"},{"@type":"Organization","@id":"https:\/\/zapateneo.net\/wordpress\/#organization","name":"Zapateneo Kultur Elkartea","url":"https:\/\/zapateneo.net\/wordpress\/","logo":{"@type":"ImageObject","inLanguage":"es","@id":"https:\/\/zapateneo.net\/wordpress\/#\/schema\/logo\/image\/","url":"https:\/\/zapateneo.net\/wordpress\/wp-content\/uploads\/2021\/04\/zap-libu-kolec.jpg","contentUrl":"https:\/\/zapateneo.net\/wordpress\/wp-content\/uploads\/2021\/04\/zap-libu-kolec.jpg","width":2234,"height":398,"caption":"Zapateneo Kultur Elkartea"},"image":{"@id":"https:\/\/zapateneo.net\/wordpress\/#\/schema\/logo\/image\/"},"sameAs":["https:\/\/x.com\/zapateneo"]}]}},"_links":{"self":[{"href":"https:\/\/zapateneo.net\/wordpress\/index.php\/wp-json\/wp\/v2\/product\/2715","targetHints":{"allow":["GET"]}}],"collection":[{"href":"https:\/\/zapateneo.net\/wordpress\/index.php\/wp-json\/wp\/v2\/product"}],"about":[{"href":"https:\/\/zapateneo.net\/wordpress\/index.php\/wp-json\/wp\/v2\/types\/product"}],"wp:featuredmedia":[{"embeddable":true,"href":"https:\/\/zapateneo.net\/wordpress\/index.php\/wp-json\/wp\/v2\/media\/2754"}],"wp:attachment":[{"href":"https:\/\/zapateneo.net\/wordpress\/index.php\/wp-json\/wp\/v2\/media?parent=2715"}],"wp:term":[{"taxonomy":"product_brand","embeddable":true,"href":"https:\/\/zapateneo.net\/wordpress\/index.php\/wp-json\/wp\/v2\/product_brand?post=2715"},{"taxonomy":"product_cat","embeddable":true,"href":"https:\/\/zapateneo.net\/wordpress\/index.php\/wp-json\/wp\/v2\/product_cat?post=2715"},{"taxonomy":"product_tag","embeddable":true,"href":"https:\/\/zapateneo.net\/wordpress\/index.php\/wp-json\/wp\/v2\/product_tag?post=2715"}],"curies":[{"name":"wp","href":"https:\/\/api.w.org\/{rel}","templated":true}]}}