{"id":2714,"date":"2021-04-07T16:40:49","date_gmt":"2021-04-07T15:40:49","guid":{"rendered":"https:\/\/zapateneo.net\/wordpress\/?post_type=product&#038;p=2714"},"modified":"2021-04-07T16:41:39","modified_gmt":"2021-04-07T15:41:39","slug":"la-idea-libre-la-cultura-anarquista-en-espana-1870-1910","status":"publish","type":"product","link":"https:\/\/zapateneo.net\/wordpress\/index.php\/producto\/la-idea-libre-la-cultura-anarquista-en-espana-1870-1910\/","title":{"rendered":"La Idea Libre. La cultura anarquista en Espa\u00f1a (1870-1910)"},"content":{"rendered":"<p>\u201cLa Idea Libre. La cultura anarquista en Espa\u00f1a (1870-1910)\u201d es el octavo t\u00edtulo de la colecci\u00f3n principal de nuestra editorial, La Neurosis o Las Barricadas. Este trabajo de Manuel Morales recopila en un solo volumen todos los trabajos sobre el anarquismo de este historiador, para aportar un an\u00e1lisis ameno, profundo y s\u00f3lidamente documentado sobre el surgimiento y construcci\u00f3n de un modelo cultural revolucionario cuyo objetivo fue llevar las bases de una nueva sociedad m\u00e1s all\u00e1 de lo social y lo econ\u00f3mico para alcanzar todas las facetas de la existencia humana:<\/p>\n<p>La historia del anarquismo es un rico caudal de luchas en diversos frentes que incluye, de una manera destacada, el frente cultural. La construcci\u00f3n de un modelo cultural anarquista, all\u00e1 en las \u00faltimas d\u00e9cadas del siglo XIX, pretendi\u00f3 consolidar una alternativa entre las clases populares al modelo impuesto por la Iglesia y la burgues\u00eda. Una alternativa que se entretej\u00eda con un modo de entender la organizaci\u00f3n social y econ\u00f3mica para plantear un mundo nuevo en todos los \u00e1mbitos humanos, como no pod\u00eda ser de otra manera. Porque cuando hablamos de cultura anarquista no solo hablamos de literatura o arte, tambi\u00e9n hablamos de h\u00e1bitos de ocio, de sexualidad, de socializaci\u00f3n, etc. Una cultura de un extraordinario valor por su originalidad, por su capacidad para el desarrollo de las potencialidades humanas, por su ag\u00f3nico amor por las libertades individuales y colectivas y que, tras este periodo, todav\u00eda tendr\u00e1 que dejar paso a los a\u00f1os de madurez revolucionaria del anarquismo que llegar\u00edan en las primeras d\u00e9cadas del siglo XX.<\/p>\n<p>\u201cLa Idea Libre. La cultura anarquista en Espa\u00f1a (1870-1910)\u201d es un mapa de la memoria de todos esos hombres y mujeres que al mismo tiempo que lucharon por construir un mundo nuevo y libertario, lo edificaron con sus propias vidas sobre una civilizaci\u00f3n que, como la actual, parec\u00eda caerse a pedazos.<\/p>\n","protected":false},"excerpt":{"rendered":"<p><strong>Manuel Morales Mu\u00f1oz<\/strong><br \/>\n9788494161469 &#8211; La neurosis o las barricadas &#8211; 2018 &#8211; 350 p\u00e1ginas \/orri.<\/p>\n","protected":false},"featured_media":2753,"template":"","meta":[],"product_brand":[],"product_cat":[1868,16],"product_tag":[714,2009],"class_list":{"0":"post-2714","1":"product","2":"type-product","3":"status-publish","4":"has-post-thumbnail","6":"product_cat-anarkismoa-anarquismo","7":"product_cat-libros","8":"product_tag-la-neurosis-o-las-barricadas","9":"product_tag-manuel-morales-munoz","11":"first","12":"instock","13":"sold-individually","14":"shipping-taxable","15":"purchasable","16":"product-type-simple"},"yoast_head":"<!-- This site is optimized with the Yoast SEO plugin v27.3 - https:\/\/yoast.com\/product\/yoast-seo-wordpress\/ -->\n<title>La Idea Libre. La cultura anarquista en Espa\u00f1a (1870-1910) &#8212; Zapateneo<\/title>\n<meta name=\"robots\" content=\"index, follow, max-snippet:-1, max-image-preview:large, max-video-preview:-1\" \/>\n<link rel=\"canonical\" href=\"https:\/\/zapateneo.net\/wordpress\/index.php\/producto\/la-idea-libre-la-cultura-anarquista-en-espana-1870-1910\/\" \/>\n<meta property=\"og:locale\" content=\"es_ES\" \/>\n<meta property=\"og:type\" content=\"article\" \/>\n<meta property=\"og:title\" content=\"La Idea Libre. La cultura anarquista en Espa\u00f1a (1870-1910) &#8212; Zapateneo\" \/>\n<meta property=\"og:description\" content=\"Manuel Morales Mu\u00f1oz 9788494161469 - La neurosis o las barricadas - 2018 - 350 p\u00e1ginas \/orri.\" \/>\n<meta property=\"og:url\" content=\"https:\/\/zapateneo.net\/wordpress\/index.php\/producto\/la-idea-libre-la-cultura-anarquista-en-espana-1870-1910\/\" \/>\n<meta property=\"og:site_name\" content=\"Zapateneo\" \/>\n<meta property=\"article:modified_time\" content=\"2021-04-07T15:41:39+00:00\" \/>\n<meta property=\"og:image\" content=\"https:\/\/zapateneo.net\/wordpress\/wp-content\/uploads\/2021\/04\/9788494161469.gif\" \/>\n\t<meta property=\"og:image:width\" content=\"240\" \/>\n\t<meta property=\"og:image:height\" content=\"306\" \/>\n\t<meta property=\"og:image:type\" content=\"image\/gif\" \/>\n<meta name=\"twitter:card\" content=\"summary_large_image\" \/>\n<meta name=\"twitter:site\" content=\"@zapateneo\" \/>\n<meta name=\"twitter:label1\" content=\"Tiempo de lectura\" \/>\n\t<meta name=\"twitter:data1\" content=\"2 minutos\" \/>\n<script type=\"application\/ld+json\" class=\"yoast-schema-graph\">{\"@context\":\"https:\\\/\\\/schema.org\",\"@graph\":[{\"@type\":\"WebPage\",\"@id\":\"https:\\\/\\\/zapateneo.net\\\/wordpress\\\/index.php\\\/producto\\\/la-idea-libre-la-cultura-anarquista-en-espana-1870-1910\\\/\",\"url\":\"https:\\\/\\\/zapateneo.net\\\/wordpress\\\/index.php\\\/producto\\\/la-idea-libre-la-cultura-anarquista-en-espana-1870-1910\\\/\",\"name\":\"La Idea Libre. La cultura anarquista en Espa\u00f1a (1870-1910) &#8212; Zapateneo\",\"isPartOf\":{\"@id\":\"https:\\\/\\\/zapateneo.net\\\/wordpress\\\/#website\"},\"primaryImageOfPage\":{\"@id\":\"https:\\\/\\\/zapateneo.net\\\/wordpress\\\/index.php\\\/producto\\\/la-idea-libre-la-cultura-anarquista-en-espana-1870-1910\\\/#primaryimage\"},\"image\":{\"@id\":\"https:\\\/\\\/zapateneo.net\\\/wordpress\\\/index.php\\\/producto\\\/la-idea-libre-la-cultura-anarquista-en-espana-1870-1910\\\/#primaryimage\"},\"thumbnailUrl\":\"https:\\\/\\\/zapateneo.net\\\/wordpress\\\/wp-content\\\/uploads\\\/2021\\\/04\\\/9788494161469.gif\",\"datePublished\":\"2021-04-07T15:40:49+00:00\",\"dateModified\":\"2021-04-07T15:41:39+00:00\",\"breadcrumb\":{\"@id\":\"https:\\\/\\\/zapateneo.net\\\/wordpress\\\/index.php\\\/producto\\\/la-idea-libre-la-cultura-anarquista-en-espana-1870-1910\\\/#breadcrumb\"},\"inLanguage\":\"es\",\"potentialAction\":[{\"@type\":\"ReadAction\",\"target\":[\"https:\\\/\\\/zapateneo.net\\\/wordpress\\\/index.php\\\/producto\\\/la-idea-libre-la-cultura-anarquista-en-espana-1870-1910\\\/\"]}]},{\"@type\":\"ImageObject\",\"inLanguage\":\"es\",\"@id\":\"https:\\\/\\\/zapateneo.net\\\/wordpress\\\/index.php\\\/producto\\\/la-idea-libre-la-cultura-anarquista-en-espana-1870-1910\\\/#primaryimage\",\"url\":\"https:\\\/\\\/zapateneo.net\\\/wordpress\\\/wp-content\\\/uploads\\\/2021\\\/04\\\/9788494161469.gif\",\"contentUrl\":\"https:\\\/\\\/zapateneo.net\\\/wordpress\\\/wp-content\\\/uploads\\\/2021\\\/04\\\/9788494161469.gif\",\"width\":240,\"height\":306},{\"@type\":\"BreadcrumbList\",\"@id\":\"https:\\\/\\\/zapateneo.net\\\/wordpress\\\/index.php\\\/producto\\\/la-idea-libre-la-cultura-anarquista-en-espana-1870-1910\\\/#breadcrumb\",\"itemListElement\":[{\"@type\":\"ListItem\",\"position\":1,\"name\":\"Portada\",\"item\":\"https:\\\/\\\/zapateneo.net\\\/wordpress\\\/\"},{\"@type\":\"ListItem\",\"position\":2,\"name\":\"Tienda\",\"item\":\"https:\\\/\\\/zapateneo.net\\\/wordpress\\\/\"},{\"@type\":\"ListItem\",\"position\":3,\"name\":\"La Idea Libre. La cultura anarquista en Espa\u00f1a (1870-1910)\"}]},{\"@type\":\"WebSite\",\"@id\":\"https:\\\/\\\/zapateneo.net\\\/wordpress\\\/#website\",\"url\":\"https:\\\/\\\/zapateneo.net\\\/wordpress\\\/\",\"name\":\"Zapateneo\",\"description\":\"Zapateneoaren webgunea\",\"publisher\":{\"@id\":\"https:\\\/\\\/zapateneo.net\\\/wordpress\\\/#organization\"},\"potentialAction\":[{\"@type\":\"SearchAction\",\"target\":{\"@type\":\"EntryPoint\",\"urlTemplate\":\"https:\\\/\\\/zapateneo.net\\\/wordpress\\\/?s={search_term_string}\"},\"query-input\":{\"@type\":\"PropertyValueSpecification\",\"valueRequired\":true,\"valueName\":\"search_term_string\"}}],\"inLanguage\":\"es\"},{\"@type\":\"Organization\",\"@id\":\"https:\\\/\\\/zapateneo.net\\\/wordpress\\\/#organization\",\"name\":\"Zapateneo Kultur Elkartea\",\"url\":\"https:\\\/\\\/zapateneo.net\\\/wordpress\\\/\",\"logo\":{\"@type\":\"ImageObject\",\"inLanguage\":\"es\",\"@id\":\"https:\\\/\\\/zapateneo.net\\\/wordpress\\\/#\\\/schema\\\/logo\\\/image\\\/\",\"url\":\"https:\\\/\\\/zapateneo.net\\\/wordpress\\\/wp-content\\\/uploads\\\/2021\\\/04\\\/zap-libu-kolec.jpg\",\"contentUrl\":\"https:\\\/\\\/zapateneo.net\\\/wordpress\\\/wp-content\\\/uploads\\\/2021\\\/04\\\/zap-libu-kolec.jpg\",\"width\":2234,\"height\":398,\"caption\":\"Zapateneo Kultur Elkartea\"},\"image\":{\"@id\":\"https:\\\/\\\/zapateneo.net\\\/wordpress\\\/#\\\/schema\\\/logo\\\/image\\\/\"},\"sameAs\":[\"https:\\\/\\\/x.com\\\/zapateneo\"]}]}<\/script>\n<!-- \/ Yoast SEO plugin. -->","yoast_head_json":{"title":"La Idea Libre. La cultura anarquista en Espa\u00f1a (1870-1910) &#8212; Zapateneo","robots":{"index":"index","follow":"follow","max-snippet":"max-snippet:-1","max-image-preview":"max-image-preview:large","max-video-preview":"max-video-preview:-1"},"canonical":"https:\/\/zapateneo.net\/wordpress\/index.php\/producto\/la-idea-libre-la-cultura-anarquista-en-espana-1870-1910\/","og_locale":"es_ES","og_type":"article","og_title":"La Idea Libre. La cultura anarquista en Espa\u00f1a (1870-1910) &#8212; Zapateneo","og_description":"Manuel Morales Mu\u00f1oz 9788494161469 - La neurosis o las barricadas - 2018 - 350 p\u00e1ginas \/orri.","og_url":"https:\/\/zapateneo.net\/wordpress\/index.php\/producto\/la-idea-libre-la-cultura-anarquista-en-espana-1870-1910\/","og_site_name":"Zapateneo","article_modified_time":"2021-04-07T15:41:39+00:00","og_image":[{"width":240,"height":306,"url":"https:\/\/zapateneo.net\/wordpress\/wp-content\/uploads\/2021\/04\/9788494161469.gif","type":"image\/gif"}],"twitter_card":"summary_large_image","twitter_site":"@zapateneo","twitter_misc":{"Tiempo de lectura":"2 minutos"},"schema":{"@context":"https:\/\/schema.org","@graph":[{"@type":"WebPage","@id":"https:\/\/zapateneo.net\/wordpress\/index.php\/producto\/la-idea-libre-la-cultura-anarquista-en-espana-1870-1910\/","url":"https:\/\/zapateneo.net\/wordpress\/index.php\/producto\/la-idea-libre-la-cultura-anarquista-en-espana-1870-1910\/","name":"La Idea Libre. La cultura anarquista en Espa\u00f1a (1870-1910) &#8212; Zapateneo","isPartOf":{"@id":"https:\/\/zapateneo.net\/wordpress\/#website"},"primaryImageOfPage":{"@id":"https:\/\/zapateneo.net\/wordpress\/index.php\/producto\/la-idea-libre-la-cultura-anarquista-en-espana-1870-1910\/#primaryimage"},"image":{"@id":"https:\/\/zapateneo.net\/wordpress\/index.php\/producto\/la-idea-libre-la-cultura-anarquista-en-espana-1870-1910\/#primaryimage"},"thumbnailUrl":"https:\/\/zapateneo.net\/wordpress\/wp-content\/uploads\/2021\/04\/9788494161469.gif","datePublished":"2021-04-07T15:40:49+00:00","dateModified":"2021-04-07T15:41:39+00:00","breadcrumb":{"@id":"https:\/\/zapateneo.net\/wordpress\/index.php\/producto\/la-idea-libre-la-cultura-anarquista-en-espana-1870-1910\/#breadcrumb"},"inLanguage":"es","potentialAction":[{"@type":"ReadAction","target":["https:\/\/zapateneo.net\/wordpress\/index.php\/producto\/la-idea-libre-la-cultura-anarquista-en-espana-1870-1910\/"]}]},{"@type":"ImageObject","inLanguage":"es","@id":"https:\/\/zapateneo.net\/wordpress\/index.php\/producto\/la-idea-libre-la-cultura-anarquista-en-espana-1870-1910\/#primaryimage","url":"https:\/\/zapateneo.net\/wordpress\/wp-content\/uploads\/2021\/04\/9788494161469.gif","contentUrl":"https:\/\/zapateneo.net\/wordpress\/wp-content\/uploads\/2021\/04\/9788494161469.gif","width":240,"height":306},{"@type":"BreadcrumbList","@id":"https:\/\/zapateneo.net\/wordpress\/index.php\/producto\/la-idea-libre-la-cultura-anarquista-en-espana-1870-1910\/#breadcrumb","itemListElement":[{"@type":"ListItem","position":1,"name":"Portada","item":"https:\/\/zapateneo.net\/wordpress\/"},{"@type":"ListItem","position":2,"name":"Tienda","item":"https:\/\/zapateneo.net\/wordpress\/"},{"@type":"ListItem","position":3,"name":"La Idea Libre. La cultura anarquista en Espa\u00f1a (1870-1910)"}]},{"@type":"WebSite","@id":"https:\/\/zapateneo.net\/wordpress\/#website","url":"https:\/\/zapateneo.net\/wordpress\/","name":"Zapateneo","description":"Zapateneoaren webgunea","publisher":{"@id":"https:\/\/zapateneo.net\/wordpress\/#organization"},"potentialAction":[{"@type":"SearchAction","target":{"@type":"EntryPoint","urlTemplate":"https:\/\/zapateneo.net\/wordpress\/?s={search_term_string}"},"query-input":{"@type":"PropertyValueSpecification","valueRequired":true,"valueName":"search_term_string"}}],"inLanguage":"es"},{"@type":"Organization","@id":"https:\/\/zapateneo.net\/wordpress\/#organization","name":"Zapateneo Kultur Elkartea","url":"https:\/\/zapateneo.net\/wordpress\/","logo":{"@type":"ImageObject","inLanguage":"es","@id":"https:\/\/zapateneo.net\/wordpress\/#\/schema\/logo\/image\/","url":"https:\/\/zapateneo.net\/wordpress\/wp-content\/uploads\/2021\/04\/zap-libu-kolec.jpg","contentUrl":"https:\/\/zapateneo.net\/wordpress\/wp-content\/uploads\/2021\/04\/zap-libu-kolec.jpg","width":2234,"height":398,"caption":"Zapateneo Kultur Elkartea"},"image":{"@id":"https:\/\/zapateneo.net\/wordpress\/#\/schema\/logo\/image\/"},"sameAs":["https:\/\/x.com\/zapateneo"]}]}},"_links":{"self":[{"href":"https:\/\/zapateneo.net\/wordpress\/index.php\/wp-json\/wp\/v2\/product\/2714","targetHints":{"allow":["GET"]}}],"collection":[{"href":"https:\/\/zapateneo.net\/wordpress\/index.php\/wp-json\/wp\/v2\/product"}],"about":[{"href":"https:\/\/zapateneo.net\/wordpress\/index.php\/wp-json\/wp\/v2\/types\/product"}],"wp:featuredmedia":[{"embeddable":true,"href":"https:\/\/zapateneo.net\/wordpress\/index.php\/wp-json\/wp\/v2\/media\/2753"}],"wp:attachment":[{"href":"https:\/\/zapateneo.net\/wordpress\/index.php\/wp-json\/wp\/v2\/media?parent=2714"}],"wp:term":[{"taxonomy":"product_brand","embeddable":true,"href":"https:\/\/zapateneo.net\/wordpress\/index.php\/wp-json\/wp\/v2\/product_brand?post=2714"},{"taxonomy":"product_cat","embeddable":true,"href":"https:\/\/zapateneo.net\/wordpress\/index.php\/wp-json\/wp\/v2\/product_cat?post=2714"},{"taxonomy":"product_tag","embeddable":true,"href":"https:\/\/zapateneo.net\/wordpress\/index.php\/wp-json\/wp\/v2\/product_tag?post=2714"}],"curies":[{"name":"wp","href":"https:\/\/api.w.org\/{rel}","templated":true}]}}