{"id":2707,"date":"2021-04-07T16:40:47","date_gmt":"2021-04-07T15:40:47","guid":{"rendered":"https:\/\/zapateneo.net\/wordpress\/?post_type=product&#038;p=2707"},"modified":"2023-04-11T08:57:29","modified_gmt":"2023-04-11T07:57:29","slug":"el-islam-como-anarquismo-mistico","status":"publish","type":"product","link":"https:\/\/zapateneo.net\/wordpress\/index.php\/producto\/el-islam-como-anarquismo-mistico\/","title":{"rendered":"El islam como anarquismo m\u00edstico"},"content":{"rendered":"<div>\n<p>Hay una parad\u00f3jica convergencia de intereses entre los enemigos del islam y aquellos que quieren ser la autoridad en el islam en estandarizar el hecho musulm\u00e1n, reducirlo a una sola lectura, a una sola doctrina, haciendo que, en \u00faltima instancia, la voz y las pr\u00e1cticas de la umma (comunidad de creyentes) dependan de una jerarqu\u00eda estatal o religiosa. Pero, como indica Abdennur Prado, \u00abel mundo isl\u00e1mico se caracteriza desde sus inicios por la proliferaci\u00f3n de corrientes y de modos de entender y vivir el islam, tanto a nivel individual como colectivo\u00bb. En este sentido,\u00a0<em>El islam como anarquismo m\u00edstico<\/em>\u00a0no es tanto una interpretaci\u00f3n sui g\u00e9neris del anarquismo como una lectura radical y revolucionaria del islam, que no carece de precedentes, basada en un profundo conocimiento de los textos. Sin ocultar las diferencias entre la religi\u00f3n isl\u00e1mica y el ate\u00edsmo radical del anarquismo, Prado nos muestra que en aspectos como el antiestatismo, la justicia social o el apoyo mutuo, los textos del profeta Muhammad o de ciertos intelectuales isl\u00e1micos coinciden con la l\u00f3gica libertaria. La posici\u00f3n de Avempace, el turco sheij Bedreddim o Ibn Jald\u00fan, que \u00abantepuso el ideal \u00e9tico de la ayuda mutua y la cooperaci\u00f3n entre los miembros de una comunidad a la obediencia al Estado\u00bb, pone en relaci\u00f3n algunas de las fuentes cl\u00e1sicas del islam con la l\u00f3gica antiautoritaria y comunista o colectivista de la tradici\u00f3n libertaria. En este sentido, cuando el autor nos habla de misticismo o de \u00abanarquismo m\u00edstico\u00bb, hace referencia a una espiritualidad libre, sin cl\u00e9rigos ni dogmas, que \u00abantepone la experiencia a la creencia\u00bb, que lejos de abstraerse de la realidad est\u00e1 arraigada a la tierra y a la vida, y que repele cualquier mediaci\u00f3n o codificaci\u00f3n por parte de la religi\u00f3n instituida. Un texto riguroso y que invita a la reflexi\u00f3n.<\/p>\n<p>&nbsp;<\/p>\n<\/div>\n<div class=\"row\">\n<div class=\"col-12 col-12-small\">\n<p><span class=\"image left autor\"><img decoding=\"async\" src=\"https:\/\/www.viruseditorial.net\/\/fotos-autor\/abdennur-prado.jpg\" alt=\"abdennur-prado\" \/><\/span><\/p>\n<p>Abdennur Prado es una de las voces m\u00e1s genuinas dentro del islam en el contexto catal\u00e1n y espa\u00f1ol, pero tambi\u00e9n en nuestro panorama intelectual en general. Musulm\u00e1n en plena eclosi\u00f3n de la islamofobia posterior al 11S, Abdennur Prado ha denunciado las simplificaciones a las que est\u00e1 siendo sometido el hecho musulm\u00e1n en occidente, a la vez que promueve un islam no institucionalizado ni clericalizado.\u00a0presidente de la Junta Isl\u00e1mica Catalana, director del Congreso Internacional de Feminismo Isl\u00e1mico, y colaborador del el ex relator especial de la ONU para la islamofobia Doudou Di\u00e8ne, Prado ha llevado a cabo una actividad pol\u00edtica y militante confrontada tanto con las interpretaciones conservadoras del islam como con los discursos y las pr\u00e1cticas islamof\u00f3bicas.<\/p>\n<p>Adem\u00e1s de colaborar habitualmente en diversos medios de comunicaci\u00f3n, es autor de varios libros que abarcan desde la poes\u00eda al ensayo cr\u00edtico o la teolog\u00eda isl\u00e1mica. Entre sus obras est\u00e1n\u00a0<em>El lenguaje pol\u00edtico del Cor\u00e1n<\/em>\u00a0(editorial Popular).\u00a0<em>El retorn de l&#8217;islam a Catalunya<\/em>\u00a0(Llibres de l&#8217;\u00edndex),\u00a0<em>El islam anterior al islam<\/em>\u00a0(Oozebap) y\u00a0<em>El islam en democracia<\/em>\u00a0(editorial Junta Isl\u00e1mica). Con Virus editorial particip\u00f3 en\u00a0<em><span lang=\"ES-TRAD\">Rastros de Dixan. Islamofobia y construcci\u00f3n del enemigo en la era post-11S\u00a0<\/span><\/em><span lang=\"ES-TRAD\">(2009) y ha publicado\u00a0<\/span><em><span lang=\"ES-TRAD\">El islam como anarquismo m\u00edstico.<\/span><\/em><\/p>\n<p>&nbsp;<\/p>\n<\/div>\n<\/div>\n<p>&nbsp;<\/p>\n<p><a href=\"http:\/\/www.viruseditorial.net\/pags\/noticia.php?id=219\" target=\"_blank\" rel=\"noopener\"><strong>\u00abNo hay ninguna base en el islam para condenar la homosexualidad\u00bb<\/strong><\/a>\u00a0(Las aceras de enfrente,\u00a0<em>Radio 3<\/em>)<\/p>\n<p><a href=\"http:\/\/www.viruseditorial.net\/pags\/noticia.php?id=231\" target=\"_blank\" rel=\"noopener\"><strong>\u00abEl islam no es una ideolog\u00eda, es un modo de vida integrado\u00bb<\/strong><\/a>\u00a0(<em>Radio Euskadi<\/em>)<\/p>\n<p><a href=\"http:\/\/www.viruseditorial.net\/pags\/noticia.php?id=240\" target=\"_blank\" rel=\"noopener\"><strong>\u00abUna clarificadora comparaci\u00f3n entre el islam y el anarquismo\u00bb<\/strong><\/a>\u00a0(<em>Webislam<\/em>)<\/p>\n<p><a href=\"http:\/\/www.viruseditorial.net\/pags\/noticia.php?id=242\" target=\"_blank\" rel=\"noopener\"><strong>Una lectura anarquista de l&#8217;islam<\/strong><\/a>\u00a0(Mart\u00ed Crespo,\u00a0<em>Vilaweb<\/em>)<\/p>\n<p><a href=\"http:\/\/www.viruseditorial.net\/pags\/noticia.php?id=249\" target=\"_blank\" rel=\"noopener\"><strong>\u00abEls vels que ens tapen els ulls: La por a l&#8217;Islam\u00bb<\/strong><\/a>\u00a0(Llu\u00eds Mauri Sell\u00e9s,\u00a0<em>Vilaweb<\/em>)<\/p>\n<p><a href=\"http:\/\/www.viruseditorial.net\/pags\/noticia.php?id=250\" target=\"_blank\" rel=\"noopener\"><strong>\u00abZapatero dice que no tolera las violaciones de derechos humanos en L\u00edbia, T\u00fanez o Egipto, pero las ha tolerado antes igual que ahora las sigue tolerando en Marruecos\u00bb<\/strong><\/a>\u00a0(Abdennur Prado, Carne Cruda-<em>Radio 3<\/em>)<\/p>\n<p><a href=\"http:\/\/www.viruseditorial.net\/pags\/noticia.php?id=251\" target=\"_blank\" rel=\"noopener\"><strong>\u00abEl islam ha sido transformado paulatinamente en una religi\u00f3n al servicio del poder\u00bb<\/strong><\/a>\u00a0(Abdennur Prado,\u00a0<em>Diagonal<\/em>)<\/p>\n<p><a href=\"http:\/\/www.viruseditorial.net\/pags\/noticia.php?id=330\" target=\"_blank\" rel=\"noopener\"><strong>\u00abYihad es la obligaci\u00f3n y el esfuerzo de todo ser humano de luchar por la justicia\u00bb<\/strong><\/a>\u00a0(Abdennur Prado, Radio Ondaexpansiva)<\/p>\n<p><a href=\"http:\/\/www.viruseditorial.net\/pags\/noticia.php?id=253\" target=\"_blank\" rel=\"noopener\"><strong>Manifiesto contra la religi\u00f3n de la islamofobia. En defensa de Abdennur Prado y contra la criminalizaci\u00f3n medi\u00e1tica de los musulmanes<\/strong><\/a><\/p>\n<p><a href=\"http:\/\/www.viruseditorial.net\/pags\/noticia.php?id=254\" target=\"_blank\" rel=\"noopener\"><strong>Manifest contra la religi\u00f3 de la islamof\u00f2bia. En defensa d&#8217;Abdennur Prado i contra la criminalitzaci\u00f3 medi\u00e0tica dels musulmans<\/strong><\/a><\/p>\n<p><a href=\"http:\/\/www.viruseditorial.net\/pags\/noticia.php?id=256\" target=\"_blank\" rel=\"noopener\"><strong>\u00abAbdennur Prado acude a las fuentes originarias del islam pero sin perder los mejores rasgos de la revoluci\u00f3n europea\u00bb<\/strong><\/a>\u00a0(Juantxo Estebaranz,\u00a0<em>TAS TAS<\/em>)<\/p>\n<p><a href=\"http:\/\/www.viruseditorial.net\/pags\/noticia.php?id=285\" target=\"_blank\" rel=\"noopener\"><strong>Abdennur Prado: \u00abEls Estat-naci\u00f3 moderns volen clericalitzar l&#8217;islam per controlar-lo\u00bb<\/strong><\/a>\u00a0(Abdennur Prado,\u00a0<em>COM Radio)<\/em><\/p>\n<p><a href=\"http:\/\/www.viruseditorial.net\/pags\/noticia.php?id=287\" target=\"_blank\" rel=\"noopener\"><strong>\u00abCal recuperar la dimensi\u00f3 llibert\u00e0ria de l\u2019islam\u00bb<\/strong><\/a>\u00a0(Abdennur Prado,\u00a0<em>Directa<\/em>)<\/p>\n<p><a href=\"http:\/\/www.viruseditorial.net\/pags\/noticia.php?id=95\" target=\"_blank\" rel=\"noopener\"><strong>Abdennur Prado en Harticultura de LaTele.cat<\/strong><\/a><\/p>\n","protected":false},"excerpt":{"rendered":"<p><strong>Abdenur prado<\/strong><br \/>\n9788492559299 &#8211; VIRUS &#8211; 2010 &#8211; 102 p\u00e1ginas \/orri.<\/p>\n","protected":false},"featured_media":2747,"template":"","meta":[],"product_brand":[],"product_cat":[1868,16],"product_tag":[3148,57],"class_list":{"0":"post-2707","1":"product","2":"type-product","3":"status-publish","4":"has-post-thumbnail","6":"product_cat-anarkismoa-anarquismo","7":"product_cat-libros","8":"product_tag-abdennur-prado","9":"product_tag-virus","11":"first","12":"instock","13":"sold-individually","14":"shipping-taxable","15":"purchasable","16":"product-type-simple"},"yoast_head":"<!-- This site is optimized with the Yoast SEO plugin v27.3 - https:\/\/yoast.com\/product\/yoast-seo-wordpress\/ -->\n<title>El islam como anarquismo m\u00edstico &#8212; Zapateneo<\/title>\n<meta name=\"robots\" content=\"index, follow, max-snippet:-1, max-image-preview:large, max-video-preview:-1\" \/>\n<link rel=\"canonical\" href=\"https:\/\/zapateneo.net\/wordpress\/index.php\/producto\/el-islam-como-anarquismo-mistico\/\" \/>\n<meta property=\"og:locale\" content=\"es_ES\" \/>\n<meta property=\"og:type\" content=\"article\" \/>\n<meta property=\"og:title\" content=\"El islam como anarquismo m\u00edstico &#8212; Zapateneo\" \/>\n<meta property=\"og:description\" content=\"Abdenur prado 9788492559299 - VIRUS - 2010 - 102 p\u00e1ginas \/orri.\" \/>\n<meta property=\"og:url\" content=\"https:\/\/zapateneo.net\/wordpress\/index.php\/producto\/el-islam-como-anarquismo-mistico\/\" \/>\n<meta property=\"og:site_name\" content=\"Zapateneo\" \/>\n<meta property=\"article:modified_time\" content=\"2023-04-11T07:57:29+00:00\" \/>\n<meta property=\"og:image\" content=\"https:\/\/zapateneo.net\/wordpress\/wp-content\/uploads\/2021\/04\/9788492559299.jpg\" \/>\n\t<meta property=\"og:image:width\" content=\"120\" \/>\n\t<meta property=\"og:image:height\" content=\"179\" \/>\n\t<meta property=\"og:image:type\" content=\"image\/jpeg\" \/>\n<meta name=\"twitter:card\" content=\"summary_large_image\" \/>\n<meta name=\"twitter:site\" content=\"@zapateneo\" \/>\n<meta name=\"twitter:label1\" content=\"Tiempo de lectura\" \/>\n\t<meta name=\"twitter:data1\" content=\"4 minutos\" \/>\n<script type=\"application\/ld+json\" class=\"yoast-schema-graph\">{\"@context\":\"https:\\\/\\\/schema.org\",\"@graph\":[{\"@type\":\"WebPage\",\"@id\":\"https:\\\/\\\/zapateneo.net\\\/wordpress\\\/index.php\\\/producto\\\/el-islam-como-anarquismo-mistico\\\/\",\"url\":\"https:\\\/\\\/zapateneo.net\\\/wordpress\\\/index.php\\\/producto\\\/el-islam-como-anarquismo-mistico\\\/\",\"name\":\"El islam como anarquismo m\u00edstico &#8212; Zapateneo\",\"isPartOf\":{\"@id\":\"https:\\\/\\\/zapateneo.net\\\/wordpress\\\/#website\"},\"primaryImageOfPage\":{\"@id\":\"https:\\\/\\\/zapateneo.net\\\/wordpress\\\/index.php\\\/producto\\\/el-islam-como-anarquismo-mistico\\\/#primaryimage\"},\"image\":{\"@id\":\"https:\\\/\\\/zapateneo.net\\\/wordpress\\\/index.php\\\/producto\\\/el-islam-como-anarquismo-mistico\\\/#primaryimage\"},\"thumbnailUrl\":\"https:\\\/\\\/zapateneo.net\\\/wordpress\\\/wp-content\\\/uploads\\\/2021\\\/04\\\/9788492559299.jpg\",\"datePublished\":\"2021-04-07T15:40:47+00:00\",\"dateModified\":\"2023-04-11T07:57:29+00:00\",\"breadcrumb\":{\"@id\":\"https:\\\/\\\/zapateneo.net\\\/wordpress\\\/index.php\\\/producto\\\/el-islam-como-anarquismo-mistico\\\/#breadcrumb\"},\"inLanguage\":\"es\",\"potentialAction\":[{\"@type\":\"ReadAction\",\"target\":[\"https:\\\/\\\/zapateneo.net\\\/wordpress\\\/index.php\\\/producto\\\/el-islam-como-anarquismo-mistico\\\/\"]}]},{\"@type\":\"ImageObject\",\"inLanguage\":\"es\",\"@id\":\"https:\\\/\\\/zapateneo.net\\\/wordpress\\\/index.php\\\/producto\\\/el-islam-como-anarquismo-mistico\\\/#primaryimage\",\"url\":\"https:\\\/\\\/zapateneo.net\\\/wordpress\\\/wp-content\\\/uploads\\\/2021\\\/04\\\/9788492559299.jpg\",\"contentUrl\":\"https:\\\/\\\/zapateneo.net\\\/wordpress\\\/wp-content\\\/uploads\\\/2021\\\/04\\\/9788492559299.jpg\",\"width\":120,\"height\":179},{\"@type\":\"BreadcrumbList\",\"@id\":\"https:\\\/\\\/zapateneo.net\\\/wordpress\\\/index.php\\\/producto\\\/el-islam-como-anarquismo-mistico\\\/#breadcrumb\",\"itemListElement\":[{\"@type\":\"ListItem\",\"position\":1,\"name\":\"Portada\",\"item\":\"https:\\\/\\\/zapateneo.net\\\/wordpress\\\/\"},{\"@type\":\"ListItem\",\"position\":2,\"name\":\"Tienda\",\"item\":\"https:\\\/\\\/zapateneo.net\\\/wordpress\\\/\"},{\"@type\":\"ListItem\",\"position\":3,\"name\":\"El islam como anarquismo m\u00edstico\"}]},{\"@type\":\"WebSite\",\"@id\":\"https:\\\/\\\/zapateneo.net\\\/wordpress\\\/#website\",\"url\":\"https:\\\/\\\/zapateneo.net\\\/wordpress\\\/\",\"name\":\"Zapateneo\",\"description\":\"Zapateneoaren webgunea\",\"publisher\":{\"@id\":\"https:\\\/\\\/zapateneo.net\\\/wordpress\\\/#organization\"},\"potentialAction\":[{\"@type\":\"SearchAction\",\"target\":{\"@type\":\"EntryPoint\",\"urlTemplate\":\"https:\\\/\\\/zapateneo.net\\\/wordpress\\\/?s={search_term_string}\"},\"query-input\":{\"@type\":\"PropertyValueSpecification\",\"valueRequired\":true,\"valueName\":\"search_term_string\"}}],\"inLanguage\":\"es\"},{\"@type\":\"Organization\",\"@id\":\"https:\\\/\\\/zapateneo.net\\\/wordpress\\\/#organization\",\"name\":\"Zapateneo Kultur Elkartea\",\"url\":\"https:\\\/\\\/zapateneo.net\\\/wordpress\\\/\",\"logo\":{\"@type\":\"ImageObject\",\"inLanguage\":\"es\",\"@id\":\"https:\\\/\\\/zapateneo.net\\\/wordpress\\\/#\\\/schema\\\/logo\\\/image\\\/\",\"url\":\"https:\\\/\\\/zapateneo.net\\\/wordpress\\\/wp-content\\\/uploads\\\/2021\\\/04\\\/zap-libu-kolec.jpg\",\"contentUrl\":\"https:\\\/\\\/zapateneo.net\\\/wordpress\\\/wp-content\\\/uploads\\\/2021\\\/04\\\/zap-libu-kolec.jpg\",\"width\":2234,\"height\":398,\"caption\":\"Zapateneo Kultur Elkartea\"},\"image\":{\"@id\":\"https:\\\/\\\/zapateneo.net\\\/wordpress\\\/#\\\/schema\\\/logo\\\/image\\\/\"},\"sameAs\":[\"https:\\\/\\\/x.com\\\/zapateneo\"]}]}<\/script>\n<!-- \/ Yoast SEO plugin. -->","yoast_head_json":{"title":"El islam como anarquismo m\u00edstico &#8212; Zapateneo","robots":{"index":"index","follow":"follow","max-snippet":"max-snippet:-1","max-image-preview":"max-image-preview:large","max-video-preview":"max-video-preview:-1"},"canonical":"https:\/\/zapateneo.net\/wordpress\/index.php\/producto\/el-islam-como-anarquismo-mistico\/","og_locale":"es_ES","og_type":"article","og_title":"El islam como anarquismo m\u00edstico &#8212; Zapateneo","og_description":"Abdenur prado 9788492559299 - VIRUS - 2010 - 102 p\u00e1ginas \/orri.","og_url":"https:\/\/zapateneo.net\/wordpress\/index.php\/producto\/el-islam-como-anarquismo-mistico\/","og_site_name":"Zapateneo","article_modified_time":"2023-04-11T07:57:29+00:00","og_image":[{"width":120,"height":179,"url":"https:\/\/zapateneo.net\/wordpress\/wp-content\/uploads\/2021\/04\/9788492559299.jpg","type":"image\/jpeg"}],"twitter_card":"summary_large_image","twitter_site":"@zapateneo","twitter_misc":{"Tiempo de lectura":"4 minutos"},"schema":{"@context":"https:\/\/schema.org","@graph":[{"@type":"WebPage","@id":"https:\/\/zapateneo.net\/wordpress\/index.php\/producto\/el-islam-como-anarquismo-mistico\/","url":"https:\/\/zapateneo.net\/wordpress\/index.php\/producto\/el-islam-como-anarquismo-mistico\/","name":"El islam como anarquismo m\u00edstico &#8212; Zapateneo","isPartOf":{"@id":"https:\/\/zapateneo.net\/wordpress\/#website"},"primaryImageOfPage":{"@id":"https:\/\/zapateneo.net\/wordpress\/index.php\/producto\/el-islam-como-anarquismo-mistico\/#primaryimage"},"image":{"@id":"https:\/\/zapateneo.net\/wordpress\/index.php\/producto\/el-islam-como-anarquismo-mistico\/#primaryimage"},"thumbnailUrl":"https:\/\/zapateneo.net\/wordpress\/wp-content\/uploads\/2021\/04\/9788492559299.jpg","datePublished":"2021-04-07T15:40:47+00:00","dateModified":"2023-04-11T07:57:29+00:00","breadcrumb":{"@id":"https:\/\/zapateneo.net\/wordpress\/index.php\/producto\/el-islam-como-anarquismo-mistico\/#breadcrumb"},"inLanguage":"es","potentialAction":[{"@type":"ReadAction","target":["https:\/\/zapateneo.net\/wordpress\/index.php\/producto\/el-islam-como-anarquismo-mistico\/"]}]},{"@type":"ImageObject","inLanguage":"es","@id":"https:\/\/zapateneo.net\/wordpress\/index.php\/producto\/el-islam-como-anarquismo-mistico\/#primaryimage","url":"https:\/\/zapateneo.net\/wordpress\/wp-content\/uploads\/2021\/04\/9788492559299.jpg","contentUrl":"https:\/\/zapateneo.net\/wordpress\/wp-content\/uploads\/2021\/04\/9788492559299.jpg","width":120,"height":179},{"@type":"BreadcrumbList","@id":"https:\/\/zapateneo.net\/wordpress\/index.php\/producto\/el-islam-como-anarquismo-mistico\/#breadcrumb","itemListElement":[{"@type":"ListItem","position":1,"name":"Portada","item":"https:\/\/zapateneo.net\/wordpress\/"},{"@type":"ListItem","position":2,"name":"Tienda","item":"https:\/\/zapateneo.net\/wordpress\/"},{"@type":"ListItem","position":3,"name":"El islam como anarquismo m\u00edstico"}]},{"@type":"WebSite","@id":"https:\/\/zapateneo.net\/wordpress\/#website","url":"https:\/\/zapateneo.net\/wordpress\/","name":"Zapateneo","description":"Zapateneoaren webgunea","publisher":{"@id":"https:\/\/zapateneo.net\/wordpress\/#organization"},"potentialAction":[{"@type":"SearchAction","target":{"@type":"EntryPoint","urlTemplate":"https:\/\/zapateneo.net\/wordpress\/?s={search_term_string}"},"query-input":{"@type":"PropertyValueSpecification","valueRequired":true,"valueName":"search_term_string"}}],"inLanguage":"es"},{"@type":"Organization","@id":"https:\/\/zapateneo.net\/wordpress\/#organization","name":"Zapateneo Kultur Elkartea","url":"https:\/\/zapateneo.net\/wordpress\/","logo":{"@type":"ImageObject","inLanguage":"es","@id":"https:\/\/zapateneo.net\/wordpress\/#\/schema\/logo\/image\/","url":"https:\/\/zapateneo.net\/wordpress\/wp-content\/uploads\/2021\/04\/zap-libu-kolec.jpg","contentUrl":"https:\/\/zapateneo.net\/wordpress\/wp-content\/uploads\/2021\/04\/zap-libu-kolec.jpg","width":2234,"height":398,"caption":"Zapateneo Kultur Elkartea"},"image":{"@id":"https:\/\/zapateneo.net\/wordpress\/#\/schema\/logo\/image\/"},"sameAs":["https:\/\/x.com\/zapateneo"]}]}},"_links":{"self":[{"href":"https:\/\/zapateneo.net\/wordpress\/index.php\/wp-json\/wp\/v2\/product\/2707","targetHints":{"allow":["GET"]}}],"collection":[{"href":"https:\/\/zapateneo.net\/wordpress\/index.php\/wp-json\/wp\/v2\/product"}],"about":[{"href":"https:\/\/zapateneo.net\/wordpress\/index.php\/wp-json\/wp\/v2\/types\/product"}],"wp:featuredmedia":[{"embeddable":true,"href":"https:\/\/zapateneo.net\/wordpress\/index.php\/wp-json\/wp\/v2\/media\/2747"}],"wp:attachment":[{"href":"https:\/\/zapateneo.net\/wordpress\/index.php\/wp-json\/wp\/v2\/media?parent=2707"}],"wp:term":[{"taxonomy":"product_brand","embeddable":true,"href":"https:\/\/zapateneo.net\/wordpress\/index.php\/wp-json\/wp\/v2\/product_brand?post=2707"},{"taxonomy":"product_cat","embeddable":true,"href":"https:\/\/zapateneo.net\/wordpress\/index.php\/wp-json\/wp\/v2\/product_cat?post=2707"},{"taxonomy":"product_tag","embeddable":true,"href":"https:\/\/zapateneo.net\/wordpress\/index.php\/wp-json\/wp\/v2\/product_tag?post=2707"}],"curies":[{"name":"wp","href":"https:\/\/api.w.org\/{rel}","templated":true}]}}