{"id":2700,"date":"2021-04-07T16:40:45","date_gmt":"2021-04-07T15:40:45","guid":{"rendered":"https:\/\/zapateneo.net\/wordpress\/?post_type=product&#038;p=2700"},"modified":"2022-01-05T18:25:52","modified_gmt":"2022-01-05T17:25:52","slug":"fijaos-en-la-naturaleza","status":"publish","type":"product","link":"https:\/\/zapateneo.net\/wordpress\/index.php\/producto\/fijaos-en-la-naturaleza\/","title":{"rendered":"Fijaos en la naturaleza"},"content":{"rendered":"<p>Fijaos en la Naturaleza<br \/>\n\u00c9tica: Origen y evoluci\u00f3n de la moral<br \/>\nPiotr Aleks\u00e9yevich Kropotkin<br \/>\nPr\u00f3logo de \u00c1lvaro Gir\u00f3n Sierra<\/p>\n<p>Fijaos en la Naturaleza. \u00c9tica: Origen y evoluci\u00f3n de la moral forma parte del gran proyecto \u2014inconcluso\u2014 que Kropotkin se plante\u00f3 al final de su vida: la construcci\u00f3n de una \u00c9tica que asentara los fundamentos morales para garantizar una convivencia justa e igualitaria.<\/p>\n<p>Analizando la vida en com\u00fan de los animales, de los seres humanos previos a la civilizaci\u00f3n, de las diferentes corrientes religiosas, filos\u00f3ficas y morales, Kropotkin prob\u00f3, desde un punto de vista cient\u00edfico, que la Naturaleza no es amoral y no ense\u00f1a al hombre el mal; al contrario, la moral es un producto natural de la evoluci\u00f3n de la vida social no solamente en el ser humano, sino en casi todos los seres vivos. Todo el progreso humano est\u00e1 \u00edntimamente ligado a la vida social, que engendra de modo natural e inevitable, tanto en los humanos como en los animales, el instinto de sociabilidad y de apoyo mutuo, cuyo desarrollo subsiguiente hace nacer en los hombres los sentimientos de simpat\u00eda y de afecto.<\/p>\n<p>Las investigaciones de Kropotkin, siempre fundamentadas en la observaci\u00f3n del medio natural, le otorgan unas cualidades excepcionales que lo convierten en el te\u00f3rico de la anarqu\u00eda por el que mejor pasan los a\u00f1os.<\/p>\n<p>Fijaos en la Naturaleza. \u00c9tica: Origen y evoluci\u00f3n de la moral tambi\u00e9n puede leerse como un sencillo y comprensible, pero profundo, recorrido por las principales corrientes filos\u00f3ficas.<\/p>\n<p>Esta edici\u00f3n cuenta, adem\u00e1s, con un magn\u00edfico y esclarecedor pr\u00f3logo de \u00c1lvaro Gir\u00f3n Sierra.<\/p>\n<p>\u00abSe trataba de demostrar de manera convincente que era posible construir un futuro de comunas libres federadas, en el que el trabajo manual e intelectual estuvieran integrados, y en el que la acci\u00f3n combinada de la agricultura y la industria aseguraran no solo la supervivencia, sino tambi\u00e9n el desarrollo pleno de las energ\u00edas y proyectos individuales y colectivos. Un futuro en el que se suprimir\u00edan tanto el salario como la propiedad privada, y en el que no tendr\u00edan sentido las coerciones legales, estatales o religiosas. Y todo ello ten\u00eda como fundamento la idea de que la sociedad preexist\u00eda, en todos los sentidos de la palabra, al Estado, la ley y la religi\u00f3n. Una sociedad que era, por definici\u00f3n, prehumana, y que se sustentaba en h\u00e1bitos morales que ten\u00edan su base en instintos sociales \u00fatiles en la lucha por la existencia y que hab\u00edamos heredado de nuestros ancestros animales. Proyecto pol\u00edtico, \u00e9tica y lectura idiosincr\u00e1tica del darwinismo eran de una sola pieza\u00bb.\u2014\u00c1lvaro Gir\u00f3n Sierra<\/p>\n","protected":false},"excerpt":{"rendered":"<p><strong>Kropotkin, Piotr<\/strong><br \/>\n9788417386726 &#8211; Pepitas &#8211; 2021 &#8211; 384 p\u00e1ginas \/orri.<\/p>\n","protected":false},"featured_media":2741,"template":"","meta":[],"product_brand":[],"product_cat":[1868,16],"product_tag":[1990,47,5300],"class_list":{"0":"post-2700","1":"product","2":"type-product","3":"status-publish","4":"has-post-thumbnail","6":"product_cat-anarkismoa-anarquismo","7":"product_cat-libros","8":"product_tag-kropotkin","9":"product_tag-pepitas-de-calabaza","10":"product_tag-piotr-kropotkin","12":"first","13":"instock","14":"sold-individually","15":"shipping-taxable","16":"purchasable","17":"product-type-simple"},"yoast_head":"<!-- This site is optimized with the Yoast SEO plugin v27.3 - https:\/\/yoast.com\/product\/yoast-seo-wordpress\/ -->\n<title>Fijaos en la naturaleza &#8212; Zapateneo<\/title>\n<meta name=\"robots\" content=\"index, follow, max-snippet:-1, max-image-preview:large, max-video-preview:-1\" \/>\n<link rel=\"canonical\" href=\"https:\/\/zapateneo.net\/wordpress\/index.php\/producto\/fijaos-en-la-naturaleza\/\" \/>\n<meta property=\"og:locale\" content=\"es_ES\" \/>\n<meta property=\"og:type\" content=\"article\" \/>\n<meta property=\"og:title\" content=\"Fijaos en la naturaleza &#8212; Zapateneo\" \/>\n<meta property=\"og:description\" content=\"Kropotkin, Piotr 9788417386726 - Pepitas - 2021 - 384 p\u00e1ginas \/orri.\" \/>\n<meta property=\"og:url\" content=\"https:\/\/zapateneo.net\/wordpress\/index.php\/producto\/fijaos-en-la-naturaleza\/\" \/>\n<meta property=\"og:site_name\" content=\"Zapateneo\" \/>\n<meta property=\"article:modified_time\" content=\"2022-01-05T17:25:52+00:00\" \/>\n<meta property=\"og:image\" content=\"https:\/\/zapateneo.net\/wordpress\/wp-content\/uploads\/2021\/04\/9788417386726.jpg\" \/>\n\t<meta property=\"og:image:width\" content=\"176\" \/>\n\t<meta property=\"og:image:height\" content=\"250\" \/>\n\t<meta property=\"og:image:type\" content=\"image\/jpeg\" \/>\n<meta name=\"twitter:card\" content=\"summary_large_image\" \/>\n<meta name=\"twitter:site\" content=\"@zapateneo\" \/>\n<meta name=\"twitter:label1\" content=\"Tiempo de lectura\" \/>\n\t<meta name=\"twitter:data1\" content=\"2 minutos\" \/>\n<script type=\"application\/ld+json\" class=\"yoast-schema-graph\">{\"@context\":\"https:\\\/\\\/schema.org\",\"@graph\":[{\"@type\":\"WebPage\",\"@id\":\"https:\\\/\\\/zapateneo.net\\\/wordpress\\\/index.php\\\/producto\\\/fijaos-en-la-naturaleza\\\/\",\"url\":\"https:\\\/\\\/zapateneo.net\\\/wordpress\\\/index.php\\\/producto\\\/fijaos-en-la-naturaleza\\\/\",\"name\":\"Fijaos en la naturaleza &#8212; Zapateneo\",\"isPartOf\":{\"@id\":\"https:\\\/\\\/zapateneo.net\\\/wordpress\\\/#website\"},\"primaryImageOfPage\":{\"@id\":\"https:\\\/\\\/zapateneo.net\\\/wordpress\\\/index.php\\\/producto\\\/fijaos-en-la-naturaleza\\\/#primaryimage\"},\"image\":{\"@id\":\"https:\\\/\\\/zapateneo.net\\\/wordpress\\\/index.php\\\/producto\\\/fijaos-en-la-naturaleza\\\/#primaryimage\"},\"thumbnailUrl\":\"https:\\\/\\\/zapateneo.net\\\/wordpress\\\/wp-content\\\/uploads\\\/2021\\\/04\\\/9788417386726.jpg\",\"datePublished\":\"2021-04-07T15:40:45+00:00\",\"dateModified\":\"2022-01-05T17:25:52+00:00\",\"breadcrumb\":{\"@id\":\"https:\\\/\\\/zapateneo.net\\\/wordpress\\\/index.php\\\/producto\\\/fijaos-en-la-naturaleza\\\/#breadcrumb\"},\"inLanguage\":\"es\",\"potentialAction\":[{\"@type\":\"ReadAction\",\"target\":[\"https:\\\/\\\/zapateneo.net\\\/wordpress\\\/index.php\\\/producto\\\/fijaos-en-la-naturaleza\\\/\"]}]},{\"@type\":\"ImageObject\",\"inLanguage\":\"es\",\"@id\":\"https:\\\/\\\/zapateneo.net\\\/wordpress\\\/index.php\\\/producto\\\/fijaos-en-la-naturaleza\\\/#primaryimage\",\"url\":\"https:\\\/\\\/zapateneo.net\\\/wordpress\\\/wp-content\\\/uploads\\\/2021\\\/04\\\/9788417386726.jpg\",\"contentUrl\":\"https:\\\/\\\/zapateneo.net\\\/wordpress\\\/wp-content\\\/uploads\\\/2021\\\/04\\\/9788417386726.jpg\",\"width\":176,\"height\":250},{\"@type\":\"BreadcrumbList\",\"@id\":\"https:\\\/\\\/zapateneo.net\\\/wordpress\\\/index.php\\\/producto\\\/fijaos-en-la-naturaleza\\\/#breadcrumb\",\"itemListElement\":[{\"@type\":\"ListItem\",\"position\":1,\"name\":\"Portada\",\"item\":\"https:\\\/\\\/zapateneo.net\\\/wordpress\\\/\"},{\"@type\":\"ListItem\",\"position\":2,\"name\":\"Tienda\",\"item\":\"https:\\\/\\\/zapateneo.net\\\/wordpress\\\/\"},{\"@type\":\"ListItem\",\"position\":3,\"name\":\"Fijaos en la naturaleza\"}]},{\"@type\":\"WebSite\",\"@id\":\"https:\\\/\\\/zapateneo.net\\\/wordpress\\\/#website\",\"url\":\"https:\\\/\\\/zapateneo.net\\\/wordpress\\\/\",\"name\":\"Zapateneo\",\"description\":\"Zapateneoaren webgunea\",\"publisher\":{\"@id\":\"https:\\\/\\\/zapateneo.net\\\/wordpress\\\/#organization\"},\"potentialAction\":[{\"@type\":\"SearchAction\",\"target\":{\"@type\":\"EntryPoint\",\"urlTemplate\":\"https:\\\/\\\/zapateneo.net\\\/wordpress\\\/?s={search_term_string}\"},\"query-input\":{\"@type\":\"PropertyValueSpecification\",\"valueRequired\":true,\"valueName\":\"search_term_string\"}}],\"inLanguage\":\"es\"},{\"@type\":\"Organization\",\"@id\":\"https:\\\/\\\/zapateneo.net\\\/wordpress\\\/#organization\",\"name\":\"Zapateneo Kultur Elkartea\",\"url\":\"https:\\\/\\\/zapateneo.net\\\/wordpress\\\/\",\"logo\":{\"@type\":\"ImageObject\",\"inLanguage\":\"es\",\"@id\":\"https:\\\/\\\/zapateneo.net\\\/wordpress\\\/#\\\/schema\\\/logo\\\/image\\\/\",\"url\":\"https:\\\/\\\/zapateneo.net\\\/wordpress\\\/wp-content\\\/uploads\\\/2021\\\/04\\\/zap-libu-kolec.jpg\",\"contentUrl\":\"https:\\\/\\\/zapateneo.net\\\/wordpress\\\/wp-content\\\/uploads\\\/2021\\\/04\\\/zap-libu-kolec.jpg\",\"width\":2234,\"height\":398,\"caption\":\"Zapateneo Kultur Elkartea\"},\"image\":{\"@id\":\"https:\\\/\\\/zapateneo.net\\\/wordpress\\\/#\\\/schema\\\/logo\\\/image\\\/\"},\"sameAs\":[\"https:\\\/\\\/x.com\\\/zapateneo\"]}]}<\/script>\n<!-- \/ Yoast SEO plugin. -->","yoast_head_json":{"title":"Fijaos en la naturaleza &#8212; Zapateneo","robots":{"index":"index","follow":"follow","max-snippet":"max-snippet:-1","max-image-preview":"max-image-preview:large","max-video-preview":"max-video-preview:-1"},"canonical":"https:\/\/zapateneo.net\/wordpress\/index.php\/producto\/fijaos-en-la-naturaleza\/","og_locale":"es_ES","og_type":"article","og_title":"Fijaos en la naturaleza &#8212; Zapateneo","og_description":"Kropotkin, Piotr 9788417386726 - Pepitas - 2021 - 384 p\u00e1ginas \/orri.","og_url":"https:\/\/zapateneo.net\/wordpress\/index.php\/producto\/fijaos-en-la-naturaleza\/","og_site_name":"Zapateneo","article_modified_time":"2022-01-05T17:25:52+00:00","og_image":[{"width":176,"height":250,"url":"https:\/\/zapateneo.net\/wordpress\/wp-content\/uploads\/2021\/04\/9788417386726.jpg","type":"image\/jpeg"}],"twitter_card":"summary_large_image","twitter_site":"@zapateneo","twitter_misc":{"Tiempo de lectura":"2 minutos"},"schema":{"@context":"https:\/\/schema.org","@graph":[{"@type":"WebPage","@id":"https:\/\/zapateneo.net\/wordpress\/index.php\/producto\/fijaos-en-la-naturaleza\/","url":"https:\/\/zapateneo.net\/wordpress\/index.php\/producto\/fijaos-en-la-naturaleza\/","name":"Fijaos en la naturaleza &#8212; Zapateneo","isPartOf":{"@id":"https:\/\/zapateneo.net\/wordpress\/#website"},"primaryImageOfPage":{"@id":"https:\/\/zapateneo.net\/wordpress\/index.php\/producto\/fijaos-en-la-naturaleza\/#primaryimage"},"image":{"@id":"https:\/\/zapateneo.net\/wordpress\/index.php\/producto\/fijaos-en-la-naturaleza\/#primaryimage"},"thumbnailUrl":"https:\/\/zapateneo.net\/wordpress\/wp-content\/uploads\/2021\/04\/9788417386726.jpg","datePublished":"2021-04-07T15:40:45+00:00","dateModified":"2022-01-05T17:25:52+00:00","breadcrumb":{"@id":"https:\/\/zapateneo.net\/wordpress\/index.php\/producto\/fijaos-en-la-naturaleza\/#breadcrumb"},"inLanguage":"es","potentialAction":[{"@type":"ReadAction","target":["https:\/\/zapateneo.net\/wordpress\/index.php\/producto\/fijaos-en-la-naturaleza\/"]}]},{"@type":"ImageObject","inLanguage":"es","@id":"https:\/\/zapateneo.net\/wordpress\/index.php\/producto\/fijaos-en-la-naturaleza\/#primaryimage","url":"https:\/\/zapateneo.net\/wordpress\/wp-content\/uploads\/2021\/04\/9788417386726.jpg","contentUrl":"https:\/\/zapateneo.net\/wordpress\/wp-content\/uploads\/2021\/04\/9788417386726.jpg","width":176,"height":250},{"@type":"BreadcrumbList","@id":"https:\/\/zapateneo.net\/wordpress\/index.php\/producto\/fijaos-en-la-naturaleza\/#breadcrumb","itemListElement":[{"@type":"ListItem","position":1,"name":"Portada","item":"https:\/\/zapateneo.net\/wordpress\/"},{"@type":"ListItem","position":2,"name":"Tienda","item":"https:\/\/zapateneo.net\/wordpress\/"},{"@type":"ListItem","position":3,"name":"Fijaos en la naturaleza"}]},{"@type":"WebSite","@id":"https:\/\/zapateneo.net\/wordpress\/#website","url":"https:\/\/zapateneo.net\/wordpress\/","name":"Zapateneo","description":"Zapateneoaren webgunea","publisher":{"@id":"https:\/\/zapateneo.net\/wordpress\/#organization"},"potentialAction":[{"@type":"SearchAction","target":{"@type":"EntryPoint","urlTemplate":"https:\/\/zapateneo.net\/wordpress\/?s={search_term_string}"},"query-input":{"@type":"PropertyValueSpecification","valueRequired":true,"valueName":"search_term_string"}}],"inLanguage":"es"},{"@type":"Organization","@id":"https:\/\/zapateneo.net\/wordpress\/#organization","name":"Zapateneo Kultur Elkartea","url":"https:\/\/zapateneo.net\/wordpress\/","logo":{"@type":"ImageObject","inLanguage":"es","@id":"https:\/\/zapateneo.net\/wordpress\/#\/schema\/logo\/image\/","url":"https:\/\/zapateneo.net\/wordpress\/wp-content\/uploads\/2021\/04\/zap-libu-kolec.jpg","contentUrl":"https:\/\/zapateneo.net\/wordpress\/wp-content\/uploads\/2021\/04\/zap-libu-kolec.jpg","width":2234,"height":398,"caption":"Zapateneo Kultur Elkartea"},"image":{"@id":"https:\/\/zapateneo.net\/wordpress\/#\/schema\/logo\/image\/"},"sameAs":["https:\/\/x.com\/zapateneo"]}]}},"_links":{"self":[{"href":"https:\/\/zapateneo.net\/wordpress\/index.php\/wp-json\/wp\/v2\/product\/2700","targetHints":{"allow":["GET"]}}],"collection":[{"href":"https:\/\/zapateneo.net\/wordpress\/index.php\/wp-json\/wp\/v2\/product"}],"about":[{"href":"https:\/\/zapateneo.net\/wordpress\/index.php\/wp-json\/wp\/v2\/types\/product"}],"wp:featuredmedia":[{"embeddable":true,"href":"https:\/\/zapateneo.net\/wordpress\/index.php\/wp-json\/wp\/v2\/media\/2741"}],"wp:attachment":[{"href":"https:\/\/zapateneo.net\/wordpress\/index.php\/wp-json\/wp\/v2\/media?parent=2700"}],"wp:term":[{"taxonomy":"product_brand","embeddable":true,"href":"https:\/\/zapateneo.net\/wordpress\/index.php\/wp-json\/wp\/v2\/product_brand?post=2700"},{"taxonomy":"product_cat","embeddable":true,"href":"https:\/\/zapateneo.net\/wordpress\/index.php\/wp-json\/wp\/v2\/product_cat?post=2700"},{"taxonomy":"product_tag","embeddable":true,"href":"https:\/\/zapateneo.net\/wordpress\/index.php\/wp-json\/wp\/v2\/product_tag?post=2700"}],"curies":[{"name":"wp","href":"https:\/\/api.w.org\/{rel}","templated":true}]}}