{"id":2637,"date":"2021-04-07T16:23:42","date_gmt":"2021-04-07T15:23:42","guid":{"rendered":"https:\/\/zapateneo.net\/wordpress\/?post_type=product&#038;p=2637"},"modified":"2023-05-05T06:23:50","modified_gmt":"2023-05-05T05:23:50","slug":"hasta-los-paranoicos-tienen-enemigos","status":"publish","type":"product","link":"https:\/\/zapateneo.net\/wordpress\/index.php\/producto\/hasta-los-paranoicos-tienen-enemigos\/","title":{"rendered":"HASTA LOS PARANOICOS TIENEN ENEMIGOS"},"content":{"rendered":"<p>&nbsp;<\/p>\n<p>&nbsp;<\/p>\n<p>&nbsp;<\/p>\n<p class=\"spip\" align=\"justify\"><strong class=\"spip\">DESOBEDIENCIA DE LA MEMORIA<\/strong><\/p>\n<p class=\"spip\" align=\"justify\"><em class=\"spip\">Enrique Falc\u00f3n<\/em><\/p>\n<p class=\"spip\" align=\"justify\">Este libro es al mismo tiempo una memoria sobre la guerra y una antolog\u00eda de poemas trenzados como cuchillas, y quiso ser escrito -en tiempo real- durante los 21 d\u00edas que oficialmente dur\u00f3 la guerra de Iraq la pasada primavera, a un ritmo medio de catorce horas diarias de escritura sin medida. Como ya ocurriera en episodios precedentes, el acoso, la guerra y la ocupaci\u00f3n de Iraq supusieron -en el paulatino proceso de explicitaci\u00f3n del cinismo en el gobierno de Espa\u00f1a- la instalaci\u00f3n en la mentira de una estrategia que aspiraba a un imposible consenso de \u201cpacificaci\u00f3n\u201d social. Sin embargo, en pocos episodios como en \u00e9ste, tantas voces se levantaron para cuestionar la mentira, para ponerla activamente en entredicho, para detener lo inevitable. Organizaciones sociales, movilizaciones ciudadanas y grupos de izquierda -donde el papel tanto de artistas como de escritores fue significativo, pese a sus demasiado ocasionales ambig\u00fcedades- alzaron sus voces contra este nuevo tipo de guerra que el Informe Ikle y Wohlsletter del Departamento de Defensa c\u00ednicamente describ\u00eda (para tiempos \u201cnuevos\u201d) como \u201cinstant\u00e1nea\u201d, \u201climpia\u201d y \u201cprofesional\u201d.<\/p>\n<p class=\"spip\" align=\"justify\">Las sucesivas y cada vez m\u00e1s contradictorias versiones oficiales\u201d de la realidad fueron firmemente cuestionadas por un importante sector de la gente, a pesar de que meses antes fuera filtrado un proyecto de intoxicaci\u00f3n elaborado por el Pent\u00e1gono dirigido a lanzar masivas operaciones secretas \u201cde propaganda b\u00e9lica\u201d con el fin de influir en la opini\u00f3n p\u00fablica de pa\u00edses neutrales y aliados, incluyendo el pago directo de dinero a periodistas extranjeros que pudieran ofrecer una visi\u00f3n positiva acerca de la pol\u00edtica exterior del gobierno de EEUU. Por entonces se daba a conocer la existencia de la \u2018Oficina de Influencia Estrat\u00e9gica\u2019, la sala de guerra creada por el Departamento de Estado estadounidense con la misi\u00f3n de \u00abcambiar los corazones y las mentes de la opini\u00f3n p\u00fablica internacional\u201d. Lo que andaba en juego era aceptar o no la infravaloraci\u00f3n del precio de la sangre de la poblaci\u00f3n civil iraqu\u00ed con respecto a las necesidades energ\u00e9ticas y estrat\u00e9gicas del Occidente Democr\u00e1tico; lo que andaba en juego era la supuestamente incuestionable legitimidad de los se\u00f1ores de la guerra, del petr\u00f3leo y del monopoli global; lo que andaba en fuego era el supuesto valor de la verdad en el territorio abierto de una nueva masacre.<\/p>\n<p class=\"spip\" align=\"justify\">Coherente con las renovadas y sofisticadas operaciones de maquillaje procedentes de todas las salas de guerra de nuestro planeta, coherente con la -unas veces sutil\u00edsima, otras veces cruelmente expl\u00edcita- militarizaci\u00f3n de nuestras sociedades, la l\u00f3gica del miedo que las administraciones del Norte procuran (no m\u00e1s por garantizar supuestos mercados \u201cestables y abiertos\u201d) volvi\u00f3 a reactivarse en las fases previas a la invasi\u00f3n del territorio iraqu\u00ed, con el vergonzoso apoyo de nuestro gobierno vasallo y local. Sin embargo y sin querer hincar las rodillas, el poeta Antonio Gamoneda recordaba -en una de las multitudinarias manifestaciones ciudadanas del 15 de Febrero- que eran muchas, demasiadas, las voces que exig\u00edan a ese mismo gobierno, supuestamente representativo, \u201cque no puede confundir nuestra conciencia con la suya; que lo sepa y que no lo olvide, porque tendr\u00e1 que rendir cuentas ante el inmenso tribunal que se est\u00e1 formando a partir de esa misma conciencia\u201d.<\/p>\n<p class=\"spip\" align=\"justify\">Poeta de conciencia cr\u00edtica precisamente es mi compa\u00f1ero David Gonz\u00e1lez, uno de los autores fundamentales de la poes\u00eda de resistencia pol\u00edtica que se escribe en el Estado espa\u00f1ol, y cuyo \u00faltimo trabajo estas l\u00edneas prologan: un libro ins\u00f3lito, necesario, contra todas las tentaciones del olvido; un libro que -tras su paso minucioso por los sucesos de aquellos 21 d\u00edas terribles- no pod\u00eda terminar sino como justamente hab\u00eda querido empezar: con un gesto decisivo de desobediencia ante cualquier emperador. En sus anteriores libros de poes\u00eda -El demonio te coma las orejas (Ed. Crecida, 1997); Ley de Vida, (DVD, 1998); Sparrings, (L\u00ednea de Fuego, 2000); Sembrando hogueras, (Bartleby, 2001); La carretera roja (Celya, 2002); El hombre de las suelas de viento, (German\u00eda, 2003)- puede rastrearse esa misma voluntad de no doblegarse y de ayudar a otros a no hacerlo. El emperador anda desnudo, denuncia la literatura de Gonz\u00e1lez; su traje nuevo no es m\u00e1s que una mentira, y est\u00e1 cosido a sangre.<\/p>\n<p class=\"spip\" align=\"justify\">A sus demostradas acciones de desobediencia coherente (compa\u00f1ero de viaje y amigo suyo, soy testigo de ellas desde hace a\u00f1os, tanto en resistencias del mundo de la poes\u00eda en este pa\u00eds como en las de otros mundos no menos terribles),<br \/>\nDavid a\u00f1ade con esta obra un nuevo desplante ante el poder: la desobediencia de quien tercamente se niega a olvidar, la de quien se propone devolvernos la memoria de una guerra que para tantos qued\u00f3 ya lejos (si no -peor todav\u00eda- relativamente justificada), la desobediencia de quien se empe\u00f1a en seguir escribiendo con tinta roja para que los dem\u00e1s no olvidemos. Cuando el pasado mes de agosto le\u00ed este libro por primera vez se me vinieron de golpe aquellas palabras de Arnold Hauser que, en tanto escritor y en tanto ciudadano, tantas veces me han ayudado: \u00abel criterio de la fecundidad de un arte comprometido no estriba en la soluci\u00f3n de crisis y conflictos, sino en combatir la ilusi\u00f3n de que, en medio de los peligros y bajo el signo de la cat\u00e1strofe, todav\u00eda se sigue viviendo en un mundo sin peligro alguno\u00bb. Valgan ellas tambi\u00e9n para estas p\u00e1ginas corales que David ha escrito, contra la afon\u00eda, a jirones en mitad de la tormenta.<\/p>\n<p class=\"spip\" align=\"justify\">No es mera casualidad el que este gesto de resistencia convertido en libro se publique ahora a iniciativa de la gente de \u201cAlternativa Antimilitarista &#8211; MOC Val\u00e8ncia\u201d. La voz indomable de David Gonz\u00e1lez merec\u00eda ser acogida por estos compa\u00f1eros y compa\u00f1eras que, entre otros tantos viajes c\u00f3mplices, a finales de los 80 me acompa\u00f1aron en aquella insumisi\u00f3n (eran los tiempos de \u201cla colectiva\u201d) tanto al Servicio Militar como a cualquier posible Prestaci\u00f3n Sustitutoria futura, los mismos compa\u00f1eros -quiz\u00e1 fueron cambiando los rostros, pero no su insobornada apuesta por la paz- que hoy me alientan en el sano ejercicio compartido de la objeci\u00f3n fiscal a los gastos militares. Si, hace a\u00f1o y medio, alguno pudo apuntarse al \u201cNo a la guerra\u201d desde calculados gestos de autopromoci\u00f3n medi\u00e1tica (hubo casos de \u00e9stos, y no pocos entre poetas), los compa\u00f1eros del MOC fueron precisamente los que mejor entendieron -pagando incluso con penas de prisi\u00f3n- esa fidelidad activa a un compromiso organizado y necesario que lleva a\u00f1os y d\u00e9cadas de recorrido incansable. S\u00f3lo en espacios de participaci\u00f3n y creatividad social como el Moviment d\u2019Objecci\u00f3 de Consci\u00e8ncia ser\u00eda posible encontrar -dados de la mano contra tiempos de amnesia- al poeta tercamente resistente y al ciudadano responsablemente insumiso. Sin saber d\u00f3nde empiece uno, sin saber d\u00f3nde acabe el otro, este libro que no quiere olvidar es la prueba de ello: que no se nos olvide.<\/p>\n<p class=\"spip\" align=\"justify\">Barrio del Cristo (Valencia), 2004<\/p>\n<hr class=\"spip\" \/>\n<p class=\"spip\" align=\"justify\"><strong class=\"spip\">SE\u00d1ORES PRESIDENTES DE NUESTRAS VIDAS EN GUERRA:<\/strong><\/p>\n<p class=\"spip\" align=\"justify\">Esta vez asistir\u00e9 yo a la conferencia de paz,<\/p>\n<p class=\"spip\" align=\"justify\">mientras mis generales rompen el \u00faltimo alto el fuego<\/p>\n<p class=\"spip\" align=\"justify\">y se apoderan de otra duna de ceniza.<\/p>\n<p class=\"spip\" align=\"justify\">El ch\u00f3fer me abrir\u00e1 la puerta de la limousine,<\/p>\n<p class=\"spip\" align=\"justify\">mientras los proyectiles os abren los ojos a vosotros,<\/p>\n<p class=\"spip\" align=\"justify\">y saldr\u00e9 a la calle,<\/p>\n<p class=\"spip\" align=\"justify\">mientras vosotros entr\u00e1is en los s\u00f3tanos,<\/p>\n<p class=\"spip\" align=\"justify\">mretoc\u00e1ndome el nudo de la corbata,<\/p>\n<p class=\"spip\" align=\"justify\">mientras vosotros, con uno en la garganta, escuch\u00e1is la alarma antia\u00e9rea,<\/p>\n<p class=\"spip\" align=\"justify\">sonriendo al objetivo fotogr\u00e1fico,<\/p>\n<p class=\"spip\" align=\"justify\">mientras vosotros sois el objetivo de los francotiradores,<\/p>\n<p class=\"spip\" align=\"justify\">estrechando manos manchadas de sangre,<\/p>\n<p class=\"spip\" align=\"justify\">mientras vosotros estrech\u00e1is cad\u00e1veres.<\/p>\n<p class=\"spip\" align=\"justify\">Me reunir\u00e9 con los ni\u00f1os mutilados.<\/p>\n<p class=\"spip\" align=\"justify\">Me sentar\u00e9 con las madres violadas.<\/p>\n<p class=\"spip\" align=\"justify\">Almorzar\u00e9 con los enfermos desnutridos.<\/p>\n<p class=\"spip\" align=\"justify\">Tendremos la palabra la v\u00edctimas.<\/p>\n<p class=\"spip\" align=\"justify\">Y puede ser que no nos pongamos de acuerdo en nada.<\/p>\n<p class=\"spip\" align=\"justify\">Y puede ser que decidamos prolongar un poco m\u00e1s la masacre,<\/p>\n<p class=\"spip\" align=\"justify\">mientras vosotros, aunque no cre\u00e1is en Dios, rez\u00e1is<\/p>\n<p class=\"spip\" align=\"justify\">por el fin de las hostilidades,<\/p>\n<p class=\"spip\" align=\"justify\">que quiz\u00e1 se produzca en la pr\u00f3xima Conferencia de Paz,<\/p>\n<p class=\"spip\" align=\"justify\">que quiz\u00e1 no.<\/p>\n<p class=\"spip\" align=\"justify\">Todav\u00eda tenemos que pensarlo.<\/p>\n<p class=\"spip\" align=\"justify\"><em class=\"spip\">DAVID GONZ\u00c1LEZ.<\/em> <a class=\"spip_out\" href=\"http:\/\/arte-nativa.com\/david\/\">http:\/\/arte-nativa.com\/david\/<\/a><\/p>\n<p>&nbsp;<\/p>\n<p>&nbsp;<\/p>\n<p>&nbsp;<\/p>\n<p>&nbsp;<\/p>\n<p>&nbsp;<\/p>\n<p>&nbsp;<\/p>\n<p>&nbsp;<\/p>\n<p>&nbsp;<\/p>\n<p>&nbsp;<\/p>\n","protected":false},"excerpt":{"rendered":"<p><strong>GONZALEZ, D.<\/strong><br \/>\n9788495700674 &#8211; LA TAPADERA &#8211; 2004 &#8211; 88 p\u00e1ginas \/orri.<\/p>\n","protected":false},"featured_media":2664,"template":"","meta":[],"product_brand":[],"product_cat":[177,16],"product_tag":[5076,1951,1154],"class_list":{"0":"post-2637","1":"product","2":"type-product","3":"status-publish","4":"has-post-thumbnail","6":"product_cat-gizarte-mugimenduak-movimientos-sociales","7":"product_cat-libros","8":"product_tag-antimilitarismo","9":"product_tag-gonzalez","10":"product_tag-la-tapadera","12":"first","13":"instock","14":"sold-individually","15":"shipping-taxable","16":"purchasable","17":"product-type-simple"},"yoast_head":"<!-- This site is optimized with the Yoast SEO plugin v27.3 - https:\/\/yoast.com\/product\/yoast-seo-wordpress\/ -->\n<title>HASTA LOS PARANOICOS TIENEN ENEMIGOS &#8212; Zapateneo<\/title>\n<meta name=\"robots\" content=\"index, follow, max-snippet:-1, max-image-preview:large, max-video-preview:-1\" \/>\n<link rel=\"canonical\" href=\"https:\/\/zapateneo.net\/wordpress\/index.php\/producto\/hasta-los-paranoicos-tienen-enemigos\/\" \/>\n<meta property=\"og:locale\" content=\"es_ES\" \/>\n<meta property=\"og:type\" content=\"article\" \/>\n<meta property=\"og:title\" content=\"HASTA LOS PARANOICOS TIENEN ENEMIGOS &#8212; Zapateneo\" \/>\n<meta property=\"og:description\" content=\"GONZALEZ, D. 9788495700674 - LA TAPADERA - 2004 - 88 p\u00e1ginas \/orri.\" \/>\n<meta property=\"og:url\" content=\"https:\/\/zapateneo.net\/wordpress\/index.php\/producto\/hasta-los-paranoicos-tienen-enemigos\/\" \/>\n<meta property=\"og:site_name\" content=\"Zapateneo\" \/>\n<meta property=\"article:modified_time\" content=\"2023-05-05T05:23:50+00:00\" \/>\n<meta property=\"og:image\" content=\"https:\/\/zapateneo.net\/wordpress\/wp-content\/uploads\/2021\/04\/2309.jpg\" \/>\n\t<meta property=\"og:image:width\" content=\"284\" \/>\n\t<meta property=\"og:image:height\" content=\"400\" \/>\n\t<meta property=\"og:image:type\" content=\"image\/jpeg\" \/>\n<meta name=\"twitter:card\" content=\"summary_large_image\" \/>\n<meta name=\"twitter:site\" content=\"@zapateneo\" \/>\n<meta name=\"twitter:label1\" content=\"Tiempo de lectura\" \/>\n\t<meta name=\"twitter:data1\" content=\"7 minutos\" \/>\n<script type=\"application\/ld+json\" class=\"yoast-schema-graph\">{\"@context\":\"https:\\\/\\\/schema.org\",\"@graph\":[{\"@type\":\"WebPage\",\"@id\":\"https:\\\/\\\/zapateneo.net\\\/wordpress\\\/index.php\\\/producto\\\/hasta-los-paranoicos-tienen-enemigos\\\/\",\"url\":\"https:\\\/\\\/zapateneo.net\\\/wordpress\\\/index.php\\\/producto\\\/hasta-los-paranoicos-tienen-enemigos\\\/\",\"name\":\"HASTA LOS PARANOICOS TIENEN ENEMIGOS &#8212; Zapateneo\",\"isPartOf\":{\"@id\":\"https:\\\/\\\/zapateneo.net\\\/wordpress\\\/#website\"},\"primaryImageOfPage\":{\"@id\":\"https:\\\/\\\/zapateneo.net\\\/wordpress\\\/index.php\\\/producto\\\/hasta-los-paranoicos-tienen-enemigos\\\/#primaryimage\"},\"image\":{\"@id\":\"https:\\\/\\\/zapateneo.net\\\/wordpress\\\/index.php\\\/producto\\\/hasta-los-paranoicos-tienen-enemigos\\\/#primaryimage\"},\"thumbnailUrl\":\"https:\\\/\\\/zapateneo.net\\\/wordpress\\\/wp-content\\\/uploads\\\/2021\\\/04\\\/2309.jpg\",\"datePublished\":\"2021-04-07T15:23:42+00:00\",\"dateModified\":\"2023-05-05T05:23:50+00:00\",\"breadcrumb\":{\"@id\":\"https:\\\/\\\/zapateneo.net\\\/wordpress\\\/index.php\\\/producto\\\/hasta-los-paranoicos-tienen-enemigos\\\/#breadcrumb\"},\"inLanguage\":\"es\",\"potentialAction\":[{\"@type\":\"ReadAction\",\"target\":[\"https:\\\/\\\/zapateneo.net\\\/wordpress\\\/index.php\\\/producto\\\/hasta-los-paranoicos-tienen-enemigos\\\/\"]}]},{\"@type\":\"ImageObject\",\"inLanguage\":\"es\",\"@id\":\"https:\\\/\\\/zapateneo.net\\\/wordpress\\\/index.php\\\/producto\\\/hasta-los-paranoicos-tienen-enemigos\\\/#primaryimage\",\"url\":\"https:\\\/\\\/zapateneo.net\\\/wordpress\\\/wp-content\\\/uploads\\\/2021\\\/04\\\/2309.jpg\",\"contentUrl\":\"https:\\\/\\\/zapateneo.net\\\/wordpress\\\/wp-content\\\/uploads\\\/2021\\\/04\\\/2309.jpg\",\"width\":284,\"height\":400},{\"@type\":\"BreadcrumbList\",\"@id\":\"https:\\\/\\\/zapateneo.net\\\/wordpress\\\/index.php\\\/producto\\\/hasta-los-paranoicos-tienen-enemigos\\\/#breadcrumb\",\"itemListElement\":[{\"@type\":\"ListItem\",\"position\":1,\"name\":\"Portada\",\"item\":\"https:\\\/\\\/zapateneo.net\\\/wordpress\\\/\"},{\"@type\":\"ListItem\",\"position\":2,\"name\":\"Tienda\",\"item\":\"https:\\\/\\\/zapateneo.net\\\/wordpress\\\/\"},{\"@type\":\"ListItem\",\"position\":3,\"name\":\"HASTA LOS PARANOICOS TIENEN ENEMIGOS\"}]},{\"@type\":\"WebSite\",\"@id\":\"https:\\\/\\\/zapateneo.net\\\/wordpress\\\/#website\",\"url\":\"https:\\\/\\\/zapateneo.net\\\/wordpress\\\/\",\"name\":\"Zapateneo\",\"description\":\"Zapateneoaren webgunea\",\"publisher\":{\"@id\":\"https:\\\/\\\/zapateneo.net\\\/wordpress\\\/#organization\"},\"potentialAction\":[{\"@type\":\"SearchAction\",\"target\":{\"@type\":\"EntryPoint\",\"urlTemplate\":\"https:\\\/\\\/zapateneo.net\\\/wordpress\\\/?s={search_term_string}\"},\"query-input\":{\"@type\":\"PropertyValueSpecification\",\"valueRequired\":true,\"valueName\":\"search_term_string\"}}],\"inLanguage\":\"es\"},{\"@type\":\"Organization\",\"@id\":\"https:\\\/\\\/zapateneo.net\\\/wordpress\\\/#organization\",\"name\":\"Zapateneo Kultur Elkartea\",\"url\":\"https:\\\/\\\/zapateneo.net\\\/wordpress\\\/\",\"logo\":{\"@type\":\"ImageObject\",\"inLanguage\":\"es\",\"@id\":\"https:\\\/\\\/zapateneo.net\\\/wordpress\\\/#\\\/schema\\\/logo\\\/image\\\/\",\"url\":\"https:\\\/\\\/zapateneo.net\\\/wordpress\\\/wp-content\\\/uploads\\\/2021\\\/04\\\/zap-libu-kolec.jpg\",\"contentUrl\":\"https:\\\/\\\/zapateneo.net\\\/wordpress\\\/wp-content\\\/uploads\\\/2021\\\/04\\\/zap-libu-kolec.jpg\",\"width\":2234,\"height\":398,\"caption\":\"Zapateneo Kultur Elkartea\"},\"image\":{\"@id\":\"https:\\\/\\\/zapateneo.net\\\/wordpress\\\/#\\\/schema\\\/logo\\\/image\\\/\"},\"sameAs\":[\"https:\\\/\\\/x.com\\\/zapateneo\"]}]}<\/script>\n<!-- \/ Yoast SEO plugin. -->","yoast_head_json":{"title":"HASTA LOS PARANOICOS TIENEN ENEMIGOS &#8212; Zapateneo","robots":{"index":"index","follow":"follow","max-snippet":"max-snippet:-1","max-image-preview":"max-image-preview:large","max-video-preview":"max-video-preview:-1"},"canonical":"https:\/\/zapateneo.net\/wordpress\/index.php\/producto\/hasta-los-paranoicos-tienen-enemigos\/","og_locale":"es_ES","og_type":"article","og_title":"HASTA LOS PARANOICOS TIENEN ENEMIGOS &#8212; Zapateneo","og_description":"GONZALEZ, D. 9788495700674 - LA TAPADERA - 2004 - 88 p\u00e1ginas \/orri.","og_url":"https:\/\/zapateneo.net\/wordpress\/index.php\/producto\/hasta-los-paranoicos-tienen-enemigos\/","og_site_name":"Zapateneo","article_modified_time":"2023-05-05T05:23:50+00:00","og_image":[{"width":284,"height":400,"url":"https:\/\/zapateneo.net\/wordpress\/wp-content\/uploads\/2021\/04\/2309.jpg","type":"image\/jpeg"}],"twitter_card":"summary_large_image","twitter_site":"@zapateneo","twitter_misc":{"Tiempo de lectura":"7 minutos"},"schema":{"@context":"https:\/\/schema.org","@graph":[{"@type":"WebPage","@id":"https:\/\/zapateneo.net\/wordpress\/index.php\/producto\/hasta-los-paranoicos-tienen-enemigos\/","url":"https:\/\/zapateneo.net\/wordpress\/index.php\/producto\/hasta-los-paranoicos-tienen-enemigos\/","name":"HASTA LOS PARANOICOS TIENEN ENEMIGOS &#8212; Zapateneo","isPartOf":{"@id":"https:\/\/zapateneo.net\/wordpress\/#website"},"primaryImageOfPage":{"@id":"https:\/\/zapateneo.net\/wordpress\/index.php\/producto\/hasta-los-paranoicos-tienen-enemigos\/#primaryimage"},"image":{"@id":"https:\/\/zapateneo.net\/wordpress\/index.php\/producto\/hasta-los-paranoicos-tienen-enemigos\/#primaryimage"},"thumbnailUrl":"https:\/\/zapateneo.net\/wordpress\/wp-content\/uploads\/2021\/04\/2309.jpg","datePublished":"2021-04-07T15:23:42+00:00","dateModified":"2023-05-05T05:23:50+00:00","breadcrumb":{"@id":"https:\/\/zapateneo.net\/wordpress\/index.php\/producto\/hasta-los-paranoicos-tienen-enemigos\/#breadcrumb"},"inLanguage":"es","potentialAction":[{"@type":"ReadAction","target":["https:\/\/zapateneo.net\/wordpress\/index.php\/producto\/hasta-los-paranoicos-tienen-enemigos\/"]}]},{"@type":"ImageObject","inLanguage":"es","@id":"https:\/\/zapateneo.net\/wordpress\/index.php\/producto\/hasta-los-paranoicos-tienen-enemigos\/#primaryimage","url":"https:\/\/zapateneo.net\/wordpress\/wp-content\/uploads\/2021\/04\/2309.jpg","contentUrl":"https:\/\/zapateneo.net\/wordpress\/wp-content\/uploads\/2021\/04\/2309.jpg","width":284,"height":400},{"@type":"BreadcrumbList","@id":"https:\/\/zapateneo.net\/wordpress\/index.php\/producto\/hasta-los-paranoicos-tienen-enemigos\/#breadcrumb","itemListElement":[{"@type":"ListItem","position":1,"name":"Portada","item":"https:\/\/zapateneo.net\/wordpress\/"},{"@type":"ListItem","position":2,"name":"Tienda","item":"https:\/\/zapateneo.net\/wordpress\/"},{"@type":"ListItem","position":3,"name":"HASTA LOS PARANOICOS TIENEN ENEMIGOS"}]},{"@type":"WebSite","@id":"https:\/\/zapateneo.net\/wordpress\/#website","url":"https:\/\/zapateneo.net\/wordpress\/","name":"Zapateneo","description":"Zapateneoaren webgunea","publisher":{"@id":"https:\/\/zapateneo.net\/wordpress\/#organization"},"potentialAction":[{"@type":"SearchAction","target":{"@type":"EntryPoint","urlTemplate":"https:\/\/zapateneo.net\/wordpress\/?s={search_term_string}"},"query-input":{"@type":"PropertyValueSpecification","valueRequired":true,"valueName":"search_term_string"}}],"inLanguage":"es"},{"@type":"Organization","@id":"https:\/\/zapateneo.net\/wordpress\/#organization","name":"Zapateneo Kultur Elkartea","url":"https:\/\/zapateneo.net\/wordpress\/","logo":{"@type":"ImageObject","inLanguage":"es","@id":"https:\/\/zapateneo.net\/wordpress\/#\/schema\/logo\/image\/","url":"https:\/\/zapateneo.net\/wordpress\/wp-content\/uploads\/2021\/04\/zap-libu-kolec.jpg","contentUrl":"https:\/\/zapateneo.net\/wordpress\/wp-content\/uploads\/2021\/04\/zap-libu-kolec.jpg","width":2234,"height":398,"caption":"Zapateneo Kultur Elkartea"},"image":{"@id":"https:\/\/zapateneo.net\/wordpress\/#\/schema\/logo\/image\/"},"sameAs":["https:\/\/x.com\/zapateneo"]}]}},"_links":{"self":[{"href":"https:\/\/zapateneo.net\/wordpress\/index.php\/wp-json\/wp\/v2\/product\/2637","targetHints":{"allow":["GET"]}}],"collection":[{"href":"https:\/\/zapateneo.net\/wordpress\/index.php\/wp-json\/wp\/v2\/product"}],"about":[{"href":"https:\/\/zapateneo.net\/wordpress\/index.php\/wp-json\/wp\/v2\/types\/product"}],"wp:featuredmedia":[{"embeddable":true,"href":"https:\/\/zapateneo.net\/wordpress\/index.php\/wp-json\/wp\/v2\/media\/2664"}],"wp:attachment":[{"href":"https:\/\/zapateneo.net\/wordpress\/index.php\/wp-json\/wp\/v2\/media?parent=2637"}],"wp:term":[{"taxonomy":"product_brand","embeddable":true,"href":"https:\/\/zapateneo.net\/wordpress\/index.php\/wp-json\/wp\/v2\/product_brand?post=2637"},{"taxonomy":"product_cat","embeddable":true,"href":"https:\/\/zapateneo.net\/wordpress\/index.php\/wp-json\/wp\/v2\/product_cat?post=2637"},{"taxonomy":"product_tag","embeddable":true,"href":"https:\/\/zapateneo.net\/wordpress\/index.php\/wp-json\/wp\/v2\/product_tag?post=2637"}],"curies":[{"name":"wp","href":"https:\/\/api.w.org\/{rel}","templated":true}]}}