{"id":2605,"date":"2021-04-07T16:23:09","date_gmt":"2021-04-07T15:23:09","guid":{"rendered":"https:\/\/zapateneo.net\/wordpress\/?post_type=product&#038;p=2605"},"modified":"2023-05-05T12:40:55","modified_gmt":"2023-05-05T11:40:55","slug":"utopia-insumisa-de-pepe-benuza-la","status":"publish","type":"product","link":"https:\/\/zapateneo.net\/wordpress\/index.php\/producto\/utopia-insumisa-de-pepe-benuza-la\/","title":{"rendered":"utopia insumisa de pepe benuza, la"},"content":{"rendered":"<div class=\"row ancho_de_pagina\">\n<div class=\"wrapper_contenido\">\n<section class=\"col-sm-12\">\n<div class=\"region region-content\">\n<section id=\"block-system-main\" class=\"block block-system clearfix\">\n<article id=\"node-114895\" class=\"node node-productolibro clearfix\">\n<div class=\"ficha_del_libro_wrapper\">\n<div class=\"columna_datos_libro\">\n<div class=\"field field-name-body field-type-text-with-summary field-label-hidden\">\n<div class=\"field-items\">\n<div class=\"field-item even\">\n<p>El valenciano Pepe Beunza con su negativa p\u00fablica a realizar el servicio militar, en 1971, en plena dictadura, se convierte en el primer objetor pol\u00edtico al ej\u00e9rcito en el Estado espa\u00f1ol. Su acto de desobediencia civil, preparado meticulosamente, cuenta con una amplia campa\u00f1a de apoyo que trasciende las fronteras del Estado; y sentar\u00eda las bases de un incipiente movimiento antimilitarista que dar\u00eda lugar, con el tiempo, a un potente y exitoso movimiento de insumisi\u00f3n.<\/p>\n<\/div>\n<\/div>\n<\/div>\n<div class=\"viewerjs-formatter-field\">\n<div class=\"field field-name-field-pdf-en-streaming field-type-file field-label-hidden\">\n<div class=\"field-items\"><\/div>\n<\/div>\n<\/div>\n<\/div>\n<\/div>\n<\/article>\n<\/section>\n<\/div>\n<\/section>\n<\/div>\n<\/div>\n<section id=\"ssc2\" class=\"col-sm-12 ancho_completo\">\n<div class=\"region region-subseccion-segunda\">\n<section id=\"block-views-asociaciones-con-libro-block-5\" class=\"block block-views clearfix\">\n<div class=\"view view-Asociaciones-con-libro view-id-Asociaciones_con_libro view-display-id-block_5 autoras-en-libro view-dom-id-47bf0c259e500ce4fe4c73b3a5ada752\">\n<div class=\"view-header\">\n<h2>AUTOR\/A<\/h2>\n<\/div>\n<div class=\"view-content\">\n<div class=\"views-row views-row-1 views-row-odd views-row-first views-row-last\">\n<div class=\"views-field views-field-field-plibro-autoria-bis\">\n<div class=\"field-content\">\n<article id=\"node-233607\" class=\"node node-autoriaproducto clearfix\">\n<header>\n<h2>OLIVER OLMO, PEDRO<\/h2>\n<\/header>\n<div class=\"field field-name-field-autor-link field-type-text-long field-label-hidden\">\n<div class=\"field-items\">\n<div class=\"field-item even\"><\/div>\n<\/div>\n<\/div>\n<div class=\"field field-name-body field-type-text-with-summary field-label-hidden\">\n<div class=\"field-items\">\n<div class=\"field-item even\">\n<p>Pedro Oliver Olmo es doctor en Historia por la Universidad del Pa\u00eds Vasco (UPV\/EHU) y profesor titular de Historia Contempor\u00e1nea en la Universidad de Castilla-La Mancha (UCLM). Es autor de libros como C\u00e1rcel y sociedad represora. La criminalizaci\u00f3n del desorden en Navarra (siglos XVI-XIX) (Universidad del Pa\u00eds Vasco, 2001), La pena de muerte en Espa\u00f1a (Madrid, S\u00edntesis, 2008), Ejerzitorik Ez &#8211; No a los ej\u00e9rcitos. Objeci\u00f3n de conciencia y lucha antimili en Navarra (Pamplona, Gobierno de Navarra, 2022), entre otros.&lt;BR&gt;Coordina el Grupo de Estudio sobre la Historia de la Prisi\u00f3n y las Instituciones Punitivas (GEHPIP) (<a href=\"http:\/\/historiadelaprision.wordpress.com\/\" target=\"_blank\" rel=\"noopener noreferrer\">http:\/\/historiadelaprision.wordpress.com\/<\/a>), en el que se agrupan especialistas de varias universidades espa\u00f1olas y extranjeras, siendo el IP de sus proyectos de investigaci\u00f3n con financiaci\u00f3n ministerial.&lt;BR&gt;Ha coordinado la publicaci\u00f3n de El siglo de los castigos. Prisi\u00f3n y formas carcelarias en la Espa\u00f1a del siglo XX (Barcelona, Anthropos, 2013); Burorrepresi\u00f3n. Sanci\u00f3n administrativa y control social (Albacete, Bomarzo, 2013) y La tortura en la Espa\u00f1a contempor\u00e1nea (Madrid, La Catarata, 2021). &lt;BR&gt;Es coautor de Protesta democr\u00e1tica y democracia antiprotesta (Pamplona, Pamiela, 2015). &lt;BR&gt;Ha dedicado largos a\u00f1os a la militancia en el movimiento de objeci\u00f3n e insumisi\u00f3n y en otros movimientos sociales.&lt;BR&gt;Grupo de Estudios sobre la historia de la prisi\u00f3n.<\/p>\n<\/div>\n<\/div>\n<\/div>\n<\/article>\n<\/div>\n<\/div>\n<\/div>\n<\/div>\n<\/div>\n<\/section>\n<\/div>\n<\/section>\n","protected":false},"excerpt":{"rendered":"<p><strong>Olmo pedro oliver<\/strong><br \/>\n9788488455086 &#8211; virus &#8211; 2002 &#8211; 175 p\u00e1ginas \/orri.<\/p>\n","protected":false},"featured_media":2652,"template":"","meta":[],"product_brand":[],"product_cat":[177,16],"product_tag":[5076,1936,57],"class_list":{"0":"post-2605","1":"product","2":"type-product","3":"status-publish","4":"has-post-thumbnail","6":"product_cat-gizarte-mugimenduak-movimientos-sociales","7":"product_cat-libros","8":"product_tag-antimilitarismo","9":"product_tag-olmo-pedro-oliver","10":"product_tag-virus","12":"first","13":"instock","14":"sold-individually","15":"shipping-taxable","16":"purchasable","17":"product-type-simple"},"yoast_head":"<!-- This site is optimized with the Yoast SEO plugin v27.3 - https:\/\/yoast.com\/product\/yoast-seo-wordpress\/ -->\n<title>utopia insumisa de pepe benuza, la &#8212; Zapateneo<\/title>\n<meta name=\"robots\" content=\"index, follow, max-snippet:-1, max-image-preview:large, max-video-preview:-1\" \/>\n<link rel=\"canonical\" href=\"https:\/\/zapateneo.net\/wordpress\/index.php\/producto\/utopia-insumisa-de-pepe-benuza-la\/\" \/>\n<meta property=\"og:locale\" content=\"es_ES\" \/>\n<meta property=\"og:type\" content=\"article\" \/>\n<meta property=\"og:title\" content=\"utopia insumisa de pepe benuza, la &#8212; Zapateneo\" \/>\n<meta property=\"og:description\" content=\"Olmo pedro oliver 9788488455086 - virus - 2002 - 175 p\u00e1ginas \/orri.\" \/>\n<meta property=\"og:url\" content=\"https:\/\/zapateneo.net\/wordpress\/index.php\/producto\/utopia-insumisa-de-pepe-benuza-la\/\" \/>\n<meta property=\"og:site_name\" content=\"Zapateneo\" \/>\n<meta property=\"article:modified_time\" content=\"2023-05-05T11:40:55+00:00\" \/>\n<meta property=\"og:image\" content=\"https:\/\/zapateneo.net\/wordpress\/wp-content\/uploads\/2021\/04\/4057.jpg\" \/>\n\t<meta property=\"og:image:width\" content=\"165\" \/>\n\t<meta property=\"og:image:height\" content=\"250\" \/>\n\t<meta property=\"og:image:type\" content=\"image\/jpeg\" \/>\n<meta name=\"twitter:card\" content=\"summary_large_image\" \/>\n<meta name=\"twitter:site\" content=\"@zapateneo\" \/>\n<meta name=\"twitter:label1\" content=\"Tiempo de lectura\" \/>\n\t<meta name=\"twitter:data1\" content=\"2 minutos\" \/>\n<script type=\"application\/ld+json\" class=\"yoast-schema-graph\">{\"@context\":\"https:\\\/\\\/schema.org\",\"@graph\":[{\"@type\":\"WebPage\",\"@id\":\"https:\\\/\\\/zapateneo.net\\\/wordpress\\\/index.php\\\/producto\\\/utopia-insumisa-de-pepe-benuza-la\\\/\",\"url\":\"https:\\\/\\\/zapateneo.net\\\/wordpress\\\/index.php\\\/producto\\\/utopia-insumisa-de-pepe-benuza-la\\\/\",\"name\":\"utopia insumisa de pepe benuza, la &#8212; Zapateneo\",\"isPartOf\":{\"@id\":\"https:\\\/\\\/zapateneo.net\\\/wordpress\\\/#website\"},\"primaryImageOfPage\":{\"@id\":\"https:\\\/\\\/zapateneo.net\\\/wordpress\\\/index.php\\\/producto\\\/utopia-insumisa-de-pepe-benuza-la\\\/#primaryimage\"},\"image\":{\"@id\":\"https:\\\/\\\/zapateneo.net\\\/wordpress\\\/index.php\\\/producto\\\/utopia-insumisa-de-pepe-benuza-la\\\/#primaryimage\"},\"thumbnailUrl\":\"https:\\\/\\\/zapateneo.net\\\/wordpress\\\/wp-content\\\/uploads\\\/2021\\\/04\\\/4057.jpg\",\"datePublished\":\"2021-04-07T15:23:09+00:00\",\"dateModified\":\"2023-05-05T11:40:55+00:00\",\"breadcrumb\":{\"@id\":\"https:\\\/\\\/zapateneo.net\\\/wordpress\\\/index.php\\\/producto\\\/utopia-insumisa-de-pepe-benuza-la\\\/#breadcrumb\"},\"inLanguage\":\"es\",\"potentialAction\":[{\"@type\":\"ReadAction\",\"target\":[\"https:\\\/\\\/zapateneo.net\\\/wordpress\\\/index.php\\\/producto\\\/utopia-insumisa-de-pepe-benuza-la\\\/\"]}]},{\"@type\":\"ImageObject\",\"inLanguage\":\"es\",\"@id\":\"https:\\\/\\\/zapateneo.net\\\/wordpress\\\/index.php\\\/producto\\\/utopia-insumisa-de-pepe-benuza-la\\\/#primaryimage\",\"url\":\"https:\\\/\\\/zapateneo.net\\\/wordpress\\\/wp-content\\\/uploads\\\/2021\\\/04\\\/4057.jpg\",\"contentUrl\":\"https:\\\/\\\/zapateneo.net\\\/wordpress\\\/wp-content\\\/uploads\\\/2021\\\/04\\\/4057.jpg\",\"width\":165,\"height\":250},{\"@type\":\"BreadcrumbList\",\"@id\":\"https:\\\/\\\/zapateneo.net\\\/wordpress\\\/index.php\\\/producto\\\/utopia-insumisa-de-pepe-benuza-la\\\/#breadcrumb\",\"itemListElement\":[{\"@type\":\"ListItem\",\"position\":1,\"name\":\"Portada\",\"item\":\"https:\\\/\\\/zapateneo.net\\\/wordpress\\\/\"},{\"@type\":\"ListItem\",\"position\":2,\"name\":\"Tienda\",\"item\":\"https:\\\/\\\/zapateneo.net\\\/wordpress\\\/\"},{\"@type\":\"ListItem\",\"position\":3,\"name\":\"utopia insumisa de pepe benuza, la\"}]},{\"@type\":\"WebSite\",\"@id\":\"https:\\\/\\\/zapateneo.net\\\/wordpress\\\/#website\",\"url\":\"https:\\\/\\\/zapateneo.net\\\/wordpress\\\/\",\"name\":\"Zapateneo\",\"description\":\"Zapateneoaren webgunea\",\"publisher\":{\"@id\":\"https:\\\/\\\/zapateneo.net\\\/wordpress\\\/#organization\"},\"potentialAction\":[{\"@type\":\"SearchAction\",\"target\":{\"@type\":\"EntryPoint\",\"urlTemplate\":\"https:\\\/\\\/zapateneo.net\\\/wordpress\\\/?s={search_term_string}\"},\"query-input\":{\"@type\":\"PropertyValueSpecification\",\"valueRequired\":true,\"valueName\":\"search_term_string\"}}],\"inLanguage\":\"es\"},{\"@type\":\"Organization\",\"@id\":\"https:\\\/\\\/zapateneo.net\\\/wordpress\\\/#organization\",\"name\":\"Zapateneo Kultur Elkartea\",\"url\":\"https:\\\/\\\/zapateneo.net\\\/wordpress\\\/\",\"logo\":{\"@type\":\"ImageObject\",\"inLanguage\":\"es\",\"@id\":\"https:\\\/\\\/zapateneo.net\\\/wordpress\\\/#\\\/schema\\\/logo\\\/image\\\/\",\"url\":\"https:\\\/\\\/zapateneo.net\\\/wordpress\\\/wp-content\\\/uploads\\\/2021\\\/04\\\/zap-libu-kolec.jpg\",\"contentUrl\":\"https:\\\/\\\/zapateneo.net\\\/wordpress\\\/wp-content\\\/uploads\\\/2021\\\/04\\\/zap-libu-kolec.jpg\",\"width\":2234,\"height\":398,\"caption\":\"Zapateneo Kultur Elkartea\"},\"image\":{\"@id\":\"https:\\\/\\\/zapateneo.net\\\/wordpress\\\/#\\\/schema\\\/logo\\\/image\\\/\"},\"sameAs\":[\"https:\\\/\\\/x.com\\\/zapateneo\"]}]}<\/script>\n<!-- \/ Yoast SEO plugin. -->","yoast_head_json":{"title":"utopia insumisa de pepe benuza, la &#8212; Zapateneo","robots":{"index":"index","follow":"follow","max-snippet":"max-snippet:-1","max-image-preview":"max-image-preview:large","max-video-preview":"max-video-preview:-1"},"canonical":"https:\/\/zapateneo.net\/wordpress\/index.php\/producto\/utopia-insumisa-de-pepe-benuza-la\/","og_locale":"es_ES","og_type":"article","og_title":"utopia insumisa de pepe benuza, la &#8212; Zapateneo","og_description":"Olmo pedro oliver 9788488455086 - virus - 2002 - 175 p\u00e1ginas \/orri.","og_url":"https:\/\/zapateneo.net\/wordpress\/index.php\/producto\/utopia-insumisa-de-pepe-benuza-la\/","og_site_name":"Zapateneo","article_modified_time":"2023-05-05T11:40:55+00:00","og_image":[{"width":165,"height":250,"url":"https:\/\/zapateneo.net\/wordpress\/wp-content\/uploads\/2021\/04\/4057.jpg","type":"image\/jpeg"}],"twitter_card":"summary_large_image","twitter_site":"@zapateneo","twitter_misc":{"Tiempo de lectura":"2 minutos"},"schema":{"@context":"https:\/\/schema.org","@graph":[{"@type":"WebPage","@id":"https:\/\/zapateneo.net\/wordpress\/index.php\/producto\/utopia-insumisa-de-pepe-benuza-la\/","url":"https:\/\/zapateneo.net\/wordpress\/index.php\/producto\/utopia-insumisa-de-pepe-benuza-la\/","name":"utopia insumisa de pepe benuza, la &#8212; Zapateneo","isPartOf":{"@id":"https:\/\/zapateneo.net\/wordpress\/#website"},"primaryImageOfPage":{"@id":"https:\/\/zapateneo.net\/wordpress\/index.php\/producto\/utopia-insumisa-de-pepe-benuza-la\/#primaryimage"},"image":{"@id":"https:\/\/zapateneo.net\/wordpress\/index.php\/producto\/utopia-insumisa-de-pepe-benuza-la\/#primaryimage"},"thumbnailUrl":"https:\/\/zapateneo.net\/wordpress\/wp-content\/uploads\/2021\/04\/4057.jpg","datePublished":"2021-04-07T15:23:09+00:00","dateModified":"2023-05-05T11:40:55+00:00","breadcrumb":{"@id":"https:\/\/zapateneo.net\/wordpress\/index.php\/producto\/utopia-insumisa-de-pepe-benuza-la\/#breadcrumb"},"inLanguage":"es","potentialAction":[{"@type":"ReadAction","target":["https:\/\/zapateneo.net\/wordpress\/index.php\/producto\/utopia-insumisa-de-pepe-benuza-la\/"]}]},{"@type":"ImageObject","inLanguage":"es","@id":"https:\/\/zapateneo.net\/wordpress\/index.php\/producto\/utopia-insumisa-de-pepe-benuza-la\/#primaryimage","url":"https:\/\/zapateneo.net\/wordpress\/wp-content\/uploads\/2021\/04\/4057.jpg","contentUrl":"https:\/\/zapateneo.net\/wordpress\/wp-content\/uploads\/2021\/04\/4057.jpg","width":165,"height":250},{"@type":"BreadcrumbList","@id":"https:\/\/zapateneo.net\/wordpress\/index.php\/producto\/utopia-insumisa-de-pepe-benuza-la\/#breadcrumb","itemListElement":[{"@type":"ListItem","position":1,"name":"Portada","item":"https:\/\/zapateneo.net\/wordpress\/"},{"@type":"ListItem","position":2,"name":"Tienda","item":"https:\/\/zapateneo.net\/wordpress\/"},{"@type":"ListItem","position":3,"name":"utopia insumisa de pepe benuza, la"}]},{"@type":"WebSite","@id":"https:\/\/zapateneo.net\/wordpress\/#website","url":"https:\/\/zapateneo.net\/wordpress\/","name":"Zapateneo","description":"Zapateneoaren webgunea","publisher":{"@id":"https:\/\/zapateneo.net\/wordpress\/#organization"},"potentialAction":[{"@type":"SearchAction","target":{"@type":"EntryPoint","urlTemplate":"https:\/\/zapateneo.net\/wordpress\/?s={search_term_string}"},"query-input":{"@type":"PropertyValueSpecification","valueRequired":true,"valueName":"search_term_string"}}],"inLanguage":"es"},{"@type":"Organization","@id":"https:\/\/zapateneo.net\/wordpress\/#organization","name":"Zapateneo Kultur Elkartea","url":"https:\/\/zapateneo.net\/wordpress\/","logo":{"@type":"ImageObject","inLanguage":"es","@id":"https:\/\/zapateneo.net\/wordpress\/#\/schema\/logo\/image\/","url":"https:\/\/zapateneo.net\/wordpress\/wp-content\/uploads\/2021\/04\/zap-libu-kolec.jpg","contentUrl":"https:\/\/zapateneo.net\/wordpress\/wp-content\/uploads\/2021\/04\/zap-libu-kolec.jpg","width":2234,"height":398,"caption":"Zapateneo Kultur Elkartea"},"image":{"@id":"https:\/\/zapateneo.net\/wordpress\/#\/schema\/logo\/image\/"},"sameAs":["https:\/\/x.com\/zapateneo"]}]}},"_links":{"self":[{"href":"https:\/\/zapateneo.net\/wordpress\/index.php\/wp-json\/wp\/v2\/product\/2605","targetHints":{"allow":["GET"]}}],"collection":[{"href":"https:\/\/zapateneo.net\/wordpress\/index.php\/wp-json\/wp\/v2\/product"}],"about":[{"href":"https:\/\/zapateneo.net\/wordpress\/index.php\/wp-json\/wp\/v2\/types\/product"}],"wp:featuredmedia":[{"embeddable":true,"href":"https:\/\/zapateneo.net\/wordpress\/index.php\/wp-json\/wp\/v2\/media\/2652"}],"wp:attachment":[{"href":"https:\/\/zapateneo.net\/wordpress\/index.php\/wp-json\/wp\/v2\/media?parent=2605"}],"wp:term":[{"taxonomy":"product_brand","embeddable":true,"href":"https:\/\/zapateneo.net\/wordpress\/index.php\/wp-json\/wp\/v2\/product_brand?post=2605"},{"taxonomy":"product_cat","embeddable":true,"href":"https:\/\/zapateneo.net\/wordpress\/index.php\/wp-json\/wp\/v2\/product_cat?post=2605"},{"taxonomy":"product_tag","embeddable":true,"href":"https:\/\/zapateneo.net\/wordpress\/index.php\/wp-json\/wp\/v2\/product_tag?post=2605"}],"curies":[{"name":"wp","href":"https:\/\/api.w.org\/{rel}","templated":true}]}}