{"id":2594,"date":"2021-04-07T16:23:06","date_gmt":"2021-04-07T15:23:06","guid":{"rendered":"https:\/\/zapateneo.net\/wordpress\/?post_type=product&#038;p=2594"},"modified":"2023-05-05T06:21:50","modified_gmt":"2023-05-05T05:21:50","slug":"por-la-paz-no-a-la-investigacion-militar","status":"publish","type":"product","link":"https:\/\/zapateneo.net\/wordpress\/index.php\/producto\/por-la-paz-no-a-la-investigacion-militar\/","title":{"rendered":"Por la Paz: \u00a1No a la investigaci\u00f3n militar!"},"content":{"rendered":"<p class=\"spip\"><span style=\"font-size: small;\">La investigaci\u00f3n con finalidades militares implica directamente a un mill\u00f3n de cient\u00edficos y cient\u00edficas y recibe m\u00e1s del 30% de los fondos totales destinados a I+D en todo el mundo. En el Estado espa\u00f1ol, hemos iniciado el milenio convertidos en el segundo pa\u00eds que m\u00e1s porcentaje de su PIB dedica al desarrollo de nuevas armas, por detr\u00e1s tan s\u00f3lo de los EE. UU.<\/span><\/p>\n<p class=\"spip\"><span style=\"font-size: small;\">La Campa\u00f1a \u00abPor la Paz: \u00a1No a la investigaci\u00f3n militar!\u00bb nace en 1999 para fomentar el compromiso de la ciencia con la paz y oponerse a esa discriminaci\u00f3n aberrante que sufre en los Presupuestos Generales del Estado, a\u00f1o tras a\u00f1o, la investigaci\u00f3n que es realmente \u00fatil para la ciudadan\u00eda y el planeta.<\/span><\/p>\n<p class=\"spip\"><span style=\"font-size: small;\">Esta publicaci\u00f3n recoge los textos presentados en las II Jornadas realizadas por la Campa\u00f1a los d\u00edas 16 y 17 de Abril de 2005 en Zaragoza, con la intenci\u00f3n de amplificar la divulgaci\u00f3n del contenido de esas dos apretadas ma\u00f1anas de conferencias y talleres. Esperamos que este libro sirva para fortalecer las razones que empujen a miles de ciudadanos y ciudadanas en todo el Estado espa\u00f1ol a apoyar a la campa\u00f1a y hacer que m\u00e1s gente tome conciencia de la necesidad de actuar.<\/span><\/p>\n<p class=\"spip\"><span style=\"font-size: small;\">Porque, pese a los grandes avances logrados en sensibilizaci\u00f3n social para conseguir que el Estado desmantele su militarista pol\u00edtica de investigaci\u00f3n y la reoriente hacia objetivos pac\u00edficos, los dos grandes partidos, que a\u00fapan c\u00edclicamente a sus l\u00edderes al palacio de la Moncloa en estos \u00faltimos a\u00f1os, han demostrado que est\u00e1n muy lejos a\u00fan de asumir la necesidad de \u00abcivilizar\u00bb la investigaci\u00f3n.<\/span><\/p>\n<p class=\"spip\"><span style=\"font-size: small;\">Este libro est\u00e1 editado bajo licencia <a class=\"spip_out\" href=\"http:\/\/creativecommons.org\/worldwide\/es\/\">Creative Commons<\/a>. Puedes baj\u00e1rtelo entero haciendo click <a class=\"spip_out\" href=\"http:\/\/www.bajo-cero.org\/ediciones\/pdf\/i+d.pdf\">aqu\u00ed<\/a> (616 kb)<\/span><\/p>\n<p class=\"spip\"><span style=\"font-size: small;\">M\u00e1s informaci\u00f3n sobre la campa\u00f1a \u00abPor la Paz: no a la investigaci\u00f3n militar!\u00bb en <a class=\"spip_out\" href=\"http:\/\/www.noalainvestigacionmilitar.org\/\">http:\/\/www.noalainvestigacionmilitar.org\/<\/a> o en la secci\u00f3n \u00ab<a class=\"spip_out\" href=\"http:\/\/www.antimilitaristas.org\/rubrique.php3?id_rubrique=52\">Contra la I+D Militar<\/a>\u00bb en esta misma web.<\/span><\/p>\n","protected":false},"excerpt":{"rendered":"<p><strong>VVAA<\/strong><br \/>\n9788460990598 &#8211; BAJO CERO &#8211; 2006 &#8211; 120 p\u00e1ginas \/orri.<\/p>\n","protected":false},"featured_media":2621,"template":"","meta":[],"product_brand":[],"product_cat":[177,16],"product_tag":[5076,1925],"class_list":{"0":"post-2594","1":"product","2":"type-product","3":"status-publish","4":"has-post-thumbnail","6":"product_cat-gizarte-mugimenduak-movimientos-sociales","7":"product_cat-libros","8":"product_tag-antimilitarismo","9":"product_tag-bajo-cero","11":"first","12":"instock","13":"sold-individually","14":"shipping-taxable","15":"purchasable","16":"product-type-simple"},"yoast_head":"<!-- This site is optimized with the Yoast SEO plugin v27.3 - https:\/\/yoast.com\/product\/yoast-seo-wordpress\/ -->\n<title>Por la Paz: \u00a1No a la investigaci\u00f3n militar! &#8212; Zapateneo<\/title>\n<meta name=\"robots\" content=\"index, follow, max-snippet:-1, max-image-preview:large, max-video-preview:-1\" \/>\n<link rel=\"canonical\" href=\"https:\/\/zapateneo.net\/wordpress\/index.php\/producto\/por-la-paz-no-a-la-investigacion-militar\/\" \/>\n<meta property=\"og:locale\" content=\"es_ES\" \/>\n<meta property=\"og:type\" content=\"article\" \/>\n<meta property=\"og:title\" content=\"Por la Paz: \u00a1No a la investigaci\u00f3n militar! &#8212; Zapateneo\" \/>\n<meta property=\"og:description\" content=\"VVAA 9788460990598 - BAJO CERO - 2006 - 120 p\u00e1ginas \/orri.\" \/>\n<meta property=\"og:url\" content=\"https:\/\/zapateneo.net\/wordpress\/index.php\/producto\/por-la-paz-no-a-la-investigacion-militar\/\" \/>\n<meta property=\"og:site_name\" content=\"Zapateneo\" \/>\n<meta property=\"article:modified_time\" content=\"2023-05-05T05:21:50+00:00\" \/>\n<meta property=\"og:image\" content=\"https:\/\/zapateneo.net\/wordpress\/wp-content\/uploads\/2021\/04\/4984.gif\" \/>\n\t<meta property=\"og:image:width\" content=\"142\" \/>\n\t<meta property=\"og:image:height\" content=\"217\" \/>\n\t<meta property=\"og:image:type\" content=\"image\/gif\" \/>\n<meta name=\"twitter:card\" content=\"summary_large_image\" \/>\n<meta name=\"twitter:site\" content=\"@zapateneo\" \/>\n<meta name=\"twitter:label1\" content=\"Tiempo de lectura\" \/>\n\t<meta name=\"twitter:data1\" content=\"2 minutos\" \/>\n<script type=\"application\/ld+json\" class=\"yoast-schema-graph\">{\"@context\":\"https:\\\/\\\/schema.org\",\"@graph\":[{\"@type\":\"WebPage\",\"@id\":\"https:\\\/\\\/zapateneo.net\\\/wordpress\\\/index.php\\\/producto\\\/por-la-paz-no-a-la-investigacion-militar\\\/\",\"url\":\"https:\\\/\\\/zapateneo.net\\\/wordpress\\\/index.php\\\/producto\\\/por-la-paz-no-a-la-investigacion-militar\\\/\",\"name\":\"Por la Paz: \u00a1No a la investigaci\u00f3n militar! &#8212; Zapateneo\",\"isPartOf\":{\"@id\":\"https:\\\/\\\/zapateneo.net\\\/wordpress\\\/#website\"},\"primaryImageOfPage\":{\"@id\":\"https:\\\/\\\/zapateneo.net\\\/wordpress\\\/index.php\\\/producto\\\/por-la-paz-no-a-la-investigacion-militar\\\/#primaryimage\"},\"image\":{\"@id\":\"https:\\\/\\\/zapateneo.net\\\/wordpress\\\/index.php\\\/producto\\\/por-la-paz-no-a-la-investigacion-militar\\\/#primaryimage\"},\"thumbnailUrl\":\"https:\\\/\\\/zapateneo.net\\\/wordpress\\\/wp-content\\\/uploads\\\/2021\\\/04\\\/4984.gif\",\"datePublished\":\"2021-04-07T15:23:06+00:00\",\"dateModified\":\"2023-05-05T05:21:50+00:00\",\"breadcrumb\":{\"@id\":\"https:\\\/\\\/zapateneo.net\\\/wordpress\\\/index.php\\\/producto\\\/por-la-paz-no-a-la-investigacion-militar\\\/#breadcrumb\"},\"inLanguage\":\"es\",\"potentialAction\":[{\"@type\":\"ReadAction\",\"target\":[\"https:\\\/\\\/zapateneo.net\\\/wordpress\\\/index.php\\\/producto\\\/por-la-paz-no-a-la-investigacion-militar\\\/\"]}]},{\"@type\":\"ImageObject\",\"inLanguage\":\"es\",\"@id\":\"https:\\\/\\\/zapateneo.net\\\/wordpress\\\/index.php\\\/producto\\\/por-la-paz-no-a-la-investigacion-militar\\\/#primaryimage\",\"url\":\"https:\\\/\\\/zapateneo.net\\\/wordpress\\\/wp-content\\\/uploads\\\/2021\\\/04\\\/4984.gif\",\"contentUrl\":\"https:\\\/\\\/zapateneo.net\\\/wordpress\\\/wp-content\\\/uploads\\\/2021\\\/04\\\/4984.gif\",\"width\":142,\"height\":217},{\"@type\":\"BreadcrumbList\",\"@id\":\"https:\\\/\\\/zapateneo.net\\\/wordpress\\\/index.php\\\/producto\\\/por-la-paz-no-a-la-investigacion-militar\\\/#breadcrumb\",\"itemListElement\":[{\"@type\":\"ListItem\",\"position\":1,\"name\":\"Portada\",\"item\":\"https:\\\/\\\/zapateneo.net\\\/wordpress\\\/\"},{\"@type\":\"ListItem\",\"position\":2,\"name\":\"Tienda\",\"item\":\"https:\\\/\\\/zapateneo.net\\\/wordpress\\\/\"},{\"@type\":\"ListItem\",\"position\":3,\"name\":\"Por la Paz: \u00a1No a la investigaci\u00f3n militar!\"}]},{\"@type\":\"WebSite\",\"@id\":\"https:\\\/\\\/zapateneo.net\\\/wordpress\\\/#website\",\"url\":\"https:\\\/\\\/zapateneo.net\\\/wordpress\\\/\",\"name\":\"Zapateneo\",\"description\":\"Zapateneoaren webgunea\",\"publisher\":{\"@id\":\"https:\\\/\\\/zapateneo.net\\\/wordpress\\\/#organization\"},\"potentialAction\":[{\"@type\":\"SearchAction\",\"target\":{\"@type\":\"EntryPoint\",\"urlTemplate\":\"https:\\\/\\\/zapateneo.net\\\/wordpress\\\/?s={search_term_string}\"},\"query-input\":{\"@type\":\"PropertyValueSpecification\",\"valueRequired\":true,\"valueName\":\"search_term_string\"}}],\"inLanguage\":\"es\"},{\"@type\":\"Organization\",\"@id\":\"https:\\\/\\\/zapateneo.net\\\/wordpress\\\/#organization\",\"name\":\"Zapateneo Kultur Elkartea\",\"url\":\"https:\\\/\\\/zapateneo.net\\\/wordpress\\\/\",\"logo\":{\"@type\":\"ImageObject\",\"inLanguage\":\"es\",\"@id\":\"https:\\\/\\\/zapateneo.net\\\/wordpress\\\/#\\\/schema\\\/logo\\\/image\\\/\",\"url\":\"https:\\\/\\\/zapateneo.net\\\/wordpress\\\/wp-content\\\/uploads\\\/2021\\\/04\\\/zap-libu-kolec.jpg\",\"contentUrl\":\"https:\\\/\\\/zapateneo.net\\\/wordpress\\\/wp-content\\\/uploads\\\/2021\\\/04\\\/zap-libu-kolec.jpg\",\"width\":2234,\"height\":398,\"caption\":\"Zapateneo Kultur Elkartea\"},\"image\":{\"@id\":\"https:\\\/\\\/zapateneo.net\\\/wordpress\\\/#\\\/schema\\\/logo\\\/image\\\/\"},\"sameAs\":[\"https:\\\/\\\/x.com\\\/zapateneo\"]}]}<\/script>\n<!-- \/ Yoast SEO plugin. -->","yoast_head_json":{"title":"Por la Paz: \u00a1No a la investigaci\u00f3n militar! &#8212; Zapateneo","robots":{"index":"index","follow":"follow","max-snippet":"max-snippet:-1","max-image-preview":"max-image-preview:large","max-video-preview":"max-video-preview:-1"},"canonical":"https:\/\/zapateneo.net\/wordpress\/index.php\/producto\/por-la-paz-no-a-la-investigacion-militar\/","og_locale":"es_ES","og_type":"article","og_title":"Por la Paz: \u00a1No a la investigaci\u00f3n militar! &#8212; Zapateneo","og_description":"VVAA 9788460990598 - BAJO CERO - 2006 - 120 p\u00e1ginas \/orri.","og_url":"https:\/\/zapateneo.net\/wordpress\/index.php\/producto\/por-la-paz-no-a-la-investigacion-militar\/","og_site_name":"Zapateneo","article_modified_time":"2023-05-05T05:21:50+00:00","og_image":[{"width":142,"height":217,"url":"https:\/\/zapateneo.net\/wordpress\/wp-content\/uploads\/2021\/04\/4984.gif","type":"image\/gif"}],"twitter_card":"summary_large_image","twitter_site":"@zapateneo","twitter_misc":{"Tiempo de lectura":"2 minutos"},"schema":{"@context":"https:\/\/schema.org","@graph":[{"@type":"WebPage","@id":"https:\/\/zapateneo.net\/wordpress\/index.php\/producto\/por-la-paz-no-a-la-investigacion-militar\/","url":"https:\/\/zapateneo.net\/wordpress\/index.php\/producto\/por-la-paz-no-a-la-investigacion-militar\/","name":"Por la Paz: \u00a1No a la investigaci\u00f3n militar! &#8212; Zapateneo","isPartOf":{"@id":"https:\/\/zapateneo.net\/wordpress\/#website"},"primaryImageOfPage":{"@id":"https:\/\/zapateneo.net\/wordpress\/index.php\/producto\/por-la-paz-no-a-la-investigacion-militar\/#primaryimage"},"image":{"@id":"https:\/\/zapateneo.net\/wordpress\/index.php\/producto\/por-la-paz-no-a-la-investigacion-militar\/#primaryimage"},"thumbnailUrl":"https:\/\/zapateneo.net\/wordpress\/wp-content\/uploads\/2021\/04\/4984.gif","datePublished":"2021-04-07T15:23:06+00:00","dateModified":"2023-05-05T05:21:50+00:00","breadcrumb":{"@id":"https:\/\/zapateneo.net\/wordpress\/index.php\/producto\/por-la-paz-no-a-la-investigacion-militar\/#breadcrumb"},"inLanguage":"es","potentialAction":[{"@type":"ReadAction","target":["https:\/\/zapateneo.net\/wordpress\/index.php\/producto\/por-la-paz-no-a-la-investigacion-militar\/"]}]},{"@type":"ImageObject","inLanguage":"es","@id":"https:\/\/zapateneo.net\/wordpress\/index.php\/producto\/por-la-paz-no-a-la-investigacion-militar\/#primaryimage","url":"https:\/\/zapateneo.net\/wordpress\/wp-content\/uploads\/2021\/04\/4984.gif","contentUrl":"https:\/\/zapateneo.net\/wordpress\/wp-content\/uploads\/2021\/04\/4984.gif","width":142,"height":217},{"@type":"BreadcrumbList","@id":"https:\/\/zapateneo.net\/wordpress\/index.php\/producto\/por-la-paz-no-a-la-investigacion-militar\/#breadcrumb","itemListElement":[{"@type":"ListItem","position":1,"name":"Portada","item":"https:\/\/zapateneo.net\/wordpress\/"},{"@type":"ListItem","position":2,"name":"Tienda","item":"https:\/\/zapateneo.net\/wordpress\/"},{"@type":"ListItem","position":3,"name":"Por la Paz: \u00a1No a la investigaci\u00f3n militar!"}]},{"@type":"WebSite","@id":"https:\/\/zapateneo.net\/wordpress\/#website","url":"https:\/\/zapateneo.net\/wordpress\/","name":"Zapateneo","description":"Zapateneoaren webgunea","publisher":{"@id":"https:\/\/zapateneo.net\/wordpress\/#organization"},"potentialAction":[{"@type":"SearchAction","target":{"@type":"EntryPoint","urlTemplate":"https:\/\/zapateneo.net\/wordpress\/?s={search_term_string}"},"query-input":{"@type":"PropertyValueSpecification","valueRequired":true,"valueName":"search_term_string"}}],"inLanguage":"es"},{"@type":"Organization","@id":"https:\/\/zapateneo.net\/wordpress\/#organization","name":"Zapateneo Kultur Elkartea","url":"https:\/\/zapateneo.net\/wordpress\/","logo":{"@type":"ImageObject","inLanguage":"es","@id":"https:\/\/zapateneo.net\/wordpress\/#\/schema\/logo\/image\/","url":"https:\/\/zapateneo.net\/wordpress\/wp-content\/uploads\/2021\/04\/zap-libu-kolec.jpg","contentUrl":"https:\/\/zapateneo.net\/wordpress\/wp-content\/uploads\/2021\/04\/zap-libu-kolec.jpg","width":2234,"height":398,"caption":"Zapateneo Kultur Elkartea"},"image":{"@id":"https:\/\/zapateneo.net\/wordpress\/#\/schema\/logo\/image\/"},"sameAs":["https:\/\/x.com\/zapateneo"]}]}},"_links":{"self":[{"href":"https:\/\/zapateneo.net\/wordpress\/index.php\/wp-json\/wp\/v2\/product\/2594","targetHints":{"allow":["GET"]}}],"collection":[{"href":"https:\/\/zapateneo.net\/wordpress\/index.php\/wp-json\/wp\/v2\/product"}],"about":[{"href":"https:\/\/zapateneo.net\/wordpress\/index.php\/wp-json\/wp\/v2\/types\/product"}],"wp:featuredmedia":[{"embeddable":true,"href":"https:\/\/zapateneo.net\/wordpress\/index.php\/wp-json\/wp\/v2\/media\/2621"}],"wp:attachment":[{"href":"https:\/\/zapateneo.net\/wordpress\/index.php\/wp-json\/wp\/v2\/media?parent=2594"}],"wp:term":[{"taxonomy":"product_brand","embeddable":true,"href":"https:\/\/zapateneo.net\/wordpress\/index.php\/wp-json\/wp\/v2\/product_brand?post=2594"},{"taxonomy":"product_cat","embeddable":true,"href":"https:\/\/zapateneo.net\/wordpress\/index.php\/wp-json\/wp\/v2\/product_cat?post=2594"},{"taxonomy":"product_tag","embeddable":true,"href":"https:\/\/zapateneo.net\/wordpress\/index.php\/wp-json\/wp\/v2\/product_tag?post=2594"}],"curies":[{"name":"wp","href":"https:\/\/api.w.org\/{rel}","templated":true}]}}