{"id":2577,"date":"2021-04-07T16:22:35","date_gmt":"2021-04-07T15:22:35","guid":{"rendered":"https:\/\/zapateneo.net\/wordpress\/?post_type=product&#038;p=2577"},"modified":"2023-07-29T14:48:29","modified_gmt":"2023-07-29T13:48:29","slug":"vida-y-politica-espai-en-blanc-materiales-para-la-subversion-de-la-vida","status":"publish","type":"product","link":"https:\/\/zapateneo.net\/wordpress\/index.php\/producto\/vida-y-politica-espai-en-blanc-materiales-para-la-subversion-de-la-vida\/","title":{"rendered":"Vida y pol\u00edtica. Espai en Blanc. Materiales para la subversi\u00f3n de la vida"},"content":{"rendered":"<p>&nbsp;<\/p>\n<p>Ahora Espai en Blanc da nombre tambi\u00e9n a una revista de publicaci\u00f3n anual en la que se re\u00fanen los materiales que componen nuestro trabajo escrito. \u00abMateriales para la subversi\u00f3n de la vida\u00bb: as\u00ed hemos descrito esta revista. \u00abMateriales\u00bb porque nuestros trabajos no son obras para archivar sino piezas con las que seguir trabajando, nosotros mismos, nuestros interlocutores, o quienes encuentren algo de importante en ellos. \u00abPara la subversi\u00f3n de la vida\u00bb, porque en la \u00e9poca global la resistencia al poder pasa directamente por cada una de nuestras vidas. Esto no significa que en la era global s\u00f3lo se pueda actuar localmente, como se ha defendido en determinadas corrientes del pensamiento cr\u00edtico, o que la totalidad s\u00f3lo pueda ser cambiada desde la vida individual. Significa algo mucho m\u00e1s decisivo: en la sociedad-red el poder se ejerce, principalmente, a trav\u00e9s de la manera como cada uno gestiona su propia vida. La vida se convierte as\u00ed en un campo de batalla. La propia vida se vuelve as\u00ed directamente pol\u00edtica. Por eso este primer n\u00famero doble (n.\u00ba 1-2) de la revista de Espai en Blanc tiene como t\u00edtulo \u00abVida y pol\u00edtica\u00bb. Es la encrucijada en la que se sit\u00faa nuestro trabajo tal como lo hemos descrito hasta aqu\u00ed. La democracia-mercado y su representaci\u00f3n medi\u00e1tica han separado la vida y la pol\u00edtica: nada de vivo queda en la pol\u00edtica y nada de pol\u00edtico respira en la vida. Y en cambio, cualquier acontecimiento de la vida puede hoy politizarse: el acceso a la vivienda, un incendio, la falta de sentido de la propia existencia, el cansancio, el ocio en la calle\u00bb \u00bfC\u00f3mo se relacionan hoy vida y pol\u00edtica? \u00bfQu\u00e9 significa tener una vida pol\u00edtica? Los materiales de la vida y los materiales de lo pol\u00edtico se confunden y se rehuyen a la vez. Lo p\u00fablico, como dimensi\u00f3n y espacio propio de la experiencia pol\u00edtica, ha sido fagocitado. Importantes corrientes del pensamiento cr\u00edtico actual apuntan a su rehabilitaci\u00f3n, a partir de una idea abstracta y formal de la democracia y de las nuevas posibilidades de la comunicaci\u00f3n. Desde Espai en Blanc rechazamos estas posiciones como mistificadoras. Lo pol\u00edtico s\u00f3lo puede ser pensado desde las propias condiciones de existencia. El pensamiento cr\u00edtico muere cuando se hace abstracto y formal. \u00cdNDICE Pr\u00f3logo | ESCENARIOS | El 11-M y la nueva politizaci\u00f3n, Santiago L\u00f3pez Petit, Marina Garc\u00e9s. Desarmar la inseguridad, Margarita Padilla. Tentativas para una teratolog\u00eda del poder, Iv\u00e1n Alejo. Barcelona 2004: el fascismo postmoderno, Espai en Blanc | ESTRATEGIAS | Resistir en persona, Erik Bordeleau. M\u00e1s all\u00e1 de la cr\u00edtica de la vida cotidiana, Santiago L\u00f3pez Petit. Acallar el miedo, Patricia Rey. Sentido y subversi\u00f3n, Wenceslao Gal\u00e1n | EXPERIENCIAS | Entre nosotros, Marina Garc\u00e9s. La interioridad com\u00fan, Santiago L\u00f3pez Petit. Entrevista al colectivo Miles de Viviendas, Espai en Blanc. El sufrimiento social. Entrevista a Emmanuel Renault, Espai en Blanc | NARRACIONES | \u00abQue la vida sea s\u00f3lo eso no puede ser\u00bb. Conversaci\u00f3n sobre El Taxista ful, Espai en Blanc. Hablar a gritos. Correspondencia, Patricia Rey, Wenceslao Gal\u00e1n. Victoria Camps reescribe el Neuromante, Ram\u00f3n Pinto. Teatro del asedio. El cuerpo y la c\u00e1rcel, Dario Malventi, Alvaro Garreaud | Biograf\u00edas.<\/p>\n<p>&nbsp;<\/p>\n","protected":false},"excerpt":{"rendered":"<p><strong>vvaa<\/strong><br \/>\n2007072300029 &#8211; BELLATERRA &#8211; 2006 &#8211; 263 p\u00e1ginas \/orri.<\/p>\n","protected":false},"featured_media":2620,"template":"","meta":[],"product_brand":[],"product_cat":[177,16],"product_tag":[92],"class_list":{"0":"post-2577","1":"product","2":"type-product","3":"status-publish","4":"has-post-thumbnail","6":"product_cat-gizarte-mugimenduak-movimientos-sociales","7":"product_cat-libros","8":"product_tag-bellaterra","10":"first","11":"outofstock","12":"sold-individually","13":"shipping-taxable","14":"purchasable","15":"product-type-simple"},"yoast_head":"<!-- This site is optimized with the Yoast SEO plugin v27.3 - https:\/\/yoast.com\/product\/yoast-seo-wordpress\/ -->\n<title>Vida y pol\u00edtica. Espai en Blanc. Materiales para la subversi\u00f3n de la vida &#8212; Zapateneo<\/title>\n<meta name=\"robots\" content=\"index, follow, max-snippet:-1, max-image-preview:large, max-video-preview:-1\" \/>\n<link rel=\"canonical\" href=\"https:\/\/zapateneo.net\/wordpress\/index.php\/producto\/vida-y-politica-espai-en-blanc-materiales-para-la-subversion-de-la-vida\/\" \/>\n<meta property=\"og:locale\" content=\"es_ES\" \/>\n<meta property=\"og:type\" content=\"article\" \/>\n<meta property=\"og:title\" content=\"Vida y pol\u00edtica. Espai en Blanc. Materiales para la subversi\u00f3n de la vida &#8212; Zapateneo\" \/>\n<meta property=\"og:description\" content=\"vvaa 2007072300029 - BELLATERRA - 2006 - 263 p\u00e1ginas \/orri.\" \/>\n<meta property=\"og:url\" content=\"https:\/\/zapateneo.net\/wordpress\/index.php\/producto\/vida-y-politica-espai-en-blanc-materiales-para-la-subversion-de-la-vida\/\" \/>\n<meta property=\"og:site_name\" content=\"Zapateneo\" \/>\n<meta property=\"article:modified_time\" content=\"2023-07-29T13:48:29+00:00\" \/>\n<meta property=\"og:image\" content=\"https:\/\/zapateneo.net\/wordpress\/wp-content\/uploads\/2021\/04\/5098.jpg\" \/>\n\t<meta property=\"og:image:width\" content=\"355\" \/>\n\t<meta property=\"og:image:height\" content=\"531\" \/>\n\t<meta property=\"og:image:type\" content=\"image\/jpeg\" \/>\n<meta name=\"twitter:card\" content=\"summary_large_image\" \/>\n<meta name=\"twitter:site\" content=\"@zapateneo\" \/>\n<meta name=\"twitter:label1\" content=\"Tiempo de lectura\" \/>\n\t<meta name=\"twitter:data1\" content=\"3 minutos\" \/>\n<script type=\"application\/ld+json\" class=\"yoast-schema-graph\">{\"@context\":\"https:\\\/\\\/schema.org\",\"@graph\":[{\"@type\":\"WebPage\",\"@id\":\"https:\\\/\\\/zapateneo.net\\\/wordpress\\\/index.php\\\/producto\\\/vida-y-politica-espai-en-blanc-materiales-para-la-subversion-de-la-vida\\\/\",\"url\":\"https:\\\/\\\/zapateneo.net\\\/wordpress\\\/index.php\\\/producto\\\/vida-y-politica-espai-en-blanc-materiales-para-la-subversion-de-la-vida\\\/\",\"name\":\"Vida y pol\u00edtica. Espai en Blanc. Materiales para la subversi\u00f3n de la vida &#8212; Zapateneo\",\"isPartOf\":{\"@id\":\"https:\\\/\\\/zapateneo.net\\\/wordpress\\\/#website\"},\"primaryImageOfPage\":{\"@id\":\"https:\\\/\\\/zapateneo.net\\\/wordpress\\\/index.php\\\/producto\\\/vida-y-politica-espai-en-blanc-materiales-para-la-subversion-de-la-vida\\\/#primaryimage\"},\"image\":{\"@id\":\"https:\\\/\\\/zapateneo.net\\\/wordpress\\\/index.php\\\/producto\\\/vida-y-politica-espai-en-blanc-materiales-para-la-subversion-de-la-vida\\\/#primaryimage\"},\"thumbnailUrl\":\"https:\\\/\\\/zapateneo.net\\\/wordpress\\\/wp-content\\\/uploads\\\/2021\\\/04\\\/5098.jpg\",\"datePublished\":\"2021-04-07T15:22:35+00:00\",\"dateModified\":\"2023-07-29T13:48:29+00:00\",\"breadcrumb\":{\"@id\":\"https:\\\/\\\/zapateneo.net\\\/wordpress\\\/index.php\\\/producto\\\/vida-y-politica-espai-en-blanc-materiales-para-la-subversion-de-la-vida\\\/#breadcrumb\"},\"inLanguage\":\"es\",\"potentialAction\":[{\"@type\":\"ReadAction\",\"target\":[\"https:\\\/\\\/zapateneo.net\\\/wordpress\\\/index.php\\\/producto\\\/vida-y-politica-espai-en-blanc-materiales-para-la-subversion-de-la-vida\\\/\"]}]},{\"@type\":\"ImageObject\",\"inLanguage\":\"es\",\"@id\":\"https:\\\/\\\/zapateneo.net\\\/wordpress\\\/index.php\\\/producto\\\/vida-y-politica-espai-en-blanc-materiales-para-la-subversion-de-la-vida\\\/#primaryimage\",\"url\":\"https:\\\/\\\/zapateneo.net\\\/wordpress\\\/wp-content\\\/uploads\\\/2021\\\/04\\\/5098.jpg\",\"contentUrl\":\"https:\\\/\\\/zapateneo.net\\\/wordpress\\\/wp-content\\\/uploads\\\/2021\\\/04\\\/5098.jpg\",\"width\":355,\"height\":531},{\"@type\":\"BreadcrumbList\",\"@id\":\"https:\\\/\\\/zapateneo.net\\\/wordpress\\\/index.php\\\/producto\\\/vida-y-politica-espai-en-blanc-materiales-para-la-subversion-de-la-vida\\\/#breadcrumb\",\"itemListElement\":[{\"@type\":\"ListItem\",\"position\":1,\"name\":\"Portada\",\"item\":\"https:\\\/\\\/zapateneo.net\\\/wordpress\\\/\"},{\"@type\":\"ListItem\",\"position\":2,\"name\":\"Tienda\",\"item\":\"https:\\\/\\\/zapateneo.net\\\/wordpress\\\/\"},{\"@type\":\"ListItem\",\"position\":3,\"name\":\"Vida y pol\u00edtica. Espai en Blanc. Materiales para la subversi\u00f3n de la vida\"}]},{\"@type\":\"WebSite\",\"@id\":\"https:\\\/\\\/zapateneo.net\\\/wordpress\\\/#website\",\"url\":\"https:\\\/\\\/zapateneo.net\\\/wordpress\\\/\",\"name\":\"Zapateneo\",\"description\":\"Zapateneoaren webgunea\",\"publisher\":{\"@id\":\"https:\\\/\\\/zapateneo.net\\\/wordpress\\\/#organization\"},\"potentialAction\":[{\"@type\":\"SearchAction\",\"target\":{\"@type\":\"EntryPoint\",\"urlTemplate\":\"https:\\\/\\\/zapateneo.net\\\/wordpress\\\/?s={search_term_string}\"},\"query-input\":{\"@type\":\"PropertyValueSpecification\",\"valueRequired\":true,\"valueName\":\"search_term_string\"}}],\"inLanguage\":\"es\"},{\"@type\":\"Organization\",\"@id\":\"https:\\\/\\\/zapateneo.net\\\/wordpress\\\/#organization\",\"name\":\"Zapateneo Kultur Elkartea\",\"url\":\"https:\\\/\\\/zapateneo.net\\\/wordpress\\\/\",\"logo\":{\"@type\":\"ImageObject\",\"inLanguage\":\"es\",\"@id\":\"https:\\\/\\\/zapateneo.net\\\/wordpress\\\/#\\\/schema\\\/logo\\\/image\\\/\",\"url\":\"https:\\\/\\\/zapateneo.net\\\/wordpress\\\/wp-content\\\/uploads\\\/2021\\\/04\\\/zap-libu-kolec.jpg\",\"contentUrl\":\"https:\\\/\\\/zapateneo.net\\\/wordpress\\\/wp-content\\\/uploads\\\/2021\\\/04\\\/zap-libu-kolec.jpg\",\"width\":2234,\"height\":398,\"caption\":\"Zapateneo Kultur Elkartea\"},\"image\":{\"@id\":\"https:\\\/\\\/zapateneo.net\\\/wordpress\\\/#\\\/schema\\\/logo\\\/image\\\/\"},\"sameAs\":[\"https:\\\/\\\/x.com\\\/zapateneo\"]}]}<\/script>\n<!-- \/ Yoast SEO plugin. -->","yoast_head_json":{"title":"Vida y pol\u00edtica. Espai en Blanc. Materiales para la subversi\u00f3n de la vida &#8212; Zapateneo","robots":{"index":"index","follow":"follow","max-snippet":"max-snippet:-1","max-image-preview":"max-image-preview:large","max-video-preview":"max-video-preview:-1"},"canonical":"https:\/\/zapateneo.net\/wordpress\/index.php\/producto\/vida-y-politica-espai-en-blanc-materiales-para-la-subversion-de-la-vida\/","og_locale":"es_ES","og_type":"article","og_title":"Vida y pol\u00edtica. Espai en Blanc. Materiales para la subversi\u00f3n de la vida &#8212; Zapateneo","og_description":"vvaa 2007072300029 - BELLATERRA - 2006 - 263 p\u00e1ginas \/orri.","og_url":"https:\/\/zapateneo.net\/wordpress\/index.php\/producto\/vida-y-politica-espai-en-blanc-materiales-para-la-subversion-de-la-vida\/","og_site_name":"Zapateneo","article_modified_time":"2023-07-29T13:48:29+00:00","og_image":[{"width":355,"height":531,"url":"https:\/\/zapateneo.net\/wordpress\/wp-content\/uploads\/2021\/04\/5098.jpg","type":"image\/jpeg"}],"twitter_card":"summary_large_image","twitter_site":"@zapateneo","twitter_misc":{"Tiempo de lectura":"3 minutos"},"schema":{"@context":"https:\/\/schema.org","@graph":[{"@type":"WebPage","@id":"https:\/\/zapateneo.net\/wordpress\/index.php\/producto\/vida-y-politica-espai-en-blanc-materiales-para-la-subversion-de-la-vida\/","url":"https:\/\/zapateneo.net\/wordpress\/index.php\/producto\/vida-y-politica-espai-en-blanc-materiales-para-la-subversion-de-la-vida\/","name":"Vida y pol\u00edtica. Espai en Blanc. Materiales para la subversi\u00f3n de la vida &#8212; Zapateneo","isPartOf":{"@id":"https:\/\/zapateneo.net\/wordpress\/#website"},"primaryImageOfPage":{"@id":"https:\/\/zapateneo.net\/wordpress\/index.php\/producto\/vida-y-politica-espai-en-blanc-materiales-para-la-subversion-de-la-vida\/#primaryimage"},"image":{"@id":"https:\/\/zapateneo.net\/wordpress\/index.php\/producto\/vida-y-politica-espai-en-blanc-materiales-para-la-subversion-de-la-vida\/#primaryimage"},"thumbnailUrl":"https:\/\/zapateneo.net\/wordpress\/wp-content\/uploads\/2021\/04\/5098.jpg","datePublished":"2021-04-07T15:22:35+00:00","dateModified":"2023-07-29T13:48:29+00:00","breadcrumb":{"@id":"https:\/\/zapateneo.net\/wordpress\/index.php\/producto\/vida-y-politica-espai-en-blanc-materiales-para-la-subversion-de-la-vida\/#breadcrumb"},"inLanguage":"es","potentialAction":[{"@type":"ReadAction","target":["https:\/\/zapateneo.net\/wordpress\/index.php\/producto\/vida-y-politica-espai-en-blanc-materiales-para-la-subversion-de-la-vida\/"]}]},{"@type":"ImageObject","inLanguage":"es","@id":"https:\/\/zapateneo.net\/wordpress\/index.php\/producto\/vida-y-politica-espai-en-blanc-materiales-para-la-subversion-de-la-vida\/#primaryimage","url":"https:\/\/zapateneo.net\/wordpress\/wp-content\/uploads\/2021\/04\/5098.jpg","contentUrl":"https:\/\/zapateneo.net\/wordpress\/wp-content\/uploads\/2021\/04\/5098.jpg","width":355,"height":531},{"@type":"BreadcrumbList","@id":"https:\/\/zapateneo.net\/wordpress\/index.php\/producto\/vida-y-politica-espai-en-blanc-materiales-para-la-subversion-de-la-vida\/#breadcrumb","itemListElement":[{"@type":"ListItem","position":1,"name":"Portada","item":"https:\/\/zapateneo.net\/wordpress\/"},{"@type":"ListItem","position":2,"name":"Tienda","item":"https:\/\/zapateneo.net\/wordpress\/"},{"@type":"ListItem","position":3,"name":"Vida y pol\u00edtica. Espai en Blanc. Materiales para la subversi\u00f3n de la vida"}]},{"@type":"WebSite","@id":"https:\/\/zapateneo.net\/wordpress\/#website","url":"https:\/\/zapateneo.net\/wordpress\/","name":"Zapateneo","description":"Zapateneoaren webgunea","publisher":{"@id":"https:\/\/zapateneo.net\/wordpress\/#organization"},"potentialAction":[{"@type":"SearchAction","target":{"@type":"EntryPoint","urlTemplate":"https:\/\/zapateneo.net\/wordpress\/?s={search_term_string}"},"query-input":{"@type":"PropertyValueSpecification","valueRequired":true,"valueName":"search_term_string"}}],"inLanguage":"es"},{"@type":"Organization","@id":"https:\/\/zapateneo.net\/wordpress\/#organization","name":"Zapateneo Kultur Elkartea","url":"https:\/\/zapateneo.net\/wordpress\/","logo":{"@type":"ImageObject","inLanguage":"es","@id":"https:\/\/zapateneo.net\/wordpress\/#\/schema\/logo\/image\/","url":"https:\/\/zapateneo.net\/wordpress\/wp-content\/uploads\/2021\/04\/zap-libu-kolec.jpg","contentUrl":"https:\/\/zapateneo.net\/wordpress\/wp-content\/uploads\/2021\/04\/zap-libu-kolec.jpg","width":2234,"height":398,"caption":"Zapateneo Kultur Elkartea"},"image":{"@id":"https:\/\/zapateneo.net\/wordpress\/#\/schema\/logo\/image\/"},"sameAs":["https:\/\/x.com\/zapateneo"]}]}},"_links":{"self":[{"href":"https:\/\/zapateneo.net\/wordpress\/index.php\/wp-json\/wp\/v2\/product\/2577","targetHints":{"allow":["GET"]}}],"collection":[{"href":"https:\/\/zapateneo.net\/wordpress\/index.php\/wp-json\/wp\/v2\/product"}],"about":[{"href":"https:\/\/zapateneo.net\/wordpress\/index.php\/wp-json\/wp\/v2\/types\/product"}],"wp:featuredmedia":[{"embeddable":true,"href":"https:\/\/zapateneo.net\/wordpress\/index.php\/wp-json\/wp\/v2\/media\/2620"}],"wp:attachment":[{"href":"https:\/\/zapateneo.net\/wordpress\/index.php\/wp-json\/wp\/v2\/media?parent=2577"}],"wp:term":[{"taxonomy":"product_brand","embeddable":true,"href":"https:\/\/zapateneo.net\/wordpress\/index.php\/wp-json\/wp\/v2\/product_brand?post=2577"},{"taxonomy":"product_cat","embeddable":true,"href":"https:\/\/zapateneo.net\/wordpress\/index.php\/wp-json\/wp\/v2\/product_cat?post=2577"},{"taxonomy":"product_tag","embeddable":true,"href":"https:\/\/zapateneo.net\/wordpress\/index.php\/wp-json\/wp\/v2\/product_tag?post=2577"}],"curies":[{"name":"wp","href":"https:\/\/api.w.org\/{rel}","templated":true}]}}