{"id":2571,"date":"2021-04-07T16:22:34","date_gmt":"2021-04-07T15:22:34","guid":{"rendered":"https:\/\/zapateneo.net\/wordpress\/?post_type=product&#038;p=2571"},"modified":"2023-05-05T15:40:36","modified_gmt":"2023-05-05T14:40:36","slug":"militarismo-en-espana-el","status":"publish","type":"product","link":"https:\/\/zapateneo.net\/wordpress\/index.php\/producto\/militarismo-en-espana-el\/","title":{"rendered":"MILITARISMO EN ESPA\u00d1A, EL"},"content":{"rendered":"<div>\n<p>El Estado espa\u00f1ol ha optado por implicarse en la evoluci\u00f3n de los conflictos armados apostando por medidas militares, como el env\u00edo de fuerzas armadas a diversos lugares del planeta. El discurso pol\u00edtico de las \u00e9lites gobernantes y las din\u00e1micas que rodean este nuevo escenario han ocasionando un fortalecimiento del militarismo en Espa\u00f1a. En El militarismo en Espa\u00f1a. Balance del ciclo armamentista espa\u00f1ol hasta 2007, se reflexiona sobre este fen\u00f3meno cada vez m\u00e1s arraigado en la sociedad espa\u00f1ola, sin que \u00e9sta se aperciba de las graves consecuencias que el militarismo ocasiona, tanto internamente como en el resto del mundo. As\u00ed, en los diferentes cap\u00edtulos del volumen se analiza lo acontecido durante la \u00faltima d\u00e9cada en lo relativo a la pol\u00edtica de defensa en un nuevo orden mundial donde, a consecuencia de los compromisos adquiridos con la OTAN y la UE, entre otros, se desarrollan costosos proyectos militares. De estos compromisos se desprenden los aspectos que rodean la econom\u00eda de la defensa: presupuestos, I+D, industria militar, comercio de armas y la presencia espa\u00f1ola en ferias de armamentos internacionales, todo lo cual contribuye a la carrera de armamentos mundial.<\/p>\n<p>Tambi\u00e9n se analizan los nuevos cometidos que se le asignan a las fuerzas armadas, en especial las denominadas intervenciones humanitarias en el exterior o la transformaci\u00f3n que atraviesan las fuerzas armadas para conseguir los objetivos marcados para alcanzar una tropa profesional, dedicando especial atenci\u00f3n a los graves recortes de derechos y violaciones que sufren los y las soldados en el ejercicio de su profesi\u00f3n. En un mundo interdependiente, nuestra seguridad no puede construirse contra la seguridad de los otros. En este proceso de militarizaci\u00f3n, tener industrias de guerra, invertir en armamentos o sobredimensionar los ej\u00e9rcitos no ayuda a la paz mundial sino, todo lo contrario, contribuyen a la inseguridad global a trav\u00e9s de los riesgos y amenazas que originan.<\/p>\n<p>&nbsp;<\/p>\n<\/div>\n<div class=\"row\">\n<div class=\"col-12 col-12-small\">\n<p>&nbsp;<\/p>\n<p><strong>Arcadi Oliveres<\/strong>\u00a0es profesor de Econom\u00eda Aplicada de la UAB, presidente de Just\u00edcia i Pau, investigador en temas de paz y desarme del Centre Del\u00e0s D\u2019Estudis per la Pau.<\/p>\n<p><strong>Pere Ortega<\/strong>\u00a0es licenciado en historia, investigador en temas de paz, desarme y econom\u00eda de la defensa. Coautor de\u00a0<em>Noviolencia y transformaci\u00f3n social<\/em>\u00a0y\u00a0<em>El ciclo armamentista espa\u00f1ol. Una panor\u00e1mica cr\u00edtica (1989-1999)<\/em>.<\/p>\n<\/div>\n<\/div>\n","protected":false},"excerpt":{"rendered":"<p><strong>OLIVERES, ARCADI \/ ORTEGA, PERE<\/strong><br \/>\n9788474266054 &#8211; ICARIA &#8211; 2007 &#8211; p\u00e1ginas \/orri.<\/p>\n","protected":false},"featured_media":2614,"template":"","meta":[],"product_brand":[],"product_cat":[177,16],"product_tag":[5076,1919,643,1918],"class_list":{"0":"post-2571","1":"product","2":"type-product","3":"status-publish","4":"has-post-thumbnail","6":"product_cat-gizarte-mugimenduak-movimientos-sociales","7":"product_cat-libros","8":"product_tag-antimilitarismo","9":"product_tag-arcadi-ortega","10":"product_tag-icaria","11":"product_tag-oliveres","13":"first","14":"instock","15":"sold-individually","16":"shipping-taxable","17":"purchasable","18":"product-type-simple"},"yoast_head":"<!-- This site is optimized with the Yoast SEO plugin v27.3 - https:\/\/yoast.com\/product\/yoast-seo-wordpress\/ -->\n<title>MILITARISMO EN ESPA\u00d1A, EL &#8212; Zapateneo<\/title>\n<meta name=\"robots\" content=\"index, follow, max-snippet:-1, max-image-preview:large, max-video-preview:-1\" \/>\n<link rel=\"canonical\" href=\"https:\/\/zapateneo.net\/wordpress\/index.php\/producto\/militarismo-en-espana-el\/\" \/>\n<meta property=\"og:locale\" content=\"es_ES\" \/>\n<meta property=\"og:type\" content=\"article\" \/>\n<meta property=\"og:title\" content=\"MILITARISMO EN ESPA\u00d1A, EL &#8212; Zapateneo\" \/>\n<meta property=\"og:description\" content=\"OLIVERES, ARCADI \/ ORTEGA, PERE 9788474266054 - ICARIA - 2007 - p\u00e1ginas \/orri.\" \/>\n<meta property=\"og:url\" content=\"https:\/\/zapateneo.net\/wordpress\/index.php\/producto\/militarismo-en-espana-el\/\" \/>\n<meta property=\"og:site_name\" content=\"Zapateneo\" \/>\n<meta property=\"article:modified_time\" content=\"2023-05-05T14:40:36+00:00\" \/>\n<meta property=\"og:image\" content=\"https:\/\/zapateneo.net\/wordpress\/wp-content\/uploads\/2021\/04\/5195.gif\" \/>\n\t<meta property=\"og:image:width\" content=\"100\" \/>\n\t<meta property=\"og:image:height\" content=\"150\" \/>\n\t<meta property=\"og:image:type\" content=\"image\/gif\" \/>\n<meta name=\"twitter:card\" content=\"summary_large_image\" \/>\n<meta name=\"twitter:site\" content=\"@zapateneo\" \/>\n<meta name=\"twitter:label1\" content=\"Tiempo de lectura\" \/>\n\t<meta name=\"twitter:data1\" content=\"2 minutos\" \/>\n<script type=\"application\/ld+json\" class=\"yoast-schema-graph\">{\"@context\":\"https:\\\/\\\/schema.org\",\"@graph\":[{\"@type\":\"WebPage\",\"@id\":\"https:\\\/\\\/zapateneo.net\\\/wordpress\\\/index.php\\\/producto\\\/militarismo-en-espana-el\\\/\",\"url\":\"https:\\\/\\\/zapateneo.net\\\/wordpress\\\/index.php\\\/producto\\\/militarismo-en-espana-el\\\/\",\"name\":\"MILITARISMO EN ESPA\u00d1A, EL &#8212; Zapateneo\",\"isPartOf\":{\"@id\":\"https:\\\/\\\/zapateneo.net\\\/wordpress\\\/#website\"},\"primaryImageOfPage\":{\"@id\":\"https:\\\/\\\/zapateneo.net\\\/wordpress\\\/index.php\\\/producto\\\/militarismo-en-espana-el\\\/#primaryimage\"},\"image\":{\"@id\":\"https:\\\/\\\/zapateneo.net\\\/wordpress\\\/index.php\\\/producto\\\/militarismo-en-espana-el\\\/#primaryimage\"},\"thumbnailUrl\":\"https:\\\/\\\/zapateneo.net\\\/wordpress\\\/wp-content\\\/uploads\\\/2021\\\/04\\\/5195.gif\",\"datePublished\":\"2021-04-07T15:22:34+00:00\",\"dateModified\":\"2023-05-05T14:40:36+00:00\",\"breadcrumb\":{\"@id\":\"https:\\\/\\\/zapateneo.net\\\/wordpress\\\/index.php\\\/producto\\\/militarismo-en-espana-el\\\/#breadcrumb\"},\"inLanguage\":\"es\",\"potentialAction\":[{\"@type\":\"ReadAction\",\"target\":[\"https:\\\/\\\/zapateneo.net\\\/wordpress\\\/index.php\\\/producto\\\/militarismo-en-espana-el\\\/\"]}]},{\"@type\":\"ImageObject\",\"inLanguage\":\"es\",\"@id\":\"https:\\\/\\\/zapateneo.net\\\/wordpress\\\/index.php\\\/producto\\\/militarismo-en-espana-el\\\/#primaryimage\",\"url\":\"https:\\\/\\\/zapateneo.net\\\/wordpress\\\/wp-content\\\/uploads\\\/2021\\\/04\\\/5195.gif\",\"contentUrl\":\"https:\\\/\\\/zapateneo.net\\\/wordpress\\\/wp-content\\\/uploads\\\/2021\\\/04\\\/5195.gif\",\"width\":100,\"height\":150},{\"@type\":\"BreadcrumbList\",\"@id\":\"https:\\\/\\\/zapateneo.net\\\/wordpress\\\/index.php\\\/producto\\\/militarismo-en-espana-el\\\/#breadcrumb\",\"itemListElement\":[{\"@type\":\"ListItem\",\"position\":1,\"name\":\"Portada\",\"item\":\"https:\\\/\\\/zapateneo.net\\\/wordpress\\\/\"},{\"@type\":\"ListItem\",\"position\":2,\"name\":\"Tienda\",\"item\":\"https:\\\/\\\/zapateneo.net\\\/wordpress\\\/\"},{\"@type\":\"ListItem\",\"position\":3,\"name\":\"MILITARISMO EN ESPA\u00d1A, EL\"}]},{\"@type\":\"WebSite\",\"@id\":\"https:\\\/\\\/zapateneo.net\\\/wordpress\\\/#website\",\"url\":\"https:\\\/\\\/zapateneo.net\\\/wordpress\\\/\",\"name\":\"Zapateneo\",\"description\":\"Zapateneoaren webgunea\",\"publisher\":{\"@id\":\"https:\\\/\\\/zapateneo.net\\\/wordpress\\\/#organization\"},\"potentialAction\":[{\"@type\":\"SearchAction\",\"target\":{\"@type\":\"EntryPoint\",\"urlTemplate\":\"https:\\\/\\\/zapateneo.net\\\/wordpress\\\/?s={search_term_string}\"},\"query-input\":{\"@type\":\"PropertyValueSpecification\",\"valueRequired\":true,\"valueName\":\"search_term_string\"}}],\"inLanguage\":\"es\"},{\"@type\":\"Organization\",\"@id\":\"https:\\\/\\\/zapateneo.net\\\/wordpress\\\/#organization\",\"name\":\"Zapateneo Kultur Elkartea\",\"url\":\"https:\\\/\\\/zapateneo.net\\\/wordpress\\\/\",\"logo\":{\"@type\":\"ImageObject\",\"inLanguage\":\"es\",\"@id\":\"https:\\\/\\\/zapateneo.net\\\/wordpress\\\/#\\\/schema\\\/logo\\\/image\\\/\",\"url\":\"https:\\\/\\\/zapateneo.net\\\/wordpress\\\/wp-content\\\/uploads\\\/2021\\\/04\\\/zap-libu-kolec.jpg\",\"contentUrl\":\"https:\\\/\\\/zapateneo.net\\\/wordpress\\\/wp-content\\\/uploads\\\/2021\\\/04\\\/zap-libu-kolec.jpg\",\"width\":2234,\"height\":398,\"caption\":\"Zapateneo Kultur Elkartea\"},\"image\":{\"@id\":\"https:\\\/\\\/zapateneo.net\\\/wordpress\\\/#\\\/schema\\\/logo\\\/image\\\/\"},\"sameAs\":[\"https:\\\/\\\/x.com\\\/zapateneo\"]}]}<\/script>\n<!-- \/ Yoast SEO plugin. -->","yoast_head_json":{"title":"MILITARISMO EN ESPA\u00d1A, EL &#8212; Zapateneo","robots":{"index":"index","follow":"follow","max-snippet":"max-snippet:-1","max-image-preview":"max-image-preview:large","max-video-preview":"max-video-preview:-1"},"canonical":"https:\/\/zapateneo.net\/wordpress\/index.php\/producto\/militarismo-en-espana-el\/","og_locale":"es_ES","og_type":"article","og_title":"MILITARISMO EN ESPA\u00d1A, EL &#8212; Zapateneo","og_description":"OLIVERES, ARCADI \/ ORTEGA, PERE 9788474266054 - ICARIA - 2007 - p\u00e1ginas \/orri.","og_url":"https:\/\/zapateneo.net\/wordpress\/index.php\/producto\/militarismo-en-espana-el\/","og_site_name":"Zapateneo","article_modified_time":"2023-05-05T14:40:36+00:00","og_image":[{"width":100,"height":150,"url":"https:\/\/zapateneo.net\/wordpress\/wp-content\/uploads\/2021\/04\/5195.gif","type":"image\/gif"}],"twitter_card":"summary_large_image","twitter_site":"@zapateneo","twitter_misc":{"Tiempo de lectura":"2 minutos"},"schema":{"@context":"https:\/\/schema.org","@graph":[{"@type":"WebPage","@id":"https:\/\/zapateneo.net\/wordpress\/index.php\/producto\/militarismo-en-espana-el\/","url":"https:\/\/zapateneo.net\/wordpress\/index.php\/producto\/militarismo-en-espana-el\/","name":"MILITARISMO EN ESPA\u00d1A, EL &#8212; Zapateneo","isPartOf":{"@id":"https:\/\/zapateneo.net\/wordpress\/#website"},"primaryImageOfPage":{"@id":"https:\/\/zapateneo.net\/wordpress\/index.php\/producto\/militarismo-en-espana-el\/#primaryimage"},"image":{"@id":"https:\/\/zapateneo.net\/wordpress\/index.php\/producto\/militarismo-en-espana-el\/#primaryimage"},"thumbnailUrl":"https:\/\/zapateneo.net\/wordpress\/wp-content\/uploads\/2021\/04\/5195.gif","datePublished":"2021-04-07T15:22:34+00:00","dateModified":"2023-05-05T14:40:36+00:00","breadcrumb":{"@id":"https:\/\/zapateneo.net\/wordpress\/index.php\/producto\/militarismo-en-espana-el\/#breadcrumb"},"inLanguage":"es","potentialAction":[{"@type":"ReadAction","target":["https:\/\/zapateneo.net\/wordpress\/index.php\/producto\/militarismo-en-espana-el\/"]}]},{"@type":"ImageObject","inLanguage":"es","@id":"https:\/\/zapateneo.net\/wordpress\/index.php\/producto\/militarismo-en-espana-el\/#primaryimage","url":"https:\/\/zapateneo.net\/wordpress\/wp-content\/uploads\/2021\/04\/5195.gif","contentUrl":"https:\/\/zapateneo.net\/wordpress\/wp-content\/uploads\/2021\/04\/5195.gif","width":100,"height":150},{"@type":"BreadcrumbList","@id":"https:\/\/zapateneo.net\/wordpress\/index.php\/producto\/militarismo-en-espana-el\/#breadcrumb","itemListElement":[{"@type":"ListItem","position":1,"name":"Portada","item":"https:\/\/zapateneo.net\/wordpress\/"},{"@type":"ListItem","position":2,"name":"Tienda","item":"https:\/\/zapateneo.net\/wordpress\/"},{"@type":"ListItem","position":3,"name":"MILITARISMO EN ESPA\u00d1A, EL"}]},{"@type":"WebSite","@id":"https:\/\/zapateneo.net\/wordpress\/#website","url":"https:\/\/zapateneo.net\/wordpress\/","name":"Zapateneo","description":"Zapateneoaren webgunea","publisher":{"@id":"https:\/\/zapateneo.net\/wordpress\/#organization"},"potentialAction":[{"@type":"SearchAction","target":{"@type":"EntryPoint","urlTemplate":"https:\/\/zapateneo.net\/wordpress\/?s={search_term_string}"},"query-input":{"@type":"PropertyValueSpecification","valueRequired":true,"valueName":"search_term_string"}}],"inLanguage":"es"},{"@type":"Organization","@id":"https:\/\/zapateneo.net\/wordpress\/#organization","name":"Zapateneo Kultur Elkartea","url":"https:\/\/zapateneo.net\/wordpress\/","logo":{"@type":"ImageObject","inLanguage":"es","@id":"https:\/\/zapateneo.net\/wordpress\/#\/schema\/logo\/image\/","url":"https:\/\/zapateneo.net\/wordpress\/wp-content\/uploads\/2021\/04\/zap-libu-kolec.jpg","contentUrl":"https:\/\/zapateneo.net\/wordpress\/wp-content\/uploads\/2021\/04\/zap-libu-kolec.jpg","width":2234,"height":398,"caption":"Zapateneo Kultur Elkartea"},"image":{"@id":"https:\/\/zapateneo.net\/wordpress\/#\/schema\/logo\/image\/"},"sameAs":["https:\/\/x.com\/zapateneo"]}]}},"_links":{"self":[{"href":"https:\/\/zapateneo.net\/wordpress\/index.php\/wp-json\/wp\/v2\/product\/2571","targetHints":{"allow":["GET"]}}],"collection":[{"href":"https:\/\/zapateneo.net\/wordpress\/index.php\/wp-json\/wp\/v2\/product"}],"about":[{"href":"https:\/\/zapateneo.net\/wordpress\/index.php\/wp-json\/wp\/v2\/types\/product"}],"wp:featuredmedia":[{"embeddable":true,"href":"https:\/\/zapateneo.net\/wordpress\/index.php\/wp-json\/wp\/v2\/media\/2614"}],"wp:attachment":[{"href":"https:\/\/zapateneo.net\/wordpress\/index.php\/wp-json\/wp\/v2\/media?parent=2571"}],"wp:term":[{"taxonomy":"product_brand","embeddable":true,"href":"https:\/\/zapateneo.net\/wordpress\/index.php\/wp-json\/wp\/v2\/product_brand?post=2571"},{"taxonomy":"product_cat","embeddable":true,"href":"https:\/\/zapateneo.net\/wordpress\/index.php\/wp-json\/wp\/v2\/product_cat?post=2571"},{"taxonomy":"product_tag","embeddable":true,"href":"https:\/\/zapateneo.net\/wordpress\/index.php\/wp-json\/wp\/v2\/product_tag?post=2571"}],"curies":[{"name":"wp","href":"https:\/\/api.w.org\/{rel}","templated":true}]}}