{"id":2570,"date":"2021-04-07T16:22:33","date_gmt":"2021-04-07T15:22:33","guid":{"rendered":"https:\/\/zapateneo.net\/wordpress\/?post_type=product&#038;p=2570"},"modified":"2023-05-05T06:42:14","modified_gmt":"2023-05-05T05:42:14","slug":"araka-y-desamparadas-expolios-militares","status":"publish","type":"product","link":"https:\/\/zapateneo.net\/wordpress\/index.php\/producto\/araka-y-desamparadas-expolios-militares\/","title":{"rendered":"ARAKA Y DESAMPARADAS EXPOLIOS MILITARES"},"content":{"rendered":"<p>Araka no es s\u00f3lo aquel lugar de pesadilla donde miles de j\u00f3venes fueron obligados a hacer la mili, es tambi\u00e9n una cr\u00f3nica de casi medio siglo de demostraci\u00f3n de poder f\u00e1ctico militar. A principios de 1964 el entonces denominado Ramo de Guerra decidi\u00f3 hacerse con esos m\u00e1s de 7 millones de metros cuadrados de terreno, arrebat\u00e1ndoselos \u2013v\u00eda expropiaci\u00f3n forzosa\u2013 a sus leg\u00edtimas due\u00f1as: las poblaciones vitoriana y alavesa. En este libro, a trav\u00e9s de un recorrido cronol\u00f3gico por la documentaci\u00f3n de los Archivos de Ayuntamiento y Diputaci\u00f3n, vamos a contemplar que, gracias a la sumisi\u00f3n servil que las autoridades civiles le brindaron, el Ej\u00e9rcito hizo un negocio redondo: vendi\u00f3 los terrenos que ocupaba en Desamparadas \u2013cedidos gratuitamente en su d\u00eda por el Ayuntamiento\u2013 y expropi\u00f3 700 hect\u00e1reas para hacerse una Base Militar; obteniendo con todo ello, adem\u00e1s, 11 millones de beneficio. Las paganas fueron las poblaciones vitoriana y alavesa cuyas instituciones, entre ambas operaciones, regalaron a los militares \u2013incluso ilegalmente\u2013 30 millones de pesetas de la \u00e9poca. El destino de Araka sin militares no puede ser m\u00e1s que su devoluci\u00f3n gratuita a esas poblaciones. Aprendamos de las lecciones que nos aporta nuestra Historia y no repitamos vergonzantes comportamientos de sumisi\u00f3n a los militares. Este trabajo pretende colaborar en esa tarea. El colectivo Gasteizkoak nos presenta el libro Araka y desamparadas un trabajo de investigaci\u00f3n que profundiza sobre la expropiaci\u00f3n en los a\u00f1os 60 de 7 millones de metros cuadrados de terreno en Araca por parte del Ej\u00e9rcito. El colectivo antimilitarista Gasteizkoak ha sido el que ha recuperado esa documentaci\u00f3n y ha reunido el fruto de sus pesquisas en un libro que acaba de publicar: \u00abAraka y Desamparadas, expolios militares\u00bb. Se trata de una obra colectiva con la que pretenden informar a la sociedad alavesa de estos hechos, para que no vuelvan a repetirse. Y para que los representantes pol\u00edticos de Araba y Gasteiz \u00abno vuelvan a mostrar ese servilismo\u00bb ante los militares que llev\u00f3 a esta doble operaci\u00f3n inmobiliaria. Porque, por encima de todo, Gasteizkoak quiere a los militares \u00abfuera de Araka, y fuera de la faz de la tierra\u00bb, para lo que, advierte, la poblaci\u00f3n gasteiztarra y alavesa \u00abno se vende y no deja que se r\u00edan de ellos a la cara\u00bb<\/p>\n<p>&nbsp;<\/p>\n<p>&nbsp;<\/p>\n<p>&nbsp;<\/p>\n<p>&nbsp;<\/p>\n<p>&nbsp;<\/p>\n<p>&nbsp;<\/p>\n<p>&nbsp;<\/p>\n","protected":false},"excerpt":{"rendered":"<p><strong>COLECTIVO GASTEIZKOAK<\/strong><br \/>\n2007122000015 &#8211; GASTEIZKOAK &#8211; 2007 &#8211;  p\u00e1ginas \/orri.<\/p>\n","protected":false},"featured_media":2613,"template":"","meta":[],"product_brand":[],"product_cat":[177,16],"product_tag":[5076,1822,1914],"class_list":{"0":"post-2570","1":"product","2":"type-product","3":"status-publish","4":"has-post-thumbnail","6":"product_cat-gizarte-mugimenduak-movimientos-sociales","7":"product_cat-libros","8":"product_tag-antimilitarismo","9":"product_tag-colectivo-gasteizkoak","10":"product_tag-gasteizkoak","12":"first","13":"instock","14":"sold-individually","15":"shipping-taxable","16":"purchasable","17":"product-type-simple"},"yoast_head":"<!-- This site is optimized with the Yoast SEO plugin v27.3 - https:\/\/yoast.com\/product\/yoast-seo-wordpress\/ -->\n<title>ARAKA Y DESAMPARADAS EXPOLIOS MILITARES &#8212; Zapateneo<\/title>\n<meta name=\"robots\" content=\"index, follow, max-snippet:-1, max-image-preview:large, max-video-preview:-1\" \/>\n<link rel=\"canonical\" href=\"https:\/\/zapateneo.net\/wordpress\/index.php\/producto\/araka-y-desamparadas-expolios-militares\/\" \/>\n<meta property=\"og:locale\" content=\"es_ES\" \/>\n<meta property=\"og:type\" content=\"article\" \/>\n<meta property=\"og:title\" content=\"ARAKA Y DESAMPARADAS EXPOLIOS MILITARES &#8212; Zapateneo\" \/>\n<meta property=\"og:description\" content=\"COLECTIVO GASTEIZKOAK 2007122000015 - GASTEIZKOAK - 2007 - p\u00e1ginas \/orri.\" \/>\n<meta property=\"og:url\" content=\"https:\/\/zapateneo.net\/wordpress\/index.php\/producto\/araka-y-desamparadas-expolios-militares\/\" \/>\n<meta property=\"og:site_name\" content=\"Zapateneo\" \/>\n<meta property=\"article:modified_time\" content=\"2023-05-05T05:42:14+00:00\" \/>\n<meta property=\"og:image\" content=\"https:\/\/zapateneo.net\/wordpress\/wp-content\/uploads\/2021\/04\/5213.jpg\" \/>\n\t<meta property=\"og:image:width\" content=\"875\" \/>\n\t<meta property=\"og:image:height\" content=\"1240\" \/>\n\t<meta property=\"og:image:type\" content=\"image\/jpeg\" \/>\n<meta name=\"twitter:card\" content=\"summary_large_image\" \/>\n<meta name=\"twitter:site\" content=\"@zapateneo\" \/>\n<meta name=\"twitter:label1\" content=\"Tiempo de lectura\" \/>\n\t<meta name=\"twitter:data1\" content=\"2 minutos\" \/>\n<script type=\"application\/ld+json\" class=\"yoast-schema-graph\">{\"@context\":\"https:\\\/\\\/schema.org\",\"@graph\":[{\"@type\":\"WebPage\",\"@id\":\"https:\\\/\\\/zapateneo.net\\\/wordpress\\\/index.php\\\/producto\\\/araka-y-desamparadas-expolios-militares\\\/\",\"url\":\"https:\\\/\\\/zapateneo.net\\\/wordpress\\\/index.php\\\/producto\\\/araka-y-desamparadas-expolios-militares\\\/\",\"name\":\"ARAKA Y DESAMPARADAS EXPOLIOS MILITARES &#8212; Zapateneo\",\"isPartOf\":{\"@id\":\"https:\\\/\\\/zapateneo.net\\\/wordpress\\\/#website\"},\"primaryImageOfPage\":{\"@id\":\"https:\\\/\\\/zapateneo.net\\\/wordpress\\\/index.php\\\/producto\\\/araka-y-desamparadas-expolios-militares\\\/#primaryimage\"},\"image\":{\"@id\":\"https:\\\/\\\/zapateneo.net\\\/wordpress\\\/index.php\\\/producto\\\/araka-y-desamparadas-expolios-militares\\\/#primaryimage\"},\"thumbnailUrl\":\"https:\\\/\\\/zapateneo.net\\\/wordpress\\\/wp-content\\\/uploads\\\/2021\\\/04\\\/5213.jpg\",\"datePublished\":\"2021-04-07T15:22:33+00:00\",\"dateModified\":\"2023-05-05T05:42:14+00:00\",\"breadcrumb\":{\"@id\":\"https:\\\/\\\/zapateneo.net\\\/wordpress\\\/index.php\\\/producto\\\/araka-y-desamparadas-expolios-militares\\\/#breadcrumb\"},\"inLanguage\":\"es\",\"potentialAction\":[{\"@type\":\"ReadAction\",\"target\":[\"https:\\\/\\\/zapateneo.net\\\/wordpress\\\/index.php\\\/producto\\\/araka-y-desamparadas-expolios-militares\\\/\"]}]},{\"@type\":\"ImageObject\",\"inLanguage\":\"es\",\"@id\":\"https:\\\/\\\/zapateneo.net\\\/wordpress\\\/index.php\\\/producto\\\/araka-y-desamparadas-expolios-militares\\\/#primaryimage\",\"url\":\"https:\\\/\\\/zapateneo.net\\\/wordpress\\\/wp-content\\\/uploads\\\/2021\\\/04\\\/5213.jpg\",\"contentUrl\":\"https:\\\/\\\/zapateneo.net\\\/wordpress\\\/wp-content\\\/uploads\\\/2021\\\/04\\\/5213.jpg\",\"width\":875,\"height\":1240},{\"@type\":\"BreadcrumbList\",\"@id\":\"https:\\\/\\\/zapateneo.net\\\/wordpress\\\/index.php\\\/producto\\\/araka-y-desamparadas-expolios-militares\\\/#breadcrumb\",\"itemListElement\":[{\"@type\":\"ListItem\",\"position\":1,\"name\":\"Portada\",\"item\":\"https:\\\/\\\/zapateneo.net\\\/wordpress\\\/\"},{\"@type\":\"ListItem\",\"position\":2,\"name\":\"Tienda\",\"item\":\"https:\\\/\\\/zapateneo.net\\\/wordpress\\\/\"},{\"@type\":\"ListItem\",\"position\":3,\"name\":\"ARAKA Y DESAMPARADAS EXPOLIOS MILITARES\"}]},{\"@type\":\"WebSite\",\"@id\":\"https:\\\/\\\/zapateneo.net\\\/wordpress\\\/#website\",\"url\":\"https:\\\/\\\/zapateneo.net\\\/wordpress\\\/\",\"name\":\"Zapateneo\",\"description\":\"Zapateneoaren webgunea\",\"publisher\":{\"@id\":\"https:\\\/\\\/zapateneo.net\\\/wordpress\\\/#organization\"},\"potentialAction\":[{\"@type\":\"SearchAction\",\"target\":{\"@type\":\"EntryPoint\",\"urlTemplate\":\"https:\\\/\\\/zapateneo.net\\\/wordpress\\\/?s={search_term_string}\"},\"query-input\":{\"@type\":\"PropertyValueSpecification\",\"valueRequired\":true,\"valueName\":\"search_term_string\"}}],\"inLanguage\":\"es\"},{\"@type\":\"Organization\",\"@id\":\"https:\\\/\\\/zapateneo.net\\\/wordpress\\\/#organization\",\"name\":\"Zapateneo Kultur Elkartea\",\"url\":\"https:\\\/\\\/zapateneo.net\\\/wordpress\\\/\",\"logo\":{\"@type\":\"ImageObject\",\"inLanguage\":\"es\",\"@id\":\"https:\\\/\\\/zapateneo.net\\\/wordpress\\\/#\\\/schema\\\/logo\\\/image\\\/\",\"url\":\"https:\\\/\\\/zapateneo.net\\\/wordpress\\\/wp-content\\\/uploads\\\/2021\\\/04\\\/zap-libu-kolec.jpg\",\"contentUrl\":\"https:\\\/\\\/zapateneo.net\\\/wordpress\\\/wp-content\\\/uploads\\\/2021\\\/04\\\/zap-libu-kolec.jpg\",\"width\":2234,\"height\":398,\"caption\":\"Zapateneo Kultur Elkartea\"},\"image\":{\"@id\":\"https:\\\/\\\/zapateneo.net\\\/wordpress\\\/#\\\/schema\\\/logo\\\/image\\\/\"},\"sameAs\":[\"https:\\\/\\\/x.com\\\/zapateneo\"]}]}<\/script>\n<!-- \/ Yoast SEO plugin. -->","yoast_head_json":{"title":"ARAKA Y DESAMPARADAS EXPOLIOS MILITARES &#8212; Zapateneo","robots":{"index":"index","follow":"follow","max-snippet":"max-snippet:-1","max-image-preview":"max-image-preview:large","max-video-preview":"max-video-preview:-1"},"canonical":"https:\/\/zapateneo.net\/wordpress\/index.php\/producto\/araka-y-desamparadas-expolios-militares\/","og_locale":"es_ES","og_type":"article","og_title":"ARAKA Y DESAMPARADAS EXPOLIOS MILITARES &#8212; Zapateneo","og_description":"COLECTIVO GASTEIZKOAK 2007122000015 - GASTEIZKOAK - 2007 - p\u00e1ginas \/orri.","og_url":"https:\/\/zapateneo.net\/wordpress\/index.php\/producto\/araka-y-desamparadas-expolios-militares\/","og_site_name":"Zapateneo","article_modified_time":"2023-05-05T05:42:14+00:00","og_image":[{"width":875,"height":1240,"url":"https:\/\/zapateneo.net\/wordpress\/wp-content\/uploads\/2021\/04\/5213.jpg","type":"image\/jpeg"}],"twitter_card":"summary_large_image","twitter_site":"@zapateneo","twitter_misc":{"Tiempo de lectura":"2 minutos"},"schema":{"@context":"https:\/\/schema.org","@graph":[{"@type":"WebPage","@id":"https:\/\/zapateneo.net\/wordpress\/index.php\/producto\/araka-y-desamparadas-expolios-militares\/","url":"https:\/\/zapateneo.net\/wordpress\/index.php\/producto\/araka-y-desamparadas-expolios-militares\/","name":"ARAKA Y DESAMPARADAS EXPOLIOS MILITARES &#8212; Zapateneo","isPartOf":{"@id":"https:\/\/zapateneo.net\/wordpress\/#website"},"primaryImageOfPage":{"@id":"https:\/\/zapateneo.net\/wordpress\/index.php\/producto\/araka-y-desamparadas-expolios-militares\/#primaryimage"},"image":{"@id":"https:\/\/zapateneo.net\/wordpress\/index.php\/producto\/araka-y-desamparadas-expolios-militares\/#primaryimage"},"thumbnailUrl":"https:\/\/zapateneo.net\/wordpress\/wp-content\/uploads\/2021\/04\/5213.jpg","datePublished":"2021-04-07T15:22:33+00:00","dateModified":"2023-05-05T05:42:14+00:00","breadcrumb":{"@id":"https:\/\/zapateneo.net\/wordpress\/index.php\/producto\/araka-y-desamparadas-expolios-militares\/#breadcrumb"},"inLanguage":"es","potentialAction":[{"@type":"ReadAction","target":["https:\/\/zapateneo.net\/wordpress\/index.php\/producto\/araka-y-desamparadas-expolios-militares\/"]}]},{"@type":"ImageObject","inLanguage":"es","@id":"https:\/\/zapateneo.net\/wordpress\/index.php\/producto\/araka-y-desamparadas-expolios-militares\/#primaryimage","url":"https:\/\/zapateneo.net\/wordpress\/wp-content\/uploads\/2021\/04\/5213.jpg","contentUrl":"https:\/\/zapateneo.net\/wordpress\/wp-content\/uploads\/2021\/04\/5213.jpg","width":875,"height":1240},{"@type":"BreadcrumbList","@id":"https:\/\/zapateneo.net\/wordpress\/index.php\/producto\/araka-y-desamparadas-expolios-militares\/#breadcrumb","itemListElement":[{"@type":"ListItem","position":1,"name":"Portada","item":"https:\/\/zapateneo.net\/wordpress\/"},{"@type":"ListItem","position":2,"name":"Tienda","item":"https:\/\/zapateneo.net\/wordpress\/"},{"@type":"ListItem","position":3,"name":"ARAKA Y DESAMPARADAS EXPOLIOS MILITARES"}]},{"@type":"WebSite","@id":"https:\/\/zapateneo.net\/wordpress\/#website","url":"https:\/\/zapateneo.net\/wordpress\/","name":"Zapateneo","description":"Zapateneoaren webgunea","publisher":{"@id":"https:\/\/zapateneo.net\/wordpress\/#organization"},"potentialAction":[{"@type":"SearchAction","target":{"@type":"EntryPoint","urlTemplate":"https:\/\/zapateneo.net\/wordpress\/?s={search_term_string}"},"query-input":{"@type":"PropertyValueSpecification","valueRequired":true,"valueName":"search_term_string"}}],"inLanguage":"es"},{"@type":"Organization","@id":"https:\/\/zapateneo.net\/wordpress\/#organization","name":"Zapateneo Kultur Elkartea","url":"https:\/\/zapateneo.net\/wordpress\/","logo":{"@type":"ImageObject","inLanguage":"es","@id":"https:\/\/zapateneo.net\/wordpress\/#\/schema\/logo\/image\/","url":"https:\/\/zapateneo.net\/wordpress\/wp-content\/uploads\/2021\/04\/zap-libu-kolec.jpg","contentUrl":"https:\/\/zapateneo.net\/wordpress\/wp-content\/uploads\/2021\/04\/zap-libu-kolec.jpg","width":2234,"height":398,"caption":"Zapateneo Kultur Elkartea"},"image":{"@id":"https:\/\/zapateneo.net\/wordpress\/#\/schema\/logo\/image\/"},"sameAs":["https:\/\/x.com\/zapateneo"]}]}},"_links":{"self":[{"href":"https:\/\/zapateneo.net\/wordpress\/index.php\/wp-json\/wp\/v2\/product\/2570","targetHints":{"allow":["GET"]}}],"collection":[{"href":"https:\/\/zapateneo.net\/wordpress\/index.php\/wp-json\/wp\/v2\/product"}],"about":[{"href":"https:\/\/zapateneo.net\/wordpress\/index.php\/wp-json\/wp\/v2\/types\/product"}],"wp:featuredmedia":[{"embeddable":true,"href":"https:\/\/zapateneo.net\/wordpress\/index.php\/wp-json\/wp\/v2\/media\/2613"}],"wp:attachment":[{"href":"https:\/\/zapateneo.net\/wordpress\/index.php\/wp-json\/wp\/v2\/media?parent=2570"}],"wp:term":[{"taxonomy":"product_brand","embeddable":true,"href":"https:\/\/zapateneo.net\/wordpress\/index.php\/wp-json\/wp\/v2\/product_brand?post=2570"},{"taxonomy":"product_cat","embeddable":true,"href":"https:\/\/zapateneo.net\/wordpress\/index.php\/wp-json\/wp\/v2\/product_cat?post=2570"},{"taxonomy":"product_tag","embeddable":true,"href":"https:\/\/zapateneo.net\/wordpress\/index.php\/wp-json\/wp\/v2\/product_tag?post=2570"}],"curies":[{"name":"wp","href":"https:\/\/api.w.org\/{rel}","templated":true}]}}