{"id":2530,"date":"2021-04-07T16:21:29","date_gmt":"2021-04-07T15:21:29","guid":{"rendered":"https:\/\/zapateneo.net\/wordpress\/?post_type=product&#038;p=2530"},"modified":"2023-05-05T06:10:40","modified_gmt":"2023-05-05T05:10:40","slug":"si-vis-pacem-repensar-el-antimilitarismo-en-la-epoca-de-guerra-permanente","status":"publish","type":"product","link":"https:\/\/zapateneo.net\/wordpress\/index.php\/producto\/si-vis-pacem-repensar-el-antimilitarismo-en-la-epoca-de-guerra-permanente\/","title":{"rendered":"si vis pacem: repensar el antimilitarismo en la epoca de guerra permanente"},"content":{"rendered":"<p>&nbsp;<\/p>\n<p>&nbsp;<\/p>\n<p>&nbsp;<\/p>\n<p>&nbsp;<\/p>\n<p>&nbsp;<\/p>\n<p>&nbsp;<\/p>\n<p>&nbsp;<\/p>\n<p>&nbsp;<\/p>\n<p>&nbsp;<\/p>\n<p>&nbsp;<\/p>\n<p>&nbsp;<\/p>\n<p>&nbsp;<\/p>\n<p>&nbsp;<\/p>\n<p class=\"title\">Si Vis Pacem &#8211; Repensar el antimilitarismo En la \u00e9poca de la guerra permanente (Textos de las jornadas antimilitaristas Barcelona, septiembre de 2010)<\/p>\n<p class=\"texto\">Bajo la necesidad de cubrir un vac\u00edo que ve\u00edamos, por lo menos en nuestro entorno geogr\u00e1fico m\u00e1s cercano, organizamos unas jornadas antimilitaristas en septiembre de 2010 con la intenci\u00f3n de actualizar \u2014o por lo menos aproximarnos a\u2014 la cuesti\u00f3n del militarismo y su ant\u00edtesis en los tiempos que corren. Al organizar las jornadas nos planteamos la pregunta \u00bfc\u00f3mo responder a la militarizaci\u00f3n?<br \/>\nEste libro es una recopilaci\u00f3n del material de este encuentro. Algunos textos fueron escritos poco antes de las jornadas, con la intenci\u00f3n de que sirvan para reflexionar y preparar los temas a desarrollar, otros son los recogidos all\u00ed durante esos d\u00edas, mecanografiados, y los restantes son reflexiones posteriores o intentos de rescatar lo que, por diferentes motivos, no se pudo registrar.<br \/>\nEsperamos que sirvan para profundizar, analizar y enriquecer las perspectivas, que sean \u00fatiles para algo que no sea simplemente reafirmar en el lector o la lectora la falsa idea de que la situaci\u00f3n, por ser dif\u00edcil es irreversible. Nada podr\u00eda estar m\u00e1s lejos de la realidad.<\/p>\n<p><a href=\"http:\/\/bardoediciones.net\/pdf\/si_vis_pacem.pdf\"><em>Descargar PDF<\/em><\/a><\/p>\n<p>&nbsp;<\/p>\n<p>&nbsp;<\/p>\n<p>&nbsp;<\/p>\n<p>&nbsp;<\/p>\n<p>&nbsp;<\/p>\n<p>&nbsp;<\/p>\n<p>&nbsp;<\/p>\n<p>&nbsp;<\/p>\n<p>&nbsp;<\/p>\n<p>&nbsp;<\/p>\n<p>&nbsp;<\/p>\n<p>&nbsp;<\/p>\n<p>&nbsp;<\/p>\n<p>&nbsp;<\/p>\n","protected":false},"excerpt":{"rendered":"<p><strong>jornadas antimilitaristas de barcelona 2010<\/strong><br \/>\n2011072100022 &#8211; bardo &#8211; 2011 &#8211; 152 p\u00e1ginas \/orri.<\/p>\n","protected":false},"featured_media":2578,"template":"","meta":[],"product_brand":[],"product_cat":[177,16],"product_tag":[5076,989,1894],"class_list":{"0":"post-2530","1":"product","2":"type-product","3":"status-publish","4":"has-post-thumbnail","6":"product_cat-gizarte-mugimenduak-movimientos-sociales","7":"product_cat-libros","8":"product_tag-antimilitarismo","9":"product_tag-bardo","10":"product_tag-jornadas-antimilitaristas-de-barcelona-2010","12":"first","13":"instock","14":"sold-individually","15":"shipping-taxable","16":"purchasable","17":"product-type-simple"},"yoast_head":"<!-- This site is optimized with the Yoast SEO plugin v27.3 - https:\/\/yoast.com\/product\/yoast-seo-wordpress\/ -->\n<title>si vis pacem: repensar el antimilitarismo en la epoca de guerra permanente &#8212; Zapateneo<\/title>\n<meta name=\"robots\" content=\"index, follow, max-snippet:-1, max-image-preview:large, max-video-preview:-1\" \/>\n<link rel=\"canonical\" href=\"https:\/\/zapateneo.net\/wordpress\/index.php\/producto\/si-vis-pacem-repensar-el-antimilitarismo-en-la-epoca-de-guerra-permanente\/\" \/>\n<meta property=\"og:locale\" content=\"es_ES\" \/>\n<meta property=\"og:type\" content=\"article\" \/>\n<meta property=\"og:title\" content=\"si vis pacem: repensar el antimilitarismo en la epoca de guerra permanente &#8212; Zapateneo\" \/>\n<meta property=\"og:description\" content=\"jornadas antimilitaristas de barcelona 2010 2011072100022 - bardo - 2011 - 152 p\u00e1ginas \/orri.\" \/>\n<meta property=\"og:url\" content=\"https:\/\/zapateneo.net\/wordpress\/index.php\/producto\/si-vis-pacem-repensar-el-antimilitarismo-en-la-epoca-de-guerra-permanente\/\" \/>\n<meta property=\"og:site_name\" content=\"Zapateneo\" \/>\n<meta property=\"article:modified_time\" content=\"2023-05-05T05:10:40+00:00\" \/>\n<meta property=\"og:image\" content=\"https:\/\/zapateneo.net\/wordpress\/wp-content\/uploads\/2021\/04\/6769.jpg\" \/>\n\t<meta property=\"og:image:width\" content=\"200\" \/>\n\t<meta property=\"og:image:height\" content=\"277\" \/>\n\t<meta property=\"og:image:type\" content=\"image\/jpeg\" \/>\n<meta name=\"twitter:card\" content=\"summary_large_image\" \/>\n<meta name=\"twitter:site\" content=\"@zapateneo\" \/>\n<meta name=\"twitter:label1\" content=\"Tiempo de lectura\" \/>\n\t<meta name=\"twitter:data1\" content=\"1 minuto\" \/>\n<script type=\"application\/ld+json\" class=\"yoast-schema-graph\">{\"@context\":\"https:\\\/\\\/schema.org\",\"@graph\":[{\"@type\":\"WebPage\",\"@id\":\"https:\\\/\\\/zapateneo.net\\\/wordpress\\\/index.php\\\/producto\\\/si-vis-pacem-repensar-el-antimilitarismo-en-la-epoca-de-guerra-permanente\\\/\",\"url\":\"https:\\\/\\\/zapateneo.net\\\/wordpress\\\/index.php\\\/producto\\\/si-vis-pacem-repensar-el-antimilitarismo-en-la-epoca-de-guerra-permanente\\\/\",\"name\":\"si vis pacem: repensar el antimilitarismo en la epoca de guerra permanente &#8212; Zapateneo\",\"isPartOf\":{\"@id\":\"https:\\\/\\\/zapateneo.net\\\/wordpress\\\/#website\"},\"primaryImageOfPage\":{\"@id\":\"https:\\\/\\\/zapateneo.net\\\/wordpress\\\/index.php\\\/producto\\\/si-vis-pacem-repensar-el-antimilitarismo-en-la-epoca-de-guerra-permanente\\\/#primaryimage\"},\"image\":{\"@id\":\"https:\\\/\\\/zapateneo.net\\\/wordpress\\\/index.php\\\/producto\\\/si-vis-pacem-repensar-el-antimilitarismo-en-la-epoca-de-guerra-permanente\\\/#primaryimage\"},\"thumbnailUrl\":\"https:\\\/\\\/zapateneo.net\\\/wordpress\\\/wp-content\\\/uploads\\\/2021\\\/04\\\/6769.jpg\",\"datePublished\":\"2021-04-07T15:21:29+00:00\",\"dateModified\":\"2023-05-05T05:10:40+00:00\",\"breadcrumb\":{\"@id\":\"https:\\\/\\\/zapateneo.net\\\/wordpress\\\/index.php\\\/producto\\\/si-vis-pacem-repensar-el-antimilitarismo-en-la-epoca-de-guerra-permanente\\\/#breadcrumb\"},\"inLanguage\":\"es\",\"potentialAction\":[{\"@type\":\"ReadAction\",\"target\":[\"https:\\\/\\\/zapateneo.net\\\/wordpress\\\/index.php\\\/producto\\\/si-vis-pacem-repensar-el-antimilitarismo-en-la-epoca-de-guerra-permanente\\\/\"]}]},{\"@type\":\"ImageObject\",\"inLanguage\":\"es\",\"@id\":\"https:\\\/\\\/zapateneo.net\\\/wordpress\\\/index.php\\\/producto\\\/si-vis-pacem-repensar-el-antimilitarismo-en-la-epoca-de-guerra-permanente\\\/#primaryimage\",\"url\":\"https:\\\/\\\/zapateneo.net\\\/wordpress\\\/wp-content\\\/uploads\\\/2021\\\/04\\\/6769.jpg\",\"contentUrl\":\"https:\\\/\\\/zapateneo.net\\\/wordpress\\\/wp-content\\\/uploads\\\/2021\\\/04\\\/6769.jpg\",\"width\":200,\"height\":277},{\"@type\":\"BreadcrumbList\",\"@id\":\"https:\\\/\\\/zapateneo.net\\\/wordpress\\\/index.php\\\/producto\\\/si-vis-pacem-repensar-el-antimilitarismo-en-la-epoca-de-guerra-permanente\\\/#breadcrumb\",\"itemListElement\":[{\"@type\":\"ListItem\",\"position\":1,\"name\":\"Portada\",\"item\":\"https:\\\/\\\/zapateneo.net\\\/wordpress\\\/\"},{\"@type\":\"ListItem\",\"position\":2,\"name\":\"Tienda\",\"item\":\"https:\\\/\\\/zapateneo.net\\\/wordpress\\\/\"},{\"@type\":\"ListItem\",\"position\":3,\"name\":\"si vis pacem: repensar el antimilitarismo en la epoca de guerra permanente\"}]},{\"@type\":\"WebSite\",\"@id\":\"https:\\\/\\\/zapateneo.net\\\/wordpress\\\/#website\",\"url\":\"https:\\\/\\\/zapateneo.net\\\/wordpress\\\/\",\"name\":\"Zapateneo\",\"description\":\"Zapateneoaren webgunea\",\"publisher\":{\"@id\":\"https:\\\/\\\/zapateneo.net\\\/wordpress\\\/#organization\"},\"potentialAction\":[{\"@type\":\"SearchAction\",\"target\":{\"@type\":\"EntryPoint\",\"urlTemplate\":\"https:\\\/\\\/zapateneo.net\\\/wordpress\\\/?s={search_term_string}\"},\"query-input\":{\"@type\":\"PropertyValueSpecification\",\"valueRequired\":true,\"valueName\":\"search_term_string\"}}],\"inLanguage\":\"es\"},{\"@type\":\"Organization\",\"@id\":\"https:\\\/\\\/zapateneo.net\\\/wordpress\\\/#organization\",\"name\":\"Zapateneo Kultur Elkartea\",\"url\":\"https:\\\/\\\/zapateneo.net\\\/wordpress\\\/\",\"logo\":{\"@type\":\"ImageObject\",\"inLanguage\":\"es\",\"@id\":\"https:\\\/\\\/zapateneo.net\\\/wordpress\\\/#\\\/schema\\\/logo\\\/image\\\/\",\"url\":\"https:\\\/\\\/zapateneo.net\\\/wordpress\\\/wp-content\\\/uploads\\\/2021\\\/04\\\/zap-libu-kolec.jpg\",\"contentUrl\":\"https:\\\/\\\/zapateneo.net\\\/wordpress\\\/wp-content\\\/uploads\\\/2021\\\/04\\\/zap-libu-kolec.jpg\",\"width\":2234,\"height\":398,\"caption\":\"Zapateneo Kultur Elkartea\"},\"image\":{\"@id\":\"https:\\\/\\\/zapateneo.net\\\/wordpress\\\/#\\\/schema\\\/logo\\\/image\\\/\"},\"sameAs\":[\"https:\\\/\\\/x.com\\\/zapateneo\"]}]}<\/script>\n<!-- \/ Yoast SEO plugin. -->","yoast_head_json":{"title":"si vis pacem: repensar el antimilitarismo en la epoca de guerra permanente &#8212; Zapateneo","robots":{"index":"index","follow":"follow","max-snippet":"max-snippet:-1","max-image-preview":"max-image-preview:large","max-video-preview":"max-video-preview:-1"},"canonical":"https:\/\/zapateneo.net\/wordpress\/index.php\/producto\/si-vis-pacem-repensar-el-antimilitarismo-en-la-epoca-de-guerra-permanente\/","og_locale":"es_ES","og_type":"article","og_title":"si vis pacem: repensar el antimilitarismo en la epoca de guerra permanente &#8212; Zapateneo","og_description":"jornadas antimilitaristas de barcelona 2010 2011072100022 - bardo - 2011 - 152 p\u00e1ginas \/orri.","og_url":"https:\/\/zapateneo.net\/wordpress\/index.php\/producto\/si-vis-pacem-repensar-el-antimilitarismo-en-la-epoca-de-guerra-permanente\/","og_site_name":"Zapateneo","article_modified_time":"2023-05-05T05:10:40+00:00","og_image":[{"width":200,"height":277,"url":"https:\/\/zapateneo.net\/wordpress\/wp-content\/uploads\/2021\/04\/6769.jpg","type":"image\/jpeg"}],"twitter_card":"summary_large_image","twitter_site":"@zapateneo","twitter_misc":{"Tiempo de lectura":"1 minuto"},"schema":{"@context":"https:\/\/schema.org","@graph":[{"@type":"WebPage","@id":"https:\/\/zapateneo.net\/wordpress\/index.php\/producto\/si-vis-pacem-repensar-el-antimilitarismo-en-la-epoca-de-guerra-permanente\/","url":"https:\/\/zapateneo.net\/wordpress\/index.php\/producto\/si-vis-pacem-repensar-el-antimilitarismo-en-la-epoca-de-guerra-permanente\/","name":"si vis pacem: repensar el antimilitarismo en la epoca de guerra permanente &#8212; Zapateneo","isPartOf":{"@id":"https:\/\/zapateneo.net\/wordpress\/#website"},"primaryImageOfPage":{"@id":"https:\/\/zapateneo.net\/wordpress\/index.php\/producto\/si-vis-pacem-repensar-el-antimilitarismo-en-la-epoca-de-guerra-permanente\/#primaryimage"},"image":{"@id":"https:\/\/zapateneo.net\/wordpress\/index.php\/producto\/si-vis-pacem-repensar-el-antimilitarismo-en-la-epoca-de-guerra-permanente\/#primaryimage"},"thumbnailUrl":"https:\/\/zapateneo.net\/wordpress\/wp-content\/uploads\/2021\/04\/6769.jpg","datePublished":"2021-04-07T15:21:29+00:00","dateModified":"2023-05-05T05:10:40+00:00","breadcrumb":{"@id":"https:\/\/zapateneo.net\/wordpress\/index.php\/producto\/si-vis-pacem-repensar-el-antimilitarismo-en-la-epoca-de-guerra-permanente\/#breadcrumb"},"inLanguage":"es","potentialAction":[{"@type":"ReadAction","target":["https:\/\/zapateneo.net\/wordpress\/index.php\/producto\/si-vis-pacem-repensar-el-antimilitarismo-en-la-epoca-de-guerra-permanente\/"]}]},{"@type":"ImageObject","inLanguage":"es","@id":"https:\/\/zapateneo.net\/wordpress\/index.php\/producto\/si-vis-pacem-repensar-el-antimilitarismo-en-la-epoca-de-guerra-permanente\/#primaryimage","url":"https:\/\/zapateneo.net\/wordpress\/wp-content\/uploads\/2021\/04\/6769.jpg","contentUrl":"https:\/\/zapateneo.net\/wordpress\/wp-content\/uploads\/2021\/04\/6769.jpg","width":200,"height":277},{"@type":"BreadcrumbList","@id":"https:\/\/zapateneo.net\/wordpress\/index.php\/producto\/si-vis-pacem-repensar-el-antimilitarismo-en-la-epoca-de-guerra-permanente\/#breadcrumb","itemListElement":[{"@type":"ListItem","position":1,"name":"Portada","item":"https:\/\/zapateneo.net\/wordpress\/"},{"@type":"ListItem","position":2,"name":"Tienda","item":"https:\/\/zapateneo.net\/wordpress\/"},{"@type":"ListItem","position":3,"name":"si vis pacem: repensar el antimilitarismo en la epoca de guerra permanente"}]},{"@type":"WebSite","@id":"https:\/\/zapateneo.net\/wordpress\/#website","url":"https:\/\/zapateneo.net\/wordpress\/","name":"Zapateneo","description":"Zapateneoaren webgunea","publisher":{"@id":"https:\/\/zapateneo.net\/wordpress\/#organization"},"potentialAction":[{"@type":"SearchAction","target":{"@type":"EntryPoint","urlTemplate":"https:\/\/zapateneo.net\/wordpress\/?s={search_term_string}"},"query-input":{"@type":"PropertyValueSpecification","valueRequired":true,"valueName":"search_term_string"}}],"inLanguage":"es"},{"@type":"Organization","@id":"https:\/\/zapateneo.net\/wordpress\/#organization","name":"Zapateneo Kultur Elkartea","url":"https:\/\/zapateneo.net\/wordpress\/","logo":{"@type":"ImageObject","inLanguage":"es","@id":"https:\/\/zapateneo.net\/wordpress\/#\/schema\/logo\/image\/","url":"https:\/\/zapateneo.net\/wordpress\/wp-content\/uploads\/2021\/04\/zap-libu-kolec.jpg","contentUrl":"https:\/\/zapateneo.net\/wordpress\/wp-content\/uploads\/2021\/04\/zap-libu-kolec.jpg","width":2234,"height":398,"caption":"Zapateneo Kultur Elkartea"},"image":{"@id":"https:\/\/zapateneo.net\/wordpress\/#\/schema\/logo\/image\/"},"sameAs":["https:\/\/x.com\/zapateneo"]}]}},"_links":{"self":[{"href":"https:\/\/zapateneo.net\/wordpress\/index.php\/wp-json\/wp\/v2\/product\/2530","targetHints":{"allow":["GET"]}}],"collection":[{"href":"https:\/\/zapateneo.net\/wordpress\/index.php\/wp-json\/wp\/v2\/product"}],"about":[{"href":"https:\/\/zapateneo.net\/wordpress\/index.php\/wp-json\/wp\/v2\/types\/product"}],"wp:featuredmedia":[{"embeddable":true,"href":"https:\/\/zapateneo.net\/wordpress\/index.php\/wp-json\/wp\/v2\/media\/2578"}],"wp:attachment":[{"href":"https:\/\/zapateneo.net\/wordpress\/index.php\/wp-json\/wp\/v2\/media?parent=2530"}],"wp:term":[{"taxonomy":"product_brand","embeddable":true,"href":"https:\/\/zapateneo.net\/wordpress\/index.php\/wp-json\/wp\/v2\/product_brand?post=2530"},{"taxonomy":"product_cat","embeddable":true,"href":"https:\/\/zapateneo.net\/wordpress\/index.php\/wp-json\/wp\/v2\/product_cat?post=2530"},{"taxonomy":"product_tag","embeddable":true,"href":"https:\/\/zapateneo.net\/wordpress\/index.php\/wp-json\/wp\/v2\/product_tag?post=2530"}],"curies":[{"name":"wp","href":"https:\/\/api.w.org\/{rel}","templated":true}]}}