{"id":2505,"date":"2021-04-07T16:20:54","date_gmt":"2021-04-07T15:20:54","guid":{"rendered":"https:\/\/zapateneo.net\/wordpress\/?post_type=product&#038;p=2505"},"modified":"2021-04-07T16:21:41","modified_gmt":"2021-04-07T15:21:41","slug":"por-el-derecho-a-permanecer-y-a-pertenecer-una-sociologia-de-la-lucha-de-migrantes","status":"publish","type":"product","link":"https:\/\/zapateneo.net\/wordpress\/index.php\/producto\/por-el-derecho-a-permanecer-y-a-pertenecer-una-sociologia-de-la-lucha-de-migrantes\/","title":{"rendered":"Por el derecho a permanecer y a pertenecer. Una sociolog\u00eda de la lucha de migrantes"},"content":{"rendered":"<p>En un ejercicio de lucha contra las fronteras y los sistemas de exclusi\u00f3n institucional, los migrantes han dado vida a centenares de experiencias de autoorganizaci\u00f3n a partir de culturas pol\u00edticas en ocasiones singularmente heterog\u00e9neas. Este libro relata la historia de uno de estos ciclos de lucha migrante en el Estado espa\u00f1ol, en concreto en el \u00e1rea metropolitana de Barcelona. En palabras de la autora, este texto puede ser le\u00eddo como una \u00abpostal\u00bb dirigida a otros movimientos de migrantes con el prop\u00f3sito de que conozcan la historia de sus l\u00edmites y sus \u00e9xitos. Tambi\u00e9n pretende interpelar a los activistas aut\u00f3ctonos a fin de que no caigan en t\u00f3picos folcl\u00f3ricos y hagan del compa\u00f1erismo la base de una pol\u00edtica que no obvie las diferencias. Y es sin duda una invitaci\u00f3n a reflexionar sobre las consecuencias de privar a una parte del cuerpo social de sus derechos fundamentales: la extensi&oacute;n de situaciones de explotaci\u00f3n extrema y la peligrosa normalizaci\u00f3n de derechos diferentes para distintos colectivos.<\/p>\n","protected":false},"excerpt":{"rendered":"<p><strong>Varela Huerta, Amarela<\/strong><br \/>\n9788496453814 &#8211; Traficantes de sue\u00f1os &#8211; 2013 &#8211; 242 p\u00e1ginas \/orri.<\/p>\n","protected":false},"featured_media":2542,"template":"","meta":[],"product_brand":[],"product_cat":[177,16],"product_tag":[72,1878],"class_list":{"0":"post-2505","1":"product","2":"type-product","3":"status-publish","4":"has-post-thumbnail","6":"product_cat-gizarte-mugimenduak-movimientos-sociales","7":"product_cat-libros","8":"product_tag-traficantes-de-suenos","9":"product_tag-varela-huerta","11":"first","12":"instock","13":"sold-individually","14":"shipping-taxable","15":"purchasable","16":"product-type-simple"},"yoast_head":"<!-- This site is optimized with the Yoast SEO plugin v27.3 - https:\/\/yoast.com\/product\/yoast-seo-wordpress\/ -->\n<title>Por el derecho a permanecer y a pertenecer. Una sociolog\u00eda de la lucha de migrantes &#8212; Zapateneo<\/title>\n<meta name=\"robots\" content=\"index, follow, max-snippet:-1, max-image-preview:large, max-video-preview:-1\" \/>\n<link rel=\"canonical\" href=\"https:\/\/zapateneo.net\/wordpress\/index.php\/producto\/por-el-derecho-a-permanecer-y-a-pertenecer-una-sociologia-de-la-lucha-de-migrantes\/\" \/>\n<meta property=\"og:locale\" content=\"es_ES\" \/>\n<meta property=\"og:type\" content=\"article\" \/>\n<meta property=\"og:title\" content=\"Por el derecho a permanecer y a pertenecer. Una sociolog\u00eda de la lucha de migrantes &#8212; Zapateneo\" \/>\n<meta property=\"og:description\" content=\"Varela Huerta, Amarela 9788496453814 - Traficantes de sue\u00f1os - 2013 - 242 p\u00e1ginas \/orri.\" \/>\n<meta property=\"og:url\" content=\"https:\/\/zapateneo.net\/wordpress\/index.php\/producto\/por-el-derecho-a-permanecer-y-a-pertenecer-una-sociologia-de-la-lucha-de-migrantes\/\" \/>\n<meta property=\"og:site_name\" content=\"Zapateneo\" \/>\n<meta property=\"article:modified_time\" content=\"2021-04-07T15:21:41+00:00\" \/>\n<meta property=\"og:image\" content=\"https:\/\/zapateneo.net\/wordpress\/wp-content\/uploads\/2021\/04\/7660.jpg\" \/>\n\t<meta property=\"og:image:width\" content=\"120\" \/>\n\t<meta property=\"og:image:height\" content=\"179\" \/>\n\t<meta property=\"og:image:type\" content=\"image\/jpeg\" \/>\n<meta name=\"twitter:card\" content=\"summary_large_image\" \/>\n<meta name=\"twitter:site\" content=\"@zapateneo\" \/>\n<meta name=\"twitter:label1\" content=\"Tiempo de lectura\" \/>\n\t<meta name=\"twitter:data1\" content=\"1 minuto\" \/>\n<script type=\"application\/ld+json\" class=\"yoast-schema-graph\">{\"@context\":\"https:\\\/\\\/schema.org\",\"@graph\":[{\"@type\":\"WebPage\",\"@id\":\"https:\\\/\\\/zapateneo.net\\\/wordpress\\\/index.php\\\/producto\\\/por-el-derecho-a-permanecer-y-a-pertenecer-una-sociologia-de-la-lucha-de-migrantes\\\/\",\"url\":\"https:\\\/\\\/zapateneo.net\\\/wordpress\\\/index.php\\\/producto\\\/por-el-derecho-a-permanecer-y-a-pertenecer-una-sociologia-de-la-lucha-de-migrantes\\\/\",\"name\":\"Por el derecho a permanecer y a pertenecer. Una sociolog\u00eda de la lucha de migrantes &#8212; Zapateneo\",\"isPartOf\":{\"@id\":\"https:\\\/\\\/zapateneo.net\\\/wordpress\\\/#website\"},\"primaryImageOfPage\":{\"@id\":\"https:\\\/\\\/zapateneo.net\\\/wordpress\\\/index.php\\\/producto\\\/por-el-derecho-a-permanecer-y-a-pertenecer-una-sociologia-de-la-lucha-de-migrantes\\\/#primaryimage\"},\"image\":{\"@id\":\"https:\\\/\\\/zapateneo.net\\\/wordpress\\\/index.php\\\/producto\\\/por-el-derecho-a-permanecer-y-a-pertenecer-una-sociologia-de-la-lucha-de-migrantes\\\/#primaryimage\"},\"thumbnailUrl\":\"https:\\\/\\\/zapateneo.net\\\/wordpress\\\/wp-content\\\/uploads\\\/2021\\\/04\\\/7660.jpg\",\"datePublished\":\"2021-04-07T15:20:54+00:00\",\"dateModified\":\"2021-04-07T15:21:41+00:00\",\"breadcrumb\":{\"@id\":\"https:\\\/\\\/zapateneo.net\\\/wordpress\\\/index.php\\\/producto\\\/por-el-derecho-a-permanecer-y-a-pertenecer-una-sociologia-de-la-lucha-de-migrantes\\\/#breadcrumb\"},\"inLanguage\":\"es\",\"potentialAction\":[{\"@type\":\"ReadAction\",\"target\":[\"https:\\\/\\\/zapateneo.net\\\/wordpress\\\/index.php\\\/producto\\\/por-el-derecho-a-permanecer-y-a-pertenecer-una-sociologia-de-la-lucha-de-migrantes\\\/\"]}]},{\"@type\":\"ImageObject\",\"inLanguage\":\"es\",\"@id\":\"https:\\\/\\\/zapateneo.net\\\/wordpress\\\/index.php\\\/producto\\\/por-el-derecho-a-permanecer-y-a-pertenecer-una-sociologia-de-la-lucha-de-migrantes\\\/#primaryimage\",\"url\":\"https:\\\/\\\/zapateneo.net\\\/wordpress\\\/wp-content\\\/uploads\\\/2021\\\/04\\\/7660.jpg\",\"contentUrl\":\"https:\\\/\\\/zapateneo.net\\\/wordpress\\\/wp-content\\\/uploads\\\/2021\\\/04\\\/7660.jpg\",\"width\":120,\"height\":179},{\"@type\":\"BreadcrumbList\",\"@id\":\"https:\\\/\\\/zapateneo.net\\\/wordpress\\\/index.php\\\/producto\\\/por-el-derecho-a-permanecer-y-a-pertenecer-una-sociologia-de-la-lucha-de-migrantes\\\/#breadcrumb\",\"itemListElement\":[{\"@type\":\"ListItem\",\"position\":1,\"name\":\"Portada\",\"item\":\"https:\\\/\\\/zapateneo.net\\\/wordpress\\\/\"},{\"@type\":\"ListItem\",\"position\":2,\"name\":\"Tienda\",\"item\":\"https:\\\/\\\/zapateneo.net\\\/wordpress\\\/\"},{\"@type\":\"ListItem\",\"position\":3,\"name\":\"Por el derecho a permanecer y a pertenecer. Una sociolog\u00eda de la lucha de migrantes\"}]},{\"@type\":\"WebSite\",\"@id\":\"https:\\\/\\\/zapateneo.net\\\/wordpress\\\/#website\",\"url\":\"https:\\\/\\\/zapateneo.net\\\/wordpress\\\/\",\"name\":\"Zapateneo\",\"description\":\"Zapateneoaren webgunea\",\"publisher\":{\"@id\":\"https:\\\/\\\/zapateneo.net\\\/wordpress\\\/#organization\"},\"potentialAction\":[{\"@type\":\"SearchAction\",\"target\":{\"@type\":\"EntryPoint\",\"urlTemplate\":\"https:\\\/\\\/zapateneo.net\\\/wordpress\\\/?s={search_term_string}\"},\"query-input\":{\"@type\":\"PropertyValueSpecification\",\"valueRequired\":true,\"valueName\":\"search_term_string\"}}],\"inLanguage\":\"es\"},{\"@type\":\"Organization\",\"@id\":\"https:\\\/\\\/zapateneo.net\\\/wordpress\\\/#organization\",\"name\":\"Zapateneo Kultur Elkartea\",\"url\":\"https:\\\/\\\/zapateneo.net\\\/wordpress\\\/\",\"logo\":{\"@type\":\"ImageObject\",\"inLanguage\":\"es\",\"@id\":\"https:\\\/\\\/zapateneo.net\\\/wordpress\\\/#\\\/schema\\\/logo\\\/image\\\/\",\"url\":\"https:\\\/\\\/zapateneo.net\\\/wordpress\\\/wp-content\\\/uploads\\\/2021\\\/04\\\/zap-libu-kolec.jpg\",\"contentUrl\":\"https:\\\/\\\/zapateneo.net\\\/wordpress\\\/wp-content\\\/uploads\\\/2021\\\/04\\\/zap-libu-kolec.jpg\",\"width\":2234,\"height\":398,\"caption\":\"Zapateneo Kultur Elkartea\"},\"image\":{\"@id\":\"https:\\\/\\\/zapateneo.net\\\/wordpress\\\/#\\\/schema\\\/logo\\\/image\\\/\"},\"sameAs\":[\"https:\\\/\\\/x.com\\\/zapateneo\"]}]}<\/script>\n<!-- \/ Yoast SEO plugin. -->","yoast_head_json":{"title":"Por el derecho a permanecer y a pertenecer. Una sociolog\u00eda de la lucha de migrantes &#8212; Zapateneo","robots":{"index":"index","follow":"follow","max-snippet":"max-snippet:-1","max-image-preview":"max-image-preview:large","max-video-preview":"max-video-preview:-1"},"canonical":"https:\/\/zapateneo.net\/wordpress\/index.php\/producto\/por-el-derecho-a-permanecer-y-a-pertenecer-una-sociologia-de-la-lucha-de-migrantes\/","og_locale":"es_ES","og_type":"article","og_title":"Por el derecho a permanecer y a pertenecer. Una sociolog\u00eda de la lucha de migrantes &#8212; Zapateneo","og_description":"Varela Huerta, Amarela 9788496453814 - Traficantes de sue\u00f1os - 2013 - 242 p\u00e1ginas \/orri.","og_url":"https:\/\/zapateneo.net\/wordpress\/index.php\/producto\/por-el-derecho-a-permanecer-y-a-pertenecer-una-sociologia-de-la-lucha-de-migrantes\/","og_site_name":"Zapateneo","article_modified_time":"2021-04-07T15:21:41+00:00","og_image":[{"width":120,"height":179,"url":"https:\/\/zapateneo.net\/wordpress\/wp-content\/uploads\/2021\/04\/7660.jpg","type":"image\/jpeg"}],"twitter_card":"summary_large_image","twitter_site":"@zapateneo","twitter_misc":{"Tiempo de lectura":"1 minuto"},"schema":{"@context":"https:\/\/schema.org","@graph":[{"@type":"WebPage","@id":"https:\/\/zapateneo.net\/wordpress\/index.php\/producto\/por-el-derecho-a-permanecer-y-a-pertenecer-una-sociologia-de-la-lucha-de-migrantes\/","url":"https:\/\/zapateneo.net\/wordpress\/index.php\/producto\/por-el-derecho-a-permanecer-y-a-pertenecer-una-sociologia-de-la-lucha-de-migrantes\/","name":"Por el derecho a permanecer y a pertenecer. Una sociolog\u00eda de la lucha de migrantes &#8212; Zapateneo","isPartOf":{"@id":"https:\/\/zapateneo.net\/wordpress\/#website"},"primaryImageOfPage":{"@id":"https:\/\/zapateneo.net\/wordpress\/index.php\/producto\/por-el-derecho-a-permanecer-y-a-pertenecer-una-sociologia-de-la-lucha-de-migrantes\/#primaryimage"},"image":{"@id":"https:\/\/zapateneo.net\/wordpress\/index.php\/producto\/por-el-derecho-a-permanecer-y-a-pertenecer-una-sociologia-de-la-lucha-de-migrantes\/#primaryimage"},"thumbnailUrl":"https:\/\/zapateneo.net\/wordpress\/wp-content\/uploads\/2021\/04\/7660.jpg","datePublished":"2021-04-07T15:20:54+00:00","dateModified":"2021-04-07T15:21:41+00:00","breadcrumb":{"@id":"https:\/\/zapateneo.net\/wordpress\/index.php\/producto\/por-el-derecho-a-permanecer-y-a-pertenecer-una-sociologia-de-la-lucha-de-migrantes\/#breadcrumb"},"inLanguage":"es","potentialAction":[{"@type":"ReadAction","target":["https:\/\/zapateneo.net\/wordpress\/index.php\/producto\/por-el-derecho-a-permanecer-y-a-pertenecer-una-sociologia-de-la-lucha-de-migrantes\/"]}]},{"@type":"ImageObject","inLanguage":"es","@id":"https:\/\/zapateneo.net\/wordpress\/index.php\/producto\/por-el-derecho-a-permanecer-y-a-pertenecer-una-sociologia-de-la-lucha-de-migrantes\/#primaryimage","url":"https:\/\/zapateneo.net\/wordpress\/wp-content\/uploads\/2021\/04\/7660.jpg","contentUrl":"https:\/\/zapateneo.net\/wordpress\/wp-content\/uploads\/2021\/04\/7660.jpg","width":120,"height":179},{"@type":"BreadcrumbList","@id":"https:\/\/zapateneo.net\/wordpress\/index.php\/producto\/por-el-derecho-a-permanecer-y-a-pertenecer-una-sociologia-de-la-lucha-de-migrantes\/#breadcrumb","itemListElement":[{"@type":"ListItem","position":1,"name":"Portada","item":"https:\/\/zapateneo.net\/wordpress\/"},{"@type":"ListItem","position":2,"name":"Tienda","item":"https:\/\/zapateneo.net\/wordpress\/"},{"@type":"ListItem","position":3,"name":"Por el derecho a permanecer y a pertenecer. Una sociolog\u00eda de la lucha de migrantes"}]},{"@type":"WebSite","@id":"https:\/\/zapateneo.net\/wordpress\/#website","url":"https:\/\/zapateneo.net\/wordpress\/","name":"Zapateneo","description":"Zapateneoaren webgunea","publisher":{"@id":"https:\/\/zapateneo.net\/wordpress\/#organization"},"potentialAction":[{"@type":"SearchAction","target":{"@type":"EntryPoint","urlTemplate":"https:\/\/zapateneo.net\/wordpress\/?s={search_term_string}"},"query-input":{"@type":"PropertyValueSpecification","valueRequired":true,"valueName":"search_term_string"}}],"inLanguage":"es"},{"@type":"Organization","@id":"https:\/\/zapateneo.net\/wordpress\/#organization","name":"Zapateneo Kultur Elkartea","url":"https:\/\/zapateneo.net\/wordpress\/","logo":{"@type":"ImageObject","inLanguage":"es","@id":"https:\/\/zapateneo.net\/wordpress\/#\/schema\/logo\/image\/","url":"https:\/\/zapateneo.net\/wordpress\/wp-content\/uploads\/2021\/04\/zap-libu-kolec.jpg","contentUrl":"https:\/\/zapateneo.net\/wordpress\/wp-content\/uploads\/2021\/04\/zap-libu-kolec.jpg","width":2234,"height":398,"caption":"Zapateneo Kultur Elkartea"},"image":{"@id":"https:\/\/zapateneo.net\/wordpress\/#\/schema\/logo\/image\/"},"sameAs":["https:\/\/x.com\/zapateneo"]}]}},"_links":{"self":[{"href":"https:\/\/zapateneo.net\/wordpress\/index.php\/wp-json\/wp\/v2\/product\/2505","targetHints":{"allow":["GET"]}}],"collection":[{"href":"https:\/\/zapateneo.net\/wordpress\/index.php\/wp-json\/wp\/v2\/product"}],"about":[{"href":"https:\/\/zapateneo.net\/wordpress\/index.php\/wp-json\/wp\/v2\/types\/product"}],"wp:featuredmedia":[{"embeddable":true,"href":"https:\/\/zapateneo.net\/wordpress\/index.php\/wp-json\/wp\/v2\/media\/2542"}],"wp:attachment":[{"href":"https:\/\/zapateneo.net\/wordpress\/index.php\/wp-json\/wp\/v2\/media?parent=2505"}],"wp:term":[{"taxonomy":"product_brand","embeddable":true,"href":"https:\/\/zapateneo.net\/wordpress\/index.php\/wp-json\/wp\/v2\/product_brand?post=2505"},{"taxonomy":"product_cat","embeddable":true,"href":"https:\/\/zapateneo.net\/wordpress\/index.php\/wp-json\/wp\/v2\/product_cat?post=2505"},{"taxonomy":"product_tag","embeddable":true,"href":"https:\/\/zapateneo.net\/wordpress\/index.php\/wp-json\/wp\/v2\/product_tag?post=2505"}],"curies":[{"name":"wp","href":"https:\/\/api.w.org\/{rel}","templated":true}]}}