{"id":2501,"date":"2021-04-07T16:20:53","date_gmt":"2021-04-07T15:20:53","guid":{"rendered":"https:\/\/zapateneo.net\/wordpress\/?post_type=product&#038;p=2501"},"modified":"2023-07-26T16:22:57","modified_gmt":"2023-07-26T15:22:57","slug":"armarse-sobre-las-ruinas-historia-del-movimiento-autonomo-en-madrid-1985-1999","status":"publish","type":"product","link":"https:\/\/zapateneo.net\/wordpress\/index.php\/producto\/armarse-sobre-las-ruinas-historia-del-movimiento-autonomo-en-madrid-1985-1999\/","title":{"rendered":"Armarse sobre las ru\u00ednas. Historia del movimiento aut\u00f3nomo en Madrid (1985-1999)"},"content":{"rendered":"<p>\u00bfQu\u00e9 famoso personaje okup\u00f3 junto a su puta madre, piso en Alcobendas? \u00bfQu\u00e9 pseudopacifista de plomo hizo carrera pol\u00edtica criminalizando la lucha antifascista para luego pasar por la derecha al PP de la mano de Savater? \u00bfEn el desalojo de qu\u00e9 Centro Social se produjo el mayor n\u00famero de detenciones en una sola jornada desde la dictadura franquista? \u00bfQui\u00e9nes pintaron por todo Madrid \u00abAut\u00f3nomos 13 &#8211; Polic\u00eda 0&#8243; interpretando as\u00ed el resultado de los dur\u00edsimos enfrentamientos tras una manifestaci\u00f3n contra los abusos policiales\u00bb?<\/p>\n<p><img loading=\"lazy\" decoding=\"async\" src=\"http:\/\/www.nodo50.org\/autonomia\/graficos\/ruinas_banner.gif\" alt=\"ruinasb\" width=\"311\" height=\"31\" \/><\/p>\n<p class=\"Estilo1\"><a style=\"text-decoration: none;\" href=\"http:\/\/www.nodo50.org\/autonomia\/armarse_capitulos_pdf\/indice.pdf\"> <span style=\"font-size: small; color: #ff0000;\">\u00cdndice<\/span><\/a><span style=\"font-size: small; color: #ff0000;\"> [pdf]<\/span><\/p>\n<p class=\"Estilo1\"><span style=\"font-size: small; color: #ff0000;\"> <a style=\"text-decoration: none;\" href=\"http:\/\/www.nodo50.org\/autonomia\/armarse_capitulos_pdf\/armarse_sobre_las_ruinas_completo.rar\"><br \/>\n<span style=\"color: #ff0000;\">Libro completo<\/span><\/a> [rar] 62 Mb<\/span><\/p>\n","protected":false},"excerpt":{"rendered":"<p>9788493247508 &#8211; Potencial Hardcore &#8211; 2003 &#8211; 278 p\u00e1ginas \/orri.<\/p>\n","protected":false},"featured_media":2538,"template":"","meta":[],"product_brand":[],"product_cat":[177,16],"product_tag":[4625,4626,1875],"class_list":{"0":"post-2501","1":"product","2":"type-product","3":"status-publish","4":"has-post-thumbnail","6":"product_cat-gizarte-mugimenduak-movimientos-sociales","7":"product_cat-libros","8":"product_tag-autonomia","9":"product_tag-deskargak","10":"product_tag-potencial-hardcore","12":"first","13":"outofstock","14":"sold-individually","15":"shipping-taxable","16":"purchasable","17":"product-type-simple"},"yoast_head":"<!-- This site is optimized with the Yoast SEO plugin v27.3 - https:\/\/yoast.com\/product\/yoast-seo-wordpress\/ -->\n<title>Armarse sobre las ru\u00ednas. Historia del movimiento aut\u00f3nomo en Madrid (1985-1999) &#8212; Zapateneo<\/title>\n<meta name=\"robots\" content=\"index, follow, max-snippet:-1, max-image-preview:large, max-video-preview:-1\" \/>\n<link rel=\"canonical\" href=\"https:\/\/zapateneo.net\/wordpress\/index.php\/producto\/armarse-sobre-las-ruinas-historia-del-movimiento-autonomo-en-madrid-1985-1999\/\" \/>\n<meta property=\"og:locale\" content=\"es_ES\" \/>\n<meta property=\"og:type\" content=\"article\" \/>\n<meta property=\"og:title\" content=\"Armarse sobre las ru\u00ednas. Historia del movimiento aut\u00f3nomo en Madrid (1985-1999) &#8212; Zapateneo\" \/>\n<meta property=\"og:description\" content=\"9788493247508 - Potencial Hardcore - 2003 - 278 p\u00e1ginas \/orri.\" \/>\n<meta property=\"og:url\" content=\"https:\/\/zapateneo.net\/wordpress\/index.php\/producto\/armarse-sobre-las-ruinas-historia-del-movimiento-autonomo-en-madrid-1985-1999\/\" \/>\n<meta property=\"og:site_name\" content=\"Zapateneo\" \/>\n<meta property=\"article:modified_time\" content=\"2023-07-26T15:22:57+00:00\" \/>\n<meta property=\"og:image\" content=\"https:\/\/zapateneo.net\/wordpress\/wp-content\/uploads\/2021\/04\/7882.gif\" \/>\n\t<meta property=\"og:image:width\" content=\"207\" \/>\n\t<meta property=\"og:image:height\" content=\"279\" \/>\n\t<meta property=\"og:image:type\" content=\"image\/gif\" \/>\n<meta name=\"twitter:card\" content=\"summary_large_image\" \/>\n<meta name=\"twitter:site\" content=\"@zapateneo\" \/>\n<script type=\"application\/ld+json\" class=\"yoast-schema-graph\">{\"@context\":\"https:\\\/\\\/schema.org\",\"@graph\":[{\"@type\":\"WebPage\",\"@id\":\"https:\\\/\\\/zapateneo.net\\\/wordpress\\\/index.php\\\/producto\\\/armarse-sobre-las-ruinas-historia-del-movimiento-autonomo-en-madrid-1985-1999\\\/\",\"url\":\"https:\\\/\\\/zapateneo.net\\\/wordpress\\\/index.php\\\/producto\\\/armarse-sobre-las-ruinas-historia-del-movimiento-autonomo-en-madrid-1985-1999\\\/\",\"name\":\"Armarse sobre las ru\u00ednas. Historia del movimiento aut\u00f3nomo en Madrid (1985-1999) &#8212; Zapateneo\",\"isPartOf\":{\"@id\":\"https:\\\/\\\/zapateneo.net\\\/wordpress\\\/#website\"},\"primaryImageOfPage\":{\"@id\":\"https:\\\/\\\/zapateneo.net\\\/wordpress\\\/index.php\\\/producto\\\/armarse-sobre-las-ruinas-historia-del-movimiento-autonomo-en-madrid-1985-1999\\\/#primaryimage\"},\"image\":{\"@id\":\"https:\\\/\\\/zapateneo.net\\\/wordpress\\\/index.php\\\/producto\\\/armarse-sobre-las-ruinas-historia-del-movimiento-autonomo-en-madrid-1985-1999\\\/#primaryimage\"},\"thumbnailUrl\":\"https:\\\/\\\/zapateneo.net\\\/wordpress\\\/wp-content\\\/uploads\\\/2021\\\/04\\\/7882.gif\",\"datePublished\":\"2021-04-07T15:20:53+00:00\",\"dateModified\":\"2023-07-26T15:22:57+00:00\",\"breadcrumb\":{\"@id\":\"https:\\\/\\\/zapateneo.net\\\/wordpress\\\/index.php\\\/producto\\\/armarse-sobre-las-ruinas-historia-del-movimiento-autonomo-en-madrid-1985-1999\\\/#breadcrumb\"},\"inLanguage\":\"es\",\"potentialAction\":[{\"@type\":\"ReadAction\",\"target\":[\"https:\\\/\\\/zapateneo.net\\\/wordpress\\\/index.php\\\/producto\\\/armarse-sobre-las-ruinas-historia-del-movimiento-autonomo-en-madrid-1985-1999\\\/\"]}]},{\"@type\":\"ImageObject\",\"inLanguage\":\"es\",\"@id\":\"https:\\\/\\\/zapateneo.net\\\/wordpress\\\/index.php\\\/producto\\\/armarse-sobre-las-ruinas-historia-del-movimiento-autonomo-en-madrid-1985-1999\\\/#primaryimage\",\"url\":\"https:\\\/\\\/zapateneo.net\\\/wordpress\\\/wp-content\\\/uploads\\\/2021\\\/04\\\/7882.gif\",\"contentUrl\":\"https:\\\/\\\/zapateneo.net\\\/wordpress\\\/wp-content\\\/uploads\\\/2021\\\/04\\\/7882.gif\",\"width\":207,\"height\":279},{\"@type\":\"BreadcrumbList\",\"@id\":\"https:\\\/\\\/zapateneo.net\\\/wordpress\\\/index.php\\\/producto\\\/armarse-sobre-las-ruinas-historia-del-movimiento-autonomo-en-madrid-1985-1999\\\/#breadcrumb\",\"itemListElement\":[{\"@type\":\"ListItem\",\"position\":1,\"name\":\"Portada\",\"item\":\"https:\\\/\\\/zapateneo.net\\\/wordpress\\\/\"},{\"@type\":\"ListItem\",\"position\":2,\"name\":\"Tienda\",\"item\":\"https:\\\/\\\/zapateneo.net\\\/wordpress\\\/\"},{\"@type\":\"ListItem\",\"position\":3,\"name\":\"Armarse sobre las ru\u00ednas. Historia del movimiento aut\u00f3nomo en Madrid (1985-1999)\"}]},{\"@type\":\"WebSite\",\"@id\":\"https:\\\/\\\/zapateneo.net\\\/wordpress\\\/#website\",\"url\":\"https:\\\/\\\/zapateneo.net\\\/wordpress\\\/\",\"name\":\"Zapateneo\",\"description\":\"Zapateneoaren webgunea\",\"publisher\":{\"@id\":\"https:\\\/\\\/zapateneo.net\\\/wordpress\\\/#organization\"},\"potentialAction\":[{\"@type\":\"SearchAction\",\"target\":{\"@type\":\"EntryPoint\",\"urlTemplate\":\"https:\\\/\\\/zapateneo.net\\\/wordpress\\\/?s={search_term_string}\"},\"query-input\":{\"@type\":\"PropertyValueSpecification\",\"valueRequired\":true,\"valueName\":\"search_term_string\"}}],\"inLanguage\":\"es\"},{\"@type\":\"Organization\",\"@id\":\"https:\\\/\\\/zapateneo.net\\\/wordpress\\\/#organization\",\"name\":\"Zapateneo Kultur Elkartea\",\"url\":\"https:\\\/\\\/zapateneo.net\\\/wordpress\\\/\",\"logo\":{\"@type\":\"ImageObject\",\"inLanguage\":\"es\",\"@id\":\"https:\\\/\\\/zapateneo.net\\\/wordpress\\\/#\\\/schema\\\/logo\\\/image\\\/\",\"url\":\"https:\\\/\\\/zapateneo.net\\\/wordpress\\\/wp-content\\\/uploads\\\/2021\\\/04\\\/zap-libu-kolec.jpg\",\"contentUrl\":\"https:\\\/\\\/zapateneo.net\\\/wordpress\\\/wp-content\\\/uploads\\\/2021\\\/04\\\/zap-libu-kolec.jpg\",\"width\":2234,\"height\":398,\"caption\":\"Zapateneo Kultur Elkartea\"},\"image\":{\"@id\":\"https:\\\/\\\/zapateneo.net\\\/wordpress\\\/#\\\/schema\\\/logo\\\/image\\\/\"},\"sameAs\":[\"https:\\\/\\\/x.com\\\/zapateneo\"]}]}<\/script>\n<!-- \/ Yoast SEO plugin. -->","yoast_head_json":{"title":"Armarse sobre las ru\u00ednas. Historia del movimiento aut\u00f3nomo en Madrid (1985-1999) &#8212; Zapateneo","robots":{"index":"index","follow":"follow","max-snippet":"max-snippet:-1","max-image-preview":"max-image-preview:large","max-video-preview":"max-video-preview:-1"},"canonical":"https:\/\/zapateneo.net\/wordpress\/index.php\/producto\/armarse-sobre-las-ruinas-historia-del-movimiento-autonomo-en-madrid-1985-1999\/","og_locale":"es_ES","og_type":"article","og_title":"Armarse sobre las ru\u00ednas. Historia del movimiento aut\u00f3nomo en Madrid (1985-1999) &#8212; Zapateneo","og_description":"9788493247508 - Potencial Hardcore - 2003 - 278 p\u00e1ginas \/orri.","og_url":"https:\/\/zapateneo.net\/wordpress\/index.php\/producto\/armarse-sobre-las-ruinas-historia-del-movimiento-autonomo-en-madrid-1985-1999\/","og_site_name":"Zapateneo","article_modified_time":"2023-07-26T15:22:57+00:00","og_image":[{"width":207,"height":279,"url":"https:\/\/zapateneo.net\/wordpress\/wp-content\/uploads\/2021\/04\/7882.gif","type":"image\/gif"}],"twitter_card":"summary_large_image","twitter_site":"@zapateneo","schema":{"@context":"https:\/\/schema.org","@graph":[{"@type":"WebPage","@id":"https:\/\/zapateneo.net\/wordpress\/index.php\/producto\/armarse-sobre-las-ruinas-historia-del-movimiento-autonomo-en-madrid-1985-1999\/","url":"https:\/\/zapateneo.net\/wordpress\/index.php\/producto\/armarse-sobre-las-ruinas-historia-del-movimiento-autonomo-en-madrid-1985-1999\/","name":"Armarse sobre las ru\u00ednas. Historia del movimiento aut\u00f3nomo en Madrid (1985-1999) &#8212; Zapateneo","isPartOf":{"@id":"https:\/\/zapateneo.net\/wordpress\/#website"},"primaryImageOfPage":{"@id":"https:\/\/zapateneo.net\/wordpress\/index.php\/producto\/armarse-sobre-las-ruinas-historia-del-movimiento-autonomo-en-madrid-1985-1999\/#primaryimage"},"image":{"@id":"https:\/\/zapateneo.net\/wordpress\/index.php\/producto\/armarse-sobre-las-ruinas-historia-del-movimiento-autonomo-en-madrid-1985-1999\/#primaryimage"},"thumbnailUrl":"https:\/\/zapateneo.net\/wordpress\/wp-content\/uploads\/2021\/04\/7882.gif","datePublished":"2021-04-07T15:20:53+00:00","dateModified":"2023-07-26T15:22:57+00:00","breadcrumb":{"@id":"https:\/\/zapateneo.net\/wordpress\/index.php\/producto\/armarse-sobre-las-ruinas-historia-del-movimiento-autonomo-en-madrid-1985-1999\/#breadcrumb"},"inLanguage":"es","potentialAction":[{"@type":"ReadAction","target":["https:\/\/zapateneo.net\/wordpress\/index.php\/producto\/armarse-sobre-las-ruinas-historia-del-movimiento-autonomo-en-madrid-1985-1999\/"]}]},{"@type":"ImageObject","inLanguage":"es","@id":"https:\/\/zapateneo.net\/wordpress\/index.php\/producto\/armarse-sobre-las-ruinas-historia-del-movimiento-autonomo-en-madrid-1985-1999\/#primaryimage","url":"https:\/\/zapateneo.net\/wordpress\/wp-content\/uploads\/2021\/04\/7882.gif","contentUrl":"https:\/\/zapateneo.net\/wordpress\/wp-content\/uploads\/2021\/04\/7882.gif","width":207,"height":279},{"@type":"BreadcrumbList","@id":"https:\/\/zapateneo.net\/wordpress\/index.php\/producto\/armarse-sobre-las-ruinas-historia-del-movimiento-autonomo-en-madrid-1985-1999\/#breadcrumb","itemListElement":[{"@type":"ListItem","position":1,"name":"Portada","item":"https:\/\/zapateneo.net\/wordpress\/"},{"@type":"ListItem","position":2,"name":"Tienda","item":"https:\/\/zapateneo.net\/wordpress\/"},{"@type":"ListItem","position":3,"name":"Armarse sobre las ru\u00ednas. Historia del movimiento aut\u00f3nomo en Madrid (1985-1999)"}]},{"@type":"WebSite","@id":"https:\/\/zapateneo.net\/wordpress\/#website","url":"https:\/\/zapateneo.net\/wordpress\/","name":"Zapateneo","description":"Zapateneoaren webgunea","publisher":{"@id":"https:\/\/zapateneo.net\/wordpress\/#organization"},"potentialAction":[{"@type":"SearchAction","target":{"@type":"EntryPoint","urlTemplate":"https:\/\/zapateneo.net\/wordpress\/?s={search_term_string}"},"query-input":{"@type":"PropertyValueSpecification","valueRequired":true,"valueName":"search_term_string"}}],"inLanguage":"es"},{"@type":"Organization","@id":"https:\/\/zapateneo.net\/wordpress\/#organization","name":"Zapateneo Kultur Elkartea","url":"https:\/\/zapateneo.net\/wordpress\/","logo":{"@type":"ImageObject","inLanguage":"es","@id":"https:\/\/zapateneo.net\/wordpress\/#\/schema\/logo\/image\/","url":"https:\/\/zapateneo.net\/wordpress\/wp-content\/uploads\/2021\/04\/zap-libu-kolec.jpg","contentUrl":"https:\/\/zapateneo.net\/wordpress\/wp-content\/uploads\/2021\/04\/zap-libu-kolec.jpg","width":2234,"height":398,"caption":"Zapateneo Kultur Elkartea"},"image":{"@id":"https:\/\/zapateneo.net\/wordpress\/#\/schema\/logo\/image\/"},"sameAs":["https:\/\/x.com\/zapateneo"]}]}},"_links":{"self":[{"href":"https:\/\/zapateneo.net\/wordpress\/index.php\/wp-json\/wp\/v2\/product\/2501","targetHints":{"allow":["GET"]}}],"collection":[{"href":"https:\/\/zapateneo.net\/wordpress\/index.php\/wp-json\/wp\/v2\/product"}],"about":[{"href":"https:\/\/zapateneo.net\/wordpress\/index.php\/wp-json\/wp\/v2\/types\/product"}],"wp:featuredmedia":[{"embeddable":true,"href":"https:\/\/zapateneo.net\/wordpress\/index.php\/wp-json\/wp\/v2\/media\/2538"}],"wp:attachment":[{"href":"https:\/\/zapateneo.net\/wordpress\/index.php\/wp-json\/wp\/v2\/media?parent=2501"}],"wp:term":[{"taxonomy":"product_brand","embeddable":true,"href":"https:\/\/zapateneo.net\/wordpress\/index.php\/wp-json\/wp\/v2\/product_brand?post=2501"},{"taxonomy":"product_cat","embeddable":true,"href":"https:\/\/zapateneo.net\/wordpress\/index.php\/wp-json\/wp\/v2\/product_cat?post=2501"},{"taxonomy":"product_tag","embeddable":true,"href":"https:\/\/zapateneo.net\/wordpress\/index.php\/wp-json\/wp\/v2\/product_tag?post=2501"}],"curies":[{"name":"wp","href":"https:\/\/api.w.org\/{rel}","templated":true}]}}