{"id":2477,"date":"2021-04-07T16:02:31","date_gmt":"2021-04-07T15:02:31","guid":{"rendered":"https:\/\/zapateneo.net\/wordpress\/?post_type=product&#038;p=2477"},"modified":"2023-07-26T14:49:21","modified_gmt":"2023-07-26T13:49:21","slug":"matar-al-chino","status":"publish","type":"product","link":"https:\/\/zapateneo.net\/wordpress\/index.php\/producto\/matar-al-chino\/","title":{"rendered":"Matar al Chino"},"content":{"rendered":"<div>\n<p><strong>EL BARRIO DEL RAVAL,<\/strong>\u00a0cuyo sur geogr\u00e1fico ha sido el hist\u00f3rico Barrio Chino de Barcelona, es desde hace m\u00e1s de un siglo el s\u00edmbolo y la representaci\u00f3n de los p\u00e1nicos sociales y morales de la burgues\u00eda barcelonesa. La concentraci\u00f3n de poblaci\u00f3n obrera, la pobreza estructural y la actividad del trabajo sexual, por un lado; y, por otro, su configuraci\u00f3n como espacio de\u00a0<em>conductas desviadas<\/em>\u00a0y una cultura urbana al margen de los c\u00e1nones morales lo han hecho objeto de una estigmatizaci\u00f3n y una condena permanentes. Lugar de pobres, putas, anarquistas y mariconas, y tambi\u00e9n de revueltas y conflicto social, este barrio es el territorio de la guerra urban\u00edstica m\u00e1s antigua y duradera de las oligarqu\u00edas barcelonesas.<\/p>\n<p><em>Matar al Chino<\/em>\u00a0muestra que todos los poderes pol\u00edticos que han gobernado la ciudad, tanto conservadores como progresistas, han mantenido unas pol\u00edticas de control y persecuci\u00f3n social, destinadas a hostigar unas realidades sociales\u00a0<em>descontroladas<\/em>, que no se pliegan al tiral\u00edneas de pol\u00edticos y urbanistas. Los recientes intentos de colonizaci\u00f3n urbana del centro hist\u00f3rico, para lograr su explotaci\u00f3n tur\u00edstica, han venido acompa\u00f1ados de los intentos de expulsi\u00f3n de una poblaci\u00f3n molesta, que deb\u00eda borrarse del mapa y el escaparate, y han tenido \u00e9xito en la destrucci\u00f3n de muchas vidas, pero han naufragado como proyecto ante la complejidad social del Raval.<\/p>\n<p>Junto con un magn\u00edfico trabajo historiogr\u00e1fico, Miquel Fern\u00e1ndez culmina el libro con una etnograf\u00eda llevada a cabo en la calle d\u2019en Robador, s\u00edmbolo de la violencia institucional aplicada durante la reciente reforma urban\u00edstica. En ella puede palparse la resistencia a desaparecer de una comunidad que, en un espacio mediado por la represi\u00f3n, traza sus alegr\u00edas, tristezas, conflictos, dificultades y esperanzas, en definitiva, sus vidas y sus v\u00ednculos comunitarios, frente a un proyecto de ciudad que quisiera borrar su existencia.<\/p>\n<p>&nbsp;<\/p>\n<\/div>\n<div class=\"row\">\n<div class=\"col-12 col-12-small\">\n<p><span class=\"image left autor\"><img decoding=\"async\" src=\"https:\/\/www.viruseditorial.net\/\/fotos-autor\/rufian2.jpg\" alt=\"miquel-fernandez-gonzalez\" \/><\/span><\/p>\n<p><strong>MIQUEL FERN\u00c1NDEZ GONZ\u00c1LEZ<\/strong>\u00a0es doctor en antropolog\u00eda social y m\u00e1ster en sociolog\u00eda jur\u00eddica y criminolog\u00eda por la Universitat de Barcelona, profesor de sociolog\u00eda en la Universitat Aut\u00f2noma de Barcelona y miembro del Grup d&#8217;Investigacions en sociologia de la religi\u00f3 (ISOR), de la Universitat Aut\u00f2noma de Barcelona. Ha coordinado el libro<em>\u00a0Fabricant l\u2019immigrant<\/em>\u00a0(Pag\u00e8s Editors, 2009) y participado en las obras\u00a0<em>Els Altres Andalusos. La q\u00fcesti\u00f3 nacional\u00a0<\/em>(L\u2019Esfera dels Llibres, 2005) y\u00a0<em>Metamorfosis urbanas. Ciudades espa\u00f1olas en la din\u00e1mica globa<\/em><em>l<\/em>\u00a0(Icaria, 2013). Su \u00faltima etapa de investigaci\u00f3n se ha centrado en la violencia simb\u00f3lica y sist\u00e9mica en el marco de la transformaci\u00f3n urban\u00edstica en el barrio del Raval de Barcelona, frutos de la cual son su tesis y este libro.<\/p>\n<p>&nbsp;<\/p>\n<\/div>\n<\/div>\n<div>\n<p>&nbsp;<\/p>\n<p>Pr\u00f3logo de\u00a0<strong>M\u00f3nica Degen<\/strong><br \/>\nEp\u00edlogo de\u00a0<strong>Manuel Delgado<\/strong><\/p>\n<\/div>\n","protected":false},"excerpt":{"rendered":"<p><strong>Fern\u00e1ndez Gonz\u00e1lez, Miquel<\/strong><br \/>\n9788492559589 &#8211; Virus &#8211; 2014 &#8211; 360 p\u00e1ginas \/orri.<\/p>\n","protected":false},"featured_media":2523,"template":"","meta":[],"product_brand":[],"product_cat":[177,16],"product_tag":[1867,57],"class_list":{"0":"post-2477","1":"product","2":"type-product","3":"status-publish","4":"has-post-thumbnail","6":"product_cat-gizarte-mugimenduak-movimientos-sociales","7":"product_cat-libros","8":"product_tag-fernandez-gonzalez","9":"product_tag-virus","11":"first","12":"outofstock","13":"sold-individually","14":"shipping-taxable","15":"purchasable","16":"product-type-simple"},"yoast_head":"<!-- This site is optimized with the Yoast SEO plugin v27.3 - https:\/\/yoast.com\/product\/yoast-seo-wordpress\/ -->\n<title>Matar al Chino &#8212; Zapateneo<\/title>\n<meta name=\"robots\" content=\"index, follow, max-snippet:-1, max-image-preview:large, max-video-preview:-1\" \/>\n<link rel=\"canonical\" href=\"https:\/\/zapateneo.net\/wordpress\/index.php\/producto\/matar-al-chino\/\" \/>\n<meta property=\"og:locale\" content=\"es_ES\" \/>\n<meta property=\"og:type\" content=\"article\" \/>\n<meta property=\"og:title\" content=\"Matar al Chino &#8212; Zapateneo\" \/>\n<meta property=\"og:description\" content=\"Fern\u00e1ndez Gonz\u00e1lez, Miquel 9788492559589 - Virus - 2014 - 360 p\u00e1ginas \/orri.\" \/>\n<meta property=\"og:url\" content=\"https:\/\/zapateneo.net\/wordpress\/index.php\/producto\/matar-al-chino\/\" \/>\n<meta property=\"og:site_name\" content=\"Zapateneo\" \/>\n<meta property=\"article:modified_time\" content=\"2023-07-26T13:49:21+00:00\" \/>\n<meta property=\"og:image\" content=\"https:\/\/zapateneo.net\/wordpress\/wp-content\/uploads\/2021\/04\/8012.jpg\" \/>\n\t<meta property=\"og:image:width\" content=\"120\" \/>\n\t<meta property=\"og:image:height\" content=\"153\" \/>\n\t<meta property=\"og:image:type\" content=\"image\/jpeg\" \/>\n<meta name=\"twitter:card\" content=\"summary_large_image\" \/>\n<meta name=\"twitter:site\" content=\"@zapateneo\" \/>\n<meta name=\"twitter:label1\" content=\"Tiempo de lectura\" \/>\n\t<meta name=\"twitter:data1\" content=\"2 minutos\" \/>\n<script type=\"application\/ld+json\" class=\"yoast-schema-graph\">{\"@context\":\"https:\\\/\\\/schema.org\",\"@graph\":[{\"@type\":\"WebPage\",\"@id\":\"https:\\\/\\\/zapateneo.net\\\/wordpress\\\/index.php\\\/producto\\\/matar-al-chino\\\/\",\"url\":\"https:\\\/\\\/zapateneo.net\\\/wordpress\\\/index.php\\\/producto\\\/matar-al-chino\\\/\",\"name\":\"Matar al Chino &#8212; Zapateneo\",\"isPartOf\":{\"@id\":\"https:\\\/\\\/zapateneo.net\\\/wordpress\\\/#website\"},\"primaryImageOfPage\":{\"@id\":\"https:\\\/\\\/zapateneo.net\\\/wordpress\\\/index.php\\\/producto\\\/matar-al-chino\\\/#primaryimage\"},\"image\":{\"@id\":\"https:\\\/\\\/zapateneo.net\\\/wordpress\\\/index.php\\\/producto\\\/matar-al-chino\\\/#primaryimage\"},\"thumbnailUrl\":\"https:\\\/\\\/zapateneo.net\\\/wordpress\\\/wp-content\\\/uploads\\\/2021\\\/04\\\/8012.jpg\",\"datePublished\":\"2021-04-07T15:02:31+00:00\",\"dateModified\":\"2023-07-26T13:49:21+00:00\",\"breadcrumb\":{\"@id\":\"https:\\\/\\\/zapateneo.net\\\/wordpress\\\/index.php\\\/producto\\\/matar-al-chino\\\/#breadcrumb\"},\"inLanguage\":\"es\",\"potentialAction\":[{\"@type\":\"ReadAction\",\"target\":[\"https:\\\/\\\/zapateneo.net\\\/wordpress\\\/index.php\\\/producto\\\/matar-al-chino\\\/\"]}]},{\"@type\":\"ImageObject\",\"inLanguage\":\"es\",\"@id\":\"https:\\\/\\\/zapateneo.net\\\/wordpress\\\/index.php\\\/producto\\\/matar-al-chino\\\/#primaryimage\",\"url\":\"https:\\\/\\\/zapateneo.net\\\/wordpress\\\/wp-content\\\/uploads\\\/2021\\\/04\\\/8012.jpg\",\"contentUrl\":\"https:\\\/\\\/zapateneo.net\\\/wordpress\\\/wp-content\\\/uploads\\\/2021\\\/04\\\/8012.jpg\",\"width\":120,\"height\":153},{\"@type\":\"BreadcrumbList\",\"@id\":\"https:\\\/\\\/zapateneo.net\\\/wordpress\\\/index.php\\\/producto\\\/matar-al-chino\\\/#breadcrumb\",\"itemListElement\":[{\"@type\":\"ListItem\",\"position\":1,\"name\":\"Portada\",\"item\":\"https:\\\/\\\/zapateneo.net\\\/wordpress\\\/\"},{\"@type\":\"ListItem\",\"position\":2,\"name\":\"Tienda\",\"item\":\"https:\\\/\\\/zapateneo.net\\\/wordpress\\\/\"},{\"@type\":\"ListItem\",\"position\":3,\"name\":\"Matar al Chino\"}]},{\"@type\":\"WebSite\",\"@id\":\"https:\\\/\\\/zapateneo.net\\\/wordpress\\\/#website\",\"url\":\"https:\\\/\\\/zapateneo.net\\\/wordpress\\\/\",\"name\":\"Zapateneo\",\"description\":\"Zapateneoaren webgunea\",\"publisher\":{\"@id\":\"https:\\\/\\\/zapateneo.net\\\/wordpress\\\/#organization\"},\"potentialAction\":[{\"@type\":\"SearchAction\",\"target\":{\"@type\":\"EntryPoint\",\"urlTemplate\":\"https:\\\/\\\/zapateneo.net\\\/wordpress\\\/?s={search_term_string}\"},\"query-input\":{\"@type\":\"PropertyValueSpecification\",\"valueRequired\":true,\"valueName\":\"search_term_string\"}}],\"inLanguage\":\"es\"},{\"@type\":\"Organization\",\"@id\":\"https:\\\/\\\/zapateneo.net\\\/wordpress\\\/#organization\",\"name\":\"Zapateneo Kultur Elkartea\",\"url\":\"https:\\\/\\\/zapateneo.net\\\/wordpress\\\/\",\"logo\":{\"@type\":\"ImageObject\",\"inLanguage\":\"es\",\"@id\":\"https:\\\/\\\/zapateneo.net\\\/wordpress\\\/#\\\/schema\\\/logo\\\/image\\\/\",\"url\":\"https:\\\/\\\/zapateneo.net\\\/wordpress\\\/wp-content\\\/uploads\\\/2021\\\/04\\\/zap-libu-kolec.jpg\",\"contentUrl\":\"https:\\\/\\\/zapateneo.net\\\/wordpress\\\/wp-content\\\/uploads\\\/2021\\\/04\\\/zap-libu-kolec.jpg\",\"width\":2234,\"height\":398,\"caption\":\"Zapateneo Kultur Elkartea\"},\"image\":{\"@id\":\"https:\\\/\\\/zapateneo.net\\\/wordpress\\\/#\\\/schema\\\/logo\\\/image\\\/\"},\"sameAs\":[\"https:\\\/\\\/x.com\\\/zapateneo\"]}]}<\/script>\n<!-- \/ Yoast SEO plugin. -->","yoast_head_json":{"title":"Matar al Chino &#8212; Zapateneo","robots":{"index":"index","follow":"follow","max-snippet":"max-snippet:-1","max-image-preview":"max-image-preview:large","max-video-preview":"max-video-preview:-1"},"canonical":"https:\/\/zapateneo.net\/wordpress\/index.php\/producto\/matar-al-chino\/","og_locale":"es_ES","og_type":"article","og_title":"Matar al Chino &#8212; Zapateneo","og_description":"Fern\u00e1ndez Gonz\u00e1lez, Miquel 9788492559589 - Virus - 2014 - 360 p\u00e1ginas \/orri.","og_url":"https:\/\/zapateneo.net\/wordpress\/index.php\/producto\/matar-al-chino\/","og_site_name":"Zapateneo","article_modified_time":"2023-07-26T13:49:21+00:00","og_image":[{"width":120,"height":153,"url":"https:\/\/zapateneo.net\/wordpress\/wp-content\/uploads\/2021\/04\/8012.jpg","type":"image\/jpeg"}],"twitter_card":"summary_large_image","twitter_site":"@zapateneo","twitter_misc":{"Tiempo de lectura":"2 minutos"},"schema":{"@context":"https:\/\/schema.org","@graph":[{"@type":"WebPage","@id":"https:\/\/zapateneo.net\/wordpress\/index.php\/producto\/matar-al-chino\/","url":"https:\/\/zapateneo.net\/wordpress\/index.php\/producto\/matar-al-chino\/","name":"Matar al Chino &#8212; Zapateneo","isPartOf":{"@id":"https:\/\/zapateneo.net\/wordpress\/#website"},"primaryImageOfPage":{"@id":"https:\/\/zapateneo.net\/wordpress\/index.php\/producto\/matar-al-chino\/#primaryimage"},"image":{"@id":"https:\/\/zapateneo.net\/wordpress\/index.php\/producto\/matar-al-chino\/#primaryimage"},"thumbnailUrl":"https:\/\/zapateneo.net\/wordpress\/wp-content\/uploads\/2021\/04\/8012.jpg","datePublished":"2021-04-07T15:02:31+00:00","dateModified":"2023-07-26T13:49:21+00:00","breadcrumb":{"@id":"https:\/\/zapateneo.net\/wordpress\/index.php\/producto\/matar-al-chino\/#breadcrumb"},"inLanguage":"es","potentialAction":[{"@type":"ReadAction","target":["https:\/\/zapateneo.net\/wordpress\/index.php\/producto\/matar-al-chino\/"]}]},{"@type":"ImageObject","inLanguage":"es","@id":"https:\/\/zapateneo.net\/wordpress\/index.php\/producto\/matar-al-chino\/#primaryimage","url":"https:\/\/zapateneo.net\/wordpress\/wp-content\/uploads\/2021\/04\/8012.jpg","contentUrl":"https:\/\/zapateneo.net\/wordpress\/wp-content\/uploads\/2021\/04\/8012.jpg","width":120,"height":153},{"@type":"BreadcrumbList","@id":"https:\/\/zapateneo.net\/wordpress\/index.php\/producto\/matar-al-chino\/#breadcrumb","itemListElement":[{"@type":"ListItem","position":1,"name":"Portada","item":"https:\/\/zapateneo.net\/wordpress\/"},{"@type":"ListItem","position":2,"name":"Tienda","item":"https:\/\/zapateneo.net\/wordpress\/"},{"@type":"ListItem","position":3,"name":"Matar al Chino"}]},{"@type":"WebSite","@id":"https:\/\/zapateneo.net\/wordpress\/#website","url":"https:\/\/zapateneo.net\/wordpress\/","name":"Zapateneo","description":"Zapateneoaren webgunea","publisher":{"@id":"https:\/\/zapateneo.net\/wordpress\/#organization"},"potentialAction":[{"@type":"SearchAction","target":{"@type":"EntryPoint","urlTemplate":"https:\/\/zapateneo.net\/wordpress\/?s={search_term_string}"},"query-input":{"@type":"PropertyValueSpecification","valueRequired":true,"valueName":"search_term_string"}}],"inLanguage":"es"},{"@type":"Organization","@id":"https:\/\/zapateneo.net\/wordpress\/#organization","name":"Zapateneo Kultur Elkartea","url":"https:\/\/zapateneo.net\/wordpress\/","logo":{"@type":"ImageObject","inLanguage":"es","@id":"https:\/\/zapateneo.net\/wordpress\/#\/schema\/logo\/image\/","url":"https:\/\/zapateneo.net\/wordpress\/wp-content\/uploads\/2021\/04\/zap-libu-kolec.jpg","contentUrl":"https:\/\/zapateneo.net\/wordpress\/wp-content\/uploads\/2021\/04\/zap-libu-kolec.jpg","width":2234,"height":398,"caption":"Zapateneo Kultur Elkartea"},"image":{"@id":"https:\/\/zapateneo.net\/wordpress\/#\/schema\/logo\/image\/"},"sameAs":["https:\/\/x.com\/zapateneo"]}]}},"_links":{"self":[{"href":"https:\/\/zapateneo.net\/wordpress\/index.php\/wp-json\/wp\/v2\/product\/2477","targetHints":{"allow":["GET"]}}],"collection":[{"href":"https:\/\/zapateneo.net\/wordpress\/index.php\/wp-json\/wp\/v2\/product"}],"about":[{"href":"https:\/\/zapateneo.net\/wordpress\/index.php\/wp-json\/wp\/v2\/types\/product"}],"wp:featuredmedia":[{"embeddable":true,"href":"https:\/\/zapateneo.net\/wordpress\/index.php\/wp-json\/wp\/v2\/media\/2523"}],"wp:attachment":[{"href":"https:\/\/zapateneo.net\/wordpress\/index.php\/wp-json\/wp\/v2\/media?parent=2477"}],"wp:term":[{"taxonomy":"product_brand","embeddable":true,"href":"https:\/\/zapateneo.net\/wordpress\/index.php\/wp-json\/wp\/v2\/product_brand?post=2477"},{"taxonomy":"product_cat","embeddable":true,"href":"https:\/\/zapateneo.net\/wordpress\/index.php\/wp-json\/wp\/v2\/product_cat?post=2477"},{"taxonomy":"product_tag","embeddable":true,"href":"https:\/\/zapateneo.net\/wordpress\/index.php\/wp-json\/wp\/v2\/product_tag?post=2477"}],"curies":[{"name":"wp","href":"https:\/\/api.w.org\/{rel}","templated":true}]}}