{"id":2427,"date":"2021-04-07T16:01:50","date_gmt":"2021-04-07T15:01:50","guid":{"rendered":"https:\/\/zapateneo.net\/wordpress\/?post_type=product&#038;p=2427"},"modified":"2021-04-07T16:02:07","modified_gmt":"2021-04-07T15:02:07","slug":"piedra-que-rueda-no-cria-musgo","status":"publish","type":"product","link":"https:\/\/zapateneo.net\/wordpress\/index.php\/producto\/piedra-que-rueda-no-cria-musgo\/","title":{"rendered":"Piedra que rueda no cr\u00eda musgo"},"content":{"rendered":"<p>EL PROYECTO QUE PRESENTAMOS<\/p>\n<p>El libro titulado \u0093Dabilen harriari goroldiorik ez. Militantzia eta horizontaltasunaz hausnartzen \u0096 Piedra que rueda no cr\u00eda musgo. Reflexionando sobre horizontalidad y militancia\u0094 es el resultado de un trabajo colectivo. En el presente trabajo hemos analizado los modelos de militancia, los modelos de funcionamiento y horizontalidad de los grupos, y las relaciones de g\u00e9nero y otras asimetr\u00edas.<\/p>\n<p>EL PROCESO DE TRABAJO<\/p>\n<p>En los \u00faltimos a\u00f1os hemos recibido muchas reflexiones realizadas por diferentes personas de los movimientos sociales. No hemos sido nosotras las que hemos puesto encima de la mesa el debate sobre los modelos de militancia, somos conscientes de que esa preocupaci\u00f3n estaba latente en diferentes colectivos: \u00bfQu\u00e9 est\u00e1 sucediendo con el activismo pol\u00edtico? \u00bfQu\u00e9 est\u00e1 cambiando? \u00bfQu\u00e9 aspectos tenemos que mejorar? \u00bfCu\u00e1les son los retos, obst\u00e1culos y oportunidades de cara al futuro ?<\/p>\n<p>LIBRO Y DVD<\/p>\n<p>Tras un proceso de debate con EL PROYECTO QUE PRESENTAMOS<\/p>\n<p>El libro titulado \u0093Dabilen harriari goroldiorik ez. Militantzia eta horizontaltasunaz hausnartzen \u0096 Piedra que rueda no cr\u00eda musgo. Reflexionando sobre horizontalidad y militancia\u0094 es el resultado de un trabajo colectivo. En el presente trabajo hemos analizado los modelos de militancia, los modelos de funcionamiento y horizontalidad de los grupos, y las relaciones de g\u00e9nero y otras asimetr\u00edas.<\/p>\n<p>EL PROCESO DE TRABAJO<\/p>\n<p>En los \u00faltimos a\u00f1os hemos recibido muchas reflexiones realizadas por diferentes personas de los movimientos sociales. No hemos sido nosotras las que hemos puesto encima de la mesa el debate sobre los modelos de militancia, somos conscientes de que esa preocupaci\u00f3n estaba latente en diferentes colectivos: \u00bfQu\u00e9 est\u00e1 sucediendo con el activismo pol\u00edtico? \u00bfQu\u00e9 est\u00e1 cambiando? \u00bfQu\u00e9 aspectos tenemos que mejorar? \u00bfCu\u00e1les son los retos, obst\u00e1culos y oportunidades de cara al futuro ?<\/p>\n<p>LIBRO Y DVD<\/p>\n<p>Tras un proceso de debate con diferentes grupos que se prolong\u00f3 durante dos a\u00f1os, presentamos en 2014 el libro y DVD \u00abDabilen harriari goroldiorik ez\u00bb. El DVD, de 40 minutos de duraci\u00f3n, contiene entrevistas a seis activistas, y el libro recoge el trabajo de investigaci\u00f3n y debate realizado con diferentes movimientos sociales de Euskal Herria. En total cerca de 200 personas participaron en este proceso de reflexi\u00f3n colectiva.diferentes grupos que se prolong\u00f3 durante dos a\u00f1os, presentamos en 2014 el libro y DVD \u00abDabilen harriari goroldiorik ez\u00bb. El DVD, de 40 minutos de duraci\u00f3n, contiene entrevistas a seis activistas, y el libro recoge el trabajo de investigaci\u00f3n y debate realizado con diferentes movimientos sociales de Euskal Herria. En total cerca de 200 personas participaron en este proceso de reflexi\u00f3n colectiva.<br \/>\nEn estos enlaces podries descargar el libro y  ver el documental (los subt\u00edtulos en castellano en la opci\u00f3n del bot\u00f3n CC).<br \/>\n&#8211; Libro en pdf: http:\/\/joxemizumalabe.eus\/liburuak\/Piedra-que-rueda-no-cria-musgo.pdf<br \/>\n&#8211; Ver v\u00eddeo en vimeo: https:\/\/vimeo.com\/124941656<\/p>\n","protected":false},"excerpt":{"rendered":"<p><strong>vvaa<\/strong><br \/>\n2015032500013 &#8211; Joxemi Zumalabe &#8211; 2017 &#8211; 182 p\u00e1ginas \/orri.<\/p>\n","protected":false},"featured_media":2451,"template":"","meta":[],"product_brand":[],"product_cat":[177,16],"product_tag":[1823],"class_list":{"0":"post-2427","1":"product","2":"type-product","3":"status-publish","4":"has-post-thumbnail","6":"product_cat-gizarte-mugimenduak-movimientos-sociales","7":"product_cat-libros","8":"product_tag-joxemi-zumalabe","10":"first","11":"instock","12":"sold-individually","13":"shipping-taxable","14":"purchasable","15":"product-type-simple"},"yoast_head":"<!-- This site is optimized with the Yoast SEO plugin v27.3 - https:\/\/yoast.com\/product\/yoast-seo-wordpress\/ -->\n<title>Piedra que rueda no cr\u00eda musgo &#8212; Zapateneo<\/title>\n<meta name=\"robots\" content=\"index, follow, max-snippet:-1, max-image-preview:large, max-video-preview:-1\" \/>\n<link rel=\"canonical\" href=\"https:\/\/zapateneo.net\/wordpress\/index.php\/producto\/piedra-que-rueda-no-cria-musgo\/\" \/>\n<meta property=\"og:locale\" content=\"es_ES\" \/>\n<meta property=\"og:type\" content=\"article\" \/>\n<meta property=\"og:title\" content=\"Piedra que rueda no cr\u00eda musgo &#8212; Zapateneo\" \/>\n<meta property=\"og:description\" content=\"vvaa 2015032500013 - Joxemi Zumalabe - 2017 - 182 p\u00e1ginas \/orri.\" \/>\n<meta property=\"og:url\" content=\"https:\/\/zapateneo.net\/wordpress\/index.php\/producto\/piedra-que-rueda-no-cria-musgo\/\" \/>\n<meta property=\"og:site_name\" content=\"Zapateneo\" \/>\n<meta property=\"article:modified_time\" content=\"2021-04-07T15:02:07+00:00\" \/>\n<meta property=\"og:image\" content=\"https:\/\/zapateneo.net\/wordpress\/wp-content\/uploads\/2021\/04\/banner-1-n564h4mvh5iikchohs9109e3gdq1xdpef1azj0o9t8.png\" \/>\n\t<meta property=\"og:image:width\" content=\"400\" \/>\n\t<meta property=\"og:image:height\" content=\"152\" \/>\n\t<meta property=\"og:image:type\" content=\"image\/png\" \/>\n<meta name=\"twitter:card\" content=\"summary_large_image\" \/>\n<meta name=\"twitter:site\" content=\"@zapateneo\" \/>\n<meta name=\"twitter:label1\" content=\"Tiempo de lectura\" \/>\n\t<meta name=\"twitter:data1\" content=\"2 minutos\" \/>\n<script type=\"application\/ld+json\" class=\"yoast-schema-graph\">{\"@context\":\"https:\\\/\\\/schema.org\",\"@graph\":[{\"@type\":\"WebPage\",\"@id\":\"https:\\\/\\\/zapateneo.net\\\/wordpress\\\/index.php\\\/producto\\\/piedra-que-rueda-no-cria-musgo\\\/\",\"url\":\"https:\\\/\\\/zapateneo.net\\\/wordpress\\\/index.php\\\/producto\\\/piedra-que-rueda-no-cria-musgo\\\/\",\"name\":\"Piedra que rueda no cr\u00eda musgo &#8212; Zapateneo\",\"isPartOf\":{\"@id\":\"https:\\\/\\\/zapateneo.net\\\/wordpress\\\/#website\"},\"primaryImageOfPage\":{\"@id\":\"https:\\\/\\\/zapateneo.net\\\/wordpress\\\/index.php\\\/producto\\\/piedra-que-rueda-no-cria-musgo\\\/#primaryimage\"},\"image\":{\"@id\":\"https:\\\/\\\/zapateneo.net\\\/wordpress\\\/index.php\\\/producto\\\/piedra-que-rueda-no-cria-musgo\\\/#primaryimage\"},\"thumbnailUrl\":\"https:\\\/\\\/zapateneo.net\\\/wordpress\\\/wp-content\\\/uploads\\\/2021\\\/04\\\/banner-1-n564h4mvh5iikchohs9109e3gdq1xdpef1azj0o9t8.png\",\"datePublished\":\"2021-04-07T15:01:50+00:00\",\"dateModified\":\"2021-04-07T15:02:07+00:00\",\"breadcrumb\":{\"@id\":\"https:\\\/\\\/zapateneo.net\\\/wordpress\\\/index.php\\\/producto\\\/piedra-que-rueda-no-cria-musgo\\\/#breadcrumb\"},\"inLanguage\":\"es\",\"potentialAction\":[{\"@type\":\"ReadAction\",\"target\":[\"https:\\\/\\\/zapateneo.net\\\/wordpress\\\/index.php\\\/producto\\\/piedra-que-rueda-no-cria-musgo\\\/\"]}]},{\"@type\":\"ImageObject\",\"inLanguage\":\"es\",\"@id\":\"https:\\\/\\\/zapateneo.net\\\/wordpress\\\/index.php\\\/producto\\\/piedra-que-rueda-no-cria-musgo\\\/#primaryimage\",\"url\":\"https:\\\/\\\/zapateneo.net\\\/wordpress\\\/wp-content\\\/uploads\\\/2021\\\/04\\\/banner-1-n564h4mvh5iikchohs9109e3gdq1xdpef1azj0o9t8.png\",\"contentUrl\":\"https:\\\/\\\/zapateneo.net\\\/wordpress\\\/wp-content\\\/uploads\\\/2021\\\/04\\\/banner-1-n564h4mvh5iikchohs9109e3gdq1xdpef1azj0o9t8.png\",\"width\":400,\"height\":152},{\"@type\":\"BreadcrumbList\",\"@id\":\"https:\\\/\\\/zapateneo.net\\\/wordpress\\\/index.php\\\/producto\\\/piedra-que-rueda-no-cria-musgo\\\/#breadcrumb\",\"itemListElement\":[{\"@type\":\"ListItem\",\"position\":1,\"name\":\"Portada\",\"item\":\"https:\\\/\\\/zapateneo.net\\\/wordpress\\\/\"},{\"@type\":\"ListItem\",\"position\":2,\"name\":\"Tienda\",\"item\":\"https:\\\/\\\/zapateneo.net\\\/wordpress\\\/\"},{\"@type\":\"ListItem\",\"position\":3,\"name\":\"Piedra que rueda no cr\u00eda musgo\"}]},{\"@type\":\"WebSite\",\"@id\":\"https:\\\/\\\/zapateneo.net\\\/wordpress\\\/#website\",\"url\":\"https:\\\/\\\/zapateneo.net\\\/wordpress\\\/\",\"name\":\"Zapateneo\",\"description\":\"Zapateneoaren webgunea\",\"publisher\":{\"@id\":\"https:\\\/\\\/zapateneo.net\\\/wordpress\\\/#organization\"},\"potentialAction\":[{\"@type\":\"SearchAction\",\"target\":{\"@type\":\"EntryPoint\",\"urlTemplate\":\"https:\\\/\\\/zapateneo.net\\\/wordpress\\\/?s={search_term_string}\"},\"query-input\":{\"@type\":\"PropertyValueSpecification\",\"valueRequired\":true,\"valueName\":\"search_term_string\"}}],\"inLanguage\":\"es\"},{\"@type\":\"Organization\",\"@id\":\"https:\\\/\\\/zapateneo.net\\\/wordpress\\\/#organization\",\"name\":\"Zapateneo Kultur Elkartea\",\"url\":\"https:\\\/\\\/zapateneo.net\\\/wordpress\\\/\",\"logo\":{\"@type\":\"ImageObject\",\"inLanguage\":\"es\",\"@id\":\"https:\\\/\\\/zapateneo.net\\\/wordpress\\\/#\\\/schema\\\/logo\\\/image\\\/\",\"url\":\"https:\\\/\\\/zapateneo.net\\\/wordpress\\\/wp-content\\\/uploads\\\/2021\\\/04\\\/zap-libu-kolec.jpg\",\"contentUrl\":\"https:\\\/\\\/zapateneo.net\\\/wordpress\\\/wp-content\\\/uploads\\\/2021\\\/04\\\/zap-libu-kolec.jpg\",\"width\":2234,\"height\":398,\"caption\":\"Zapateneo Kultur Elkartea\"},\"image\":{\"@id\":\"https:\\\/\\\/zapateneo.net\\\/wordpress\\\/#\\\/schema\\\/logo\\\/image\\\/\"},\"sameAs\":[\"https:\\\/\\\/x.com\\\/zapateneo\"]}]}<\/script>\n<!-- \/ Yoast SEO plugin. -->","yoast_head_json":{"title":"Piedra que rueda no cr\u00eda musgo &#8212; Zapateneo","robots":{"index":"index","follow":"follow","max-snippet":"max-snippet:-1","max-image-preview":"max-image-preview:large","max-video-preview":"max-video-preview:-1"},"canonical":"https:\/\/zapateneo.net\/wordpress\/index.php\/producto\/piedra-que-rueda-no-cria-musgo\/","og_locale":"es_ES","og_type":"article","og_title":"Piedra que rueda no cr\u00eda musgo &#8212; Zapateneo","og_description":"vvaa 2015032500013 - Joxemi Zumalabe - 2017 - 182 p\u00e1ginas \/orri.","og_url":"https:\/\/zapateneo.net\/wordpress\/index.php\/producto\/piedra-que-rueda-no-cria-musgo\/","og_site_name":"Zapateneo","article_modified_time":"2021-04-07T15:02:07+00:00","og_image":[{"width":400,"height":152,"url":"https:\/\/zapateneo.net\/wordpress\/wp-content\/uploads\/2021\/04\/banner-1-n564h4mvh5iikchohs9109e3gdq1xdpef1azj0o9t8.png","type":"image\/png"}],"twitter_card":"summary_large_image","twitter_site":"@zapateneo","twitter_misc":{"Tiempo de lectura":"2 minutos"},"schema":{"@context":"https:\/\/schema.org","@graph":[{"@type":"WebPage","@id":"https:\/\/zapateneo.net\/wordpress\/index.php\/producto\/piedra-que-rueda-no-cria-musgo\/","url":"https:\/\/zapateneo.net\/wordpress\/index.php\/producto\/piedra-que-rueda-no-cria-musgo\/","name":"Piedra que rueda no cr\u00eda musgo &#8212; Zapateneo","isPartOf":{"@id":"https:\/\/zapateneo.net\/wordpress\/#website"},"primaryImageOfPage":{"@id":"https:\/\/zapateneo.net\/wordpress\/index.php\/producto\/piedra-que-rueda-no-cria-musgo\/#primaryimage"},"image":{"@id":"https:\/\/zapateneo.net\/wordpress\/index.php\/producto\/piedra-que-rueda-no-cria-musgo\/#primaryimage"},"thumbnailUrl":"https:\/\/zapateneo.net\/wordpress\/wp-content\/uploads\/2021\/04\/banner-1-n564h4mvh5iikchohs9109e3gdq1xdpef1azj0o9t8.png","datePublished":"2021-04-07T15:01:50+00:00","dateModified":"2021-04-07T15:02:07+00:00","breadcrumb":{"@id":"https:\/\/zapateneo.net\/wordpress\/index.php\/producto\/piedra-que-rueda-no-cria-musgo\/#breadcrumb"},"inLanguage":"es","potentialAction":[{"@type":"ReadAction","target":["https:\/\/zapateneo.net\/wordpress\/index.php\/producto\/piedra-que-rueda-no-cria-musgo\/"]}]},{"@type":"ImageObject","inLanguage":"es","@id":"https:\/\/zapateneo.net\/wordpress\/index.php\/producto\/piedra-que-rueda-no-cria-musgo\/#primaryimage","url":"https:\/\/zapateneo.net\/wordpress\/wp-content\/uploads\/2021\/04\/banner-1-n564h4mvh5iikchohs9109e3gdq1xdpef1azj0o9t8.png","contentUrl":"https:\/\/zapateneo.net\/wordpress\/wp-content\/uploads\/2021\/04\/banner-1-n564h4mvh5iikchohs9109e3gdq1xdpef1azj0o9t8.png","width":400,"height":152},{"@type":"BreadcrumbList","@id":"https:\/\/zapateneo.net\/wordpress\/index.php\/producto\/piedra-que-rueda-no-cria-musgo\/#breadcrumb","itemListElement":[{"@type":"ListItem","position":1,"name":"Portada","item":"https:\/\/zapateneo.net\/wordpress\/"},{"@type":"ListItem","position":2,"name":"Tienda","item":"https:\/\/zapateneo.net\/wordpress\/"},{"@type":"ListItem","position":3,"name":"Piedra que rueda no cr\u00eda musgo"}]},{"@type":"WebSite","@id":"https:\/\/zapateneo.net\/wordpress\/#website","url":"https:\/\/zapateneo.net\/wordpress\/","name":"Zapateneo","description":"Zapateneoaren webgunea","publisher":{"@id":"https:\/\/zapateneo.net\/wordpress\/#organization"},"potentialAction":[{"@type":"SearchAction","target":{"@type":"EntryPoint","urlTemplate":"https:\/\/zapateneo.net\/wordpress\/?s={search_term_string}"},"query-input":{"@type":"PropertyValueSpecification","valueRequired":true,"valueName":"search_term_string"}}],"inLanguage":"es"},{"@type":"Organization","@id":"https:\/\/zapateneo.net\/wordpress\/#organization","name":"Zapateneo Kultur Elkartea","url":"https:\/\/zapateneo.net\/wordpress\/","logo":{"@type":"ImageObject","inLanguage":"es","@id":"https:\/\/zapateneo.net\/wordpress\/#\/schema\/logo\/image\/","url":"https:\/\/zapateneo.net\/wordpress\/wp-content\/uploads\/2021\/04\/zap-libu-kolec.jpg","contentUrl":"https:\/\/zapateneo.net\/wordpress\/wp-content\/uploads\/2021\/04\/zap-libu-kolec.jpg","width":2234,"height":398,"caption":"Zapateneo Kultur Elkartea"},"image":{"@id":"https:\/\/zapateneo.net\/wordpress\/#\/schema\/logo\/image\/"},"sameAs":["https:\/\/x.com\/zapateneo"]}]}},"_links":{"self":[{"href":"https:\/\/zapateneo.net\/wordpress\/index.php\/wp-json\/wp\/v2\/product\/2427","targetHints":{"allow":["GET"]}}],"collection":[{"href":"https:\/\/zapateneo.net\/wordpress\/index.php\/wp-json\/wp\/v2\/product"}],"about":[{"href":"https:\/\/zapateneo.net\/wordpress\/index.php\/wp-json\/wp\/v2\/types\/product"}],"wp:featuredmedia":[{"embeddable":true,"href":"https:\/\/zapateneo.net\/wordpress\/index.php\/wp-json\/wp\/v2\/media\/2451"}],"wp:attachment":[{"href":"https:\/\/zapateneo.net\/wordpress\/index.php\/wp-json\/wp\/v2\/media?parent=2427"}],"wp:term":[{"taxonomy":"product_brand","embeddable":true,"href":"https:\/\/zapateneo.net\/wordpress\/index.php\/wp-json\/wp\/v2\/product_brand?post=2427"},{"taxonomy":"product_cat","embeddable":true,"href":"https:\/\/zapateneo.net\/wordpress\/index.php\/wp-json\/wp\/v2\/product_cat?post=2427"},{"taxonomy":"product_tag","embeddable":true,"href":"https:\/\/zapateneo.net\/wordpress\/index.php\/wp-json\/wp\/v2\/product_tag?post=2427"}],"curies":[{"name":"wp","href":"https:\/\/api.w.org\/{rel}","templated":true}]}}