{"id":2308,"date":"2021-04-07T14:48:44","date_gmt":"2021-04-07T13:48:44","guid":{"rendered":"https:\/\/zapateneo.net\/wordpress\/?post_type=product&#038;p=2308"},"modified":"2021-04-07T14:49:06","modified_gmt":"2021-04-07T13:49:06","slug":"aproximacion-a-la-historia-del-pce","status":"publish","type":"product","link":"https:\/\/zapateneo.net\/wordpress\/index.php\/producto\/aproximacion-a-la-historia-del-pce\/","title":{"rendered":"Aproximaci\u00f3n a la historia del PCE"},"content":{"rendered":"<p><span><\/p>\n<p>&nbsp;<\/p>\n<p><span> <\/span><\/p>\n<p>Capitulos del libro:<br \/> La fundaci&oacute;n del PCE<br \/> &#8211;1. La se&ntilde;al del &laquo;Aurora&raquo;<br \/> &#8211;2. El impacto de la Revoluci&oacute;n de Octubre en Espa&ntilde;a<br \/> &#8211;3. Los j&oacute;venes toman la iniciativa<br \/> &#8211;4. Una unificaci&oacute;n m&aacute;s bien formal<br \/> Tiempos de crisis y confusi&oacute;n<br \/> &#8211;1. Volver a empezar .<br \/> &#8211;2. Aciertos y errores del &laquo;grupo de Bullejos&raquo;<br \/> &#8211;3. Una t&aacute;ctica nada bolchevique<br \/> &#8211;4. A la b&uacute;squeda de una nueva v&iacute;a revolucionaria<br \/> El 14 de Abril<br \/> &#8211;1. No por tirar de la planta crece m&aacute;s deprisa.<br \/> &#8211;2. Agravaci&oacute;n del conflicto con la direcci&oacute;n de la IC<br \/> &#8211;3. Algo m&aacute;s que intromisiones.<br \/> &#8211;4. Expulsi&oacute;n del &laquo;grupo de Bullejos&raquo;.<br \/> Octubre de 1934: un giro en la situaci&oacute;n<br \/> &#8211;1. La unidad por la base y la t&aacute;ctica de frente &uacute;nico<br \/> &#8211;2. La insurrecci&oacute;n de Octubre de 1934<br \/> &#8211;3. El Pacto del Bloque Popular<br \/> El levantamiento fascista y la revoluci&oacute;n popular<br \/> &#8211;1. El 18 de julio<br \/> &#8211;2. Las fuerzas enfrentadas y sus contradicciones<br \/> &#8211;3. El PCE, principal fuerza<br \/> pol&iacute;tica y militar republicana<br \/> &#8211;4. Unidad e independencia<br \/> &#8211;5. Los &laquo;Sucesos de Mayo&raquo;<br \/> El golpe casadista y el derrumbe de la Rep&uacute;blica<br \/> &#8211;1. La defensa de Madrid.<br \/> &#8211;2. El golpe casadista.<br \/> &#8211;3. &iquest;Bajo qu&eacute; condiciones se pod&iacute;a&nbsp;haber mantenido la resistencia?<br \/> &#8211;4. Necesidad hist&oacute;rica de la estrategia&nbsp;de la guerra popular prolongada.<br \/> &#8211;5. Una recapitulaci&oacute;n necesaria.<br \/> La guerra no ha terminado.<br \/> &#8211;1. La guerra no ha terminado<br \/> &#8211;2. El cambio de estrategia:&nbsp;la pol&iacute;tica de Uni&oacute;n Nacional<br \/> &#8211;3. Utilizaci&oacute;n reformista de la guerrilla<br \/> &#8211;4. Un desarrollo capitalista ligado&nbsp;al terrorismo de Estado<br \/> &#8211;5. Oportunistas y liquidadores<br \/> AP&Eacute;NDICES<br \/> La guerra en Espa&ntilde;a fue una lecci&oacute;n para<br \/> las masas y tambi&eacute;n para los comunistas<br \/> Resoluci&oacute;n del Presidium del Comit&eacute; Ejecutivo&nbsp;de la Internacional Comunista&nbsp;del 15 de mayo de 1843<br \/> Sobre el movimiento guerrillero en Espa&ntilde;a<br \/> &#8211;PRIMERA ETAPA<br \/> &#8211;SEGUNDA ETAPA<br \/> &#8211;TERCERA ETAPA<br \/> Breve cronolog&iacute;a hist&oacute;rica<\/p>\n<p>&nbsp;<\/p>\n<p>&nbsp;<\/p>\n<p><\/span><\/p>\n","protected":false},"excerpt":{"rendered":"<p><strong>Colectivo Mart\u00edn Eizaguirre<\/strong><br \/>\n2012061300027 &#8211; Templando el acero &#8211; 2012 &#8211; 254 p\u00e1ginas \/orri.<\/p>\n","protected":false},"featured_media":2329,"template":"","meta":[],"product_brand":[],"product_cat":[16,176],"product_tag":[1742,1739],"class_list":{"0":"post-2308","1":"product","2":"type-product","3":"status-publish","4":"has-post-thumbnail","6":"product_cat-libros","7":"product_cat-marxismoa-marxismo","8":"product_tag-colectivo-martin-eizaguirre","9":"product_tag-templando-el-acero","11":"first","12":"instock","13":"sold-individually","14":"shipping-taxable","15":"purchasable","16":"product-type-simple"},"yoast_head":"<!-- This site is optimized with the Yoast SEO plugin v27.3 - https:\/\/yoast.com\/product\/yoast-seo-wordpress\/ -->\n<title>Aproximaci\u00f3n a la historia del PCE &#8212; Zapateneo<\/title>\n<meta name=\"robots\" content=\"index, follow, max-snippet:-1, max-image-preview:large, max-video-preview:-1\" \/>\n<link rel=\"canonical\" href=\"https:\/\/zapateneo.net\/wordpress\/index.php\/producto\/aproximacion-a-la-historia-del-pce\/\" \/>\n<meta property=\"og:locale\" content=\"es_ES\" \/>\n<meta property=\"og:type\" content=\"article\" \/>\n<meta property=\"og:title\" content=\"Aproximaci\u00f3n a la historia del PCE &#8212; Zapateneo\" \/>\n<meta property=\"og:description\" content=\"Colectivo Mart\u00edn Eizaguirre 2012061300027 - Templando el acero - 2012 - 254 p\u00e1ginas \/orri.\" \/>\n<meta property=\"og:url\" content=\"https:\/\/zapateneo.net\/wordpress\/index.php\/producto\/aproximacion-a-la-historia-del-pce\/\" \/>\n<meta property=\"og:site_name\" content=\"Zapateneo\" \/>\n<meta property=\"article:modified_time\" content=\"2021-04-07T13:49:06+00:00\" \/>\n<meta property=\"og:image\" content=\"https:\/\/zapateneo.net\/wordpress\/wp-content\/uploads\/2021\/04\/7231.jpg\" \/>\n\t<meta property=\"og:image:width\" content=\"278\" \/>\n\t<meta property=\"og:image:height\" content=\"400\" \/>\n\t<meta property=\"og:image:type\" content=\"image\/jpeg\" \/>\n<meta name=\"twitter:card\" content=\"summary_large_image\" \/>\n<meta name=\"twitter:site\" content=\"@zapateneo\" \/>\n<meta name=\"twitter:label1\" content=\"Tiempo de lectura\" \/>\n\t<meta name=\"twitter:data1\" content=\"2 minutos\" \/>\n<script type=\"application\/ld+json\" class=\"yoast-schema-graph\">{\"@context\":\"https:\\\/\\\/schema.org\",\"@graph\":[{\"@type\":\"WebPage\",\"@id\":\"https:\\\/\\\/zapateneo.net\\\/wordpress\\\/index.php\\\/producto\\\/aproximacion-a-la-historia-del-pce\\\/\",\"url\":\"https:\\\/\\\/zapateneo.net\\\/wordpress\\\/index.php\\\/producto\\\/aproximacion-a-la-historia-del-pce\\\/\",\"name\":\"Aproximaci\u00f3n a la historia del PCE &#8212; Zapateneo\",\"isPartOf\":{\"@id\":\"https:\\\/\\\/zapateneo.net\\\/wordpress\\\/#website\"},\"primaryImageOfPage\":{\"@id\":\"https:\\\/\\\/zapateneo.net\\\/wordpress\\\/index.php\\\/producto\\\/aproximacion-a-la-historia-del-pce\\\/#primaryimage\"},\"image\":{\"@id\":\"https:\\\/\\\/zapateneo.net\\\/wordpress\\\/index.php\\\/producto\\\/aproximacion-a-la-historia-del-pce\\\/#primaryimage\"},\"thumbnailUrl\":\"https:\\\/\\\/zapateneo.net\\\/wordpress\\\/wp-content\\\/uploads\\\/2021\\\/04\\\/7231.jpg\",\"datePublished\":\"2021-04-07T13:48:44+00:00\",\"dateModified\":\"2021-04-07T13:49:06+00:00\",\"breadcrumb\":{\"@id\":\"https:\\\/\\\/zapateneo.net\\\/wordpress\\\/index.php\\\/producto\\\/aproximacion-a-la-historia-del-pce\\\/#breadcrumb\"},\"inLanguage\":\"es\",\"potentialAction\":[{\"@type\":\"ReadAction\",\"target\":[\"https:\\\/\\\/zapateneo.net\\\/wordpress\\\/index.php\\\/producto\\\/aproximacion-a-la-historia-del-pce\\\/\"]}]},{\"@type\":\"ImageObject\",\"inLanguage\":\"es\",\"@id\":\"https:\\\/\\\/zapateneo.net\\\/wordpress\\\/index.php\\\/producto\\\/aproximacion-a-la-historia-del-pce\\\/#primaryimage\",\"url\":\"https:\\\/\\\/zapateneo.net\\\/wordpress\\\/wp-content\\\/uploads\\\/2021\\\/04\\\/7231.jpg\",\"contentUrl\":\"https:\\\/\\\/zapateneo.net\\\/wordpress\\\/wp-content\\\/uploads\\\/2021\\\/04\\\/7231.jpg\",\"width\":278,\"height\":400},{\"@type\":\"BreadcrumbList\",\"@id\":\"https:\\\/\\\/zapateneo.net\\\/wordpress\\\/index.php\\\/producto\\\/aproximacion-a-la-historia-del-pce\\\/#breadcrumb\",\"itemListElement\":[{\"@type\":\"ListItem\",\"position\":1,\"name\":\"Portada\",\"item\":\"https:\\\/\\\/zapateneo.net\\\/wordpress\\\/\"},{\"@type\":\"ListItem\",\"position\":2,\"name\":\"Tienda\",\"item\":\"https:\\\/\\\/zapateneo.net\\\/wordpress\\\/\"},{\"@type\":\"ListItem\",\"position\":3,\"name\":\"Aproximaci\u00f3n a la historia del PCE\"}]},{\"@type\":\"WebSite\",\"@id\":\"https:\\\/\\\/zapateneo.net\\\/wordpress\\\/#website\",\"url\":\"https:\\\/\\\/zapateneo.net\\\/wordpress\\\/\",\"name\":\"Zapateneo\",\"description\":\"Zapateneoaren webgunea\",\"publisher\":{\"@id\":\"https:\\\/\\\/zapateneo.net\\\/wordpress\\\/#organization\"},\"potentialAction\":[{\"@type\":\"SearchAction\",\"target\":{\"@type\":\"EntryPoint\",\"urlTemplate\":\"https:\\\/\\\/zapateneo.net\\\/wordpress\\\/?s={search_term_string}\"},\"query-input\":{\"@type\":\"PropertyValueSpecification\",\"valueRequired\":true,\"valueName\":\"search_term_string\"}}],\"inLanguage\":\"es\"},{\"@type\":\"Organization\",\"@id\":\"https:\\\/\\\/zapateneo.net\\\/wordpress\\\/#organization\",\"name\":\"Zapateneo Kultur Elkartea\",\"url\":\"https:\\\/\\\/zapateneo.net\\\/wordpress\\\/\",\"logo\":{\"@type\":\"ImageObject\",\"inLanguage\":\"es\",\"@id\":\"https:\\\/\\\/zapateneo.net\\\/wordpress\\\/#\\\/schema\\\/logo\\\/image\\\/\",\"url\":\"https:\\\/\\\/zapateneo.net\\\/wordpress\\\/wp-content\\\/uploads\\\/2021\\\/04\\\/zap-libu-kolec.jpg\",\"contentUrl\":\"https:\\\/\\\/zapateneo.net\\\/wordpress\\\/wp-content\\\/uploads\\\/2021\\\/04\\\/zap-libu-kolec.jpg\",\"width\":2234,\"height\":398,\"caption\":\"Zapateneo Kultur Elkartea\"},\"image\":{\"@id\":\"https:\\\/\\\/zapateneo.net\\\/wordpress\\\/#\\\/schema\\\/logo\\\/image\\\/\"},\"sameAs\":[\"https:\\\/\\\/x.com\\\/zapateneo\"]}]}<\/script>\n<!-- \/ Yoast SEO plugin. -->","yoast_head_json":{"title":"Aproximaci\u00f3n a la historia del PCE &#8212; Zapateneo","robots":{"index":"index","follow":"follow","max-snippet":"max-snippet:-1","max-image-preview":"max-image-preview:large","max-video-preview":"max-video-preview:-1"},"canonical":"https:\/\/zapateneo.net\/wordpress\/index.php\/producto\/aproximacion-a-la-historia-del-pce\/","og_locale":"es_ES","og_type":"article","og_title":"Aproximaci\u00f3n a la historia del PCE &#8212; Zapateneo","og_description":"Colectivo Mart\u00edn Eizaguirre 2012061300027 - Templando el acero - 2012 - 254 p\u00e1ginas \/orri.","og_url":"https:\/\/zapateneo.net\/wordpress\/index.php\/producto\/aproximacion-a-la-historia-del-pce\/","og_site_name":"Zapateneo","article_modified_time":"2021-04-07T13:49:06+00:00","og_image":[{"width":278,"height":400,"url":"https:\/\/zapateneo.net\/wordpress\/wp-content\/uploads\/2021\/04\/7231.jpg","type":"image\/jpeg"}],"twitter_card":"summary_large_image","twitter_site":"@zapateneo","twitter_misc":{"Tiempo de lectura":"2 minutos"},"schema":{"@context":"https:\/\/schema.org","@graph":[{"@type":"WebPage","@id":"https:\/\/zapateneo.net\/wordpress\/index.php\/producto\/aproximacion-a-la-historia-del-pce\/","url":"https:\/\/zapateneo.net\/wordpress\/index.php\/producto\/aproximacion-a-la-historia-del-pce\/","name":"Aproximaci\u00f3n a la historia del PCE &#8212; Zapateneo","isPartOf":{"@id":"https:\/\/zapateneo.net\/wordpress\/#website"},"primaryImageOfPage":{"@id":"https:\/\/zapateneo.net\/wordpress\/index.php\/producto\/aproximacion-a-la-historia-del-pce\/#primaryimage"},"image":{"@id":"https:\/\/zapateneo.net\/wordpress\/index.php\/producto\/aproximacion-a-la-historia-del-pce\/#primaryimage"},"thumbnailUrl":"https:\/\/zapateneo.net\/wordpress\/wp-content\/uploads\/2021\/04\/7231.jpg","datePublished":"2021-04-07T13:48:44+00:00","dateModified":"2021-04-07T13:49:06+00:00","breadcrumb":{"@id":"https:\/\/zapateneo.net\/wordpress\/index.php\/producto\/aproximacion-a-la-historia-del-pce\/#breadcrumb"},"inLanguage":"es","potentialAction":[{"@type":"ReadAction","target":["https:\/\/zapateneo.net\/wordpress\/index.php\/producto\/aproximacion-a-la-historia-del-pce\/"]}]},{"@type":"ImageObject","inLanguage":"es","@id":"https:\/\/zapateneo.net\/wordpress\/index.php\/producto\/aproximacion-a-la-historia-del-pce\/#primaryimage","url":"https:\/\/zapateneo.net\/wordpress\/wp-content\/uploads\/2021\/04\/7231.jpg","contentUrl":"https:\/\/zapateneo.net\/wordpress\/wp-content\/uploads\/2021\/04\/7231.jpg","width":278,"height":400},{"@type":"BreadcrumbList","@id":"https:\/\/zapateneo.net\/wordpress\/index.php\/producto\/aproximacion-a-la-historia-del-pce\/#breadcrumb","itemListElement":[{"@type":"ListItem","position":1,"name":"Portada","item":"https:\/\/zapateneo.net\/wordpress\/"},{"@type":"ListItem","position":2,"name":"Tienda","item":"https:\/\/zapateneo.net\/wordpress\/"},{"@type":"ListItem","position":3,"name":"Aproximaci\u00f3n a la historia del PCE"}]},{"@type":"WebSite","@id":"https:\/\/zapateneo.net\/wordpress\/#website","url":"https:\/\/zapateneo.net\/wordpress\/","name":"Zapateneo","description":"Zapateneoaren webgunea","publisher":{"@id":"https:\/\/zapateneo.net\/wordpress\/#organization"},"potentialAction":[{"@type":"SearchAction","target":{"@type":"EntryPoint","urlTemplate":"https:\/\/zapateneo.net\/wordpress\/?s={search_term_string}"},"query-input":{"@type":"PropertyValueSpecification","valueRequired":true,"valueName":"search_term_string"}}],"inLanguage":"es"},{"@type":"Organization","@id":"https:\/\/zapateneo.net\/wordpress\/#organization","name":"Zapateneo Kultur Elkartea","url":"https:\/\/zapateneo.net\/wordpress\/","logo":{"@type":"ImageObject","inLanguage":"es","@id":"https:\/\/zapateneo.net\/wordpress\/#\/schema\/logo\/image\/","url":"https:\/\/zapateneo.net\/wordpress\/wp-content\/uploads\/2021\/04\/zap-libu-kolec.jpg","contentUrl":"https:\/\/zapateneo.net\/wordpress\/wp-content\/uploads\/2021\/04\/zap-libu-kolec.jpg","width":2234,"height":398,"caption":"Zapateneo Kultur Elkartea"},"image":{"@id":"https:\/\/zapateneo.net\/wordpress\/#\/schema\/logo\/image\/"},"sameAs":["https:\/\/x.com\/zapateneo"]}]}},"_links":{"self":[{"href":"https:\/\/zapateneo.net\/wordpress\/index.php\/wp-json\/wp\/v2\/product\/2308","targetHints":{"allow":["GET"]}}],"collection":[{"href":"https:\/\/zapateneo.net\/wordpress\/index.php\/wp-json\/wp\/v2\/product"}],"about":[{"href":"https:\/\/zapateneo.net\/wordpress\/index.php\/wp-json\/wp\/v2\/types\/product"}],"wp:featuredmedia":[{"embeddable":true,"href":"https:\/\/zapateneo.net\/wordpress\/index.php\/wp-json\/wp\/v2\/media\/2329"}],"wp:attachment":[{"href":"https:\/\/zapateneo.net\/wordpress\/index.php\/wp-json\/wp\/v2\/media?parent=2308"}],"wp:term":[{"taxonomy":"product_brand","embeddable":true,"href":"https:\/\/zapateneo.net\/wordpress\/index.php\/wp-json\/wp\/v2\/product_brand?post=2308"},{"taxonomy":"product_cat","embeddable":true,"href":"https:\/\/zapateneo.net\/wordpress\/index.php\/wp-json\/wp\/v2\/product_cat?post=2308"},{"taxonomy":"product_tag","embeddable":true,"href":"https:\/\/zapateneo.net\/wordpress\/index.php\/wp-json\/wp\/v2\/product_tag?post=2308"}],"curies":[{"name":"wp","href":"https:\/\/api.w.org\/{rel}","templated":true}]}}