{"id":2275,"date":"2021-04-07T14:48:10","date_gmt":"2021-04-07T13:48:10","guid":{"rendered":"https:\/\/zapateneo.net\/wordpress\/?post_type=product&#038;p=2275"},"modified":"2024-08-07T17:38:45","modified_gmt":"2024-08-07T16:38:45","slug":"elementos-fundamentales-para-la-critica-de-economia-2-grundisse-1857-1858","status":"publish","type":"product","link":"https:\/\/zapateneo.net\/wordpress\/index.php\/producto\/elementos-fundamentales-para-la-critica-de-economia-2-grundisse-1857-1858\/","title":{"rendered":"Elementos fundamentales para la cr\u00edtica de econom\u00eda.  2 Grundisse 1857-1858"},"content":{"rendered":"<p>Los Elementos fundamentales para la cr\u00edtica de la econom\u00eda pol\u00edtica constituye la primera s\u00edntesis de las investigaciones que Marx inicia en Londres en noviembre de 1850, cuando, tras la derrota de la Revoluci\u00f3n de 1848, se retira de la escena p\u00fablica para reanudar sus anteriores estudios de econom\u00eda. A pesar de su estado fragmentario, de ser s\u00f3lo el \u00abborrador\u00bb (Grundrisse) de una obra que Marx no lleg\u00f3 a terminar, constituye un conjunto de textos de fundamental importancia para comprender el proceso de elaboraci\u00f3n de la cr\u00edtica marxista de la teor\u00eda econ\u00f3mica y pol\u00edtica.<\/p>\n<p>Cl\u00e1sico indiscutible y obra can\u00f3nica y fundamental del pensamiento cr\u00edtico, para la presente edici\u00f3n en lengua castellana de los Grundrisse der Kritik der politischen \u00d6konomie se han tenido en cuenta, adem\u00e1s de la edici\u00f3n original alemana, el ingente trabajo de depuraci\u00f3n cr\u00edtica realizado por el Instituto Marx-Engels-Lenin de Mosc\u00fa, que muestra la gran cantidad de errores, imprecisiones, criterios contradictorios y confusiones que conten\u00eda dicha edici\u00f3n. La traducci\u00f3n, cotejo y preparaci\u00f3n de los originales y notas estuvieron a cargo de un equipo de trabajo compuesto por Pedro Scar\u00f3n, Miguel Murmis y Jos\u00e9 Aric\u00f3.<\/p>\n","protected":false},"excerpt":{"rendered":"<p><strong>Marx, Karl<\/strong><br \/>\n9788432300639 &#8211; Siglo XXI &#8211; 1996 &#8211; 504 p\u00e1ginas \/orri.<\/p>\n","protected":false},"featured_media":2323,"template":"","meta":[],"product_brand":[],"product_cat":[16,176],"product_tag":[1713,423],"class_list":{"0":"post-2275","1":"product","2":"type-product","3":"status-publish","4":"has-post-thumbnail","6":"product_cat-libros","7":"product_cat-marxismoa-marxismo","8":"product_tag-karl-marx","9":"product_tag-siglo-xxi","11":"first","12":"outofstock","13":"sold-individually","14":"shipping-taxable","15":"purchasable","16":"product-type-simple"},"yoast_head":"<!-- This site is optimized with the Yoast SEO plugin v27.3 - https:\/\/yoast.com\/product\/yoast-seo-wordpress\/ -->\n<title>Elementos fundamentales para la cr\u00edtica de econom\u00eda. 2 Grundisse 1857-1858 &#8212; Zapateneo<\/title>\n<meta name=\"robots\" content=\"index, follow, max-snippet:-1, max-image-preview:large, max-video-preview:-1\" \/>\n<link rel=\"canonical\" href=\"https:\/\/zapateneo.net\/wordpress\/index.php\/producto\/elementos-fundamentales-para-la-critica-de-economia-2-grundisse-1857-1858\/\" \/>\n<meta property=\"og:locale\" content=\"es_ES\" \/>\n<meta property=\"og:type\" content=\"article\" \/>\n<meta property=\"og:title\" content=\"Elementos fundamentales para la cr\u00edtica de econom\u00eda. 2 Grundisse 1857-1858 &#8212; Zapateneo\" \/>\n<meta property=\"og:description\" content=\"Marx, Karl 9788432300639 - Siglo XXI - 1996 - 504 p\u00e1ginas \/orri.\" \/>\n<meta property=\"og:url\" content=\"https:\/\/zapateneo.net\/wordpress\/index.php\/producto\/elementos-fundamentales-para-la-critica-de-economia-2-grundisse-1857-1858\/\" \/>\n<meta property=\"og:site_name\" content=\"Zapateneo\" \/>\n<meta property=\"article:modified_time\" content=\"2024-08-07T16:38:45+00:00\" \/>\n<meta property=\"og:image\" content=\"https:\/\/zapateneo.net\/wordpress\/wp-content\/uploads\/2021\/04\/grundisse-2.png\" \/>\n\t<meta property=\"og:image:width\" content=\"256\" \/>\n\t<meta property=\"og:image:height\" content=\"400\" \/>\n\t<meta property=\"og:image:type\" content=\"image\/png\" \/>\n<meta name=\"twitter:card\" content=\"summary_large_image\" \/>\n<meta name=\"twitter:site\" content=\"@zapateneo\" \/>\n<meta name=\"twitter:label1\" content=\"Tiempo de lectura\" \/>\n\t<meta name=\"twitter:data1\" content=\"1 minuto\" \/>\n<script type=\"application\/ld+json\" class=\"yoast-schema-graph\">{\"@context\":\"https:\\\/\\\/schema.org\",\"@graph\":[{\"@type\":\"WebPage\",\"@id\":\"https:\\\/\\\/zapateneo.net\\\/wordpress\\\/index.php\\\/producto\\\/elementos-fundamentales-para-la-critica-de-economia-2-grundisse-1857-1858\\\/\",\"url\":\"https:\\\/\\\/zapateneo.net\\\/wordpress\\\/index.php\\\/producto\\\/elementos-fundamentales-para-la-critica-de-economia-2-grundisse-1857-1858\\\/\",\"name\":\"Elementos fundamentales para la cr\u00edtica de econom\u00eda. 2 Grundisse 1857-1858 &#8212; Zapateneo\",\"isPartOf\":{\"@id\":\"https:\\\/\\\/zapateneo.net\\\/wordpress\\\/#website\"},\"primaryImageOfPage\":{\"@id\":\"https:\\\/\\\/zapateneo.net\\\/wordpress\\\/index.php\\\/producto\\\/elementos-fundamentales-para-la-critica-de-economia-2-grundisse-1857-1858\\\/#primaryimage\"},\"image\":{\"@id\":\"https:\\\/\\\/zapateneo.net\\\/wordpress\\\/index.php\\\/producto\\\/elementos-fundamentales-para-la-critica-de-economia-2-grundisse-1857-1858\\\/#primaryimage\"},\"thumbnailUrl\":\"https:\\\/\\\/zapateneo.net\\\/wordpress\\\/wp-content\\\/uploads\\\/2021\\\/04\\\/grundisse-2.png\",\"datePublished\":\"2021-04-07T13:48:10+00:00\",\"dateModified\":\"2024-08-07T16:38:45+00:00\",\"breadcrumb\":{\"@id\":\"https:\\\/\\\/zapateneo.net\\\/wordpress\\\/index.php\\\/producto\\\/elementos-fundamentales-para-la-critica-de-economia-2-grundisse-1857-1858\\\/#breadcrumb\"},\"inLanguage\":\"es\",\"potentialAction\":[{\"@type\":\"ReadAction\",\"target\":[\"https:\\\/\\\/zapateneo.net\\\/wordpress\\\/index.php\\\/producto\\\/elementos-fundamentales-para-la-critica-de-economia-2-grundisse-1857-1858\\\/\"]}]},{\"@type\":\"ImageObject\",\"inLanguage\":\"es\",\"@id\":\"https:\\\/\\\/zapateneo.net\\\/wordpress\\\/index.php\\\/producto\\\/elementos-fundamentales-para-la-critica-de-economia-2-grundisse-1857-1858\\\/#primaryimage\",\"url\":\"https:\\\/\\\/zapateneo.net\\\/wordpress\\\/wp-content\\\/uploads\\\/2021\\\/04\\\/grundisse-2.png\",\"contentUrl\":\"https:\\\/\\\/zapateneo.net\\\/wordpress\\\/wp-content\\\/uploads\\\/2021\\\/04\\\/grundisse-2.png\",\"width\":256,\"height\":400},{\"@type\":\"BreadcrumbList\",\"@id\":\"https:\\\/\\\/zapateneo.net\\\/wordpress\\\/index.php\\\/producto\\\/elementos-fundamentales-para-la-critica-de-economia-2-grundisse-1857-1858\\\/#breadcrumb\",\"itemListElement\":[{\"@type\":\"ListItem\",\"position\":1,\"name\":\"Portada\",\"item\":\"https:\\\/\\\/zapateneo.net\\\/wordpress\\\/\"},{\"@type\":\"ListItem\",\"position\":2,\"name\":\"Tienda\",\"item\":\"https:\\\/\\\/zapateneo.net\\\/wordpress\\\/\"},{\"@type\":\"ListItem\",\"position\":3,\"name\":\"Elementos fundamentales para la cr\u00edtica de econom\u00eda. 2 Grundisse 1857-1858\"}]},{\"@type\":\"WebSite\",\"@id\":\"https:\\\/\\\/zapateneo.net\\\/wordpress\\\/#website\",\"url\":\"https:\\\/\\\/zapateneo.net\\\/wordpress\\\/\",\"name\":\"Zapateneo\",\"description\":\"Zapateneoaren webgunea\",\"publisher\":{\"@id\":\"https:\\\/\\\/zapateneo.net\\\/wordpress\\\/#organization\"},\"potentialAction\":[{\"@type\":\"SearchAction\",\"target\":{\"@type\":\"EntryPoint\",\"urlTemplate\":\"https:\\\/\\\/zapateneo.net\\\/wordpress\\\/?s={search_term_string}\"},\"query-input\":{\"@type\":\"PropertyValueSpecification\",\"valueRequired\":true,\"valueName\":\"search_term_string\"}}],\"inLanguage\":\"es\"},{\"@type\":\"Organization\",\"@id\":\"https:\\\/\\\/zapateneo.net\\\/wordpress\\\/#organization\",\"name\":\"Zapateneo Kultur Elkartea\",\"url\":\"https:\\\/\\\/zapateneo.net\\\/wordpress\\\/\",\"logo\":{\"@type\":\"ImageObject\",\"inLanguage\":\"es\",\"@id\":\"https:\\\/\\\/zapateneo.net\\\/wordpress\\\/#\\\/schema\\\/logo\\\/image\\\/\",\"url\":\"https:\\\/\\\/zapateneo.net\\\/wordpress\\\/wp-content\\\/uploads\\\/2021\\\/04\\\/zap-libu-kolec.jpg\",\"contentUrl\":\"https:\\\/\\\/zapateneo.net\\\/wordpress\\\/wp-content\\\/uploads\\\/2021\\\/04\\\/zap-libu-kolec.jpg\",\"width\":2234,\"height\":398,\"caption\":\"Zapateneo Kultur Elkartea\"},\"image\":{\"@id\":\"https:\\\/\\\/zapateneo.net\\\/wordpress\\\/#\\\/schema\\\/logo\\\/image\\\/\"},\"sameAs\":[\"https:\\\/\\\/x.com\\\/zapateneo\"]}]}<\/script>\n<!-- \/ Yoast SEO plugin. -->","yoast_head_json":{"title":"Elementos fundamentales para la cr\u00edtica de econom\u00eda. 2 Grundisse 1857-1858 &#8212; Zapateneo","robots":{"index":"index","follow":"follow","max-snippet":"max-snippet:-1","max-image-preview":"max-image-preview:large","max-video-preview":"max-video-preview:-1"},"canonical":"https:\/\/zapateneo.net\/wordpress\/index.php\/producto\/elementos-fundamentales-para-la-critica-de-economia-2-grundisse-1857-1858\/","og_locale":"es_ES","og_type":"article","og_title":"Elementos fundamentales para la cr\u00edtica de econom\u00eda. 2 Grundisse 1857-1858 &#8212; Zapateneo","og_description":"Marx, Karl 9788432300639 - Siglo XXI - 1996 - 504 p\u00e1ginas \/orri.","og_url":"https:\/\/zapateneo.net\/wordpress\/index.php\/producto\/elementos-fundamentales-para-la-critica-de-economia-2-grundisse-1857-1858\/","og_site_name":"Zapateneo","article_modified_time":"2024-08-07T16:38:45+00:00","og_image":[{"width":256,"height":400,"url":"https:\/\/zapateneo.net\/wordpress\/wp-content\/uploads\/2021\/04\/grundisse-2.png","type":"image\/png"}],"twitter_card":"summary_large_image","twitter_site":"@zapateneo","twitter_misc":{"Tiempo de lectura":"1 minuto"},"schema":{"@context":"https:\/\/schema.org","@graph":[{"@type":"WebPage","@id":"https:\/\/zapateneo.net\/wordpress\/index.php\/producto\/elementos-fundamentales-para-la-critica-de-economia-2-grundisse-1857-1858\/","url":"https:\/\/zapateneo.net\/wordpress\/index.php\/producto\/elementos-fundamentales-para-la-critica-de-economia-2-grundisse-1857-1858\/","name":"Elementos fundamentales para la cr\u00edtica de econom\u00eda. 2 Grundisse 1857-1858 &#8212; Zapateneo","isPartOf":{"@id":"https:\/\/zapateneo.net\/wordpress\/#website"},"primaryImageOfPage":{"@id":"https:\/\/zapateneo.net\/wordpress\/index.php\/producto\/elementos-fundamentales-para-la-critica-de-economia-2-grundisse-1857-1858\/#primaryimage"},"image":{"@id":"https:\/\/zapateneo.net\/wordpress\/index.php\/producto\/elementos-fundamentales-para-la-critica-de-economia-2-grundisse-1857-1858\/#primaryimage"},"thumbnailUrl":"https:\/\/zapateneo.net\/wordpress\/wp-content\/uploads\/2021\/04\/grundisse-2.png","datePublished":"2021-04-07T13:48:10+00:00","dateModified":"2024-08-07T16:38:45+00:00","breadcrumb":{"@id":"https:\/\/zapateneo.net\/wordpress\/index.php\/producto\/elementos-fundamentales-para-la-critica-de-economia-2-grundisse-1857-1858\/#breadcrumb"},"inLanguage":"es","potentialAction":[{"@type":"ReadAction","target":["https:\/\/zapateneo.net\/wordpress\/index.php\/producto\/elementos-fundamentales-para-la-critica-de-economia-2-grundisse-1857-1858\/"]}]},{"@type":"ImageObject","inLanguage":"es","@id":"https:\/\/zapateneo.net\/wordpress\/index.php\/producto\/elementos-fundamentales-para-la-critica-de-economia-2-grundisse-1857-1858\/#primaryimage","url":"https:\/\/zapateneo.net\/wordpress\/wp-content\/uploads\/2021\/04\/grundisse-2.png","contentUrl":"https:\/\/zapateneo.net\/wordpress\/wp-content\/uploads\/2021\/04\/grundisse-2.png","width":256,"height":400},{"@type":"BreadcrumbList","@id":"https:\/\/zapateneo.net\/wordpress\/index.php\/producto\/elementos-fundamentales-para-la-critica-de-economia-2-grundisse-1857-1858\/#breadcrumb","itemListElement":[{"@type":"ListItem","position":1,"name":"Portada","item":"https:\/\/zapateneo.net\/wordpress\/"},{"@type":"ListItem","position":2,"name":"Tienda","item":"https:\/\/zapateneo.net\/wordpress\/"},{"@type":"ListItem","position":3,"name":"Elementos fundamentales para la cr\u00edtica de econom\u00eda. 2 Grundisse 1857-1858"}]},{"@type":"WebSite","@id":"https:\/\/zapateneo.net\/wordpress\/#website","url":"https:\/\/zapateneo.net\/wordpress\/","name":"Zapateneo","description":"Zapateneoaren webgunea","publisher":{"@id":"https:\/\/zapateneo.net\/wordpress\/#organization"},"potentialAction":[{"@type":"SearchAction","target":{"@type":"EntryPoint","urlTemplate":"https:\/\/zapateneo.net\/wordpress\/?s={search_term_string}"},"query-input":{"@type":"PropertyValueSpecification","valueRequired":true,"valueName":"search_term_string"}}],"inLanguage":"es"},{"@type":"Organization","@id":"https:\/\/zapateneo.net\/wordpress\/#organization","name":"Zapateneo Kultur Elkartea","url":"https:\/\/zapateneo.net\/wordpress\/","logo":{"@type":"ImageObject","inLanguage":"es","@id":"https:\/\/zapateneo.net\/wordpress\/#\/schema\/logo\/image\/","url":"https:\/\/zapateneo.net\/wordpress\/wp-content\/uploads\/2021\/04\/zap-libu-kolec.jpg","contentUrl":"https:\/\/zapateneo.net\/wordpress\/wp-content\/uploads\/2021\/04\/zap-libu-kolec.jpg","width":2234,"height":398,"caption":"Zapateneo Kultur Elkartea"},"image":{"@id":"https:\/\/zapateneo.net\/wordpress\/#\/schema\/logo\/image\/"},"sameAs":["https:\/\/x.com\/zapateneo"]}]}},"_links":{"self":[{"href":"https:\/\/zapateneo.net\/wordpress\/index.php\/wp-json\/wp\/v2\/product\/2275","targetHints":{"allow":["GET"]}}],"collection":[{"href":"https:\/\/zapateneo.net\/wordpress\/index.php\/wp-json\/wp\/v2\/product"}],"about":[{"href":"https:\/\/zapateneo.net\/wordpress\/index.php\/wp-json\/wp\/v2\/types\/product"}],"wp:featuredmedia":[{"embeddable":true,"href":"https:\/\/zapateneo.net\/wordpress\/index.php\/wp-json\/wp\/v2\/media\/2323"}],"wp:attachment":[{"href":"https:\/\/zapateneo.net\/wordpress\/index.php\/wp-json\/wp\/v2\/media?parent=2275"}],"wp:term":[{"taxonomy":"product_brand","embeddable":true,"href":"https:\/\/zapateneo.net\/wordpress\/index.php\/wp-json\/wp\/v2\/product_brand?post=2275"},{"taxonomy":"product_cat","embeddable":true,"href":"https:\/\/zapateneo.net\/wordpress\/index.php\/wp-json\/wp\/v2\/product_cat?post=2275"},{"taxonomy":"product_tag","embeddable":true,"href":"https:\/\/zapateneo.net\/wordpress\/index.php\/wp-json\/wp\/v2\/product_tag?post=2275"}],"curies":[{"name":"wp","href":"https:\/\/api.w.org\/{rel}","templated":true}]}}