{"id":2271,"date":"2021-04-07T14:48:09","date_gmt":"2021-04-07T13:48:09","guid":{"rendered":"https:\/\/zapateneo.net\/wordpress\/?post_type=product&#038;p=2271"},"modified":"2021-04-07T14:48:28","modified_gmt":"2021-04-07T13:48:28","slug":"paginas-malditas-2","status":"publish","type":"product","link":"https:\/\/zapateneo.net\/wordpress\/index.php\/producto\/paginas-malditas-2\/","title":{"rendered":"P\u00e1ginas Malditas"},"content":{"rendered":"<p>Es f\u00e1cil entender por qu\u00e9 las p\u00e1ginas escritas por Marx, que se publican en la presenta selecci\u00f3n, fueron y todav\u00eda son \u0093malditas\u0094: no coinciden en absoluto con la imagen del Marx que se construy\u00f3 oficialmente. El Marx pol\u00edticamente correcto, dem\u00f3crata, reformista&#8230; y hasta leninista, que el marxismo oficial construy\u00f3 durante un siglo y medio, no resiste en absoluto frente a esta cr\u00edtica radical de los valores que las universidades y organizaciones reformistas transmiten acerca de \u00e9l. Como ver\u00e1 el lector en \u00abSobre la cuesti\u00f3n jud\u00eda\u00bb y las otras \u0093p\u00e1ginas malditas\u0094 que se publican en esta selecci\u00f3n, Marx no se muestra partidario del progreso dem\u00f3crata burgu\u00e9s en general, ni de los derechos democr\u00e1ticos en s\u00ed, ni tampoco del trabajo y el esfuerzo productivo como sostienen todos sus ep\u00edgonos. Tampoco proclama como objetivo del ser humano el trabajo, ni el desarrollo de la econom\u00eda nacional. Es m\u00e1s, ni siquiera considera que el mundo pueda cambiarse desde la pol\u00edtica, desde el Estado. Todo esto es m\u00e1s que suficiente para que todas estas p\u00e1ginas, que publicamos en esta selecci\u00f3n y que critican el trabajo, la econom\u00eda, la democracia, la revoluci\u00f3n pol\u00edtica&#8230; hayan sido \u0093olvidadas\u0094, negadas, ocultadas, descalificadas como pecados de juventud, por todos los partidos oficiales y semioficiales que se presentaron desde siempre como sus continuadores. Al respecto merece la pena destacar que ello acontece con la familia socialdem\u00f3crata en toda su extensi\u00f3n: \u0093socialistas\u0094, \u0093comunistas\u0094, leninistas, mao\u00edstas, castristas, guevaristas&#8230;, as\u00ed como con su vertiente universitaria y de marxistas leninistas, formadores de cuadros, como el althuserianismo, el harneckerismo&#8230; De m\u00e1s est\u00e1 decir que tambi\u00e9n esa visi\u00f3n de Marx construida por sus \u0093epigonos\u0094 ha servido desde la otra cara de la socialdemocracia, la \u0093anarquista\u0094 o en general la \u0093libertaria\u0094 y \u0093dem\u00f3crata\u0094, para su construcci\u00f3n del mito Marx \u0093socialista autoritario\u0094, \u0093estatista\u0094 y hasta \u0093precursor del leninismo y el estalinismo\u0094. En este volumen se han reunido 4 materiales distintos: tres art\u00edculos que fueron publicados por Marx y algunas notas de lectura escritas en esos mismos a\u00f1os (1843\/44) que quedaron in\u00e9ditas. Concretamente publicamos: \u0096 Cr\u00edtica al art\u00edculo de Bruno Bauer: \u0093La cuesti\u00f3n jud\u00eda\u0094 \u0096 Introducci\u00f3n a la Cr\u00edtica de la filosof\u00eda del derecho de Hegel. \u0096 Glosas Criticas Marginales al art\u00edculo: \u0093El rey de Prusia y la reforma social. Por un prusiano\u0094 \u0096 Extractos de Lectura de Marx de 1844 [que, por su contenido, titulamos]: \u0093Cr\u00edtica de la Econom\u00eda Nacional\u0094<\/p>\n<p>Fernando Groni<\/p>\n","protected":false},"excerpt":{"rendered":"<p><strong>Karl Marx<\/strong><br \/>\n97898715231777 &#8211; Colecci\u00f3n Pensamiento y Acci\u00f3n Socialista &#8211;  &#8211; 122 p\u00e1ginas \/orri.<\/p>\n","protected":false},"featured_media":2300,"template":"","meta":[],"product_brand":[],"product_cat":[16,176],"product_tag":[1726,1713],"class_list":{"0":"post-2271","1":"product","2":"type-product","3":"status-publish","4":"has-post-thumbnail","6":"product_cat-libros","7":"product_cat-marxismoa-marxismo","8":"product_tag-coleccion-pensamiento-y-accion-socialista","9":"product_tag-karl-marx","11":"first","12":"instock","13":"sold-individually","14":"shipping-taxable","15":"purchasable","16":"product-type-simple"},"yoast_head":"<!-- This site is optimized with the Yoast SEO plugin v27.3 - https:\/\/yoast.com\/product\/yoast-seo-wordpress\/ -->\n<title>P\u00e1ginas Malditas &#8212; Zapateneo<\/title>\n<meta name=\"robots\" content=\"index, follow, max-snippet:-1, max-image-preview:large, max-video-preview:-1\" \/>\n<link rel=\"canonical\" href=\"https:\/\/zapateneo.net\/wordpress\/index.php\/producto\/paginas-malditas-2\/\" \/>\n<meta property=\"og:locale\" content=\"es_ES\" \/>\n<meta property=\"og:type\" content=\"article\" \/>\n<meta property=\"og:title\" content=\"P\u00e1ginas Malditas &#8212; Zapateneo\" \/>\n<meta property=\"og:description\" content=\"Karl Marx 97898715231777 - Colecci\u00f3n Pensamiento y Acci\u00f3n Socialista - - 122 p\u00e1ginas \/orri.\" \/>\n<meta property=\"og:url\" content=\"https:\/\/zapateneo.net\/wordpress\/index.php\/producto\/paginas-malditas-2\/\" \/>\n<meta property=\"og:site_name\" content=\"Zapateneo\" \/>\n<meta property=\"article:modified_time\" content=\"2021-04-07T13:48:28+00:00\" \/>\n<meta property=\"og:image\" content=\"https:\/\/zapateneo.net\/wordpress\/wp-content\/uploads\/2021\/04\/cover.png\" \/>\n\t<meta property=\"og:image:width\" content=\"297\" \/>\n\t<meta property=\"og:image:height\" content=\"400\" \/>\n\t<meta property=\"og:image:type\" content=\"image\/png\" \/>\n<meta name=\"twitter:card\" content=\"summary_large_image\" \/>\n<meta name=\"twitter:site\" content=\"@zapateneo\" \/>\n<meta name=\"twitter:label1\" content=\"Tiempo de lectura\" \/>\n\t<meta name=\"twitter:data1\" content=\"2 minutos\" \/>\n<script type=\"application\/ld+json\" class=\"yoast-schema-graph\">{\"@context\":\"https:\\\/\\\/schema.org\",\"@graph\":[{\"@type\":\"WebPage\",\"@id\":\"https:\\\/\\\/zapateneo.net\\\/wordpress\\\/index.php\\\/producto\\\/paginas-malditas-2\\\/\",\"url\":\"https:\\\/\\\/zapateneo.net\\\/wordpress\\\/index.php\\\/producto\\\/paginas-malditas-2\\\/\",\"name\":\"P\u00e1ginas Malditas &#8212; Zapateneo\",\"isPartOf\":{\"@id\":\"https:\\\/\\\/zapateneo.net\\\/wordpress\\\/#website\"},\"primaryImageOfPage\":{\"@id\":\"https:\\\/\\\/zapateneo.net\\\/wordpress\\\/index.php\\\/producto\\\/paginas-malditas-2\\\/#primaryimage\"},\"image\":{\"@id\":\"https:\\\/\\\/zapateneo.net\\\/wordpress\\\/index.php\\\/producto\\\/paginas-malditas-2\\\/#primaryimage\"},\"thumbnailUrl\":\"https:\\\/\\\/zapateneo.net\\\/wordpress\\\/wp-content\\\/uploads\\\/2021\\\/04\\\/cover.png\",\"datePublished\":\"2021-04-07T13:48:09+00:00\",\"dateModified\":\"2021-04-07T13:48:28+00:00\",\"breadcrumb\":{\"@id\":\"https:\\\/\\\/zapateneo.net\\\/wordpress\\\/index.php\\\/producto\\\/paginas-malditas-2\\\/#breadcrumb\"},\"inLanguage\":\"es\",\"potentialAction\":[{\"@type\":\"ReadAction\",\"target\":[\"https:\\\/\\\/zapateneo.net\\\/wordpress\\\/index.php\\\/producto\\\/paginas-malditas-2\\\/\"]}]},{\"@type\":\"ImageObject\",\"inLanguage\":\"es\",\"@id\":\"https:\\\/\\\/zapateneo.net\\\/wordpress\\\/index.php\\\/producto\\\/paginas-malditas-2\\\/#primaryimage\",\"url\":\"https:\\\/\\\/zapateneo.net\\\/wordpress\\\/wp-content\\\/uploads\\\/2021\\\/04\\\/cover.png\",\"contentUrl\":\"https:\\\/\\\/zapateneo.net\\\/wordpress\\\/wp-content\\\/uploads\\\/2021\\\/04\\\/cover.png\",\"width\":297,\"height\":400},{\"@type\":\"BreadcrumbList\",\"@id\":\"https:\\\/\\\/zapateneo.net\\\/wordpress\\\/index.php\\\/producto\\\/paginas-malditas-2\\\/#breadcrumb\",\"itemListElement\":[{\"@type\":\"ListItem\",\"position\":1,\"name\":\"Portada\",\"item\":\"https:\\\/\\\/zapateneo.net\\\/wordpress\\\/\"},{\"@type\":\"ListItem\",\"position\":2,\"name\":\"Tienda\",\"item\":\"https:\\\/\\\/zapateneo.net\\\/wordpress\\\/\"},{\"@type\":\"ListItem\",\"position\":3,\"name\":\"P\u00e1ginas Malditas\"}]},{\"@type\":\"WebSite\",\"@id\":\"https:\\\/\\\/zapateneo.net\\\/wordpress\\\/#website\",\"url\":\"https:\\\/\\\/zapateneo.net\\\/wordpress\\\/\",\"name\":\"Zapateneo\",\"description\":\"Zapateneoaren webgunea\",\"publisher\":{\"@id\":\"https:\\\/\\\/zapateneo.net\\\/wordpress\\\/#organization\"},\"potentialAction\":[{\"@type\":\"SearchAction\",\"target\":{\"@type\":\"EntryPoint\",\"urlTemplate\":\"https:\\\/\\\/zapateneo.net\\\/wordpress\\\/?s={search_term_string}\"},\"query-input\":{\"@type\":\"PropertyValueSpecification\",\"valueRequired\":true,\"valueName\":\"search_term_string\"}}],\"inLanguage\":\"es\"},{\"@type\":\"Organization\",\"@id\":\"https:\\\/\\\/zapateneo.net\\\/wordpress\\\/#organization\",\"name\":\"Zapateneo Kultur Elkartea\",\"url\":\"https:\\\/\\\/zapateneo.net\\\/wordpress\\\/\",\"logo\":{\"@type\":\"ImageObject\",\"inLanguage\":\"es\",\"@id\":\"https:\\\/\\\/zapateneo.net\\\/wordpress\\\/#\\\/schema\\\/logo\\\/image\\\/\",\"url\":\"https:\\\/\\\/zapateneo.net\\\/wordpress\\\/wp-content\\\/uploads\\\/2021\\\/04\\\/zap-libu-kolec.jpg\",\"contentUrl\":\"https:\\\/\\\/zapateneo.net\\\/wordpress\\\/wp-content\\\/uploads\\\/2021\\\/04\\\/zap-libu-kolec.jpg\",\"width\":2234,\"height\":398,\"caption\":\"Zapateneo Kultur Elkartea\"},\"image\":{\"@id\":\"https:\\\/\\\/zapateneo.net\\\/wordpress\\\/#\\\/schema\\\/logo\\\/image\\\/\"},\"sameAs\":[\"https:\\\/\\\/x.com\\\/zapateneo\"]}]}<\/script>\n<!-- \/ Yoast SEO plugin. -->","yoast_head_json":{"title":"P\u00e1ginas Malditas &#8212; Zapateneo","robots":{"index":"index","follow":"follow","max-snippet":"max-snippet:-1","max-image-preview":"max-image-preview:large","max-video-preview":"max-video-preview:-1"},"canonical":"https:\/\/zapateneo.net\/wordpress\/index.php\/producto\/paginas-malditas-2\/","og_locale":"es_ES","og_type":"article","og_title":"P\u00e1ginas Malditas &#8212; Zapateneo","og_description":"Karl Marx 97898715231777 - Colecci\u00f3n Pensamiento y Acci\u00f3n Socialista - - 122 p\u00e1ginas \/orri.","og_url":"https:\/\/zapateneo.net\/wordpress\/index.php\/producto\/paginas-malditas-2\/","og_site_name":"Zapateneo","article_modified_time":"2021-04-07T13:48:28+00:00","og_image":[{"width":297,"height":400,"url":"https:\/\/zapateneo.net\/wordpress\/wp-content\/uploads\/2021\/04\/cover.png","type":"image\/png"}],"twitter_card":"summary_large_image","twitter_site":"@zapateneo","twitter_misc":{"Tiempo de lectura":"2 minutos"},"schema":{"@context":"https:\/\/schema.org","@graph":[{"@type":"WebPage","@id":"https:\/\/zapateneo.net\/wordpress\/index.php\/producto\/paginas-malditas-2\/","url":"https:\/\/zapateneo.net\/wordpress\/index.php\/producto\/paginas-malditas-2\/","name":"P\u00e1ginas Malditas &#8212; Zapateneo","isPartOf":{"@id":"https:\/\/zapateneo.net\/wordpress\/#website"},"primaryImageOfPage":{"@id":"https:\/\/zapateneo.net\/wordpress\/index.php\/producto\/paginas-malditas-2\/#primaryimage"},"image":{"@id":"https:\/\/zapateneo.net\/wordpress\/index.php\/producto\/paginas-malditas-2\/#primaryimage"},"thumbnailUrl":"https:\/\/zapateneo.net\/wordpress\/wp-content\/uploads\/2021\/04\/cover.png","datePublished":"2021-04-07T13:48:09+00:00","dateModified":"2021-04-07T13:48:28+00:00","breadcrumb":{"@id":"https:\/\/zapateneo.net\/wordpress\/index.php\/producto\/paginas-malditas-2\/#breadcrumb"},"inLanguage":"es","potentialAction":[{"@type":"ReadAction","target":["https:\/\/zapateneo.net\/wordpress\/index.php\/producto\/paginas-malditas-2\/"]}]},{"@type":"ImageObject","inLanguage":"es","@id":"https:\/\/zapateneo.net\/wordpress\/index.php\/producto\/paginas-malditas-2\/#primaryimage","url":"https:\/\/zapateneo.net\/wordpress\/wp-content\/uploads\/2021\/04\/cover.png","contentUrl":"https:\/\/zapateneo.net\/wordpress\/wp-content\/uploads\/2021\/04\/cover.png","width":297,"height":400},{"@type":"BreadcrumbList","@id":"https:\/\/zapateneo.net\/wordpress\/index.php\/producto\/paginas-malditas-2\/#breadcrumb","itemListElement":[{"@type":"ListItem","position":1,"name":"Portada","item":"https:\/\/zapateneo.net\/wordpress\/"},{"@type":"ListItem","position":2,"name":"Tienda","item":"https:\/\/zapateneo.net\/wordpress\/"},{"@type":"ListItem","position":3,"name":"P\u00e1ginas Malditas"}]},{"@type":"WebSite","@id":"https:\/\/zapateneo.net\/wordpress\/#website","url":"https:\/\/zapateneo.net\/wordpress\/","name":"Zapateneo","description":"Zapateneoaren webgunea","publisher":{"@id":"https:\/\/zapateneo.net\/wordpress\/#organization"},"potentialAction":[{"@type":"SearchAction","target":{"@type":"EntryPoint","urlTemplate":"https:\/\/zapateneo.net\/wordpress\/?s={search_term_string}"},"query-input":{"@type":"PropertyValueSpecification","valueRequired":true,"valueName":"search_term_string"}}],"inLanguage":"es"},{"@type":"Organization","@id":"https:\/\/zapateneo.net\/wordpress\/#organization","name":"Zapateneo Kultur Elkartea","url":"https:\/\/zapateneo.net\/wordpress\/","logo":{"@type":"ImageObject","inLanguage":"es","@id":"https:\/\/zapateneo.net\/wordpress\/#\/schema\/logo\/image\/","url":"https:\/\/zapateneo.net\/wordpress\/wp-content\/uploads\/2021\/04\/zap-libu-kolec.jpg","contentUrl":"https:\/\/zapateneo.net\/wordpress\/wp-content\/uploads\/2021\/04\/zap-libu-kolec.jpg","width":2234,"height":398,"caption":"Zapateneo Kultur Elkartea"},"image":{"@id":"https:\/\/zapateneo.net\/wordpress\/#\/schema\/logo\/image\/"},"sameAs":["https:\/\/x.com\/zapateneo"]}]}},"_links":{"self":[{"href":"https:\/\/zapateneo.net\/wordpress\/index.php\/wp-json\/wp\/v2\/product\/2271","targetHints":{"allow":["GET"]}}],"collection":[{"href":"https:\/\/zapateneo.net\/wordpress\/index.php\/wp-json\/wp\/v2\/product"}],"about":[{"href":"https:\/\/zapateneo.net\/wordpress\/index.php\/wp-json\/wp\/v2\/types\/product"}],"wp:featuredmedia":[{"embeddable":true,"href":"https:\/\/zapateneo.net\/wordpress\/index.php\/wp-json\/wp\/v2\/media\/2300"}],"wp:attachment":[{"href":"https:\/\/zapateneo.net\/wordpress\/index.php\/wp-json\/wp\/v2\/media?parent=2271"}],"wp:term":[{"taxonomy":"product_brand","embeddable":true,"href":"https:\/\/zapateneo.net\/wordpress\/index.php\/wp-json\/wp\/v2\/product_brand?post=2271"},{"taxonomy":"product_cat","embeddable":true,"href":"https:\/\/zapateneo.net\/wordpress\/index.php\/wp-json\/wp\/v2\/product_cat?post=2271"},{"taxonomy":"product_tag","embeddable":true,"href":"https:\/\/zapateneo.net\/wordpress\/index.php\/wp-json\/wp\/v2\/product_tag?post=2271"}],"curies":[{"name":"wp","href":"https:\/\/api.w.org\/{rel}","templated":true}]}}