{"id":2263,"date":"2021-04-07T14:48:08","date_gmt":"2021-04-07T13:48:08","guid":{"rendered":"https:\/\/zapateneo.net\/wordpress\/?post_type=product&#038;p=2263"},"modified":"2021-04-07T14:48:20","modified_gmt":"2021-04-07T13:48:20","slug":"marx-esencial-los-filosofos-se-han-limitado-a-interpretar-el-mundo-de-diversas","status":"publish","type":"product","link":"https:\/\/zapateneo.net\/wordpress\/index.php\/producto\/marx-esencial-los-filosofos-se-han-limitado-a-interpretar-el-mundo-de-diversas\/","title":{"rendered":"Marx esencial. los filosofos se han limitado a interpretar el mundo de diversas"},"content":{"rendered":"<p>Marx es, sin lugar a dudas, un pensador contempor\u00e1neo \u0093esencial\u0094. Su Manifiesto comunista es, tras la Biblia, el libro m\u00e1s vendido en toda la Historia y posiblemente uno de los m\u00e1s influyentes entre los hombres y mujeres de todos los tiempos. Inmersos hoy en una crisis que trasciende lo meramente econ\u00f3mico, pero que tiene en ello su ra\u00edz y fundamento, la lectura del pensador alem\u00e1n de Tr\u00e9veris es m\u00e1s urgente y necesaria que nunca. Conviene, a los j\u00f3venes y no tan j\u00f3venes, releer al fil\u00f3sofo que lleva a cabo la cr\u00edtica m\u00e1s aguda y profunda del sistema capitalista y de las ideolog\u00edas que lo sustentan. Conviene releer de nuevo el Manifiesto, hoy que los trabajadores no est\u00e1n precisamente unidos y que en muchas ocasiones los sindicatos han desfallecido en lo que deber\u00eda ser su labor principal, esto es, la defensa de los intereses de los trabajadores. Conviene releer las Tesis sobre Feuerbach, para darse cuenta de que una Filosof\u00eda aut\u00e9ntica es transformadora de la realidad o no es nada, solo papel mojado y letra muerta. Conviene releer hoy, quiz\u00e1 m\u00e1s que nunca, los Manuscritos de Econom\u00eda y Filosof\u00eda, revisitar las p\u00e1ginas en las que Marx reinterpreta e invierte la lectura hegeliana de la realidad (aquello de que \u0093todo lo real es racional y todo lo racional es real\u0094), las p\u00e1ginas inolvidables sobre la dial\u00e9ctica del amo y el esclavo y pensar, as\u00ed, en las nuevas esclavitudes del occidente neoliberal y en las crisis de la raz\u00f3n ilustrada y de las distintas razones (\u0093vital\u0094, \u0093\u00edntegra\u0094, \u0093sentiente\u0094, \u0093hist\u00f3rica\u0094\u0085). Conviene pararse a reflexionar muy detenidamente acerca de la conciencia alienada, pero nunca en abstracto: quiz\u00e1 mejor, entonces, conviene que me detenga a pensar en aquello que me aliena a m\u00ed: la alienaci\u00f3n econ\u00f3mica y las otras alienaciones que son consecuencia (\u00bfy quiz\u00e1 tambi\u00e9n causa, en un proceso de retroalimentaci\u00f3n permanente?) de aquella. Y para ello sigue sin haber mejor maestro que Marx. Conviene, en fin, volver a uno de esos escasos pensadores capaces de sacudirnos de la modorra intelectual y del sue\u00f1o de una Raz\u00f3n que ya ha producido demasiados monstruos.<\/p>\n","protected":false},"excerpt":{"rendered":"<p><strong>Garcia Noval,  Constantino<\/strong><br \/>\n9788494183225 &#8211; Montesinos Ediciones &#8211; 2014 &#8211; 194 p\u00e1ginas \/orri.<\/p>\n","protected":false},"featured_media":2292,"template":"","meta":[],"product_brand":[],"product_cat":[16,176],"product_tag":[1721,1723],"class_list":{"0":"post-2263","1":"product","2":"type-product","3":"status-publish","4":"has-post-thumbnail","6":"product_cat-libros","7":"product_cat-marxismoa-marxismo","8":"product_tag-garcia-noval","9":"product_tag-montesinos-ediciones","11":"first","12":"instock","13":"sold-individually","14":"shipping-taxable","15":"purchasable","16":"product-type-simple"},"yoast_head":"<!-- This site is optimized with the Yoast SEO plugin v27.3 - https:\/\/yoast.com\/product\/yoast-seo-wordpress\/ -->\n<title>Marx esencial. los filosofos se han limitado a interpretar el mundo de diversas &#8212; Zapateneo<\/title>\n<meta name=\"robots\" content=\"index, follow, max-snippet:-1, max-image-preview:large, max-video-preview:-1\" \/>\n<link rel=\"canonical\" href=\"https:\/\/zapateneo.net\/wordpress\/index.php\/producto\/marx-esencial-los-filosofos-se-han-limitado-a-interpretar-el-mundo-de-diversas\/\" \/>\n<meta property=\"og:locale\" content=\"es_ES\" \/>\n<meta property=\"og:type\" content=\"article\" \/>\n<meta property=\"og:title\" content=\"Marx esencial. los filosofos se han limitado a interpretar el mundo de diversas &#8212; Zapateneo\" \/>\n<meta property=\"og:description\" content=\"Garcia Noval, Constantino 9788494183225 - Montesinos Ediciones - 2014 - 194 p\u00e1ginas \/orri.\" \/>\n<meta property=\"og:url\" content=\"https:\/\/zapateneo.net\/wordpress\/index.php\/producto\/marx-esencial-los-filosofos-se-han-limitado-a-interpretar-el-mundo-de-diversas\/\" \/>\n<meta property=\"og:site_name\" content=\"Zapateneo\" \/>\n<meta property=\"article:modified_time\" content=\"2021-04-07T13:48:20+00:00\" \/>\n<meta property=\"og:image\" content=\"https:\/\/zapateneo.net\/wordpress\/wp-content\/uploads\/2021\/04\/9788494183225.jpg\" \/>\n\t<meta property=\"og:image:width\" content=\"120\" \/>\n\t<meta property=\"og:image:height\" content=\"154\" \/>\n\t<meta property=\"og:image:type\" content=\"image\/jpeg\" \/>\n<meta name=\"twitter:card\" content=\"summary_large_image\" \/>\n<meta name=\"twitter:site\" content=\"@zapateneo\" \/>\n<meta name=\"twitter:label1\" content=\"Tiempo de lectura\" \/>\n\t<meta name=\"twitter:data1\" content=\"2 minutos\" \/>\n<script type=\"application\/ld+json\" class=\"yoast-schema-graph\">{\"@context\":\"https:\\\/\\\/schema.org\",\"@graph\":[{\"@type\":\"WebPage\",\"@id\":\"https:\\\/\\\/zapateneo.net\\\/wordpress\\\/index.php\\\/producto\\\/marx-esencial-los-filosofos-se-han-limitado-a-interpretar-el-mundo-de-diversas\\\/\",\"url\":\"https:\\\/\\\/zapateneo.net\\\/wordpress\\\/index.php\\\/producto\\\/marx-esencial-los-filosofos-se-han-limitado-a-interpretar-el-mundo-de-diversas\\\/\",\"name\":\"Marx esencial. los filosofos se han limitado a interpretar el mundo de diversas &#8212; Zapateneo\",\"isPartOf\":{\"@id\":\"https:\\\/\\\/zapateneo.net\\\/wordpress\\\/#website\"},\"primaryImageOfPage\":{\"@id\":\"https:\\\/\\\/zapateneo.net\\\/wordpress\\\/index.php\\\/producto\\\/marx-esencial-los-filosofos-se-han-limitado-a-interpretar-el-mundo-de-diversas\\\/#primaryimage\"},\"image\":{\"@id\":\"https:\\\/\\\/zapateneo.net\\\/wordpress\\\/index.php\\\/producto\\\/marx-esencial-los-filosofos-se-han-limitado-a-interpretar-el-mundo-de-diversas\\\/#primaryimage\"},\"thumbnailUrl\":\"https:\\\/\\\/zapateneo.net\\\/wordpress\\\/wp-content\\\/uploads\\\/2021\\\/04\\\/9788494183225.jpg\",\"datePublished\":\"2021-04-07T13:48:08+00:00\",\"dateModified\":\"2021-04-07T13:48:20+00:00\",\"breadcrumb\":{\"@id\":\"https:\\\/\\\/zapateneo.net\\\/wordpress\\\/index.php\\\/producto\\\/marx-esencial-los-filosofos-se-han-limitado-a-interpretar-el-mundo-de-diversas\\\/#breadcrumb\"},\"inLanguage\":\"es\",\"potentialAction\":[{\"@type\":\"ReadAction\",\"target\":[\"https:\\\/\\\/zapateneo.net\\\/wordpress\\\/index.php\\\/producto\\\/marx-esencial-los-filosofos-se-han-limitado-a-interpretar-el-mundo-de-diversas\\\/\"]}]},{\"@type\":\"ImageObject\",\"inLanguage\":\"es\",\"@id\":\"https:\\\/\\\/zapateneo.net\\\/wordpress\\\/index.php\\\/producto\\\/marx-esencial-los-filosofos-se-han-limitado-a-interpretar-el-mundo-de-diversas\\\/#primaryimage\",\"url\":\"https:\\\/\\\/zapateneo.net\\\/wordpress\\\/wp-content\\\/uploads\\\/2021\\\/04\\\/9788494183225.jpg\",\"contentUrl\":\"https:\\\/\\\/zapateneo.net\\\/wordpress\\\/wp-content\\\/uploads\\\/2021\\\/04\\\/9788494183225.jpg\",\"width\":120,\"height\":154},{\"@type\":\"BreadcrumbList\",\"@id\":\"https:\\\/\\\/zapateneo.net\\\/wordpress\\\/index.php\\\/producto\\\/marx-esencial-los-filosofos-se-han-limitado-a-interpretar-el-mundo-de-diversas\\\/#breadcrumb\",\"itemListElement\":[{\"@type\":\"ListItem\",\"position\":1,\"name\":\"Portada\",\"item\":\"https:\\\/\\\/zapateneo.net\\\/wordpress\\\/\"},{\"@type\":\"ListItem\",\"position\":2,\"name\":\"Tienda\",\"item\":\"https:\\\/\\\/zapateneo.net\\\/wordpress\\\/\"},{\"@type\":\"ListItem\",\"position\":3,\"name\":\"Marx esencial. los filosofos se han limitado a interpretar el mundo de diversas\"}]},{\"@type\":\"WebSite\",\"@id\":\"https:\\\/\\\/zapateneo.net\\\/wordpress\\\/#website\",\"url\":\"https:\\\/\\\/zapateneo.net\\\/wordpress\\\/\",\"name\":\"Zapateneo\",\"description\":\"Zapateneoaren webgunea\",\"publisher\":{\"@id\":\"https:\\\/\\\/zapateneo.net\\\/wordpress\\\/#organization\"},\"potentialAction\":[{\"@type\":\"SearchAction\",\"target\":{\"@type\":\"EntryPoint\",\"urlTemplate\":\"https:\\\/\\\/zapateneo.net\\\/wordpress\\\/?s={search_term_string}\"},\"query-input\":{\"@type\":\"PropertyValueSpecification\",\"valueRequired\":true,\"valueName\":\"search_term_string\"}}],\"inLanguage\":\"es\"},{\"@type\":\"Organization\",\"@id\":\"https:\\\/\\\/zapateneo.net\\\/wordpress\\\/#organization\",\"name\":\"Zapateneo Kultur Elkartea\",\"url\":\"https:\\\/\\\/zapateneo.net\\\/wordpress\\\/\",\"logo\":{\"@type\":\"ImageObject\",\"inLanguage\":\"es\",\"@id\":\"https:\\\/\\\/zapateneo.net\\\/wordpress\\\/#\\\/schema\\\/logo\\\/image\\\/\",\"url\":\"https:\\\/\\\/zapateneo.net\\\/wordpress\\\/wp-content\\\/uploads\\\/2021\\\/04\\\/zap-libu-kolec.jpg\",\"contentUrl\":\"https:\\\/\\\/zapateneo.net\\\/wordpress\\\/wp-content\\\/uploads\\\/2021\\\/04\\\/zap-libu-kolec.jpg\",\"width\":2234,\"height\":398,\"caption\":\"Zapateneo Kultur Elkartea\"},\"image\":{\"@id\":\"https:\\\/\\\/zapateneo.net\\\/wordpress\\\/#\\\/schema\\\/logo\\\/image\\\/\"},\"sameAs\":[\"https:\\\/\\\/x.com\\\/zapateneo\"]}]}<\/script>\n<!-- \/ Yoast SEO plugin. -->","yoast_head_json":{"title":"Marx esencial. los filosofos se han limitado a interpretar el mundo de diversas &#8212; Zapateneo","robots":{"index":"index","follow":"follow","max-snippet":"max-snippet:-1","max-image-preview":"max-image-preview:large","max-video-preview":"max-video-preview:-1"},"canonical":"https:\/\/zapateneo.net\/wordpress\/index.php\/producto\/marx-esencial-los-filosofos-se-han-limitado-a-interpretar-el-mundo-de-diversas\/","og_locale":"es_ES","og_type":"article","og_title":"Marx esencial. los filosofos se han limitado a interpretar el mundo de diversas &#8212; Zapateneo","og_description":"Garcia Noval, Constantino 9788494183225 - Montesinos Ediciones - 2014 - 194 p\u00e1ginas \/orri.","og_url":"https:\/\/zapateneo.net\/wordpress\/index.php\/producto\/marx-esencial-los-filosofos-se-han-limitado-a-interpretar-el-mundo-de-diversas\/","og_site_name":"Zapateneo","article_modified_time":"2021-04-07T13:48:20+00:00","og_image":[{"width":120,"height":154,"url":"https:\/\/zapateneo.net\/wordpress\/wp-content\/uploads\/2021\/04\/9788494183225.jpg","type":"image\/jpeg"}],"twitter_card":"summary_large_image","twitter_site":"@zapateneo","twitter_misc":{"Tiempo de lectura":"2 minutos"},"schema":{"@context":"https:\/\/schema.org","@graph":[{"@type":"WebPage","@id":"https:\/\/zapateneo.net\/wordpress\/index.php\/producto\/marx-esencial-los-filosofos-se-han-limitado-a-interpretar-el-mundo-de-diversas\/","url":"https:\/\/zapateneo.net\/wordpress\/index.php\/producto\/marx-esencial-los-filosofos-se-han-limitado-a-interpretar-el-mundo-de-diversas\/","name":"Marx esencial. los filosofos se han limitado a interpretar el mundo de diversas &#8212; Zapateneo","isPartOf":{"@id":"https:\/\/zapateneo.net\/wordpress\/#website"},"primaryImageOfPage":{"@id":"https:\/\/zapateneo.net\/wordpress\/index.php\/producto\/marx-esencial-los-filosofos-se-han-limitado-a-interpretar-el-mundo-de-diversas\/#primaryimage"},"image":{"@id":"https:\/\/zapateneo.net\/wordpress\/index.php\/producto\/marx-esencial-los-filosofos-se-han-limitado-a-interpretar-el-mundo-de-diversas\/#primaryimage"},"thumbnailUrl":"https:\/\/zapateneo.net\/wordpress\/wp-content\/uploads\/2021\/04\/9788494183225.jpg","datePublished":"2021-04-07T13:48:08+00:00","dateModified":"2021-04-07T13:48:20+00:00","breadcrumb":{"@id":"https:\/\/zapateneo.net\/wordpress\/index.php\/producto\/marx-esencial-los-filosofos-se-han-limitado-a-interpretar-el-mundo-de-diversas\/#breadcrumb"},"inLanguage":"es","potentialAction":[{"@type":"ReadAction","target":["https:\/\/zapateneo.net\/wordpress\/index.php\/producto\/marx-esencial-los-filosofos-se-han-limitado-a-interpretar-el-mundo-de-diversas\/"]}]},{"@type":"ImageObject","inLanguage":"es","@id":"https:\/\/zapateneo.net\/wordpress\/index.php\/producto\/marx-esencial-los-filosofos-se-han-limitado-a-interpretar-el-mundo-de-diversas\/#primaryimage","url":"https:\/\/zapateneo.net\/wordpress\/wp-content\/uploads\/2021\/04\/9788494183225.jpg","contentUrl":"https:\/\/zapateneo.net\/wordpress\/wp-content\/uploads\/2021\/04\/9788494183225.jpg","width":120,"height":154},{"@type":"BreadcrumbList","@id":"https:\/\/zapateneo.net\/wordpress\/index.php\/producto\/marx-esencial-los-filosofos-se-han-limitado-a-interpretar-el-mundo-de-diversas\/#breadcrumb","itemListElement":[{"@type":"ListItem","position":1,"name":"Portada","item":"https:\/\/zapateneo.net\/wordpress\/"},{"@type":"ListItem","position":2,"name":"Tienda","item":"https:\/\/zapateneo.net\/wordpress\/"},{"@type":"ListItem","position":3,"name":"Marx esencial. los filosofos se han limitado a interpretar el mundo de diversas"}]},{"@type":"WebSite","@id":"https:\/\/zapateneo.net\/wordpress\/#website","url":"https:\/\/zapateneo.net\/wordpress\/","name":"Zapateneo","description":"Zapateneoaren webgunea","publisher":{"@id":"https:\/\/zapateneo.net\/wordpress\/#organization"},"potentialAction":[{"@type":"SearchAction","target":{"@type":"EntryPoint","urlTemplate":"https:\/\/zapateneo.net\/wordpress\/?s={search_term_string}"},"query-input":{"@type":"PropertyValueSpecification","valueRequired":true,"valueName":"search_term_string"}}],"inLanguage":"es"},{"@type":"Organization","@id":"https:\/\/zapateneo.net\/wordpress\/#organization","name":"Zapateneo Kultur Elkartea","url":"https:\/\/zapateneo.net\/wordpress\/","logo":{"@type":"ImageObject","inLanguage":"es","@id":"https:\/\/zapateneo.net\/wordpress\/#\/schema\/logo\/image\/","url":"https:\/\/zapateneo.net\/wordpress\/wp-content\/uploads\/2021\/04\/zap-libu-kolec.jpg","contentUrl":"https:\/\/zapateneo.net\/wordpress\/wp-content\/uploads\/2021\/04\/zap-libu-kolec.jpg","width":2234,"height":398,"caption":"Zapateneo Kultur Elkartea"},"image":{"@id":"https:\/\/zapateneo.net\/wordpress\/#\/schema\/logo\/image\/"},"sameAs":["https:\/\/x.com\/zapateneo"]}]}},"_links":{"self":[{"href":"https:\/\/zapateneo.net\/wordpress\/index.php\/wp-json\/wp\/v2\/product\/2263","targetHints":{"allow":["GET"]}}],"collection":[{"href":"https:\/\/zapateneo.net\/wordpress\/index.php\/wp-json\/wp\/v2\/product"}],"about":[{"href":"https:\/\/zapateneo.net\/wordpress\/index.php\/wp-json\/wp\/v2\/types\/product"}],"wp:featuredmedia":[{"embeddable":true,"href":"https:\/\/zapateneo.net\/wordpress\/index.php\/wp-json\/wp\/v2\/media\/2292"}],"wp:attachment":[{"href":"https:\/\/zapateneo.net\/wordpress\/index.php\/wp-json\/wp\/v2\/media?parent=2263"}],"wp:term":[{"taxonomy":"product_brand","embeddable":true,"href":"https:\/\/zapateneo.net\/wordpress\/index.php\/wp-json\/wp\/v2\/product_brand?post=2263"},{"taxonomy":"product_cat","embeddable":true,"href":"https:\/\/zapateneo.net\/wordpress\/index.php\/wp-json\/wp\/v2\/product_cat?post=2263"},{"taxonomy":"product_tag","embeddable":true,"href":"https:\/\/zapateneo.net\/wordpress\/index.php\/wp-json\/wp\/v2\/product_tag?post=2263"}],"curies":[{"name":"wp","href":"https:\/\/api.w.org\/{rel}","templated":true}]}}