{"id":2121,"date":"2021-04-07T12:53:28","date_gmt":"2021-04-07T11:53:28","guid":{"rendered":"https:\/\/zapateneo.net\/wordpress\/?post_type=product&#038;p=2121"},"modified":"2023-04-11T17:56:30","modified_gmt":"2023-04-11T16:56:30","slug":"la-base-material-de-la-nacion-el-concepto-de-nacion-en-marx-y-engels","status":"publish","type":"product","link":"https:\/\/zapateneo.net\/wordpress\/index.php\/producto\/la-base-material-de-la-nacion-el-concepto-de-nacion-en-marx-y-engels\/","title":{"rendered":"La base material de la naci\u00f3n. El concepto de naci\u00f3n en Marx y Engels"},"content":{"rendered":"<p>El marxismo ha venido tratando lo nacional como un \u201cproblema\u201d o \u201ccuesti\u00f3n\u201d, sin desarrollar un concepto propio de naci\u00f3n. Contribuy\u00f3 negativamente a ello la noci\u00f3n simplista de Stalin, descriptiva y cerrada. Imper\u00f3 el inter\u00e9s puramente pol\u00edtico y externo al hecho nacional. En el libro de Carlos Barros, partiendo de la intuici\u00f3n del jud\u00edo bolchevique Ber Borojov sobre el uso del concepto \u201ccondiciones de producci\u00f3n\u201d, profusamente utilizado por Marx y Engels, se investigan todos sus escritos, tanto te\u00f3ricos-metodol\u00f3gicos como period\u00edsticos o cartas, a fin de sacar a la luz la noci\u00f3n subyacente de naci\u00f3n, materialista y dial\u00e9ctica, que informaba sus posicionamientos sobre los hechos nacionales de su tiempo, que les llev\u00f3 a apoyar con entusiasmo al nacionalismo irland\u00e9s y polaco, al tiempo que la unificaci\u00f3n alemana. Combinaron los fundadores con destreza lo material-objetivo (geogr\u00e1fico y econ\u00f3mico) con lo ideal-subjetivo (hist\u00f3rico, pol\u00edtico y cultural), con sus frecuentes y parad\u00f3jicos cruces, partiendo de la divisi\u00f3n hist\u00f3rica de la humanidad en clases y naciones, devolviendo al primer plano explicativo las condiciones econ\u00f3micas, entrelazadas con las condiciones naturales e hist\u00f3ricas, para aprehender la historicidad, la viabilidad y la durabilidad de las naciones.<\/p>\n","protected":false},"excerpt":{"rendered":"<p><strong>Barros, Carlos<\/strong><br \/>\n9788417700607 &#8211; Viejo Topo &#8211; 2020 &#8211; 222 p\u00e1ginas \/orri.<\/p>\n","protected":false},"featured_media":2151,"template":"","meta":[],"product_brand":[],"product_cat":[16,175],"product_tag":[6009,111],"class_list":{"0":"post-2121","1":"product","2":"type-product","3":"status-publish","4":"has-post-thumbnail","6":"product_cat-libros","7":"product_cat-nazio-arazoa-cuestion-nacional","8":"product_tag-carlos-barros","9":"product_tag-el-viejo-topo","11":"first","12":"instock","13":"sold-individually","14":"shipping-taxable","15":"purchasable","16":"product-type-simple"},"yoast_head":"<!-- This site is optimized with the Yoast SEO plugin v27.3 - https:\/\/yoast.com\/product\/yoast-seo-wordpress\/ -->\n<title>La base material de la naci\u00f3n. El concepto de naci\u00f3n en Marx y Engels &#8212; Zapateneo<\/title>\n<meta name=\"robots\" content=\"index, follow, max-snippet:-1, max-image-preview:large, max-video-preview:-1\" \/>\n<link rel=\"canonical\" href=\"https:\/\/zapateneo.net\/wordpress\/index.php\/producto\/la-base-material-de-la-nacion-el-concepto-de-nacion-en-marx-y-engels\/\" \/>\n<meta property=\"og:locale\" content=\"es_ES\" \/>\n<meta property=\"og:type\" content=\"article\" \/>\n<meta property=\"og:title\" content=\"La base material de la naci\u00f3n. El concepto de naci\u00f3n en Marx y Engels &#8212; Zapateneo\" \/>\n<meta property=\"og:description\" content=\"Barros, Carlos 9788417700607 - Viejo Topo - 2020 - 222 p\u00e1ginas \/orri.\" \/>\n<meta property=\"og:url\" content=\"https:\/\/zapateneo.net\/wordpress\/index.php\/producto\/la-base-material-de-la-nacion-el-concepto-de-nacion-en-marx-y-engels\/\" \/>\n<meta property=\"og:site_name\" content=\"Zapateneo\" \/>\n<meta property=\"article:modified_time\" content=\"2023-04-11T16:56:30+00:00\" \/>\n<meta property=\"og:image\" content=\"https:\/\/zapateneo.net\/wordpress\/wp-content\/uploads\/2021\/04\/9788412144345_2.jpeg\" \/>\n\t<meta property=\"og:image:width\" content=\"120\" \/>\n\t<meta property=\"og:image:height\" content=\"173\" \/>\n\t<meta property=\"og:image:type\" content=\"image\/jpeg\" \/>\n<meta name=\"twitter:card\" content=\"summary_large_image\" \/>\n<meta name=\"twitter:site\" content=\"@zapateneo\" \/>\n<meta name=\"twitter:label1\" content=\"Tiempo de lectura\" \/>\n\t<meta name=\"twitter:data1\" content=\"1 minuto\" \/>\n<script type=\"application\/ld+json\" class=\"yoast-schema-graph\">{\"@context\":\"https:\\\/\\\/schema.org\",\"@graph\":[{\"@type\":\"WebPage\",\"@id\":\"https:\\\/\\\/zapateneo.net\\\/wordpress\\\/index.php\\\/producto\\\/la-base-material-de-la-nacion-el-concepto-de-nacion-en-marx-y-engels\\\/\",\"url\":\"https:\\\/\\\/zapateneo.net\\\/wordpress\\\/index.php\\\/producto\\\/la-base-material-de-la-nacion-el-concepto-de-nacion-en-marx-y-engels\\\/\",\"name\":\"La base material de la naci\u00f3n. El concepto de naci\u00f3n en Marx y Engels &#8212; Zapateneo\",\"isPartOf\":{\"@id\":\"https:\\\/\\\/zapateneo.net\\\/wordpress\\\/#website\"},\"primaryImageOfPage\":{\"@id\":\"https:\\\/\\\/zapateneo.net\\\/wordpress\\\/index.php\\\/producto\\\/la-base-material-de-la-nacion-el-concepto-de-nacion-en-marx-y-engels\\\/#primaryimage\"},\"image\":{\"@id\":\"https:\\\/\\\/zapateneo.net\\\/wordpress\\\/index.php\\\/producto\\\/la-base-material-de-la-nacion-el-concepto-de-nacion-en-marx-y-engels\\\/#primaryimage\"},\"thumbnailUrl\":\"https:\\\/\\\/zapateneo.net\\\/wordpress\\\/wp-content\\\/uploads\\\/2021\\\/04\\\/9788412144345_2.jpeg\",\"datePublished\":\"2021-04-07T11:53:28+00:00\",\"dateModified\":\"2023-04-11T16:56:30+00:00\",\"breadcrumb\":{\"@id\":\"https:\\\/\\\/zapateneo.net\\\/wordpress\\\/index.php\\\/producto\\\/la-base-material-de-la-nacion-el-concepto-de-nacion-en-marx-y-engels\\\/#breadcrumb\"},\"inLanguage\":\"es\",\"potentialAction\":[{\"@type\":\"ReadAction\",\"target\":[\"https:\\\/\\\/zapateneo.net\\\/wordpress\\\/index.php\\\/producto\\\/la-base-material-de-la-nacion-el-concepto-de-nacion-en-marx-y-engels\\\/\"]}]},{\"@type\":\"ImageObject\",\"inLanguage\":\"es\",\"@id\":\"https:\\\/\\\/zapateneo.net\\\/wordpress\\\/index.php\\\/producto\\\/la-base-material-de-la-nacion-el-concepto-de-nacion-en-marx-y-engels\\\/#primaryimage\",\"url\":\"https:\\\/\\\/zapateneo.net\\\/wordpress\\\/wp-content\\\/uploads\\\/2021\\\/04\\\/9788412144345_2.jpeg\",\"contentUrl\":\"https:\\\/\\\/zapateneo.net\\\/wordpress\\\/wp-content\\\/uploads\\\/2021\\\/04\\\/9788412144345_2.jpeg\",\"width\":120,\"height\":173},{\"@type\":\"BreadcrumbList\",\"@id\":\"https:\\\/\\\/zapateneo.net\\\/wordpress\\\/index.php\\\/producto\\\/la-base-material-de-la-nacion-el-concepto-de-nacion-en-marx-y-engels\\\/#breadcrumb\",\"itemListElement\":[{\"@type\":\"ListItem\",\"position\":1,\"name\":\"Portada\",\"item\":\"https:\\\/\\\/zapateneo.net\\\/wordpress\\\/\"},{\"@type\":\"ListItem\",\"position\":2,\"name\":\"Tienda\",\"item\":\"https:\\\/\\\/zapateneo.net\\\/wordpress\\\/\"},{\"@type\":\"ListItem\",\"position\":3,\"name\":\"La base material de la naci\u00f3n. El concepto de naci\u00f3n en Marx y Engels\"}]},{\"@type\":\"WebSite\",\"@id\":\"https:\\\/\\\/zapateneo.net\\\/wordpress\\\/#website\",\"url\":\"https:\\\/\\\/zapateneo.net\\\/wordpress\\\/\",\"name\":\"Zapateneo\",\"description\":\"Zapateneoaren webgunea\",\"publisher\":{\"@id\":\"https:\\\/\\\/zapateneo.net\\\/wordpress\\\/#organization\"},\"potentialAction\":[{\"@type\":\"SearchAction\",\"target\":{\"@type\":\"EntryPoint\",\"urlTemplate\":\"https:\\\/\\\/zapateneo.net\\\/wordpress\\\/?s={search_term_string}\"},\"query-input\":{\"@type\":\"PropertyValueSpecification\",\"valueRequired\":true,\"valueName\":\"search_term_string\"}}],\"inLanguage\":\"es\"},{\"@type\":\"Organization\",\"@id\":\"https:\\\/\\\/zapateneo.net\\\/wordpress\\\/#organization\",\"name\":\"Zapateneo Kultur Elkartea\",\"url\":\"https:\\\/\\\/zapateneo.net\\\/wordpress\\\/\",\"logo\":{\"@type\":\"ImageObject\",\"inLanguage\":\"es\",\"@id\":\"https:\\\/\\\/zapateneo.net\\\/wordpress\\\/#\\\/schema\\\/logo\\\/image\\\/\",\"url\":\"https:\\\/\\\/zapateneo.net\\\/wordpress\\\/wp-content\\\/uploads\\\/2021\\\/04\\\/zap-libu-kolec.jpg\",\"contentUrl\":\"https:\\\/\\\/zapateneo.net\\\/wordpress\\\/wp-content\\\/uploads\\\/2021\\\/04\\\/zap-libu-kolec.jpg\",\"width\":2234,\"height\":398,\"caption\":\"Zapateneo Kultur Elkartea\"},\"image\":{\"@id\":\"https:\\\/\\\/zapateneo.net\\\/wordpress\\\/#\\\/schema\\\/logo\\\/image\\\/\"},\"sameAs\":[\"https:\\\/\\\/x.com\\\/zapateneo\"]}]}<\/script>\n<!-- \/ Yoast SEO plugin. -->","yoast_head_json":{"title":"La base material de la naci\u00f3n. El concepto de naci\u00f3n en Marx y Engels &#8212; Zapateneo","robots":{"index":"index","follow":"follow","max-snippet":"max-snippet:-1","max-image-preview":"max-image-preview:large","max-video-preview":"max-video-preview:-1"},"canonical":"https:\/\/zapateneo.net\/wordpress\/index.php\/producto\/la-base-material-de-la-nacion-el-concepto-de-nacion-en-marx-y-engels\/","og_locale":"es_ES","og_type":"article","og_title":"La base material de la naci\u00f3n. El concepto de naci\u00f3n en Marx y Engels &#8212; Zapateneo","og_description":"Barros, Carlos 9788417700607 - Viejo Topo - 2020 - 222 p\u00e1ginas \/orri.","og_url":"https:\/\/zapateneo.net\/wordpress\/index.php\/producto\/la-base-material-de-la-nacion-el-concepto-de-nacion-en-marx-y-engels\/","og_site_name":"Zapateneo","article_modified_time":"2023-04-11T16:56:30+00:00","og_image":[{"width":120,"height":173,"url":"https:\/\/zapateneo.net\/wordpress\/wp-content\/uploads\/2021\/04\/9788412144345_2.jpeg","type":"image\/jpeg"}],"twitter_card":"summary_large_image","twitter_site":"@zapateneo","twitter_misc":{"Tiempo de lectura":"1 minuto"},"schema":{"@context":"https:\/\/schema.org","@graph":[{"@type":"WebPage","@id":"https:\/\/zapateneo.net\/wordpress\/index.php\/producto\/la-base-material-de-la-nacion-el-concepto-de-nacion-en-marx-y-engels\/","url":"https:\/\/zapateneo.net\/wordpress\/index.php\/producto\/la-base-material-de-la-nacion-el-concepto-de-nacion-en-marx-y-engels\/","name":"La base material de la naci\u00f3n. El concepto de naci\u00f3n en Marx y Engels &#8212; Zapateneo","isPartOf":{"@id":"https:\/\/zapateneo.net\/wordpress\/#website"},"primaryImageOfPage":{"@id":"https:\/\/zapateneo.net\/wordpress\/index.php\/producto\/la-base-material-de-la-nacion-el-concepto-de-nacion-en-marx-y-engels\/#primaryimage"},"image":{"@id":"https:\/\/zapateneo.net\/wordpress\/index.php\/producto\/la-base-material-de-la-nacion-el-concepto-de-nacion-en-marx-y-engels\/#primaryimage"},"thumbnailUrl":"https:\/\/zapateneo.net\/wordpress\/wp-content\/uploads\/2021\/04\/9788412144345_2.jpeg","datePublished":"2021-04-07T11:53:28+00:00","dateModified":"2023-04-11T16:56:30+00:00","breadcrumb":{"@id":"https:\/\/zapateneo.net\/wordpress\/index.php\/producto\/la-base-material-de-la-nacion-el-concepto-de-nacion-en-marx-y-engels\/#breadcrumb"},"inLanguage":"es","potentialAction":[{"@type":"ReadAction","target":["https:\/\/zapateneo.net\/wordpress\/index.php\/producto\/la-base-material-de-la-nacion-el-concepto-de-nacion-en-marx-y-engels\/"]}]},{"@type":"ImageObject","inLanguage":"es","@id":"https:\/\/zapateneo.net\/wordpress\/index.php\/producto\/la-base-material-de-la-nacion-el-concepto-de-nacion-en-marx-y-engels\/#primaryimage","url":"https:\/\/zapateneo.net\/wordpress\/wp-content\/uploads\/2021\/04\/9788412144345_2.jpeg","contentUrl":"https:\/\/zapateneo.net\/wordpress\/wp-content\/uploads\/2021\/04\/9788412144345_2.jpeg","width":120,"height":173},{"@type":"BreadcrumbList","@id":"https:\/\/zapateneo.net\/wordpress\/index.php\/producto\/la-base-material-de-la-nacion-el-concepto-de-nacion-en-marx-y-engels\/#breadcrumb","itemListElement":[{"@type":"ListItem","position":1,"name":"Portada","item":"https:\/\/zapateneo.net\/wordpress\/"},{"@type":"ListItem","position":2,"name":"Tienda","item":"https:\/\/zapateneo.net\/wordpress\/"},{"@type":"ListItem","position":3,"name":"La base material de la naci\u00f3n. El concepto de naci\u00f3n en Marx y Engels"}]},{"@type":"WebSite","@id":"https:\/\/zapateneo.net\/wordpress\/#website","url":"https:\/\/zapateneo.net\/wordpress\/","name":"Zapateneo","description":"Zapateneoaren webgunea","publisher":{"@id":"https:\/\/zapateneo.net\/wordpress\/#organization"},"potentialAction":[{"@type":"SearchAction","target":{"@type":"EntryPoint","urlTemplate":"https:\/\/zapateneo.net\/wordpress\/?s={search_term_string}"},"query-input":{"@type":"PropertyValueSpecification","valueRequired":true,"valueName":"search_term_string"}}],"inLanguage":"es"},{"@type":"Organization","@id":"https:\/\/zapateneo.net\/wordpress\/#organization","name":"Zapateneo Kultur Elkartea","url":"https:\/\/zapateneo.net\/wordpress\/","logo":{"@type":"ImageObject","inLanguage":"es","@id":"https:\/\/zapateneo.net\/wordpress\/#\/schema\/logo\/image\/","url":"https:\/\/zapateneo.net\/wordpress\/wp-content\/uploads\/2021\/04\/zap-libu-kolec.jpg","contentUrl":"https:\/\/zapateneo.net\/wordpress\/wp-content\/uploads\/2021\/04\/zap-libu-kolec.jpg","width":2234,"height":398,"caption":"Zapateneo Kultur Elkartea"},"image":{"@id":"https:\/\/zapateneo.net\/wordpress\/#\/schema\/logo\/image\/"},"sameAs":["https:\/\/x.com\/zapateneo"]}]}},"_links":{"self":[{"href":"https:\/\/zapateneo.net\/wordpress\/index.php\/wp-json\/wp\/v2\/product\/2121","targetHints":{"allow":["GET"]}}],"collection":[{"href":"https:\/\/zapateneo.net\/wordpress\/index.php\/wp-json\/wp\/v2\/product"}],"about":[{"href":"https:\/\/zapateneo.net\/wordpress\/index.php\/wp-json\/wp\/v2\/types\/product"}],"wp:featuredmedia":[{"embeddable":true,"href":"https:\/\/zapateneo.net\/wordpress\/index.php\/wp-json\/wp\/v2\/media\/2151"}],"wp:attachment":[{"href":"https:\/\/zapateneo.net\/wordpress\/index.php\/wp-json\/wp\/v2\/media?parent=2121"}],"wp:term":[{"taxonomy":"product_brand","embeddable":true,"href":"https:\/\/zapateneo.net\/wordpress\/index.php\/wp-json\/wp\/v2\/product_brand?post=2121"},{"taxonomy":"product_cat","embeddable":true,"href":"https:\/\/zapateneo.net\/wordpress\/index.php\/wp-json\/wp\/v2\/product_cat?post=2121"},{"taxonomy":"product_tag","embeddable":true,"href":"https:\/\/zapateneo.net\/wordpress\/index.php\/wp-json\/wp\/v2\/product_tag?post=2121"}],"curies":[{"name":"wp","href":"https:\/\/api.w.org\/{rel}","templated":true}]}}