{"id":2076,"date":"2021-04-07T09:37:32","date_gmt":"2021-04-07T08:37:32","guid":{"rendered":"https:\/\/zapateneo.net\/wordpress\/?post_type=product&#038;p=2076"},"modified":"2024-07-19T16:54:32","modified_gmt":"2024-07-19T15:54:32","slug":"rosa-chacel","status":"publish","type":"product","link":"https:\/\/zapateneo.net\/wordpress\/index.php\/producto\/rosa-chacel\/","title":{"rendered":"ROSA CHACEL"},"content":{"rendered":"<p class=\"biog\">(Rosa Chacel Arim\u00f3n; Valladolid, 1898 &#8211; Madrid, 1994) Escritora espa\u00f1ola cuya obra se inscribe dentro de las tendencias vanguardistas surgidas en la d\u00e9cada de los a\u00f1os treinta. Vinculada inicialmente al grupo de la <em>Revista de Occidente<\/em> dirigida por el fil\u00f3sofo J. Ortega y Gasset, se dio a conocer como novelista en 1930 con <em>Estaci\u00f3n, ida y vuelta<\/em>, cuya forma y estilo la aproximaron a un tipo de objetivismo descriptivo, que a\u00f1os m\u00e1s tarde defini\u00f3 el llamado <em>nouveau roman<\/em>.<\/p>\n<p class=\"biog\">Por ese entonces ya hab\u00eda pasado varios a\u00f1os en Italia estudiando arte, lo que sin duda influy\u00f3 en su gusto por el detalle del espacio dentro del cual se mueven sus personajes. Tras la publicaci\u00f3n en 1936 del libro de sonetos <em>A la orilla de un pozo<\/em>, la guerra civil la llev\u00f3 a exiliarse en Buenos Aires.<\/p>\n<p class=\"biog\">En esa ciudad public\u00f3 en 1941 <em>Teresa<\/em>, novela inspirada en la amante del poeta rom\u00e1ntico J. de Espronceda, quien la retrat\u00f3 en su \u00abCanto a Teresa\u00bb. Iniciado en 1930 e influido por las vicisitudes del exilio, este libro recrea las miserias de la sociedad y describe sin concesiones \u00abel aullido nocturno del romanticismo\u00bb, como la misma autora afirma, haciendo de Teresa el arquetipo \u00abdel subsuelo rom\u00e1ntico: endiosamiento, aventura, riesgo, crueldad, ambici\u00f3n y, sobre todo, imaginaci\u00f3n entroncada con la realidad, lejos de la literatura y del brillo social\u00bb. El edificio narrativo se fundamenta por un lado en una s\u00f3lida prosa descriptiva y por otro en una cuidada composici\u00f3n psicol\u00f3gica de los personajes, con la que respond\u00eda a la m\u00e1xima ortegueana de inventar \u00abalmas interesantes\u00bb antes que acciones.<\/p>\n<p class=\"biog\">Como se aprecia en sus novelas biogr\u00e1ficas o autobiogr\u00e1ficas posteriores, como <em>Memorias de Leticia Valle<\/em> (1946), Rosa Chacel utiliz\u00f3 como herramientas narrativas el retrato del protagonista y lo perfil\u00f3 a partir de un elemento que defin\u00eda toda su trayectoria vital, como el \u00abesp\u00edritu brav\u00edo t\u00edpicamente espa\u00f1ol\u00bb; la s\u00edntesis entre lo biogr\u00e1fico y el entorno espacial e hist\u00f3rico, y, lo que es m\u00e1s interesante en su caso, la perspectiva desde la cual observ\u00f3 la autora ese entorno. Esta actitud, los cambios que experimentaron las sociedades espa\u00f1ola y europea merced a los grandes conflictos b\u00e9licos y a la partici\u00f3n ideol\u00f3gica del mundo, y la influencia de una Am\u00e9rica \u00abde historia decantada\u00bb y vital, se observan en su larga novela <em>La sinraz\u00f3n<\/em> (1960).<\/p>\n<p class=\"biog\">Casi desconocida durante muchos a\u00f1os, debido a su situaci\u00f3n de exiliada y a las mediocres condiciones de la vida cultural espa\u00f1ola, el tard\u00edo reconocimiento le lleg\u00f3 en plena vejez creadora: magn\u00edficos frutos literarios de un complejo tejido memorial\u00edstico, ensay\u00edstico y fabulador. Mencionemos los t\u00edtulos: <em>Icada, Nevda, Diada<\/em> (1971), libro de relatos, y <em>Novelas antes de tiempo<\/em> (1980); los ensayos <em>La confesi\u00f3n<\/em> (1971), <em>Saturnal<\/em> (1972) y <em>Los t\u00edtulos<\/em> (1981); el libro autobiogr\u00e1fico <em>Desde el amanecer<\/em> (1972), relativo a sus primeros diez a\u00f1os; la biograf\u00eda de su marido, el pintor <em>Timoteo P\u00e9rez Rubio y sus relatos del jard\u00edn<\/em> (1980); el diario personal <em>Alcanc\u00eda. Ida y vuelta<\/em> (dos tomos 1982), muestra elocuente de su autoexigencia y de su curiosidad intelectual; y una trilog\u00eda novelesca centrada en la vida de dos mujeres, compuesta por <em>Barrio de Maravillas<\/em>, de 1975, con el relato de la infancia en Madrid hasta 1914, <em>Acr\u00f3polis<\/em> (1984), hasta la guerra civil, y <em>Ciencias naturales<\/em> (1988), que transcurre en el exilio.<\/p>\n<p class=\"biog\">En 1987 le fue concedido el premio de las Letras Espa\u00f1olas. Entre sus \u00faltimas obras destacan la recopilaci\u00f3n de art\u00edculos de cr\u00edtica literaria <em>Reba\u00f1aduras<\/em> (1987) y la de art\u00edculos publicados entre 1946 y 1985, <em>La lectura es secreto<\/em> (1989), <em>Balaam y otros cuentos<\/em> (1989) y la antolog\u00eda <em>Poes\u00eda (1931-1991)<\/em> (1992), que recoge los libros de versos <em>A la orilla de un pozo<\/em> y <em>Versos prohibidos<\/em> (1978), as\u00ed como los poemas publicados en diversas revistas. Entre 1989 y 1993 aparecieron los cuatro vol\u00famenes de sus <em>Obras completas<\/em>. Recibi\u00f3 el t\u00edtulo de doctora \u00abHonoris Causa\u00bb por la Universidad de Valladolid en 1989, y cuatro a\u00f1os despu\u00e9s se le otorg\u00f3 la Medalla de Oro al M\u00e9rito en Bellas Artes.<\/p>\n","protected":false},"excerpt":{"rendered":"<p><strong>CORA REQUENA HIDALGO<\/strong><br \/>\n2010011800078 &#8211; DEL ORTO &#8211; 2002 &#8211; 96 p\u00e1ginas \/orri.<\/p>\n","protected":false},"featured_media":2114,"template":"","meta":[],"product_brand":[],"product_cat":[174,16],"product_tag":[1583,1510],"class_list":{"0":"post-2076","1":"product","2":"type-product","3":"status-publish","4":"has-post-thumbnail","6":"product_cat-generoak-generos","7":"product_cat-libros","8":"product_tag-cora-requena-hidalgo","9":"product_tag-del-orto","11":"first","12":"outofstock","13":"sold-individually","14":"shipping-taxable","15":"purchasable","16":"product-type-simple"},"yoast_head":"<!-- This site is optimized with the Yoast SEO plugin v27.3 - https:\/\/yoast.com\/product\/yoast-seo-wordpress\/ -->\n<title>ROSA CHACEL &#8212; Zapateneo<\/title>\n<meta name=\"robots\" content=\"index, follow, max-snippet:-1, max-image-preview:large, max-video-preview:-1\" \/>\n<link rel=\"canonical\" href=\"https:\/\/zapateneo.net\/wordpress\/index.php\/producto\/rosa-chacel\/\" \/>\n<meta property=\"og:locale\" content=\"es_ES\" \/>\n<meta property=\"og:type\" content=\"article\" \/>\n<meta property=\"og:title\" content=\"ROSA CHACEL &#8212; Zapateneo\" \/>\n<meta property=\"og:description\" content=\"CORA REQUENA HIDALGO 2010011800078 - DEL ORTO - 2002 - 96 p\u00e1ginas \/orri.\" \/>\n<meta property=\"og:url\" content=\"https:\/\/zapateneo.net\/wordpress\/index.php\/producto\/rosa-chacel\/\" \/>\n<meta property=\"og:site_name\" content=\"Zapateneo\" \/>\n<meta property=\"article:modified_time\" content=\"2024-07-19T15:54:32+00:00\" \/>\n<meta property=\"og:image\" content=\"https:\/\/zapateneo.net\/wordpress\/wp-content\/uploads\/2021\/04\/1329.gif\" \/>\n\t<meta property=\"og:image:width\" content=\"250\" \/>\n\t<meta property=\"og:image:height\" content=\"395\" \/>\n\t<meta property=\"og:image:type\" content=\"image\/gif\" \/>\n<meta name=\"twitter:card\" content=\"summary_large_image\" \/>\n<meta name=\"twitter:site\" content=\"@zapateneo\" \/>\n<meta name=\"twitter:label1\" content=\"Tiempo de lectura\" \/>\n\t<meta name=\"twitter:data1\" content=\"3 minutos\" \/>\n<script type=\"application\/ld+json\" class=\"yoast-schema-graph\">{\"@context\":\"https:\\\/\\\/schema.org\",\"@graph\":[{\"@type\":\"WebPage\",\"@id\":\"https:\\\/\\\/zapateneo.net\\\/wordpress\\\/index.php\\\/producto\\\/rosa-chacel\\\/\",\"url\":\"https:\\\/\\\/zapateneo.net\\\/wordpress\\\/index.php\\\/producto\\\/rosa-chacel\\\/\",\"name\":\"ROSA CHACEL &#8212; Zapateneo\",\"isPartOf\":{\"@id\":\"https:\\\/\\\/zapateneo.net\\\/wordpress\\\/#website\"},\"primaryImageOfPage\":{\"@id\":\"https:\\\/\\\/zapateneo.net\\\/wordpress\\\/index.php\\\/producto\\\/rosa-chacel\\\/#primaryimage\"},\"image\":{\"@id\":\"https:\\\/\\\/zapateneo.net\\\/wordpress\\\/index.php\\\/producto\\\/rosa-chacel\\\/#primaryimage\"},\"thumbnailUrl\":\"https:\\\/\\\/zapateneo.net\\\/wordpress\\\/wp-content\\\/uploads\\\/2021\\\/04\\\/1329.gif\",\"datePublished\":\"2021-04-07T08:37:32+00:00\",\"dateModified\":\"2024-07-19T15:54:32+00:00\",\"breadcrumb\":{\"@id\":\"https:\\\/\\\/zapateneo.net\\\/wordpress\\\/index.php\\\/producto\\\/rosa-chacel\\\/#breadcrumb\"},\"inLanguage\":\"es\",\"potentialAction\":[{\"@type\":\"ReadAction\",\"target\":[\"https:\\\/\\\/zapateneo.net\\\/wordpress\\\/index.php\\\/producto\\\/rosa-chacel\\\/\"]}]},{\"@type\":\"ImageObject\",\"inLanguage\":\"es\",\"@id\":\"https:\\\/\\\/zapateneo.net\\\/wordpress\\\/index.php\\\/producto\\\/rosa-chacel\\\/#primaryimage\",\"url\":\"https:\\\/\\\/zapateneo.net\\\/wordpress\\\/wp-content\\\/uploads\\\/2021\\\/04\\\/1329.gif\",\"contentUrl\":\"https:\\\/\\\/zapateneo.net\\\/wordpress\\\/wp-content\\\/uploads\\\/2021\\\/04\\\/1329.gif\",\"width\":250,\"height\":395},{\"@type\":\"BreadcrumbList\",\"@id\":\"https:\\\/\\\/zapateneo.net\\\/wordpress\\\/index.php\\\/producto\\\/rosa-chacel\\\/#breadcrumb\",\"itemListElement\":[{\"@type\":\"ListItem\",\"position\":1,\"name\":\"Portada\",\"item\":\"https:\\\/\\\/zapateneo.net\\\/wordpress\\\/\"},{\"@type\":\"ListItem\",\"position\":2,\"name\":\"Tienda\",\"item\":\"https:\\\/\\\/zapateneo.net\\\/wordpress\\\/\"},{\"@type\":\"ListItem\",\"position\":3,\"name\":\"ROSA CHACEL\"}]},{\"@type\":\"WebSite\",\"@id\":\"https:\\\/\\\/zapateneo.net\\\/wordpress\\\/#website\",\"url\":\"https:\\\/\\\/zapateneo.net\\\/wordpress\\\/\",\"name\":\"Zapateneo\",\"description\":\"Zapateneoaren webgunea\",\"publisher\":{\"@id\":\"https:\\\/\\\/zapateneo.net\\\/wordpress\\\/#organization\"},\"potentialAction\":[{\"@type\":\"SearchAction\",\"target\":{\"@type\":\"EntryPoint\",\"urlTemplate\":\"https:\\\/\\\/zapateneo.net\\\/wordpress\\\/?s={search_term_string}\"},\"query-input\":{\"@type\":\"PropertyValueSpecification\",\"valueRequired\":true,\"valueName\":\"search_term_string\"}}],\"inLanguage\":\"es\"},{\"@type\":\"Organization\",\"@id\":\"https:\\\/\\\/zapateneo.net\\\/wordpress\\\/#organization\",\"name\":\"Zapateneo Kultur Elkartea\",\"url\":\"https:\\\/\\\/zapateneo.net\\\/wordpress\\\/\",\"logo\":{\"@type\":\"ImageObject\",\"inLanguage\":\"es\",\"@id\":\"https:\\\/\\\/zapateneo.net\\\/wordpress\\\/#\\\/schema\\\/logo\\\/image\\\/\",\"url\":\"https:\\\/\\\/zapateneo.net\\\/wordpress\\\/wp-content\\\/uploads\\\/2021\\\/04\\\/zap-libu-kolec.jpg\",\"contentUrl\":\"https:\\\/\\\/zapateneo.net\\\/wordpress\\\/wp-content\\\/uploads\\\/2021\\\/04\\\/zap-libu-kolec.jpg\",\"width\":2234,\"height\":398,\"caption\":\"Zapateneo Kultur Elkartea\"},\"image\":{\"@id\":\"https:\\\/\\\/zapateneo.net\\\/wordpress\\\/#\\\/schema\\\/logo\\\/image\\\/\"},\"sameAs\":[\"https:\\\/\\\/x.com\\\/zapateneo\"]}]}<\/script>\n<!-- \/ Yoast SEO plugin. -->","yoast_head_json":{"title":"ROSA CHACEL &#8212; Zapateneo","robots":{"index":"index","follow":"follow","max-snippet":"max-snippet:-1","max-image-preview":"max-image-preview:large","max-video-preview":"max-video-preview:-1"},"canonical":"https:\/\/zapateneo.net\/wordpress\/index.php\/producto\/rosa-chacel\/","og_locale":"es_ES","og_type":"article","og_title":"ROSA CHACEL &#8212; Zapateneo","og_description":"CORA REQUENA HIDALGO 2010011800078 - DEL ORTO - 2002 - 96 p\u00e1ginas \/orri.","og_url":"https:\/\/zapateneo.net\/wordpress\/index.php\/producto\/rosa-chacel\/","og_site_name":"Zapateneo","article_modified_time":"2024-07-19T15:54:32+00:00","og_image":[{"width":250,"height":395,"url":"https:\/\/zapateneo.net\/wordpress\/wp-content\/uploads\/2021\/04\/1329.gif","type":"image\/gif"}],"twitter_card":"summary_large_image","twitter_site":"@zapateneo","twitter_misc":{"Tiempo de lectura":"3 minutos"},"schema":{"@context":"https:\/\/schema.org","@graph":[{"@type":"WebPage","@id":"https:\/\/zapateneo.net\/wordpress\/index.php\/producto\/rosa-chacel\/","url":"https:\/\/zapateneo.net\/wordpress\/index.php\/producto\/rosa-chacel\/","name":"ROSA CHACEL &#8212; Zapateneo","isPartOf":{"@id":"https:\/\/zapateneo.net\/wordpress\/#website"},"primaryImageOfPage":{"@id":"https:\/\/zapateneo.net\/wordpress\/index.php\/producto\/rosa-chacel\/#primaryimage"},"image":{"@id":"https:\/\/zapateneo.net\/wordpress\/index.php\/producto\/rosa-chacel\/#primaryimage"},"thumbnailUrl":"https:\/\/zapateneo.net\/wordpress\/wp-content\/uploads\/2021\/04\/1329.gif","datePublished":"2021-04-07T08:37:32+00:00","dateModified":"2024-07-19T15:54:32+00:00","breadcrumb":{"@id":"https:\/\/zapateneo.net\/wordpress\/index.php\/producto\/rosa-chacel\/#breadcrumb"},"inLanguage":"es","potentialAction":[{"@type":"ReadAction","target":["https:\/\/zapateneo.net\/wordpress\/index.php\/producto\/rosa-chacel\/"]}]},{"@type":"ImageObject","inLanguage":"es","@id":"https:\/\/zapateneo.net\/wordpress\/index.php\/producto\/rosa-chacel\/#primaryimage","url":"https:\/\/zapateneo.net\/wordpress\/wp-content\/uploads\/2021\/04\/1329.gif","contentUrl":"https:\/\/zapateneo.net\/wordpress\/wp-content\/uploads\/2021\/04\/1329.gif","width":250,"height":395},{"@type":"BreadcrumbList","@id":"https:\/\/zapateneo.net\/wordpress\/index.php\/producto\/rosa-chacel\/#breadcrumb","itemListElement":[{"@type":"ListItem","position":1,"name":"Portada","item":"https:\/\/zapateneo.net\/wordpress\/"},{"@type":"ListItem","position":2,"name":"Tienda","item":"https:\/\/zapateneo.net\/wordpress\/"},{"@type":"ListItem","position":3,"name":"ROSA CHACEL"}]},{"@type":"WebSite","@id":"https:\/\/zapateneo.net\/wordpress\/#website","url":"https:\/\/zapateneo.net\/wordpress\/","name":"Zapateneo","description":"Zapateneoaren webgunea","publisher":{"@id":"https:\/\/zapateneo.net\/wordpress\/#organization"},"potentialAction":[{"@type":"SearchAction","target":{"@type":"EntryPoint","urlTemplate":"https:\/\/zapateneo.net\/wordpress\/?s={search_term_string}"},"query-input":{"@type":"PropertyValueSpecification","valueRequired":true,"valueName":"search_term_string"}}],"inLanguage":"es"},{"@type":"Organization","@id":"https:\/\/zapateneo.net\/wordpress\/#organization","name":"Zapateneo Kultur Elkartea","url":"https:\/\/zapateneo.net\/wordpress\/","logo":{"@type":"ImageObject","inLanguage":"es","@id":"https:\/\/zapateneo.net\/wordpress\/#\/schema\/logo\/image\/","url":"https:\/\/zapateneo.net\/wordpress\/wp-content\/uploads\/2021\/04\/zap-libu-kolec.jpg","contentUrl":"https:\/\/zapateneo.net\/wordpress\/wp-content\/uploads\/2021\/04\/zap-libu-kolec.jpg","width":2234,"height":398,"caption":"Zapateneo Kultur Elkartea"},"image":{"@id":"https:\/\/zapateneo.net\/wordpress\/#\/schema\/logo\/image\/"},"sameAs":["https:\/\/x.com\/zapateneo"]}]}},"_links":{"self":[{"href":"https:\/\/zapateneo.net\/wordpress\/index.php\/wp-json\/wp\/v2\/product\/2076","targetHints":{"allow":["GET"]}}],"collection":[{"href":"https:\/\/zapateneo.net\/wordpress\/index.php\/wp-json\/wp\/v2\/product"}],"about":[{"href":"https:\/\/zapateneo.net\/wordpress\/index.php\/wp-json\/wp\/v2\/types\/product"}],"wp:featuredmedia":[{"embeddable":true,"href":"https:\/\/zapateneo.net\/wordpress\/index.php\/wp-json\/wp\/v2\/media\/2114"}],"wp:attachment":[{"href":"https:\/\/zapateneo.net\/wordpress\/index.php\/wp-json\/wp\/v2\/media?parent=2076"}],"wp:term":[{"taxonomy":"product_brand","embeddable":true,"href":"https:\/\/zapateneo.net\/wordpress\/index.php\/wp-json\/wp\/v2\/product_brand?post=2076"},{"taxonomy":"product_cat","embeddable":true,"href":"https:\/\/zapateneo.net\/wordpress\/index.php\/wp-json\/wp\/v2\/product_cat?post=2076"},{"taxonomy":"product_tag","embeddable":true,"href":"https:\/\/zapateneo.net\/wordpress\/index.php\/wp-json\/wp\/v2\/product_tag?post=2076"}],"curies":[{"name":"wp","href":"https:\/\/api.w.org\/{rel}","templated":true}]}}