{"id":1933,"date":"2021-04-07T09:35:40","date_gmt":"2021-04-07T08:35:40","guid":{"rendered":"https:\/\/zapateneo.net\/wordpress\/?post_type=product&#038;p=1933"},"modified":"2021-04-07T09:36:14","modified_gmt":"2021-04-07T08:36:14","slug":"solo-dos-la-medicina-ante-la-ficcion-politica-del-binarismo-sexo-genero","status":"publish","type":"product","link":"https:\/\/zapateneo.net\/wordpress\/index.php\/producto\/solo-dos-la-medicina-ante-la-ficcion-politica-del-binarismo-sexo-genero\/","title":{"rendered":"\u00bfS\u00f3lo dos? La medicina ante la ficci\u00f3n pol\u00ed\u00adtica del binarismo sexo-g\u00e9nero"},"content":{"rendered":"<p>\u00abEl camino que nos disponemos a iniciar est\u00e1 plagado de cambios en los diagn\u00f3sticos y en las expectativas sociales en relaci\u00f3n con los sexos; marcado por una reescritura constante de la interrelaci\u00f3n entre las instituciones, los cuerpos, los sexos de las personas, lo que ahora llamamos g\u00e9nero y las orientaciones del deseo. Reescrituras que buscaban, a su vez, imponer el marco masculino\/femenino a los cuerpos disidentes. Pero, \u00bfbajo qu\u00e9 criterios m\u00e9dicos se han estado dibujando las difusas fronteras que definen y delimitan este binomio? Y m\u00e1s importante a\u00fan, \u00bfpor qu\u00e9 lleg\u00f3 un momento en el que fueron necesarios?, \u00bfa qu\u00e9 orden social responden?\u00bb<\/p>\n<p>\u00bfS\u00f3lo dos? analiza el modelo de atenci\u00f3n sanitaria a las personas trans m\u00e1s extendido en el Estado, las Unidades de Trastornos de Identidad de G\u00e9nero, cuyo enfoque es tr\u00e1nsfobo y paternalista. Tambi\u00e9n indaga en las nuevas propuestas de Tr\u00e0nsit, el Proceso Asistencial Integrado y las UAT, servicios de atenci\u00f3n integral respetuosos con la diversidad sexual y de g\u00e9nero creados a partir de las cr\u00edticas de activistas trans a los anteriores modelos.<\/p>\n<p>Para ello, se entretejen los relatos de varias personas trans con el an\u00e1lisis de las pr\u00e1cticas y los discursos m\u00e9dicos sobre las realidades sexuales antinormativas, entre ellas la intersexualidad.<\/p>\n<p>\u00abHablemos de hormonas. Hablemos de genotipos. Hablemos de diversidad. De esa diversidad a la que se le contrapone una \u00abnormalidad\u00bb que a menudo llamamos \u00abrealidad biol\u00f3gica\u00bb. Por eso me parece tan acertado recalcar la \u00abficci\u00f3n del binarismo\u00bb. Porque la ficci\u00f3n se contrapone a la realidad, disfrazada de naturaleza.\u00bb [del pr\u00f3logo de la santamari(c)a]<\/p>\n","protected":false},"excerpt":{"rendered":"<p><strong>Abi\u00e9tar, Daniel<\/strong><br \/>\n9788494457289 &#8211; Cambalache &#8211; 2019 &#8211; 125 p\u00e1ginas \/orri.<\/p>\n","protected":false},"featured_media":1981,"template":"","meta":[],"product_brand":[],"product_cat":[174,16],"product_tag":[1497,50],"class_list":{"0":"post-1933","1":"product","2":"type-product","3":"status-publish","4":"has-post-thumbnail","6":"product_cat-generoak-generos","7":"product_cat-libros","8":"product_tag-abietar","9":"product_tag-cambalache","11":"first","12":"instock","13":"sold-individually","14":"shipping-taxable","15":"purchasable","16":"product-type-simple"},"yoast_head":"<!-- This site is optimized with the Yoast SEO plugin v27.3 - https:\/\/yoast.com\/product\/yoast-seo-wordpress\/ -->\n<title>\u00bfS\u00f3lo dos? La medicina ante la ficci\u00f3n pol\u00ed\u00adtica del binarismo sexo-g\u00e9nero &#8212; Zapateneo<\/title>\n<meta name=\"robots\" content=\"index, follow, max-snippet:-1, max-image-preview:large, max-video-preview:-1\" \/>\n<link rel=\"canonical\" href=\"https:\/\/zapateneo.net\/wordpress\/index.php\/producto\/solo-dos-la-medicina-ante-la-ficcion-politica-del-binarismo-sexo-genero\/\" \/>\n<meta property=\"og:locale\" content=\"es_ES\" \/>\n<meta property=\"og:type\" content=\"article\" \/>\n<meta property=\"og:title\" content=\"\u00bfS\u00f3lo dos? La medicina ante la ficci\u00f3n pol\u00ed\u00adtica del binarismo sexo-g\u00e9nero &#8212; Zapateneo\" \/>\n<meta property=\"og:description\" content=\"Abi\u00e9tar, Daniel 9788494457289 - Cambalache - 2019 - 125 p\u00e1ginas \/orri.\" \/>\n<meta property=\"og:url\" content=\"https:\/\/zapateneo.net\/wordpress\/index.php\/producto\/solo-dos-la-medicina-ante-la-ficcion-politica-del-binarismo-sexo-genero\/\" \/>\n<meta property=\"og:site_name\" content=\"Zapateneo\" \/>\n<meta property=\"article:modified_time\" content=\"2021-04-07T08:36:14+00:00\" \/>\n<meta property=\"og:image\" content=\"https:\/\/zapateneo.net\/wordpress\/wp-content\/uploads\/2021\/04\/solo-dos.png\" \/>\n\t<meta property=\"og:image:width\" content=\"287\" \/>\n\t<meta property=\"og:image:height\" content=\"400\" \/>\n\t<meta property=\"og:image:type\" content=\"image\/png\" \/>\n<meta name=\"twitter:card\" content=\"summary_large_image\" \/>\n<meta name=\"twitter:site\" content=\"@zapateneo\" \/>\n<meta name=\"twitter:label1\" content=\"Tiempo de lectura\" \/>\n\t<meta name=\"twitter:data1\" content=\"1 minuto\" \/>\n<script type=\"application\/ld+json\" class=\"yoast-schema-graph\">{\"@context\":\"https:\\\/\\\/schema.org\",\"@graph\":[{\"@type\":\"WebPage\",\"@id\":\"https:\\\/\\\/zapateneo.net\\\/wordpress\\\/index.php\\\/producto\\\/solo-dos-la-medicina-ante-la-ficcion-politica-del-binarismo-sexo-genero\\\/\",\"url\":\"https:\\\/\\\/zapateneo.net\\\/wordpress\\\/index.php\\\/producto\\\/solo-dos-la-medicina-ante-la-ficcion-politica-del-binarismo-sexo-genero\\\/\",\"name\":\"\u00bfS\u00f3lo dos? La medicina ante la ficci\u00f3n pol\u00ed\u00adtica del binarismo sexo-g\u00e9nero &#8212; Zapateneo\",\"isPartOf\":{\"@id\":\"https:\\\/\\\/zapateneo.net\\\/wordpress\\\/#website\"},\"primaryImageOfPage\":{\"@id\":\"https:\\\/\\\/zapateneo.net\\\/wordpress\\\/index.php\\\/producto\\\/solo-dos-la-medicina-ante-la-ficcion-politica-del-binarismo-sexo-genero\\\/#primaryimage\"},\"image\":{\"@id\":\"https:\\\/\\\/zapateneo.net\\\/wordpress\\\/index.php\\\/producto\\\/solo-dos-la-medicina-ante-la-ficcion-politica-del-binarismo-sexo-genero\\\/#primaryimage\"},\"thumbnailUrl\":\"https:\\\/\\\/zapateneo.net\\\/wordpress\\\/wp-content\\\/uploads\\\/2021\\\/04\\\/solo-dos.png\",\"datePublished\":\"2021-04-07T08:35:40+00:00\",\"dateModified\":\"2021-04-07T08:36:14+00:00\",\"breadcrumb\":{\"@id\":\"https:\\\/\\\/zapateneo.net\\\/wordpress\\\/index.php\\\/producto\\\/solo-dos-la-medicina-ante-la-ficcion-politica-del-binarismo-sexo-genero\\\/#breadcrumb\"},\"inLanguage\":\"es\",\"potentialAction\":[{\"@type\":\"ReadAction\",\"target\":[\"https:\\\/\\\/zapateneo.net\\\/wordpress\\\/index.php\\\/producto\\\/solo-dos-la-medicina-ante-la-ficcion-politica-del-binarismo-sexo-genero\\\/\"]}]},{\"@type\":\"ImageObject\",\"inLanguage\":\"es\",\"@id\":\"https:\\\/\\\/zapateneo.net\\\/wordpress\\\/index.php\\\/producto\\\/solo-dos-la-medicina-ante-la-ficcion-politica-del-binarismo-sexo-genero\\\/#primaryimage\",\"url\":\"https:\\\/\\\/zapateneo.net\\\/wordpress\\\/wp-content\\\/uploads\\\/2021\\\/04\\\/solo-dos.png\",\"contentUrl\":\"https:\\\/\\\/zapateneo.net\\\/wordpress\\\/wp-content\\\/uploads\\\/2021\\\/04\\\/solo-dos.png\",\"width\":287,\"height\":400},{\"@type\":\"BreadcrumbList\",\"@id\":\"https:\\\/\\\/zapateneo.net\\\/wordpress\\\/index.php\\\/producto\\\/solo-dos-la-medicina-ante-la-ficcion-politica-del-binarismo-sexo-genero\\\/#breadcrumb\",\"itemListElement\":[{\"@type\":\"ListItem\",\"position\":1,\"name\":\"Portada\",\"item\":\"https:\\\/\\\/zapateneo.net\\\/wordpress\\\/\"},{\"@type\":\"ListItem\",\"position\":2,\"name\":\"Tienda\",\"item\":\"https:\\\/\\\/zapateneo.net\\\/wordpress\\\/\"},{\"@type\":\"ListItem\",\"position\":3,\"name\":\"\u00bfS\u00f3lo dos? La medicina ante la ficci\u00f3n pol\u00ed\u00adtica del binarismo sexo-g\u00e9nero\"}]},{\"@type\":\"WebSite\",\"@id\":\"https:\\\/\\\/zapateneo.net\\\/wordpress\\\/#website\",\"url\":\"https:\\\/\\\/zapateneo.net\\\/wordpress\\\/\",\"name\":\"Zapateneo\",\"description\":\"Zapateneoaren webgunea\",\"publisher\":{\"@id\":\"https:\\\/\\\/zapateneo.net\\\/wordpress\\\/#organization\"},\"potentialAction\":[{\"@type\":\"SearchAction\",\"target\":{\"@type\":\"EntryPoint\",\"urlTemplate\":\"https:\\\/\\\/zapateneo.net\\\/wordpress\\\/?s={search_term_string}\"},\"query-input\":{\"@type\":\"PropertyValueSpecification\",\"valueRequired\":true,\"valueName\":\"search_term_string\"}}],\"inLanguage\":\"es\"},{\"@type\":\"Organization\",\"@id\":\"https:\\\/\\\/zapateneo.net\\\/wordpress\\\/#organization\",\"name\":\"Zapateneo Kultur Elkartea\",\"url\":\"https:\\\/\\\/zapateneo.net\\\/wordpress\\\/\",\"logo\":{\"@type\":\"ImageObject\",\"inLanguage\":\"es\",\"@id\":\"https:\\\/\\\/zapateneo.net\\\/wordpress\\\/#\\\/schema\\\/logo\\\/image\\\/\",\"url\":\"https:\\\/\\\/zapateneo.net\\\/wordpress\\\/wp-content\\\/uploads\\\/2021\\\/04\\\/zap-libu-kolec.jpg\",\"contentUrl\":\"https:\\\/\\\/zapateneo.net\\\/wordpress\\\/wp-content\\\/uploads\\\/2021\\\/04\\\/zap-libu-kolec.jpg\",\"width\":2234,\"height\":398,\"caption\":\"Zapateneo Kultur Elkartea\"},\"image\":{\"@id\":\"https:\\\/\\\/zapateneo.net\\\/wordpress\\\/#\\\/schema\\\/logo\\\/image\\\/\"},\"sameAs\":[\"https:\\\/\\\/x.com\\\/zapateneo\"]}]}<\/script>\n<!-- \/ Yoast SEO plugin. -->","yoast_head_json":{"title":"\u00bfS\u00f3lo dos? La medicina ante la ficci\u00f3n pol\u00ed\u00adtica del binarismo sexo-g\u00e9nero &#8212; Zapateneo","robots":{"index":"index","follow":"follow","max-snippet":"max-snippet:-1","max-image-preview":"max-image-preview:large","max-video-preview":"max-video-preview:-1"},"canonical":"https:\/\/zapateneo.net\/wordpress\/index.php\/producto\/solo-dos-la-medicina-ante-la-ficcion-politica-del-binarismo-sexo-genero\/","og_locale":"es_ES","og_type":"article","og_title":"\u00bfS\u00f3lo dos? La medicina ante la ficci\u00f3n pol\u00ed\u00adtica del binarismo sexo-g\u00e9nero &#8212; Zapateneo","og_description":"Abi\u00e9tar, Daniel 9788494457289 - Cambalache - 2019 - 125 p\u00e1ginas \/orri.","og_url":"https:\/\/zapateneo.net\/wordpress\/index.php\/producto\/solo-dos-la-medicina-ante-la-ficcion-politica-del-binarismo-sexo-genero\/","og_site_name":"Zapateneo","article_modified_time":"2021-04-07T08:36:14+00:00","og_image":[{"width":287,"height":400,"url":"https:\/\/zapateneo.net\/wordpress\/wp-content\/uploads\/2021\/04\/solo-dos.png","type":"image\/png"}],"twitter_card":"summary_large_image","twitter_site":"@zapateneo","twitter_misc":{"Tiempo de lectura":"1 minuto"},"schema":{"@context":"https:\/\/schema.org","@graph":[{"@type":"WebPage","@id":"https:\/\/zapateneo.net\/wordpress\/index.php\/producto\/solo-dos-la-medicina-ante-la-ficcion-politica-del-binarismo-sexo-genero\/","url":"https:\/\/zapateneo.net\/wordpress\/index.php\/producto\/solo-dos-la-medicina-ante-la-ficcion-politica-del-binarismo-sexo-genero\/","name":"\u00bfS\u00f3lo dos? La medicina ante la ficci\u00f3n pol\u00ed\u00adtica del binarismo sexo-g\u00e9nero &#8212; Zapateneo","isPartOf":{"@id":"https:\/\/zapateneo.net\/wordpress\/#website"},"primaryImageOfPage":{"@id":"https:\/\/zapateneo.net\/wordpress\/index.php\/producto\/solo-dos-la-medicina-ante-la-ficcion-politica-del-binarismo-sexo-genero\/#primaryimage"},"image":{"@id":"https:\/\/zapateneo.net\/wordpress\/index.php\/producto\/solo-dos-la-medicina-ante-la-ficcion-politica-del-binarismo-sexo-genero\/#primaryimage"},"thumbnailUrl":"https:\/\/zapateneo.net\/wordpress\/wp-content\/uploads\/2021\/04\/solo-dos.png","datePublished":"2021-04-07T08:35:40+00:00","dateModified":"2021-04-07T08:36:14+00:00","breadcrumb":{"@id":"https:\/\/zapateneo.net\/wordpress\/index.php\/producto\/solo-dos-la-medicina-ante-la-ficcion-politica-del-binarismo-sexo-genero\/#breadcrumb"},"inLanguage":"es","potentialAction":[{"@type":"ReadAction","target":["https:\/\/zapateneo.net\/wordpress\/index.php\/producto\/solo-dos-la-medicina-ante-la-ficcion-politica-del-binarismo-sexo-genero\/"]}]},{"@type":"ImageObject","inLanguage":"es","@id":"https:\/\/zapateneo.net\/wordpress\/index.php\/producto\/solo-dos-la-medicina-ante-la-ficcion-politica-del-binarismo-sexo-genero\/#primaryimage","url":"https:\/\/zapateneo.net\/wordpress\/wp-content\/uploads\/2021\/04\/solo-dos.png","contentUrl":"https:\/\/zapateneo.net\/wordpress\/wp-content\/uploads\/2021\/04\/solo-dos.png","width":287,"height":400},{"@type":"BreadcrumbList","@id":"https:\/\/zapateneo.net\/wordpress\/index.php\/producto\/solo-dos-la-medicina-ante-la-ficcion-politica-del-binarismo-sexo-genero\/#breadcrumb","itemListElement":[{"@type":"ListItem","position":1,"name":"Portada","item":"https:\/\/zapateneo.net\/wordpress\/"},{"@type":"ListItem","position":2,"name":"Tienda","item":"https:\/\/zapateneo.net\/wordpress\/"},{"@type":"ListItem","position":3,"name":"\u00bfS\u00f3lo dos? La medicina ante la ficci\u00f3n pol\u00ed\u00adtica del binarismo sexo-g\u00e9nero"}]},{"@type":"WebSite","@id":"https:\/\/zapateneo.net\/wordpress\/#website","url":"https:\/\/zapateneo.net\/wordpress\/","name":"Zapateneo","description":"Zapateneoaren webgunea","publisher":{"@id":"https:\/\/zapateneo.net\/wordpress\/#organization"},"potentialAction":[{"@type":"SearchAction","target":{"@type":"EntryPoint","urlTemplate":"https:\/\/zapateneo.net\/wordpress\/?s={search_term_string}"},"query-input":{"@type":"PropertyValueSpecification","valueRequired":true,"valueName":"search_term_string"}}],"inLanguage":"es"},{"@type":"Organization","@id":"https:\/\/zapateneo.net\/wordpress\/#organization","name":"Zapateneo Kultur Elkartea","url":"https:\/\/zapateneo.net\/wordpress\/","logo":{"@type":"ImageObject","inLanguage":"es","@id":"https:\/\/zapateneo.net\/wordpress\/#\/schema\/logo\/image\/","url":"https:\/\/zapateneo.net\/wordpress\/wp-content\/uploads\/2021\/04\/zap-libu-kolec.jpg","contentUrl":"https:\/\/zapateneo.net\/wordpress\/wp-content\/uploads\/2021\/04\/zap-libu-kolec.jpg","width":2234,"height":398,"caption":"Zapateneo Kultur Elkartea"},"image":{"@id":"https:\/\/zapateneo.net\/wordpress\/#\/schema\/logo\/image\/"},"sameAs":["https:\/\/x.com\/zapateneo"]}]}},"_links":{"self":[{"href":"https:\/\/zapateneo.net\/wordpress\/index.php\/wp-json\/wp\/v2\/product\/1933","targetHints":{"allow":["GET"]}}],"collection":[{"href":"https:\/\/zapateneo.net\/wordpress\/index.php\/wp-json\/wp\/v2\/product"}],"about":[{"href":"https:\/\/zapateneo.net\/wordpress\/index.php\/wp-json\/wp\/v2\/types\/product"}],"wp:featuredmedia":[{"embeddable":true,"href":"https:\/\/zapateneo.net\/wordpress\/index.php\/wp-json\/wp\/v2\/media\/1981"}],"wp:attachment":[{"href":"https:\/\/zapateneo.net\/wordpress\/index.php\/wp-json\/wp\/v2\/media?parent=1933"}],"wp:term":[{"taxonomy":"product_brand","embeddable":true,"href":"https:\/\/zapateneo.net\/wordpress\/index.php\/wp-json\/wp\/v2\/product_brand?post=1933"},{"taxonomy":"product_cat","embeddable":true,"href":"https:\/\/zapateneo.net\/wordpress\/index.php\/wp-json\/wp\/v2\/product_cat?post=1933"},{"taxonomy":"product_tag","embeddable":true,"href":"https:\/\/zapateneo.net\/wordpress\/index.php\/wp-json\/wp\/v2\/product_tag?post=1933"}],"curies":[{"name":"wp","href":"https:\/\/api.w.org\/{rel}","templated":true}]}}