{"id":1930,"date":"2021-04-07T09:35:39","date_gmt":"2021-04-07T08:35:39","guid":{"rendered":"https:\/\/zapateneo.net\/wordpress\/?post_type=product&#038;p=1930"},"modified":"2021-04-07T09:36:10","modified_gmt":"2021-04-07T08:36:10","slug":"por-que-las-mujeres-disfrutan-mas-del-sexo-bajo-el-socialismo","status":"publish","type":"product","link":"https:\/\/zapateneo.net\/wordpress\/index.php\/producto\/por-que-las-mujeres-disfrutan-mas-del-sexo-bajo-el-socialismo\/","title":{"rendered":"Por qu\u00e9 las mujeres disfrutan m\u00e1s del sexo bajo el socialismo"},"content":{"rendered":"<p>Esta es una investigaci\u00f3n que explora en\u00e9rgica y profundamente por qu\u00e9 el capitalismo es malo para las mujeres y c\u00f3mo, cuando se desarrolla correctamente, el socialismo conduce a la independencia econ\u00f3mica, a mejores condiciones laborales, a un mejor equilibrio entre el trabajo y la vida y, s\u00ed, a un mejor sexo. En un art\u00edculo de opini\u00f3n ingenioso e irreverente que se volvi\u00f3 viral, Kristen Ghodsee argument\u00f3 que las mujeres ten\u00edan mejor sexo bajo el socialismo. La respuesta fue tremenda: expres\u00f3 claramente algo que muchas mujeres hab\u00edan sentido durante a\u00f1os: el problema est\u00e1 en el capitalismo, no en nosotras. Ghodsee, aclamada etn\u00f3grafa y profesora de Estudios de Rusia y Europa del Este, ha pasado a\u00f1os estudiando qu\u00e9 sucedi\u00f3 con las mujeres en pa\u00edses que pasaron del socialismo de Estado al capitalismo, y sostiene que este \u00faltimo perjudica de manera desproporcionada a las mujeres y por ello debemos aprender del pasado, rechazando lo malo y rescatando lo bueno de las ideas socialistas, y as\u00ed mejorar nuestras vidas. Las mujeres est\u00e1n alzando su voz como nunca antes, desde el aumento en el n\u00famero de ellas que se postulan para cargos p\u00fablicos hasta las marchas masivas o la ya constante protesta p\u00fablica contra el acoso sexual. Cada vez est\u00e1 m\u00e1s claro para las mujeres que el capitalismo no funciona para ellas.<\/p>\n","protected":false},"excerpt":{"rendered":"<p><strong>Ghodsee, Kristen<\/strong><br \/>\n9788412064407 &#8211; Capit\u00e1n Swing &#8211; 2019 &#8211; 220 p\u00e1ginas \/orri.<\/p>\n","protected":false},"featured_media":1978,"template":"","meta":[],"product_brand":[],"product_cat":[174,16],"product_tag":[102,1491,1492],"class_list":{"0":"post-1930","1":"product","2":"type-product","3":"status-publish","4":"has-post-thumbnail","6":"product_cat-generoak-generos","7":"product_cat-libros","8":"product_tag-capitan-swing","9":"product_tag-ghodsee","10":"product_tag-kristen","12":"first","13":"instock","14":"sold-individually","15":"shipping-taxable","16":"purchasable","17":"product-type-simple"},"yoast_head":"<!-- This site is optimized with the Yoast SEO plugin v27.4 - https:\/\/yoast.com\/product\/yoast-seo-wordpress\/ -->\n<title>Por qu\u00e9 las mujeres disfrutan m\u00e1s del sexo bajo el socialismo &#8212; Zapateneo<\/title>\n<meta name=\"robots\" content=\"index, follow, max-snippet:-1, max-image-preview:large, max-video-preview:-1\" \/>\n<link rel=\"canonical\" href=\"https:\/\/zapateneo.net\/wordpress\/index.php\/producto\/por-que-las-mujeres-disfrutan-mas-del-sexo-bajo-el-socialismo\/\" \/>\n<meta property=\"og:locale\" content=\"es_ES\" \/>\n<meta property=\"og:type\" content=\"article\" \/>\n<meta property=\"og:title\" content=\"Por qu\u00e9 las mujeres disfrutan m\u00e1s del sexo bajo el socialismo &#8212; Zapateneo\" \/>\n<meta property=\"og:description\" content=\"Ghodsee, Kristen 9788412064407 - Capit\u00e1n Swing - 2019 - 220 p\u00e1ginas \/orri.\" \/>\n<meta property=\"og:url\" content=\"https:\/\/zapateneo.net\/wordpress\/index.php\/producto\/por-que-las-mujeres-disfrutan-mas-del-sexo-bajo-el-socialismo\/\" \/>\n<meta property=\"og:site_name\" content=\"Zapateneo\" \/>\n<meta property=\"article:modified_time\" content=\"2021-04-07T08:36:10+00:00\" \/>\n<meta property=\"og:image\" content=\"https:\/\/zapateneo.net\/wordpress\/wp-content\/uploads\/2021\/04\/sexosocialismo.jpeg\" \/>\n\t<meta property=\"og:image:width\" content=\"173\" \/>\n\t<meta property=\"og:image:height\" content=\"270\" \/>\n\t<meta property=\"og:image:type\" content=\"image\/jpeg\" \/>\n<meta name=\"twitter:card\" content=\"summary_large_image\" \/>\n<meta name=\"twitter:site\" content=\"@zapateneo\" \/>\n<meta name=\"twitter:label1\" content=\"Tiempo de lectura\" \/>\n\t<meta name=\"twitter:data1\" content=\"1 minuto\" \/>\n<script type=\"application\/ld+json\" class=\"yoast-schema-graph\">{\"@context\":\"https:\\\/\\\/schema.org\",\"@graph\":[{\"@type\":\"WebPage\",\"@id\":\"https:\\\/\\\/zapateneo.net\\\/wordpress\\\/index.php\\\/producto\\\/por-que-las-mujeres-disfrutan-mas-del-sexo-bajo-el-socialismo\\\/\",\"url\":\"https:\\\/\\\/zapateneo.net\\\/wordpress\\\/index.php\\\/producto\\\/por-que-las-mujeres-disfrutan-mas-del-sexo-bajo-el-socialismo\\\/\",\"name\":\"Por qu\u00e9 las mujeres disfrutan m\u00e1s del sexo bajo el socialismo &#8212; Zapateneo\",\"isPartOf\":{\"@id\":\"https:\\\/\\\/zapateneo.net\\\/wordpress\\\/#website\"},\"primaryImageOfPage\":{\"@id\":\"https:\\\/\\\/zapateneo.net\\\/wordpress\\\/index.php\\\/producto\\\/por-que-las-mujeres-disfrutan-mas-del-sexo-bajo-el-socialismo\\\/#primaryimage\"},\"image\":{\"@id\":\"https:\\\/\\\/zapateneo.net\\\/wordpress\\\/index.php\\\/producto\\\/por-que-las-mujeres-disfrutan-mas-del-sexo-bajo-el-socialismo\\\/#primaryimage\"},\"thumbnailUrl\":\"https:\\\/\\\/zapateneo.net\\\/wordpress\\\/wp-content\\\/uploads\\\/2021\\\/04\\\/sexosocialismo.jpeg\",\"datePublished\":\"2021-04-07T08:35:39+00:00\",\"dateModified\":\"2021-04-07T08:36:10+00:00\",\"breadcrumb\":{\"@id\":\"https:\\\/\\\/zapateneo.net\\\/wordpress\\\/index.php\\\/producto\\\/por-que-las-mujeres-disfrutan-mas-del-sexo-bajo-el-socialismo\\\/#breadcrumb\"},\"inLanguage\":\"es\",\"potentialAction\":[{\"@type\":\"ReadAction\",\"target\":[\"https:\\\/\\\/zapateneo.net\\\/wordpress\\\/index.php\\\/producto\\\/por-que-las-mujeres-disfrutan-mas-del-sexo-bajo-el-socialismo\\\/\"]}]},{\"@type\":\"ImageObject\",\"inLanguage\":\"es\",\"@id\":\"https:\\\/\\\/zapateneo.net\\\/wordpress\\\/index.php\\\/producto\\\/por-que-las-mujeres-disfrutan-mas-del-sexo-bajo-el-socialismo\\\/#primaryimage\",\"url\":\"https:\\\/\\\/zapateneo.net\\\/wordpress\\\/wp-content\\\/uploads\\\/2021\\\/04\\\/sexosocialismo.jpeg\",\"contentUrl\":\"https:\\\/\\\/zapateneo.net\\\/wordpress\\\/wp-content\\\/uploads\\\/2021\\\/04\\\/sexosocialismo.jpeg\",\"width\":173,\"height\":270},{\"@type\":\"BreadcrumbList\",\"@id\":\"https:\\\/\\\/zapateneo.net\\\/wordpress\\\/index.php\\\/producto\\\/por-que-las-mujeres-disfrutan-mas-del-sexo-bajo-el-socialismo\\\/#breadcrumb\",\"itemListElement\":[{\"@type\":\"ListItem\",\"position\":1,\"name\":\"Portada\",\"item\":\"https:\\\/\\\/zapateneo.net\\\/wordpress\\\/\"},{\"@type\":\"ListItem\",\"position\":2,\"name\":\"Tienda\",\"item\":\"https:\\\/\\\/zapateneo.net\\\/wordpress\\\/\"},{\"@type\":\"ListItem\",\"position\":3,\"name\":\"Por qu\u00e9 las mujeres disfrutan m\u00e1s del sexo bajo el socialismo\"}]},{\"@type\":\"WebSite\",\"@id\":\"https:\\\/\\\/zapateneo.net\\\/wordpress\\\/#website\",\"url\":\"https:\\\/\\\/zapateneo.net\\\/wordpress\\\/\",\"name\":\"Zapateneo\",\"description\":\"Zapateneoaren webgunea\",\"publisher\":{\"@id\":\"https:\\\/\\\/zapateneo.net\\\/wordpress\\\/#organization\"},\"potentialAction\":[{\"@type\":\"SearchAction\",\"target\":{\"@type\":\"EntryPoint\",\"urlTemplate\":\"https:\\\/\\\/zapateneo.net\\\/wordpress\\\/?s={search_term_string}\"},\"query-input\":{\"@type\":\"PropertyValueSpecification\",\"valueRequired\":true,\"valueName\":\"search_term_string\"}}],\"inLanguage\":\"es\"},{\"@type\":\"Organization\",\"@id\":\"https:\\\/\\\/zapateneo.net\\\/wordpress\\\/#organization\",\"name\":\"Zapateneo Kultur Elkartea\",\"url\":\"https:\\\/\\\/zapateneo.net\\\/wordpress\\\/\",\"logo\":{\"@type\":\"ImageObject\",\"inLanguage\":\"es\",\"@id\":\"https:\\\/\\\/zapateneo.net\\\/wordpress\\\/#\\\/schema\\\/logo\\\/image\\\/\",\"url\":\"https:\\\/\\\/zapateneo.net\\\/wordpress\\\/wp-content\\\/uploads\\\/2021\\\/04\\\/zap-libu-kolec.jpg\",\"contentUrl\":\"https:\\\/\\\/zapateneo.net\\\/wordpress\\\/wp-content\\\/uploads\\\/2021\\\/04\\\/zap-libu-kolec.jpg\",\"width\":2234,\"height\":398,\"caption\":\"Zapateneo Kultur Elkartea\"},\"image\":{\"@id\":\"https:\\\/\\\/zapateneo.net\\\/wordpress\\\/#\\\/schema\\\/logo\\\/image\\\/\"},\"sameAs\":[\"https:\\\/\\\/x.com\\\/zapateneo\"]}]}<\/script>\n<!-- \/ Yoast SEO plugin. -->","yoast_head_json":{"title":"Por qu\u00e9 las mujeres disfrutan m\u00e1s del sexo bajo el socialismo &#8212; Zapateneo","robots":{"index":"index","follow":"follow","max-snippet":"max-snippet:-1","max-image-preview":"max-image-preview:large","max-video-preview":"max-video-preview:-1"},"canonical":"https:\/\/zapateneo.net\/wordpress\/index.php\/producto\/por-que-las-mujeres-disfrutan-mas-del-sexo-bajo-el-socialismo\/","og_locale":"es_ES","og_type":"article","og_title":"Por qu\u00e9 las mujeres disfrutan m\u00e1s del sexo bajo el socialismo &#8212; Zapateneo","og_description":"Ghodsee, Kristen 9788412064407 - Capit\u00e1n Swing - 2019 - 220 p\u00e1ginas \/orri.","og_url":"https:\/\/zapateneo.net\/wordpress\/index.php\/producto\/por-que-las-mujeres-disfrutan-mas-del-sexo-bajo-el-socialismo\/","og_site_name":"Zapateneo","article_modified_time":"2021-04-07T08:36:10+00:00","og_image":[{"width":173,"height":270,"url":"https:\/\/zapateneo.net\/wordpress\/wp-content\/uploads\/2021\/04\/sexosocialismo.jpeg","type":"image\/jpeg"}],"twitter_card":"summary_large_image","twitter_site":"@zapateneo","twitter_misc":{"Tiempo de lectura":"1 minuto"},"schema":{"@context":"https:\/\/schema.org","@graph":[{"@type":"WebPage","@id":"https:\/\/zapateneo.net\/wordpress\/index.php\/producto\/por-que-las-mujeres-disfrutan-mas-del-sexo-bajo-el-socialismo\/","url":"https:\/\/zapateneo.net\/wordpress\/index.php\/producto\/por-que-las-mujeres-disfrutan-mas-del-sexo-bajo-el-socialismo\/","name":"Por qu\u00e9 las mujeres disfrutan m\u00e1s del sexo bajo el socialismo &#8212; Zapateneo","isPartOf":{"@id":"https:\/\/zapateneo.net\/wordpress\/#website"},"primaryImageOfPage":{"@id":"https:\/\/zapateneo.net\/wordpress\/index.php\/producto\/por-que-las-mujeres-disfrutan-mas-del-sexo-bajo-el-socialismo\/#primaryimage"},"image":{"@id":"https:\/\/zapateneo.net\/wordpress\/index.php\/producto\/por-que-las-mujeres-disfrutan-mas-del-sexo-bajo-el-socialismo\/#primaryimage"},"thumbnailUrl":"https:\/\/zapateneo.net\/wordpress\/wp-content\/uploads\/2021\/04\/sexosocialismo.jpeg","datePublished":"2021-04-07T08:35:39+00:00","dateModified":"2021-04-07T08:36:10+00:00","breadcrumb":{"@id":"https:\/\/zapateneo.net\/wordpress\/index.php\/producto\/por-que-las-mujeres-disfrutan-mas-del-sexo-bajo-el-socialismo\/#breadcrumb"},"inLanguage":"es","potentialAction":[{"@type":"ReadAction","target":["https:\/\/zapateneo.net\/wordpress\/index.php\/producto\/por-que-las-mujeres-disfrutan-mas-del-sexo-bajo-el-socialismo\/"]}]},{"@type":"ImageObject","inLanguage":"es","@id":"https:\/\/zapateneo.net\/wordpress\/index.php\/producto\/por-que-las-mujeres-disfrutan-mas-del-sexo-bajo-el-socialismo\/#primaryimage","url":"https:\/\/zapateneo.net\/wordpress\/wp-content\/uploads\/2021\/04\/sexosocialismo.jpeg","contentUrl":"https:\/\/zapateneo.net\/wordpress\/wp-content\/uploads\/2021\/04\/sexosocialismo.jpeg","width":173,"height":270},{"@type":"BreadcrumbList","@id":"https:\/\/zapateneo.net\/wordpress\/index.php\/producto\/por-que-las-mujeres-disfrutan-mas-del-sexo-bajo-el-socialismo\/#breadcrumb","itemListElement":[{"@type":"ListItem","position":1,"name":"Portada","item":"https:\/\/zapateneo.net\/wordpress\/"},{"@type":"ListItem","position":2,"name":"Tienda","item":"https:\/\/zapateneo.net\/wordpress\/"},{"@type":"ListItem","position":3,"name":"Por qu\u00e9 las mujeres disfrutan m\u00e1s del sexo bajo el socialismo"}]},{"@type":"WebSite","@id":"https:\/\/zapateneo.net\/wordpress\/#website","url":"https:\/\/zapateneo.net\/wordpress\/","name":"Zapateneo","description":"Zapateneoaren webgunea","publisher":{"@id":"https:\/\/zapateneo.net\/wordpress\/#organization"},"potentialAction":[{"@type":"SearchAction","target":{"@type":"EntryPoint","urlTemplate":"https:\/\/zapateneo.net\/wordpress\/?s={search_term_string}"},"query-input":{"@type":"PropertyValueSpecification","valueRequired":true,"valueName":"search_term_string"}}],"inLanguage":"es"},{"@type":"Organization","@id":"https:\/\/zapateneo.net\/wordpress\/#organization","name":"Zapateneo Kultur Elkartea","url":"https:\/\/zapateneo.net\/wordpress\/","logo":{"@type":"ImageObject","inLanguage":"es","@id":"https:\/\/zapateneo.net\/wordpress\/#\/schema\/logo\/image\/","url":"https:\/\/zapateneo.net\/wordpress\/wp-content\/uploads\/2021\/04\/zap-libu-kolec.jpg","contentUrl":"https:\/\/zapateneo.net\/wordpress\/wp-content\/uploads\/2021\/04\/zap-libu-kolec.jpg","width":2234,"height":398,"caption":"Zapateneo Kultur Elkartea"},"image":{"@id":"https:\/\/zapateneo.net\/wordpress\/#\/schema\/logo\/image\/"},"sameAs":["https:\/\/x.com\/zapateneo"]}]}},"_links":{"self":[{"href":"https:\/\/zapateneo.net\/wordpress\/index.php\/wp-json\/wp\/v2\/product\/1930","targetHints":{"allow":["GET"]}}],"collection":[{"href":"https:\/\/zapateneo.net\/wordpress\/index.php\/wp-json\/wp\/v2\/product"}],"about":[{"href":"https:\/\/zapateneo.net\/wordpress\/index.php\/wp-json\/wp\/v2\/types\/product"}],"wp:featuredmedia":[{"embeddable":true,"href":"https:\/\/zapateneo.net\/wordpress\/index.php\/wp-json\/wp\/v2\/media\/1978"}],"wp:attachment":[{"href":"https:\/\/zapateneo.net\/wordpress\/index.php\/wp-json\/wp\/v2\/media?parent=1930"}],"wp:term":[{"taxonomy":"product_brand","embeddable":true,"href":"https:\/\/zapateneo.net\/wordpress\/index.php\/wp-json\/wp\/v2\/product_brand?post=1930"},{"taxonomy":"product_cat","embeddable":true,"href":"https:\/\/zapateneo.net\/wordpress\/index.php\/wp-json\/wp\/v2\/product_cat?post=1930"},{"taxonomy":"product_tag","embeddable":true,"href":"https:\/\/zapateneo.net\/wordpress\/index.php\/wp-json\/wp\/v2\/product_tag?post=1930"}],"curies":[{"name":"wp","href":"https:\/\/api.w.org\/{rel}","templated":true}]}}