{"id":1900,"date":"2021-04-07T09:35:13","date_gmt":"2021-04-07T08:35:13","guid":{"rendered":"https:\/\/zapateneo.net\/wordpress\/?post_type=product&#038;p=1900"},"modified":"2021-04-07T09:35:47","modified_gmt":"2021-04-07T08:35:47","slug":"nuestra-hermana-aguafiestas-o-reflexiones-desde-una-neurosis-antioccidental","status":"publish","type":"product","link":"https:\/\/zapateneo.net\/wordpress\/index.php\/producto\/nuestra-hermana-aguafiestas-o-reflexiones-desde-una-neurosis-antioccidental\/","title":{"rendered":"Nuestra hermana aguafiestas (o reflexiones desde una neurosis antioccidental)"},"content":{"rendered":"<p>Nuestra hermana aguafiestas es una de las obras m\u00e1s audaces, \u00abmodernas\u00bb, visionarias y radicales que han surgido de \u00c1frica en la \u00e9poca de las postindependencias. O quiz\u00e1 la m\u00e1s. Publicada a finales de los a\u00f1os setenta, el texto de Aidoo resuena de principio a fin con tonos de profec\u00eda apocal\u00edptica en nuestros o\u00eddos contempor\u00e1neos.<\/p>\n<p>En ning\u00fan momento la autora se deja deslumbrar por \u00ablos soles de las independencias\u00bb, esa ola de optimismo sobre el futuro del continente africano que recorri\u00f3 el mundo entero en la era de las descolonizaciones. Y mucho menos por el oropel del mundo occidental, especialmente de una Europa paternalista y falsamente benevolente que aparentaba (y sigue aparentando) apostar por el desarrollo, las pol\u00edticas democr\u00e1ticas y el lavado de conciencia colectivo sobre la historia del esclavismo, el imperialismo, la colonizaci\u00f3n y la neocolonizaci\u00f3n.<br \/>\nEl feminismo de Aidoo no es deudor de Mary Wolstonecraft, de Betty Frieddan o de H\u00e9l\u00e8ne Cixous. No arraiga en la Revoluci\u00f3n Francesa, ni en el movimiento sufragista, ni en la \u00absegunda ola\u00bb. Es un feminismo<br \/>\nafroc\u00e9ntrico e innegociable. Desde los a\u00f1os setenta del siglo XX, Ama Ata Aidoo lleva interpelando por igual a las mujeres blancas y a los hombres negros con su obra y con su vida. Como la protagonista de Nuestra Hermana Aguafiestas, la autora revienta nuestras certezas, socava nuestra autocomplacencia, mina nuestras excusas.<br \/>\n[Del pr\u00f3logo de Marta Sof\u00eda L\u00f3pez].<\/p>\n","protected":false},"excerpt":{"rendered":"<p><strong>Aidoo, Ama Ata<\/strong><br \/>\n9788494457265 &#8211; Cambalache &#8211; 2018 &#8211; 205 p\u00e1ginas \/orri.<\/p>\n","protected":false},"featured_media":1942,"template":"","meta":[],"product_brand":[],"product_cat":[174,16],"product_tag":[1467,1468,50],"class_list":{"0":"post-1900","1":"product","2":"type-product","3":"status-publish","4":"has-post-thumbnail","6":"product_cat-generoak-generos","7":"product_cat-libros","8":"product_tag-aidoo","9":"product_tag-ama-ata","10":"product_tag-cambalache","12":"first","13":"instock","14":"sold-individually","15":"shipping-taxable","16":"purchasable","17":"product-type-simple"},"yoast_head":"<!-- This site is optimized with the Yoast SEO plugin v27.4 - https:\/\/yoast.com\/product\/yoast-seo-wordpress\/ -->\n<title>Nuestra hermana aguafiestas (o reflexiones desde una neurosis antioccidental) &#8212; Zapateneo<\/title>\n<meta name=\"robots\" content=\"index, follow, max-snippet:-1, max-image-preview:large, max-video-preview:-1\" \/>\n<link rel=\"canonical\" href=\"https:\/\/zapateneo.net\/wordpress\/index.php\/producto\/nuestra-hermana-aguafiestas-o-reflexiones-desde-una-neurosis-antioccidental\/\" \/>\n<meta property=\"og:locale\" content=\"es_ES\" \/>\n<meta property=\"og:type\" content=\"article\" \/>\n<meta property=\"og:title\" content=\"Nuestra hermana aguafiestas (o reflexiones desde una neurosis antioccidental) &#8212; Zapateneo\" \/>\n<meta property=\"og:description\" content=\"Aidoo, Ama Ata 9788494457265 - Cambalache - 2018 - 205 p\u00e1ginas \/orri.\" \/>\n<meta property=\"og:url\" content=\"https:\/\/zapateneo.net\/wordpress\/index.php\/producto\/nuestra-hermana-aguafiestas-o-reflexiones-desde-una-neurosis-antioccidental\/\" \/>\n<meta property=\"og:site_name\" content=\"Zapateneo\" \/>\n<meta property=\"article:modified_time\" content=\"2021-04-07T08:35:47+00:00\" \/>\n<meta property=\"og:image\" content=\"https:\/\/zapateneo.net\/wordpress\/wp-content\/uploads\/2021\/04\/nuestra_hermana.jpg\" \/>\n\t<meta property=\"og:image:width\" content=\"283\" \/>\n\t<meta property=\"og:image:height\" content=\"400\" \/>\n\t<meta property=\"og:image:type\" content=\"image\/jpeg\" \/>\n<meta name=\"twitter:card\" content=\"summary_large_image\" \/>\n<meta name=\"twitter:site\" content=\"@zapateneo\" \/>\n<meta name=\"twitter:label1\" content=\"Tiempo de lectura\" \/>\n\t<meta name=\"twitter:data1\" content=\"1 minuto\" \/>\n<script type=\"application\/ld+json\" class=\"yoast-schema-graph\">{\"@context\":\"https:\\\/\\\/schema.org\",\"@graph\":[{\"@type\":\"WebPage\",\"@id\":\"https:\\\/\\\/zapateneo.net\\\/wordpress\\\/index.php\\\/producto\\\/nuestra-hermana-aguafiestas-o-reflexiones-desde-una-neurosis-antioccidental\\\/\",\"url\":\"https:\\\/\\\/zapateneo.net\\\/wordpress\\\/index.php\\\/producto\\\/nuestra-hermana-aguafiestas-o-reflexiones-desde-una-neurosis-antioccidental\\\/\",\"name\":\"Nuestra hermana aguafiestas (o reflexiones desde una neurosis antioccidental) &#8212; Zapateneo\",\"isPartOf\":{\"@id\":\"https:\\\/\\\/zapateneo.net\\\/wordpress\\\/#website\"},\"primaryImageOfPage\":{\"@id\":\"https:\\\/\\\/zapateneo.net\\\/wordpress\\\/index.php\\\/producto\\\/nuestra-hermana-aguafiestas-o-reflexiones-desde-una-neurosis-antioccidental\\\/#primaryimage\"},\"image\":{\"@id\":\"https:\\\/\\\/zapateneo.net\\\/wordpress\\\/index.php\\\/producto\\\/nuestra-hermana-aguafiestas-o-reflexiones-desde-una-neurosis-antioccidental\\\/#primaryimage\"},\"thumbnailUrl\":\"https:\\\/\\\/zapateneo.net\\\/wordpress\\\/wp-content\\\/uploads\\\/2021\\\/04\\\/nuestra_hermana.jpg\",\"datePublished\":\"2021-04-07T08:35:13+00:00\",\"dateModified\":\"2021-04-07T08:35:47+00:00\",\"breadcrumb\":{\"@id\":\"https:\\\/\\\/zapateneo.net\\\/wordpress\\\/index.php\\\/producto\\\/nuestra-hermana-aguafiestas-o-reflexiones-desde-una-neurosis-antioccidental\\\/#breadcrumb\"},\"inLanguage\":\"es\",\"potentialAction\":[{\"@type\":\"ReadAction\",\"target\":[\"https:\\\/\\\/zapateneo.net\\\/wordpress\\\/index.php\\\/producto\\\/nuestra-hermana-aguafiestas-o-reflexiones-desde-una-neurosis-antioccidental\\\/\"]}]},{\"@type\":\"ImageObject\",\"inLanguage\":\"es\",\"@id\":\"https:\\\/\\\/zapateneo.net\\\/wordpress\\\/index.php\\\/producto\\\/nuestra-hermana-aguafiestas-o-reflexiones-desde-una-neurosis-antioccidental\\\/#primaryimage\",\"url\":\"https:\\\/\\\/zapateneo.net\\\/wordpress\\\/wp-content\\\/uploads\\\/2021\\\/04\\\/nuestra_hermana.jpg\",\"contentUrl\":\"https:\\\/\\\/zapateneo.net\\\/wordpress\\\/wp-content\\\/uploads\\\/2021\\\/04\\\/nuestra_hermana.jpg\",\"width\":283,\"height\":400},{\"@type\":\"BreadcrumbList\",\"@id\":\"https:\\\/\\\/zapateneo.net\\\/wordpress\\\/index.php\\\/producto\\\/nuestra-hermana-aguafiestas-o-reflexiones-desde-una-neurosis-antioccidental\\\/#breadcrumb\",\"itemListElement\":[{\"@type\":\"ListItem\",\"position\":1,\"name\":\"Portada\",\"item\":\"https:\\\/\\\/zapateneo.net\\\/wordpress\\\/\"},{\"@type\":\"ListItem\",\"position\":2,\"name\":\"Tienda\",\"item\":\"https:\\\/\\\/zapateneo.net\\\/wordpress\\\/\"},{\"@type\":\"ListItem\",\"position\":3,\"name\":\"Nuestra hermana aguafiestas (o reflexiones desde una neurosis antioccidental)\"}]},{\"@type\":\"WebSite\",\"@id\":\"https:\\\/\\\/zapateneo.net\\\/wordpress\\\/#website\",\"url\":\"https:\\\/\\\/zapateneo.net\\\/wordpress\\\/\",\"name\":\"Zapateneo\",\"description\":\"Zapateneoaren webgunea\",\"publisher\":{\"@id\":\"https:\\\/\\\/zapateneo.net\\\/wordpress\\\/#organization\"},\"potentialAction\":[{\"@type\":\"SearchAction\",\"target\":{\"@type\":\"EntryPoint\",\"urlTemplate\":\"https:\\\/\\\/zapateneo.net\\\/wordpress\\\/?s={search_term_string}\"},\"query-input\":{\"@type\":\"PropertyValueSpecification\",\"valueRequired\":true,\"valueName\":\"search_term_string\"}}],\"inLanguage\":\"es\"},{\"@type\":\"Organization\",\"@id\":\"https:\\\/\\\/zapateneo.net\\\/wordpress\\\/#organization\",\"name\":\"Zapateneo Kultur Elkartea\",\"url\":\"https:\\\/\\\/zapateneo.net\\\/wordpress\\\/\",\"logo\":{\"@type\":\"ImageObject\",\"inLanguage\":\"es\",\"@id\":\"https:\\\/\\\/zapateneo.net\\\/wordpress\\\/#\\\/schema\\\/logo\\\/image\\\/\",\"url\":\"https:\\\/\\\/zapateneo.net\\\/wordpress\\\/wp-content\\\/uploads\\\/2021\\\/04\\\/zap-libu-kolec.jpg\",\"contentUrl\":\"https:\\\/\\\/zapateneo.net\\\/wordpress\\\/wp-content\\\/uploads\\\/2021\\\/04\\\/zap-libu-kolec.jpg\",\"width\":2234,\"height\":398,\"caption\":\"Zapateneo Kultur Elkartea\"},\"image\":{\"@id\":\"https:\\\/\\\/zapateneo.net\\\/wordpress\\\/#\\\/schema\\\/logo\\\/image\\\/\"},\"sameAs\":[\"https:\\\/\\\/x.com\\\/zapateneo\"]}]}<\/script>\n<!-- \/ Yoast SEO plugin. -->","yoast_head_json":{"title":"Nuestra hermana aguafiestas (o reflexiones desde una neurosis antioccidental) &#8212; Zapateneo","robots":{"index":"index","follow":"follow","max-snippet":"max-snippet:-1","max-image-preview":"max-image-preview:large","max-video-preview":"max-video-preview:-1"},"canonical":"https:\/\/zapateneo.net\/wordpress\/index.php\/producto\/nuestra-hermana-aguafiestas-o-reflexiones-desde-una-neurosis-antioccidental\/","og_locale":"es_ES","og_type":"article","og_title":"Nuestra hermana aguafiestas (o reflexiones desde una neurosis antioccidental) &#8212; Zapateneo","og_description":"Aidoo, Ama Ata 9788494457265 - Cambalache - 2018 - 205 p\u00e1ginas \/orri.","og_url":"https:\/\/zapateneo.net\/wordpress\/index.php\/producto\/nuestra-hermana-aguafiestas-o-reflexiones-desde-una-neurosis-antioccidental\/","og_site_name":"Zapateneo","article_modified_time":"2021-04-07T08:35:47+00:00","og_image":[{"width":283,"height":400,"url":"https:\/\/zapateneo.net\/wordpress\/wp-content\/uploads\/2021\/04\/nuestra_hermana.jpg","type":"image\/jpeg"}],"twitter_card":"summary_large_image","twitter_site":"@zapateneo","twitter_misc":{"Tiempo de lectura":"1 minuto"},"schema":{"@context":"https:\/\/schema.org","@graph":[{"@type":"WebPage","@id":"https:\/\/zapateneo.net\/wordpress\/index.php\/producto\/nuestra-hermana-aguafiestas-o-reflexiones-desde-una-neurosis-antioccidental\/","url":"https:\/\/zapateneo.net\/wordpress\/index.php\/producto\/nuestra-hermana-aguafiestas-o-reflexiones-desde-una-neurosis-antioccidental\/","name":"Nuestra hermana aguafiestas (o reflexiones desde una neurosis antioccidental) &#8212; Zapateneo","isPartOf":{"@id":"https:\/\/zapateneo.net\/wordpress\/#website"},"primaryImageOfPage":{"@id":"https:\/\/zapateneo.net\/wordpress\/index.php\/producto\/nuestra-hermana-aguafiestas-o-reflexiones-desde-una-neurosis-antioccidental\/#primaryimage"},"image":{"@id":"https:\/\/zapateneo.net\/wordpress\/index.php\/producto\/nuestra-hermana-aguafiestas-o-reflexiones-desde-una-neurosis-antioccidental\/#primaryimage"},"thumbnailUrl":"https:\/\/zapateneo.net\/wordpress\/wp-content\/uploads\/2021\/04\/nuestra_hermana.jpg","datePublished":"2021-04-07T08:35:13+00:00","dateModified":"2021-04-07T08:35:47+00:00","breadcrumb":{"@id":"https:\/\/zapateneo.net\/wordpress\/index.php\/producto\/nuestra-hermana-aguafiestas-o-reflexiones-desde-una-neurosis-antioccidental\/#breadcrumb"},"inLanguage":"es","potentialAction":[{"@type":"ReadAction","target":["https:\/\/zapateneo.net\/wordpress\/index.php\/producto\/nuestra-hermana-aguafiestas-o-reflexiones-desde-una-neurosis-antioccidental\/"]}]},{"@type":"ImageObject","inLanguage":"es","@id":"https:\/\/zapateneo.net\/wordpress\/index.php\/producto\/nuestra-hermana-aguafiestas-o-reflexiones-desde-una-neurosis-antioccidental\/#primaryimage","url":"https:\/\/zapateneo.net\/wordpress\/wp-content\/uploads\/2021\/04\/nuestra_hermana.jpg","contentUrl":"https:\/\/zapateneo.net\/wordpress\/wp-content\/uploads\/2021\/04\/nuestra_hermana.jpg","width":283,"height":400},{"@type":"BreadcrumbList","@id":"https:\/\/zapateneo.net\/wordpress\/index.php\/producto\/nuestra-hermana-aguafiestas-o-reflexiones-desde-una-neurosis-antioccidental\/#breadcrumb","itemListElement":[{"@type":"ListItem","position":1,"name":"Portada","item":"https:\/\/zapateneo.net\/wordpress\/"},{"@type":"ListItem","position":2,"name":"Tienda","item":"https:\/\/zapateneo.net\/wordpress\/"},{"@type":"ListItem","position":3,"name":"Nuestra hermana aguafiestas (o reflexiones desde una neurosis antioccidental)"}]},{"@type":"WebSite","@id":"https:\/\/zapateneo.net\/wordpress\/#website","url":"https:\/\/zapateneo.net\/wordpress\/","name":"Zapateneo","description":"Zapateneoaren webgunea","publisher":{"@id":"https:\/\/zapateneo.net\/wordpress\/#organization"},"potentialAction":[{"@type":"SearchAction","target":{"@type":"EntryPoint","urlTemplate":"https:\/\/zapateneo.net\/wordpress\/?s={search_term_string}"},"query-input":{"@type":"PropertyValueSpecification","valueRequired":true,"valueName":"search_term_string"}}],"inLanguage":"es"},{"@type":"Organization","@id":"https:\/\/zapateneo.net\/wordpress\/#organization","name":"Zapateneo Kultur Elkartea","url":"https:\/\/zapateneo.net\/wordpress\/","logo":{"@type":"ImageObject","inLanguage":"es","@id":"https:\/\/zapateneo.net\/wordpress\/#\/schema\/logo\/image\/","url":"https:\/\/zapateneo.net\/wordpress\/wp-content\/uploads\/2021\/04\/zap-libu-kolec.jpg","contentUrl":"https:\/\/zapateneo.net\/wordpress\/wp-content\/uploads\/2021\/04\/zap-libu-kolec.jpg","width":2234,"height":398,"caption":"Zapateneo Kultur Elkartea"},"image":{"@id":"https:\/\/zapateneo.net\/wordpress\/#\/schema\/logo\/image\/"},"sameAs":["https:\/\/x.com\/zapateneo"]}]}},"_links":{"self":[{"href":"https:\/\/zapateneo.net\/wordpress\/index.php\/wp-json\/wp\/v2\/product\/1900","targetHints":{"allow":["GET"]}}],"collection":[{"href":"https:\/\/zapateneo.net\/wordpress\/index.php\/wp-json\/wp\/v2\/product"}],"about":[{"href":"https:\/\/zapateneo.net\/wordpress\/index.php\/wp-json\/wp\/v2\/types\/product"}],"wp:featuredmedia":[{"embeddable":true,"href":"https:\/\/zapateneo.net\/wordpress\/index.php\/wp-json\/wp\/v2\/media\/1942"}],"wp:attachment":[{"href":"https:\/\/zapateneo.net\/wordpress\/index.php\/wp-json\/wp\/v2\/media?parent=1900"}],"wp:term":[{"taxonomy":"product_brand","embeddable":true,"href":"https:\/\/zapateneo.net\/wordpress\/index.php\/wp-json\/wp\/v2\/product_brand?post=1900"},{"taxonomy":"product_cat","embeddable":true,"href":"https:\/\/zapateneo.net\/wordpress\/index.php\/wp-json\/wp\/v2\/product_cat?post=1900"},{"taxonomy":"product_tag","embeddable":true,"href":"https:\/\/zapateneo.net\/wordpress\/index.php\/wp-json\/wp\/v2\/product_tag?post=1900"}],"curies":[{"name":"wp","href":"https:\/\/api.w.org\/{rel}","templated":true}]}}