{"id":1888,"date":"2021-04-07T09:35:09","date_gmt":"2021-04-07T08:35:09","guid":{"rendered":"https:\/\/zapateneo.net\/wordpress\/?post_type=product&#038;p=1888"},"modified":"2021-12-27T13:20:38","modified_gmt":"2021-12-27T12:20:38","slug":"la-internacional-feminista-luchas-en-los-territorios-y-contra-el-neoliberalismo","status":"publish","type":"product","link":"https:\/\/zapateneo.net\/wordpress\/index.php\/producto\/la-internacional-feminista-luchas-en-los-territorios-y-contra-el-neoliberalismo\/","title":{"rendered":"LA INTERNACIONAL FEMINISTA LUCHAS EN LOS TERRITORIOS Y CONTRA EL NEOLIBERALISMO"},"content":{"rendered":"<p>Desde la crisis de 2008, el neoliberalismo, para sostener sus modos de explotaci\u00f3n, para contener la implosi\u00f3n social en cada territorio, ha necesitado de una alianza cada vez m\u00e1s f\u00e9rrea con el fascismo y con formas varias de fundamentalismo religioso. Con ello ha pretendido reordenar la re-producci\u00f3n social en t\u00e9rminos capitalistas, recolocar un mandato de g\u00e9nero en crisis y retrazar las l\u00edneas entre lo humano y lo categorizado como menos-que-humano (feminizado, racializado, naturalizado).<\/p>\n<p>Frente a esta nueva ofensiva neoliberal, el feminismo transnacional ha aparecido como un actor inesperado. Ha reabierto lo que parec\u00eda clausurarse y lo ha hecho de nuevo con esa mezcla de radicalidad y masividad,<br \/>\nde fuerza internacionalista y operatividad local, de conectividad y arraigo. Lo que se juega hoy en las disputas por los sentidos del feminismo no es la divisi\u00f3n de un movimiento que por otro lado siempre fue m\u00faltiple y poli\u00e9drico. Se juega la capacidad de incidir en el punto de sutura entre neoliberalismo y fascismo. Se juega la potencia feminista misma, en su desbordamiento.<\/p>\n","protected":false},"excerpt":{"rendered":"<p><strong>GAGO, VER\u00d3NICA MALO DE MOLINA, MARTA CAVALLERO, LUCI<\/strong><br \/>\n9788412125955 &#8211; TRAFICANTES DE SUE\u00d1OS &#8211; 2020 &#8211; 116 p\u00e1ginas \/orri.<\/p>\n","protected":false},"featured_media":1916,"template":"","meta":[],"product_brand":[],"product_cat":[174,16],"product_tag":[1501,1262,5329,72],"class_list":{"0":"post-1888","1":"product","2":"type-product","3":"status-publish","4":"has-post-thumbnail","6":"product_cat-generoak-generos","7":"product_cat-libros","8":"product_tag-cavallero","9":"product_tag-gago","10":"product_tag-malo-de-molina","11":"product_tag-traficantes-de-suenos","13":"first","14":"instock","15":"sold-individually","16":"shipping-taxable","17":"purchasable","18":"product-type-simple"},"yoast_head":"<!-- This site is optimized with the Yoast SEO plugin v27.3 - https:\/\/yoast.com\/product\/yoast-seo-wordpress\/ -->\n<title>LA INTERNACIONAL FEMINISTA LUCHAS EN LOS TERRITORIOS Y CONTRA EL NEOLIBERALISMO &#8212; Zapateneo<\/title>\n<meta name=\"robots\" content=\"index, follow, max-snippet:-1, max-image-preview:large, max-video-preview:-1\" \/>\n<link rel=\"canonical\" href=\"https:\/\/zapateneo.net\/wordpress\/index.php\/producto\/la-internacional-feminista-luchas-en-los-territorios-y-contra-el-neoliberalismo\/\" \/>\n<meta property=\"og:locale\" content=\"es_ES\" \/>\n<meta property=\"og:type\" content=\"article\" \/>\n<meta property=\"og:title\" content=\"LA INTERNACIONAL FEMINISTA LUCHAS EN LOS TERRITORIOS Y CONTRA EL NEOLIBERALISMO &#8212; Zapateneo\" \/>\n<meta property=\"og:description\" content=\"GAGO, VER\u00d3NICA MALO DE MOLINA, MARTA CAVALLERO, LUCI 9788412125955 - TRAFICANTES DE SUE\u00d1OS - 2020 - 116 p\u00e1ginas \/orri.\" \/>\n<meta property=\"og:url\" content=\"https:\/\/zapateneo.net\/wordpress\/index.php\/producto\/la-internacional-feminista-luchas-en-los-territorios-y-contra-el-neoliberalismo\/\" \/>\n<meta property=\"og:site_name\" content=\"Zapateneo\" \/>\n<meta property=\"article:modified_time\" content=\"2021-12-27T12:20:38+00:00\" \/>\n<meta property=\"og:image\" content=\"https:\/\/zapateneo.net\/wordpress\/wp-content\/uploads\/2021\/04\/internacional_fem_portada.jpg\" \/>\n\t<meta property=\"og:image:width\" content=\"230\" \/>\n\t<meta property=\"og:image:height\" content=\"400\" \/>\n\t<meta property=\"og:image:type\" content=\"image\/jpeg\" \/>\n<meta name=\"twitter:card\" content=\"summary_large_image\" \/>\n<meta name=\"twitter:site\" content=\"@zapateneo\" \/>\n<meta name=\"twitter:label1\" content=\"Tiempo de lectura\" \/>\n\t<meta name=\"twitter:data1\" content=\"1 minuto\" \/>\n<script type=\"application\/ld+json\" class=\"yoast-schema-graph\">{\"@context\":\"https:\\\/\\\/schema.org\",\"@graph\":[{\"@type\":\"WebPage\",\"@id\":\"https:\\\/\\\/zapateneo.net\\\/wordpress\\\/index.php\\\/producto\\\/la-internacional-feminista-luchas-en-los-territorios-y-contra-el-neoliberalismo\\\/\",\"url\":\"https:\\\/\\\/zapateneo.net\\\/wordpress\\\/index.php\\\/producto\\\/la-internacional-feminista-luchas-en-los-territorios-y-contra-el-neoliberalismo\\\/\",\"name\":\"LA INTERNACIONAL FEMINISTA LUCHAS EN LOS TERRITORIOS Y CONTRA EL NEOLIBERALISMO &#8212; Zapateneo\",\"isPartOf\":{\"@id\":\"https:\\\/\\\/zapateneo.net\\\/wordpress\\\/#website\"},\"primaryImageOfPage\":{\"@id\":\"https:\\\/\\\/zapateneo.net\\\/wordpress\\\/index.php\\\/producto\\\/la-internacional-feminista-luchas-en-los-territorios-y-contra-el-neoliberalismo\\\/#primaryimage\"},\"image\":{\"@id\":\"https:\\\/\\\/zapateneo.net\\\/wordpress\\\/index.php\\\/producto\\\/la-internacional-feminista-luchas-en-los-territorios-y-contra-el-neoliberalismo\\\/#primaryimage\"},\"thumbnailUrl\":\"https:\\\/\\\/zapateneo.net\\\/wordpress\\\/wp-content\\\/uploads\\\/2021\\\/04\\\/internacional_fem_portada.jpg\",\"datePublished\":\"2021-04-07T08:35:09+00:00\",\"dateModified\":\"2021-12-27T12:20:38+00:00\",\"breadcrumb\":{\"@id\":\"https:\\\/\\\/zapateneo.net\\\/wordpress\\\/index.php\\\/producto\\\/la-internacional-feminista-luchas-en-los-territorios-y-contra-el-neoliberalismo\\\/#breadcrumb\"},\"inLanguage\":\"es\",\"potentialAction\":[{\"@type\":\"ReadAction\",\"target\":[\"https:\\\/\\\/zapateneo.net\\\/wordpress\\\/index.php\\\/producto\\\/la-internacional-feminista-luchas-en-los-territorios-y-contra-el-neoliberalismo\\\/\"]}]},{\"@type\":\"ImageObject\",\"inLanguage\":\"es\",\"@id\":\"https:\\\/\\\/zapateneo.net\\\/wordpress\\\/index.php\\\/producto\\\/la-internacional-feminista-luchas-en-los-territorios-y-contra-el-neoliberalismo\\\/#primaryimage\",\"url\":\"https:\\\/\\\/zapateneo.net\\\/wordpress\\\/wp-content\\\/uploads\\\/2021\\\/04\\\/internacional_fem_portada.jpg\",\"contentUrl\":\"https:\\\/\\\/zapateneo.net\\\/wordpress\\\/wp-content\\\/uploads\\\/2021\\\/04\\\/internacional_fem_portada.jpg\",\"width\":230,\"height\":400},{\"@type\":\"BreadcrumbList\",\"@id\":\"https:\\\/\\\/zapateneo.net\\\/wordpress\\\/index.php\\\/producto\\\/la-internacional-feminista-luchas-en-los-territorios-y-contra-el-neoliberalismo\\\/#breadcrumb\",\"itemListElement\":[{\"@type\":\"ListItem\",\"position\":1,\"name\":\"Portada\",\"item\":\"https:\\\/\\\/zapateneo.net\\\/wordpress\\\/\"},{\"@type\":\"ListItem\",\"position\":2,\"name\":\"Tienda\",\"item\":\"https:\\\/\\\/zapateneo.net\\\/wordpress\\\/\"},{\"@type\":\"ListItem\",\"position\":3,\"name\":\"LA INTERNACIONAL FEMINISTA LUCHAS EN LOS TERRITORIOS Y CONTRA EL NEOLIBERALISMO\"}]},{\"@type\":\"WebSite\",\"@id\":\"https:\\\/\\\/zapateneo.net\\\/wordpress\\\/#website\",\"url\":\"https:\\\/\\\/zapateneo.net\\\/wordpress\\\/\",\"name\":\"Zapateneo\",\"description\":\"Zapateneoaren webgunea\",\"publisher\":{\"@id\":\"https:\\\/\\\/zapateneo.net\\\/wordpress\\\/#organization\"},\"potentialAction\":[{\"@type\":\"SearchAction\",\"target\":{\"@type\":\"EntryPoint\",\"urlTemplate\":\"https:\\\/\\\/zapateneo.net\\\/wordpress\\\/?s={search_term_string}\"},\"query-input\":{\"@type\":\"PropertyValueSpecification\",\"valueRequired\":true,\"valueName\":\"search_term_string\"}}],\"inLanguage\":\"es\"},{\"@type\":\"Organization\",\"@id\":\"https:\\\/\\\/zapateneo.net\\\/wordpress\\\/#organization\",\"name\":\"Zapateneo Kultur Elkartea\",\"url\":\"https:\\\/\\\/zapateneo.net\\\/wordpress\\\/\",\"logo\":{\"@type\":\"ImageObject\",\"inLanguage\":\"es\",\"@id\":\"https:\\\/\\\/zapateneo.net\\\/wordpress\\\/#\\\/schema\\\/logo\\\/image\\\/\",\"url\":\"https:\\\/\\\/zapateneo.net\\\/wordpress\\\/wp-content\\\/uploads\\\/2021\\\/04\\\/zap-libu-kolec.jpg\",\"contentUrl\":\"https:\\\/\\\/zapateneo.net\\\/wordpress\\\/wp-content\\\/uploads\\\/2021\\\/04\\\/zap-libu-kolec.jpg\",\"width\":2234,\"height\":398,\"caption\":\"Zapateneo Kultur Elkartea\"},\"image\":{\"@id\":\"https:\\\/\\\/zapateneo.net\\\/wordpress\\\/#\\\/schema\\\/logo\\\/image\\\/\"},\"sameAs\":[\"https:\\\/\\\/x.com\\\/zapateneo\"]}]}<\/script>\n<!-- \/ Yoast SEO plugin. -->","yoast_head_json":{"title":"LA INTERNACIONAL FEMINISTA LUCHAS EN LOS TERRITORIOS Y CONTRA EL NEOLIBERALISMO &#8212; Zapateneo","robots":{"index":"index","follow":"follow","max-snippet":"max-snippet:-1","max-image-preview":"max-image-preview:large","max-video-preview":"max-video-preview:-1"},"canonical":"https:\/\/zapateneo.net\/wordpress\/index.php\/producto\/la-internacional-feminista-luchas-en-los-territorios-y-contra-el-neoliberalismo\/","og_locale":"es_ES","og_type":"article","og_title":"LA INTERNACIONAL FEMINISTA LUCHAS EN LOS TERRITORIOS Y CONTRA EL NEOLIBERALISMO &#8212; Zapateneo","og_description":"GAGO, VER\u00d3NICA MALO DE MOLINA, MARTA CAVALLERO, LUCI 9788412125955 - TRAFICANTES DE SUE\u00d1OS - 2020 - 116 p\u00e1ginas \/orri.","og_url":"https:\/\/zapateneo.net\/wordpress\/index.php\/producto\/la-internacional-feminista-luchas-en-los-territorios-y-contra-el-neoliberalismo\/","og_site_name":"Zapateneo","article_modified_time":"2021-12-27T12:20:38+00:00","og_image":[{"width":230,"height":400,"url":"https:\/\/zapateneo.net\/wordpress\/wp-content\/uploads\/2021\/04\/internacional_fem_portada.jpg","type":"image\/jpeg"}],"twitter_card":"summary_large_image","twitter_site":"@zapateneo","twitter_misc":{"Tiempo de lectura":"1 minuto"},"schema":{"@context":"https:\/\/schema.org","@graph":[{"@type":"WebPage","@id":"https:\/\/zapateneo.net\/wordpress\/index.php\/producto\/la-internacional-feminista-luchas-en-los-territorios-y-contra-el-neoliberalismo\/","url":"https:\/\/zapateneo.net\/wordpress\/index.php\/producto\/la-internacional-feminista-luchas-en-los-territorios-y-contra-el-neoliberalismo\/","name":"LA INTERNACIONAL FEMINISTA LUCHAS EN LOS TERRITORIOS Y CONTRA EL NEOLIBERALISMO &#8212; Zapateneo","isPartOf":{"@id":"https:\/\/zapateneo.net\/wordpress\/#website"},"primaryImageOfPage":{"@id":"https:\/\/zapateneo.net\/wordpress\/index.php\/producto\/la-internacional-feminista-luchas-en-los-territorios-y-contra-el-neoliberalismo\/#primaryimage"},"image":{"@id":"https:\/\/zapateneo.net\/wordpress\/index.php\/producto\/la-internacional-feminista-luchas-en-los-territorios-y-contra-el-neoliberalismo\/#primaryimage"},"thumbnailUrl":"https:\/\/zapateneo.net\/wordpress\/wp-content\/uploads\/2021\/04\/internacional_fem_portada.jpg","datePublished":"2021-04-07T08:35:09+00:00","dateModified":"2021-12-27T12:20:38+00:00","breadcrumb":{"@id":"https:\/\/zapateneo.net\/wordpress\/index.php\/producto\/la-internacional-feminista-luchas-en-los-territorios-y-contra-el-neoliberalismo\/#breadcrumb"},"inLanguage":"es","potentialAction":[{"@type":"ReadAction","target":["https:\/\/zapateneo.net\/wordpress\/index.php\/producto\/la-internacional-feminista-luchas-en-los-territorios-y-contra-el-neoliberalismo\/"]}]},{"@type":"ImageObject","inLanguage":"es","@id":"https:\/\/zapateneo.net\/wordpress\/index.php\/producto\/la-internacional-feminista-luchas-en-los-territorios-y-contra-el-neoliberalismo\/#primaryimage","url":"https:\/\/zapateneo.net\/wordpress\/wp-content\/uploads\/2021\/04\/internacional_fem_portada.jpg","contentUrl":"https:\/\/zapateneo.net\/wordpress\/wp-content\/uploads\/2021\/04\/internacional_fem_portada.jpg","width":230,"height":400},{"@type":"BreadcrumbList","@id":"https:\/\/zapateneo.net\/wordpress\/index.php\/producto\/la-internacional-feminista-luchas-en-los-territorios-y-contra-el-neoliberalismo\/#breadcrumb","itemListElement":[{"@type":"ListItem","position":1,"name":"Portada","item":"https:\/\/zapateneo.net\/wordpress\/"},{"@type":"ListItem","position":2,"name":"Tienda","item":"https:\/\/zapateneo.net\/wordpress\/"},{"@type":"ListItem","position":3,"name":"LA INTERNACIONAL FEMINISTA LUCHAS EN LOS TERRITORIOS Y CONTRA EL NEOLIBERALISMO"}]},{"@type":"WebSite","@id":"https:\/\/zapateneo.net\/wordpress\/#website","url":"https:\/\/zapateneo.net\/wordpress\/","name":"Zapateneo","description":"Zapateneoaren webgunea","publisher":{"@id":"https:\/\/zapateneo.net\/wordpress\/#organization"},"potentialAction":[{"@type":"SearchAction","target":{"@type":"EntryPoint","urlTemplate":"https:\/\/zapateneo.net\/wordpress\/?s={search_term_string}"},"query-input":{"@type":"PropertyValueSpecification","valueRequired":true,"valueName":"search_term_string"}}],"inLanguage":"es"},{"@type":"Organization","@id":"https:\/\/zapateneo.net\/wordpress\/#organization","name":"Zapateneo Kultur Elkartea","url":"https:\/\/zapateneo.net\/wordpress\/","logo":{"@type":"ImageObject","inLanguage":"es","@id":"https:\/\/zapateneo.net\/wordpress\/#\/schema\/logo\/image\/","url":"https:\/\/zapateneo.net\/wordpress\/wp-content\/uploads\/2021\/04\/zap-libu-kolec.jpg","contentUrl":"https:\/\/zapateneo.net\/wordpress\/wp-content\/uploads\/2021\/04\/zap-libu-kolec.jpg","width":2234,"height":398,"caption":"Zapateneo Kultur Elkartea"},"image":{"@id":"https:\/\/zapateneo.net\/wordpress\/#\/schema\/logo\/image\/"},"sameAs":["https:\/\/x.com\/zapateneo"]}]}},"_links":{"self":[{"href":"https:\/\/zapateneo.net\/wordpress\/index.php\/wp-json\/wp\/v2\/product\/1888","targetHints":{"allow":["GET"]}}],"collection":[{"href":"https:\/\/zapateneo.net\/wordpress\/index.php\/wp-json\/wp\/v2\/product"}],"about":[{"href":"https:\/\/zapateneo.net\/wordpress\/index.php\/wp-json\/wp\/v2\/types\/product"}],"wp:featuredmedia":[{"embeddable":true,"href":"https:\/\/zapateneo.net\/wordpress\/index.php\/wp-json\/wp\/v2\/media\/1916"}],"wp:attachment":[{"href":"https:\/\/zapateneo.net\/wordpress\/index.php\/wp-json\/wp\/v2\/media?parent=1888"}],"wp:term":[{"taxonomy":"product_brand","embeddable":true,"href":"https:\/\/zapateneo.net\/wordpress\/index.php\/wp-json\/wp\/v2\/product_brand?post=1888"},{"taxonomy":"product_cat","embeddable":true,"href":"https:\/\/zapateneo.net\/wordpress\/index.php\/wp-json\/wp\/v2\/product_cat?post=1888"},{"taxonomy":"product_tag","embeddable":true,"href":"https:\/\/zapateneo.net\/wordpress\/index.php\/wp-json\/wp\/v2\/product_tag?post=1888"}],"curies":[{"name":"wp","href":"https:\/\/api.w.org\/{rel}","templated":true}]}}