{"id":1881,"date":"2021-04-07T09:35:07","date_gmt":"2021-04-07T08:35:07","guid":{"rendered":"https:\/\/zapateneo.net\/wordpress\/?post_type=product&#038;p=1881"},"modified":"2021-04-07T09:35:26","modified_gmt":"2021-04-07T08:35:26","slug":"esposas-nefastas-y-otras-aberraciones-el-dispositivo-juridico-como-red-de-construccion-de-feminida","status":"publish","type":"product","link":"https:\/\/zapateneo.net\/wordpress\/index.php\/producto\/esposas-nefastas-y-otras-aberraciones-el-dispositivo-juridico-como-red-de-construccion-de-feminida\/","title":{"rendered":"Esposas nefastas  y otras aberraciones. El dispositivo jur\u00eddico como red de construcci\u00f3n de feminida"},"content":{"rendered":"<p>El dispositivo jur\u00eddico como red de construcci\u00f3n de feminidad. Esposas nefastas pretende ser un recorrido a la b\u00fasqueda de una posici\u00f3n de g\u00e9nero en el discurso anarquista de nuestros d\u00edas. Qu\u00e9 duda cabe que muchos discursos anarquistas desde el siglo XIX abren la posibilidad de cuestionar el sujeto \u00fanico y universal cl\u00e1sico del anarquismo, pero es necesario dar un paso m\u00e1s para explicitar las opresiones y dificultades que los alterizados y alterizadas, excluidxs del discurso legitimado, encuentran en su participaci\u00f3n pol\u00edtica. Esposas nefastas sorprende a lxs incr\u00e9dulos igualitaristas y ratifica a lxs que sospechan de las bondades del sistema: la feminidad que pretenden construir los actuales sistemas de derecho neoliberales, mediante el uso performativo del lenguaje jurisprudencial, no se aleja demasiado de las concepciones patriarcales cl\u00e1sicas.<\/p>\n","protected":false},"excerpt":{"rendered":"<p><strong>Macaya-Andr\u00e9s, Laura<\/strong><br \/>\n9788461648429 &#8211; Diletants &#8211; 2014 &#8211; 130 p\u00e1ginas \/orri.<\/p>\n","protected":false},"featured_media":1910,"template":"","meta":[],"product_brand":[],"product_cat":[174,16],"product_tag":[1442,1440],"class_list":{"0":"post-1881","1":"product","2":"type-product","3":"status-publish","4":"has-post-thumbnail","6":"product_cat-generoak-generos","7":"product_cat-libros","8":"product_tag-diletants","9":"product_tag-macaya-andres","11":"first","12":"instock","13":"sold-individually","14":"shipping-taxable","15":"purchasable","16":"product-type-simple"},"yoast_head":"<!-- This site is optimized with the Yoast SEO plugin v27.4 - https:\/\/yoast.com\/product\/yoast-seo-wordpress\/ -->\n<title>Esposas nefastas y otras aberraciones. El dispositivo jur\u00eddico como red de construcci\u00f3n de feminida &#8212; Zapateneo<\/title>\n<meta name=\"robots\" content=\"index, follow, max-snippet:-1, max-image-preview:large, max-video-preview:-1\" \/>\n<link rel=\"canonical\" href=\"https:\/\/zapateneo.net\/wordpress\/index.php\/producto\/esposas-nefastas-y-otras-aberraciones-el-dispositivo-juridico-como-red-de-construccion-de-feminida\/\" \/>\n<meta property=\"og:locale\" content=\"es_ES\" \/>\n<meta property=\"og:type\" content=\"article\" \/>\n<meta property=\"og:title\" content=\"Esposas nefastas y otras aberraciones. El dispositivo jur\u00eddico como red de construcci\u00f3n de feminida &#8212; Zapateneo\" \/>\n<meta property=\"og:description\" content=\"Macaya-Andr\u00e9s, Laura 9788461648429 - Diletants - 2014 - 130 p\u00e1ginas \/orri.\" \/>\n<meta property=\"og:url\" content=\"https:\/\/zapateneo.net\/wordpress\/index.php\/producto\/esposas-nefastas-y-otras-aberraciones-el-dispositivo-juridico-como-red-de-construccion-de-feminida\/\" \/>\n<meta property=\"og:site_name\" content=\"Zapateneo\" \/>\n<meta property=\"article:modified_time\" content=\"2021-04-07T08:35:26+00:00\" \/>\n<meta property=\"og:image\" content=\"https:\/\/zapateneo.net\/wordpress\/wp-content\/uploads\/2021\/04\/esposas.jpg\" \/>\n\t<meta property=\"og:image:width\" content=\"120\" \/>\n\t<meta property=\"og:image:height\" content=\"162\" \/>\n\t<meta property=\"og:image:type\" content=\"image\/jpeg\" \/>\n<meta name=\"twitter:card\" content=\"summary_large_image\" \/>\n<meta name=\"twitter:site\" content=\"@zapateneo\" \/>\n<meta name=\"twitter:label1\" content=\"Tiempo de lectura\" \/>\n\t<meta name=\"twitter:data1\" content=\"1 minuto\" \/>\n<script type=\"application\/ld+json\" class=\"yoast-schema-graph\">{\"@context\":\"https:\\\/\\\/schema.org\",\"@graph\":[{\"@type\":\"WebPage\",\"@id\":\"https:\\\/\\\/zapateneo.net\\\/wordpress\\\/index.php\\\/producto\\\/esposas-nefastas-y-otras-aberraciones-el-dispositivo-juridico-como-red-de-construccion-de-feminida\\\/\",\"url\":\"https:\\\/\\\/zapateneo.net\\\/wordpress\\\/index.php\\\/producto\\\/esposas-nefastas-y-otras-aberraciones-el-dispositivo-juridico-como-red-de-construccion-de-feminida\\\/\",\"name\":\"Esposas nefastas y otras aberraciones. El dispositivo jur\u00eddico como red de construcci\u00f3n de feminida &#8212; Zapateneo\",\"isPartOf\":{\"@id\":\"https:\\\/\\\/zapateneo.net\\\/wordpress\\\/#website\"},\"primaryImageOfPage\":{\"@id\":\"https:\\\/\\\/zapateneo.net\\\/wordpress\\\/index.php\\\/producto\\\/esposas-nefastas-y-otras-aberraciones-el-dispositivo-juridico-como-red-de-construccion-de-feminida\\\/#primaryimage\"},\"image\":{\"@id\":\"https:\\\/\\\/zapateneo.net\\\/wordpress\\\/index.php\\\/producto\\\/esposas-nefastas-y-otras-aberraciones-el-dispositivo-juridico-como-red-de-construccion-de-feminida\\\/#primaryimage\"},\"thumbnailUrl\":\"https:\\\/\\\/zapateneo.net\\\/wordpress\\\/wp-content\\\/uploads\\\/2021\\\/04\\\/esposas.jpg\",\"datePublished\":\"2021-04-07T08:35:07+00:00\",\"dateModified\":\"2021-04-07T08:35:26+00:00\",\"breadcrumb\":{\"@id\":\"https:\\\/\\\/zapateneo.net\\\/wordpress\\\/index.php\\\/producto\\\/esposas-nefastas-y-otras-aberraciones-el-dispositivo-juridico-como-red-de-construccion-de-feminida\\\/#breadcrumb\"},\"inLanguage\":\"es\",\"potentialAction\":[{\"@type\":\"ReadAction\",\"target\":[\"https:\\\/\\\/zapateneo.net\\\/wordpress\\\/index.php\\\/producto\\\/esposas-nefastas-y-otras-aberraciones-el-dispositivo-juridico-como-red-de-construccion-de-feminida\\\/\"]}]},{\"@type\":\"ImageObject\",\"inLanguage\":\"es\",\"@id\":\"https:\\\/\\\/zapateneo.net\\\/wordpress\\\/index.php\\\/producto\\\/esposas-nefastas-y-otras-aberraciones-el-dispositivo-juridico-como-red-de-construccion-de-feminida\\\/#primaryimage\",\"url\":\"https:\\\/\\\/zapateneo.net\\\/wordpress\\\/wp-content\\\/uploads\\\/2021\\\/04\\\/esposas.jpg\",\"contentUrl\":\"https:\\\/\\\/zapateneo.net\\\/wordpress\\\/wp-content\\\/uploads\\\/2021\\\/04\\\/esposas.jpg\",\"width\":120,\"height\":162},{\"@type\":\"BreadcrumbList\",\"@id\":\"https:\\\/\\\/zapateneo.net\\\/wordpress\\\/index.php\\\/producto\\\/esposas-nefastas-y-otras-aberraciones-el-dispositivo-juridico-como-red-de-construccion-de-feminida\\\/#breadcrumb\",\"itemListElement\":[{\"@type\":\"ListItem\",\"position\":1,\"name\":\"Portada\",\"item\":\"https:\\\/\\\/zapateneo.net\\\/wordpress\\\/\"},{\"@type\":\"ListItem\",\"position\":2,\"name\":\"Tienda\",\"item\":\"https:\\\/\\\/zapateneo.net\\\/wordpress\\\/\"},{\"@type\":\"ListItem\",\"position\":3,\"name\":\"Esposas nefastas y otras aberraciones. El dispositivo jur\u00eddico como red de construcci\u00f3n de feminida\"}]},{\"@type\":\"WebSite\",\"@id\":\"https:\\\/\\\/zapateneo.net\\\/wordpress\\\/#website\",\"url\":\"https:\\\/\\\/zapateneo.net\\\/wordpress\\\/\",\"name\":\"Zapateneo\",\"description\":\"Zapateneoaren webgunea\",\"publisher\":{\"@id\":\"https:\\\/\\\/zapateneo.net\\\/wordpress\\\/#organization\"},\"potentialAction\":[{\"@type\":\"SearchAction\",\"target\":{\"@type\":\"EntryPoint\",\"urlTemplate\":\"https:\\\/\\\/zapateneo.net\\\/wordpress\\\/?s={search_term_string}\"},\"query-input\":{\"@type\":\"PropertyValueSpecification\",\"valueRequired\":true,\"valueName\":\"search_term_string\"}}],\"inLanguage\":\"es\"},{\"@type\":\"Organization\",\"@id\":\"https:\\\/\\\/zapateneo.net\\\/wordpress\\\/#organization\",\"name\":\"Zapateneo Kultur Elkartea\",\"url\":\"https:\\\/\\\/zapateneo.net\\\/wordpress\\\/\",\"logo\":{\"@type\":\"ImageObject\",\"inLanguage\":\"es\",\"@id\":\"https:\\\/\\\/zapateneo.net\\\/wordpress\\\/#\\\/schema\\\/logo\\\/image\\\/\",\"url\":\"https:\\\/\\\/zapateneo.net\\\/wordpress\\\/wp-content\\\/uploads\\\/2021\\\/04\\\/zap-libu-kolec.jpg\",\"contentUrl\":\"https:\\\/\\\/zapateneo.net\\\/wordpress\\\/wp-content\\\/uploads\\\/2021\\\/04\\\/zap-libu-kolec.jpg\",\"width\":2234,\"height\":398,\"caption\":\"Zapateneo Kultur Elkartea\"},\"image\":{\"@id\":\"https:\\\/\\\/zapateneo.net\\\/wordpress\\\/#\\\/schema\\\/logo\\\/image\\\/\"},\"sameAs\":[\"https:\\\/\\\/x.com\\\/zapateneo\"]}]}<\/script>\n<!-- \/ Yoast SEO plugin. -->","yoast_head_json":{"title":"Esposas nefastas y otras aberraciones. El dispositivo jur\u00eddico como red de construcci\u00f3n de feminida &#8212; Zapateneo","robots":{"index":"index","follow":"follow","max-snippet":"max-snippet:-1","max-image-preview":"max-image-preview:large","max-video-preview":"max-video-preview:-1"},"canonical":"https:\/\/zapateneo.net\/wordpress\/index.php\/producto\/esposas-nefastas-y-otras-aberraciones-el-dispositivo-juridico-como-red-de-construccion-de-feminida\/","og_locale":"es_ES","og_type":"article","og_title":"Esposas nefastas y otras aberraciones. El dispositivo jur\u00eddico como red de construcci\u00f3n de feminida &#8212; Zapateneo","og_description":"Macaya-Andr\u00e9s, Laura 9788461648429 - Diletants - 2014 - 130 p\u00e1ginas \/orri.","og_url":"https:\/\/zapateneo.net\/wordpress\/index.php\/producto\/esposas-nefastas-y-otras-aberraciones-el-dispositivo-juridico-como-red-de-construccion-de-feminida\/","og_site_name":"Zapateneo","article_modified_time":"2021-04-07T08:35:26+00:00","og_image":[{"width":120,"height":162,"url":"https:\/\/zapateneo.net\/wordpress\/wp-content\/uploads\/2021\/04\/esposas.jpg","type":"image\/jpeg"}],"twitter_card":"summary_large_image","twitter_site":"@zapateneo","twitter_misc":{"Tiempo de lectura":"1 minuto"},"schema":{"@context":"https:\/\/schema.org","@graph":[{"@type":"WebPage","@id":"https:\/\/zapateneo.net\/wordpress\/index.php\/producto\/esposas-nefastas-y-otras-aberraciones-el-dispositivo-juridico-como-red-de-construccion-de-feminida\/","url":"https:\/\/zapateneo.net\/wordpress\/index.php\/producto\/esposas-nefastas-y-otras-aberraciones-el-dispositivo-juridico-como-red-de-construccion-de-feminida\/","name":"Esposas nefastas y otras aberraciones. El dispositivo jur\u00eddico como red de construcci\u00f3n de feminida &#8212; Zapateneo","isPartOf":{"@id":"https:\/\/zapateneo.net\/wordpress\/#website"},"primaryImageOfPage":{"@id":"https:\/\/zapateneo.net\/wordpress\/index.php\/producto\/esposas-nefastas-y-otras-aberraciones-el-dispositivo-juridico-como-red-de-construccion-de-feminida\/#primaryimage"},"image":{"@id":"https:\/\/zapateneo.net\/wordpress\/index.php\/producto\/esposas-nefastas-y-otras-aberraciones-el-dispositivo-juridico-como-red-de-construccion-de-feminida\/#primaryimage"},"thumbnailUrl":"https:\/\/zapateneo.net\/wordpress\/wp-content\/uploads\/2021\/04\/esposas.jpg","datePublished":"2021-04-07T08:35:07+00:00","dateModified":"2021-04-07T08:35:26+00:00","breadcrumb":{"@id":"https:\/\/zapateneo.net\/wordpress\/index.php\/producto\/esposas-nefastas-y-otras-aberraciones-el-dispositivo-juridico-como-red-de-construccion-de-feminida\/#breadcrumb"},"inLanguage":"es","potentialAction":[{"@type":"ReadAction","target":["https:\/\/zapateneo.net\/wordpress\/index.php\/producto\/esposas-nefastas-y-otras-aberraciones-el-dispositivo-juridico-como-red-de-construccion-de-feminida\/"]}]},{"@type":"ImageObject","inLanguage":"es","@id":"https:\/\/zapateneo.net\/wordpress\/index.php\/producto\/esposas-nefastas-y-otras-aberraciones-el-dispositivo-juridico-como-red-de-construccion-de-feminida\/#primaryimage","url":"https:\/\/zapateneo.net\/wordpress\/wp-content\/uploads\/2021\/04\/esposas.jpg","contentUrl":"https:\/\/zapateneo.net\/wordpress\/wp-content\/uploads\/2021\/04\/esposas.jpg","width":120,"height":162},{"@type":"BreadcrumbList","@id":"https:\/\/zapateneo.net\/wordpress\/index.php\/producto\/esposas-nefastas-y-otras-aberraciones-el-dispositivo-juridico-como-red-de-construccion-de-feminida\/#breadcrumb","itemListElement":[{"@type":"ListItem","position":1,"name":"Portada","item":"https:\/\/zapateneo.net\/wordpress\/"},{"@type":"ListItem","position":2,"name":"Tienda","item":"https:\/\/zapateneo.net\/wordpress\/"},{"@type":"ListItem","position":3,"name":"Esposas nefastas y otras aberraciones. El dispositivo jur\u00eddico como red de construcci\u00f3n de feminida"}]},{"@type":"WebSite","@id":"https:\/\/zapateneo.net\/wordpress\/#website","url":"https:\/\/zapateneo.net\/wordpress\/","name":"Zapateneo","description":"Zapateneoaren webgunea","publisher":{"@id":"https:\/\/zapateneo.net\/wordpress\/#organization"},"potentialAction":[{"@type":"SearchAction","target":{"@type":"EntryPoint","urlTemplate":"https:\/\/zapateneo.net\/wordpress\/?s={search_term_string}"},"query-input":{"@type":"PropertyValueSpecification","valueRequired":true,"valueName":"search_term_string"}}],"inLanguage":"es"},{"@type":"Organization","@id":"https:\/\/zapateneo.net\/wordpress\/#organization","name":"Zapateneo Kultur Elkartea","url":"https:\/\/zapateneo.net\/wordpress\/","logo":{"@type":"ImageObject","inLanguage":"es","@id":"https:\/\/zapateneo.net\/wordpress\/#\/schema\/logo\/image\/","url":"https:\/\/zapateneo.net\/wordpress\/wp-content\/uploads\/2021\/04\/zap-libu-kolec.jpg","contentUrl":"https:\/\/zapateneo.net\/wordpress\/wp-content\/uploads\/2021\/04\/zap-libu-kolec.jpg","width":2234,"height":398,"caption":"Zapateneo Kultur Elkartea"},"image":{"@id":"https:\/\/zapateneo.net\/wordpress\/#\/schema\/logo\/image\/"},"sameAs":["https:\/\/x.com\/zapateneo"]}]}},"_links":{"self":[{"href":"https:\/\/zapateneo.net\/wordpress\/index.php\/wp-json\/wp\/v2\/product\/1881","targetHints":{"allow":["GET"]}}],"collection":[{"href":"https:\/\/zapateneo.net\/wordpress\/index.php\/wp-json\/wp\/v2\/product"}],"about":[{"href":"https:\/\/zapateneo.net\/wordpress\/index.php\/wp-json\/wp\/v2\/types\/product"}],"wp:featuredmedia":[{"embeddable":true,"href":"https:\/\/zapateneo.net\/wordpress\/index.php\/wp-json\/wp\/v2\/media\/1910"}],"wp:attachment":[{"href":"https:\/\/zapateneo.net\/wordpress\/index.php\/wp-json\/wp\/v2\/media?parent=1881"}],"wp:term":[{"taxonomy":"product_brand","embeddable":true,"href":"https:\/\/zapateneo.net\/wordpress\/index.php\/wp-json\/wp\/v2\/product_brand?post=1881"},{"taxonomy":"product_cat","embeddable":true,"href":"https:\/\/zapateneo.net\/wordpress\/index.php\/wp-json\/wp\/v2\/product_cat?post=1881"},{"taxonomy":"product_tag","embeddable":true,"href":"https:\/\/zapateneo.net\/wordpress\/index.php\/wp-json\/wp\/v2\/product_tag?post=1881"}],"curies":[{"name":"wp","href":"https:\/\/api.w.org\/{rel}","templated":true}]}}