{"id":1853,"date":"2021-04-07T09:34:44","date_gmt":"2021-04-07T08:34:44","guid":{"rendered":"https:\/\/zapateneo.net\/wordpress\/?post_type=product&#038;p=1853"},"modified":"2023-04-11T20:27:17","modified_gmt":"2023-04-11T19:27:17","slug":"desmontando-al-homo-economicus-postales-desde-isla-ternura","status":"publish","type":"product","link":"https:\/\/zapateneo.net\/wordpress\/index.php\/producto\/desmontando-al-homo-economicus-postales-desde-isla-ternura\/","title":{"rendered":"Desmontando al Homo Economicus. Postales desde Isla Ternura"},"content":{"rendered":"<p>El primer manual de teor\u00eda feminista con metodolog\u00eda genital<\/p>\n<p> Desigualdades de todo tipo, estereotipos de g\u00e9nero y sus males asociados, racismo, clasismo, sexismo, opresi\u00f3n heteropatriarcal, ideolog\u00eda neoliberal&#8230; Leemos feminismos y otras teor\u00edas cr\u00edticas y llegamos a la conclusi\u00f3n de que la \u00abcultura\u00bb est\u00e1 llena de estos y otros problemas \u00absociales\u00bb. Pero parece que \u00absociedad\u00bb y \u00abcultura\u00bb fuesen como cajones de sastre en que colocamos la ra\u00edz de los problemas sin que podamos hacer nada por resolverlos.  Si la sociedad somos las personas, organizadas en torno a una cultura, \u00bfqu\u00e9 es, entonces, la cultura, y por qu\u00e9 en ella radican todos los males que nos hacen tanto da\u00f1o? \u00bfPor qu\u00e9 es tan dif\u00edcil cambiarla? \u00bfY si en lugar de habitar nosotras en la cultura, fuera ella la que nos habita a nosotras? \u00bfY si tuvi\u00e9ramos una cultura dentro del cuerpo, que nos estructura y nos produce de una determinada manera? \u00bfC\u00f3mo se llamar\u00eda esa cultura? Y lo que es m\u00e1s importante, \u00bfc\u00f3mo podr\u00edamos sac\u00e1rnosla de adentro?<\/p>\n<p>En Desmontando al Homo Economicus, Enara I y Belu M. al teclado, y Luc\u00eda C. a las ilustraciones, proponen ideas, visiones y ejercicios para acorralar las narrativas que, desde dentro del cuerpo, hacen que seamos quienes otros quieren que seamos y que hagamos lo que no queremos hacer. Tom\u00e9nselo como un manual pr\u00e1ctica de despatriarcalizaci\u00f3n radical.<\/p>\n","protected":false},"excerpt":{"rendered":"<p><strong>Bel\u00e9n Martin y Enara Dom\u00ednguez<\/strong><br \/>\n9788412144352 &#8211; Zambra-Baladre &#8211; 2021 &#8211; 417 p\u00e1ginas \/orri.<\/p>\n","protected":false},"featured_media":1905,"template":"","meta":[],"product_brand":[],"product_cat":[174,16],"product_tag":[4257,6067,6068,839],"class_list":{"0":"post-1853","1":"product","2":"type-product","3":"status-publish","4":"has-post-thumbnail","6":"product_cat-generoak-generos","7":"product_cat-libros","8":"product_tag-baladre","9":"product_tag-belen-martin","10":"product_tag-enara-dominguez","11":"product_tag-zambra","13":"first","14":"instock","15":"sold-individually","16":"shipping-taxable","17":"purchasable","18":"product-type-simple"},"yoast_head":"<!-- This site is optimized with the Yoast SEO plugin v27.3 - https:\/\/yoast.com\/product\/yoast-seo-wordpress\/ -->\n<title>Desmontando al Homo Economicus. Postales desde Isla Ternura &#8212; Zapateneo<\/title>\n<meta name=\"robots\" content=\"index, follow, max-snippet:-1, max-image-preview:large, max-video-preview:-1\" \/>\n<link rel=\"canonical\" href=\"https:\/\/zapateneo.net\/wordpress\/index.php\/producto\/desmontando-al-homo-economicus-postales-desde-isla-ternura\/\" \/>\n<meta property=\"og:locale\" content=\"es_ES\" \/>\n<meta property=\"og:type\" content=\"article\" \/>\n<meta property=\"og:title\" content=\"Desmontando al Homo Economicus. Postales desde Isla Ternura &#8212; Zapateneo\" \/>\n<meta property=\"og:description\" content=\"Bel\u00e9n Martin y Enara Dom\u00ednguez 9788412144352 - Zambra-Baladre - 2021 - 417 p\u00e1ginas \/orri.\" \/>\n<meta property=\"og:url\" content=\"https:\/\/zapateneo.net\/wordpress\/index.php\/producto\/desmontando-al-homo-economicus-postales-desde-isla-ternura\/\" \/>\n<meta property=\"og:site_name\" content=\"Zapateneo\" \/>\n<meta property=\"article:modified_time\" content=\"2023-04-11T19:27:17+00:00\" \/>\n<meta property=\"og:image\" content=\"https:\/\/zapateneo.net\/wordpress\/wp-content\/uploads\/2021\/04\/desmontando-homo-economicus.jpg\" \/>\n\t<meta property=\"og:image:width\" content=\"291\" \/>\n\t<meta property=\"og:image:height\" content=\"400\" \/>\n\t<meta property=\"og:image:type\" content=\"image\/jpeg\" \/>\n<meta name=\"twitter:card\" content=\"summary_large_image\" \/>\n<meta name=\"twitter:site\" content=\"@zapateneo\" \/>\n<meta name=\"twitter:label1\" content=\"Tiempo de lectura\" \/>\n\t<meta name=\"twitter:data1\" content=\"1 minuto\" \/>\n<script type=\"application\/ld+json\" class=\"yoast-schema-graph\">{\"@context\":\"https:\\\/\\\/schema.org\",\"@graph\":[{\"@type\":\"WebPage\",\"@id\":\"https:\\\/\\\/zapateneo.net\\\/wordpress\\\/index.php\\\/producto\\\/desmontando-al-homo-economicus-postales-desde-isla-ternura\\\/\",\"url\":\"https:\\\/\\\/zapateneo.net\\\/wordpress\\\/index.php\\\/producto\\\/desmontando-al-homo-economicus-postales-desde-isla-ternura\\\/\",\"name\":\"Desmontando al Homo Economicus. Postales desde Isla Ternura &#8212; Zapateneo\",\"isPartOf\":{\"@id\":\"https:\\\/\\\/zapateneo.net\\\/wordpress\\\/#website\"},\"primaryImageOfPage\":{\"@id\":\"https:\\\/\\\/zapateneo.net\\\/wordpress\\\/index.php\\\/producto\\\/desmontando-al-homo-economicus-postales-desde-isla-ternura\\\/#primaryimage\"},\"image\":{\"@id\":\"https:\\\/\\\/zapateneo.net\\\/wordpress\\\/index.php\\\/producto\\\/desmontando-al-homo-economicus-postales-desde-isla-ternura\\\/#primaryimage\"},\"thumbnailUrl\":\"https:\\\/\\\/zapateneo.net\\\/wordpress\\\/wp-content\\\/uploads\\\/2021\\\/04\\\/desmontando-homo-economicus.jpg\",\"datePublished\":\"2021-04-07T08:34:44+00:00\",\"dateModified\":\"2023-04-11T19:27:17+00:00\",\"breadcrumb\":{\"@id\":\"https:\\\/\\\/zapateneo.net\\\/wordpress\\\/index.php\\\/producto\\\/desmontando-al-homo-economicus-postales-desde-isla-ternura\\\/#breadcrumb\"},\"inLanguage\":\"es\",\"potentialAction\":[{\"@type\":\"ReadAction\",\"target\":[\"https:\\\/\\\/zapateneo.net\\\/wordpress\\\/index.php\\\/producto\\\/desmontando-al-homo-economicus-postales-desde-isla-ternura\\\/\"]}]},{\"@type\":\"ImageObject\",\"inLanguage\":\"es\",\"@id\":\"https:\\\/\\\/zapateneo.net\\\/wordpress\\\/index.php\\\/producto\\\/desmontando-al-homo-economicus-postales-desde-isla-ternura\\\/#primaryimage\",\"url\":\"https:\\\/\\\/zapateneo.net\\\/wordpress\\\/wp-content\\\/uploads\\\/2021\\\/04\\\/desmontando-homo-economicus.jpg\",\"contentUrl\":\"https:\\\/\\\/zapateneo.net\\\/wordpress\\\/wp-content\\\/uploads\\\/2021\\\/04\\\/desmontando-homo-economicus.jpg\",\"width\":291,\"height\":400},{\"@type\":\"BreadcrumbList\",\"@id\":\"https:\\\/\\\/zapateneo.net\\\/wordpress\\\/index.php\\\/producto\\\/desmontando-al-homo-economicus-postales-desde-isla-ternura\\\/#breadcrumb\",\"itemListElement\":[{\"@type\":\"ListItem\",\"position\":1,\"name\":\"Portada\",\"item\":\"https:\\\/\\\/zapateneo.net\\\/wordpress\\\/\"},{\"@type\":\"ListItem\",\"position\":2,\"name\":\"Tienda\",\"item\":\"https:\\\/\\\/zapateneo.net\\\/wordpress\\\/\"},{\"@type\":\"ListItem\",\"position\":3,\"name\":\"Desmontando al Homo Economicus. Postales desde Isla Ternura\"}]},{\"@type\":\"WebSite\",\"@id\":\"https:\\\/\\\/zapateneo.net\\\/wordpress\\\/#website\",\"url\":\"https:\\\/\\\/zapateneo.net\\\/wordpress\\\/\",\"name\":\"Zapateneo\",\"description\":\"Zapateneoaren webgunea\",\"publisher\":{\"@id\":\"https:\\\/\\\/zapateneo.net\\\/wordpress\\\/#organization\"},\"potentialAction\":[{\"@type\":\"SearchAction\",\"target\":{\"@type\":\"EntryPoint\",\"urlTemplate\":\"https:\\\/\\\/zapateneo.net\\\/wordpress\\\/?s={search_term_string}\"},\"query-input\":{\"@type\":\"PropertyValueSpecification\",\"valueRequired\":true,\"valueName\":\"search_term_string\"}}],\"inLanguage\":\"es\"},{\"@type\":\"Organization\",\"@id\":\"https:\\\/\\\/zapateneo.net\\\/wordpress\\\/#organization\",\"name\":\"Zapateneo Kultur Elkartea\",\"url\":\"https:\\\/\\\/zapateneo.net\\\/wordpress\\\/\",\"logo\":{\"@type\":\"ImageObject\",\"inLanguage\":\"es\",\"@id\":\"https:\\\/\\\/zapateneo.net\\\/wordpress\\\/#\\\/schema\\\/logo\\\/image\\\/\",\"url\":\"https:\\\/\\\/zapateneo.net\\\/wordpress\\\/wp-content\\\/uploads\\\/2021\\\/04\\\/zap-libu-kolec.jpg\",\"contentUrl\":\"https:\\\/\\\/zapateneo.net\\\/wordpress\\\/wp-content\\\/uploads\\\/2021\\\/04\\\/zap-libu-kolec.jpg\",\"width\":2234,\"height\":398,\"caption\":\"Zapateneo Kultur Elkartea\"},\"image\":{\"@id\":\"https:\\\/\\\/zapateneo.net\\\/wordpress\\\/#\\\/schema\\\/logo\\\/image\\\/\"},\"sameAs\":[\"https:\\\/\\\/x.com\\\/zapateneo\"]}]}<\/script>\n<!-- \/ Yoast SEO plugin. -->","yoast_head_json":{"title":"Desmontando al Homo Economicus. Postales desde Isla Ternura &#8212; Zapateneo","robots":{"index":"index","follow":"follow","max-snippet":"max-snippet:-1","max-image-preview":"max-image-preview:large","max-video-preview":"max-video-preview:-1"},"canonical":"https:\/\/zapateneo.net\/wordpress\/index.php\/producto\/desmontando-al-homo-economicus-postales-desde-isla-ternura\/","og_locale":"es_ES","og_type":"article","og_title":"Desmontando al Homo Economicus. Postales desde Isla Ternura &#8212; Zapateneo","og_description":"Bel\u00e9n Martin y Enara Dom\u00ednguez 9788412144352 - Zambra-Baladre - 2021 - 417 p\u00e1ginas \/orri.","og_url":"https:\/\/zapateneo.net\/wordpress\/index.php\/producto\/desmontando-al-homo-economicus-postales-desde-isla-ternura\/","og_site_name":"Zapateneo","article_modified_time":"2023-04-11T19:27:17+00:00","og_image":[{"width":291,"height":400,"url":"https:\/\/zapateneo.net\/wordpress\/wp-content\/uploads\/2021\/04\/desmontando-homo-economicus.jpg","type":"image\/jpeg"}],"twitter_card":"summary_large_image","twitter_site":"@zapateneo","twitter_misc":{"Tiempo de lectura":"1 minuto"},"schema":{"@context":"https:\/\/schema.org","@graph":[{"@type":"WebPage","@id":"https:\/\/zapateneo.net\/wordpress\/index.php\/producto\/desmontando-al-homo-economicus-postales-desde-isla-ternura\/","url":"https:\/\/zapateneo.net\/wordpress\/index.php\/producto\/desmontando-al-homo-economicus-postales-desde-isla-ternura\/","name":"Desmontando al Homo Economicus. Postales desde Isla Ternura &#8212; Zapateneo","isPartOf":{"@id":"https:\/\/zapateneo.net\/wordpress\/#website"},"primaryImageOfPage":{"@id":"https:\/\/zapateneo.net\/wordpress\/index.php\/producto\/desmontando-al-homo-economicus-postales-desde-isla-ternura\/#primaryimage"},"image":{"@id":"https:\/\/zapateneo.net\/wordpress\/index.php\/producto\/desmontando-al-homo-economicus-postales-desde-isla-ternura\/#primaryimage"},"thumbnailUrl":"https:\/\/zapateneo.net\/wordpress\/wp-content\/uploads\/2021\/04\/desmontando-homo-economicus.jpg","datePublished":"2021-04-07T08:34:44+00:00","dateModified":"2023-04-11T19:27:17+00:00","breadcrumb":{"@id":"https:\/\/zapateneo.net\/wordpress\/index.php\/producto\/desmontando-al-homo-economicus-postales-desde-isla-ternura\/#breadcrumb"},"inLanguage":"es","potentialAction":[{"@type":"ReadAction","target":["https:\/\/zapateneo.net\/wordpress\/index.php\/producto\/desmontando-al-homo-economicus-postales-desde-isla-ternura\/"]}]},{"@type":"ImageObject","inLanguage":"es","@id":"https:\/\/zapateneo.net\/wordpress\/index.php\/producto\/desmontando-al-homo-economicus-postales-desde-isla-ternura\/#primaryimage","url":"https:\/\/zapateneo.net\/wordpress\/wp-content\/uploads\/2021\/04\/desmontando-homo-economicus.jpg","contentUrl":"https:\/\/zapateneo.net\/wordpress\/wp-content\/uploads\/2021\/04\/desmontando-homo-economicus.jpg","width":291,"height":400},{"@type":"BreadcrumbList","@id":"https:\/\/zapateneo.net\/wordpress\/index.php\/producto\/desmontando-al-homo-economicus-postales-desde-isla-ternura\/#breadcrumb","itemListElement":[{"@type":"ListItem","position":1,"name":"Portada","item":"https:\/\/zapateneo.net\/wordpress\/"},{"@type":"ListItem","position":2,"name":"Tienda","item":"https:\/\/zapateneo.net\/wordpress\/"},{"@type":"ListItem","position":3,"name":"Desmontando al Homo Economicus. Postales desde Isla Ternura"}]},{"@type":"WebSite","@id":"https:\/\/zapateneo.net\/wordpress\/#website","url":"https:\/\/zapateneo.net\/wordpress\/","name":"Zapateneo","description":"Zapateneoaren webgunea","publisher":{"@id":"https:\/\/zapateneo.net\/wordpress\/#organization"},"potentialAction":[{"@type":"SearchAction","target":{"@type":"EntryPoint","urlTemplate":"https:\/\/zapateneo.net\/wordpress\/?s={search_term_string}"},"query-input":{"@type":"PropertyValueSpecification","valueRequired":true,"valueName":"search_term_string"}}],"inLanguage":"es"},{"@type":"Organization","@id":"https:\/\/zapateneo.net\/wordpress\/#organization","name":"Zapateneo Kultur Elkartea","url":"https:\/\/zapateneo.net\/wordpress\/","logo":{"@type":"ImageObject","inLanguage":"es","@id":"https:\/\/zapateneo.net\/wordpress\/#\/schema\/logo\/image\/","url":"https:\/\/zapateneo.net\/wordpress\/wp-content\/uploads\/2021\/04\/zap-libu-kolec.jpg","contentUrl":"https:\/\/zapateneo.net\/wordpress\/wp-content\/uploads\/2021\/04\/zap-libu-kolec.jpg","width":2234,"height":398,"caption":"Zapateneo Kultur Elkartea"},"image":{"@id":"https:\/\/zapateneo.net\/wordpress\/#\/schema\/logo\/image\/"},"sameAs":["https:\/\/x.com\/zapateneo"]}]}},"_links":{"self":[{"href":"https:\/\/zapateneo.net\/wordpress\/index.php\/wp-json\/wp\/v2\/product\/1853","targetHints":{"allow":["GET"]}}],"collection":[{"href":"https:\/\/zapateneo.net\/wordpress\/index.php\/wp-json\/wp\/v2\/product"}],"about":[{"href":"https:\/\/zapateneo.net\/wordpress\/index.php\/wp-json\/wp\/v2\/types\/product"}],"wp:featuredmedia":[{"embeddable":true,"href":"https:\/\/zapateneo.net\/wordpress\/index.php\/wp-json\/wp\/v2\/media\/1905"}],"wp:attachment":[{"href":"https:\/\/zapateneo.net\/wordpress\/index.php\/wp-json\/wp\/v2\/media?parent=1853"}],"wp:term":[{"taxonomy":"product_brand","embeddable":true,"href":"https:\/\/zapateneo.net\/wordpress\/index.php\/wp-json\/wp\/v2\/product_brand?post=1853"},{"taxonomy":"product_cat","embeddable":true,"href":"https:\/\/zapateneo.net\/wordpress\/index.php\/wp-json\/wp\/v2\/product_cat?post=1853"},{"taxonomy":"product_tag","embeddable":true,"href":"https:\/\/zapateneo.net\/wordpress\/index.php\/wp-json\/wp\/v2\/product_tag?post=1853"}],"curies":[{"name":"wp","href":"https:\/\/api.w.org\/{rel}","templated":true}]}}