{"id":1849,"date":"2021-04-07T09:34:43","date_gmt":"2021-04-07T08:34:43","guid":{"rendered":"https:\/\/zapateneo.net\/wordpress\/?post_type=product&#038;p=1849"},"modified":"2021-04-07T09:35:05","modified_gmt":"2021-04-07T08:35:05","slug":"cuidado-comunidad-y-comun-experiencias-cooperativas-en-el-sostenimiento-de-la-vida","status":"publish","type":"product","link":"https:\/\/zapateneo.net\/wordpress\/index.php\/producto\/cuidado-comunidad-y-comun-experiencias-cooperativas-en-el-sostenimiento-de-la-vida\/","title":{"rendered":"Cuidado, comunidad y com\u00fan.EXPERIENCIAS COOPERATIVAS EN EL SOSTENIMIENTO DE LA VIDA"},"content":{"rendered":"<p>Desde las luchas feministas y populares, el trabajo de cuidados y de sostenimiento cotidiano de la vida se ha puesto continuamente en el centro a fin de enfrentar el capitalismo global y sus crisis. En el momento en que se reconoce que la explotaci\u00f3n no se realiza \u00fanicamente sobre el trabajo asalariado sino tambi\u00e9n, y ante todo, sobre la reproducci\u00f3n social (la propia sociedad) al igual que sobre los ecosistemas humanos, el campo de batalla se ampl\u00eda al tiempo que se desplaza hacia \u00e1mbitos antes invisibilizados.<br \/>\nDemasiadas veces, sin embargo, las discusiones sobre cuidados, reproducci\u00f3n y sostenibilidad de la vida se centran en el papel del Estado, el mercado y la familia, dejando de lado su dimensi\u00f3n colectiva, aquella que permite que surjan comunidades de cuidado, muchas veces precarias e informales, pero siempre imprescindibles. Este volumen, compuesto desde Am\u00e9rica Latina y Europa del sur, re\u00fane ensayos, experiencias y etnograf\u00edas con el prop\u00f3sito de pensar el potencial de las redes de car\u00e1cter cooperativo en la construcci\u00f3n de arreglos de cuidados no comandados por la privatizaci\u00f3n de lo dom\u00e9stico, la mercantilizaci\u00f3n o el sometimiento a la racionalidad estatal. Sin idealizaciones, con diversas aproximaciones en cuanto a los sujetos protagonistas, las escalas y las problem\u00e1ticas, se trata de establecer un di\u00e1logo productivo con tantas y tantos que, en la presente crisis global de la reproducci\u00f3n, entienden el cuidado como motor de la vida en com\u00fan.<\/p>\n","protected":false},"excerpt":{"rendered":"<p><strong>Vega Sol\u00eds,  Cristina<\/strong><br \/>\n978-84-949147-1-3 &#8211; Traficantes De Sue\u00d1os &#8211; 2018 &#8211; 250 p\u00e1ginas \/orri.<\/p>\n","protected":false},"featured_media":1878,"template":"","meta":[],"product_brand":[],"product_cat":[174,16],"product_tag":[72,1431],"class_list":{"0":"post-1849","1":"product","2":"type-product","3":"status-publish","4":"has-post-thumbnail","6":"product_cat-generoak-generos","7":"product_cat-libros","8":"product_tag-traficantes-de-suenos","9":"product_tag-vega-solis","11":"first","12":"instock","13":"sold-individually","14":"shipping-taxable","15":"purchasable","16":"product-type-simple"},"yoast_head":"<!-- This site is optimized with the Yoast SEO plugin v27.4 - https:\/\/yoast.com\/product\/yoast-seo-wordpress\/ -->\n<title>Cuidado, comunidad y com\u00fan.EXPERIENCIAS COOPERATIVAS EN EL SOSTENIMIENTO DE LA VIDA &#8212; Zapateneo<\/title>\n<meta name=\"robots\" content=\"index, follow, max-snippet:-1, max-image-preview:large, max-video-preview:-1\" \/>\n<link rel=\"canonical\" href=\"https:\/\/zapateneo.net\/wordpress\/index.php\/producto\/cuidado-comunidad-y-comun-experiencias-cooperativas-en-el-sostenimiento-de-la-vida\/\" \/>\n<meta property=\"og:locale\" content=\"es_ES\" \/>\n<meta property=\"og:type\" content=\"article\" \/>\n<meta property=\"og:title\" content=\"Cuidado, comunidad y com\u00fan.EXPERIENCIAS COOPERATIVAS EN EL SOSTENIMIENTO DE LA VIDA &#8212; Zapateneo\" \/>\n<meta property=\"og:description\" content=\"Vega Sol\u00eds, Cristina 978-84-949147-1-3 - Traficantes De Sue\u00d1os - 2018 - 250 p\u00e1ginas \/orri.\" \/>\n<meta property=\"og:url\" content=\"https:\/\/zapateneo.net\/wordpress\/index.php\/producto\/cuidado-comunidad-y-comun-experiencias-cooperativas-en-el-sostenimiento-de-la-vida\/\" \/>\n<meta property=\"og:site_name\" content=\"Zapateneo\" \/>\n<meta property=\"article:modified_time\" content=\"2021-04-07T08:35:05+00:00\" \/>\n<meta property=\"og:image\" content=\"https:\/\/zapateneo.net\/wordpress\/wp-content\/uploads\/2021\/04\/cuidados.jpg\" \/>\n\t<meta property=\"og:image:width\" content=\"289\" \/>\n\t<meta property=\"og:image:height\" content=\"400\" \/>\n\t<meta property=\"og:image:type\" content=\"image\/jpeg\" \/>\n<meta name=\"twitter:card\" content=\"summary_large_image\" \/>\n<meta name=\"twitter:site\" content=\"@zapateneo\" \/>\n<meta name=\"twitter:label1\" content=\"Tiempo de lectura\" \/>\n\t<meta name=\"twitter:data1\" content=\"1 minuto\" \/>\n<script type=\"application\/ld+json\" class=\"yoast-schema-graph\">{\"@context\":\"https:\\\/\\\/schema.org\",\"@graph\":[{\"@type\":\"WebPage\",\"@id\":\"https:\\\/\\\/zapateneo.net\\\/wordpress\\\/index.php\\\/producto\\\/cuidado-comunidad-y-comun-experiencias-cooperativas-en-el-sostenimiento-de-la-vida\\\/\",\"url\":\"https:\\\/\\\/zapateneo.net\\\/wordpress\\\/index.php\\\/producto\\\/cuidado-comunidad-y-comun-experiencias-cooperativas-en-el-sostenimiento-de-la-vida\\\/\",\"name\":\"Cuidado, comunidad y com\u00fan.EXPERIENCIAS COOPERATIVAS EN EL SOSTENIMIENTO DE LA VIDA &#8212; Zapateneo\",\"isPartOf\":{\"@id\":\"https:\\\/\\\/zapateneo.net\\\/wordpress\\\/#website\"},\"primaryImageOfPage\":{\"@id\":\"https:\\\/\\\/zapateneo.net\\\/wordpress\\\/index.php\\\/producto\\\/cuidado-comunidad-y-comun-experiencias-cooperativas-en-el-sostenimiento-de-la-vida\\\/#primaryimage\"},\"image\":{\"@id\":\"https:\\\/\\\/zapateneo.net\\\/wordpress\\\/index.php\\\/producto\\\/cuidado-comunidad-y-comun-experiencias-cooperativas-en-el-sostenimiento-de-la-vida\\\/#primaryimage\"},\"thumbnailUrl\":\"https:\\\/\\\/zapateneo.net\\\/wordpress\\\/wp-content\\\/uploads\\\/2021\\\/04\\\/cuidados.jpg\",\"datePublished\":\"2021-04-07T08:34:43+00:00\",\"dateModified\":\"2021-04-07T08:35:05+00:00\",\"breadcrumb\":{\"@id\":\"https:\\\/\\\/zapateneo.net\\\/wordpress\\\/index.php\\\/producto\\\/cuidado-comunidad-y-comun-experiencias-cooperativas-en-el-sostenimiento-de-la-vida\\\/#breadcrumb\"},\"inLanguage\":\"es\",\"potentialAction\":[{\"@type\":\"ReadAction\",\"target\":[\"https:\\\/\\\/zapateneo.net\\\/wordpress\\\/index.php\\\/producto\\\/cuidado-comunidad-y-comun-experiencias-cooperativas-en-el-sostenimiento-de-la-vida\\\/\"]}]},{\"@type\":\"ImageObject\",\"inLanguage\":\"es\",\"@id\":\"https:\\\/\\\/zapateneo.net\\\/wordpress\\\/index.php\\\/producto\\\/cuidado-comunidad-y-comun-experiencias-cooperativas-en-el-sostenimiento-de-la-vida\\\/#primaryimage\",\"url\":\"https:\\\/\\\/zapateneo.net\\\/wordpress\\\/wp-content\\\/uploads\\\/2021\\\/04\\\/cuidados.jpg\",\"contentUrl\":\"https:\\\/\\\/zapateneo.net\\\/wordpress\\\/wp-content\\\/uploads\\\/2021\\\/04\\\/cuidados.jpg\",\"width\":289,\"height\":400},{\"@type\":\"BreadcrumbList\",\"@id\":\"https:\\\/\\\/zapateneo.net\\\/wordpress\\\/index.php\\\/producto\\\/cuidado-comunidad-y-comun-experiencias-cooperativas-en-el-sostenimiento-de-la-vida\\\/#breadcrumb\",\"itemListElement\":[{\"@type\":\"ListItem\",\"position\":1,\"name\":\"Portada\",\"item\":\"https:\\\/\\\/zapateneo.net\\\/wordpress\\\/\"},{\"@type\":\"ListItem\",\"position\":2,\"name\":\"Tienda\",\"item\":\"https:\\\/\\\/zapateneo.net\\\/wordpress\\\/\"},{\"@type\":\"ListItem\",\"position\":3,\"name\":\"Cuidado, comunidad y com\u00fan.EXPERIENCIAS COOPERATIVAS EN EL SOSTENIMIENTO DE LA VIDA\"}]},{\"@type\":\"WebSite\",\"@id\":\"https:\\\/\\\/zapateneo.net\\\/wordpress\\\/#website\",\"url\":\"https:\\\/\\\/zapateneo.net\\\/wordpress\\\/\",\"name\":\"Zapateneo\",\"description\":\"Zapateneoaren webgunea\",\"publisher\":{\"@id\":\"https:\\\/\\\/zapateneo.net\\\/wordpress\\\/#organization\"},\"potentialAction\":[{\"@type\":\"SearchAction\",\"target\":{\"@type\":\"EntryPoint\",\"urlTemplate\":\"https:\\\/\\\/zapateneo.net\\\/wordpress\\\/?s={search_term_string}\"},\"query-input\":{\"@type\":\"PropertyValueSpecification\",\"valueRequired\":true,\"valueName\":\"search_term_string\"}}],\"inLanguage\":\"es\"},{\"@type\":\"Organization\",\"@id\":\"https:\\\/\\\/zapateneo.net\\\/wordpress\\\/#organization\",\"name\":\"Zapateneo Kultur Elkartea\",\"url\":\"https:\\\/\\\/zapateneo.net\\\/wordpress\\\/\",\"logo\":{\"@type\":\"ImageObject\",\"inLanguage\":\"es\",\"@id\":\"https:\\\/\\\/zapateneo.net\\\/wordpress\\\/#\\\/schema\\\/logo\\\/image\\\/\",\"url\":\"https:\\\/\\\/zapateneo.net\\\/wordpress\\\/wp-content\\\/uploads\\\/2021\\\/04\\\/zap-libu-kolec.jpg\",\"contentUrl\":\"https:\\\/\\\/zapateneo.net\\\/wordpress\\\/wp-content\\\/uploads\\\/2021\\\/04\\\/zap-libu-kolec.jpg\",\"width\":2234,\"height\":398,\"caption\":\"Zapateneo Kultur Elkartea\"},\"image\":{\"@id\":\"https:\\\/\\\/zapateneo.net\\\/wordpress\\\/#\\\/schema\\\/logo\\\/image\\\/\"},\"sameAs\":[\"https:\\\/\\\/x.com\\\/zapateneo\"]}]}<\/script>\n<!-- \/ Yoast SEO plugin. -->","yoast_head_json":{"title":"Cuidado, comunidad y com\u00fan.EXPERIENCIAS COOPERATIVAS EN EL SOSTENIMIENTO DE LA VIDA &#8212; Zapateneo","robots":{"index":"index","follow":"follow","max-snippet":"max-snippet:-1","max-image-preview":"max-image-preview:large","max-video-preview":"max-video-preview:-1"},"canonical":"https:\/\/zapateneo.net\/wordpress\/index.php\/producto\/cuidado-comunidad-y-comun-experiencias-cooperativas-en-el-sostenimiento-de-la-vida\/","og_locale":"es_ES","og_type":"article","og_title":"Cuidado, comunidad y com\u00fan.EXPERIENCIAS COOPERATIVAS EN EL SOSTENIMIENTO DE LA VIDA &#8212; Zapateneo","og_description":"Vega Sol\u00eds, Cristina 978-84-949147-1-3 - Traficantes De Sue\u00d1os - 2018 - 250 p\u00e1ginas \/orri.","og_url":"https:\/\/zapateneo.net\/wordpress\/index.php\/producto\/cuidado-comunidad-y-comun-experiencias-cooperativas-en-el-sostenimiento-de-la-vida\/","og_site_name":"Zapateneo","article_modified_time":"2021-04-07T08:35:05+00:00","og_image":[{"width":289,"height":400,"url":"https:\/\/zapateneo.net\/wordpress\/wp-content\/uploads\/2021\/04\/cuidados.jpg","type":"image\/jpeg"}],"twitter_card":"summary_large_image","twitter_site":"@zapateneo","twitter_misc":{"Tiempo de lectura":"1 minuto"},"schema":{"@context":"https:\/\/schema.org","@graph":[{"@type":"WebPage","@id":"https:\/\/zapateneo.net\/wordpress\/index.php\/producto\/cuidado-comunidad-y-comun-experiencias-cooperativas-en-el-sostenimiento-de-la-vida\/","url":"https:\/\/zapateneo.net\/wordpress\/index.php\/producto\/cuidado-comunidad-y-comun-experiencias-cooperativas-en-el-sostenimiento-de-la-vida\/","name":"Cuidado, comunidad y com\u00fan.EXPERIENCIAS COOPERATIVAS EN EL SOSTENIMIENTO DE LA VIDA &#8212; Zapateneo","isPartOf":{"@id":"https:\/\/zapateneo.net\/wordpress\/#website"},"primaryImageOfPage":{"@id":"https:\/\/zapateneo.net\/wordpress\/index.php\/producto\/cuidado-comunidad-y-comun-experiencias-cooperativas-en-el-sostenimiento-de-la-vida\/#primaryimage"},"image":{"@id":"https:\/\/zapateneo.net\/wordpress\/index.php\/producto\/cuidado-comunidad-y-comun-experiencias-cooperativas-en-el-sostenimiento-de-la-vida\/#primaryimage"},"thumbnailUrl":"https:\/\/zapateneo.net\/wordpress\/wp-content\/uploads\/2021\/04\/cuidados.jpg","datePublished":"2021-04-07T08:34:43+00:00","dateModified":"2021-04-07T08:35:05+00:00","breadcrumb":{"@id":"https:\/\/zapateneo.net\/wordpress\/index.php\/producto\/cuidado-comunidad-y-comun-experiencias-cooperativas-en-el-sostenimiento-de-la-vida\/#breadcrumb"},"inLanguage":"es","potentialAction":[{"@type":"ReadAction","target":["https:\/\/zapateneo.net\/wordpress\/index.php\/producto\/cuidado-comunidad-y-comun-experiencias-cooperativas-en-el-sostenimiento-de-la-vida\/"]}]},{"@type":"ImageObject","inLanguage":"es","@id":"https:\/\/zapateneo.net\/wordpress\/index.php\/producto\/cuidado-comunidad-y-comun-experiencias-cooperativas-en-el-sostenimiento-de-la-vida\/#primaryimage","url":"https:\/\/zapateneo.net\/wordpress\/wp-content\/uploads\/2021\/04\/cuidados.jpg","contentUrl":"https:\/\/zapateneo.net\/wordpress\/wp-content\/uploads\/2021\/04\/cuidados.jpg","width":289,"height":400},{"@type":"BreadcrumbList","@id":"https:\/\/zapateneo.net\/wordpress\/index.php\/producto\/cuidado-comunidad-y-comun-experiencias-cooperativas-en-el-sostenimiento-de-la-vida\/#breadcrumb","itemListElement":[{"@type":"ListItem","position":1,"name":"Portada","item":"https:\/\/zapateneo.net\/wordpress\/"},{"@type":"ListItem","position":2,"name":"Tienda","item":"https:\/\/zapateneo.net\/wordpress\/"},{"@type":"ListItem","position":3,"name":"Cuidado, comunidad y com\u00fan.EXPERIENCIAS COOPERATIVAS EN EL SOSTENIMIENTO DE LA VIDA"}]},{"@type":"WebSite","@id":"https:\/\/zapateneo.net\/wordpress\/#website","url":"https:\/\/zapateneo.net\/wordpress\/","name":"Zapateneo","description":"Zapateneoaren webgunea","publisher":{"@id":"https:\/\/zapateneo.net\/wordpress\/#organization"},"potentialAction":[{"@type":"SearchAction","target":{"@type":"EntryPoint","urlTemplate":"https:\/\/zapateneo.net\/wordpress\/?s={search_term_string}"},"query-input":{"@type":"PropertyValueSpecification","valueRequired":true,"valueName":"search_term_string"}}],"inLanguage":"es"},{"@type":"Organization","@id":"https:\/\/zapateneo.net\/wordpress\/#organization","name":"Zapateneo Kultur Elkartea","url":"https:\/\/zapateneo.net\/wordpress\/","logo":{"@type":"ImageObject","inLanguage":"es","@id":"https:\/\/zapateneo.net\/wordpress\/#\/schema\/logo\/image\/","url":"https:\/\/zapateneo.net\/wordpress\/wp-content\/uploads\/2021\/04\/zap-libu-kolec.jpg","contentUrl":"https:\/\/zapateneo.net\/wordpress\/wp-content\/uploads\/2021\/04\/zap-libu-kolec.jpg","width":2234,"height":398,"caption":"Zapateneo Kultur Elkartea"},"image":{"@id":"https:\/\/zapateneo.net\/wordpress\/#\/schema\/logo\/image\/"},"sameAs":["https:\/\/x.com\/zapateneo"]}]}},"_links":{"self":[{"href":"https:\/\/zapateneo.net\/wordpress\/index.php\/wp-json\/wp\/v2\/product\/1849","targetHints":{"allow":["GET"]}}],"collection":[{"href":"https:\/\/zapateneo.net\/wordpress\/index.php\/wp-json\/wp\/v2\/product"}],"about":[{"href":"https:\/\/zapateneo.net\/wordpress\/index.php\/wp-json\/wp\/v2\/types\/product"}],"wp:featuredmedia":[{"embeddable":true,"href":"https:\/\/zapateneo.net\/wordpress\/index.php\/wp-json\/wp\/v2\/media\/1878"}],"wp:attachment":[{"href":"https:\/\/zapateneo.net\/wordpress\/index.php\/wp-json\/wp\/v2\/media?parent=1849"}],"wp:term":[{"taxonomy":"product_brand","embeddable":true,"href":"https:\/\/zapateneo.net\/wordpress\/index.php\/wp-json\/wp\/v2\/product_brand?post=1849"},{"taxonomy":"product_cat","embeddable":true,"href":"https:\/\/zapateneo.net\/wordpress\/index.php\/wp-json\/wp\/v2\/product_cat?post=1849"},{"taxonomy":"product_tag","embeddable":true,"href":"https:\/\/zapateneo.net\/wordpress\/index.php\/wp-json\/wp\/v2\/product_tag?post=1849"}],"curies":[{"name":"wp","href":"https:\/\/api.w.org\/{rel}","templated":true}]}}