{"id":1848,"date":"2021-04-07T09:34:43","date_gmt":"2021-04-07T08:34:43","guid":{"rendered":"https:\/\/zapateneo.net\/wordpress\/?post_type=product&#038;p=1848"},"modified":"2021-04-07T09:35:04","modified_gmt":"2021-04-07T08:35:04","slug":"ladronas-victorianas-cleptomania-y-genero-en-el-origen-de-los-grandes-almacenes","status":"publish","type":"product","link":"https:\/\/zapateneo.net\/wordpress\/index.php\/producto\/ladronas-victorianas-cleptomania-y-genero-en-el-origen-de-los-grandes-almacenes\/","title":{"rendered":"Ladronas victorianas. cleptoman\u00cda y g\u00c9nero en el origen de los grandes almacenes"},"content":{"rendered":"<p>El ruido de los cristales rotos se oye por toda la calle. Los escaparates de Oxford Street acaban de estallar. En una acci\u00f3n coordinada, aquel 1 de marzo de 1912 cientos de sufragistas convergieron en la zona comercial de Londres para hacer saltar por los aires los escaparates de los establecimientos. Una calle cada quince minutos. Cuatrocientos comercios atacados. M\u00e1s que un sabotaje, un acto de guerra. La elecci\u00f3n de los comercios como objetivo del ataque no hab\u00eda sido casual. La aparici\u00f3n de los grandes almacenes unas d\u00e9cadas antes no s\u00f3lo hab\u00eda cambiado la geograf\u00eda de las ciudades, sino tambi\u00e9n los discursos sobre el g\u00e9nero. Sufragistas, dependientas, psiquiatrizadas y ladronas desafiar\u00e1n a la sociedad victoriana y subvertir\u00e1n los roles que les hab\u00edan sido asignados.<\/p>\n","protected":false},"excerpt":{"rendered":"<p><strong>Moreno Segarra,  Nacho<\/strong><br \/>\n9788461783106 &#8211; Antipersona &#8211; 2017 &#8211; 256 p\u00e1ginas \/orri.<\/p>\n","protected":false},"featured_media":1877,"template":"","meta":[],"product_brand":[],"product_cat":[174,16],"product_tag":[440,1429],"class_list":{"0":"post-1848","1":"product","2":"type-product","3":"status-publish","4":"has-post-thumbnail","6":"product_cat-generoak-generos","7":"product_cat-libros","8":"product_tag-antipersona","9":"product_tag-moreno-segarra","11":"first","12":"instock","13":"sold-individually","14":"shipping-taxable","15":"purchasable","16":"product-type-simple"},"yoast_head":"<!-- This site is optimized with the Yoast SEO plugin v27.4 - https:\/\/yoast.com\/product\/yoast-seo-wordpress\/ -->\n<title>Ladronas victorianas. cleptoman\u00cda y g\u00c9nero en el origen de los grandes almacenes &#8212; Zapateneo<\/title>\n<meta name=\"robots\" content=\"index, follow, max-snippet:-1, max-image-preview:large, max-video-preview:-1\" \/>\n<link rel=\"canonical\" href=\"https:\/\/zapateneo.net\/wordpress\/index.php\/producto\/ladronas-victorianas-cleptomania-y-genero-en-el-origen-de-los-grandes-almacenes\/\" \/>\n<meta property=\"og:locale\" content=\"es_ES\" \/>\n<meta property=\"og:type\" content=\"article\" \/>\n<meta property=\"og:title\" content=\"Ladronas victorianas. cleptoman\u00cda y g\u00c9nero en el origen de los grandes almacenes &#8212; Zapateneo\" \/>\n<meta property=\"og:description\" content=\"Moreno Segarra, Nacho 9788461783106 - Antipersona - 2017 - 256 p\u00e1ginas \/orri.\" \/>\n<meta property=\"og:url\" content=\"https:\/\/zapateneo.net\/wordpress\/index.php\/producto\/ladronas-victorianas-cleptomania-y-genero-en-el-origen-de-los-grandes-almacenes\/\" \/>\n<meta property=\"og:site_name\" content=\"Zapateneo\" \/>\n<meta property=\"article:modified_time\" content=\"2021-04-07T08:35:04+00:00\" \/>\n<meta property=\"og:image\" content=\"https:\/\/zapateneo.net\/wordpress\/wp-content\/uploads\/2021\/04\/cubierta-ladronas.jpg\" \/>\n\t<meta property=\"og:image:width\" content=\"280\" \/>\n\t<meta property=\"og:image:height\" content=\"400\" \/>\n\t<meta property=\"og:image:type\" content=\"image\/jpeg\" \/>\n<meta name=\"twitter:card\" content=\"summary_large_image\" \/>\n<meta name=\"twitter:site\" content=\"@zapateneo\" \/>\n<meta name=\"twitter:label1\" content=\"Tiempo de lectura\" \/>\n\t<meta name=\"twitter:data1\" content=\"1 minuto\" \/>\n<script type=\"application\/ld+json\" class=\"yoast-schema-graph\">{\"@context\":\"https:\\\/\\\/schema.org\",\"@graph\":[{\"@type\":\"WebPage\",\"@id\":\"https:\\\/\\\/zapateneo.net\\\/wordpress\\\/index.php\\\/producto\\\/ladronas-victorianas-cleptomania-y-genero-en-el-origen-de-los-grandes-almacenes\\\/\",\"url\":\"https:\\\/\\\/zapateneo.net\\\/wordpress\\\/index.php\\\/producto\\\/ladronas-victorianas-cleptomania-y-genero-en-el-origen-de-los-grandes-almacenes\\\/\",\"name\":\"Ladronas victorianas. cleptoman\u00cda y g\u00c9nero en el origen de los grandes almacenes &#8212; Zapateneo\",\"isPartOf\":{\"@id\":\"https:\\\/\\\/zapateneo.net\\\/wordpress\\\/#website\"},\"primaryImageOfPage\":{\"@id\":\"https:\\\/\\\/zapateneo.net\\\/wordpress\\\/index.php\\\/producto\\\/ladronas-victorianas-cleptomania-y-genero-en-el-origen-de-los-grandes-almacenes\\\/#primaryimage\"},\"image\":{\"@id\":\"https:\\\/\\\/zapateneo.net\\\/wordpress\\\/index.php\\\/producto\\\/ladronas-victorianas-cleptomania-y-genero-en-el-origen-de-los-grandes-almacenes\\\/#primaryimage\"},\"thumbnailUrl\":\"https:\\\/\\\/zapateneo.net\\\/wordpress\\\/wp-content\\\/uploads\\\/2021\\\/04\\\/cubierta-ladronas.jpg\",\"datePublished\":\"2021-04-07T08:34:43+00:00\",\"dateModified\":\"2021-04-07T08:35:04+00:00\",\"breadcrumb\":{\"@id\":\"https:\\\/\\\/zapateneo.net\\\/wordpress\\\/index.php\\\/producto\\\/ladronas-victorianas-cleptomania-y-genero-en-el-origen-de-los-grandes-almacenes\\\/#breadcrumb\"},\"inLanguage\":\"es\",\"potentialAction\":[{\"@type\":\"ReadAction\",\"target\":[\"https:\\\/\\\/zapateneo.net\\\/wordpress\\\/index.php\\\/producto\\\/ladronas-victorianas-cleptomania-y-genero-en-el-origen-de-los-grandes-almacenes\\\/\"]}]},{\"@type\":\"ImageObject\",\"inLanguage\":\"es\",\"@id\":\"https:\\\/\\\/zapateneo.net\\\/wordpress\\\/index.php\\\/producto\\\/ladronas-victorianas-cleptomania-y-genero-en-el-origen-de-los-grandes-almacenes\\\/#primaryimage\",\"url\":\"https:\\\/\\\/zapateneo.net\\\/wordpress\\\/wp-content\\\/uploads\\\/2021\\\/04\\\/cubierta-ladronas.jpg\",\"contentUrl\":\"https:\\\/\\\/zapateneo.net\\\/wordpress\\\/wp-content\\\/uploads\\\/2021\\\/04\\\/cubierta-ladronas.jpg\",\"width\":280,\"height\":400},{\"@type\":\"BreadcrumbList\",\"@id\":\"https:\\\/\\\/zapateneo.net\\\/wordpress\\\/index.php\\\/producto\\\/ladronas-victorianas-cleptomania-y-genero-en-el-origen-de-los-grandes-almacenes\\\/#breadcrumb\",\"itemListElement\":[{\"@type\":\"ListItem\",\"position\":1,\"name\":\"Portada\",\"item\":\"https:\\\/\\\/zapateneo.net\\\/wordpress\\\/\"},{\"@type\":\"ListItem\",\"position\":2,\"name\":\"Tienda\",\"item\":\"https:\\\/\\\/zapateneo.net\\\/wordpress\\\/\"},{\"@type\":\"ListItem\",\"position\":3,\"name\":\"Ladronas victorianas. cleptoman\u00cda y g\u00c9nero en el origen de los grandes almacenes\"}]},{\"@type\":\"WebSite\",\"@id\":\"https:\\\/\\\/zapateneo.net\\\/wordpress\\\/#website\",\"url\":\"https:\\\/\\\/zapateneo.net\\\/wordpress\\\/\",\"name\":\"Zapateneo\",\"description\":\"Zapateneoaren webgunea\",\"publisher\":{\"@id\":\"https:\\\/\\\/zapateneo.net\\\/wordpress\\\/#organization\"},\"potentialAction\":[{\"@type\":\"SearchAction\",\"target\":{\"@type\":\"EntryPoint\",\"urlTemplate\":\"https:\\\/\\\/zapateneo.net\\\/wordpress\\\/?s={search_term_string}\"},\"query-input\":{\"@type\":\"PropertyValueSpecification\",\"valueRequired\":true,\"valueName\":\"search_term_string\"}}],\"inLanguage\":\"es\"},{\"@type\":\"Organization\",\"@id\":\"https:\\\/\\\/zapateneo.net\\\/wordpress\\\/#organization\",\"name\":\"Zapateneo Kultur Elkartea\",\"url\":\"https:\\\/\\\/zapateneo.net\\\/wordpress\\\/\",\"logo\":{\"@type\":\"ImageObject\",\"inLanguage\":\"es\",\"@id\":\"https:\\\/\\\/zapateneo.net\\\/wordpress\\\/#\\\/schema\\\/logo\\\/image\\\/\",\"url\":\"https:\\\/\\\/zapateneo.net\\\/wordpress\\\/wp-content\\\/uploads\\\/2021\\\/04\\\/zap-libu-kolec.jpg\",\"contentUrl\":\"https:\\\/\\\/zapateneo.net\\\/wordpress\\\/wp-content\\\/uploads\\\/2021\\\/04\\\/zap-libu-kolec.jpg\",\"width\":2234,\"height\":398,\"caption\":\"Zapateneo Kultur Elkartea\"},\"image\":{\"@id\":\"https:\\\/\\\/zapateneo.net\\\/wordpress\\\/#\\\/schema\\\/logo\\\/image\\\/\"},\"sameAs\":[\"https:\\\/\\\/x.com\\\/zapateneo\"]}]}<\/script>\n<!-- \/ Yoast SEO plugin. -->","yoast_head_json":{"title":"Ladronas victorianas. cleptoman\u00cda y g\u00c9nero en el origen de los grandes almacenes &#8212; Zapateneo","robots":{"index":"index","follow":"follow","max-snippet":"max-snippet:-1","max-image-preview":"max-image-preview:large","max-video-preview":"max-video-preview:-1"},"canonical":"https:\/\/zapateneo.net\/wordpress\/index.php\/producto\/ladronas-victorianas-cleptomania-y-genero-en-el-origen-de-los-grandes-almacenes\/","og_locale":"es_ES","og_type":"article","og_title":"Ladronas victorianas. cleptoman\u00cda y g\u00c9nero en el origen de los grandes almacenes &#8212; Zapateneo","og_description":"Moreno Segarra, Nacho 9788461783106 - Antipersona - 2017 - 256 p\u00e1ginas \/orri.","og_url":"https:\/\/zapateneo.net\/wordpress\/index.php\/producto\/ladronas-victorianas-cleptomania-y-genero-en-el-origen-de-los-grandes-almacenes\/","og_site_name":"Zapateneo","article_modified_time":"2021-04-07T08:35:04+00:00","og_image":[{"width":280,"height":400,"url":"https:\/\/zapateneo.net\/wordpress\/wp-content\/uploads\/2021\/04\/cubierta-ladronas.jpg","type":"image\/jpeg"}],"twitter_card":"summary_large_image","twitter_site":"@zapateneo","twitter_misc":{"Tiempo de lectura":"1 minuto"},"schema":{"@context":"https:\/\/schema.org","@graph":[{"@type":"WebPage","@id":"https:\/\/zapateneo.net\/wordpress\/index.php\/producto\/ladronas-victorianas-cleptomania-y-genero-en-el-origen-de-los-grandes-almacenes\/","url":"https:\/\/zapateneo.net\/wordpress\/index.php\/producto\/ladronas-victorianas-cleptomania-y-genero-en-el-origen-de-los-grandes-almacenes\/","name":"Ladronas victorianas. cleptoman\u00cda y g\u00c9nero en el origen de los grandes almacenes &#8212; Zapateneo","isPartOf":{"@id":"https:\/\/zapateneo.net\/wordpress\/#website"},"primaryImageOfPage":{"@id":"https:\/\/zapateneo.net\/wordpress\/index.php\/producto\/ladronas-victorianas-cleptomania-y-genero-en-el-origen-de-los-grandes-almacenes\/#primaryimage"},"image":{"@id":"https:\/\/zapateneo.net\/wordpress\/index.php\/producto\/ladronas-victorianas-cleptomania-y-genero-en-el-origen-de-los-grandes-almacenes\/#primaryimage"},"thumbnailUrl":"https:\/\/zapateneo.net\/wordpress\/wp-content\/uploads\/2021\/04\/cubierta-ladronas.jpg","datePublished":"2021-04-07T08:34:43+00:00","dateModified":"2021-04-07T08:35:04+00:00","breadcrumb":{"@id":"https:\/\/zapateneo.net\/wordpress\/index.php\/producto\/ladronas-victorianas-cleptomania-y-genero-en-el-origen-de-los-grandes-almacenes\/#breadcrumb"},"inLanguage":"es","potentialAction":[{"@type":"ReadAction","target":["https:\/\/zapateneo.net\/wordpress\/index.php\/producto\/ladronas-victorianas-cleptomania-y-genero-en-el-origen-de-los-grandes-almacenes\/"]}]},{"@type":"ImageObject","inLanguage":"es","@id":"https:\/\/zapateneo.net\/wordpress\/index.php\/producto\/ladronas-victorianas-cleptomania-y-genero-en-el-origen-de-los-grandes-almacenes\/#primaryimage","url":"https:\/\/zapateneo.net\/wordpress\/wp-content\/uploads\/2021\/04\/cubierta-ladronas.jpg","contentUrl":"https:\/\/zapateneo.net\/wordpress\/wp-content\/uploads\/2021\/04\/cubierta-ladronas.jpg","width":280,"height":400},{"@type":"BreadcrumbList","@id":"https:\/\/zapateneo.net\/wordpress\/index.php\/producto\/ladronas-victorianas-cleptomania-y-genero-en-el-origen-de-los-grandes-almacenes\/#breadcrumb","itemListElement":[{"@type":"ListItem","position":1,"name":"Portada","item":"https:\/\/zapateneo.net\/wordpress\/"},{"@type":"ListItem","position":2,"name":"Tienda","item":"https:\/\/zapateneo.net\/wordpress\/"},{"@type":"ListItem","position":3,"name":"Ladronas victorianas. cleptoman\u00cda y g\u00c9nero en el origen de los grandes almacenes"}]},{"@type":"WebSite","@id":"https:\/\/zapateneo.net\/wordpress\/#website","url":"https:\/\/zapateneo.net\/wordpress\/","name":"Zapateneo","description":"Zapateneoaren webgunea","publisher":{"@id":"https:\/\/zapateneo.net\/wordpress\/#organization"},"potentialAction":[{"@type":"SearchAction","target":{"@type":"EntryPoint","urlTemplate":"https:\/\/zapateneo.net\/wordpress\/?s={search_term_string}"},"query-input":{"@type":"PropertyValueSpecification","valueRequired":true,"valueName":"search_term_string"}}],"inLanguage":"es"},{"@type":"Organization","@id":"https:\/\/zapateneo.net\/wordpress\/#organization","name":"Zapateneo Kultur Elkartea","url":"https:\/\/zapateneo.net\/wordpress\/","logo":{"@type":"ImageObject","inLanguage":"es","@id":"https:\/\/zapateneo.net\/wordpress\/#\/schema\/logo\/image\/","url":"https:\/\/zapateneo.net\/wordpress\/wp-content\/uploads\/2021\/04\/zap-libu-kolec.jpg","contentUrl":"https:\/\/zapateneo.net\/wordpress\/wp-content\/uploads\/2021\/04\/zap-libu-kolec.jpg","width":2234,"height":398,"caption":"Zapateneo Kultur Elkartea"},"image":{"@id":"https:\/\/zapateneo.net\/wordpress\/#\/schema\/logo\/image\/"},"sameAs":["https:\/\/x.com\/zapateneo"]}]}},"_links":{"self":[{"href":"https:\/\/zapateneo.net\/wordpress\/index.php\/wp-json\/wp\/v2\/product\/1848","targetHints":{"allow":["GET"]}}],"collection":[{"href":"https:\/\/zapateneo.net\/wordpress\/index.php\/wp-json\/wp\/v2\/product"}],"about":[{"href":"https:\/\/zapateneo.net\/wordpress\/index.php\/wp-json\/wp\/v2\/types\/product"}],"wp:featuredmedia":[{"embeddable":true,"href":"https:\/\/zapateneo.net\/wordpress\/index.php\/wp-json\/wp\/v2\/media\/1877"}],"wp:attachment":[{"href":"https:\/\/zapateneo.net\/wordpress\/index.php\/wp-json\/wp\/v2\/media?parent=1848"}],"wp:term":[{"taxonomy":"product_brand","embeddable":true,"href":"https:\/\/zapateneo.net\/wordpress\/index.php\/wp-json\/wp\/v2\/product_brand?post=1848"},{"taxonomy":"product_cat","embeddable":true,"href":"https:\/\/zapateneo.net\/wordpress\/index.php\/wp-json\/wp\/v2\/product_cat?post=1848"},{"taxonomy":"product_tag","embeddable":true,"href":"https:\/\/zapateneo.net\/wordpress\/index.php\/wp-json\/wp\/v2\/product_tag?post=1848"}],"curies":[{"name":"wp","href":"https:\/\/api.w.org\/{rel}","templated":true}]}}