{"id":1802,"date":"2021-04-07T09:34:13","date_gmt":"2021-04-07T08:34:13","guid":{"rendered":"https:\/\/zapateneo.net\/wordpress\/?post_type=product&#038;p=1802"},"modified":"2021-12-27T19:01:46","modified_gmt":"2021-12-27T18:01:46","slug":"subversion-feminista-de-la-economia-aportes-para-un-debate-sobre-el-conflicto-capital-vida","status":"publish","type":"product","link":"https:\/\/zapateneo.net\/wordpress\/index.php\/producto\/subversion-feminista-de-la-economia-aportes-para-un-debate-sobre-el-conflicto-capital-vida\/","title":{"rendered":"Subversi\u00f3n feminista de la econom\u00eda. Aportes para un debate sobre el conflicto capital-vida"},"content":{"rendered":"<p>La respuesta pol\u00edtica al estallido financiero ha vuelto a imponer la prioridad de los mercados sobre la vida. Sin duda, su sostenimiento sigue estando privatizado, invisibilizado, feminizado. A partir de la discusi\u00f3n sobre la econom\u00eda feminista, este libro detalla las bases de<br \/>\nun sistema injusto e inviable, fundado en la division sexual del trabajo y el expolio del planeta.<\/p>\n<p>Su prop\u00f3sito consiste en mirar \u00abm\u00e1s ac\u00e1\u00bb de los mitos del desarrollo (crecimiento ilimitado), la riqueza (acumulaci\u00f3n de capital) y el trabajo (limitado al trabajo asalariado) y a la vez dar cuenta de las tareas, redes y sujetos econ\u00f3micos que, material y cotidianamente, garantizan que la vida siga adelante. En este momento de tr\u00e1nsito, en el que el Estado del bienestar se ha escorado hacia los mercados, esta obra muestra la urgencia de discutir, radical y democr\u00e1ticamente, qu\u00e9 vida creemos digna de ser vivida y c\u00f3mo podemos organizarnos para sostenerla de forma colectiva.<\/p>\n","protected":false},"excerpt":{"rendered":"<p><strong>P\u00e9rez Orozco, Amaia<\/strong><br \/>\n9788496453487 &#8211; Traficantes de sue\u00f1os &#8211; 2014 &#8211; 306 p\u00e1ginas \/orri.<\/p>\n","protected":false},"featured_media":1832,"template":"","meta":[],"product_brand":[],"product_cat":[174,16],"product_tag":[1402,72],"class_list":{"0":"post-1802","1":"product","2":"type-product","3":"status-publish","4":"has-post-thumbnail","6":"product_cat-generoak-generos","7":"product_cat-libros","8":"product_tag-perez-orozco","9":"product_tag-traficantes-de-suenos","11":"first","12":"instock","13":"sold-individually","14":"shipping-taxable","15":"purchasable","16":"product-type-simple"},"yoast_head":"<!-- This site is optimized with the Yoast SEO plugin v27.3 - https:\/\/yoast.com\/product\/yoast-seo-wordpress\/ -->\n<title>Subversi\u00f3n feminista de la econom\u00eda. Aportes para un debate sobre el conflicto capital-vida &#8212; Zapateneo<\/title>\n<meta name=\"robots\" content=\"index, follow, max-snippet:-1, max-image-preview:large, max-video-preview:-1\" \/>\n<link rel=\"canonical\" href=\"https:\/\/zapateneo.net\/wordpress\/index.php\/producto\/subversion-feminista-de-la-economia-aportes-para-un-debate-sobre-el-conflicto-capital-vida\/\" \/>\n<meta property=\"og:locale\" content=\"es_ES\" \/>\n<meta property=\"og:type\" content=\"article\" \/>\n<meta property=\"og:title\" content=\"Subversi\u00f3n feminista de la econom\u00eda. Aportes para un debate sobre el conflicto capital-vida &#8212; Zapateneo\" \/>\n<meta property=\"og:description\" content=\"P\u00e9rez Orozco, Amaia 9788496453487 - Traficantes de sue\u00f1os - 2014 - 306 p\u00e1ginas \/orri.\" \/>\n<meta property=\"og:url\" content=\"https:\/\/zapateneo.net\/wordpress\/index.php\/producto\/subversion-feminista-de-la-economia-aportes-para-un-debate-sobre-el-conflicto-capital-vida\/\" \/>\n<meta property=\"og:site_name\" content=\"Zapateneo\" \/>\n<meta property=\"article:modified_time\" content=\"2021-12-27T18:01:46+00:00\" \/>\n<meta property=\"og:image\" content=\"https:\/\/zapateneo.net\/wordpress\/wp-content\/uploads\/2021\/04\/9788496453487.jpg\" \/>\n\t<meta property=\"og:image:width\" content=\"120\" \/>\n\t<meta property=\"og:image:height\" content=\"165\" \/>\n\t<meta property=\"og:image:type\" content=\"image\/jpeg\" \/>\n<meta name=\"twitter:card\" content=\"summary_large_image\" \/>\n<meta name=\"twitter:site\" content=\"@zapateneo\" \/>\n<meta name=\"twitter:label1\" content=\"Tiempo de lectura\" \/>\n\t<meta name=\"twitter:data1\" content=\"1 minuto\" \/>\n<script type=\"application\/ld+json\" class=\"yoast-schema-graph\">{\"@context\":\"https:\\\/\\\/schema.org\",\"@graph\":[{\"@type\":\"WebPage\",\"@id\":\"https:\\\/\\\/zapateneo.net\\\/wordpress\\\/index.php\\\/producto\\\/subversion-feminista-de-la-economia-aportes-para-un-debate-sobre-el-conflicto-capital-vida\\\/\",\"url\":\"https:\\\/\\\/zapateneo.net\\\/wordpress\\\/index.php\\\/producto\\\/subversion-feminista-de-la-economia-aportes-para-un-debate-sobre-el-conflicto-capital-vida\\\/\",\"name\":\"Subversi\u00f3n feminista de la econom\u00eda. Aportes para un debate sobre el conflicto capital-vida &#8212; Zapateneo\",\"isPartOf\":{\"@id\":\"https:\\\/\\\/zapateneo.net\\\/wordpress\\\/#website\"},\"primaryImageOfPage\":{\"@id\":\"https:\\\/\\\/zapateneo.net\\\/wordpress\\\/index.php\\\/producto\\\/subversion-feminista-de-la-economia-aportes-para-un-debate-sobre-el-conflicto-capital-vida\\\/#primaryimage\"},\"image\":{\"@id\":\"https:\\\/\\\/zapateneo.net\\\/wordpress\\\/index.php\\\/producto\\\/subversion-feminista-de-la-economia-aportes-para-un-debate-sobre-el-conflicto-capital-vida\\\/#primaryimage\"},\"thumbnailUrl\":\"https:\\\/\\\/zapateneo.net\\\/wordpress\\\/wp-content\\\/uploads\\\/2021\\\/04\\\/9788496453487.jpg\",\"datePublished\":\"2021-04-07T08:34:13+00:00\",\"dateModified\":\"2021-12-27T18:01:46+00:00\",\"breadcrumb\":{\"@id\":\"https:\\\/\\\/zapateneo.net\\\/wordpress\\\/index.php\\\/producto\\\/subversion-feminista-de-la-economia-aportes-para-un-debate-sobre-el-conflicto-capital-vida\\\/#breadcrumb\"},\"inLanguage\":\"es\",\"potentialAction\":[{\"@type\":\"ReadAction\",\"target\":[\"https:\\\/\\\/zapateneo.net\\\/wordpress\\\/index.php\\\/producto\\\/subversion-feminista-de-la-economia-aportes-para-un-debate-sobre-el-conflicto-capital-vida\\\/\"]}]},{\"@type\":\"ImageObject\",\"inLanguage\":\"es\",\"@id\":\"https:\\\/\\\/zapateneo.net\\\/wordpress\\\/index.php\\\/producto\\\/subversion-feminista-de-la-economia-aportes-para-un-debate-sobre-el-conflicto-capital-vida\\\/#primaryimage\",\"url\":\"https:\\\/\\\/zapateneo.net\\\/wordpress\\\/wp-content\\\/uploads\\\/2021\\\/04\\\/9788496453487.jpg\",\"contentUrl\":\"https:\\\/\\\/zapateneo.net\\\/wordpress\\\/wp-content\\\/uploads\\\/2021\\\/04\\\/9788496453487.jpg\",\"width\":120,\"height\":165},{\"@type\":\"BreadcrumbList\",\"@id\":\"https:\\\/\\\/zapateneo.net\\\/wordpress\\\/index.php\\\/producto\\\/subversion-feminista-de-la-economia-aportes-para-un-debate-sobre-el-conflicto-capital-vida\\\/#breadcrumb\",\"itemListElement\":[{\"@type\":\"ListItem\",\"position\":1,\"name\":\"Portada\",\"item\":\"https:\\\/\\\/zapateneo.net\\\/wordpress\\\/\"},{\"@type\":\"ListItem\",\"position\":2,\"name\":\"Tienda\",\"item\":\"https:\\\/\\\/zapateneo.net\\\/wordpress\\\/\"},{\"@type\":\"ListItem\",\"position\":3,\"name\":\"Subversi\u00f3n feminista de la econom\u00eda. Aportes para un debate sobre el conflicto capital-vida\"}]},{\"@type\":\"WebSite\",\"@id\":\"https:\\\/\\\/zapateneo.net\\\/wordpress\\\/#website\",\"url\":\"https:\\\/\\\/zapateneo.net\\\/wordpress\\\/\",\"name\":\"Zapateneo\",\"description\":\"Zapateneoaren webgunea\",\"publisher\":{\"@id\":\"https:\\\/\\\/zapateneo.net\\\/wordpress\\\/#organization\"},\"potentialAction\":[{\"@type\":\"SearchAction\",\"target\":{\"@type\":\"EntryPoint\",\"urlTemplate\":\"https:\\\/\\\/zapateneo.net\\\/wordpress\\\/?s={search_term_string}\"},\"query-input\":{\"@type\":\"PropertyValueSpecification\",\"valueRequired\":true,\"valueName\":\"search_term_string\"}}],\"inLanguage\":\"es\"},{\"@type\":\"Organization\",\"@id\":\"https:\\\/\\\/zapateneo.net\\\/wordpress\\\/#organization\",\"name\":\"Zapateneo Kultur Elkartea\",\"url\":\"https:\\\/\\\/zapateneo.net\\\/wordpress\\\/\",\"logo\":{\"@type\":\"ImageObject\",\"inLanguage\":\"es\",\"@id\":\"https:\\\/\\\/zapateneo.net\\\/wordpress\\\/#\\\/schema\\\/logo\\\/image\\\/\",\"url\":\"https:\\\/\\\/zapateneo.net\\\/wordpress\\\/wp-content\\\/uploads\\\/2021\\\/04\\\/zap-libu-kolec.jpg\",\"contentUrl\":\"https:\\\/\\\/zapateneo.net\\\/wordpress\\\/wp-content\\\/uploads\\\/2021\\\/04\\\/zap-libu-kolec.jpg\",\"width\":2234,\"height\":398,\"caption\":\"Zapateneo Kultur Elkartea\"},\"image\":{\"@id\":\"https:\\\/\\\/zapateneo.net\\\/wordpress\\\/#\\\/schema\\\/logo\\\/image\\\/\"},\"sameAs\":[\"https:\\\/\\\/x.com\\\/zapateneo\"]}]}<\/script>\n<!-- \/ Yoast SEO plugin. -->","yoast_head_json":{"title":"Subversi\u00f3n feminista de la econom\u00eda. Aportes para un debate sobre el conflicto capital-vida &#8212; Zapateneo","robots":{"index":"index","follow":"follow","max-snippet":"max-snippet:-1","max-image-preview":"max-image-preview:large","max-video-preview":"max-video-preview:-1"},"canonical":"https:\/\/zapateneo.net\/wordpress\/index.php\/producto\/subversion-feminista-de-la-economia-aportes-para-un-debate-sobre-el-conflicto-capital-vida\/","og_locale":"es_ES","og_type":"article","og_title":"Subversi\u00f3n feminista de la econom\u00eda. Aportes para un debate sobre el conflicto capital-vida &#8212; Zapateneo","og_description":"P\u00e9rez Orozco, Amaia 9788496453487 - Traficantes de sue\u00f1os - 2014 - 306 p\u00e1ginas \/orri.","og_url":"https:\/\/zapateneo.net\/wordpress\/index.php\/producto\/subversion-feminista-de-la-economia-aportes-para-un-debate-sobre-el-conflicto-capital-vida\/","og_site_name":"Zapateneo","article_modified_time":"2021-12-27T18:01:46+00:00","og_image":[{"width":120,"height":165,"url":"https:\/\/zapateneo.net\/wordpress\/wp-content\/uploads\/2021\/04\/9788496453487.jpg","type":"image\/jpeg"}],"twitter_card":"summary_large_image","twitter_site":"@zapateneo","twitter_misc":{"Tiempo de lectura":"1 minuto"},"schema":{"@context":"https:\/\/schema.org","@graph":[{"@type":"WebPage","@id":"https:\/\/zapateneo.net\/wordpress\/index.php\/producto\/subversion-feminista-de-la-economia-aportes-para-un-debate-sobre-el-conflicto-capital-vida\/","url":"https:\/\/zapateneo.net\/wordpress\/index.php\/producto\/subversion-feminista-de-la-economia-aportes-para-un-debate-sobre-el-conflicto-capital-vida\/","name":"Subversi\u00f3n feminista de la econom\u00eda. Aportes para un debate sobre el conflicto capital-vida &#8212; Zapateneo","isPartOf":{"@id":"https:\/\/zapateneo.net\/wordpress\/#website"},"primaryImageOfPage":{"@id":"https:\/\/zapateneo.net\/wordpress\/index.php\/producto\/subversion-feminista-de-la-economia-aportes-para-un-debate-sobre-el-conflicto-capital-vida\/#primaryimage"},"image":{"@id":"https:\/\/zapateneo.net\/wordpress\/index.php\/producto\/subversion-feminista-de-la-economia-aportes-para-un-debate-sobre-el-conflicto-capital-vida\/#primaryimage"},"thumbnailUrl":"https:\/\/zapateneo.net\/wordpress\/wp-content\/uploads\/2021\/04\/9788496453487.jpg","datePublished":"2021-04-07T08:34:13+00:00","dateModified":"2021-12-27T18:01:46+00:00","breadcrumb":{"@id":"https:\/\/zapateneo.net\/wordpress\/index.php\/producto\/subversion-feminista-de-la-economia-aportes-para-un-debate-sobre-el-conflicto-capital-vida\/#breadcrumb"},"inLanguage":"es","potentialAction":[{"@type":"ReadAction","target":["https:\/\/zapateneo.net\/wordpress\/index.php\/producto\/subversion-feminista-de-la-economia-aportes-para-un-debate-sobre-el-conflicto-capital-vida\/"]}]},{"@type":"ImageObject","inLanguage":"es","@id":"https:\/\/zapateneo.net\/wordpress\/index.php\/producto\/subversion-feminista-de-la-economia-aportes-para-un-debate-sobre-el-conflicto-capital-vida\/#primaryimage","url":"https:\/\/zapateneo.net\/wordpress\/wp-content\/uploads\/2021\/04\/9788496453487.jpg","contentUrl":"https:\/\/zapateneo.net\/wordpress\/wp-content\/uploads\/2021\/04\/9788496453487.jpg","width":120,"height":165},{"@type":"BreadcrumbList","@id":"https:\/\/zapateneo.net\/wordpress\/index.php\/producto\/subversion-feminista-de-la-economia-aportes-para-un-debate-sobre-el-conflicto-capital-vida\/#breadcrumb","itemListElement":[{"@type":"ListItem","position":1,"name":"Portada","item":"https:\/\/zapateneo.net\/wordpress\/"},{"@type":"ListItem","position":2,"name":"Tienda","item":"https:\/\/zapateneo.net\/wordpress\/"},{"@type":"ListItem","position":3,"name":"Subversi\u00f3n feminista de la econom\u00eda. Aportes para un debate sobre el conflicto capital-vida"}]},{"@type":"WebSite","@id":"https:\/\/zapateneo.net\/wordpress\/#website","url":"https:\/\/zapateneo.net\/wordpress\/","name":"Zapateneo","description":"Zapateneoaren webgunea","publisher":{"@id":"https:\/\/zapateneo.net\/wordpress\/#organization"},"potentialAction":[{"@type":"SearchAction","target":{"@type":"EntryPoint","urlTemplate":"https:\/\/zapateneo.net\/wordpress\/?s={search_term_string}"},"query-input":{"@type":"PropertyValueSpecification","valueRequired":true,"valueName":"search_term_string"}}],"inLanguage":"es"},{"@type":"Organization","@id":"https:\/\/zapateneo.net\/wordpress\/#organization","name":"Zapateneo Kultur Elkartea","url":"https:\/\/zapateneo.net\/wordpress\/","logo":{"@type":"ImageObject","inLanguage":"es","@id":"https:\/\/zapateneo.net\/wordpress\/#\/schema\/logo\/image\/","url":"https:\/\/zapateneo.net\/wordpress\/wp-content\/uploads\/2021\/04\/zap-libu-kolec.jpg","contentUrl":"https:\/\/zapateneo.net\/wordpress\/wp-content\/uploads\/2021\/04\/zap-libu-kolec.jpg","width":2234,"height":398,"caption":"Zapateneo Kultur Elkartea"},"image":{"@id":"https:\/\/zapateneo.net\/wordpress\/#\/schema\/logo\/image\/"},"sameAs":["https:\/\/x.com\/zapateneo"]}]}},"_links":{"self":[{"href":"https:\/\/zapateneo.net\/wordpress\/index.php\/wp-json\/wp\/v2\/product\/1802","targetHints":{"allow":["GET"]}}],"collection":[{"href":"https:\/\/zapateneo.net\/wordpress\/index.php\/wp-json\/wp\/v2\/product"}],"about":[{"href":"https:\/\/zapateneo.net\/wordpress\/index.php\/wp-json\/wp\/v2\/types\/product"}],"wp:featuredmedia":[{"embeddable":true,"href":"https:\/\/zapateneo.net\/wordpress\/index.php\/wp-json\/wp\/v2\/media\/1832"}],"wp:attachment":[{"href":"https:\/\/zapateneo.net\/wordpress\/index.php\/wp-json\/wp\/v2\/media?parent=1802"}],"wp:term":[{"taxonomy":"product_brand","embeddable":true,"href":"https:\/\/zapateneo.net\/wordpress\/index.php\/wp-json\/wp\/v2\/product_brand?post=1802"},{"taxonomy":"product_cat","embeddable":true,"href":"https:\/\/zapateneo.net\/wordpress\/index.php\/wp-json\/wp\/v2\/product_cat?post=1802"},{"taxonomy":"product_tag","embeddable":true,"href":"https:\/\/zapateneo.net\/wordpress\/index.php\/wp-json\/wp\/v2\/product_tag?post=1802"}],"curies":[{"name":"wp","href":"https:\/\/api.w.org\/{rel}","templated":true}]}}