{"id":1801,"date":"2021-04-07T09:34:12","date_gmt":"2021-04-07T08:34:12","guid":{"rendered":"https:\/\/zapateneo.net\/wordpress\/?post_type=product&#038;p=1801"},"modified":"2023-04-11T19:52:02","modified_gmt":"2023-04-11T18:52:02","slug":"mas-alla-de-la-pareja-una-guia-practica-para-el-poliamor-etico","status":"publish","type":"product","link":"https:\/\/zapateneo.net\/wordpress\/index.php\/producto\/mas-alla-de-la-pareja-una-guia-practica-para-el-poliamor-etico\/","title":{"rendered":"M\u00e1s all\u00e1 de la pareja. Una gu\u00eda pr\u00e1ctica para el poliamor \u00e9tico"},"content":{"rendered":"<p>M\u00e1s all\u00e1 de la pareja es la gu\u00eda m\u00e1s reciente sobre poliamor \u00e9tico. En sus 25 cap\u00edtulos, los autores van y vienen de la teor\u00eda a la pr\u00e1ctica. Eve Rickert y Franklin Veaux han recogido a lo largo de 20 a\u00f1os sus experiencias y las de cientos de miembros de la comunidad poliamorosa norteamericana.<\/p>\n<p>Este manual es una herramienta \u00fatil tanto para las personas que est\u00e1n empezando a pensar sus relaciones de forma poliamorosa como para quienes viven el poliamor desde hace tiempo y quieren encontrar ideas, reflexiones e historias de personas que han buscado relacionarse emocionalmente de forma \u00e9tica y no mon\u00f3gama durante a\u00f1os.<\/p>\n<p>Los autores abordan los cuidados, las negociaciones, el veto, los derechos de las personas que tienen una relaci\u00f3n con alguien que ya tiene pareja, las jerarqu\u00edas en las relaciones y si estas tienen sentido, la confianza, el empoderamiento, los celos, la honestidad y la comunicaci\u00f3n en relaciones no mon\u00f3gamas.<\/p>\n<p>Este libro no solo derriba los mitos de la monogamia, tambi\u00e9n algunos de los mitos de las relaciones no mon\u00f3gamas, Eve Rickert y Franklin Veaux nos invitan a cuestionar desde d\u00f3nde decidimos querernos, escriben sobre el riesgo, el miedo y el crecimiento.<\/p>\n<p>No es posible abrirse al poliamor si no queremos habitar nuestra vulnerabilidad y no es posible amarnos sin asomarnos radicalmente a las necesidades y deseos de aquellas personas con las que caminamos.<\/p>\n","protected":false},"excerpt":{"rendered":"<p><strong>Veaux, Franklin &amp; Rickert, Eve<\/strong><br \/>\n9788494934506 &#8211; Continta Me Tienes (errementari S.l.) &#8211; 2018 &#8211; 528 p\u00e1ginas \/orri.<\/p>\n","protected":false},"featured_media":1831,"template":"","meta":[],"product_brand":[],"product_cat":[174,16],"product_tag":[1267,6051,6052],"class_list":{"0":"post-1801","1":"product","2":"type-product","3":"status-publish","4":"has-post-thumbnail","6":"product_cat-generoak-generos","7":"product_cat-libros","8":"product_tag-continta-me-tienes","9":"product_tag-franklin-eve","10":"product_tag-veaux-rickert","12":"first","13":"outofstock","14":"sold-individually","15":"shipping-taxable","16":"purchasable","17":"product-type-simple"},"yoast_head":"<!-- This site is optimized with the Yoast SEO plugin v27.3 - https:\/\/yoast.com\/product\/yoast-seo-wordpress\/ -->\n<title>M\u00e1s all\u00e1 de la pareja. Una gu\u00eda pr\u00e1ctica para el poliamor \u00e9tico &#8212; Zapateneo<\/title>\n<meta name=\"robots\" content=\"index, follow, max-snippet:-1, max-image-preview:large, max-video-preview:-1\" \/>\n<link rel=\"canonical\" href=\"https:\/\/zapateneo.net\/wordpress\/index.php\/producto\/mas-alla-de-la-pareja-una-guia-practica-para-el-poliamor-etico\/\" \/>\n<meta property=\"og:locale\" content=\"es_ES\" \/>\n<meta property=\"og:type\" content=\"article\" \/>\n<meta property=\"og:title\" content=\"M\u00e1s all\u00e1 de la pareja. Una gu\u00eda pr\u00e1ctica para el poliamor \u00e9tico &#8212; Zapateneo\" \/>\n<meta property=\"og:description\" content=\"Veaux, Franklin &amp; Rickert, Eve 9788494934506 - Continta Me Tienes (errementari S.l.) - 2018 - 528 p\u00e1ginas \/orri.\" \/>\n<meta property=\"og:url\" content=\"https:\/\/zapateneo.net\/wordpress\/index.php\/producto\/mas-alla-de-la-pareja-una-guia-practica-para-el-poliamor-etico\/\" \/>\n<meta property=\"og:site_name\" content=\"Zapateneo\" \/>\n<meta property=\"article:modified_time\" content=\"2023-04-11T18:52:02+00:00\" \/>\n<meta property=\"og:image\" content=\"https:\/\/zapateneo.net\/wordpress\/wp-content\/uploads\/2021\/04\/9788494934506.jpg\" \/>\n\t<meta property=\"og:image:width\" content=\"120\" \/>\n\t<meta property=\"og:image:height\" content=\"133\" \/>\n\t<meta property=\"og:image:type\" content=\"image\/jpeg\" \/>\n<meta name=\"twitter:card\" content=\"summary_large_image\" \/>\n<meta name=\"twitter:site\" content=\"@zapateneo\" \/>\n<meta name=\"twitter:label1\" content=\"Tiempo de lectura\" \/>\n\t<meta name=\"twitter:data1\" content=\"1 minuto\" \/>\n<script type=\"application\/ld+json\" class=\"yoast-schema-graph\">{\"@context\":\"https:\\\/\\\/schema.org\",\"@graph\":[{\"@type\":\"WebPage\",\"@id\":\"https:\\\/\\\/zapateneo.net\\\/wordpress\\\/index.php\\\/producto\\\/mas-alla-de-la-pareja-una-guia-practica-para-el-poliamor-etico\\\/\",\"url\":\"https:\\\/\\\/zapateneo.net\\\/wordpress\\\/index.php\\\/producto\\\/mas-alla-de-la-pareja-una-guia-practica-para-el-poliamor-etico\\\/\",\"name\":\"M\u00e1s all\u00e1 de la pareja. Una gu\u00eda pr\u00e1ctica para el poliamor \u00e9tico &#8212; Zapateneo\",\"isPartOf\":{\"@id\":\"https:\\\/\\\/zapateneo.net\\\/wordpress\\\/#website\"},\"primaryImageOfPage\":{\"@id\":\"https:\\\/\\\/zapateneo.net\\\/wordpress\\\/index.php\\\/producto\\\/mas-alla-de-la-pareja-una-guia-practica-para-el-poliamor-etico\\\/#primaryimage\"},\"image\":{\"@id\":\"https:\\\/\\\/zapateneo.net\\\/wordpress\\\/index.php\\\/producto\\\/mas-alla-de-la-pareja-una-guia-practica-para-el-poliamor-etico\\\/#primaryimage\"},\"thumbnailUrl\":\"https:\\\/\\\/zapateneo.net\\\/wordpress\\\/wp-content\\\/uploads\\\/2021\\\/04\\\/9788494934506.jpg\",\"datePublished\":\"2021-04-07T08:34:12+00:00\",\"dateModified\":\"2023-04-11T18:52:02+00:00\",\"breadcrumb\":{\"@id\":\"https:\\\/\\\/zapateneo.net\\\/wordpress\\\/index.php\\\/producto\\\/mas-alla-de-la-pareja-una-guia-practica-para-el-poliamor-etico\\\/#breadcrumb\"},\"inLanguage\":\"es\",\"potentialAction\":[{\"@type\":\"ReadAction\",\"target\":[\"https:\\\/\\\/zapateneo.net\\\/wordpress\\\/index.php\\\/producto\\\/mas-alla-de-la-pareja-una-guia-practica-para-el-poliamor-etico\\\/\"]}]},{\"@type\":\"ImageObject\",\"inLanguage\":\"es\",\"@id\":\"https:\\\/\\\/zapateneo.net\\\/wordpress\\\/index.php\\\/producto\\\/mas-alla-de-la-pareja-una-guia-practica-para-el-poliamor-etico\\\/#primaryimage\",\"url\":\"https:\\\/\\\/zapateneo.net\\\/wordpress\\\/wp-content\\\/uploads\\\/2021\\\/04\\\/9788494934506.jpg\",\"contentUrl\":\"https:\\\/\\\/zapateneo.net\\\/wordpress\\\/wp-content\\\/uploads\\\/2021\\\/04\\\/9788494934506.jpg\",\"width\":120,\"height\":133},{\"@type\":\"BreadcrumbList\",\"@id\":\"https:\\\/\\\/zapateneo.net\\\/wordpress\\\/index.php\\\/producto\\\/mas-alla-de-la-pareja-una-guia-practica-para-el-poliamor-etico\\\/#breadcrumb\",\"itemListElement\":[{\"@type\":\"ListItem\",\"position\":1,\"name\":\"Portada\",\"item\":\"https:\\\/\\\/zapateneo.net\\\/wordpress\\\/\"},{\"@type\":\"ListItem\",\"position\":2,\"name\":\"Tienda\",\"item\":\"https:\\\/\\\/zapateneo.net\\\/wordpress\\\/\"},{\"@type\":\"ListItem\",\"position\":3,\"name\":\"M\u00e1s all\u00e1 de la pareja. Una gu\u00eda pr\u00e1ctica para el poliamor \u00e9tico\"}]},{\"@type\":\"WebSite\",\"@id\":\"https:\\\/\\\/zapateneo.net\\\/wordpress\\\/#website\",\"url\":\"https:\\\/\\\/zapateneo.net\\\/wordpress\\\/\",\"name\":\"Zapateneo\",\"description\":\"Zapateneoaren webgunea\",\"publisher\":{\"@id\":\"https:\\\/\\\/zapateneo.net\\\/wordpress\\\/#organization\"},\"potentialAction\":[{\"@type\":\"SearchAction\",\"target\":{\"@type\":\"EntryPoint\",\"urlTemplate\":\"https:\\\/\\\/zapateneo.net\\\/wordpress\\\/?s={search_term_string}\"},\"query-input\":{\"@type\":\"PropertyValueSpecification\",\"valueRequired\":true,\"valueName\":\"search_term_string\"}}],\"inLanguage\":\"es\"},{\"@type\":\"Organization\",\"@id\":\"https:\\\/\\\/zapateneo.net\\\/wordpress\\\/#organization\",\"name\":\"Zapateneo Kultur Elkartea\",\"url\":\"https:\\\/\\\/zapateneo.net\\\/wordpress\\\/\",\"logo\":{\"@type\":\"ImageObject\",\"inLanguage\":\"es\",\"@id\":\"https:\\\/\\\/zapateneo.net\\\/wordpress\\\/#\\\/schema\\\/logo\\\/image\\\/\",\"url\":\"https:\\\/\\\/zapateneo.net\\\/wordpress\\\/wp-content\\\/uploads\\\/2021\\\/04\\\/zap-libu-kolec.jpg\",\"contentUrl\":\"https:\\\/\\\/zapateneo.net\\\/wordpress\\\/wp-content\\\/uploads\\\/2021\\\/04\\\/zap-libu-kolec.jpg\",\"width\":2234,\"height\":398,\"caption\":\"Zapateneo Kultur Elkartea\"},\"image\":{\"@id\":\"https:\\\/\\\/zapateneo.net\\\/wordpress\\\/#\\\/schema\\\/logo\\\/image\\\/\"},\"sameAs\":[\"https:\\\/\\\/x.com\\\/zapateneo\"]}]}<\/script>\n<!-- \/ Yoast SEO plugin. -->","yoast_head_json":{"title":"M\u00e1s all\u00e1 de la pareja. Una gu\u00eda pr\u00e1ctica para el poliamor \u00e9tico &#8212; Zapateneo","robots":{"index":"index","follow":"follow","max-snippet":"max-snippet:-1","max-image-preview":"max-image-preview:large","max-video-preview":"max-video-preview:-1"},"canonical":"https:\/\/zapateneo.net\/wordpress\/index.php\/producto\/mas-alla-de-la-pareja-una-guia-practica-para-el-poliamor-etico\/","og_locale":"es_ES","og_type":"article","og_title":"M\u00e1s all\u00e1 de la pareja. Una gu\u00eda pr\u00e1ctica para el poliamor \u00e9tico &#8212; Zapateneo","og_description":"Veaux, Franklin &amp; Rickert, Eve 9788494934506 - Continta Me Tienes (errementari S.l.) - 2018 - 528 p\u00e1ginas \/orri.","og_url":"https:\/\/zapateneo.net\/wordpress\/index.php\/producto\/mas-alla-de-la-pareja-una-guia-practica-para-el-poliamor-etico\/","og_site_name":"Zapateneo","article_modified_time":"2023-04-11T18:52:02+00:00","og_image":[{"width":120,"height":133,"url":"https:\/\/zapateneo.net\/wordpress\/wp-content\/uploads\/2021\/04\/9788494934506.jpg","type":"image\/jpeg"}],"twitter_card":"summary_large_image","twitter_site":"@zapateneo","twitter_misc":{"Tiempo de lectura":"1 minuto"},"schema":{"@context":"https:\/\/schema.org","@graph":[{"@type":"WebPage","@id":"https:\/\/zapateneo.net\/wordpress\/index.php\/producto\/mas-alla-de-la-pareja-una-guia-practica-para-el-poliamor-etico\/","url":"https:\/\/zapateneo.net\/wordpress\/index.php\/producto\/mas-alla-de-la-pareja-una-guia-practica-para-el-poliamor-etico\/","name":"M\u00e1s all\u00e1 de la pareja. Una gu\u00eda pr\u00e1ctica para el poliamor \u00e9tico &#8212; Zapateneo","isPartOf":{"@id":"https:\/\/zapateneo.net\/wordpress\/#website"},"primaryImageOfPage":{"@id":"https:\/\/zapateneo.net\/wordpress\/index.php\/producto\/mas-alla-de-la-pareja-una-guia-practica-para-el-poliamor-etico\/#primaryimage"},"image":{"@id":"https:\/\/zapateneo.net\/wordpress\/index.php\/producto\/mas-alla-de-la-pareja-una-guia-practica-para-el-poliamor-etico\/#primaryimage"},"thumbnailUrl":"https:\/\/zapateneo.net\/wordpress\/wp-content\/uploads\/2021\/04\/9788494934506.jpg","datePublished":"2021-04-07T08:34:12+00:00","dateModified":"2023-04-11T18:52:02+00:00","breadcrumb":{"@id":"https:\/\/zapateneo.net\/wordpress\/index.php\/producto\/mas-alla-de-la-pareja-una-guia-practica-para-el-poliamor-etico\/#breadcrumb"},"inLanguage":"es","potentialAction":[{"@type":"ReadAction","target":["https:\/\/zapateneo.net\/wordpress\/index.php\/producto\/mas-alla-de-la-pareja-una-guia-practica-para-el-poliamor-etico\/"]}]},{"@type":"ImageObject","inLanguage":"es","@id":"https:\/\/zapateneo.net\/wordpress\/index.php\/producto\/mas-alla-de-la-pareja-una-guia-practica-para-el-poliamor-etico\/#primaryimage","url":"https:\/\/zapateneo.net\/wordpress\/wp-content\/uploads\/2021\/04\/9788494934506.jpg","contentUrl":"https:\/\/zapateneo.net\/wordpress\/wp-content\/uploads\/2021\/04\/9788494934506.jpg","width":120,"height":133},{"@type":"BreadcrumbList","@id":"https:\/\/zapateneo.net\/wordpress\/index.php\/producto\/mas-alla-de-la-pareja-una-guia-practica-para-el-poliamor-etico\/#breadcrumb","itemListElement":[{"@type":"ListItem","position":1,"name":"Portada","item":"https:\/\/zapateneo.net\/wordpress\/"},{"@type":"ListItem","position":2,"name":"Tienda","item":"https:\/\/zapateneo.net\/wordpress\/"},{"@type":"ListItem","position":3,"name":"M\u00e1s all\u00e1 de la pareja. Una gu\u00eda pr\u00e1ctica para el poliamor \u00e9tico"}]},{"@type":"WebSite","@id":"https:\/\/zapateneo.net\/wordpress\/#website","url":"https:\/\/zapateneo.net\/wordpress\/","name":"Zapateneo","description":"Zapateneoaren webgunea","publisher":{"@id":"https:\/\/zapateneo.net\/wordpress\/#organization"},"potentialAction":[{"@type":"SearchAction","target":{"@type":"EntryPoint","urlTemplate":"https:\/\/zapateneo.net\/wordpress\/?s={search_term_string}"},"query-input":{"@type":"PropertyValueSpecification","valueRequired":true,"valueName":"search_term_string"}}],"inLanguage":"es"},{"@type":"Organization","@id":"https:\/\/zapateneo.net\/wordpress\/#organization","name":"Zapateneo Kultur Elkartea","url":"https:\/\/zapateneo.net\/wordpress\/","logo":{"@type":"ImageObject","inLanguage":"es","@id":"https:\/\/zapateneo.net\/wordpress\/#\/schema\/logo\/image\/","url":"https:\/\/zapateneo.net\/wordpress\/wp-content\/uploads\/2021\/04\/zap-libu-kolec.jpg","contentUrl":"https:\/\/zapateneo.net\/wordpress\/wp-content\/uploads\/2021\/04\/zap-libu-kolec.jpg","width":2234,"height":398,"caption":"Zapateneo Kultur Elkartea"},"image":{"@id":"https:\/\/zapateneo.net\/wordpress\/#\/schema\/logo\/image\/"},"sameAs":["https:\/\/x.com\/zapateneo"]}]}},"_links":{"self":[{"href":"https:\/\/zapateneo.net\/wordpress\/index.php\/wp-json\/wp\/v2\/product\/1801","targetHints":{"allow":["GET"]}}],"collection":[{"href":"https:\/\/zapateneo.net\/wordpress\/index.php\/wp-json\/wp\/v2\/product"}],"about":[{"href":"https:\/\/zapateneo.net\/wordpress\/index.php\/wp-json\/wp\/v2\/types\/product"}],"wp:featuredmedia":[{"embeddable":true,"href":"https:\/\/zapateneo.net\/wordpress\/index.php\/wp-json\/wp\/v2\/media\/1831"}],"wp:attachment":[{"href":"https:\/\/zapateneo.net\/wordpress\/index.php\/wp-json\/wp\/v2\/media?parent=1801"}],"wp:term":[{"taxonomy":"product_brand","embeddable":true,"href":"https:\/\/zapateneo.net\/wordpress\/index.php\/wp-json\/wp\/v2\/product_brand?post=1801"},{"taxonomy":"product_cat","embeddable":true,"href":"https:\/\/zapateneo.net\/wordpress\/index.php\/wp-json\/wp\/v2\/product_cat?post=1801"},{"taxonomy":"product_tag","embeddable":true,"href":"https:\/\/zapateneo.net\/wordpress\/index.php\/wp-json\/wp\/v2\/product_tag?post=1801"}],"curies":[{"name":"wp","href":"https:\/\/api.w.org\/{rel}","templated":true}]}}