{"id":1797,"date":"2021-04-07T09:34:11","date_gmt":"2021-04-07T08:34:11","guid":{"rendered":"https:\/\/zapateneo.net\/wordpress\/?post_type=product&#038;p=1797"},"modified":"2021-12-17T18:53:32","modified_gmt":"2021-12-17T17:53:32","slug":"el-himen-y-el-hiyab-por-que-el-mundo-arabe-necesita-una-revolucion-sexual","status":"publish","type":"product","link":"https:\/\/zapateneo.net\/wordpress\/index.php\/producto\/el-himen-y-el-hiyab-por-que-el-mundo-arabe-necesita-una-revolucion-sexual\/","title":{"rendered":"El himen y el hiyab. Por qu\u00e9 el mundo \u00e1rabe necesita una revoluci\u00f3n sexual."},"content":{"rendered":"<section class=\"noborder\">\n<div>\n<p>La periodista Mona Eltahawy no es ajena a la controversia. A trav\u00e9s de sus art\u00edculos y acciones, ha luchado por la autonom\u00eda, la seguridad y la dignidad de las mujeres musulmanas, atrayendo a seguidores y detractores. En su primer libro, El himen y el hiyab, Eltahawy realiza una condena definitiva de las fuerzas represivas \u2014pol\u00edticas, culturales y religiosas\u2014 que reducen a millones de mujeres a ciudadanas de segunda clase. Recurriendo a sus a\u00f1os como activista y comentarista de los problemas de las mujeres en Oriente Medio, explica que, desde que comenz\u00f3 la Primavera \u00c1rabe en 2010, las mujeres en el mundo \u00e1rabe han tenido dos revoluciones que afrontar: una lucha junto a los hombres contra los reg\u00edmenes opresivos y otra lucha contra todo un sistema pol\u00edtico y econ\u00f3mico que reprime a las mujeres en Egipto, Arabia Saud\u00ed, T\u00fanez, Libia, Yemen y otras naciones. Eltahawy viaj\u00f3 por Oriente Medio y el norte de \u00c1frica reuni\u00e9ndose con mujeres y escuchando sus historias, y su libro es una llamada a la indignaci\u00f3n y a la acci\u00f3n para enfrentarse a esa \u00abmezcla t\u00f3xica de cultura y religi\u00f3n que pocos se sienten inclinados a desenmara\u00f1ar\u00bb. Un manifiesto motivado por la esperanza y la furia en igual medida.<\/p>\n<\/div>\n<\/section>\n","protected":false},"excerpt":{"rendered":"<p><strong>Eltahawy, Mona<\/strong><br \/>\n9788494886140 &#8211; Capitan Swing &#8211; 2018 &#8211; 208 p\u00e1ginas \/orri.<\/p>\n","protected":false},"featured_media":1827,"template":"","meta":[],"product_brand":[],"product_cat":[174,16],"product_tag":[102,1394],"class_list":{"0":"post-1797","1":"product","2":"type-product","3":"status-publish","4":"has-post-thumbnail","6":"product_cat-generoak-generos","7":"product_cat-libros","8":"product_tag-capitan-swing","9":"product_tag-eltahawy","11":"first","12":"instock","13":"sold-individually","14":"shipping-taxable","15":"purchasable","16":"product-type-simple"},"yoast_head":"<!-- This site is optimized with the Yoast SEO plugin v27.3 - https:\/\/yoast.com\/product\/yoast-seo-wordpress\/ -->\n<title>El himen y el hiyab. Por qu\u00e9 el mundo \u00e1rabe necesita una revoluci\u00f3n sexual. &#8212; Zapateneo<\/title>\n<meta name=\"robots\" content=\"index, follow, max-snippet:-1, max-image-preview:large, max-video-preview:-1\" \/>\n<link rel=\"canonical\" href=\"https:\/\/zapateneo.net\/wordpress\/index.php\/producto\/el-himen-y-el-hiyab-por-que-el-mundo-arabe-necesita-una-revolucion-sexual\/\" \/>\n<meta property=\"og:locale\" content=\"es_ES\" \/>\n<meta property=\"og:type\" content=\"article\" \/>\n<meta property=\"og:title\" content=\"El himen y el hiyab. Por qu\u00e9 el mundo \u00e1rabe necesita una revoluci\u00f3n sexual. &#8212; Zapateneo\" \/>\n<meta property=\"og:description\" content=\"Eltahawy, Mona 9788494886140 - Capitan Swing - 2018 - 208 p\u00e1ginas \/orri.\" \/>\n<meta property=\"og:url\" content=\"https:\/\/zapateneo.net\/wordpress\/index.php\/producto\/el-himen-y-el-hiyab-por-que-el-mundo-arabe-necesita-una-revolucion-sexual\/\" \/>\n<meta property=\"og:site_name\" content=\"Zapateneo\" \/>\n<meta property=\"article:modified_time\" content=\"2021-12-17T17:53:32+00:00\" \/>\n<meta property=\"og:image\" content=\"https:\/\/zapateneo.net\/wordpress\/wp-content\/uploads\/2021\/04\/9788494886140.jpg\" \/>\n\t<meta property=\"og:image:width\" content=\"120\" \/>\n\t<meta property=\"og:image:height\" content=\"187\" \/>\n\t<meta property=\"og:image:type\" content=\"image\/jpeg\" \/>\n<meta name=\"twitter:card\" content=\"summary_large_image\" \/>\n<meta name=\"twitter:site\" content=\"@zapateneo\" \/>\n<meta name=\"twitter:label1\" content=\"Tiempo de lectura\" \/>\n\t<meta name=\"twitter:data1\" content=\"1 minuto\" \/>\n<script type=\"application\/ld+json\" class=\"yoast-schema-graph\">{\"@context\":\"https:\\\/\\\/schema.org\",\"@graph\":[{\"@type\":\"WebPage\",\"@id\":\"https:\\\/\\\/zapateneo.net\\\/wordpress\\\/index.php\\\/producto\\\/el-himen-y-el-hiyab-por-que-el-mundo-arabe-necesita-una-revolucion-sexual\\\/\",\"url\":\"https:\\\/\\\/zapateneo.net\\\/wordpress\\\/index.php\\\/producto\\\/el-himen-y-el-hiyab-por-que-el-mundo-arabe-necesita-una-revolucion-sexual\\\/\",\"name\":\"El himen y el hiyab. Por qu\u00e9 el mundo \u00e1rabe necesita una revoluci\u00f3n sexual. &#8212; Zapateneo\",\"isPartOf\":{\"@id\":\"https:\\\/\\\/zapateneo.net\\\/wordpress\\\/#website\"},\"primaryImageOfPage\":{\"@id\":\"https:\\\/\\\/zapateneo.net\\\/wordpress\\\/index.php\\\/producto\\\/el-himen-y-el-hiyab-por-que-el-mundo-arabe-necesita-una-revolucion-sexual\\\/#primaryimage\"},\"image\":{\"@id\":\"https:\\\/\\\/zapateneo.net\\\/wordpress\\\/index.php\\\/producto\\\/el-himen-y-el-hiyab-por-que-el-mundo-arabe-necesita-una-revolucion-sexual\\\/#primaryimage\"},\"thumbnailUrl\":\"https:\\\/\\\/zapateneo.net\\\/wordpress\\\/wp-content\\\/uploads\\\/2021\\\/04\\\/9788494886140.jpg\",\"datePublished\":\"2021-04-07T08:34:11+00:00\",\"dateModified\":\"2021-12-17T17:53:32+00:00\",\"breadcrumb\":{\"@id\":\"https:\\\/\\\/zapateneo.net\\\/wordpress\\\/index.php\\\/producto\\\/el-himen-y-el-hiyab-por-que-el-mundo-arabe-necesita-una-revolucion-sexual\\\/#breadcrumb\"},\"inLanguage\":\"es\",\"potentialAction\":[{\"@type\":\"ReadAction\",\"target\":[\"https:\\\/\\\/zapateneo.net\\\/wordpress\\\/index.php\\\/producto\\\/el-himen-y-el-hiyab-por-que-el-mundo-arabe-necesita-una-revolucion-sexual\\\/\"]}]},{\"@type\":\"ImageObject\",\"inLanguage\":\"es\",\"@id\":\"https:\\\/\\\/zapateneo.net\\\/wordpress\\\/index.php\\\/producto\\\/el-himen-y-el-hiyab-por-que-el-mundo-arabe-necesita-una-revolucion-sexual\\\/#primaryimage\",\"url\":\"https:\\\/\\\/zapateneo.net\\\/wordpress\\\/wp-content\\\/uploads\\\/2021\\\/04\\\/9788494886140.jpg\",\"contentUrl\":\"https:\\\/\\\/zapateneo.net\\\/wordpress\\\/wp-content\\\/uploads\\\/2021\\\/04\\\/9788494886140.jpg\",\"width\":120,\"height\":187},{\"@type\":\"BreadcrumbList\",\"@id\":\"https:\\\/\\\/zapateneo.net\\\/wordpress\\\/index.php\\\/producto\\\/el-himen-y-el-hiyab-por-que-el-mundo-arabe-necesita-una-revolucion-sexual\\\/#breadcrumb\",\"itemListElement\":[{\"@type\":\"ListItem\",\"position\":1,\"name\":\"Portada\",\"item\":\"https:\\\/\\\/zapateneo.net\\\/wordpress\\\/\"},{\"@type\":\"ListItem\",\"position\":2,\"name\":\"Tienda\",\"item\":\"https:\\\/\\\/zapateneo.net\\\/wordpress\\\/\"},{\"@type\":\"ListItem\",\"position\":3,\"name\":\"El himen y el hiyab. Por qu\u00e9 el mundo \u00e1rabe necesita una revoluci\u00f3n sexual.\"}]},{\"@type\":\"WebSite\",\"@id\":\"https:\\\/\\\/zapateneo.net\\\/wordpress\\\/#website\",\"url\":\"https:\\\/\\\/zapateneo.net\\\/wordpress\\\/\",\"name\":\"Zapateneo\",\"description\":\"Zapateneoaren webgunea\",\"publisher\":{\"@id\":\"https:\\\/\\\/zapateneo.net\\\/wordpress\\\/#organization\"},\"potentialAction\":[{\"@type\":\"SearchAction\",\"target\":{\"@type\":\"EntryPoint\",\"urlTemplate\":\"https:\\\/\\\/zapateneo.net\\\/wordpress\\\/?s={search_term_string}\"},\"query-input\":{\"@type\":\"PropertyValueSpecification\",\"valueRequired\":true,\"valueName\":\"search_term_string\"}}],\"inLanguage\":\"es\"},{\"@type\":\"Organization\",\"@id\":\"https:\\\/\\\/zapateneo.net\\\/wordpress\\\/#organization\",\"name\":\"Zapateneo Kultur Elkartea\",\"url\":\"https:\\\/\\\/zapateneo.net\\\/wordpress\\\/\",\"logo\":{\"@type\":\"ImageObject\",\"inLanguage\":\"es\",\"@id\":\"https:\\\/\\\/zapateneo.net\\\/wordpress\\\/#\\\/schema\\\/logo\\\/image\\\/\",\"url\":\"https:\\\/\\\/zapateneo.net\\\/wordpress\\\/wp-content\\\/uploads\\\/2021\\\/04\\\/zap-libu-kolec.jpg\",\"contentUrl\":\"https:\\\/\\\/zapateneo.net\\\/wordpress\\\/wp-content\\\/uploads\\\/2021\\\/04\\\/zap-libu-kolec.jpg\",\"width\":2234,\"height\":398,\"caption\":\"Zapateneo Kultur Elkartea\"},\"image\":{\"@id\":\"https:\\\/\\\/zapateneo.net\\\/wordpress\\\/#\\\/schema\\\/logo\\\/image\\\/\"},\"sameAs\":[\"https:\\\/\\\/x.com\\\/zapateneo\"]}]}<\/script>\n<!-- \/ Yoast SEO plugin. -->","yoast_head_json":{"title":"El himen y el hiyab. Por qu\u00e9 el mundo \u00e1rabe necesita una revoluci\u00f3n sexual. &#8212; Zapateneo","robots":{"index":"index","follow":"follow","max-snippet":"max-snippet:-1","max-image-preview":"max-image-preview:large","max-video-preview":"max-video-preview:-1"},"canonical":"https:\/\/zapateneo.net\/wordpress\/index.php\/producto\/el-himen-y-el-hiyab-por-que-el-mundo-arabe-necesita-una-revolucion-sexual\/","og_locale":"es_ES","og_type":"article","og_title":"El himen y el hiyab. Por qu\u00e9 el mundo \u00e1rabe necesita una revoluci\u00f3n sexual. &#8212; Zapateneo","og_description":"Eltahawy, Mona 9788494886140 - Capitan Swing - 2018 - 208 p\u00e1ginas \/orri.","og_url":"https:\/\/zapateneo.net\/wordpress\/index.php\/producto\/el-himen-y-el-hiyab-por-que-el-mundo-arabe-necesita-una-revolucion-sexual\/","og_site_name":"Zapateneo","article_modified_time":"2021-12-17T17:53:32+00:00","og_image":[{"width":120,"height":187,"url":"https:\/\/zapateneo.net\/wordpress\/wp-content\/uploads\/2021\/04\/9788494886140.jpg","type":"image\/jpeg"}],"twitter_card":"summary_large_image","twitter_site":"@zapateneo","twitter_misc":{"Tiempo de lectura":"1 minuto"},"schema":{"@context":"https:\/\/schema.org","@graph":[{"@type":"WebPage","@id":"https:\/\/zapateneo.net\/wordpress\/index.php\/producto\/el-himen-y-el-hiyab-por-que-el-mundo-arabe-necesita-una-revolucion-sexual\/","url":"https:\/\/zapateneo.net\/wordpress\/index.php\/producto\/el-himen-y-el-hiyab-por-que-el-mundo-arabe-necesita-una-revolucion-sexual\/","name":"El himen y el hiyab. Por qu\u00e9 el mundo \u00e1rabe necesita una revoluci\u00f3n sexual. &#8212; Zapateneo","isPartOf":{"@id":"https:\/\/zapateneo.net\/wordpress\/#website"},"primaryImageOfPage":{"@id":"https:\/\/zapateneo.net\/wordpress\/index.php\/producto\/el-himen-y-el-hiyab-por-que-el-mundo-arabe-necesita-una-revolucion-sexual\/#primaryimage"},"image":{"@id":"https:\/\/zapateneo.net\/wordpress\/index.php\/producto\/el-himen-y-el-hiyab-por-que-el-mundo-arabe-necesita-una-revolucion-sexual\/#primaryimage"},"thumbnailUrl":"https:\/\/zapateneo.net\/wordpress\/wp-content\/uploads\/2021\/04\/9788494886140.jpg","datePublished":"2021-04-07T08:34:11+00:00","dateModified":"2021-12-17T17:53:32+00:00","breadcrumb":{"@id":"https:\/\/zapateneo.net\/wordpress\/index.php\/producto\/el-himen-y-el-hiyab-por-que-el-mundo-arabe-necesita-una-revolucion-sexual\/#breadcrumb"},"inLanguage":"es","potentialAction":[{"@type":"ReadAction","target":["https:\/\/zapateneo.net\/wordpress\/index.php\/producto\/el-himen-y-el-hiyab-por-que-el-mundo-arabe-necesita-una-revolucion-sexual\/"]}]},{"@type":"ImageObject","inLanguage":"es","@id":"https:\/\/zapateneo.net\/wordpress\/index.php\/producto\/el-himen-y-el-hiyab-por-que-el-mundo-arabe-necesita-una-revolucion-sexual\/#primaryimage","url":"https:\/\/zapateneo.net\/wordpress\/wp-content\/uploads\/2021\/04\/9788494886140.jpg","contentUrl":"https:\/\/zapateneo.net\/wordpress\/wp-content\/uploads\/2021\/04\/9788494886140.jpg","width":120,"height":187},{"@type":"BreadcrumbList","@id":"https:\/\/zapateneo.net\/wordpress\/index.php\/producto\/el-himen-y-el-hiyab-por-que-el-mundo-arabe-necesita-una-revolucion-sexual\/#breadcrumb","itemListElement":[{"@type":"ListItem","position":1,"name":"Portada","item":"https:\/\/zapateneo.net\/wordpress\/"},{"@type":"ListItem","position":2,"name":"Tienda","item":"https:\/\/zapateneo.net\/wordpress\/"},{"@type":"ListItem","position":3,"name":"El himen y el hiyab. Por qu\u00e9 el mundo \u00e1rabe necesita una revoluci\u00f3n sexual."}]},{"@type":"WebSite","@id":"https:\/\/zapateneo.net\/wordpress\/#website","url":"https:\/\/zapateneo.net\/wordpress\/","name":"Zapateneo","description":"Zapateneoaren webgunea","publisher":{"@id":"https:\/\/zapateneo.net\/wordpress\/#organization"},"potentialAction":[{"@type":"SearchAction","target":{"@type":"EntryPoint","urlTemplate":"https:\/\/zapateneo.net\/wordpress\/?s={search_term_string}"},"query-input":{"@type":"PropertyValueSpecification","valueRequired":true,"valueName":"search_term_string"}}],"inLanguage":"es"},{"@type":"Organization","@id":"https:\/\/zapateneo.net\/wordpress\/#organization","name":"Zapateneo Kultur Elkartea","url":"https:\/\/zapateneo.net\/wordpress\/","logo":{"@type":"ImageObject","inLanguage":"es","@id":"https:\/\/zapateneo.net\/wordpress\/#\/schema\/logo\/image\/","url":"https:\/\/zapateneo.net\/wordpress\/wp-content\/uploads\/2021\/04\/zap-libu-kolec.jpg","contentUrl":"https:\/\/zapateneo.net\/wordpress\/wp-content\/uploads\/2021\/04\/zap-libu-kolec.jpg","width":2234,"height":398,"caption":"Zapateneo Kultur Elkartea"},"image":{"@id":"https:\/\/zapateneo.net\/wordpress\/#\/schema\/logo\/image\/"},"sameAs":["https:\/\/x.com\/zapateneo"]}]}},"_links":{"self":[{"href":"https:\/\/zapateneo.net\/wordpress\/index.php\/wp-json\/wp\/v2\/product\/1797","targetHints":{"allow":["GET"]}}],"collection":[{"href":"https:\/\/zapateneo.net\/wordpress\/index.php\/wp-json\/wp\/v2\/product"}],"about":[{"href":"https:\/\/zapateneo.net\/wordpress\/index.php\/wp-json\/wp\/v2\/types\/product"}],"wp:featuredmedia":[{"embeddable":true,"href":"https:\/\/zapateneo.net\/wordpress\/index.php\/wp-json\/wp\/v2\/media\/1827"}],"wp:attachment":[{"href":"https:\/\/zapateneo.net\/wordpress\/index.php\/wp-json\/wp\/v2\/media?parent=1797"}],"wp:term":[{"taxonomy":"product_brand","embeddable":true,"href":"https:\/\/zapateneo.net\/wordpress\/index.php\/wp-json\/wp\/v2\/product_brand?post=1797"},{"taxonomy":"product_cat","embeddable":true,"href":"https:\/\/zapateneo.net\/wordpress\/index.php\/wp-json\/wp\/v2\/product_cat?post=1797"},{"taxonomy":"product_tag","embeddable":true,"href":"https:\/\/zapateneo.net\/wordpress\/index.php\/wp-json\/wp\/v2\/product_tag?post=1797"}],"curies":[{"name":"wp","href":"https:\/\/api.w.org\/{rel}","templated":true}]}}