{"id":1794,"date":"2021-04-07T09:34:11","date_gmt":"2021-04-07T08:34:11","guid":{"rendered":"https:\/\/zapateneo.net\/wordpress\/?post_type=product&#038;p=1794"},"modified":"2021-04-07T09:34:27","modified_gmt":"2021-04-07T08:34:27","slug":"la-fantasia-de-la-individualidad","status":"publish","type":"product","link":"https:\/\/zapateneo.net\/wordpress\/index.php\/producto\/la-fantasia-de-la-individualidad\/","title":{"rendered":"La fantas\u00cda de la individualidad."},"content":{"rendered":"<p>SOBRE LA CONSTRUCCI\u00d3N SOCIOHIST\u00d3RICA DEL SUJETO MODERNO<br \/>\n\u00bfCu\u00e1ndo y por qu\u00e9 comienza la dominaci\u00f3n sobre las mujeres? Nada menos que a contestar esta pregunta se dedica este libro de Almudena Hernando. Con una perspectiva arqueol\u00f3gica, esto es, basada en la cultura material, en lo que se hace y no en lo que se dice o se piensa, y que empieza con los primates y los primeros Homo, Hernando muestra que la desigualdad entre sexos no es de origen biol\u00f3gico. Antes al contrario, el patriarcado tiene una naturaleza hist\u00f3rica que no puede entenderse sin prestar atenci\u00f3n al modo diferencial en que hombres y mujeres han construido su identidad en el mundo occidental. La necesidad irrenunciable de v\u00ednculos de todo ser humano, el poder transformador de la escritura o la relaci\u00f3n entre individualidad, poder y control econ\u00f3mico son solo algunas de las l\u00edneas argumentales de un texto que habla de la complejidad y transformaci\u00f3n de la identidad de hombres y mujeres y de la creaci\u00f3n y consolidaci\u00f3n de la desigualdad entre ellos.<\/p>\n<p>Para la autora, los hombres quisieron mantener a las mujeres en lo que llama identidad relacional precisamente para que sostuvieran los v\u00ednculos que ellos iban perdiendo a medida que encarnaban posiciones de poder, se especializaban en determinadas formas de conocimiento y desarrollaban ciertas formas de control sobre el mundo, construyendo la ficci\u00f3n moderna de la individualidad. La Ilustraci\u00f3n termin\u00f3 por convertir esta ficci\u00f3n en r\u00e9gimen de verdad para toda la sociedad. Hernando se\u00f1ala, sin embargo, que esta individualidad desarrollada hist\u00f3ricamente por los hombres es dependiente, en tanto que necesita siempre de otros, y sin duda de las mujeres, a fin de construir unos v\u00ednculos que ellos pretenden haber dejado atr\u00e1s. Por el contrario, llama independiente al modo en el que algunas mujeres de la Modernidad han construido su identidad, conscientes tanto de su poder frente al mundo como de su interdependencia. Se intuye as\u00ed que esta historia del surgimiento y consolidaci\u00f3n del patriarcado no solo trata del pasado. Contiene a la vez una promesa de futuro: rompamos la ficci\u00f3n de la superioridad de la raz\u00f3n frente a las emociones para entender mejor c\u00f3mo somos y poder ser m\u00e1s libres e iguales.<\/p>\n<p>Almudena Hernando (1959) es arque\u00f3loga y prehistoriadora, profesora de la Universidad Complutense de Madrid y miembro del Instituto de Investigaciones Feministas. Dedica su investigaci\u00f3n a la etnoarqueolog\u00eda, la teor\u00eda arqueol\u00f3gica, la arqueolog\u00eda de g\u00e9nero y la construcci\u00f3n de identidades. Adem\u00e1s de numerosos art\u00edculos en revistas especializadas, Hernando ha publicado Arqueolog\u00eda de la identidad (Madrid, Akal, 2002). Y ha sido editora de los libros: La construcci\u00f3n de la subjetividad femenina (Madrid, Instituto de Investigaciones Feministas, 2000); \u00bfDesean las mujeres el poder? Cinco reflexiones en torno a un deseo conflictivo (Madrid, Minerva, 2003) y en Traficantes de Sue\u00f1os, Mujeres, hombres, poder. Subjetividades en conflicto (Madrid, 2015).<\/p>\n","protected":false},"excerpt":{"rendered":"<p><strong>Hernando Gonzalo,  Almudena<\/strong><br \/>\n9788494806872 &#8211; Traficantes De Sue\u00d1os &#8211; 2018 &#8211; 216 p\u00e1ginas \/orri.<\/p>\n","protected":false},"featured_media":1824,"template":"","meta":[],"product_brand":[],"product_cat":[174,16],"product_tag":[1390,72],"class_list":{"0":"post-1794","1":"product","2":"type-product","3":"status-publish","4":"has-post-thumbnail","6":"product_cat-generoak-generos","7":"product_cat-libros","8":"product_tag-hernando-gonzalo","9":"product_tag-traficantes-de-suenos","11":"first","12":"instock","13":"sold-individually","14":"shipping-taxable","15":"purchasable","16":"product-type-simple"},"yoast_head":"<!-- This site is optimized with the Yoast SEO plugin v27.3 - https:\/\/yoast.com\/product\/yoast-seo-wordpress\/ -->\n<title>La fantas\u00cda de la individualidad. &#8212; Zapateneo<\/title>\n<meta name=\"robots\" content=\"index, follow, max-snippet:-1, max-image-preview:large, max-video-preview:-1\" \/>\n<link rel=\"canonical\" href=\"https:\/\/zapateneo.net\/wordpress\/index.php\/producto\/la-fantasia-de-la-individualidad\/\" \/>\n<meta property=\"og:locale\" content=\"es_ES\" \/>\n<meta property=\"og:type\" content=\"article\" \/>\n<meta property=\"og:title\" content=\"La fantas\u00cda de la individualidad. &#8212; Zapateneo\" \/>\n<meta property=\"og:description\" content=\"Hernando Gonzalo, Almudena 9788494806872 - Traficantes De Sue\u00d1os - 2018 - 216 p\u00e1ginas \/orri.\" \/>\n<meta property=\"og:url\" content=\"https:\/\/zapateneo.net\/wordpress\/index.php\/producto\/la-fantasia-de-la-individualidad\/\" \/>\n<meta property=\"og:site_name\" content=\"Zapateneo\" \/>\n<meta property=\"article:modified_time\" content=\"2021-04-07T08:34:27+00:00\" \/>\n<meta property=\"og:image\" content=\"https:\/\/zapateneo.net\/wordpress\/wp-content\/uploads\/2021\/04\/9788494806872.jpg\" \/>\n\t<meta property=\"og:image:width\" content=\"120\" \/>\n\t<meta property=\"og:image:height\" content=\"168\" \/>\n\t<meta property=\"og:image:type\" content=\"image\/jpeg\" \/>\n<meta name=\"twitter:card\" content=\"summary_large_image\" \/>\n<meta name=\"twitter:site\" content=\"@zapateneo\" \/>\n<meta name=\"twitter:label1\" content=\"Tiempo de lectura\" \/>\n\t<meta name=\"twitter:data1\" content=\"3 minutos\" \/>\n<script type=\"application\/ld+json\" class=\"yoast-schema-graph\">{\"@context\":\"https:\\\/\\\/schema.org\",\"@graph\":[{\"@type\":\"WebPage\",\"@id\":\"https:\\\/\\\/zapateneo.net\\\/wordpress\\\/index.php\\\/producto\\\/la-fantasia-de-la-individualidad\\\/\",\"url\":\"https:\\\/\\\/zapateneo.net\\\/wordpress\\\/index.php\\\/producto\\\/la-fantasia-de-la-individualidad\\\/\",\"name\":\"La fantas\u00cda de la individualidad. &#8212; Zapateneo\",\"isPartOf\":{\"@id\":\"https:\\\/\\\/zapateneo.net\\\/wordpress\\\/#website\"},\"primaryImageOfPage\":{\"@id\":\"https:\\\/\\\/zapateneo.net\\\/wordpress\\\/index.php\\\/producto\\\/la-fantasia-de-la-individualidad\\\/#primaryimage\"},\"image\":{\"@id\":\"https:\\\/\\\/zapateneo.net\\\/wordpress\\\/index.php\\\/producto\\\/la-fantasia-de-la-individualidad\\\/#primaryimage\"},\"thumbnailUrl\":\"https:\\\/\\\/zapateneo.net\\\/wordpress\\\/wp-content\\\/uploads\\\/2021\\\/04\\\/9788494806872.jpg\",\"datePublished\":\"2021-04-07T08:34:11+00:00\",\"dateModified\":\"2021-04-07T08:34:27+00:00\",\"breadcrumb\":{\"@id\":\"https:\\\/\\\/zapateneo.net\\\/wordpress\\\/index.php\\\/producto\\\/la-fantasia-de-la-individualidad\\\/#breadcrumb\"},\"inLanguage\":\"es\",\"potentialAction\":[{\"@type\":\"ReadAction\",\"target\":[\"https:\\\/\\\/zapateneo.net\\\/wordpress\\\/index.php\\\/producto\\\/la-fantasia-de-la-individualidad\\\/\"]}]},{\"@type\":\"ImageObject\",\"inLanguage\":\"es\",\"@id\":\"https:\\\/\\\/zapateneo.net\\\/wordpress\\\/index.php\\\/producto\\\/la-fantasia-de-la-individualidad\\\/#primaryimage\",\"url\":\"https:\\\/\\\/zapateneo.net\\\/wordpress\\\/wp-content\\\/uploads\\\/2021\\\/04\\\/9788494806872.jpg\",\"contentUrl\":\"https:\\\/\\\/zapateneo.net\\\/wordpress\\\/wp-content\\\/uploads\\\/2021\\\/04\\\/9788494806872.jpg\",\"width\":120,\"height\":168},{\"@type\":\"BreadcrumbList\",\"@id\":\"https:\\\/\\\/zapateneo.net\\\/wordpress\\\/index.php\\\/producto\\\/la-fantasia-de-la-individualidad\\\/#breadcrumb\",\"itemListElement\":[{\"@type\":\"ListItem\",\"position\":1,\"name\":\"Portada\",\"item\":\"https:\\\/\\\/zapateneo.net\\\/wordpress\\\/\"},{\"@type\":\"ListItem\",\"position\":2,\"name\":\"Tienda\",\"item\":\"https:\\\/\\\/zapateneo.net\\\/wordpress\\\/\"},{\"@type\":\"ListItem\",\"position\":3,\"name\":\"La fantas\u00cda de la individualidad.\"}]},{\"@type\":\"WebSite\",\"@id\":\"https:\\\/\\\/zapateneo.net\\\/wordpress\\\/#website\",\"url\":\"https:\\\/\\\/zapateneo.net\\\/wordpress\\\/\",\"name\":\"Zapateneo\",\"description\":\"Zapateneoaren webgunea\",\"publisher\":{\"@id\":\"https:\\\/\\\/zapateneo.net\\\/wordpress\\\/#organization\"},\"potentialAction\":[{\"@type\":\"SearchAction\",\"target\":{\"@type\":\"EntryPoint\",\"urlTemplate\":\"https:\\\/\\\/zapateneo.net\\\/wordpress\\\/?s={search_term_string}\"},\"query-input\":{\"@type\":\"PropertyValueSpecification\",\"valueRequired\":true,\"valueName\":\"search_term_string\"}}],\"inLanguage\":\"es\"},{\"@type\":\"Organization\",\"@id\":\"https:\\\/\\\/zapateneo.net\\\/wordpress\\\/#organization\",\"name\":\"Zapateneo Kultur Elkartea\",\"url\":\"https:\\\/\\\/zapateneo.net\\\/wordpress\\\/\",\"logo\":{\"@type\":\"ImageObject\",\"inLanguage\":\"es\",\"@id\":\"https:\\\/\\\/zapateneo.net\\\/wordpress\\\/#\\\/schema\\\/logo\\\/image\\\/\",\"url\":\"https:\\\/\\\/zapateneo.net\\\/wordpress\\\/wp-content\\\/uploads\\\/2021\\\/04\\\/zap-libu-kolec.jpg\",\"contentUrl\":\"https:\\\/\\\/zapateneo.net\\\/wordpress\\\/wp-content\\\/uploads\\\/2021\\\/04\\\/zap-libu-kolec.jpg\",\"width\":2234,\"height\":398,\"caption\":\"Zapateneo Kultur Elkartea\"},\"image\":{\"@id\":\"https:\\\/\\\/zapateneo.net\\\/wordpress\\\/#\\\/schema\\\/logo\\\/image\\\/\"},\"sameAs\":[\"https:\\\/\\\/x.com\\\/zapateneo\"]}]}<\/script>\n<!-- \/ Yoast SEO plugin. -->","yoast_head_json":{"title":"La fantas\u00cda de la individualidad. &#8212; Zapateneo","robots":{"index":"index","follow":"follow","max-snippet":"max-snippet:-1","max-image-preview":"max-image-preview:large","max-video-preview":"max-video-preview:-1"},"canonical":"https:\/\/zapateneo.net\/wordpress\/index.php\/producto\/la-fantasia-de-la-individualidad\/","og_locale":"es_ES","og_type":"article","og_title":"La fantas\u00cda de la individualidad. &#8212; Zapateneo","og_description":"Hernando Gonzalo, Almudena 9788494806872 - Traficantes De Sue\u00d1os - 2018 - 216 p\u00e1ginas \/orri.","og_url":"https:\/\/zapateneo.net\/wordpress\/index.php\/producto\/la-fantasia-de-la-individualidad\/","og_site_name":"Zapateneo","article_modified_time":"2021-04-07T08:34:27+00:00","og_image":[{"width":120,"height":168,"url":"https:\/\/zapateneo.net\/wordpress\/wp-content\/uploads\/2021\/04\/9788494806872.jpg","type":"image\/jpeg"}],"twitter_card":"summary_large_image","twitter_site":"@zapateneo","twitter_misc":{"Tiempo de lectura":"3 minutos"},"schema":{"@context":"https:\/\/schema.org","@graph":[{"@type":"WebPage","@id":"https:\/\/zapateneo.net\/wordpress\/index.php\/producto\/la-fantasia-de-la-individualidad\/","url":"https:\/\/zapateneo.net\/wordpress\/index.php\/producto\/la-fantasia-de-la-individualidad\/","name":"La fantas\u00cda de la individualidad. &#8212; Zapateneo","isPartOf":{"@id":"https:\/\/zapateneo.net\/wordpress\/#website"},"primaryImageOfPage":{"@id":"https:\/\/zapateneo.net\/wordpress\/index.php\/producto\/la-fantasia-de-la-individualidad\/#primaryimage"},"image":{"@id":"https:\/\/zapateneo.net\/wordpress\/index.php\/producto\/la-fantasia-de-la-individualidad\/#primaryimage"},"thumbnailUrl":"https:\/\/zapateneo.net\/wordpress\/wp-content\/uploads\/2021\/04\/9788494806872.jpg","datePublished":"2021-04-07T08:34:11+00:00","dateModified":"2021-04-07T08:34:27+00:00","breadcrumb":{"@id":"https:\/\/zapateneo.net\/wordpress\/index.php\/producto\/la-fantasia-de-la-individualidad\/#breadcrumb"},"inLanguage":"es","potentialAction":[{"@type":"ReadAction","target":["https:\/\/zapateneo.net\/wordpress\/index.php\/producto\/la-fantasia-de-la-individualidad\/"]}]},{"@type":"ImageObject","inLanguage":"es","@id":"https:\/\/zapateneo.net\/wordpress\/index.php\/producto\/la-fantasia-de-la-individualidad\/#primaryimage","url":"https:\/\/zapateneo.net\/wordpress\/wp-content\/uploads\/2021\/04\/9788494806872.jpg","contentUrl":"https:\/\/zapateneo.net\/wordpress\/wp-content\/uploads\/2021\/04\/9788494806872.jpg","width":120,"height":168},{"@type":"BreadcrumbList","@id":"https:\/\/zapateneo.net\/wordpress\/index.php\/producto\/la-fantasia-de-la-individualidad\/#breadcrumb","itemListElement":[{"@type":"ListItem","position":1,"name":"Portada","item":"https:\/\/zapateneo.net\/wordpress\/"},{"@type":"ListItem","position":2,"name":"Tienda","item":"https:\/\/zapateneo.net\/wordpress\/"},{"@type":"ListItem","position":3,"name":"La fantas\u00cda de la individualidad."}]},{"@type":"WebSite","@id":"https:\/\/zapateneo.net\/wordpress\/#website","url":"https:\/\/zapateneo.net\/wordpress\/","name":"Zapateneo","description":"Zapateneoaren webgunea","publisher":{"@id":"https:\/\/zapateneo.net\/wordpress\/#organization"},"potentialAction":[{"@type":"SearchAction","target":{"@type":"EntryPoint","urlTemplate":"https:\/\/zapateneo.net\/wordpress\/?s={search_term_string}"},"query-input":{"@type":"PropertyValueSpecification","valueRequired":true,"valueName":"search_term_string"}}],"inLanguage":"es"},{"@type":"Organization","@id":"https:\/\/zapateneo.net\/wordpress\/#organization","name":"Zapateneo Kultur Elkartea","url":"https:\/\/zapateneo.net\/wordpress\/","logo":{"@type":"ImageObject","inLanguage":"es","@id":"https:\/\/zapateneo.net\/wordpress\/#\/schema\/logo\/image\/","url":"https:\/\/zapateneo.net\/wordpress\/wp-content\/uploads\/2021\/04\/zap-libu-kolec.jpg","contentUrl":"https:\/\/zapateneo.net\/wordpress\/wp-content\/uploads\/2021\/04\/zap-libu-kolec.jpg","width":2234,"height":398,"caption":"Zapateneo Kultur Elkartea"},"image":{"@id":"https:\/\/zapateneo.net\/wordpress\/#\/schema\/logo\/image\/"},"sameAs":["https:\/\/x.com\/zapateneo"]}]}},"_links":{"self":[{"href":"https:\/\/zapateneo.net\/wordpress\/index.php\/wp-json\/wp\/v2\/product\/1794","targetHints":{"allow":["GET"]}}],"collection":[{"href":"https:\/\/zapateneo.net\/wordpress\/index.php\/wp-json\/wp\/v2\/product"}],"about":[{"href":"https:\/\/zapateneo.net\/wordpress\/index.php\/wp-json\/wp\/v2\/types\/product"}],"wp:featuredmedia":[{"embeddable":true,"href":"https:\/\/zapateneo.net\/wordpress\/index.php\/wp-json\/wp\/v2\/media\/1824"}],"wp:attachment":[{"href":"https:\/\/zapateneo.net\/wordpress\/index.php\/wp-json\/wp\/v2\/media?parent=1794"}],"wp:term":[{"taxonomy":"product_brand","embeddable":true,"href":"https:\/\/zapateneo.net\/wordpress\/index.php\/wp-json\/wp\/v2\/product_brand?post=1794"},{"taxonomy":"product_cat","embeddable":true,"href":"https:\/\/zapateneo.net\/wordpress\/index.php\/wp-json\/wp\/v2\/product_cat?post=1794"},{"taxonomy":"product_tag","embeddable":true,"href":"https:\/\/zapateneo.net\/wordpress\/index.php\/wp-json\/wp\/v2\/product_tag?post=1794"}],"curies":[{"name":"wp","href":"https:\/\/api.w.org\/{rel}","templated":true}]}}