{"id":1730,"date":"2021-04-07T09:33:20","date_gmt":"2021-04-07T08:33:20","guid":{"rendered":"https:\/\/zapateneo.net\/wordpress\/?post_type=product&#038;p=1730"},"modified":"2021-04-07T09:33:57","modified_gmt":"2021-04-07T08:33:57","slug":"el-libro-del-buen-amor-sexualidades-raras-y-politicas-extranas","status":"publish","type":"product","link":"https:\/\/zapateneo.net\/wordpress\/index.php\/producto\/el-libro-del-buen-amor-sexualidades-raras-y-politicas-extranas\/","title":{"rendered":"El libro del buen [a]mor. Sexualidades raras y pol\u00edticas extra\u00f1as"},"content":{"rendered":"<p>VILA, FEFA &#8211; S\u00c1EZ DEL \u00c1LAMO, JAVIER &#8211; GARC\u00cdA DAUDER, DAU &#8211; ROS\u00d3N, MAR\u00cdA &#8211; PLATERO M\u00c9NDEZ, LUCAS R. &#8211; BERZOSA, ALBERTO &#8211; ALIAGA, JUAN VICENTE &#8211; AHMED, SARA &#8211; CARRASCOSA, SEJO &#8211; M. HAMILTON AKA MATERIA HACHE &#8211; LAURETIS, TERESA DE &#8211; MART\u00cdN D\u00cdAZ-ALDAG\u00c1LAN, MIRIAM &#8211; MART\u00cdNEZ, PABLO &#8211; MELERO, ALEJANDRO &#8211; MIRA, ALBERTO &#8211; MIRALLES, PEPE &#8211; ORTEGA ARJONILLA, ESTHER &#8211; DEL POZO BARRIUSO, DIEGO &#8211; RODR\u00cdGUEZ DEL BARRIO, LOURDES &#8211; ROMERO BACHILLER, CARMEN &#8211; SALGADO, MAR\u00cdA &#8211; MM CABEZA DE VACA, FRAN &#8211; SUAREZ, JUAN ANTONIO &#8211; VALENCIA TRIANA, SAYAK &#8211; V\u00c1ZQUEZ ARENC\u00d3N, I\u00d1AKI &#8211; VIDARTE, PACO &#8211; FERN\u00c1NDEZ &#8211; GARRIDO, SAM<br \/>\n&#8212;&#8212;&#8211;<br \/>\nEste es un libro que interroga y escruta el sentido de la experiencia colectiva desde la disidencia sexual y desde sus actores pol\u00edticos, analiza sus acontecimientos y los lugares donde se inscriben sus luchas, sus afectos, sus logros y fracasos, sus miedos, sus silencios, su rabia y su deseo, as\u00ed como su potencia. Este ha sido el lugar com\u00fan de encuentro y de partida con el que iniciamos el programa cultural promovido desde el<br \/>\nAyuntamiento de Madrid en 2017 y que nombramos como El porvenir de la revuelta.<\/p>\n<p>Memoria y deseo LGTBI-Q. Este es el pasado reciente que inspira en parte este libro que nunca pudo ni ha querido ser un cat\u00e1logo de exposiciones. En este libro hemos recogido las voces y los cuerpos de much+s amig+s, activistas, pasivistas, artistas, poetas, te\u00f3ric+s, migrantes, feministas, gitanas, afrodescendientes,<br \/>\npersonas solidarias y de gran talento que han aportado sus enfoques diversos, pol\u00edticos, deseantes, para darnos herramientas para el cambio social, pol\u00edtico, sexual.<br \/>\nPara rescindir el contrato cisheterosexual. Para cuestionar el patriarcado y el racismo. Para inventar nuevos lenguajes, nuevas sexualidades, nuevos v\u00ednculos, nuevas sociabilidades, para intentar revolverlo todo. Y seguir bailando.<\/p>\n<p>El libro de buen ?mor consta de cuatro cap\u00edtulos: \u00abMemoria\u00bb, \u00abDeseo\u00bb, \u00abPorvenir\u00bb<br \/>\ny \u00abContraarchivo\u00bb. El Vmor. Nuestro Vmor siempre radical. Desde \u00e9l interpelemos, rastreemos la memoria y el deseo con el fin de revolver el porvenir, un devenir pol\u00edtico incierto, envuelto en una crisis civilizatoria, clim\u00e1tica, sexual. La verg\u00fcenza de los<br \/>\ntriunfadores.<\/p>\n","protected":false},"excerpt":{"rendered":"<p><strong>S\u00e1ez, Javier &#038; Vila, Fefa (ed.)<\/strong><br \/>\n9788478128150 &#8211; Ayuntamiento de Madrid &#8211; 2019 &#8211; 352 p\u00e1ginas \/orri.<\/p>\n","protected":false},"featured_media":1778,"template":"","meta":[],"product_brand":[],"product_cat":[174,16],"product_tag":[1361,1359,1358],"class_list":{"0":"post-1730","1":"product","2":"type-product","3":"status-publish","4":"has-post-thumbnail","6":"product_cat-generoak-generos","7":"product_cat-libros","8":"product_tag-ayuntamiento-de-madrid","9":"product_tag-javier-vila","10":"product_tag-saez","12":"first","13":"instock","14":"sold-individually","15":"shipping-taxable","16":"purchasable","17":"product-type-simple"},"yoast_head":"<!-- This site is optimized with the Yoast SEO plugin v27.3 - https:\/\/yoast.com\/product\/yoast-seo-wordpress\/ -->\n<title>El libro del buen [a]mor. Sexualidades raras y pol\u00edticas extra\u00f1as &#8212; Zapateneo<\/title>\n<meta name=\"robots\" content=\"index, follow, max-snippet:-1, max-image-preview:large, max-video-preview:-1\" \/>\n<link rel=\"canonical\" href=\"https:\/\/zapateneo.net\/wordpress\/index.php\/producto\/el-libro-del-buen-amor-sexualidades-raras-y-politicas-extranas\/\" \/>\n<meta property=\"og:locale\" content=\"es_ES\" \/>\n<meta property=\"og:type\" content=\"article\" \/>\n<meta property=\"og:title\" content=\"El libro del buen [a]mor. Sexualidades raras y pol\u00edticas extra\u00f1as &#8212; Zapateneo\" \/>\n<meta property=\"og:description\" content=\"S\u00e1ez, Javier &amp; Vila, Fefa (ed.) 9788478128150 - Ayuntamiento de Madrid - 2019 - 352 p\u00e1ginas \/orri.\" \/>\n<meta property=\"og:url\" content=\"https:\/\/zapateneo.net\/wordpress\/index.php\/producto\/el-libro-del-buen-amor-sexualidades-raras-y-politicas-extranas\/\" \/>\n<meta property=\"og:site_name\" content=\"Zapateneo\" \/>\n<meta property=\"article:modified_time\" content=\"2021-04-07T08:33:57+00:00\" \/>\n<meta property=\"og:image\" content=\"https:\/\/zapateneo.net\/wordpress\/wp-content\/uploads\/2021\/04\/9788478128150.gif\" \/>\n\t<meta property=\"og:image:width\" content=\"175\" \/>\n\t<meta property=\"og:image:height\" content=\"250\" \/>\n\t<meta property=\"og:image:type\" content=\"image\/gif\" \/>\n<meta name=\"twitter:card\" content=\"summary_large_image\" \/>\n<meta name=\"twitter:site\" content=\"@zapateneo\" \/>\n<meta name=\"twitter:label1\" content=\"Tiempo de lectura\" \/>\n\t<meta name=\"twitter:data1\" content=\"2 minutos\" \/>\n<script type=\"application\/ld+json\" class=\"yoast-schema-graph\">{\"@context\":\"https:\\\/\\\/schema.org\",\"@graph\":[{\"@type\":\"WebPage\",\"@id\":\"https:\\\/\\\/zapateneo.net\\\/wordpress\\\/index.php\\\/producto\\\/el-libro-del-buen-amor-sexualidades-raras-y-politicas-extranas\\\/\",\"url\":\"https:\\\/\\\/zapateneo.net\\\/wordpress\\\/index.php\\\/producto\\\/el-libro-del-buen-amor-sexualidades-raras-y-politicas-extranas\\\/\",\"name\":\"El libro del buen [a]mor. Sexualidades raras y pol\u00edticas extra\u00f1as &#8212; Zapateneo\",\"isPartOf\":{\"@id\":\"https:\\\/\\\/zapateneo.net\\\/wordpress\\\/#website\"},\"primaryImageOfPage\":{\"@id\":\"https:\\\/\\\/zapateneo.net\\\/wordpress\\\/index.php\\\/producto\\\/el-libro-del-buen-amor-sexualidades-raras-y-politicas-extranas\\\/#primaryimage\"},\"image\":{\"@id\":\"https:\\\/\\\/zapateneo.net\\\/wordpress\\\/index.php\\\/producto\\\/el-libro-del-buen-amor-sexualidades-raras-y-politicas-extranas\\\/#primaryimage\"},\"thumbnailUrl\":\"https:\\\/\\\/zapateneo.net\\\/wordpress\\\/wp-content\\\/uploads\\\/2021\\\/04\\\/9788478128150.gif\",\"datePublished\":\"2021-04-07T08:33:20+00:00\",\"dateModified\":\"2021-04-07T08:33:57+00:00\",\"breadcrumb\":{\"@id\":\"https:\\\/\\\/zapateneo.net\\\/wordpress\\\/index.php\\\/producto\\\/el-libro-del-buen-amor-sexualidades-raras-y-politicas-extranas\\\/#breadcrumb\"},\"inLanguage\":\"es\",\"potentialAction\":[{\"@type\":\"ReadAction\",\"target\":[\"https:\\\/\\\/zapateneo.net\\\/wordpress\\\/index.php\\\/producto\\\/el-libro-del-buen-amor-sexualidades-raras-y-politicas-extranas\\\/\"]}]},{\"@type\":\"ImageObject\",\"inLanguage\":\"es\",\"@id\":\"https:\\\/\\\/zapateneo.net\\\/wordpress\\\/index.php\\\/producto\\\/el-libro-del-buen-amor-sexualidades-raras-y-politicas-extranas\\\/#primaryimage\",\"url\":\"https:\\\/\\\/zapateneo.net\\\/wordpress\\\/wp-content\\\/uploads\\\/2021\\\/04\\\/9788478128150.gif\",\"contentUrl\":\"https:\\\/\\\/zapateneo.net\\\/wordpress\\\/wp-content\\\/uploads\\\/2021\\\/04\\\/9788478128150.gif\",\"width\":175,\"height\":250},{\"@type\":\"BreadcrumbList\",\"@id\":\"https:\\\/\\\/zapateneo.net\\\/wordpress\\\/index.php\\\/producto\\\/el-libro-del-buen-amor-sexualidades-raras-y-politicas-extranas\\\/#breadcrumb\",\"itemListElement\":[{\"@type\":\"ListItem\",\"position\":1,\"name\":\"Portada\",\"item\":\"https:\\\/\\\/zapateneo.net\\\/wordpress\\\/\"},{\"@type\":\"ListItem\",\"position\":2,\"name\":\"Tienda\",\"item\":\"https:\\\/\\\/zapateneo.net\\\/wordpress\\\/\"},{\"@type\":\"ListItem\",\"position\":3,\"name\":\"El libro del buen [a]mor. Sexualidades raras y pol\u00edticas extra\u00f1as\"}]},{\"@type\":\"WebSite\",\"@id\":\"https:\\\/\\\/zapateneo.net\\\/wordpress\\\/#website\",\"url\":\"https:\\\/\\\/zapateneo.net\\\/wordpress\\\/\",\"name\":\"Zapateneo\",\"description\":\"Zapateneoaren webgunea\",\"publisher\":{\"@id\":\"https:\\\/\\\/zapateneo.net\\\/wordpress\\\/#organization\"},\"potentialAction\":[{\"@type\":\"SearchAction\",\"target\":{\"@type\":\"EntryPoint\",\"urlTemplate\":\"https:\\\/\\\/zapateneo.net\\\/wordpress\\\/?s={search_term_string}\"},\"query-input\":{\"@type\":\"PropertyValueSpecification\",\"valueRequired\":true,\"valueName\":\"search_term_string\"}}],\"inLanguage\":\"es\"},{\"@type\":\"Organization\",\"@id\":\"https:\\\/\\\/zapateneo.net\\\/wordpress\\\/#organization\",\"name\":\"Zapateneo Kultur Elkartea\",\"url\":\"https:\\\/\\\/zapateneo.net\\\/wordpress\\\/\",\"logo\":{\"@type\":\"ImageObject\",\"inLanguage\":\"es\",\"@id\":\"https:\\\/\\\/zapateneo.net\\\/wordpress\\\/#\\\/schema\\\/logo\\\/image\\\/\",\"url\":\"https:\\\/\\\/zapateneo.net\\\/wordpress\\\/wp-content\\\/uploads\\\/2021\\\/04\\\/zap-libu-kolec.jpg\",\"contentUrl\":\"https:\\\/\\\/zapateneo.net\\\/wordpress\\\/wp-content\\\/uploads\\\/2021\\\/04\\\/zap-libu-kolec.jpg\",\"width\":2234,\"height\":398,\"caption\":\"Zapateneo Kultur Elkartea\"},\"image\":{\"@id\":\"https:\\\/\\\/zapateneo.net\\\/wordpress\\\/#\\\/schema\\\/logo\\\/image\\\/\"},\"sameAs\":[\"https:\\\/\\\/x.com\\\/zapateneo\"]}]}<\/script>\n<!-- \/ Yoast SEO plugin. -->","yoast_head_json":{"title":"El libro del buen [a]mor. Sexualidades raras y pol\u00edticas extra\u00f1as &#8212; Zapateneo","robots":{"index":"index","follow":"follow","max-snippet":"max-snippet:-1","max-image-preview":"max-image-preview:large","max-video-preview":"max-video-preview:-1"},"canonical":"https:\/\/zapateneo.net\/wordpress\/index.php\/producto\/el-libro-del-buen-amor-sexualidades-raras-y-politicas-extranas\/","og_locale":"es_ES","og_type":"article","og_title":"El libro del buen [a]mor. Sexualidades raras y pol\u00edticas extra\u00f1as &#8212; Zapateneo","og_description":"S\u00e1ez, Javier & Vila, Fefa (ed.) 9788478128150 - Ayuntamiento de Madrid - 2019 - 352 p\u00e1ginas \/orri.","og_url":"https:\/\/zapateneo.net\/wordpress\/index.php\/producto\/el-libro-del-buen-amor-sexualidades-raras-y-politicas-extranas\/","og_site_name":"Zapateneo","article_modified_time":"2021-04-07T08:33:57+00:00","og_image":[{"width":175,"height":250,"url":"https:\/\/zapateneo.net\/wordpress\/wp-content\/uploads\/2021\/04\/9788478128150.gif","type":"image\/gif"}],"twitter_card":"summary_large_image","twitter_site":"@zapateneo","twitter_misc":{"Tiempo de lectura":"2 minutos"},"schema":{"@context":"https:\/\/schema.org","@graph":[{"@type":"WebPage","@id":"https:\/\/zapateneo.net\/wordpress\/index.php\/producto\/el-libro-del-buen-amor-sexualidades-raras-y-politicas-extranas\/","url":"https:\/\/zapateneo.net\/wordpress\/index.php\/producto\/el-libro-del-buen-amor-sexualidades-raras-y-politicas-extranas\/","name":"El libro del buen [a]mor. Sexualidades raras y pol\u00edticas extra\u00f1as &#8212; Zapateneo","isPartOf":{"@id":"https:\/\/zapateneo.net\/wordpress\/#website"},"primaryImageOfPage":{"@id":"https:\/\/zapateneo.net\/wordpress\/index.php\/producto\/el-libro-del-buen-amor-sexualidades-raras-y-politicas-extranas\/#primaryimage"},"image":{"@id":"https:\/\/zapateneo.net\/wordpress\/index.php\/producto\/el-libro-del-buen-amor-sexualidades-raras-y-politicas-extranas\/#primaryimage"},"thumbnailUrl":"https:\/\/zapateneo.net\/wordpress\/wp-content\/uploads\/2021\/04\/9788478128150.gif","datePublished":"2021-04-07T08:33:20+00:00","dateModified":"2021-04-07T08:33:57+00:00","breadcrumb":{"@id":"https:\/\/zapateneo.net\/wordpress\/index.php\/producto\/el-libro-del-buen-amor-sexualidades-raras-y-politicas-extranas\/#breadcrumb"},"inLanguage":"es","potentialAction":[{"@type":"ReadAction","target":["https:\/\/zapateneo.net\/wordpress\/index.php\/producto\/el-libro-del-buen-amor-sexualidades-raras-y-politicas-extranas\/"]}]},{"@type":"ImageObject","inLanguage":"es","@id":"https:\/\/zapateneo.net\/wordpress\/index.php\/producto\/el-libro-del-buen-amor-sexualidades-raras-y-politicas-extranas\/#primaryimage","url":"https:\/\/zapateneo.net\/wordpress\/wp-content\/uploads\/2021\/04\/9788478128150.gif","contentUrl":"https:\/\/zapateneo.net\/wordpress\/wp-content\/uploads\/2021\/04\/9788478128150.gif","width":175,"height":250},{"@type":"BreadcrumbList","@id":"https:\/\/zapateneo.net\/wordpress\/index.php\/producto\/el-libro-del-buen-amor-sexualidades-raras-y-politicas-extranas\/#breadcrumb","itemListElement":[{"@type":"ListItem","position":1,"name":"Portada","item":"https:\/\/zapateneo.net\/wordpress\/"},{"@type":"ListItem","position":2,"name":"Tienda","item":"https:\/\/zapateneo.net\/wordpress\/"},{"@type":"ListItem","position":3,"name":"El libro del buen [a]mor. Sexualidades raras y pol\u00edticas extra\u00f1as"}]},{"@type":"WebSite","@id":"https:\/\/zapateneo.net\/wordpress\/#website","url":"https:\/\/zapateneo.net\/wordpress\/","name":"Zapateneo","description":"Zapateneoaren webgunea","publisher":{"@id":"https:\/\/zapateneo.net\/wordpress\/#organization"},"potentialAction":[{"@type":"SearchAction","target":{"@type":"EntryPoint","urlTemplate":"https:\/\/zapateneo.net\/wordpress\/?s={search_term_string}"},"query-input":{"@type":"PropertyValueSpecification","valueRequired":true,"valueName":"search_term_string"}}],"inLanguage":"es"},{"@type":"Organization","@id":"https:\/\/zapateneo.net\/wordpress\/#organization","name":"Zapateneo Kultur Elkartea","url":"https:\/\/zapateneo.net\/wordpress\/","logo":{"@type":"ImageObject","inLanguage":"es","@id":"https:\/\/zapateneo.net\/wordpress\/#\/schema\/logo\/image\/","url":"https:\/\/zapateneo.net\/wordpress\/wp-content\/uploads\/2021\/04\/zap-libu-kolec.jpg","contentUrl":"https:\/\/zapateneo.net\/wordpress\/wp-content\/uploads\/2021\/04\/zap-libu-kolec.jpg","width":2234,"height":398,"caption":"Zapateneo Kultur Elkartea"},"image":{"@id":"https:\/\/zapateneo.net\/wordpress\/#\/schema\/logo\/image\/"},"sameAs":["https:\/\/x.com\/zapateneo"]}]}},"_links":{"self":[{"href":"https:\/\/zapateneo.net\/wordpress\/index.php\/wp-json\/wp\/v2\/product\/1730","targetHints":{"allow":["GET"]}}],"collection":[{"href":"https:\/\/zapateneo.net\/wordpress\/index.php\/wp-json\/wp\/v2\/product"}],"about":[{"href":"https:\/\/zapateneo.net\/wordpress\/index.php\/wp-json\/wp\/v2\/types\/product"}],"wp:featuredmedia":[{"embeddable":true,"href":"https:\/\/zapateneo.net\/wordpress\/index.php\/wp-json\/wp\/v2\/media\/1778"}],"wp:attachment":[{"href":"https:\/\/zapateneo.net\/wordpress\/index.php\/wp-json\/wp\/v2\/media?parent=1730"}],"wp:term":[{"taxonomy":"product_brand","embeddable":true,"href":"https:\/\/zapateneo.net\/wordpress\/index.php\/wp-json\/wp\/v2\/product_brand?post=1730"},{"taxonomy":"product_cat","embeddable":true,"href":"https:\/\/zapateneo.net\/wordpress\/index.php\/wp-json\/wp\/v2\/product_cat?post=1730"},{"taxonomy":"product_tag","embeddable":true,"href":"https:\/\/zapateneo.net\/wordpress\/index.php\/wp-json\/wp\/v2\/product_tag?post=1730"}],"curies":[{"name":"wp","href":"https:\/\/api.w.org\/{rel}","templated":true}]}}