{"id":1725,"date":"2021-04-07T09:33:19","date_gmt":"2021-04-07T08:33:19","guid":{"rendered":"https:\/\/zapateneo.net\/wordpress\/?post_type=product&#038;p=1725"},"modified":"2021-04-07T09:33:52","modified_gmt":"2021-04-07T08:33:52","slug":"lo-que-nos-sale-del-utero","status":"publish","type":"product","link":"https:\/\/zapateneo.net\/wordpress\/index.php\/producto\/lo-que-nos-sale-del-utero\/","title":{"rendered":"Lo que nos sale del \u00fatero"},"content":{"rendered":"<p>Magdalena quiere ser madre a sus cuarenta mientras se le va metiendo el feminismo en el cuerpo. Cuando se le mete el feminismo se desmadra, se siente libre para dejar de ser mujer (o no). Dejar de ser la mujer que se espera, la que quiere ser madre, heterosexual, mon\u00f3gama y obediente.<\/p>\n<p>Lo que nos sale del \u00fatero es un libro sobre duelos. Sobre el duelo de la no-maternidad y el duelo del amor rom\u00e1ntico. Y tambi\u00e9n sobre el proceso de poner la creatividad y el humor al servicio de reparar estas p\u00e9rdidas.<\/p>\n<p>Es tambi\u00e9n una historia del amor. De c\u00f3mo nos salva el amor, entendido en may\u00fasculas, alejado de la ideolog\u00eda del amor rom\u00e1ntico y subvirtiendo las jerarqu\u00edas amorosas para poner en el centro la amistad, los cuidados y lo colectivo sin renunciar a enamorarse, a vivir apasionadamente el encuentro con otro. Tambi\u00e9n sobre el amor como ant\u00eddoto de lo que nos enloquece, como contrapoder frente a un mundo que alimenta violencias y desigualdades.<\/p>\n<p>Se narra el camino de una mujer de cuarenta a\u00f1os enfrentada al proceso de querer ser madre sin pareja: las ambivalencias con respecto a este deseo en relaci\u00f3n a la identidad como mujer, los mandatos de g\u00e9nero, la idealizaci\u00f3n de la maternidad, el encuentro con la mercantilizaci\u00f3n de los procesos de reproducci\u00f3n asistida y la cosificaci\u00f3n del cuerpo de las mujeres. Su camino se entreteje con el de las historias de otras mujeres enfrentadas a la maternidad, mostrando la diversidad y cuestionando los relatos dominantes.<\/p>\n<p>Todo el mundo existencial de la protagonista (maternidad, amor, amistad, tribu, feminismo, locura, poder) se atraviesa por un punto concreto de su universo en el que se unen los ejes del lugar, el tiempo y la persona. Y ese universo se transforma. La protagonista, su \u00fatero, la maternidad, y el amor, adquieren otro significado tras atravesar ese lugar, ni mejor ni peor, ni siquiera definitivo, es un devenir. Est\u00e1 contado desde un lugar, el cuerpo de la protagonista, circunscrito al \u00fatero. El \u00fatero literalmente como parte de un cuerpo. El \u00fatero met\u00e1fora de las posibilidades de crear de las mujeres. Fotograf\u00edas de \u00fateros e ilustraciones pintadas con lo que nos sale del \u00fatero. Est\u00e1 contado en un tiempo, el periodo de b\u00fasqueda de la maternidad y del descubrimiento del feminismo. Y en una persona, Magdalena, ficcionada a partir de las historias de la autora y las compartidas con otras.<\/p>\n","protected":false},"excerpt":{"rendered":"<p><strong>Alonso Su\u00e1rez, Mar\u00ed\u00ada<\/strong><br \/>\n9788472909533 &#8211; Bellaterra &#8211; 2019 &#8211; 170 p\u00e1ginas \/orri.<\/p>\n","protected":false},"featured_media":1773,"template":"","meta":[],"product_brand":[],"product_cat":[174,16],"product_tag":[1348,92],"class_list":{"0":"post-1725","1":"product","2":"type-product","3":"status-publish","4":"has-post-thumbnail","6":"product_cat-generoak-generos","7":"product_cat-libros","8":"product_tag-alonso-suarez","9":"product_tag-bellaterra","11":"first","12":"instock","13":"sold-individually","14":"shipping-taxable","15":"purchasable","16":"product-type-simple"},"yoast_head":"<!-- This site is optimized with the Yoast SEO plugin v27.3 - https:\/\/yoast.com\/product\/yoast-seo-wordpress\/ -->\n<title>Lo que nos sale del \u00fatero &#8212; Zapateneo<\/title>\n<meta name=\"robots\" content=\"index, follow, max-snippet:-1, max-image-preview:large, max-video-preview:-1\" \/>\n<link rel=\"canonical\" href=\"https:\/\/zapateneo.net\/wordpress\/index.php\/producto\/lo-que-nos-sale-del-utero\/\" \/>\n<meta property=\"og:locale\" content=\"es_ES\" \/>\n<meta property=\"og:type\" content=\"article\" \/>\n<meta property=\"og:title\" content=\"Lo que nos sale del \u00fatero &#8212; Zapateneo\" \/>\n<meta property=\"og:description\" content=\"Alonso Su\u00e1rez, Mar\u00ed\u00ada 9788472909533 - Bellaterra - 2019 - 170 p\u00e1ginas \/orri.\" \/>\n<meta property=\"og:url\" content=\"https:\/\/zapateneo.net\/wordpress\/index.php\/producto\/lo-que-nos-sale-del-utero\/\" \/>\n<meta property=\"og:site_name\" content=\"Zapateneo\" \/>\n<meta property=\"article:modified_time\" content=\"2021-04-07T08:33:52+00:00\" \/>\n<meta property=\"og:image\" content=\"https:\/\/zapateneo.net\/wordpress\/wp-content\/uploads\/2021\/04\/9788472909533.jpg\" \/>\n\t<meta property=\"og:image:width\" content=\"120\" \/>\n\t<meta property=\"og:image:height\" content=\"183\" \/>\n\t<meta property=\"og:image:type\" content=\"image\/jpeg\" \/>\n<meta name=\"twitter:card\" content=\"summary_large_image\" \/>\n<meta name=\"twitter:site\" content=\"@zapateneo\" \/>\n<meta name=\"twitter:label1\" content=\"Tiempo de lectura\" \/>\n\t<meta name=\"twitter:data1\" content=\"2 minutos\" \/>\n<script type=\"application\/ld+json\" class=\"yoast-schema-graph\">{\"@context\":\"https:\\\/\\\/schema.org\",\"@graph\":[{\"@type\":\"WebPage\",\"@id\":\"https:\\\/\\\/zapateneo.net\\\/wordpress\\\/index.php\\\/producto\\\/lo-que-nos-sale-del-utero\\\/\",\"url\":\"https:\\\/\\\/zapateneo.net\\\/wordpress\\\/index.php\\\/producto\\\/lo-que-nos-sale-del-utero\\\/\",\"name\":\"Lo que nos sale del \u00fatero &#8212; Zapateneo\",\"isPartOf\":{\"@id\":\"https:\\\/\\\/zapateneo.net\\\/wordpress\\\/#website\"},\"primaryImageOfPage\":{\"@id\":\"https:\\\/\\\/zapateneo.net\\\/wordpress\\\/index.php\\\/producto\\\/lo-que-nos-sale-del-utero\\\/#primaryimage\"},\"image\":{\"@id\":\"https:\\\/\\\/zapateneo.net\\\/wordpress\\\/index.php\\\/producto\\\/lo-que-nos-sale-del-utero\\\/#primaryimage\"},\"thumbnailUrl\":\"https:\\\/\\\/zapateneo.net\\\/wordpress\\\/wp-content\\\/uploads\\\/2021\\\/04\\\/9788472909533.jpg\",\"datePublished\":\"2021-04-07T08:33:19+00:00\",\"dateModified\":\"2021-04-07T08:33:52+00:00\",\"breadcrumb\":{\"@id\":\"https:\\\/\\\/zapateneo.net\\\/wordpress\\\/index.php\\\/producto\\\/lo-que-nos-sale-del-utero\\\/#breadcrumb\"},\"inLanguage\":\"es\",\"potentialAction\":[{\"@type\":\"ReadAction\",\"target\":[\"https:\\\/\\\/zapateneo.net\\\/wordpress\\\/index.php\\\/producto\\\/lo-que-nos-sale-del-utero\\\/\"]}]},{\"@type\":\"ImageObject\",\"inLanguage\":\"es\",\"@id\":\"https:\\\/\\\/zapateneo.net\\\/wordpress\\\/index.php\\\/producto\\\/lo-que-nos-sale-del-utero\\\/#primaryimage\",\"url\":\"https:\\\/\\\/zapateneo.net\\\/wordpress\\\/wp-content\\\/uploads\\\/2021\\\/04\\\/9788472909533.jpg\",\"contentUrl\":\"https:\\\/\\\/zapateneo.net\\\/wordpress\\\/wp-content\\\/uploads\\\/2021\\\/04\\\/9788472909533.jpg\",\"width\":120,\"height\":183},{\"@type\":\"BreadcrumbList\",\"@id\":\"https:\\\/\\\/zapateneo.net\\\/wordpress\\\/index.php\\\/producto\\\/lo-que-nos-sale-del-utero\\\/#breadcrumb\",\"itemListElement\":[{\"@type\":\"ListItem\",\"position\":1,\"name\":\"Portada\",\"item\":\"https:\\\/\\\/zapateneo.net\\\/wordpress\\\/\"},{\"@type\":\"ListItem\",\"position\":2,\"name\":\"Tienda\",\"item\":\"https:\\\/\\\/zapateneo.net\\\/wordpress\\\/\"},{\"@type\":\"ListItem\",\"position\":3,\"name\":\"Lo que nos sale del \u00fatero\"}]},{\"@type\":\"WebSite\",\"@id\":\"https:\\\/\\\/zapateneo.net\\\/wordpress\\\/#website\",\"url\":\"https:\\\/\\\/zapateneo.net\\\/wordpress\\\/\",\"name\":\"Zapateneo\",\"description\":\"Zapateneoaren webgunea\",\"publisher\":{\"@id\":\"https:\\\/\\\/zapateneo.net\\\/wordpress\\\/#organization\"},\"potentialAction\":[{\"@type\":\"SearchAction\",\"target\":{\"@type\":\"EntryPoint\",\"urlTemplate\":\"https:\\\/\\\/zapateneo.net\\\/wordpress\\\/?s={search_term_string}\"},\"query-input\":{\"@type\":\"PropertyValueSpecification\",\"valueRequired\":true,\"valueName\":\"search_term_string\"}}],\"inLanguage\":\"es\"},{\"@type\":\"Organization\",\"@id\":\"https:\\\/\\\/zapateneo.net\\\/wordpress\\\/#organization\",\"name\":\"Zapateneo Kultur Elkartea\",\"url\":\"https:\\\/\\\/zapateneo.net\\\/wordpress\\\/\",\"logo\":{\"@type\":\"ImageObject\",\"inLanguage\":\"es\",\"@id\":\"https:\\\/\\\/zapateneo.net\\\/wordpress\\\/#\\\/schema\\\/logo\\\/image\\\/\",\"url\":\"https:\\\/\\\/zapateneo.net\\\/wordpress\\\/wp-content\\\/uploads\\\/2021\\\/04\\\/zap-libu-kolec.jpg\",\"contentUrl\":\"https:\\\/\\\/zapateneo.net\\\/wordpress\\\/wp-content\\\/uploads\\\/2021\\\/04\\\/zap-libu-kolec.jpg\",\"width\":2234,\"height\":398,\"caption\":\"Zapateneo Kultur Elkartea\"},\"image\":{\"@id\":\"https:\\\/\\\/zapateneo.net\\\/wordpress\\\/#\\\/schema\\\/logo\\\/image\\\/\"},\"sameAs\":[\"https:\\\/\\\/x.com\\\/zapateneo\"]}]}<\/script>\n<!-- \/ Yoast SEO plugin. -->","yoast_head_json":{"title":"Lo que nos sale del \u00fatero &#8212; Zapateneo","robots":{"index":"index","follow":"follow","max-snippet":"max-snippet:-1","max-image-preview":"max-image-preview:large","max-video-preview":"max-video-preview:-1"},"canonical":"https:\/\/zapateneo.net\/wordpress\/index.php\/producto\/lo-que-nos-sale-del-utero\/","og_locale":"es_ES","og_type":"article","og_title":"Lo que nos sale del \u00fatero &#8212; Zapateneo","og_description":"Alonso Su\u00e1rez, Mar\u00ed\u00ada 9788472909533 - Bellaterra - 2019 - 170 p\u00e1ginas \/orri.","og_url":"https:\/\/zapateneo.net\/wordpress\/index.php\/producto\/lo-que-nos-sale-del-utero\/","og_site_name":"Zapateneo","article_modified_time":"2021-04-07T08:33:52+00:00","og_image":[{"width":120,"height":183,"url":"https:\/\/zapateneo.net\/wordpress\/wp-content\/uploads\/2021\/04\/9788472909533.jpg","type":"image\/jpeg"}],"twitter_card":"summary_large_image","twitter_site":"@zapateneo","twitter_misc":{"Tiempo de lectura":"2 minutos"},"schema":{"@context":"https:\/\/schema.org","@graph":[{"@type":"WebPage","@id":"https:\/\/zapateneo.net\/wordpress\/index.php\/producto\/lo-que-nos-sale-del-utero\/","url":"https:\/\/zapateneo.net\/wordpress\/index.php\/producto\/lo-que-nos-sale-del-utero\/","name":"Lo que nos sale del \u00fatero &#8212; Zapateneo","isPartOf":{"@id":"https:\/\/zapateneo.net\/wordpress\/#website"},"primaryImageOfPage":{"@id":"https:\/\/zapateneo.net\/wordpress\/index.php\/producto\/lo-que-nos-sale-del-utero\/#primaryimage"},"image":{"@id":"https:\/\/zapateneo.net\/wordpress\/index.php\/producto\/lo-que-nos-sale-del-utero\/#primaryimage"},"thumbnailUrl":"https:\/\/zapateneo.net\/wordpress\/wp-content\/uploads\/2021\/04\/9788472909533.jpg","datePublished":"2021-04-07T08:33:19+00:00","dateModified":"2021-04-07T08:33:52+00:00","breadcrumb":{"@id":"https:\/\/zapateneo.net\/wordpress\/index.php\/producto\/lo-que-nos-sale-del-utero\/#breadcrumb"},"inLanguage":"es","potentialAction":[{"@type":"ReadAction","target":["https:\/\/zapateneo.net\/wordpress\/index.php\/producto\/lo-que-nos-sale-del-utero\/"]}]},{"@type":"ImageObject","inLanguage":"es","@id":"https:\/\/zapateneo.net\/wordpress\/index.php\/producto\/lo-que-nos-sale-del-utero\/#primaryimage","url":"https:\/\/zapateneo.net\/wordpress\/wp-content\/uploads\/2021\/04\/9788472909533.jpg","contentUrl":"https:\/\/zapateneo.net\/wordpress\/wp-content\/uploads\/2021\/04\/9788472909533.jpg","width":120,"height":183},{"@type":"BreadcrumbList","@id":"https:\/\/zapateneo.net\/wordpress\/index.php\/producto\/lo-que-nos-sale-del-utero\/#breadcrumb","itemListElement":[{"@type":"ListItem","position":1,"name":"Portada","item":"https:\/\/zapateneo.net\/wordpress\/"},{"@type":"ListItem","position":2,"name":"Tienda","item":"https:\/\/zapateneo.net\/wordpress\/"},{"@type":"ListItem","position":3,"name":"Lo que nos sale del \u00fatero"}]},{"@type":"WebSite","@id":"https:\/\/zapateneo.net\/wordpress\/#website","url":"https:\/\/zapateneo.net\/wordpress\/","name":"Zapateneo","description":"Zapateneoaren webgunea","publisher":{"@id":"https:\/\/zapateneo.net\/wordpress\/#organization"},"potentialAction":[{"@type":"SearchAction","target":{"@type":"EntryPoint","urlTemplate":"https:\/\/zapateneo.net\/wordpress\/?s={search_term_string}"},"query-input":{"@type":"PropertyValueSpecification","valueRequired":true,"valueName":"search_term_string"}}],"inLanguage":"es"},{"@type":"Organization","@id":"https:\/\/zapateneo.net\/wordpress\/#organization","name":"Zapateneo Kultur Elkartea","url":"https:\/\/zapateneo.net\/wordpress\/","logo":{"@type":"ImageObject","inLanguage":"es","@id":"https:\/\/zapateneo.net\/wordpress\/#\/schema\/logo\/image\/","url":"https:\/\/zapateneo.net\/wordpress\/wp-content\/uploads\/2021\/04\/zap-libu-kolec.jpg","contentUrl":"https:\/\/zapateneo.net\/wordpress\/wp-content\/uploads\/2021\/04\/zap-libu-kolec.jpg","width":2234,"height":398,"caption":"Zapateneo Kultur Elkartea"},"image":{"@id":"https:\/\/zapateneo.net\/wordpress\/#\/schema\/logo\/image\/"},"sameAs":["https:\/\/x.com\/zapateneo"]}]}},"_links":{"self":[{"href":"https:\/\/zapateneo.net\/wordpress\/index.php\/wp-json\/wp\/v2\/product\/1725","targetHints":{"allow":["GET"]}}],"collection":[{"href":"https:\/\/zapateneo.net\/wordpress\/index.php\/wp-json\/wp\/v2\/product"}],"about":[{"href":"https:\/\/zapateneo.net\/wordpress\/index.php\/wp-json\/wp\/v2\/types\/product"}],"wp:featuredmedia":[{"embeddable":true,"href":"https:\/\/zapateneo.net\/wordpress\/index.php\/wp-json\/wp\/v2\/media\/1773"}],"wp:attachment":[{"href":"https:\/\/zapateneo.net\/wordpress\/index.php\/wp-json\/wp\/v2\/media?parent=1725"}],"wp:term":[{"taxonomy":"product_brand","embeddable":true,"href":"https:\/\/zapateneo.net\/wordpress\/index.php\/wp-json\/wp\/v2\/product_brand?post=1725"},{"taxonomy":"product_cat","embeddable":true,"href":"https:\/\/zapateneo.net\/wordpress\/index.php\/wp-json\/wp\/v2\/product_cat?post=1725"},{"taxonomy":"product_tag","embeddable":true,"href":"https:\/\/zapateneo.net\/wordpress\/index.php\/wp-json\/wp\/v2\/product_tag?post=1725"}],"curies":[{"name":"wp","href":"https:\/\/api.w.org\/{rel}","templated":true}]}}