{"id":1707,"date":"2021-04-07T09:33:13","date_gmt":"2021-04-07T08:33:13","guid":{"rendered":"https:\/\/zapateneo.net\/wordpress\/?post_type=product&#038;p=1707"},"modified":"2021-04-07T09:33:30","modified_gmt":"2021-04-07T08:33:30","slug":"yo-no-queria-ser-madre","status":"publish","type":"product","link":"https:\/\/zapateneo.net\/wordpress\/index.php\/producto\/yo-no-queria-ser-madre\/","title":{"rendered":"Yo no quer\u00eda ser madre"},"content":{"rendered":"<p>\u00abYo ten\u00eda que haber nacido hombre para ser feliz. Creo que los hom\u00adbres son felices. Y yo no lo soy. Soy una mujer\u00bb.<\/p>\n<p>\u00abA lo largo del embarazo, el hombre que me embaraz\u00f3 fue declara\u00addo h\u00e9roe. Todo el mundo le buscaba. La gente se preguntaba qui\u00e9n hab\u00eda sido capaz de embarazar a una lesbiana. Yo estaba muy aver\u00adgonzada\u00bb.<\/p>\n<p>\u00abMi familia y yo estamos unidas por el dinero de mi pareja y de la calle que sigo haciendo. Soy como el cord\u00f3n umbilical que lxs une a mi vagina, de la que esperaron dinero toda la vida\u00bb.<\/p>\n<p>Treinta mujeres guineanas toman la voz en este libro para denunciar la situaci\u00f3n de las personas LGTB en Guinea Ecuatorial. A la per\u00adsecuci\u00f3n y la violencia social e institucional se suman muchos otros problemas: la falta de informaci\u00f3n y de referentes, la p\u00e9rdida del arraigo, el odio interiorizado, el consumo de drogas y alcohol para soportar la marginaci\u00f3n\u2026 El panorama es todav\u00eda m\u00e1s preocupante para las mujeres en una sociedad patriarcal y tribal que las condena a la sumisi\u00f3n, la trata, la explotaci\u00f3n sexual y la violencia machista. Por primera vez, este grupo de mujeres rompen el tab\u00fa del sufri\u00admiento silencioso y cuentan en primera persona los padecimientos, las emociones y las reflexiones de aquellas a quienes se les deniega sistem\u00e1ticamente la palabra.<\/p>\n<p> Trifonia Melibea Obono tiene un decidido compromiso feminista que pone de manifiesto las desigualdades e injusticias contra las muje\u00adres, especialmente las lesbianas, bisexuales y trans, en el continente africano en general y la cultura fang en particular.<\/p>\n<p>Trifonia Melibea Obono Ntutumu Obono (n. 27 de noviembre de 1982), de nacionalidad guineoecuatoriana, es periodista y polit\u00f3loga, docente e investigadora sobre temas de mujer y g\u00e9nero en \u00c1frica.<\/p>\n<p>Trayectoria acad\u00e9mica<\/p>\n<p>Trifonia Melibea Obono Ntutumu Obono naci\u00f3 en Afaetom, Evinayong, Guinea Ecuatorial. Es Licenciada en Ciencias Pol\u00edticas y Periodismo por la Universidad de Murcia y M\u00e1ster en Cooperaci\u00f3n Internacional y Desarrollo en la misma universidad.<\/p>\n<p>Es docente en la Facultad de Letras y Ciencias Sociales de la UNGE (Universidad Nacional de Guinea Ecuatorial) de Malabo desde 2013. Tambi\u00e9n forma parte del equipo del Centro de Estudios Afro-Hisp\u00e1nicos (CEAH) de la Universidad Nacional de Educaci\u00f3n a Distancia (UNED).<\/p>\n<p>Actualmente, realiza el doctorado en Estudios Interdisciplinares de G\u00e9nero y Pol\u00edticas de Igualdad en la Universidad de Salamanca.<\/p>\n<p>Obra period\u00edstica \/ literaria<\/p>\n<p>Ha escrito varias novelas, que est\u00e1n pendientes de publicaci\u00f3n y ha sido incluida en la antolog\u00eda Voces femeninas de Guinea Ecuatorial. Una antolog\u00eda editada por Remei Sipi (Barcelona: Mey, 2015) con el relato La negra.<\/p>\n<p>Ha colaborado con varias publicaciones nacionales y extranjeras como La gaceta de Guinea Ecuatorial, Revista Bostezo, El Lector o EKOS del Golfo y ha publicado diversos relatos cortos en webs de actualidad y cultura de Guinea Ecuatorial y \u00c1frica.<\/p>\n","protected":false},"excerpt":{"rendered":"<p><strong>Melibea Obono, Trifonia<\/strong><br \/>\n9788417319748 &#8211; Egales &#8211; 2019 &#8211; 203 p\u00e1ginas \/orri.<\/p>\n","protected":false},"featured_media":1737,"template":"","meta":[],"product_brand":[],"product_cat":[174,16],"product_tag":[1199,1321,1322],"class_list":{"0":"post-1707","1":"product","2":"type-product","3":"status-publish","4":"has-post-thumbnail","6":"product_cat-generoak-generos","7":"product_cat-libros","8":"product_tag-egales","9":"product_tag-melibea-obono","10":"product_tag-trifonia","12":"first","13":"instock","14":"sold-individually","15":"shipping-taxable","16":"purchasable","17":"product-type-simple"},"yoast_head":"<!-- This site is optimized with the Yoast SEO plugin v27.3 - https:\/\/yoast.com\/product\/yoast-seo-wordpress\/ -->\n<title>Yo no quer\u00eda ser madre &#8212; Zapateneo<\/title>\n<meta name=\"robots\" content=\"index, follow, max-snippet:-1, max-image-preview:large, max-video-preview:-1\" \/>\n<link rel=\"canonical\" href=\"https:\/\/zapateneo.net\/wordpress\/index.php\/producto\/yo-no-queria-ser-madre\/\" \/>\n<meta property=\"og:locale\" content=\"es_ES\" \/>\n<meta property=\"og:type\" content=\"article\" \/>\n<meta property=\"og:title\" content=\"Yo no quer\u00eda ser madre &#8212; Zapateneo\" \/>\n<meta property=\"og:description\" content=\"Melibea Obono, Trifonia 9788417319748 - Egales - 2019 - 203 p\u00e1ginas \/orri.\" \/>\n<meta property=\"og:url\" content=\"https:\/\/zapateneo.net\/wordpress\/index.php\/producto\/yo-no-queria-ser-madre\/\" \/>\n<meta property=\"og:site_name\" content=\"Zapateneo\" \/>\n<meta property=\"article:modified_time\" content=\"2021-04-07T08:33:30+00:00\" \/>\n<meta property=\"og:image\" content=\"https:\/\/zapateneo.net\/wordpress\/wp-content\/uploads\/2021\/04\/9788417319748.jpg\" \/>\n\t<meta property=\"og:image:width\" content=\"200\" \/>\n\t<meta property=\"og:image:height\" content=\"278\" \/>\n\t<meta property=\"og:image:type\" content=\"image\/jpeg\" \/>\n<meta name=\"twitter:card\" content=\"summary_large_image\" \/>\n<meta name=\"twitter:site\" content=\"@zapateneo\" \/>\n<meta name=\"twitter:label1\" content=\"Tiempo de lectura\" \/>\n\t<meta name=\"twitter:data1\" content=\"2 minutos\" \/>\n<script type=\"application\/ld+json\" class=\"yoast-schema-graph\">{\"@context\":\"https:\\\/\\\/schema.org\",\"@graph\":[{\"@type\":\"WebPage\",\"@id\":\"https:\\\/\\\/zapateneo.net\\\/wordpress\\\/index.php\\\/producto\\\/yo-no-queria-ser-madre\\\/\",\"url\":\"https:\\\/\\\/zapateneo.net\\\/wordpress\\\/index.php\\\/producto\\\/yo-no-queria-ser-madre\\\/\",\"name\":\"Yo no quer\u00eda ser madre &#8212; Zapateneo\",\"isPartOf\":{\"@id\":\"https:\\\/\\\/zapateneo.net\\\/wordpress\\\/#website\"},\"primaryImageOfPage\":{\"@id\":\"https:\\\/\\\/zapateneo.net\\\/wordpress\\\/index.php\\\/producto\\\/yo-no-queria-ser-madre\\\/#primaryimage\"},\"image\":{\"@id\":\"https:\\\/\\\/zapateneo.net\\\/wordpress\\\/index.php\\\/producto\\\/yo-no-queria-ser-madre\\\/#primaryimage\"},\"thumbnailUrl\":\"https:\\\/\\\/zapateneo.net\\\/wordpress\\\/wp-content\\\/uploads\\\/2021\\\/04\\\/9788417319748.jpg\",\"datePublished\":\"2021-04-07T08:33:13+00:00\",\"dateModified\":\"2021-04-07T08:33:30+00:00\",\"breadcrumb\":{\"@id\":\"https:\\\/\\\/zapateneo.net\\\/wordpress\\\/index.php\\\/producto\\\/yo-no-queria-ser-madre\\\/#breadcrumb\"},\"inLanguage\":\"es\",\"potentialAction\":[{\"@type\":\"ReadAction\",\"target\":[\"https:\\\/\\\/zapateneo.net\\\/wordpress\\\/index.php\\\/producto\\\/yo-no-queria-ser-madre\\\/\"]}]},{\"@type\":\"ImageObject\",\"inLanguage\":\"es\",\"@id\":\"https:\\\/\\\/zapateneo.net\\\/wordpress\\\/index.php\\\/producto\\\/yo-no-queria-ser-madre\\\/#primaryimage\",\"url\":\"https:\\\/\\\/zapateneo.net\\\/wordpress\\\/wp-content\\\/uploads\\\/2021\\\/04\\\/9788417319748.jpg\",\"contentUrl\":\"https:\\\/\\\/zapateneo.net\\\/wordpress\\\/wp-content\\\/uploads\\\/2021\\\/04\\\/9788417319748.jpg\",\"width\":200,\"height\":278},{\"@type\":\"BreadcrumbList\",\"@id\":\"https:\\\/\\\/zapateneo.net\\\/wordpress\\\/index.php\\\/producto\\\/yo-no-queria-ser-madre\\\/#breadcrumb\",\"itemListElement\":[{\"@type\":\"ListItem\",\"position\":1,\"name\":\"Portada\",\"item\":\"https:\\\/\\\/zapateneo.net\\\/wordpress\\\/\"},{\"@type\":\"ListItem\",\"position\":2,\"name\":\"Tienda\",\"item\":\"https:\\\/\\\/zapateneo.net\\\/wordpress\\\/\"},{\"@type\":\"ListItem\",\"position\":3,\"name\":\"Yo no quer\u00eda ser madre\"}]},{\"@type\":\"WebSite\",\"@id\":\"https:\\\/\\\/zapateneo.net\\\/wordpress\\\/#website\",\"url\":\"https:\\\/\\\/zapateneo.net\\\/wordpress\\\/\",\"name\":\"Zapateneo\",\"description\":\"Zapateneoaren webgunea\",\"publisher\":{\"@id\":\"https:\\\/\\\/zapateneo.net\\\/wordpress\\\/#organization\"},\"potentialAction\":[{\"@type\":\"SearchAction\",\"target\":{\"@type\":\"EntryPoint\",\"urlTemplate\":\"https:\\\/\\\/zapateneo.net\\\/wordpress\\\/?s={search_term_string}\"},\"query-input\":{\"@type\":\"PropertyValueSpecification\",\"valueRequired\":true,\"valueName\":\"search_term_string\"}}],\"inLanguage\":\"es\"},{\"@type\":\"Organization\",\"@id\":\"https:\\\/\\\/zapateneo.net\\\/wordpress\\\/#organization\",\"name\":\"Zapateneo Kultur Elkartea\",\"url\":\"https:\\\/\\\/zapateneo.net\\\/wordpress\\\/\",\"logo\":{\"@type\":\"ImageObject\",\"inLanguage\":\"es\",\"@id\":\"https:\\\/\\\/zapateneo.net\\\/wordpress\\\/#\\\/schema\\\/logo\\\/image\\\/\",\"url\":\"https:\\\/\\\/zapateneo.net\\\/wordpress\\\/wp-content\\\/uploads\\\/2021\\\/04\\\/zap-libu-kolec.jpg\",\"contentUrl\":\"https:\\\/\\\/zapateneo.net\\\/wordpress\\\/wp-content\\\/uploads\\\/2021\\\/04\\\/zap-libu-kolec.jpg\",\"width\":2234,\"height\":398,\"caption\":\"Zapateneo Kultur Elkartea\"},\"image\":{\"@id\":\"https:\\\/\\\/zapateneo.net\\\/wordpress\\\/#\\\/schema\\\/logo\\\/image\\\/\"},\"sameAs\":[\"https:\\\/\\\/x.com\\\/zapateneo\"]}]}<\/script>\n<!-- \/ Yoast SEO plugin. -->","yoast_head_json":{"title":"Yo no quer\u00eda ser madre &#8212; Zapateneo","robots":{"index":"index","follow":"follow","max-snippet":"max-snippet:-1","max-image-preview":"max-image-preview:large","max-video-preview":"max-video-preview:-1"},"canonical":"https:\/\/zapateneo.net\/wordpress\/index.php\/producto\/yo-no-queria-ser-madre\/","og_locale":"es_ES","og_type":"article","og_title":"Yo no quer\u00eda ser madre &#8212; Zapateneo","og_description":"Melibea Obono, Trifonia 9788417319748 - Egales - 2019 - 203 p\u00e1ginas \/orri.","og_url":"https:\/\/zapateneo.net\/wordpress\/index.php\/producto\/yo-no-queria-ser-madre\/","og_site_name":"Zapateneo","article_modified_time":"2021-04-07T08:33:30+00:00","og_image":[{"width":200,"height":278,"url":"https:\/\/zapateneo.net\/wordpress\/wp-content\/uploads\/2021\/04\/9788417319748.jpg","type":"image\/jpeg"}],"twitter_card":"summary_large_image","twitter_site":"@zapateneo","twitter_misc":{"Tiempo de lectura":"2 minutos"},"schema":{"@context":"https:\/\/schema.org","@graph":[{"@type":"WebPage","@id":"https:\/\/zapateneo.net\/wordpress\/index.php\/producto\/yo-no-queria-ser-madre\/","url":"https:\/\/zapateneo.net\/wordpress\/index.php\/producto\/yo-no-queria-ser-madre\/","name":"Yo no quer\u00eda ser madre &#8212; Zapateneo","isPartOf":{"@id":"https:\/\/zapateneo.net\/wordpress\/#website"},"primaryImageOfPage":{"@id":"https:\/\/zapateneo.net\/wordpress\/index.php\/producto\/yo-no-queria-ser-madre\/#primaryimage"},"image":{"@id":"https:\/\/zapateneo.net\/wordpress\/index.php\/producto\/yo-no-queria-ser-madre\/#primaryimage"},"thumbnailUrl":"https:\/\/zapateneo.net\/wordpress\/wp-content\/uploads\/2021\/04\/9788417319748.jpg","datePublished":"2021-04-07T08:33:13+00:00","dateModified":"2021-04-07T08:33:30+00:00","breadcrumb":{"@id":"https:\/\/zapateneo.net\/wordpress\/index.php\/producto\/yo-no-queria-ser-madre\/#breadcrumb"},"inLanguage":"es","potentialAction":[{"@type":"ReadAction","target":["https:\/\/zapateneo.net\/wordpress\/index.php\/producto\/yo-no-queria-ser-madre\/"]}]},{"@type":"ImageObject","inLanguage":"es","@id":"https:\/\/zapateneo.net\/wordpress\/index.php\/producto\/yo-no-queria-ser-madre\/#primaryimage","url":"https:\/\/zapateneo.net\/wordpress\/wp-content\/uploads\/2021\/04\/9788417319748.jpg","contentUrl":"https:\/\/zapateneo.net\/wordpress\/wp-content\/uploads\/2021\/04\/9788417319748.jpg","width":200,"height":278},{"@type":"BreadcrumbList","@id":"https:\/\/zapateneo.net\/wordpress\/index.php\/producto\/yo-no-queria-ser-madre\/#breadcrumb","itemListElement":[{"@type":"ListItem","position":1,"name":"Portada","item":"https:\/\/zapateneo.net\/wordpress\/"},{"@type":"ListItem","position":2,"name":"Tienda","item":"https:\/\/zapateneo.net\/wordpress\/"},{"@type":"ListItem","position":3,"name":"Yo no quer\u00eda ser madre"}]},{"@type":"WebSite","@id":"https:\/\/zapateneo.net\/wordpress\/#website","url":"https:\/\/zapateneo.net\/wordpress\/","name":"Zapateneo","description":"Zapateneoaren webgunea","publisher":{"@id":"https:\/\/zapateneo.net\/wordpress\/#organization"},"potentialAction":[{"@type":"SearchAction","target":{"@type":"EntryPoint","urlTemplate":"https:\/\/zapateneo.net\/wordpress\/?s={search_term_string}"},"query-input":{"@type":"PropertyValueSpecification","valueRequired":true,"valueName":"search_term_string"}}],"inLanguage":"es"},{"@type":"Organization","@id":"https:\/\/zapateneo.net\/wordpress\/#organization","name":"Zapateneo Kultur Elkartea","url":"https:\/\/zapateneo.net\/wordpress\/","logo":{"@type":"ImageObject","inLanguage":"es","@id":"https:\/\/zapateneo.net\/wordpress\/#\/schema\/logo\/image\/","url":"https:\/\/zapateneo.net\/wordpress\/wp-content\/uploads\/2021\/04\/zap-libu-kolec.jpg","contentUrl":"https:\/\/zapateneo.net\/wordpress\/wp-content\/uploads\/2021\/04\/zap-libu-kolec.jpg","width":2234,"height":398,"caption":"Zapateneo Kultur Elkartea"},"image":{"@id":"https:\/\/zapateneo.net\/wordpress\/#\/schema\/logo\/image\/"},"sameAs":["https:\/\/x.com\/zapateneo"]}]}},"_links":{"self":[{"href":"https:\/\/zapateneo.net\/wordpress\/index.php\/wp-json\/wp\/v2\/product\/1707","targetHints":{"allow":["GET"]}}],"collection":[{"href":"https:\/\/zapateneo.net\/wordpress\/index.php\/wp-json\/wp\/v2\/product"}],"about":[{"href":"https:\/\/zapateneo.net\/wordpress\/index.php\/wp-json\/wp\/v2\/types\/product"}],"wp:featuredmedia":[{"embeddable":true,"href":"https:\/\/zapateneo.net\/wordpress\/index.php\/wp-json\/wp\/v2\/media\/1737"}],"wp:attachment":[{"href":"https:\/\/zapateneo.net\/wordpress\/index.php\/wp-json\/wp\/v2\/media?parent=1707"}],"wp:term":[{"taxonomy":"product_brand","embeddable":true,"href":"https:\/\/zapateneo.net\/wordpress\/index.php\/wp-json\/wp\/v2\/product_brand?post=1707"},{"taxonomy":"product_cat","embeddable":true,"href":"https:\/\/zapateneo.net\/wordpress\/index.php\/wp-json\/wp\/v2\/product_cat?post=1707"},{"taxonomy":"product_tag","embeddable":true,"href":"https:\/\/zapateneo.net\/wordpress\/index.php\/wp-json\/wp\/v2\/product_tag?post=1707"}],"curies":[{"name":"wp","href":"https:\/\/api.w.org\/{rel}","templated":true}]}}