{"id":1663,"date":"2021-04-07T09:32:37","date_gmt":"2021-04-07T08:32:37","guid":{"rendered":"https:\/\/zapateneo.net\/wordpress\/?post_type=product&#038;p=1663"},"modified":"2024-08-07T17:55:31","modified_gmt":"2024-08-07T16:55:31","slug":"tierra-de-nadie-perspectivas-feministas-sobre-la-represion-volumen-ii","status":"publish","type":"product","link":"https:\/\/zapateneo.net\/wordpress\/index.php\/producto\/tierra-de-nadie-perspectivas-feministas-sobre-la-represion-volumen-ii\/","title":{"rendered":"Tierra de nadie. Perspectivas feministas sobre la represi\u00f3n. Volumen II"},"content":{"rendered":"<p>Tierra de nadie VII. Perspectivas feministas sobre la represi\u00f3n se enmarca dentro del proyecto iniciado con Tierra de nadie. Perspectivas feministas sobre la independencia, que se public\u00f3 a finales del 2017, en un contexto de represi\u00f3n por parte del Estado marcado sobre todo por el 1 de Octubre y la celebraci\u00f3n del refer\u00e9ndum de autodeterminaci\u00f3n en Catalunya. Este segundo volumen de Tierra de nadie parte de aquel oto\u00f1o y es, por un lado, una reacci\u00f3n a la situaci\u00f3n pol\u00edtica y social de nuestro pa\u00eds, y por el otro, busca ser una oportunidad para reflexionar m\u00e1s pausadamente sobre como abordar los temas represivos en el contexto actual desde una aproximaci\u00f3n feminista que ha estado pr\u00e1cticamente ausente en el debate p\u00fablico. Tierra de nadie VII Perspectivas feministas sobre la represi\u00f3n incluye art\u00edculos que nos dan herramientas relevantes para pensar la represi\u00f3n en el \u00e1mbito hist\u00f3rico y actual, situado en Catalunya pero tambi\u00e9n en relaci\u00f3n con otros territorios del Estado, de forma que nos permiten reflejar las diferentes caras de esta represi\u00f3n y como est\u00e1 afectando a las mujeres y la os feminismos. Con el objetivo, en \u00faltimo t\u00e9rmino, de contribuir a visibilizar la represi\u00f3n sobre las mujeres y de aprender las estrategias para hacerle frente. Con textos de: Carina Navarro, Carme Porta, Clara Camps Calvet, Dolors Bassa, Elisabet Almeda Samaranch, Gatamaula, Hora Bruja, Laia Serra, Luc\u00eda Veci\u00f1o, Marta Roqueta-Fern\u00e0ndez, Montse Bassa, Mireia Boya, Nuria Verg\u00e9s Bosch, Pastora Filigrana Garc\u00eda,Tamara Carrasco, T\u00e0nia Verge, Zuri\u00f1e Rodr\u00edguez Lara.<\/p>\n","protected":false},"excerpt":{"rendered":"<p><strong>vvaa<\/strong><br \/>\n9788416828715 &#8211; Pol.len &#8211; 2019 &#8211; 132 p\u00e1ginas \/orri.<\/p>\n","protected":false},"featured_media":1692,"template":"","meta":[],"product_brand":[],"product_cat":[174,16],"product_tag":[64],"class_list":{"0":"post-1663","1":"product","2":"type-product","3":"status-publish","4":"has-post-thumbnail","6":"product_cat-generoak-generos","7":"product_cat-libros","8":"product_tag-pol-len","10":"first","11":"outofstock","12":"sold-individually","13":"shipping-taxable","14":"purchasable","15":"product-type-simple"},"yoast_head":"<!-- This site is optimized with the Yoast SEO plugin v27.3 - https:\/\/yoast.com\/product\/yoast-seo-wordpress\/ -->\n<title>Tierra de nadie. Perspectivas feministas sobre la represi\u00f3n. Volumen II &#8212; Zapateneo<\/title>\n<meta name=\"robots\" content=\"index, follow, max-snippet:-1, max-image-preview:large, max-video-preview:-1\" \/>\n<link rel=\"canonical\" href=\"https:\/\/zapateneo.net\/wordpress\/index.php\/producto\/tierra-de-nadie-perspectivas-feministas-sobre-la-represion-volumen-ii\/\" \/>\n<meta property=\"og:locale\" content=\"es_ES\" \/>\n<meta property=\"og:type\" content=\"article\" \/>\n<meta property=\"og:title\" content=\"Tierra de nadie. Perspectivas feministas sobre la represi\u00f3n. Volumen II &#8212; Zapateneo\" \/>\n<meta property=\"og:description\" content=\"vvaa 9788416828715 - Pol.len - 2019 - 132 p\u00e1ginas \/orri.\" \/>\n<meta property=\"og:url\" content=\"https:\/\/zapateneo.net\/wordpress\/index.php\/producto\/tierra-de-nadie-perspectivas-feministas-sobre-la-represion-volumen-ii\/\" \/>\n<meta property=\"og:site_name\" content=\"Zapateneo\" \/>\n<meta property=\"article:modified_time\" content=\"2024-08-07T16:55:31+00:00\" \/>\n<meta property=\"og:image\" content=\"https:\/\/zapateneo.net\/wordpress\/wp-content\/uploads\/2021\/04\/9788416828715.jpg\" \/>\n\t<meta property=\"og:image:width\" content=\"120\" \/>\n\t<meta property=\"og:image:height\" content=\"172\" \/>\n\t<meta property=\"og:image:type\" content=\"image\/jpeg\" \/>\n<meta name=\"twitter:card\" content=\"summary_large_image\" \/>\n<meta name=\"twitter:site\" content=\"@zapateneo\" \/>\n<meta name=\"twitter:label1\" content=\"Tiempo de lectura\" \/>\n\t<meta name=\"twitter:data1\" content=\"1 minuto\" \/>\n<script type=\"application\/ld+json\" class=\"yoast-schema-graph\">{\"@context\":\"https:\\\/\\\/schema.org\",\"@graph\":[{\"@type\":\"WebPage\",\"@id\":\"https:\\\/\\\/zapateneo.net\\\/wordpress\\\/index.php\\\/producto\\\/tierra-de-nadie-perspectivas-feministas-sobre-la-represion-volumen-ii\\\/\",\"url\":\"https:\\\/\\\/zapateneo.net\\\/wordpress\\\/index.php\\\/producto\\\/tierra-de-nadie-perspectivas-feministas-sobre-la-represion-volumen-ii\\\/\",\"name\":\"Tierra de nadie. Perspectivas feministas sobre la represi\u00f3n. Volumen II &#8212; Zapateneo\",\"isPartOf\":{\"@id\":\"https:\\\/\\\/zapateneo.net\\\/wordpress\\\/#website\"},\"primaryImageOfPage\":{\"@id\":\"https:\\\/\\\/zapateneo.net\\\/wordpress\\\/index.php\\\/producto\\\/tierra-de-nadie-perspectivas-feministas-sobre-la-represion-volumen-ii\\\/#primaryimage\"},\"image\":{\"@id\":\"https:\\\/\\\/zapateneo.net\\\/wordpress\\\/index.php\\\/producto\\\/tierra-de-nadie-perspectivas-feministas-sobre-la-represion-volumen-ii\\\/#primaryimage\"},\"thumbnailUrl\":\"https:\\\/\\\/zapateneo.net\\\/wordpress\\\/wp-content\\\/uploads\\\/2021\\\/04\\\/9788416828715.jpg\",\"datePublished\":\"2021-04-07T08:32:37+00:00\",\"dateModified\":\"2024-08-07T16:55:31+00:00\",\"breadcrumb\":{\"@id\":\"https:\\\/\\\/zapateneo.net\\\/wordpress\\\/index.php\\\/producto\\\/tierra-de-nadie-perspectivas-feministas-sobre-la-represion-volumen-ii\\\/#breadcrumb\"},\"inLanguage\":\"es\",\"potentialAction\":[{\"@type\":\"ReadAction\",\"target\":[\"https:\\\/\\\/zapateneo.net\\\/wordpress\\\/index.php\\\/producto\\\/tierra-de-nadie-perspectivas-feministas-sobre-la-represion-volumen-ii\\\/\"]}]},{\"@type\":\"ImageObject\",\"inLanguage\":\"es\",\"@id\":\"https:\\\/\\\/zapateneo.net\\\/wordpress\\\/index.php\\\/producto\\\/tierra-de-nadie-perspectivas-feministas-sobre-la-represion-volumen-ii\\\/#primaryimage\",\"url\":\"https:\\\/\\\/zapateneo.net\\\/wordpress\\\/wp-content\\\/uploads\\\/2021\\\/04\\\/9788416828715.jpg\",\"contentUrl\":\"https:\\\/\\\/zapateneo.net\\\/wordpress\\\/wp-content\\\/uploads\\\/2021\\\/04\\\/9788416828715.jpg\",\"width\":120,\"height\":172},{\"@type\":\"BreadcrumbList\",\"@id\":\"https:\\\/\\\/zapateneo.net\\\/wordpress\\\/index.php\\\/producto\\\/tierra-de-nadie-perspectivas-feministas-sobre-la-represion-volumen-ii\\\/#breadcrumb\",\"itemListElement\":[{\"@type\":\"ListItem\",\"position\":1,\"name\":\"Portada\",\"item\":\"https:\\\/\\\/zapateneo.net\\\/wordpress\\\/\"},{\"@type\":\"ListItem\",\"position\":2,\"name\":\"Tienda\",\"item\":\"https:\\\/\\\/zapateneo.net\\\/wordpress\\\/\"},{\"@type\":\"ListItem\",\"position\":3,\"name\":\"Tierra de nadie. Perspectivas feministas sobre la represi\u00f3n. Volumen II\"}]},{\"@type\":\"WebSite\",\"@id\":\"https:\\\/\\\/zapateneo.net\\\/wordpress\\\/#website\",\"url\":\"https:\\\/\\\/zapateneo.net\\\/wordpress\\\/\",\"name\":\"Zapateneo\",\"description\":\"Zapateneoaren webgunea\",\"publisher\":{\"@id\":\"https:\\\/\\\/zapateneo.net\\\/wordpress\\\/#organization\"},\"potentialAction\":[{\"@type\":\"SearchAction\",\"target\":{\"@type\":\"EntryPoint\",\"urlTemplate\":\"https:\\\/\\\/zapateneo.net\\\/wordpress\\\/?s={search_term_string}\"},\"query-input\":{\"@type\":\"PropertyValueSpecification\",\"valueRequired\":true,\"valueName\":\"search_term_string\"}}],\"inLanguage\":\"es\"},{\"@type\":\"Organization\",\"@id\":\"https:\\\/\\\/zapateneo.net\\\/wordpress\\\/#organization\",\"name\":\"Zapateneo Kultur Elkartea\",\"url\":\"https:\\\/\\\/zapateneo.net\\\/wordpress\\\/\",\"logo\":{\"@type\":\"ImageObject\",\"inLanguage\":\"es\",\"@id\":\"https:\\\/\\\/zapateneo.net\\\/wordpress\\\/#\\\/schema\\\/logo\\\/image\\\/\",\"url\":\"https:\\\/\\\/zapateneo.net\\\/wordpress\\\/wp-content\\\/uploads\\\/2021\\\/04\\\/zap-libu-kolec.jpg\",\"contentUrl\":\"https:\\\/\\\/zapateneo.net\\\/wordpress\\\/wp-content\\\/uploads\\\/2021\\\/04\\\/zap-libu-kolec.jpg\",\"width\":2234,\"height\":398,\"caption\":\"Zapateneo Kultur Elkartea\"},\"image\":{\"@id\":\"https:\\\/\\\/zapateneo.net\\\/wordpress\\\/#\\\/schema\\\/logo\\\/image\\\/\"},\"sameAs\":[\"https:\\\/\\\/x.com\\\/zapateneo\"]}]}<\/script>\n<!-- \/ Yoast SEO plugin. -->","yoast_head_json":{"title":"Tierra de nadie. Perspectivas feministas sobre la represi\u00f3n. Volumen II &#8212; Zapateneo","robots":{"index":"index","follow":"follow","max-snippet":"max-snippet:-1","max-image-preview":"max-image-preview:large","max-video-preview":"max-video-preview:-1"},"canonical":"https:\/\/zapateneo.net\/wordpress\/index.php\/producto\/tierra-de-nadie-perspectivas-feministas-sobre-la-represion-volumen-ii\/","og_locale":"es_ES","og_type":"article","og_title":"Tierra de nadie. Perspectivas feministas sobre la represi\u00f3n. Volumen II &#8212; Zapateneo","og_description":"vvaa 9788416828715 - Pol.len - 2019 - 132 p\u00e1ginas \/orri.","og_url":"https:\/\/zapateneo.net\/wordpress\/index.php\/producto\/tierra-de-nadie-perspectivas-feministas-sobre-la-represion-volumen-ii\/","og_site_name":"Zapateneo","article_modified_time":"2024-08-07T16:55:31+00:00","og_image":[{"width":120,"height":172,"url":"https:\/\/zapateneo.net\/wordpress\/wp-content\/uploads\/2021\/04\/9788416828715.jpg","type":"image\/jpeg"}],"twitter_card":"summary_large_image","twitter_site":"@zapateneo","twitter_misc":{"Tiempo de lectura":"1 minuto"},"schema":{"@context":"https:\/\/schema.org","@graph":[{"@type":"WebPage","@id":"https:\/\/zapateneo.net\/wordpress\/index.php\/producto\/tierra-de-nadie-perspectivas-feministas-sobre-la-represion-volumen-ii\/","url":"https:\/\/zapateneo.net\/wordpress\/index.php\/producto\/tierra-de-nadie-perspectivas-feministas-sobre-la-represion-volumen-ii\/","name":"Tierra de nadie. Perspectivas feministas sobre la represi\u00f3n. Volumen II &#8212; Zapateneo","isPartOf":{"@id":"https:\/\/zapateneo.net\/wordpress\/#website"},"primaryImageOfPage":{"@id":"https:\/\/zapateneo.net\/wordpress\/index.php\/producto\/tierra-de-nadie-perspectivas-feministas-sobre-la-represion-volumen-ii\/#primaryimage"},"image":{"@id":"https:\/\/zapateneo.net\/wordpress\/index.php\/producto\/tierra-de-nadie-perspectivas-feministas-sobre-la-represion-volumen-ii\/#primaryimage"},"thumbnailUrl":"https:\/\/zapateneo.net\/wordpress\/wp-content\/uploads\/2021\/04\/9788416828715.jpg","datePublished":"2021-04-07T08:32:37+00:00","dateModified":"2024-08-07T16:55:31+00:00","breadcrumb":{"@id":"https:\/\/zapateneo.net\/wordpress\/index.php\/producto\/tierra-de-nadie-perspectivas-feministas-sobre-la-represion-volumen-ii\/#breadcrumb"},"inLanguage":"es","potentialAction":[{"@type":"ReadAction","target":["https:\/\/zapateneo.net\/wordpress\/index.php\/producto\/tierra-de-nadie-perspectivas-feministas-sobre-la-represion-volumen-ii\/"]}]},{"@type":"ImageObject","inLanguage":"es","@id":"https:\/\/zapateneo.net\/wordpress\/index.php\/producto\/tierra-de-nadie-perspectivas-feministas-sobre-la-represion-volumen-ii\/#primaryimage","url":"https:\/\/zapateneo.net\/wordpress\/wp-content\/uploads\/2021\/04\/9788416828715.jpg","contentUrl":"https:\/\/zapateneo.net\/wordpress\/wp-content\/uploads\/2021\/04\/9788416828715.jpg","width":120,"height":172},{"@type":"BreadcrumbList","@id":"https:\/\/zapateneo.net\/wordpress\/index.php\/producto\/tierra-de-nadie-perspectivas-feministas-sobre-la-represion-volumen-ii\/#breadcrumb","itemListElement":[{"@type":"ListItem","position":1,"name":"Portada","item":"https:\/\/zapateneo.net\/wordpress\/"},{"@type":"ListItem","position":2,"name":"Tienda","item":"https:\/\/zapateneo.net\/wordpress\/"},{"@type":"ListItem","position":3,"name":"Tierra de nadie. Perspectivas feministas sobre la represi\u00f3n. Volumen II"}]},{"@type":"WebSite","@id":"https:\/\/zapateneo.net\/wordpress\/#website","url":"https:\/\/zapateneo.net\/wordpress\/","name":"Zapateneo","description":"Zapateneoaren webgunea","publisher":{"@id":"https:\/\/zapateneo.net\/wordpress\/#organization"},"potentialAction":[{"@type":"SearchAction","target":{"@type":"EntryPoint","urlTemplate":"https:\/\/zapateneo.net\/wordpress\/?s={search_term_string}"},"query-input":{"@type":"PropertyValueSpecification","valueRequired":true,"valueName":"search_term_string"}}],"inLanguage":"es"},{"@type":"Organization","@id":"https:\/\/zapateneo.net\/wordpress\/#organization","name":"Zapateneo Kultur Elkartea","url":"https:\/\/zapateneo.net\/wordpress\/","logo":{"@type":"ImageObject","inLanguage":"es","@id":"https:\/\/zapateneo.net\/wordpress\/#\/schema\/logo\/image\/","url":"https:\/\/zapateneo.net\/wordpress\/wp-content\/uploads\/2021\/04\/zap-libu-kolec.jpg","contentUrl":"https:\/\/zapateneo.net\/wordpress\/wp-content\/uploads\/2021\/04\/zap-libu-kolec.jpg","width":2234,"height":398,"caption":"Zapateneo Kultur Elkartea"},"image":{"@id":"https:\/\/zapateneo.net\/wordpress\/#\/schema\/logo\/image\/"},"sameAs":["https:\/\/x.com\/zapateneo"]}]}},"_links":{"self":[{"href":"https:\/\/zapateneo.net\/wordpress\/index.php\/wp-json\/wp\/v2\/product\/1663","targetHints":{"allow":["GET"]}}],"collection":[{"href":"https:\/\/zapateneo.net\/wordpress\/index.php\/wp-json\/wp\/v2\/product"}],"about":[{"href":"https:\/\/zapateneo.net\/wordpress\/index.php\/wp-json\/wp\/v2\/types\/product"}],"wp:featuredmedia":[{"embeddable":true,"href":"https:\/\/zapateneo.net\/wordpress\/index.php\/wp-json\/wp\/v2\/media\/1692"}],"wp:attachment":[{"href":"https:\/\/zapateneo.net\/wordpress\/index.php\/wp-json\/wp\/v2\/media?parent=1663"}],"wp:term":[{"taxonomy":"product_brand","embeddable":true,"href":"https:\/\/zapateneo.net\/wordpress\/index.php\/wp-json\/wp\/v2\/product_brand?post=1663"},{"taxonomy":"product_cat","embeddable":true,"href":"https:\/\/zapateneo.net\/wordpress\/index.php\/wp-json\/wp\/v2\/product_cat?post=1663"},{"taxonomy":"product_tag","embeddable":true,"href":"https:\/\/zapateneo.net\/wordpress\/index.php\/wp-json\/wp\/v2\/product_tag?post=1663"}],"curies":[{"name":"wp","href":"https:\/\/api.w.org\/{rel}","templated":true}]}}