{"id":16477,"date":"2026-03-14T12:37:56","date_gmt":"2026-03-14T11:37:56","guid":{"rendered":"https:\/\/zapateneo.net\/wordpress\/?post_type=product&#038;p=16477"},"modified":"2026-03-14T12:38:13","modified_gmt":"2026-03-14T11:38:13","slug":"solidaridad-internacional-antifascista-sia-en-la-guerra-civil-espanola-2","status":"publish","type":"product","link":"https:\/\/zapateneo.net\/wordpress\/index.php\/producto\/solidaridad-internacional-antifascista-sia-en-la-guerra-civil-espanola-2\/","title":{"rendered":"Solidaridad Internacional Antifascista (SIA) en la Guerra Civil Espa\u00f1ola"},"content":{"rendered":"<p>Con el nacimiento de Solidaridad Internacional Antifascista (SIA) en 1937, se concretaron dos realidades: una, la solidaridad internacional entre anarquistas ha sido siempre un imperativo moral del anarquismo, y, dos, era manifiesta la necesidad de crear un organismo que velase por los intereses de los hijos e hijas de la militancia libertaria en plena guerra; en un momento, adem\u00e1s, en que las conquistas revolucionarias estaban siendo atacadas sistem\u00e1ticamente desde distintos \u00e1mbitos de poder hostiles al movimiento libertario y sus organizaciones.<\/p>\n<p>Este ensayo es una aproximaci\u00f3n hist\u00f3rica al papel pol\u00edtico y los proyectos de mejoramiento social que motivaron la labor humanitaria, la ret\u00f3rica y la acci\u00f3n revolucionaria de SIA. Tambi\u00e9n es una reflexi\u00f3n desde el presente, pues pretende comprender por qu\u00e9 la solidaridad es un valor del que jam\u00e1s nos debemos desprender. La necesitaron entonces, la necesitamos ahora. En ella viven los \u00faltimos destellos de nuestra humanidad.<\/p>\n","protected":false},"excerpt":{"rendered":"<p><strong>Anna Pastor Rold\u00e1n<\/strong><br \/>\n9791399090512 &#8211; Piedra Papel &#8211; 2025 &#8211; 163 p\u00e1ginas \/orri.<\/p>\n","protected":false},"featured_media":16452,"template":"","meta":[],"product_brand":[],"product_cat":[16,173],"product_tag":[7331,7330],"class_list":{"0":"post-16477","1":"product","2":"type-product","3":"status-publish","4":"has-post-thumbnail","6":"product_cat-libros","7":"product_cat-saiakera-ensayo","8":"product_tag-anna-pastor-roldan","9":"product_tag-piedra-papel","11":"first","12":"instock","13":"sold-individually","14":"shipping-taxable","15":"product-type-simple"},"yoast_head":"<!-- This site is optimized with the Yoast SEO plugin v27.3 - https:\/\/yoast.com\/product\/yoast-seo-wordpress\/ -->\n<title>Solidaridad Internacional Antifascista (SIA) en la Guerra Civil Espa\u00f1ola &#8212; Zapateneo<\/title>\n<meta name=\"robots\" content=\"index, follow, max-snippet:-1, max-image-preview:large, max-video-preview:-1\" \/>\n<link rel=\"canonical\" href=\"https:\/\/zapateneo.net\/wordpress\/index.php\/producto\/solidaridad-internacional-antifascista-sia-en-la-guerra-civil-espanola-2\/\" \/>\n<meta property=\"og:locale\" content=\"es_ES\" \/>\n<meta property=\"og:type\" content=\"article\" \/>\n<meta property=\"og:title\" content=\"Solidaridad Internacional Antifascista (SIA) en la Guerra Civil Espa\u00f1ola &#8212; Zapateneo\" \/>\n<meta property=\"og:description\" content=\"Anna Pastor Rold\u00e1n 9791399090512 - Piedra Papel - 2025 - 163 p\u00e1ginas \/orri.\" \/>\n<meta property=\"og:url\" content=\"https:\/\/zapateneo.net\/wordpress\/index.php\/producto\/solidaridad-internacional-antifascista-sia-en-la-guerra-civil-espanola-2\/\" \/>\n<meta property=\"og:site_name\" content=\"Zapateneo\" \/>\n<meta property=\"article:modified_time\" content=\"2026-03-14T11:38:13+00:00\" \/>\n<meta name=\"twitter:card\" content=\"summary_large_image\" \/>\n<meta name=\"twitter:site\" content=\"@zapateneo\" \/>\n<meta name=\"twitter:label1\" content=\"Tiempo de lectura\" \/>\n\t<meta name=\"twitter:data1\" content=\"1 minuto\" \/>\n<script type=\"application\/ld+json\" class=\"yoast-schema-graph\">{\"@context\":\"https:\\\/\\\/schema.org\",\"@graph\":[{\"@type\":\"WebPage\",\"@id\":\"https:\\\/\\\/zapateneo.net\\\/wordpress\\\/index.php\\\/producto\\\/solidaridad-internacional-antifascista-sia-en-la-guerra-civil-espanola-2\\\/\",\"url\":\"https:\\\/\\\/zapateneo.net\\\/wordpress\\\/index.php\\\/producto\\\/solidaridad-internacional-antifascista-sia-en-la-guerra-civil-espanola-2\\\/\",\"name\":\"Solidaridad Internacional Antifascista (SIA) en la Guerra Civil Espa\u00f1ola &#8212; Zapateneo\",\"isPartOf\":{\"@id\":\"https:\\\/\\\/zapateneo.net\\\/wordpress\\\/#website\"},\"primaryImageOfPage\":{\"@id\":\"https:\\\/\\\/zapateneo.net\\\/wordpress\\\/index.php\\\/producto\\\/solidaridad-internacional-antifascista-sia-en-la-guerra-civil-espanola-2\\\/#primaryimage\"},\"image\":{\"@id\":\"https:\\\/\\\/zapateneo.net\\\/wordpress\\\/index.php\\\/producto\\\/solidaridad-internacional-antifascista-sia-en-la-guerra-civil-espanola-2\\\/#primaryimage\"},\"thumbnailUrl\":\"https:\\\/\\\/zapateneo.net\\\/wordpress\\\/wp-content\\\/uploads\\\/2026\\\/02\\\/portada-sia.jpg\",\"datePublished\":\"2026-03-14T11:37:56+00:00\",\"dateModified\":\"2026-03-14T11:38:13+00:00\",\"breadcrumb\":{\"@id\":\"https:\\\/\\\/zapateneo.net\\\/wordpress\\\/index.php\\\/producto\\\/solidaridad-internacional-antifascista-sia-en-la-guerra-civil-espanola-2\\\/#breadcrumb\"},\"inLanguage\":\"es\",\"potentialAction\":[{\"@type\":\"ReadAction\",\"target\":[\"https:\\\/\\\/zapateneo.net\\\/wordpress\\\/index.php\\\/producto\\\/solidaridad-internacional-antifascista-sia-en-la-guerra-civil-espanola-2\\\/\"]}]},{\"@type\":\"ImageObject\",\"inLanguage\":\"es\",\"@id\":\"https:\\\/\\\/zapateneo.net\\\/wordpress\\\/index.php\\\/producto\\\/solidaridad-internacional-antifascista-sia-en-la-guerra-civil-espanola-2\\\/#primaryimage\",\"url\":\"https:\\\/\\\/zapateneo.net\\\/wordpress\\\/wp-content\\\/uploads\\\/2026\\\/02\\\/portada-sia.jpg\",\"contentUrl\":\"https:\\\/\\\/zapateneo.net\\\/wordpress\\\/wp-content\\\/uploads\\\/2026\\\/02\\\/portada-sia.jpg\",\"width\":257,\"height\":400},{\"@type\":\"BreadcrumbList\",\"@id\":\"https:\\\/\\\/zapateneo.net\\\/wordpress\\\/index.php\\\/producto\\\/solidaridad-internacional-antifascista-sia-en-la-guerra-civil-espanola-2\\\/#breadcrumb\",\"itemListElement\":[{\"@type\":\"ListItem\",\"position\":1,\"name\":\"Portada\",\"item\":\"https:\\\/\\\/zapateneo.net\\\/wordpress\\\/\"},{\"@type\":\"ListItem\",\"position\":2,\"name\":\"Tienda\",\"item\":\"https:\\\/\\\/zapateneo.net\\\/wordpress\\\/\"},{\"@type\":\"ListItem\",\"position\":3,\"name\":\"Solidaridad Internacional Antifascista (SIA) en la Guerra Civil Espa\u00f1ola\"}]},{\"@type\":\"WebSite\",\"@id\":\"https:\\\/\\\/zapateneo.net\\\/wordpress\\\/#website\",\"url\":\"https:\\\/\\\/zapateneo.net\\\/wordpress\\\/\",\"name\":\"Zapateneo\",\"description\":\"Zapateneoaren webgunea\",\"publisher\":{\"@id\":\"https:\\\/\\\/zapateneo.net\\\/wordpress\\\/#organization\"},\"potentialAction\":[{\"@type\":\"SearchAction\",\"target\":{\"@type\":\"EntryPoint\",\"urlTemplate\":\"https:\\\/\\\/zapateneo.net\\\/wordpress\\\/?s={search_term_string}\"},\"query-input\":{\"@type\":\"PropertyValueSpecification\",\"valueRequired\":true,\"valueName\":\"search_term_string\"}}],\"inLanguage\":\"es\"},{\"@type\":\"Organization\",\"@id\":\"https:\\\/\\\/zapateneo.net\\\/wordpress\\\/#organization\",\"name\":\"Zapateneo Kultur Elkartea\",\"url\":\"https:\\\/\\\/zapateneo.net\\\/wordpress\\\/\",\"logo\":{\"@type\":\"ImageObject\",\"inLanguage\":\"es\",\"@id\":\"https:\\\/\\\/zapateneo.net\\\/wordpress\\\/#\\\/schema\\\/logo\\\/image\\\/\",\"url\":\"https:\\\/\\\/zapateneo.net\\\/wordpress\\\/wp-content\\\/uploads\\\/2021\\\/04\\\/zap-libu-kolec.jpg\",\"contentUrl\":\"https:\\\/\\\/zapateneo.net\\\/wordpress\\\/wp-content\\\/uploads\\\/2021\\\/04\\\/zap-libu-kolec.jpg\",\"width\":2234,\"height\":398,\"caption\":\"Zapateneo Kultur Elkartea\"},\"image\":{\"@id\":\"https:\\\/\\\/zapateneo.net\\\/wordpress\\\/#\\\/schema\\\/logo\\\/image\\\/\"},\"sameAs\":[\"https:\\\/\\\/x.com\\\/zapateneo\"]}]}<\/script>\n<!-- \/ Yoast SEO plugin. -->","yoast_head_json":{"title":"Solidaridad Internacional Antifascista (SIA) en la Guerra Civil Espa\u00f1ola &#8212; Zapateneo","robots":{"index":"index","follow":"follow","max-snippet":"max-snippet:-1","max-image-preview":"max-image-preview:large","max-video-preview":"max-video-preview:-1"},"canonical":"https:\/\/zapateneo.net\/wordpress\/index.php\/producto\/solidaridad-internacional-antifascista-sia-en-la-guerra-civil-espanola-2\/","og_locale":"es_ES","og_type":"article","og_title":"Solidaridad Internacional Antifascista (SIA) en la Guerra Civil Espa\u00f1ola &#8212; Zapateneo","og_description":"Anna Pastor Rold\u00e1n 9791399090512 - Piedra Papel - 2025 - 163 p\u00e1ginas \/orri.","og_url":"https:\/\/zapateneo.net\/wordpress\/index.php\/producto\/solidaridad-internacional-antifascista-sia-en-la-guerra-civil-espanola-2\/","og_site_name":"Zapateneo","article_modified_time":"2026-03-14T11:38:13+00:00","twitter_card":"summary_large_image","twitter_site":"@zapateneo","twitter_misc":{"Tiempo de lectura":"1 minuto"},"schema":{"@context":"https:\/\/schema.org","@graph":[{"@type":"WebPage","@id":"https:\/\/zapateneo.net\/wordpress\/index.php\/producto\/solidaridad-internacional-antifascista-sia-en-la-guerra-civil-espanola-2\/","url":"https:\/\/zapateneo.net\/wordpress\/index.php\/producto\/solidaridad-internacional-antifascista-sia-en-la-guerra-civil-espanola-2\/","name":"Solidaridad Internacional Antifascista (SIA) en la Guerra Civil Espa\u00f1ola &#8212; Zapateneo","isPartOf":{"@id":"https:\/\/zapateneo.net\/wordpress\/#website"},"primaryImageOfPage":{"@id":"https:\/\/zapateneo.net\/wordpress\/index.php\/producto\/solidaridad-internacional-antifascista-sia-en-la-guerra-civil-espanola-2\/#primaryimage"},"image":{"@id":"https:\/\/zapateneo.net\/wordpress\/index.php\/producto\/solidaridad-internacional-antifascista-sia-en-la-guerra-civil-espanola-2\/#primaryimage"},"thumbnailUrl":"https:\/\/zapateneo.net\/wordpress\/wp-content\/uploads\/2026\/02\/portada-sia.jpg","datePublished":"2026-03-14T11:37:56+00:00","dateModified":"2026-03-14T11:38:13+00:00","breadcrumb":{"@id":"https:\/\/zapateneo.net\/wordpress\/index.php\/producto\/solidaridad-internacional-antifascista-sia-en-la-guerra-civil-espanola-2\/#breadcrumb"},"inLanguage":"es","potentialAction":[{"@type":"ReadAction","target":["https:\/\/zapateneo.net\/wordpress\/index.php\/producto\/solidaridad-internacional-antifascista-sia-en-la-guerra-civil-espanola-2\/"]}]},{"@type":"ImageObject","inLanguage":"es","@id":"https:\/\/zapateneo.net\/wordpress\/index.php\/producto\/solidaridad-internacional-antifascista-sia-en-la-guerra-civil-espanola-2\/#primaryimage","url":"https:\/\/zapateneo.net\/wordpress\/wp-content\/uploads\/2026\/02\/portada-sia.jpg","contentUrl":"https:\/\/zapateneo.net\/wordpress\/wp-content\/uploads\/2026\/02\/portada-sia.jpg","width":257,"height":400},{"@type":"BreadcrumbList","@id":"https:\/\/zapateneo.net\/wordpress\/index.php\/producto\/solidaridad-internacional-antifascista-sia-en-la-guerra-civil-espanola-2\/#breadcrumb","itemListElement":[{"@type":"ListItem","position":1,"name":"Portada","item":"https:\/\/zapateneo.net\/wordpress\/"},{"@type":"ListItem","position":2,"name":"Tienda","item":"https:\/\/zapateneo.net\/wordpress\/"},{"@type":"ListItem","position":3,"name":"Solidaridad Internacional Antifascista (SIA) en la Guerra Civil Espa\u00f1ola"}]},{"@type":"WebSite","@id":"https:\/\/zapateneo.net\/wordpress\/#website","url":"https:\/\/zapateneo.net\/wordpress\/","name":"Zapateneo","description":"Zapateneoaren webgunea","publisher":{"@id":"https:\/\/zapateneo.net\/wordpress\/#organization"},"potentialAction":[{"@type":"SearchAction","target":{"@type":"EntryPoint","urlTemplate":"https:\/\/zapateneo.net\/wordpress\/?s={search_term_string}"},"query-input":{"@type":"PropertyValueSpecification","valueRequired":true,"valueName":"search_term_string"}}],"inLanguage":"es"},{"@type":"Organization","@id":"https:\/\/zapateneo.net\/wordpress\/#organization","name":"Zapateneo Kultur Elkartea","url":"https:\/\/zapateneo.net\/wordpress\/","logo":{"@type":"ImageObject","inLanguage":"es","@id":"https:\/\/zapateneo.net\/wordpress\/#\/schema\/logo\/image\/","url":"https:\/\/zapateneo.net\/wordpress\/wp-content\/uploads\/2021\/04\/zap-libu-kolec.jpg","contentUrl":"https:\/\/zapateneo.net\/wordpress\/wp-content\/uploads\/2021\/04\/zap-libu-kolec.jpg","width":2234,"height":398,"caption":"Zapateneo Kultur Elkartea"},"image":{"@id":"https:\/\/zapateneo.net\/wordpress\/#\/schema\/logo\/image\/"},"sameAs":["https:\/\/x.com\/zapateneo"]}]}},"_links":{"self":[{"href":"https:\/\/zapateneo.net\/wordpress\/index.php\/wp-json\/wp\/v2\/product\/16477","targetHints":{"allow":["GET"]}}],"collection":[{"href":"https:\/\/zapateneo.net\/wordpress\/index.php\/wp-json\/wp\/v2\/product"}],"about":[{"href":"https:\/\/zapateneo.net\/wordpress\/index.php\/wp-json\/wp\/v2\/types\/product"}],"wp:featuredmedia":[{"embeddable":true,"href":"https:\/\/zapateneo.net\/wordpress\/index.php\/wp-json\/wp\/v2\/media\/16452"}],"wp:attachment":[{"href":"https:\/\/zapateneo.net\/wordpress\/index.php\/wp-json\/wp\/v2\/media?parent=16477"}],"wp:term":[{"taxonomy":"product_brand","embeddable":true,"href":"https:\/\/zapateneo.net\/wordpress\/index.php\/wp-json\/wp\/v2\/product_brand?post=16477"},{"taxonomy":"product_cat","embeddable":true,"href":"https:\/\/zapateneo.net\/wordpress\/index.php\/wp-json\/wp\/v2\/product_cat?post=16477"},{"taxonomy":"product_tag","embeddable":true,"href":"https:\/\/zapateneo.net\/wordpress\/index.php\/wp-json\/wp\/v2\/product_tag?post=16477"}],"curies":[{"name":"wp","href":"https:\/\/api.w.org\/{rel}","templated":true}]}}