{"id":16385,"date":"2025-12-02T17:09:49","date_gmt":"2025-12-02T16:09:49","guid":{"rendered":"https:\/\/zapateneo.net\/wordpress\/?post_type=product&#038;p=16385"},"modified":"2025-12-02T17:09:57","modified_gmt":"2025-12-02T16:09:57","slug":"como-se-aprende-aportaciones-fundamentales-en-psicologia-de-la-educacion-y-su-significado-en-la","status":"publish","type":"product","link":"https:\/\/zapateneo.net\/wordpress\/index.php\/producto\/como-se-aprende-aportaciones-fundamentales-en-psicologia-de-la-educacion-y-su-significado-en-la\/","title":{"rendered":"C\u00f3mo se aprende. Aportaciones fundamentales en psicolog\u00eda de la educaci\u00f3n y su significado en la"},"content":{"rendered":"<p>C\u00f3mo se aprende presenta a 32 gigantes de la investigaci\u00f3n educativa y sus descubrimientos sobre c\u00f3mo aprendemos realmente y sobre todo lo que necesitamos saber para hacerlo de forma eficaz, eficiente y amena. Sus aportaciones, que Kirschner y Hendrick desgranan magistralmente en estas p\u00e1ginas, han dejado una huella profunda en c\u00f3mo ense\u00f1amos hoy en d\u00eda, inspirando a docentes e investigadores de medio mundo.<\/p>\n<p>Partiendo de dichos trabajos clave, seleccionados del \u00e1mbito de la psicolog\u00eda de la educaci\u00f3n y la psicolog\u00eda cognitiva, el libro ofrece un \u00fatil mapa de los m\u00e1s importantes hallazgos en torno a c\u00f3mo se produce el aprendizaje. Cada cap\u00edtulo examina un trabajo concreto y su relevancia, y describe la investigaci\u00f3n para, acto seguido, analizar sus implicaciones pr\u00e1cticas y c\u00f3mo aplicarlas en el aula. Concebido, pues, de manera eminentemente pr\u00e1ctica, el libro est\u00e1 dividido en siete secciones, que abarcan:<\/p>\n<p>\u25a0 La memoria y la cognici\u00f3n<\/p>\n<p>\u25a0 C\u00f3mo funciona el cerebro y lo que ello supone para el aprendizaje y la ense\u00f1anza<\/p>\n<p>\u25a0 Qu\u00e9 prerrequisitos son necesarios para un verdadero aprendizaje<\/p>\n<p>\u25a0 C\u00f3mo se desarrolla el aprendizaje, se asienta y se refuerza<\/p>\n<p>\u25a0 C\u00f3mo ense\u00f1ar y qu\u00e9 actividades y t\u00e9cnicas funcionan<\/p>\n<p>\u25a0 El aprendizaje en contexto<\/p>\n<p>\u25a0 Falacias que campan a sus anchas en el aula y diez \u00abpecados capitales\u00bb que hay que evitar<\/p>\n<p>Escrito por dos expertos de referencia, e ilustrado por Oliver Caviglioli, C\u00f3mo se aprende constituye una lectura esencial no s\u00f3lo para docentes que quieran comprender y participar plenamente de la investigaci\u00f3n en el \u00e1mbito educativo, sino asimismo para futuros docentes y estudiantes de universidad en los campos de la pedagog\u00eda, la psicolog\u00eda del desarrollo o las ciencias educativas.<\/p>\n","protected":false},"excerpt":{"rendered":"<p><strong>Carl Hendrick, Oliver Caviglioli, Paul A. Kirschner<\/strong><br \/>\n9788446056805 &#8211; Akal &#8211; 2025 &#8211; 464 p\u00e1ginas \/orri.<\/p>\n","protected":false},"featured_media":16390,"template":"","meta":[],"product_brand":[],"product_cat":[186,16],"product_tag":[437,7326,7327,7328],"class_list":{"0":"post-16385","1":"product","2":"type-product","3":"status-publish","4":"has-post-thumbnail","6":"product_cat-hezkuntza-educacion","7":"product_cat-libros","8":"product_tag-akal","9":"product_tag-carl-hendrick","10":"product_tag-oliver-caviglioli","11":"product_tag-paul-a-kirschner","13":"first","14":"instock","15":"sold-individually","16":"shipping-taxable","17":"purchasable","18":"product-type-simple"},"yoast_head":"<!-- This site is optimized with the Yoast SEO plugin v27.3 - https:\/\/yoast.com\/product\/yoast-seo-wordpress\/ -->\n<title>C\u00f3mo se aprende. Aportaciones fundamentales en psicolog\u00eda de la educaci\u00f3n y su significado en la &#8212; Zapateneo<\/title>\n<meta name=\"robots\" content=\"index, follow, max-snippet:-1, max-image-preview:large, max-video-preview:-1\" \/>\n<link rel=\"canonical\" href=\"https:\/\/zapateneo.net\/wordpress\/index.php\/producto\/como-se-aprende-aportaciones-fundamentales-en-psicologia-de-la-educacion-y-su-significado-en-la\/\" \/>\n<meta property=\"og:locale\" content=\"es_ES\" \/>\n<meta property=\"og:type\" content=\"article\" \/>\n<meta property=\"og:title\" content=\"C\u00f3mo se aprende. Aportaciones fundamentales en psicolog\u00eda de la educaci\u00f3n y su significado en la &#8212; Zapateneo\" \/>\n<meta property=\"og:description\" content=\"Carl Hendrick, Oliver Caviglioli, Paul A. Kirschner 9788446056805 - Akal - 2025 - 464 p\u00e1ginas \/orri.\" \/>\n<meta property=\"og:url\" content=\"https:\/\/zapateneo.net\/wordpress\/index.php\/producto\/como-se-aprende-aportaciones-fundamentales-en-psicologia-de-la-educacion-y-su-significado-en-la\/\" \/>\n<meta property=\"og:site_name\" content=\"Zapateneo\" \/>\n<meta property=\"article:modified_time\" content=\"2025-12-02T16:09:57+00:00\" \/>\n<meta name=\"twitter:card\" content=\"summary_large_image\" \/>\n<meta name=\"twitter:site\" content=\"@zapateneo\" \/>\n<meta name=\"twitter:label1\" content=\"Tiempo de lectura\" \/>\n\t<meta name=\"twitter:data1\" content=\"1 minuto\" \/>\n<script type=\"application\/ld+json\" class=\"yoast-schema-graph\">{\"@context\":\"https:\\\/\\\/schema.org\",\"@graph\":[{\"@type\":\"WebPage\",\"@id\":\"https:\\\/\\\/zapateneo.net\\\/wordpress\\\/index.php\\\/producto\\\/como-se-aprende-aportaciones-fundamentales-en-psicologia-de-la-educacion-y-su-significado-en-la\\\/\",\"url\":\"https:\\\/\\\/zapateneo.net\\\/wordpress\\\/index.php\\\/producto\\\/como-se-aprende-aportaciones-fundamentales-en-psicologia-de-la-educacion-y-su-significado-en-la\\\/\",\"name\":\"C\u00f3mo se aprende. Aportaciones fundamentales en psicolog\u00eda de la educaci\u00f3n y su significado en la &#8212; Zapateneo\",\"isPartOf\":{\"@id\":\"https:\\\/\\\/zapateneo.net\\\/wordpress\\\/#website\"},\"primaryImageOfPage\":{\"@id\":\"https:\\\/\\\/zapateneo.net\\\/wordpress\\\/index.php\\\/producto\\\/como-se-aprende-aportaciones-fundamentales-en-psicologia-de-la-educacion-y-su-significado-en-la\\\/#primaryimage\"},\"image\":{\"@id\":\"https:\\\/\\\/zapateneo.net\\\/wordpress\\\/index.php\\\/producto\\\/como-se-aprende-aportaciones-fundamentales-en-psicologia-de-la-educacion-y-su-significado-en-la\\\/#primaryimage\"},\"thumbnailUrl\":\"https:\\\/\\\/zapateneo.net\\\/wordpress\\\/wp-content\\\/uploads\\\/2025\\\/12\\\/9788446056805_895xd2j.jpg\",\"datePublished\":\"2025-12-02T16:09:49+00:00\",\"dateModified\":\"2025-12-02T16:09:57+00:00\",\"breadcrumb\":{\"@id\":\"https:\\\/\\\/zapateneo.net\\\/wordpress\\\/index.php\\\/producto\\\/como-se-aprende-aportaciones-fundamentales-en-psicologia-de-la-educacion-y-su-significado-en-la\\\/#breadcrumb\"},\"inLanguage\":\"es\",\"potentialAction\":[{\"@type\":\"ReadAction\",\"target\":[\"https:\\\/\\\/zapateneo.net\\\/wordpress\\\/index.php\\\/producto\\\/como-se-aprende-aportaciones-fundamentales-en-psicologia-de-la-educacion-y-su-significado-en-la\\\/\"]}]},{\"@type\":\"ImageObject\",\"inLanguage\":\"es\",\"@id\":\"https:\\\/\\\/zapateneo.net\\\/wordpress\\\/index.php\\\/producto\\\/como-se-aprende-aportaciones-fundamentales-en-psicologia-de-la-educacion-y-su-significado-en-la\\\/#primaryimage\",\"url\":\"https:\\\/\\\/zapateneo.net\\\/wordpress\\\/wp-content\\\/uploads\\\/2025\\\/12\\\/9788446056805_895xd2j.jpg\",\"contentUrl\":\"https:\\\/\\\/zapateneo.net\\\/wordpress\\\/wp-content\\\/uploads\\\/2025\\\/12\\\/9788446056805_895xd2j.jpg\",\"width\":236,\"height\":329},{\"@type\":\"BreadcrumbList\",\"@id\":\"https:\\\/\\\/zapateneo.net\\\/wordpress\\\/index.php\\\/producto\\\/como-se-aprende-aportaciones-fundamentales-en-psicologia-de-la-educacion-y-su-significado-en-la\\\/#breadcrumb\",\"itemListElement\":[{\"@type\":\"ListItem\",\"position\":1,\"name\":\"Portada\",\"item\":\"https:\\\/\\\/zapateneo.net\\\/wordpress\\\/\"},{\"@type\":\"ListItem\",\"position\":2,\"name\":\"Tienda\",\"item\":\"https:\\\/\\\/zapateneo.net\\\/wordpress\\\/\"},{\"@type\":\"ListItem\",\"position\":3,\"name\":\"C\u00f3mo se aprende. Aportaciones fundamentales en psicolog\u00eda de la educaci\u00f3n y su significado en la\"}]},{\"@type\":\"WebSite\",\"@id\":\"https:\\\/\\\/zapateneo.net\\\/wordpress\\\/#website\",\"url\":\"https:\\\/\\\/zapateneo.net\\\/wordpress\\\/\",\"name\":\"Zapateneo\",\"description\":\"Zapateneoaren webgunea\",\"publisher\":{\"@id\":\"https:\\\/\\\/zapateneo.net\\\/wordpress\\\/#organization\"},\"potentialAction\":[{\"@type\":\"SearchAction\",\"target\":{\"@type\":\"EntryPoint\",\"urlTemplate\":\"https:\\\/\\\/zapateneo.net\\\/wordpress\\\/?s={search_term_string}\"},\"query-input\":{\"@type\":\"PropertyValueSpecification\",\"valueRequired\":true,\"valueName\":\"search_term_string\"}}],\"inLanguage\":\"es\"},{\"@type\":\"Organization\",\"@id\":\"https:\\\/\\\/zapateneo.net\\\/wordpress\\\/#organization\",\"name\":\"Zapateneo Kultur Elkartea\",\"url\":\"https:\\\/\\\/zapateneo.net\\\/wordpress\\\/\",\"logo\":{\"@type\":\"ImageObject\",\"inLanguage\":\"es\",\"@id\":\"https:\\\/\\\/zapateneo.net\\\/wordpress\\\/#\\\/schema\\\/logo\\\/image\\\/\",\"url\":\"https:\\\/\\\/zapateneo.net\\\/wordpress\\\/wp-content\\\/uploads\\\/2021\\\/04\\\/zap-libu-kolec.jpg\",\"contentUrl\":\"https:\\\/\\\/zapateneo.net\\\/wordpress\\\/wp-content\\\/uploads\\\/2021\\\/04\\\/zap-libu-kolec.jpg\",\"width\":2234,\"height\":398,\"caption\":\"Zapateneo Kultur Elkartea\"},\"image\":{\"@id\":\"https:\\\/\\\/zapateneo.net\\\/wordpress\\\/#\\\/schema\\\/logo\\\/image\\\/\"},\"sameAs\":[\"https:\\\/\\\/x.com\\\/zapateneo\"]}]}<\/script>\n<!-- \/ Yoast SEO plugin. -->","yoast_head_json":{"title":"C\u00f3mo se aprende. Aportaciones fundamentales en psicolog\u00eda de la educaci\u00f3n y su significado en la &#8212; Zapateneo","robots":{"index":"index","follow":"follow","max-snippet":"max-snippet:-1","max-image-preview":"max-image-preview:large","max-video-preview":"max-video-preview:-1"},"canonical":"https:\/\/zapateneo.net\/wordpress\/index.php\/producto\/como-se-aprende-aportaciones-fundamentales-en-psicologia-de-la-educacion-y-su-significado-en-la\/","og_locale":"es_ES","og_type":"article","og_title":"C\u00f3mo se aprende. Aportaciones fundamentales en psicolog\u00eda de la educaci\u00f3n y su significado en la &#8212; Zapateneo","og_description":"Carl Hendrick, Oliver Caviglioli, Paul A. Kirschner 9788446056805 - Akal - 2025 - 464 p\u00e1ginas \/orri.","og_url":"https:\/\/zapateneo.net\/wordpress\/index.php\/producto\/como-se-aprende-aportaciones-fundamentales-en-psicologia-de-la-educacion-y-su-significado-en-la\/","og_site_name":"Zapateneo","article_modified_time":"2025-12-02T16:09:57+00:00","twitter_card":"summary_large_image","twitter_site":"@zapateneo","twitter_misc":{"Tiempo de lectura":"1 minuto"},"schema":{"@context":"https:\/\/schema.org","@graph":[{"@type":"WebPage","@id":"https:\/\/zapateneo.net\/wordpress\/index.php\/producto\/como-se-aprende-aportaciones-fundamentales-en-psicologia-de-la-educacion-y-su-significado-en-la\/","url":"https:\/\/zapateneo.net\/wordpress\/index.php\/producto\/como-se-aprende-aportaciones-fundamentales-en-psicologia-de-la-educacion-y-su-significado-en-la\/","name":"C\u00f3mo se aprende. Aportaciones fundamentales en psicolog\u00eda de la educaci\u00f3n y su significado en la &#8212; Zapateneo","isPartOf":{"@id":"https:\/\/zapateneo.net\/wordpress\/#website"},"primaryImageOfPage":{"@id":"https:\/\/zapateneo.net\/wordpress\/index.php\/producto\/como-se-aprende-aportaciones-fundamentales-en-psicologia-de-la-educacion-y-su-significado-en-la\/#primaryimage"},"image":{"@id":"https:\/\/zapateneo.net\/wordpress\/index.php\/producto\/como-se-aprende-aportaciones-fundamentales-en-psicologia-de-la-educacion-y-su-significado-en-la\/#primaryimage"},"thumbnailUrl":"https:\/\/zapateneo.net\/wordpress\/wp-content\/uploads\/2025\/12\/9788446056805_895xd2j.jpg","datePublished":"2025-12-02T16:09:49+00:00","dateModified":"2025-12-02T16:09:57+00:00","breadcrumb":{"@id":"https:\/\/zapateneo.net\/wordpress\/index.php\/producto\/como-se-aprende-aportaciones-fundamentales-en-psicologia-de-la-educacion-y-su-significado-en-la\/#breadcrumb"},"inLanguage":"es","potentialAction":[{"@type":"ReadAction","target":["https:\/\/zapateneo.net\/wordpress\/index.php\/producto\/como-se-aprende-aportaciones-fundamentales-en-psicologia-de-la-educacion-y-su-significado-en-la\/"]}]},{"@type":"ImageObject","inLanguage":"es","@id":"https:\/\/zapateneo.net\/wordpress\/index.php\/producto\/como-se-aprende-aportaciones-fundamentales-en-psicologia-de-la-educacion-y-su-significado-en-la\/#primaryimage","url":"https:\/\/zapateneo.net\/wordpress\/wp-content\/uploads\/2025\/12\/9788446056805_895xd2j.jpg","contentUrl":"https:\/\/zapateneo.net\/wordpress\/wp-content\/uploads\/2025\/12\/9788446056805_895xd2j.jpg","width":236,"height":329},{"@type":"BreadcrumbList","@id":"https:\/\/zapateneo.net\/wordpress\/index.php\/producto\/como-se-aprende-aportaciones-fundamentales-en-psicologia-de-la-educacion-y-su-significado-en-la\/#breadcrumb","itemListElement":[{"@type":"ListItem","position":1,"name":"Portada","item":"https:\/\/zapateneo.net\/wordpress\/"},{"@type":"ListItem","position":2,"name":"Tienda","item":"https:\/\/zapateneo.net\/wordpress\/"},{"@type":"ListItem","position":3,"name":"C\u00f3mo se aprende. Aportaciones fundamentales en psicolog\u00eda de la educaci\u00f3n y su significado en la"}]},{"@type":"WebSite","@id":"https:\/\/zapateneo.net\/wordpress\/#website","url":"https:\/\/zapateneo.net\/wordpress\/","name":"Zapateneo","description":"Zapateneoaren webgunea","publisher":{"@id":"https:\/\/zapateneo.net\/wordpress\/#organization"},"potentialAction":[{"@type":"SearchAction","target":{"@type":"EntryPoint","urlTemplate":"https:\/\/zapateneo.net\/wordpress\/?s={search_term_string}"},"query-input":{"@type":"PropertyValueSpecification","valueRequired":true,"valueName":"search_term_string"}}],"inLanguage":"es"},{"@type":"Organization","@id":"https:\/\/zapateneo.net\/wordpress\/#organization","name":"Zapateneo Kultur Elkartea","url":"https:\/\/zapateneo.net\/wordpress\/","logo":{"@type":"ImageObject","inLanguage":"es","@id":"https:\/\/zapateneo.net\/wordpress\/#\/schema\/logo\/image\/","url":"https:\/\/zapateneo.net\/wordpress\/wp-content\/uploads\/2021\/04\/zap-libu-kolec.jpg","contentUrl":"https:\/\/zapateneo.net\/wordpress\/wp-content\/uploads\/2021\/04\/zap-libu-kolec.jpg","width":2234,"height":398,"caption":"Zapateneo Kultur Elkartea"},"image":{"@id":"https:\/\/zapateneo.net\/wordpress\/#\/schema\/logo\/image\/"},"sameAs":["https:\/\/x.com\/zapateneo"]}]}},"_links":{"self":[{"href":"https:\/\/zapateneo.net\/wordpress\/index.php\/wp-json\/wp\/v2\/product\/16385","targetHints":{"allow":["GET"]}}],"collection":[{"href":"https:\/\/zapateneo.net\/wordpress\/index.php\/wp-json\/wp\/v2\/product"}],"about":[{"href":"https:\/\/zapateneo.net\/wordpress\/index.php\/wp-json\/wp\/v2\/types\/product"}],"wp:featuredmedia":[{"embeddable":true,"href":"https:\/\/zapateneo.net\/wordpress\/index.php\/wp-json\/wp\/v2\/media\/16390"}],"wp:attachment":[{"href":"https:\/\/zapateneo.net\/wordpress\/index.php\/wp-json\/wp\/v2\/media?parent=16385"}],"wp:term":[{"taxonomy":"product_brand","embeddable":true,"href":"https:\/\/zapateneo.net\/wordpress\/index.php\/wp-json\/wp\/v2\/product_brand?post=16385"},{"taxonomy":"product_cat","embeddable":true,"href":"https:\/\/zapateneo.net\/wordpress\/index.php\/wp-json\/wp\/v2\/product_cat?post=16385"},{"taxonomy":"product_tag","embeddable":true,"href":"https:\/\/zapateneo.net\/wordpress\/index.php\/wp-json\/wp\/v2\/product_tag?post=16385"}],"curies":[{"name":"wp","href":"https:\/\/api.w.org\/{rel}","templated":true}]}}