{"id":16382,"date":"2025-12-02T17:09:46","date_gmt":"2025-12-02T16:09:46","guid":{"rendered":"https:\/\/zapateneo.net\/wordpress\/?post_type=product&#038;p=16382"},"modified":"2025-12-02T17:09:53","modified_gmt":"2025-12-02T16:09:53","slug":"bandera-negra-rediscutiendo-el-anarquismo","status":"publish","type":"product","link":"https:\/\/zapateneo.net\/wordpress\/index.php\/producto\/bandera-negra-rediscutiendo-el-anarquismo\/","title":{"rendered":"Bandera Negra. Rediscutiendo el anarquismo"},"content":{"rendered":"<p>Bandera Negra rediscute el anarquismo desde una perspectiva contempor\u00e1nea y cient\u00edfica. Esta edici\u00f3n es una gu\u00eda indispensable para explorar los debates que han moldeado la doctrina anarquista y entender su papel crucial en la lucha de la clase trabajadora a lo largo de todo el globo.<\/p>\n<p>El objetivo de este libro es pues presentar un texto que introduzca la discusi\u00f3n de estas cuestiones fundamentales del anarquismo, que pueda funcionar como una gu\u00eda contempor\u00e1nea de lectura y ofrecer claves de comprensi\u00f3n sobre el tema. No se trata de una s\u00edntesis de anteriores trabajos; no es un libro que presente m\u00e1s de lo mismo. Busca generar un balance cr\u00edtico de las producciones anteriores identificando sus l\u00edmites, y proponer un abordaje te\u00f3rico-metodol\u00f3gico que pueda solucionarlos, para finalmente plantear una discusi\u00f3n te\u00f3rica sobre el anarquismo que haga avanzar las investigaciones sobre el tema.<\/p>\n<p>La ideolog\u00eda anarquista [\u2026] propicia el establecimiento de objetivos, lecturas de la realidad, estrategias y t\u00e1cticas adecuadas para tal intervenci\u00f3n. Sus objetivos son socialistas y libertarios, buscando crear un sistema de autogesti\u00f3n. Sus diagn\u00f3sticos de la realidad plantean cr\u00edticas estructurales y coyunturales de los sistemas de dominaci\u00f3n. Sus estrategias son coherentes con sus objetivos y, por tanto, revolucionarias.<br \/>\n\u2014Felipe Corr\u00eaa<\/p>\n<p>===================<\/p>\n<p>Felipe Corr\u00eaa (S\u00e3o Paulo, Brasil). Es doctor en Educaci\u00f3n por la Universidad Estadual de Campinas, con una destacada trayectoria acad\u00e9mica en Ciencias Sociales, Sociolog\u00eda y Comunicaci\u00f3n. Especialista en el estudio del pensamiento pol\u00edtico, ha investigado en profundidad la obra de Mija\u00edl Bakunin y ha propuesto nuevas perspectivas te\u00f3ricas sobre el anarquismo y los movimientos sociales contempor\u00e1neos. Profesor universitario y coordinador del Instituto de Teor\u00eda e Hist\u00f3ria Anarquista, Corr\u00eaa combina la investigaci\u00f3n interdisciplinar con la docencia y la producci\u00f3n editorial, as\u00ed como su militancia sindical y pol\u00edtica. Sus publicaciones abordan temas como anarquismo, sindicalismo, luchas populares, poder y organizaci\u00f3n pol\u00edtica, consolid\u00e1ndolo como una referencia del an\u00e1lisis cr\u00edtico de las transformaciones sociales y pol\u00edticas de nuestro tiempo.<\/p>\n","protected":false},"excerpt":{"rendered":"<p><strong>Felipe Corr\u00eaa<\/strong><br \/>\n9788410421134 &#8211; Teima &#8211; 2025 &#8211; 397 p\u00e1ginas \/orri.<\/p>\n","protected":false},"featured_media":16387,"template":"","meta":[],"product_brand":[],"product_cat":[1868,16],"product_tag":[7322,7323],"class_list":{"0":"post-16382","1":"product","2":"type-product","3":"status-publish","4":"has-post-thumbnail","6":"product_cat-anarkismoa-anarquismo","7":"product_cat-libros","8":"product_tag-felipe-correa","9":"product_tag-teima","11":"first","12":"instock","13":"sold-individually","14":"shipping-taxable","15":"purchasable","16":"product-type-simple"},"yoast_head":"<!-- This site is optimized with the Yoast SEO plugin v27.3 - https:\/\/yoast.com\/product\/yoast-seo-wordpress\/ -->\n<title>Bandera Negra. Rediscutiendo el anarquismo &#8212; Zapateneo<\/title>\n<meta name=\"robots\" content=\"index, follow, max-snippet:-1, max-image-preview:large, max-video-preview:-1\" \/>\n<link rel=\"canonical\" href=\"https:\/\/zapateneo.net\/wordpress\/index.php\/producto\/bandera-negra-rediscutiendo-el-anarquismo\/\" \/>\n<meta property=\"og:locale\" content=\"es_ES\" \/>\n<meta property=\"og:type\" content=\"article\" \/>\n<meta property=\"og:title\" content=\"Bandera Negra. Rediscutiendo el anarquismo &#8212; Zapateneo\" \/>\n<meta property=\"og:description\" content=\"Felipe Corr\u00eaa 9788410421134 - Teima - 2025 - 397 p\u00e1ginas \/orri.\" \/>\n<meta property=\"og:url\" content=\"https:\/\/zapateneo.net\/wordpress\/index.php\/producto\/bandera-negra-rediscutiendo-el-anarquismo\/\" \/>\n<meta property=\"og:site_name\" content=\"Zapateneo\" \/>\n<meta property=\"article:modified_time\" content=\"2025-12-02T16:09:53+00:00\" \/>\n<meta name=\"twitter:card\" content=\"summary_large_image\" \/>\n<meta name=\"twitter:site\" content=\"@zapateneo\" \/>\n<meta name=\"twitter:label1\" content=\"Tiempo de lectura\" \/>\n\t<meta name=\"twitter:data1\" content=\"2 minutos\" \/>\n<script type=\"application\/ld+json\" class=\"yoast-schema-graph\">{\"@context\":\"https:\\\/\\\/schema.org\",\"@graph\":[{\"@type\":\"WebPage\",\"@id\":\"https:\\\/\\\/zapateneo.net\\\/wordpress\\\/index.php\\\/producto\\\/bandera-negra-rediscutiendo-el-anarquismo\\\/\",\"url\":\"https:\\\/\\\/zapateneo.net\\\/wordpress\\\/index.php\\\/producto\\\/bandera-negra-rediscutiendo-el-anarquismo\\\/\",\"name\":\"Bandera Negra. Rediscutiendo el anarquismo &#8212; Zapateneo\",\"isPartOf\":{\"@id\":\"https:\\\/\\\/zapateneo.net\\\/wordpress\\\/#website\"},\"primaryImageOfPage\":{\"@id\":\"https:\\\/\\\/zapateneo.net\\\/wordpress\\\/index.php\\\/producto\\\/bandera-negra-rediscutiendo-el-anarquismo\\\/#primaryimage\"},\"image\":{\"@id\":\"https:\\\/\\\/zapateneo.net\\\/wordpress\\\/index.php\\\/producto\\\/bandera-negra-rediscutiendo-el-anarquismo\\\/#primaryimage\"},\"thumbnailUrl\":\"https:\\\/\\\/zapateneo.net\\\/wordpress\\\/wp-content\\\/uploads\\\/2025\\\/12\\\/9788410421134.jpeg\",\"datePublished\":\"2025-12-02T16:09:46+00:00\",\"dateModified\":\"2025-12-02T16:09:53+00:00\",\"breadcrumb\":{\"@id\":\"https:\\\/\\\/zapateneo.net\\\/wordpress\\\/index.php\\\/producto\\\/bandera-negra-rediscutiendo-el-anarquismo\\\/#breadcrumb\"},\"inLanguage\":\"es\",\"potentialAction\":[{\"@type\":\"ReadAction\",\"target\":[\"https:\\\/\\\/zapateneo.net\\\/wordpress\\\/index.php\\\/producto\\\/bandera-negra-rediscutiendo-el-anarquismo\\\/\"]}]},{\"@type\":\"ImageObject\",\"inLanguage\":\"es\",\"@id\":\"https:\\\/\\\/zapateneo.net\\\/wordpress\\\/index.php\\\/producto\\\/bandera-negra-rediscutiendo-el-anarquismo\\\/#primaryimage\",\"url\":\"https:\\\/\\\/zapateneo.net\\\/wordpress\\\/wp-content\\\/uploads\\\/2025\\\/12\\\/9788410421134.jpeg\",\"contentUrl\":\"https:\\\/\\\/zapateneo.net\\\/wordpress\\\/wp-content\\\/uploads\\\/2025\\\/12\\\/9788410421134.jpeg\",\"width\":186,\"height\":270},{\"@type\":\"BreadcrumbList\",\"@id\":\"https:\\\/\\\/zapateneo.net\\\/wordpress\\\/index.php\\\/producto\\\/bandera-negra-rediscutiendo-el-anarquismo\\\/#breadcrumb\",\"itemListElement\":[{\"@type\":\"ListItem\",\"position\":1,\"name\":\"Portada\",\"item\":\"https:\\\/\\\/zapateneo.net\\\/wordpress\\\/\"},{\"@type\":\"ListItem\",\"position\":2,\"name\":\"Tienda\",\"item\":\"https:\\\/\\\/zapateneo.net\\\/wordpress\\\/\"},{\"@type\":\"ListItem\",\"position\":3,\"name\":\"Bandera Negra. Rediscutiendo el anarquismo\"}]},{\"@type\":\"WebSite\",\"@id\":\"https:\\\/\\\/zapateneo.net\\\/wordpress\\\/#website\",\"url\":\"https:\\\/\\\/zapateneo.net\\\/wordpress\\\/\",\"name\":\"Zapateneo\",\"description\":\"Zapateneoaren webgunea\",\"publisher\":{\"@id\":\"https:\\\/\\\/zapateneo.net\\\/wordpress\\\/#organization\"},\"potentialAction\":[{\"@type\":\"SearchAction\",\"target\":{\"@type\":\"EntryPoint\",\"urlTemplate\":\"https:\\\/\\\/zapateneo.net\\\/wordpress\\\/?s={search_term_string}\"},\"query-input\":{\"@type\":\"PropertyValueSpecification\",\"valueRequired\":true,\"valueName\":\"search_term_string\"}}],\"inLanguage\":\"es\"},{\"@type\":\"Organization\",\"@id\":\"https:\\\/\\\/zapateneo.net\\\/wordpress\\\/#organization\",\"name\":\"Zapateneo Kultur Elkartea\",\"url\":\"https:\\\/\\\/zapateneo.net\\\/wordpress\\\/\",\"logo\":{\"@type\":\"ImageObject\",\"inLanguage\":\"es\",\"@id\":\"https:\\\/\\\/zapateneo.net\\\/wordpress\\\/#\\\/schema\\\/logo\\\/image\\\/\",\"url\":\"https:\\\/\\\/zapateneo.net\\\/wordpress\\\/wp-content\\\/uploads\\\/2021\\\/04\\\/zap-libu-kolec.jpg\",\"contentUrl\":\"https:\\\/\\\/zapateneo.net\\\/wordpress\\\/wp-content\\\/uploads\\\/2021\\\/04\\\/zap-libu-kolec.jpg\",\"width\":2234,\"height\":398,\"caption\":\"Zapateneo Kultur Elkartea\"},\"image\":{\"@id\":\"https:\\\/\\\/zapateneo.net\\\/wordpress\\\/#\\\/schema\\\/logo\\\/image\\\/\"},\"sameAs\":[\"https:\\\/\\\/x.com\\\/zapateneo\"]}]}<\/script>\n<!-- \/ Yoast SEO plugin. -->","yoast_head_json":{"title":"Bandera Negra. Rediscutiendo el anarquismo &#8212; Zapateneo","robots":{"index":"index","follow":"follow","max-snippet":"max-snippet:-1","max-image-preview":"max-image-preview:large","max-video-preview":"max-video-preview:-1"},"canonical":"https:\/\/zapateneo.net\/wordpress\/index.php\/producto\/bandera-negra-rediscutiendo-el-anarquismo\/","og_locale":"es_ES","og_type":"article","og_title":"Bandera Negra. Rediscutiendo el anarquismo &#8212; Zapateneo","og_description":"Felipe Corr\u00eaa 9788410421134 - Teima - 2025 - 397 p\u00e1ginas \/orri.","og_url":"https:\/\/zapateneo.net\/wordpress\/index.php\/producto\/bandera-negra-rediscutiendo-el-anarquismo\/","og_site_name":"Zapateneo","article_modified_time":"2025-12-02T16:09:53+00:00","twitter_card":"summary_large_image","twitter_site":"@zapateneo","twitter_misc":{"Tiempo de lectura":"2 minutos"},"schema":{"@context":"https:\/\/schema.org","@graph":[{"@type":"WebPage","@id":"https:\/\/zapateneo.net\/wordpress\/index.php\/producto\/bandera-negra-rediscutiendo-el-anarquismo\/","url":"https:\/\/zapateneo.net\/wordpress\/index.php\/producto\/bandera-negra-rediscutiendo-el-anarquismo\/","name":"Bandera Negra. Rediscutiendo el anarquismo &#8212; Zapateneo","isPartOf":{"@id":"https:\/\/zapateneo.net\/wordpress\/#website"},"primaryImageOfPage":{"@id":"https:\/\/zapateneo.net\/wordpress\/index.php\/producto\/bandera-negra-rediscutiendo-el-anarquismo\/#primaryimage"},"image":{"@id":"https:\/\/zapateneo.net\/wordpress\/index.php\/producto\/bandera-negra-rediscutiendo-el-anarquismo\/#primaryimage"},"thumbnailUrl":"https:\/\/zapateneo.net\/wordpress\/wp-content\/uploads\/2025\/12\/9788410421134.jpeg","datePublished":"2025-12-02T16:09:46+00:00","dateModified":"2025-12-02T16:09:53+00:00","breadcrumb":{"@id":"https:\/\/zapateneo.net\/wordpress\/index.php\/producto\/bandera-negra-rediscutiendo-el-anarquismo\/#breadcrumb"},"inLanguage":"es","potentialAction":[{"@type":"ReadAction","target":["https:\/\/zapateneo.net\/wordpress\/index.php\/producto\/bandera-negra-rediscutiendo-el-anarquismo\/"]}]},{"@type":"ImageObject","inLanguage":"es","@id":"https:\/\/zapateneo.net\/wordpress\/index.php\/producto\/bandera-negra-rediscutiendo-el-anarquismo\/#primaryimage","url":"https:\/\/zapateneo.net\/wordpress\/wp-content\/uploads\/2025\/12\/9788410421134.jpeg","contentUrl":"https:\/\/zapateneo.net\/wordpress\/wp-content\/uploads\/2025\/12\/9788410421134.jpeg","width":186,"height":270},{"@type":"BreadcrumbList","@id":"https:\/\/zapateneo.net\/wordpress\/index.php\/producto\/bandera-negra-rediscutiendo-el-anarquismo\/#breadcrumb","itemListElement":[{"@type":"ListItem","position":1,"name":"Portada","item":"https:\/\/zapateneo.net\/wordpress\/"},{"@type":"ListItem","position":2,"name":"Tienda","item":"https:\/\/zapateneo.net\/wordpress\/"},{"@type":"ListItem","position":3,"name":"Bandera Negra. Rediscutiendo el anarquismo"}]},{"@type":"WebSite","@id":"https:\/\/zapateneo.net\/wordpress\/#website","url":"https:\/\/zapateneo.net\/wordpress\/","name":"Zapateneo","description":"Zapateneoaren webgunea","publisher":{"@id":"https:\/\/zapateneo.net\/wordpress\/#organization"},"potentialAction":[{"@type":"SearchAction","target":{"@type":"EntryPoint","urlTemplate":"https:\/\/zapateneo.net\/wordpress\/?s={search_term_string}"},"query-input":{"@type":"PropertyValueSpecification","valueRequired":true,"valueName":"search_term_string"}}],"inLanguage":"es"},{"@type":"Organization","@id":"https:\/\/zapateneo.net\/wordpress\/#organization","name":"Zapateneo Kultur Elkartea","url":"https:\/\/zapateneo.net\/wordpress\/","logo":{"@type":"ImageObject","inLanguage":"es","@id":"https:\/\/zapateneo.net\/wordpress\/#\/schema\/logo\/image\/","url":"https:\/\/zapateneo.net\/wordpress\/wp-content\/uploads\/2021\/04\/zap-libu-kolec.jpg","contentUrl":"https:\/\/zapateneo.net\/wordpress\/wp-content\/uploads\/2021\/04\/zap-libu-kolec.jpg","width":2234,"height":398,"caption":"Zapateneo Kultur Elkartea"},"image":{"@id":"https:\/\/zapateneo.net\/wordpress\/#\/schema\/logo\/image\/"},"sameAs":["https:\/\/x.com\/zapateneo"]}]}},"_links":{"self":[{"href":"https:\/\/zapateneo.net\/wordpress\/index.php\/wp-json\/wp\/v2\/product\/16382","targetHints":{"allow":["GET"]}}],"collection":[{"href":"https:\/\/zapateneo.net\/wordpress\/index.php\/wp-json\/wp\/v2\/product"}],"about":[{"href":"https:\/\/zapateneo.net\/wordpress\/index.php\/wp-json\/wp\/v2\/types\/product"}],"wp:featuredmedia":[{"embeddable":true,"href":"https:\/\/zapateneo.net\/wordpress\/index.php\/wp-json\/wp\/v2\/media\/16387"}],"wp:attachment":[{"href":"https:\/\/zapateneo.net\/wordpress\/index.php\/wp-json\/wp\/v2\/media?parent=16382"}],"wp:term":[{"taxonomy":"product_brand","embeddable":true,"href":"https:\/\/zapateneo.net\/wordpress\/index.php\/wp-json\/wp\/v2\/product_brand?post=16382"},{"taxonomy":"product_cat","embeddable":true,"href":"https:\/\/zapateneo.net\/wordpress\/index.php\/wp-json\/wp\/v2\/product_cat?post=16382"},{"taxonomy":"product_tag","embeddable":true,"href":"https:\/\/zapateneo.net\/wordpress\/index.php\/wp-json\/wp\/v2\/product_tag?post=16382"}],"curies":[{"name":"wp","href":"https:\/\/api.w.org\/{rel}","templated":true}]}}