{"id":16358,"date":"2025-11-29T13:34:44","date_gmt":"2025-11-29T12:34:44","guid":{"rendered":"https:\/\/zapateneo.net\/wordpress\/?post_type=product&#038;p=16358"},"modified":"2025-11-29T13:35:13","modified_gmt":"2025-11-29T12:35:13","slug":"antologia-desobediente-familiares-de-genocidas-por-la-memoria-la-verdad-y-la-justicia","status":"publish","type":"product","link":"https:\/\/zapateneo.net\/wordpress\/index.php\/producto\/antologia-desobediente-familiares-de-genocidas-por-la-memoria-la-verdad-y-la-justicia\/","title":{"rendered":"Antolog\u00eda desobediente. Familiares de genocidas por la memoria, la verdad y la justicia"},"content":{"rendered":"<p>Este libro re\u00fane un conjunto de escritos de familiares de genocidas de Argentina, Chile, Brasil, Uruguay, Paraguay, El Salvador, Espa\u00f1a y Alemania; y de quienes les han acompa\u00f1ado en el complejo proceso de hacer de la desobediencia una opci\u00f3n. Se trata de una particular antolog\u00eda, compuesta de manifiestos y declaraciones colectivas que sintetizan las definiciones fundamentales del movimiento Historias desobedientes, relatos de vida y testimonios personales, as\u00ed como reflexiones desde y sobre la desobediencia. Algunos de estos escritos son in\u00e9ditos, otros ya fueron difundidos en anteriores libros colectivos.<\/p>\n<p>===========================<\/p>\n<p>Ver\u00f3nica Estay Stange. Naci\u00f3 en M\u00e9xico en 1980. Doctora en Literatura francesa, es profesora en la Universidad Paris Cit\u00e9. Ha dirigido 14 publicaciones colectivas y es autora de dos libros acad\u00e9micos y m\u00e1s de 50 art\u00edculos. En 2023 public\u00f3 la novela testimonial La resaca de la memoria (Santiago, Lom), y en 2014 el libro De Papudo al infierno. Autobiograf\u00eda de Andr\u00e9s Valenzuela Morales (Santiago, Lom). Como hija de sobrevivientes, es miembro de la Asociaci\u00f3n de ex presos pol\u00edticos chilenos en Francia, y como sobrina de un responsable de cr\u00edmenes de lesa humanidad (Miguel Estay, \u201cEl Fanta\u201d), es coordinadora de Historias Desobedientes-Chile.<\/p>\n","protected":false},"excerpt":{"rendered":"<p><strong>Ver\u00f3nica Estay Stange<\/strong><br \/>\n9789569364457 &#8211; Tiempo robado &#8211; 2024 &#8211; 262 p\u00e1ginas \/orri.<\/p>\n","protected":false},"featured_media":16379,"template":"","meta":[],"product_brand":[],"product_cat":[181,16],"product_tag":[6715,7321],"class_list":{"0":"post-16358","1":"product","2":"type-product","3":"status-publish","4":"has-post-thumbnail","6":"product_cat-bazterketa-soziala-eta-errepresioa-exclusion-social-y-represion","7":"product_cat-libros","8":"product_tag-tiempo-robado","9":"product_tag-veronica-estay-stange","11":"first","12":"instock","13":"sold-individually","14":"shipping-taxable","15":"purchasable","16":"product-type-simple"},"yoast_head":"<!-- This site is optimized with the Yoast SEO plugin v27.3 - https:\/\/yoast.com\/product\/yoast-seo-wordpress\/ -->\n<title>Antolog\u00eda desobediente. Familiares de genocidas por la memoria, la verdad y la justicia &#8212; Zapateneo<\/title>\n<meta name=\"robots\" content=\"index, follow, max-snippet:-1, max-image-preview:large, max-video-preview:-1\" \/>\n<link rel=\"canonical\" href=\"https:\/\/zapateneo.net\/wordpress\/index.php\/producto\/antologia-desobediente-familiares-de-genocidas-por-la-memoria-la-verdad-y-la-justicia\/\" \/>\n<meta property=\"og:locale\" content=\"es_ES\" \/>\n<meta property=\"og:type\" content=\"article\" \/>\n<meta property=\"og:title\" content=\"Antolog\u00eda desobediente. Familiares de genocidas por la memoria, la verdad y la justicia &#8212; Zapateneo\" \/>\n<meta property=\"og:description\" content=\"Ver\u00f3nica Estay Stange 9789569364457 - Tiempo robado - 2024 - 262 p\u00e1ginas \/orri.\" \/>\n<meta property=\"og:url\" content=\"https:\/\/zapateneo.net\/wordpress\/index.php\/producto\/antologia-desobediente-familiares-de-genocidas-por-la-memoria-la-verdad-y-la-justicia\/\" \/>\n<meta property=\"og:site_name\" content=\"Zapateneo\" \/>\n<meta property=\"article:modified_time\" content=\"2025-11-29T12:35:13+00:00\" \/>\n<meta name=\"twitter:card\" content=\"summary_large_image\" \/>\n<meta name=\"twitter:site\" content=\"@zapateneo\" \/>\n<meta name=\"twitter:label1\" content=\"Tiempo de lectura\" \/>\n\t<meta name=\"twitter:data1\" content=\"1 minuto\" \/>\n<script type=\"application\/ld+json\" class=\"yoast-schema-graph\">{\"@context\":\"https:\\\/\\\/schema.org\",\"@graph\":[{\"@type\":\"WebPage\",\"@id\":\"https:\\\/\\\/zapateneo.net\\\/wordpress\\\/index.php\\\/producto\\\/antologia-desobediente-familiares-de-genocidas-por-la-memoria-la-verdad-y-la-justicia\\\/\",\"url\":\"https:\\\/\\\/zapateneo.net\\\/wordpress\\\/index.php\\\/producto\\\/antologia-desobediente-familiares-de-genocidas-por-la-memoria-la-verdad-y-la-justicia\\\/\",\"name\":\"Antolog\u00eda desobediente. Familiares de genocidas por la memoria, la verdad y la justicia &#8212; Zapateneo\",\"isPartOf\":{\"@id\":\"https:\\\/\\\/zapateneo.net\\\/wordpress\\\/#website\"},\"primaryImageOfPage\":{\"@id\":\"https:\\\/\\\/zapateneo.net\\\/wordpress\\\/index.php\\\/producto\\\/antologia-desobediente-familiares-de-genocidas-por-la-memoria-la-verdad-y-la-justicia\\\/#primaryimage\"},\"image\":{\"@id\":\"https:\\\/\\\/zapateneo.net\\\/wordpress\\\/index.php\\\/producto\\\/antologia-desobediente-familiares-de-genocidas-por-la-memoria-la-verdad-y-la-justicia\\\/#primaryimage\"},\"thumbnailUrl\":\"https:\\\/\\\/zapateneo.net\\\/wordpress\\\/wp-content\\\/uploads\\\/2025\\\/11\\\/978956936445.jpeg\",\"datePublished\":\"2025-11-29T12:34:44+00:00\",\"dateModified\":\"2025-11-29T12:35:13+00:00\",\"breadcrumb\":{\"@id\":\"https:\\\/\\\/zapateneo.net\\\/wordpress\\\/index.php\\\/producto\\\/antologia-desobediente-familiares-de-genocidas-por-la-memoria-la-verdad-y-la-justicia\\\/#breadcrumb\"},\"inLanguage\":\"es\",\"potentialAction\":[{\"@type\":\"ReadAction\",\"target\":[\"https:\\\/\\\/zapateneo.net\\\/wordpress\\\/index.php\\\/producto\\\/antologia-desobediente-familiares-de-genocidas-por-la-memoria-la-verdad-y-la-justicia\\\/\"]}]},{\"@type\":\"ImageObject\",\"inLanguage\":\"es\",\"@id\":\"https:\\\/\\\/zapateneo.net\\\/wordpress\\\/index.php\\\/producto\\\/antologia-desobediente-familiares-de-genocidas-por-la-memoria-la-verdad-y-la-justicia\\\/#primaryimage\",\"url\":\"https:\\\/\\\/zapateneo.net\\\/wordpress\\\/wp-content\\\/uploads\\\/2025\\\/11\\\/978956936445.jpeg\",\"contentUrl\":\"https:\\\/\\\/zapateneo.net\\\/wordpress\\\/wp-content\\\/uploads\\\/2025\\\/11\\\/978956936445.jpeg\",\"width\":270,\"height\":400},{\"@type\":\"BreadcrumbList\",\"@id\":\"https:\\\/\\\/zapateneo.net\\\/wordpress\\\/index.php\\\/producto\\\/antologia-desobediente-familiares-de-genocidas-por-la-memoria-la-verdad-y-la-justicia\\\/#breadcrumb\",\"itemListElement\":[{\"@type\":\"ListItem\",\"position\":1,\"name\":\"Portada\",\"item\":\"https:\\\/\\\/zapateneo.net\\\/wordpress\\\/\"},{\"@type\":\"ListItem\",\"position\":2,\"name\":\"Tienda\",\"item\":\"https:\\\/\\\/zapateneo.net\\\/wordpress\\\/\"},{\"@type\":\"ListItem\",\"position\":3,\"name\":\"Antolog\u00eda desobediente. Familiares de genocidas por la memoria, la verdad y la justicia\"}]},{\"@type\":\"WebSite\",\"@id\":\"https:\\\/\\\/zapateneo.net\\\/wordpress\\\/#website\",\"url\":\"https:\\\/\\\/zapateneo.net\\\/wordpress\\\/\",\"name\":\"Zapateneo\",\"description\":\"Zapateneoaren webgunea\",\"publisher\":{\"@id\":\"https:\\\/\\\/zapateneo.net\\\/wordpress\\\/#organization\"},\"potentialAction\":[{\"@type\":\"SearchAction\",\"target\":{\"@type\":\"EntryPoint\",\"urlTemplate\":\"https:\\\/\\\/zapateneo.net\\\/wordpress\\\/?s={search_term_string}\"},\"query-input\":{\"@type\":\"PropertyValueSpecification\",\"valueRequired\":true,\"valueName\":\"search_term_string\"}}],\"inLanguage\":\"es\"},{\"@type\":\"Organization\",\"@id\":\"https:\\\/\\\/zapateneo.net\\\/wordpress\\\/#organization\",\"name\":\"Zapateneo Kultur Elkartea\",\"url\":\"https:\\\/\\\/zapateneo.net\\\/wordpress\\\/\",\"logo\":{\"@type\":\"ImageObject\",\"inLanguage\":\"es\",\"@id\":\"https:\\\/\\\/zapateneo.net\\\/wordpress\\\/#\\\/schema\\\/logo\\\/image\\\/\",\"url\":\"https:\\\/\\\/zapateneo.net\\\/wordpress\\\/wp-content\\\/uploads\\\/2021\\\/04\\\/zap-libu-kolec.jpg\",\"contentUrl\":\"https:\\\/\\\/zapateneo.net\\\/wordpress\\\/wp-content\\\/uploads\\\/2021\\\/04\\\/zap-libu-kolec.jpg\",\"width\":2234,\"height\":398,\"caption\":\"Zapateneo Kultur Elkartea\"},\"image\":{\"@id\":\"https:\\\/\\\/zapateneo.net\\\/wordpress\\\/#\\\/schema\\\/logo\\\/image\\\/\"},\"sameAs\":[\"https:\\\/\\\/x.com\\\/zapateneo\"]}]}<\/script>\n<!-- \/ Yoast SEO plugin. -->","yoast_head_json":{"title":"Antolog\u00eda desobediente. Familiares de genocidas por la memoria, la verdad y la justicia &#8212; Zapateneo","robots":{"index":"index","follow":"follow","max-snippet":"max-snippet:-1","max-image-preview":"max-image-preview:large","max-video-preview":"max-video-preview:-1"},"canonical":"https:\/\/zapateneo.net\/wordpress\/index.php\/producto\/antologia-desobediente-familiares-de-genocidas-por-la-memoria-la-verdad-y-la-justicia\/","og_locale":"es_ES","og_type":"article","og_title":"Antolog\u00eda desobediente. Familiares de genocidas por la memoria, la verdad y la justicia &#8212; Zapateneo","og_description":"Ver\u00f3nica Estay Stange 9789569364457 - Tiempo robado - 2024 - 262 p\u00e1ginas \/orri.","og_url":"https:\/\/zapateneo.net\/wordpress\/index.php\/producto\/antologia-desobediente-familiares-de-genocidas-por-la-memoria-la-verdad-y-la-justicia\/","og_site_name":"Zapateneo","article_modified_time":"2025-11-29T12:35:13+00:00","twitter_card":"summary_large_image","twitter_site":"@zapateneo","twitter_misc":{"Tiempo de lectura":"1 minuto"},"schema":{"@context":"https:\/\/schema.org","@graph":[{"@type":"WebPage","@id":"https:\/\/zapateneo.net\/wordpress\/index.php\/producto\/antologia-desobediente-familiares-de-genocidas-por-la-memoria-la-verdad-y-la-justicia\/","url":"https:\/\/zapateneo.net\/wordpress\/index.php\/producto\/antologia-desobediente-familiares-de-genocidas-por-la-memoria-la-verdad-y-la-justicia\/","name":"Antolog\u00eda desobediente. Familiares de genocidas por la memoria, la verdad y la justicia &#8212; Zapateneo","isPartOf":{"@id":"https:\/\/zapateneo.net\/wordpress\/#website"},"primaryImageOfPage":{"@id":"https:\/\/zapateneo.net\/wordpress\/index.php\/producto\/antologia-desobediente-familiares-de-genocidas-por-la-memoria-la-verdad-y-la-justicia\/#primaryimage"},"image":{"@id":"https:\/\/zapateneo.net\/wordpress\/index.php\/producto\/antologia-desobediente-familiares-de-genocidas-por-la-memoria-la-verdad-y-la-justicia\/#primaryimage"},"thumbnailUrl":"https:\/\/zapateneo.net\/wordpress\/wp-content\/uploads\/2025\/11\/978956936445.jpeg","datePublished":"2025-11-29T12:34:44+00:00","dateModified":"2025-11-29T12:35:13+00:00","breadcrumb":{"@id":"https:\/\/zapateneo.net\/wordpress\/index.php\/producto\/antologia-desobediente-familiares-de-genocidas-por-la-memoria-la-verdad-y-la-justicia\/#breadcrumb"},"inLanguage":"es","potentialAction":[{"@type":"ReadAction","target":["https:\/\/zapateneo.net\/wordpress\/index.php\/producto\/antologia-desobediente-familiares-de-genocidas-por-la-memoria-la-verdad-y-la-justicia\/"]}]},{"@type":"ImageObject","inLanguage":"es","@id":"https:\/\/zapateneo.net\/wordpress\/index.php\/producto\/antologia-desobediente-familiares-de-genocidas-por-la-memoria-la-verdad-y-la-justicia\/#primaryimage","url":"https:\/\/zapateneo.net\/wordpress\/wp-content\/uploads\/2025\/11\/978956936445.jpeg","contentUrl":"https:\/\/zapateneo.net\/wordpress\/wp-content\/uploads\/2025\/11\/978956936445.jpeg","width":270,"height":400},{"@type":"BreadcrumbList","@id":"https:\/\/zapateneo.net\/wordpress\/index.php\/producto\/antologia-desobediente-familiares-de-genocidas-por-la-memoria-la-verdad-y-la-justicia\/#breadcrumb","itemListElement":[{"@type":"ListItem","position":1,"name":"Portada","item":"https:\/\/zapateneo.net\/wordpress\/"},{"@type":"ListItem","position":2,"name":"Tienda","item":"https:\/\/zapateneo.net\/wordpress\/"},{"@type":"ListItem","position":3,"name":"Antolog\u00eda desobediente. Familiares de genocidas por la memoria, la verdad y la justicia"}]},{"@type":"WebSite","@id":"https:\/\/zapateneo.net\/wordpress\/#website","url":"https:\/\/zapateneo.net\/wordpress\/","name":"Zapateneo","description":"Zapateneoaren webgunea","publisher":{"@id":"https:\/\/zapateneo.net\/wordpress\/#organization"},"potentialAction":[{"@type":"SearchAction","target":{"@type":"EntryPoint","urlTemplate":"https:\/\/zapateneo.net\/wordpress\/?s={search_term_string}"},"query-input":{"@type":"PropertyValueSpecification","valueRequired":true,"valueName":"search_term_string"}}],"inLanguage":"es"},{"@type":"Organization","@id":"https:\/\/zapateneo.net\/wordpress\/#organization","name":"Zapateneo Kultur Elkartea","url":"https:\/\/zapateneo.net\/wordpress\/","logo":{"@type":"ImageObject","inLanguage":"es","@id":"https:\/\/zapateneo.net\/wordpress\/#\/schema\/logo\/image\/","url":"https:\/\/zapateneo.net\/wordpress\/wp-content\/uploads\/2021\/04\/zap-libu-kolec.jpg","contentUrl":"https:\/\/zapateneo.net\/wordpress\/wp-content\/uploads\/2021\/04\/zap-libu-kolec.jpg","width":2234,"height":398,"caption":"Zapateneo Kultur Elkartea"},"image":{"@id":"https:\/\/zapateneo.net\/wordpress\/#\/schema\/logo\/image\/"},"sameAs":["https:\/\/x.com\/zapateneo"]}]}},"_links":{"self":[{"href":"https:\/\/zapateneo.net\/wordpress\/index.php\/wp-json\/wp\/v2\/product\/16358","targetHints":{"allow":["GET"]}}],"collection":[{"href":"https:\/\/zapateneo.net\/wordpress\/index.php\/wp-json\/wp\/v2\/product"}],"about":[{"href":"https:\/\/zapateneo.net\/wordpress\/index.php\/wp-json\/wp\/v2\/types\/product"}],"wp:featuredmedia":[{"embeddable":true,"href":"https:\/\/zapateneo.net\/wordpress\/index.php\/wp-json\/wp\/v2\/media\/16379"}],"wp:attachment":[{"href":"https:\/\/zapateneo.net\/wordpress\/index.php\/wp-json\/wp\/v2\/media?parent=16358"}],"wp:term":[{"taxonomy":"product_brand","embeddable":true,"href":"https:\/\/zapateneo.net\/wordpress\/index.php\/wp-json\/wp\/v2\/product_brand?post=16358"},{"taxonomy":"product_cat","embeddable":true,"href":"https:\/\/zapateneo.net\/wordpress\/index.php\/wp-json\/wp\/v2\/product_cat?post=16358"},{"taxonomy":"product_tag","embeddable":true,"href":"https:\/\/zapateneo.net\/wordpress\/index.php\/wp-json\/wp\/v2\/product_tag?post=16358"}],"curies":[{"name":"wp","href":"https:\/\/api.w.org\/{rel}","templated":true}]}}