{"id":16357,"date":"2025-11-29T13:34:44","date_gmt":"2025-11-29T12:34:44","guid":{"rendered":"https:\/\/zapateneo.net\/wordpress\/?post_type=product&#038;p=16357"},"modified":"2025-11-29T13:35:12","modified_gmt":"2025-11-29T12:35:12","slug":"la-utopia-de-tomas-moro-a-walter-benjamin","status":"publish","type":"product","link":"https:\/\/zapateneo.net\/wordpress\/index.php\/producto\/la-utopia-de-tomas-moro-a-walter-benjamin\/","title":{"rendered":"La utop\u00eda. De Tom\u00e1s Moro a Walter Benjamin"},"content":{"rendered":"<p>\u00bfTom\u00e1s Moro, Walter Benjamin? La reuni\u00f3n de estos dos nombres en una constelaci\u00f3n inusual es sorprendente. Son pocos los elementos que parecen acercarlos, excepto quiz\u00e1s lo esencial, a saber, la utop\u00eda. Sin embargo, no se trata de descubrir una filiaci\u00f3n desconocida, ni de pretender escribir una historia de la utop\u00eda de la que Tom\u00e1s Moro representar\u00eda el principio y Walter Benjamin la completud. M\u00e1s bien el proyecto consiste en comprender la utop\u00eda en dos momentos significativos de su destino: por un lado, en su despertar y luego, por otro lado, frente al peligro extremo, en lo que Walter Benjamin llama \u201cla cat\u00e1strofe\u201d. Adem\u00e1s, precisemos que las dos obras no se ubican en el mismo plano. Una inventa una forma, un nuevo tipo de discurso en los m\u00e1rgenes de la filosof\u00eda pol\u00edtica para la que crea el nombre de \u201cutop\u00eda\u201d, bajo el signo de la ambig\u00fcedad culta; el otro, m\u00e1s reflexivo y m\u00e1s cr\u00edtico, busca las condiciones de una nueva interpretaci\u00f3n de la utop\u00eda, de car\u00e1cter m\u00e1s pol\u00edtico que hist\u00f3rico, para eventualmente reactivarla. \u00bfEn qu\u00e9 condiciones es posible inventar, frente a la cat\u00e1strofe \u2013los textos de Walter Benjamin, as\u00ed como la correspondencia con Adorno, se extienden desde 1935 a 1939\u2013, una relaci\u00f3n viva con la utop\u00eda, convocar a la utop\u00eda, transformarla hasta el punto de convertirla en un arma contra la obra de muerte que se extiende en ese momento por Europa?<\/p>\n<p>============================<\/p>\n<p>Miguel Abensour (1939-2017) fue un fil\u00f3sofo franc\u00e9s, profesor en las Universidades de Reims y Par\u00eds VII, y director durante un breve periodo del Coll\u00e8ge Internationale de Philosophie. En su obra no s\u00f3lo explora los pasos del pensamiento ut\u00f3pico desde More a Benjamin, pasando por Marx y los utopistas del siglo XIX (Leroux, Fourier), sino que tambi\u00e9n se consagra a una concepci\u00f3n renovada de la democracia, siguiendo la estela de Claude Lefort y Pierre Clastres, al tratar de conciliar la idea de democracia concebida como \u00abdemocracia contra el Estado\u00bb con la idea de utop\u00eda. Entre su extensa obra destacan, adem\u00e1s de la presente, La Democracia contra el Estado. Marx y el momento maquiaveliano (La Catarata, 2017); Para una filosof\u00eda pol\u00edtica cr\u00edtica: ensayos (Anthropos, 2017); Hannah Arendt contre la phsilosophie politique? (Sens &#038; Tonka, 2006); El esp\u00edritu de las leyes salvajes: Pierre Clastres o una nueva antropolog\u00eda pol\u00edtica (Ediciones del Sol, 2007)<\/p>\n","protected":false},"excerpt":{"rendered":"<p><strong>Miguel Abensour<\/strong><br \/>\n9789874795557 &#8211; Marat &#8211; 2022 &#8211; 140 p\u00e1ginas \/orri.<\/p>\n","protected":false},"featured_media":16378,"template":"","meta":[],"product_brand":[],"product_cat":[16,173],"product_tag":[5664,5918],"class_list":{"0":"post-16357","1":"product","2":"type-product","3":"status-publish","4":"has-post-thumbnail","6":"product_cat-libros","7":"product_cat-saiakera-ensayo","8":"product_tag-marat","9":"product_tag-miguel-abensour","11":"first","12":"instock","13":"sold-individually","14":"shipping-taxable","15":"purchasable","16":"product-type-simple"},"yoast_head":"<!-- This site is optimized with the Yoast SEO plugin v27.3 - https:\/\/yoast.com\/product\/yoast-seo-wordpress\/ -->\n<title>La utop\u00eda. De Tom\u00e1s Moro a Walter Benjamin &#8212; Zapateneo<\/title>\n<meta name=\"robots\" content=\"index, follow, max-snippet:-1, max-image-preview:large, max-video-preview:-1\" \/>\n<link rel=\"canonical\" href=\"https:\/\/zapateneo.net\/wordpress\/index.php\/producto\/la-utopia-de-tomas-moro-a-walter-benjamin\/\" \/>\n<meta property=\"og:locale\" content=\"es_ES\" \/>\n<meta property=\"og:type\" content=\"article\" \/>\n<meta property=\"og:title\" content=\"La utop\u00eda. De Tom\u00e1s Moro a Walter Benjamin &#8212; Zapateneo\" \/>\n<meta property=\"og:description\" content=\"Miguel Abensour 9789874795557 - Marat - 2022 - 140 p\u00e1ginas \/orri.\" \/>\n<meta property=\"og:url\" content=\"https:\/\/zapateneo.net\/wordpress\/index.php\/producto\/la-utopia-de-tomas-moro-a-walter-benjamin\/\" \/>\n<meta property=\"og:site_name\" content=\"Zapateneo\" \/>\n<meta property=\"article:modified_time\" content=\"2025-11-29T12:35:12+00:00\" \/>\n<meta name=\"twitter:card\" content=\"summary_large_image\" \/>\n<meta name=\"twitter:site\" content=\"@zapateneo\" \/>\n<meta name=\"twitter:label1\" content=\"Tiempo de lectura\" \/>\n\t<meta name=\"twitter:data1\" content=\"2 minutos\" \/>\n<script type=\"application\/ld+json\" class=\"yoast-schema-graph\">{\"@context\":\"https:\\\/\\\/schema.org\",\"@graph\":[{\"@type\":\"WebPage\",\"@id\":\"https:\\\/\\\/zapateneo.net\\\/wordpress\\\/index.php\\\/producto\\\/la-utopia-de-tomas-moro-a-walter-benjamin\\\/\",\"url\":\"https:\\\/\\\/zapateneo.net\\\/wordpress\\\/index.php\\\/producto\\\/la-utopia-de-tomas-moro-a-walter-benjamin\\\/\",\"name\":\"La utop\u00eda. De Tom\u00e1s Moro a Walter Benjamin &#8212; Zapateneo\",\"isPartOf\":{\"@id\":\"https:\\\/\\\/zapateneo.net\\\/wordpress\\\/#website\"},\"primaryImageOfPage\":{\"@id\":\"https:\\\/\\\/zapateneo.net\\\/wordpress\\\/index.php\\\/producto\\\/la-utopia-de-tomas-moro-a-walter-benjamin\\\/#primaryimage\"},\"image\":{\"@id\":\"https:\\\/\\\/zapateneo.net\\\/wordpress\\\/index.php\\\/producto\\\/la-utopia-de-tomas-moro-a-walter-benjamin\\\/#primaryimage\"},\"thumbnailUrl\":\"https:\\\/\\\/zapateneo.net\\\/wordpress\\\/wp-content\\\/uploads\\\/2025\\\/11\\\/9789874795557.jpg\",\"datePublished\":\"2025-11-29T12:34:44+00:00\",\"dateModified\":\"2025-11-29T12:35:12+00:00\",\"breadcrumb\":{\"@id\":\"https:\\\/\\\/zapateneo.net\\\/wordpress\\\/index.php\\\/producto\\\/la-utopia-de-tomas-moro-a-walter-benjamin\\\/#breadcrumb\"},\"inLanguage\":\"es\",\"potentialAction\":[{\"@type\":\"ReadAction\",\"target\":[\"https:\\\/\\\/zapateneo.net\\\/wordpress\\\/index.php\\\/producto\\\/la-utopia-de-tomas-moro-a-walter-benjamin\\\/\"]}]},{\"@type\":\"ImageObject\",\"inLanguage\":\"es\",\"@id\":\"https:\\\/\\\/zapateneo.net\\\/wordpress\\\/index.php\\\/producto\\\/la-utopia-de-tomas-moro-a-walter-benjamin\\\/#primaryimage\",\"url\":\"https:\\\/\\\/zapateneo.net\\\/wordpress\\\/wp-content\\\/uploads\\\/2025\\\/11\\\/9789874795557.jpg\",\"contentUrl\":\"https:\\\/\\\/zapateneo.net\\\/wordpress\\\/wp-content\\\/uploads\\\/2025\\\/11\\\/9789874795557.jpg\",\"width\":291,\"height\":400},{\"@type\":\"BreadcrumbList\",\"@id\":\"https:\\\/\\\/zapateneo.net\\\/wordpress\\\/index.php\\\/producto\\\/la-utopia-de-tomas-moro-a-walter-benjamin\\\/#breadcrumb\",\"itemListElement\":[{\"@type\":\"ListItem\",\"position\":1,\"name\":\"Portada\",\"item\":\"https:\\\/\\\/zapateneo.net\\\/wordpress\\\/\"},{\"@type\":\"ListItem\",\"position\":2,\"name\":\"Tienda\",\"item\":\"https:\\\/\\\/zapateneo.net\\\/wordpress\\\/\"},{\"@type\":\"ListItem\",\"position\":3,\"name\":\"La utop\u00eda. De Tom\u00e1s Moro a Walter Benjamin\"}]},{\"@type\":\"WebSite\",\"@id\":\"https:\\\/\\\/zapateneo.net\\\/wordpress\\\/#website\",\"url\":\"https:\\\/\\\/zapateneo.net\\\/wordpress\\\/\",\"name\":\"Zapateneo\",\"description\":\"Zapateneoaren webgunea\",\"publisher\":{\"@id\":\"https:\\\/\\\/zapateneo.net\\\/wordpress\\\/#organization\"},\"potentialAction\":[{\"@type\":\"SearchAction\",\"target\":{\"@type\":\"EntryPoint\",\"urlTemplate\":\"https:\\\/\\\/zapateneo.net\\\/wordpress\\\/?s={search_term_string}\"},\"query-input\":{\"@type\":\"PropertyValueSpecification\",\"valueRequired\":true,\"valueName\":\"search_term_string\"}}],\"inLanguage\":\"es\"},{\"@type\":\"Organization\",\"@id\":\"https:\\\/\\\/zapateneo.net\\\/wordpress\\\/#organization\",\"name\":\"Zapateneo Kultur Elkartea\",\"url\":\"https:\\\/\\\/zapateneo.net\\\/wordpress\\\/\",\"logo\":{\"@type\":\"ImageObject\",\"inLanguage\":\"es\",\"@id\":\"https:\\\/\\\/zapateneo.net\\\/wordpress\\\/#\\\/schema\\\/logo\\\/image\\\/\",\"url\":\"https:\\\/\\\/zapateneo.net\\\/wordpress\\\/wp-content\\\/uploads\\\/2021\\\/04\\\/zap-libu-kolec.jpg\",\"contentUrl\":\"https:\\\/\\\/zapateneo.net\\\/wordpress\\\/wp-content\\\/uploads\\\/2021\\\/04\\\/zap-libu-kolec.jpg\",\"width\":2234,\"height\":398,\"caption\":\"Zapateneo Kultur Elkartea\"},\"image\":{\"@id\":\"https:\\\/\\\/zapateneo.net\\\/wordpress\\\/#\\\/schema\\\/logo\\\/image\\\/\"},\"sameAs\":[\"https:\\\/\\\/x.com\\\/zapateneo\"]}]}<\/script>\n<!-- \/ Yoast SEO plugin. -->","yoast_head_json":{"title":"La utop\u00eda. De Tom\u00e1s Moro a Walter Benjamin &#8212; Zapateneo","robots":{"index":"index","follow":"follow","max-snippet":"max-snippet:-1","max-image-preview":"max-image-preview:large","max-video-preview":"max-video-preview:-1"},"canonical":"https:\/\/zapateneo.net\/wordpress\/index.php\/producto\/la-utopia-de-tomas-moro-a-walter-benjamin\/","og_locale":"es_ES","og_type":"article","og_title":"La utop\u00eda. De Tom\u00e1s Moro a Walter Benjamin &#8212; Zapateneo","og_description":"Miguel Abensour 9789874795557 - Marat - 2022 - 140 p\u00e1ginas \/orri.","og_url":"https:\/\/zapateneo.net\/wordpress\/index.php\/producto\/la-utopia-de-tomas-moro-a-walter-benjamin\/","og_site_name":"Zapateneo","article_modified_time":"2025-11-29T12:35:12+00:00","twitter_card":"summary_large_image","twitter_site":"@zapateneo","twitter_misc":{"Tiempo de lectura":"2 minutos"},"schema":{"@context":"https:\/\/schema.org","@graph":[{"@type":"WebPage","@id":"https:\/\/zapateneo.net\/wordpress\/index.php\/producto\/la-utopia-de-tomas-moro-a-walter-benjamin\/","url":"https:\/\/zapateneo.net\/wordpress\/index.php\/producto\/la-utopia-de-tomas-moro-a-walter-benjamin\/","name":"La utop\u00eda. De Tom\u00e1s Moro a Walter Benjamin &#8212; Zapateneo","isPartOf":{"@id":"https:\/\/zapateneo.net\/wordpress\/#website"},"primaryImageOfPage":{"@id":"https:\/\/zapateneo.net\/wordpress\/index.php\/producto\/la-utopia-de-tomas-moro-a-walter-benjamin\/#primaryimage"},"image":{"@id":"https:\/\/zapateneo.net\/wordpress\/index.php\/producto\/la-utopia-de-tomas-moro-a-walter-benjamin\/#primaryimage"},"thumbnailUrl":"https:\/\/zapateneo.net\/wordpress\/wp-content\/uploads\/2025\/11\/9789874795557.jpg","datePublished":"2025-11-29T12:34:44+00:00","dateModified":"2025-11-29T12:35:12+00:00","breadcrumb":{"@id":"https:\/\/zapateneo.net\/wordpress\/index.php\/producto\/la-utopia-de-tomas-moro-a-walter-benjamin\/#breadcrumb"},"inLanguage":"es","potentialAction":[{"@type":"ReadAction","target":["https:\/\/zapateneo.net\/wordpress\/index.php\/producto\/la-utopia-de-tomas-moro-a-walter-benjamin\/"]}]},{"@type":"ImageObject","inLanguage":"es","@id":"https:\/\/zapateneo.net\/wordpress\/index.php\/producto\/la-utopia-de-tomas-moro-a-walter-benjamin\/#primaryimage","url":"https:\/\/zapateneo.net\/wordpress\/wp-content\/uploads\/2025\/11\/9789874795557.jpg","contentUrl":"https:\/\/zapateneo.net\/wordpress\/wp-content\/uploads\/2025\/11\/9789874795557.jpg","width":291,"height":400},{"@type":"BreadcrumbList","@id":"https:\/\/zapateneo.net\/wordpress\/index.php\/producto\/la-utopia-de-tomas-moro-a-walter-benjamin\/#breadcrumb","itemListElement":[{"@type":"ListItem","position":1,"name":"Portada","item":"https:\/\/zapateneo.net\/wordpress\/"},{"@type":"ListItem","position":2,"name":"Tienda","item":"https:\/\/zapateneo.net\/wordpress\/"},{"@type":"ListItem","position":3,"name":"La utop\u00eda. De Tom\u00e1s Moro a Walter Benjamin"}]},{"@type":"WebSite","@id":"https:\/\/zapateneo.net\/wordpress\/#website","url":"https:\/\/zapateneo.net\/wordpress\/","name":"Zapateneo","description":"Zapateneoaren webgunea","publisher":{"@id":"https:\/\/zapateneo.net\/wordpress\/#organization"},"potentialAction":[{"@type":"SearchAction","target":{"@type":"EntryPoint","urlTemplate":"https:\/\/zapateneo.net\/wordpress\/?s={search_term_string}"},"query-input":{"@type":"PropertyValueSpecification","valueRequired":true,"valueName":"search_term_string"}}],"inLanguage":"es"},{"@type":"Organization","@id":"https:\/\/zapateneo.net\/wordpress\/#organization","name":"Zapateneo Kultur Elkartea","url":"https:\/\/zapateneo.net\/wordpress\/","logo":{"@type":"ImageObject","inLanguage":"es","@id":"https:\/\/zapateneo.net\/wordpress\/#\/schema\/logo\/image\/","url":"https:\/\/zapateneo.net\/wordpress\/wp-content\/uploads\/2021\/04\/zap-libu-kolec.jpg","contentUrl":"https:\/\/zapateneo.net\/wordpress\/wp-content\/uploads\/2021\/04\/zap-libu-kolec.jpg","width":2234,"height":398,"caption":"Zapateneo Kultur Elkartea"},"image":{"@id":"https:\/\/zapateneo.net\/wordpress\/#\/schema\/logo\/image\/"},"sameAs":["https:\/\/x.com\/zapateneo"]}]}},"_links":{"self":[{"href":"https:\/\/zapateneo.net\/wordpress\/index.php\/wp-json\/wp\/v2\/product\/16357","targetHints":{"allow":["GET"]}}],"collection":[{"href":"https:\/\/zapateneo.net\/wordpress\/index.php\/wp-json\/wp\/v2\/product"}],"about":[{"href":"https:\/\/zapateneo.net\/wordpress\/index.php\/wp-json\/wp\/v2\/types\/product"}],"wp:featuredmedia":[{"embeddable":true,"href":"https:\/\/zapateneo.net\/wordpress\/index.php\/wp-json\/wp\/v2\/media\/16378"}],"wp:attachment":[{"href":"https:\/\/zapateneo.net\/wordpress\/index.php\/wp-json\/wp\/v2\/media?parent=16357"}],"wp:term":[{"taxonomy":"product_brand","embeddable":true,"href":"https:\/\/zapateneo.net\/wordpress\/index.php\/wp-json\/wp\/v2\/product_brand?post=16357"},{"taxonomy":"product_cat","embeddable":true,"href":"https:\/\/zapateneo.net\/wordpress\/index.php\/wp-json\/wp\/v2\/product_cat?post=16357"},{"taxonomy":"product_tag","embeddable":true,"href":"https:\/\/zapateneo.net\/wordpress\/index.php\/wp-json\/wp\/v2\/product_tag?post=16357"}],"curies":[{"name":"wp","href":"https:\/\/api.w.org\/{rel}","templated":true}]}}